{"id":34479,"date":"2023-02-02T10:42:42","date_gmt":"2023-02-02T10:42:42","guid":{"rendered":"https:\/\/raptorcoatings.com\/product\/an-all-out-sprinter-2\/"},"modified":"2024-04-16T12:51:30","modified_gmt":"2024-04-16T12:51:30","slug":"sprint-kosucusu","status":"publish","type":"product","link":"https:\/\/raptorcoatings.com\/tr\/urun\/sprint-kosucusu\/","title":{"rendered":"Sprint Ko\u015fucusu"},"content":{"rendered":"<div class=\"fusion-fullwidth fullwidth-box fusion-builder-row-1 fusion-flex-container has-pattern-background has-mask-background nonhundred-percent-fullwidth non-hundred-percent-height-scrolling\" style=\"--awb-border-radius-top-left:0px;--awb-border-radius-top-right:0px;--awb-border-radius-bottom-right:0px;--awb-border-radius-bottom-left:0px;--awb-padding-top:50px;--awb-padding-right:0px;--awb-padding-bottom:0px;--awb-padding-left:0px;--awb-flex-wrap:wrap;\" ><div class=\"fusion-builder-row fusion-row fusion-flex-align-items-flex-start fusion-flex-justify-content-flex-end fusion-flex-content-wrap\" style=\"max-width:calc( 1640px + 12px );margin-left: calc(-12px \/ 2 );margin-right: calc(-12px \/ 2 );\"><div class=\"fusion-layout-column fusion_builder_column fusion-builder-column-0 fusion_builder_column_1_1 1_1 fusion-flex-column\" style=\"--awb-bg-size:cover;--awb-width-large:100%;--awb-margin-top-large:0px;--awb-spacing-right-large:6px;--awb-margin-bottom-large:20px;--awb-spacing-left-large:6px;--awb-width-medium:100%;--awb-order-medium:0;--awb-spacing-right-medium:6px;--awb-spacing-left-medium:6px;--awb-width-small:100%;--awb-order-small:0;--awb-spacing-right-small:6px;--awb-spacing-left-small:6px;\"><div class=\"fusion-column-wrapper fusion-column-has-shadow fusion-flex-justify-content-flex-start fusion-content-layout-column\"><div class=\"fusion-title title fusion-title-1 fusion-sep-none fusion-title-center fusion-title-text fusion-title-size-two\" style=\"--awb-text-color:var(--awb-color1);\"><h2 class=\"fusion-title-heading title-heading-center fusion-responsive-typography-calculated\" style=\"margin:0;--fontSize:72;line-height:1;\">RAPTOR on the Converted Conversion<\/h2><\/div><div class=\"fusion-title title fusion-title-2 fusion-sep-none fusion-title-center fusion-title-text fusion-title-size-four\" style=\"--awb-text-color:var(--awb-color1);\"><h4 class=\"fusion-title-heading title-heading-center fusion-responsive-typography-calculated\" style=\"margin:0;--fontSize:28.8;--minFontSize:28.8;line-height:1.5;\">Explore the products on this one of a kind Mercedes.<\/h4><\/div><div class=\"fusion-woo-product-grid fusion-product-archive fusion-woo-product-grid-1\"><ul class=\"products products-4\"><li class=\"product type-product post-34352 status-publish first instock product_cat-2k-aerosol-tr product_cat-coatings-tr product_cat-product-tr product_cat-raptor-tr product_tag-coating-tr product_tag-sprinter-van-tr product_tag-tr product_tag-willys-tr has-post-thumbnail shipping-taxable product-type-simple product-grid-view\">\n\t<div class=\"fusion-product-wrapper\">\n<a href=\"https:\/\/raptorcoatings.com\/tr\/urun\/raptor-2k-aerosoller\/\" class=\"product-images\" aria-label=\"RAPTOR 2K AEROSOLLER\">\n\n<div class=\"featured-image\">\n\t\t<img decoding=\"async\" width=\"500\" height=\"500\" src=\"https:\/\/raptorcoatings.com\/wp-content\/uploads\/Raptor-2k-Anti-Corrosive-Epoxy-Primer-Aerosol.jpg\" class=\"attachment-woocommerce_thumbnail size-woocommerce_thumbnail lazyload wp-post-image\" alt=\"\" srcset=\"data:image\/svg+xml,%3Csvg%20xmlns%3D%27http%3A%2F%2Fwww.w3.org%2F2000%2Fsvg%27%20width%3D%27800%27%20height%3D%27800%27%20viewBox%3D%270%200%20800%20800%27%3E%3Crect%20width%3D%27800%27%20height%3D%27800%27%20fill-opacity%3D%220%22%2F%3E%3C%2Fsvg%3E\" data-orig-src=\"https:\/\/raptorcoatings.com\/wp-content\/uploads\/Raptor-2k-Anti-Corrosive-Epoxy-Primer-Aerosol.jpg\" data-srcset=\"https:\/\/raptorcoatings.com\/wp-content\/uploads\/RLB-RAPTOR-2K-Aerosol-Protective-Coating-108x108.jpg 108w, https:\/\/raptorcoatings.com\/wp-content\/uploads\/Raptor-2k-Anti-Corrosive-Epoxy-Primer-Aerosol.jpg 800w\" data-sizes=\"auto\" \/>\n\t\t\t\t\t\t<div class=\"cart-loading\"><i class=\"awb-icon-spinner\" aria-hidden=\"true\"><\/i><\/div>\n\t\t\t<\/div>\n<\/a>\n<div class=\"fusion-product-content\">\n\t<div class=\"product-details\">\n\t\t<div class=\"product-details-container\">\n<h3 class=\"product-title\">\n\t<a href=\"https:\/\/raptorcoatings.com\/tr\/urun\/raptor-2k-aerosoller\/\">\n\t\tRAPTOR 2K AEROSOLLER\t<\/a>\n<\/h3>\n<div class=\"fusion-price-rating\">\n\n\t\t<\/div>\n\t<\/div>\n<\/div>\n\n\n\t<div class=\"product-buttons\">\n\t\t<div class=\"fusion-content-sep sep-none\"><\/div>\n\t\t<div class=\"product-buttons-container clearfix\">\n<span class=\"gtm4wp_productdata\" style=\"display:none; visibility:hidden;\" data-gtm4wp_product_data=\"{&quot;internal_id&quot;:34352,&quot;item_id&quot;:34352,&quot;item_name&quot;:&quot;RAPTOR 2K AEROSOLLER&quot;,&quot;sku&quot;:&quot;UP4883&quot;,&quot;price&quot;:0,&quot;stocklevel&quot;:null,&quot;stockstatus&quot;:&quot;instock&quot;,&quot;google_business_vertical&quot;:&quot;retail&quot;,&quot;item_category&quot;:&quot;RAPTOR&quot;,&quot;id&quot;:34352,&quot;productlink&quot;:&quot;https:\\\/\\\/raptorcoatings.com\\\/tr\\\/urun\\\/raptor-2k-aerosoller\\\/&quot;,&quot;item_list_name&quot;:&quot;General Product List&quot;,&quot;index&quot;:1,&quot;product_type&quot;:&quot;simple&quot;,&quot;item_brand&quot;:&quot;&quot;}\"><\/span>\n<a href=\"https:\/\/raptorcoatings.com\/tr\/urun\/raptor-2k-aerosoller\/\" class=\"show_details_button\" style=\"float:none;max-width:none;text-align:center;\">\n\tDetails<\/a>\n\n\n\t<\/div>\n\t<\/div>\n\n\t<\/div> <\/div>\n<\/li>\n<li class=\"product type-product post-34381 status-publish instock product_cat-bed-liner-protective-coating-tr product_cat-coatings-tr product_cat-product-tr product_cat-raptor-tr product_tag-coating-tr product_tag-ford-raptor-tr product_tag-sprinter-van-tr product_tag-tr product_tag-vw-beetle-tr product_tag-willys-tr has-post-thumbnail shipping-taxable product-type-simple product-grid-view\">\n\t<div class=\"fusion-product-wrapper\">\n<a href=\"https:\/\/raptorcoatings.com\/tr\/urun\/raptor-4-sise-kit\/\" class=\"product-images\" aria-label=\"RAPTOR 4 \u015ei\u015fe Kit\">\n\n<div class=\"featured-image\">\n\t\t<img decoding=\"async\" width=\"500\" height=\"500\" src=\"https:\/\/raptorcoatings.com\/wp-content\/uploads\/RLT-4-Bottle-Kit-new.jpg\" class=\"attachment-woocommerce_thumbnail size-woocommerce_thumbnail lazyload wp-post-image\" alt=\"Raptor Liner Kit - 1 US Gallon\" srcset=\"data:image\/svg+xml,%3Csvg%20xmlns%3D%27http%3A%2F%2Fwww.w3.org%2F2000%2Fsvg%27%20width%3D%27800%27%20height%3D%27800%27%20viewBox%3D%270%200%20800%20800%27%3E%3Crect%20width%3D%27800%27%20height%3D%27800%27%20fill-opacity%3D%220%22%2F%3E%3C%2Fsvg%3E\" data-orig-src=\"https:\/\/raptorcoatings.com\/wp-content\/uploads\/RLT-4-Bottle-Kit-new.jpg\" data-srcset=\"https:\/\/raptorcoatings.com\/wp-content\/uploads\/RLT-4-Bottle-Kit-new-108x108.jpg 108w, https:\/\/raptorcoatings.com\/wp-content\/uploads\/RLT-4-Bottle-Kit-new.jpg 800w\" data-sizes=\"auto\" \/>\n\t\t\t\t\t\t<div class=\"cart-loading\"><i class=\"awb-icon-spinner\" aria-hidden=\"true\"><\/i><\/div>\n\t\t\t<\/div>\n<\/a>\n<div class=\"fusion-product-content\">\n\t<div class=\"product-details\">\n\t\t<div class=\"product-details-container\">\n<h3 class=\"product-title\">\n\t<a href=\"https:\/\/raptorcoatings.com\/tr\/urun\/raptor-4-sise-kit\/\">\n\t\tRAPTOR 4 \u015ei\u015fe Kit\t<\/a>\n<\/h3>\n<div class=\"fusion-price-rating\">\n\n\t\t<\/div>\n\t<\/div>\n<\/div>\n\n\n\t<div class=\"product-buttons\">\n\t\t<div class=\"fusion-content-sep sep-none\"><\/div>\n\t\t<div class=\"product-buttons-container clearfix\">\n<span class=\"gtm4wp_productdata\" style=\"display:none; visibility:hidden;\" data-gtm4wp_product_data=\"{&quot;internal_id&quot;:34381,&quot;item_id&quot;:34381,&quot;item_name&quot;:&quot;RAPTOR 4 \\u015ei\\u015fe Kit&quot;,&quot;sku&quot;:&quot;UP0820&quot;,&quot;price&quot;:0,&quot;stocklevel&quot;:null,&quot;stockstatus&quot;:&quot;instock&quot;,&quot;google_business_vertical&quot;:&quot;retail&quot;,&quot;item_category&quot;:&quot;RAPTOR&quot;,&quot;id&quot;:34381,&quot;productlink&quot;:&quot;https:\\\/\\\/raptorcoatings.com\\\/tr\\\/urun\\\/raptor-4-sise-kit\\\/&quot;,&quot;item_list_name&quot;:&quot;General Product List&quot;,&quot;index&quot;:2,&quot;product_type&quot;:&quot;simple&quot;,&quot;item_brand&quot;:&quot;&quot;}\"><\/span>\n<a href=\"https:\/\/raptorcoatings.com\/tr\/urun\/raptor-4-sise-kit\/\" class=\"show_details_button\" style=\"float:none;max-width:none;text-align:center;\">\n\tDetails<\/a>\n\n\n\t<\/div>\n\t<\/div>\n\n\t<\/div> <\/div>\n<\/li>\n<\/ul><\/div><div class=\"fusion-separator fusion-full-width-sep\" style=\"align-self: center;margin-left: auto;margin-right: auto;margin-bottom:50px;width:100%;\"><\/div><\/div><\/div><\/div><\/div>\n","protected":false},"excerpt":{"rendered":"<h1>Sprint Ko\u015fucusu<\/h1>\n<p>Carrrossirie F1000 A Doussard&#8217;\u0131n bir \u00e7al\u0131\u015fmas\u0131 ile, uzat\u0131lm\u0131\u015f Sprinter tam donan\u0131ml\u0131 bir RAPTOR Sprinter&#8217;a d\u00f6n\u00fc\u015ft\u00fcr\u00fcl\u00fcyor. Bu eksiksiz d\u00f6n\u00fc\u015f\u00fcm, y\u00fckseltilmi\u015f s\u00fcspansiyon, arazi lastikleri ve t\u00fcm bunlar\u0131 destekleyen RAPTOR korumas\u0131yla araziye haz\u0131rd\u0131r.<\/p>\n","protected":false},"featured_media":34480,"template":"","meta":[],"product_brand":[],"product_cat":[1008],"product_tag":[],"class_list":{"0":"post-34479","1":"product","2":"type-product","3":"status-publish","4":"has-post-thumbnail","6":"product_cat-projeler","8":"first","9":"instock","10":"shipping-taxable","11":"product-type-simple"},"gallery_images":[34481,34482,34483,34484],"yoast_head":"<!-- This site is optimized with the Yoast SEO plugin v27.1.1 - https:\/\/yoast.com\/product\/yoast-seo-wordpress\/ -->\n<title>Sprint Ko\u015fucusu - Raptortough<\/title>\n<meta name=\"description\" content=\"The convenient RAPTOR 2K Bedliner Aerosol offers a fast, easy way to apply RAPTOR without compromising performance, no spray equipment necessary.\" \/>\n<meta name=\"robots\" content=\"index, follow, max-snippet:-1, max-image-preview:large, max-video-preview:-1\" \/>\n<link rel=\"canonical\" href=\"https:\/\/raptorcoatings.com\/tr\/urun\/sprint-kosucusu\/\" \/>\n<meta property=\"og:locale\" content=\"tr_TR\" \/>\n<meta property=\"og:type\" content=\"article\" \/>\n<meta property=\"og:title\" content=\"Sprint Ko\u015fucusu - Raptortough\" \/>\n<meta property=\"og:description\" content=\"The convenient RAPTOR 2K Bedliner Aerosol offers a fast, easy way to apply RAPTOR without compromising performance, no spray equipment necessary.\" \/>\n<meta property=\"og:url\" content=\"https:\/\/raptorcoatings.com\/tr\/urun\/sprint-kosucusu\/\" \/>\n<meta property=\"og:site_name\" content=\"Raptortough\" \/>\n<meta property=\"article:modified_time\" content=\"2024-04-16T12:51:30+00:00\" \/>\n<meta property=\"og:image\" content=\"https:\/\/raptorcoatings.com\/wp-content\/uploads\/Sprinter-VAn-Feat.jpg\" \/>\n\t<meta property=\"og:image:width\" content=\"1000\" \/>\n\t<meta property=\"og:image:height\" content=\"1000\" \/>\n\t<meta property=\"og:image:type\" content=\"image\/jpeg\" \/>\n<meta name=\"twitter:card\" content=\"summary_large_image\" \/>\n<meta name=\"twitter:label1\" content=\"Tahmini okuma s\u00fcresi\" \/>\n\t<meta name=\"twitter:data1\" content=\"1 dakika\" \/>\n<script type=\"application\/ld+json\" class=\"yoast-schema-graph\">{\"@context\":\"https:\/\/schema.org\",\"@graph\":[{\"@type\":\"WebPage\",\"@id\":\"https:\/\/raptorcoatings.com\/tr\/urun\/sprint-kosucusu\/\",\"url\":\"https:\/\/raptorcoatings.com\/tr\/urun\/sprint-kosucusu\/\",\"name\":\"Sprint Ko\u015fucusu - Raptortough\",\"isPartOf\":{\"@id\":\"https:\/\/raptorcoatings.com\/tr\/#website\"},\"primaryImageOfPage\":{\"@id\":\"https:\/\/raptorcoatings.com\/tr\/urun\/sprint-kosucusu\/#primaryimage\"},\"image\":{\"@id\":\"https:\/\/raptorcoatings.com\/tr\/urun\/sprint-kosucusu\/#primaryimage\"},\"thumbnailUrl\":\"https:\/\/raptorcoatings.com\/wp-content\/uploads\/Sprinter-VAn-Feat.jpg\",\"datePublished\":\"2023-02-02T10:42:42+00:00\",\"dateModified\":\"2024-04-16T12:51:30+00:00\",\"description\":\"The convenient RAPTOR 2K Bedliner Aerosol offers a fast, easy way to apply RAPTOR without compromising performance, no spray equipment necessary.\",\"breadcrumb\":{\"@id\":\"https:\/\/raptorcoatings.com\/tr\/urun\/sprint-kosucusu\/#breadcrumb\"},\"inLanguage\":\"tr\",\"potentialAction\":[{\"@type\":\"ReadAction\",\"target\":[\"https:\/\/raptorcoatings.com\/tr\/urun\/sprint-kosucusu\/\"]}]},{\"@type\":\"ImageObject\",\"inLanguage\":\"tr\",\"@id\":\"https:\/\/raptorcoatings.com\/tr\/urun\/sprint-kosucusu\/#primaryimage\",\"url\":\"https:\/\/raptorcoatings.com\/wp-content\/uploads\/Sprinter-VAn-Feat.jpg\",\"contentUrl\":\"https:\/\/raptorcoatings.com\/wp-content\/uploads\/Sprinter-VAn-Feat.jpg\",\"width\":1000,\"height\":1000,\"caption\":\"Sprinter Van\"},{\"@type\":\"BreadcrumbList\",\"@id\":\"https:\/\/raptorcoatings.com\/tr\/urun\/sprint-kosucusu\/#breadcrumb\",\"itemListElement\":[{\"@type\":\"ListItem\",\"position\":1,\"name\":\"Home\",\"item\":\"https:\/\/raptorcoatings.com\/tr\/\"},{\"@type\":\"ListItem\",\"position\":2,\"name\":\"\u00dcr\u00fcnler\",\"item\":\"https:\/\/raptorcoatings.com\/tr\/urunler\/\"},{\"@type\":\"ListItem\",\"position\":3,\"name\":\"Sprint Ko\u015fucusu\"}]},{\"@type\":\"WebSite\",\"@id\":\"https:\/\/raptorcoatings.com\/tr\/#website\",\"url\":\"https:\/\/raptorcoatings.com\/tr\/\",\"name\":\"Raptor Coatings\",\"description\":\"\",\"potentialAction\":[{\"@type\":\"SearchAction\",\"target\":{\"@type\":\"EntryPoint\",\"urlTemplate\":\"https:\/\/raptorcoatings.com\/tr\/?s={search_term_string}\"},\"query-input\":{\"@type\":\"PropertyValueSpecification\",\"valueRequired\":true,\"valueName\":\"search_term_string\"}}],\"inLanguage\":\"tr\"}]}<\/script>\n<!-- \/ Yoast SEO plugin. -->","yoast_head_json":{"title":"Sprint Ko\u015fucusu - Raptortough","description":"The convenient RAPTOR 2K Bedliner Aerosol offers a fast, easy way to apply RAPTOR without compromising performance, no spray equipment necessary.","robots":{"index":"index","follow":"follow","max-snippet":"max-snippet:-1","max-image-preview":"max-image-preview:large","max-video-preview":"max-video-preview:-1"},"canonical":"https:\/\/raptorcoatings.com\/tr\/urun\/sprint-kosucusu\/","og_locale":"tr_TR","og_type":"article","og_title":"Sprint Ko\u015fucusu - Raptortough","og_description":"The convenient RAPTOR 2K Bedliner Aerosol offers a fast, easy way to apply RAPTOR without compromising performance, no spray equipment necessary.","og_url":"https:\/\/raptorcoatings.com\/tr\/urun\/sprint-kosucusu\/","og_site_name":"Raptortough","article_modified_time":"2024-04-16T12:51:30+00:00","og_image":[{"width":1000,"height":1000,"url":"https:\/\/raptorcoatings.com\/wp-content\/uploads\/Sprinter-VAn-Feat.jpg","type":"image\/jpeg"}],"twitter_card":"summary_large_image","twitter_misc":{"Tahmini okuma s\u00fcresi":"1 dakika"},"schema":{"@context":"https:\/\/schema.org","@graph":[{"@type":"WebPage","@id":"https:\/\/raptorcoatings.com\/tr\/urun\/sprint-kosucusu\/","url":"https:\/\/raptorcoatings.com\/tr\/urun\/sprint-kosucusu\/","name":"Sprint Ko\u015fucusu - Raptortough","isPartOf":{"@id":"https:\/\/raptorcoatings.com\/tr\/#website"},"primaryImageOfPage":{"@id":"https:\/\/raptorcoatings.com\/tr\/urun\/sprint-kosucusu\/#primaryimage"},"image":{"@id":"https:\/\/raptorcoatings.com\/tr\/urun\/sprint-kosucusu\/#primaryimage"},"thumbnailUrl":"https:\/\/raptorcoatings.com\/wp-content\/uploads\/Sprinter-VAn-Feat.jpg","datePublished":"2023-02-02T10:42:42+00:00","dateModified":"2024-04-16T12:51:30+00:00","description":"The convenient RAPTOR 2K Bedliner Aerosol offers a fast, easy way to apply RAPTOR without compromising performance, no spray equipment necessary.","breadcrumb":{"@id":"https:\/\/raptorcoatings.com\/tr\/urun\/sprint-kosucusu\/#breadcrumb"},"inLanguage":"tr","potentialAction":[{"@type":"ReadAction","target":["https:\/\/raptorcoatings.com\/tr\/urun\/sprint-kosucusu\/"]}]},{"@type":"ImageObject","inLanguage":"tr","@id":"https:\/\/raptorcoatings.com\/tr\/urun\/sprint-kosucusu\/#primaryimage","url":"https:\/\/raptorcoatings.com\/wp-content\/uploads\/Sprinter-VAn-Feat.jpg","contentUrl":"https:\/\/raptorcoatings.com\/wp-content\/uploads\/Sprinter-VAn-Feat.jpg","width":1000,"height":1000,"caption":"Sprinter Van"},{"@type":"BreadcrumbList","@id":"https:\/\/raptorcoatings.com\/tr\/urun\/sprint-kosucusu\/#breadcrumb","itemListElement":[{"@type":"ListItem","position":1,"name":"Home","item":"https:\/\/raptorcoatings.com\/tr\/"},{"@type":"ListItem","position":2,"name":"\u00dcr\u00fcnler","item":"https:\/\/raptorcoatings.com\/tr\/urunler\/"},{"@type":"ListItem","position":3,"name":"Sprint Ko\u015fucusu"}]},{"@type":"WebSite","@id":"https:\/\/raptorcoatings.com\/tr\/#website","url":"https:\/\/raptorcoatings.com\/tr\/","name":"Raptor Coatings","description":"","potentialAction":[{"@type":"SearchAction","target":{"@type":"EntryPoint","urlTemplate":"https:\/\/raptorcoatings.com\/tr\/?s={search_term_string}"},"query-input":{"@type":"PropertyValueSpecification","valueRequired":true,"valueName":"search_term_string"}}],"inLanguage":"tr"}]}},"_links":{"self":[{"href":"https:\/\/raptorcoatings.com\/tr\/wp-json\/wp\/v2\/product\/34479","targetHints":{"allow":["GET"]}}],"collection":[{"href":"https:\/\/raptorcoatings.com\/tr\/wp-json\/wp\/v2\/product"}],"about":[{"href":"https:\/\/raptorcoatings.com\/tr\/wp-json\/wp\/v2\/types\/product"}],"wp:featuredmedia":[{"embeddable":true,"href":"https:\/\/raptorcoatings.com\/tr\/wp-json\/wp\/v2\/media\/34480"}],"wp:attachment":[{"href":"https:\/\/raptorcoatings.com\/tr\/wp-json\/wp\/v2\/media?parent=34479"}],"wp:term":[{"taxonomy":"product_brand","embeddable":true,"href":"https:\/\/raptorcoatings.com\/tr\/wp-json\/wp\/v2\/product_brand?post=34479"},{"taxonomy":"product_cat","embeddable":true,"href":"https:\/\/raptorcoatings.com\/tr\/wp-json\/wp\/v2\/product_cat?post=34479"},{"taxonomy":"product_tag","embeddable":true,"href":"https:\/\/raptorcoatings.com\/tr\/wp-json\/wp\/v2\/product_tag?post=34479"}],"curies":[{"name":"wp","href":"https:\/\/api.w.org\/{rel}","templated":true}]}}