{"id":9047,"date":"2023-01-16T12:41:31","date_gmt":"2023-01-16T12:41:31","guid":{"rendered":"https:\/\/raptorcoatings.com\/product\/standard-application-gun\/"},"modified":"2025-06-13T11:55:43","modified_gmt":"2025-06-13T11:55:43","slug":"standard-application-gun","status":"publish","type":"product","link":"https:\/\/raptorcoatings.com\/pl\/produkt\/standard-application-gun\/","title":{"rendered":"Pistolet do aplikacji"},"content":{"rendered":"<div class=\"fusion-fullwidth fullwidth-box fusion-builder-row-1 fusion-flex-container has-pattern-background has-mask-background nonhundred-percent-fullwidth non-hundred-percent-height-scrolling\" style=\"--awb-border-radius-top-left:0px;--awb-border-radius-top-right:0px;--awb-border-radius-bottom-right:0px;--awb-border-radius-bottom-left:0px;--awb-padding-top:50px;--awb-flex-wrap:wrap;\" ><div class=\"fusion-builder-row fusion-row fusion-flex-align-items-flex-start fusion-flex-justify-content-flex-end fusion-flex-content-wrap\" style=\"max-width:calc( 1640px + 12px );margin-left: calc(-12px \/ 2 );margin-right: calc(-12px \/ 2 );\"><div class=\"fusion-layout-column fusion_builder_column fusion-builder-column-0 fusion_builder_column_1_1 1_1 fusion-flex-column\" style=\"--awb-bg-size:cover;--awb-width-large:100%;--awb-margin-top-large:0px;--awb-spacing-right-large:6px;--awb-margin-bottom-large:20px;--awb-spacing-left-large:6px;--awb-width-medium:100%;--awb-order-medium:0;--awb-spacing-right-medium:6px;--awb-spacing-left-medium:6px;--awb-width-small:100%;--awb-order-small:0;--awb-spacing-right-small:6px;--awb-spacing-left-small:6px;\"><div class=\"fusion-column-wrapper fusion-column-has-shadow fusion-flex-justify-content-flex-start fusion-content-layout-column\"><div class=\"fusion-text fusion-text-1 fusion-no-medium-visibility fusion-no-large-visibility\"><p style=\"text-align: center;\"><span style=\"color: #ffffff; font-size: 16px;\"><strong>Swipe table<\/strong><\/span> <i class=\"fb-icon-element-1 fb-icon-element fontawesome-icon fa-hand-pointer fas circle-no fusion-text-flow\" style=\"--awb-font-size:20px;--awb-margin-right:10px;\"><\/i><\/p>\n<\/div>\n<div class=\"fusion-text fusion-text-2\"><\/div><\/div><\/div><\/div><\/div>\n","protected":false},"excerpt":{"rendered":"<p>Specjalnie skonstruowany z europejskimi gwintami i d\u0142u\u017csz\u0105 rurk\u0105 zanurzeniow\u0105 pasuj\u0105c\u0105 do butelek RAPTOR. Przykr\u0119\u0107 bezpo\u015brednio do plastikowej butelki.<\/p>\n<ul>\n<li>Lekki i \u0142atwy w u\u017cyciu<\/li>\n<li>\u0141atwe czyszczenie dzi\u0119ki rozkr\u0119canej rurce zanurzeniowej i dyszy<\/li>\n<li>D\u0142u\u017csza rurka podbieracza dla lepszych rezultat\u00f3w z butelkami RAPTOR<\/li>\n<\/ul>\n<p>Kod: GUN\/1<\/p>\n<p>Sztuk w kartonie: 5<\/p>\n","protected":false},"featured_media":4441,"template":"","meta":[],"product_brand":[],"product_cat":[219,626,597,203],"product_tag":[666,669],"class_list":{"0":"post-9047","1":"product","2":"type-product","3":"status-publish","4":"has-post-thumbnail","6":"product_cat-akcesoria","7":"product_cat-applicators-pl","8":"product_cat-product-pl","9":"product_cat-raptor-pl","10":"product_tag-applicator-pl","11":"product_tag-pl","13":"first","14":"instock","15":"shipping-taxable","16":"product-type-simple"},"gallery_images":[8114,8123],"yoast_head":"<!-- This site is optimized with the Yoast SEO plugin v27.1.1 - https:\/\/yoast.com\/product\/yoast-seo-wordpress\/ -->\n<title>Pistolet do aplikacji - Raptortough<\/title>\n<meta name=\"description\" content=\"The convenient RAPTOR 2K Bedliner Aerosol offers a fast, easy way to apply RAPTOR without compromising performance, no spray equipment necessary.\" \/>\n<meta name=\"robots\" content=\"index, follow, max-snippet:-1, max-image-preview:large, max-video-preview:-1\" \/>\n<link rel=\"canonical\" href=\"https:\/\/raptorcoatings.com\/pl\/produkt\/standard-application-gun\/\" \/>\n<meta property=\"og:locale\" content=\"pl_PL\" \/>\n<meta property=\"og:type\" content=\"article\" \/>\n<meta property=\"og:title\" content=\"Pistolet do aplikacji - Raptortough\" \/>\n<meta property=\"og:description\" content=\"The convenient RAPTOR 2K Bedliner Aerosol offers a fast, easy way to apply RAPTOR without compromising performance, no spray equipment necessary.\" \/>\n<meta property=\"og:url\" content=\"https:\/\/raptorcoatings.com\/pl\/produkt\/standard-application-gun\/\" \/>\n<meta property=\"og:site_name\" content=\"Raptortough\" \/>\n<meta property=\"article:modified_time\" content=\"2025-06-13T11:55:43+00:00\" \/>\n<meta property=\"og:image\" content=\"https:\/\/raptorcoatings.com\/wp-content\/uploads\/GUN-Application-Gun-For-Raptor-Gravitex.jpg\" \/>\n\t<meta property=\"og:image:width\" content=\"800\" \/>\n\t<meta property=\"og:image:height\" content=\"800\" \/>\n\t<meta property=\"og:image:type\" content=\"image\/jpeg\" \/>\n<meta name=\"twitter:card\" content=\"summary_large_image\" \/>\n<meta name=\"twitter:label1\" content=\"Szacowany czas czytania\" \/>\n\t<meta name=\"twitter:data1\" content=\"1 minuta\" \/>\n<script type=\"application\/ld+json\" class=\"yoast-schema-graph\">{\"@context\":\"https:\/\/schema.org\",\"@graph\":[{\"@type\":\"WebPage\",\"@id\":\"https:\/\/raptorcoatings.com\/pl\/produkt\/standard-application-gun\/\",\"url\":\"https:\/\/raptorcoatings.com\/pl\/produkt\/standard-application-gun\/\",\"name\":\"Pistolet do aplikacji - Raptortough\",\"isPartOf\":{\"@id\":\"https:\/\/raptorcoatings.com\/pl\/#website\"},\"primaryImageOfPage\":{\"@id\":\"https:\/\/raptorcoatings.com\/pl\/produkt\/standard-application-gun\/#primaryimage\"},\"image\":{\"@id\":\"https:\/\/raptorcoatings.com\/pl\/produkt\/standard-application-gun\/#primaryimage\"},\"thumbnailUrl\":\"https:\/\/raptorcoatings.com\/wp-content\/uploads\/GUN-Application-Gun-For-Raptor-Gravitex.jpg\",\"datePublished\":\"2023-01-16T12:41:31+00:00\",\"dateModified\":\"2025-06-13T11:55:43+00:00\",\"description\":\"The convenient RAPTOR 2K Bedliner Aerosol offers a fast, easy way to apply RAPTOR without compromising performance, no spray equipment necessary.\",\"breadcrumb\":{\"@id\":\"https:\/\/raptorcoatings.com\/pl\/produkt\/standard-application-gun\/#breadcrumb\"},\"inLanguage\":\"pl-PL\",\"potentialAction\":[{\"@type\":\"ReadAction\",\"target\":[\"https:\/\/raptorcoatings.com\/pl\/produkt\/standard-application-gun\/\"]}]},{\"@type\":\"ImageObject\",\"inLanguage\":\"pl-PL\",\"@id\":\"https:\/\/raptorcoatings.com\/pl\/produkt\/standard-application-gun\/#primaryimage\",\"url\":\"https:\/\/raptorcoatings.com\/wp-content\/uploads\/GUN-Application-Gun-For-Raptor-Gravitex.jpg\",\"contentUrl\":\"https:\/\/raptorcoatings.com\/wp-content\/uploads\/GUN-Application-Gun-For-Raptor-Gravitex.jpg\",\"width\":800,\"height\":800,\"caption\":\"Standard Application Gun\"},{\"@type\":\"BreadcrumbList\",\"@id\":\"https:\/\/raptorcoatings.com\/pl\/produkt\/standard-application-gun\/#breadcrumb\",\"itemListElement\":[{\"@type\":\"ListItem\",\"position\":1,\"name\":\"Home\",\"item\":\"https:\/\/raptorcoatings.com\/pl\/\"},{\"@type\":\"ListItem\",\"position\":2,\"name\":\"Produkty\",\"item\":\"https:\/\/raptorcoatings.com\/pl\/produkty\/\"},{\"@type\":\"ListItem\",\"position\":3,\"name\":\"Pistolet do aplikacji\"}]},{\"@type\":\"WebSite\",\"@id\":\"https:\/\/raptorcoatings.com\/pl\/#website\",\"url\":\"https:\/\/raptorcoatings.com\/pl\/\",\"name\":\"Raptor Coatings\",\"description\":\"\",\"potentialAction\":[{\"@type\":\"SearchAction\",\"target\":{\"@type\":\"EntryPoint\",\"urlTemplate\":\"https:\/\/raptorcoatings.com\/pl\/?s={search_term_string}\"},\"query-input\":{\"@type\":\"PropertyValueSpecification\",\"valueRequired\":true,\"valueName\":\"search_term_string\"}}],\"inLanguage\":\"pl-PL\"}]}<\/script>\n<!-- \/ Yoast SEO plugin. -->","yoast_head_json":{"title":"Pistolet do aplikacji - Raptortough","description":"The convenient RAPTOR 2K Bedliner Aerosol offers a fast, easy way to apply RAPTOR without compromising performance, no spray equipment necessary.","robots":{"index":"index","follow":"follow","max-snippet":"max-snippet:-1","max-image-preview":"max-image-preview:large","max-video-preview":"max-video-preview:-1"},"canonical":"https:\/\/raptorcoatings.com\/pl\/produkt\/standard-application-gun\/","og_locale":"pl_PL","og_type":"article","og_title":"Pistolet do aplikacji - Raptortough","og_description":"The convenient RAPTOR 2K Bedliner Aerosol offers a fast, easy way to apply RAPTOR without compromising performance, no spray equipment necessary.","og_url":"https:\/\/raptorcoatings.com\/pl\/produkt\/standard-application-gun\/","og_site_name":"Raptortough","article_modified_time":"2025-06-13T11:55:43+00:00","og_image":[{"width":800,"height":800,"url":"https:\/\/raptorcoatings.com\/wp-content\/uploads\/GUN-Application-Gun-For-Raptor-Gravitex.jpg","type":"image\/jpeg"}],"twitter_card":"summary_large_image","twitter_misc":{"Szacowany czas czytania":"1 minuta"},"schema":{"@context":"https:\/\/schema.org","@graph":[{"@type":"WebPage","@id":"https:\/\/raptorcoatings.com\/pl\/produkt\/standard-application-gun\/","url":"https:\/\/raptorcoatings.com\/pl\/produkt\/standard-application-gun\/","name":"Pistolet do aplikacji - Raptortough","isPartOf":{"@id":"https:\/\/raptorcoatings.com\/pl\/#website"},"primaryImageOfPage":{"@id":"https:\/\/raptorcoatings.com\/pl\/produkt\/standard-application-gun\/#primaryimage"},"image":{"@id":"https:\/\/raptorcoatings.com\/pl\/produkt\/standard-application-gun\/#primaryimage"},"thumbnailUrl":"https:\/\/raptorcoatings.com\/wp-content\/uploads\/GUN-Application-Gun-For-Raptor-Gravitex.jpg","datePublished":"2023-01-16T12:41:31+00:00","dateModified":"2025-06-13T11:55:43+00:00","description":"The convenient RAPTOR 2K Bedliner Aerosol offers a fast, easy way to apply RAPTOR without compromising performance, no spray equipment necessary.","breadcrumb":{"@id":"https:\/\/raptorcoatings.com\/pl\/produkt\/standard-application-gun\/#breadcrumb"},"inLanguage":"pl-PL","potentialAction":[{"@type":"ReadAction","target":["https:\/\/raptorcoatings.com\/pl\/produkt\/standard-application-gun\/"]}]},{"@type":"ImageObject","inLanguage":"pl-PL","@id":"https:\/\/raptorcoatings.com\/pl\/produkt\/standard-application-gun\/#primaryimage","url":"https:\/\/raptorcoatings.com\/wp-content\/uploads\/GUN-Application-Gun-For-Raptor-Gravitex.jpg","contentUrl":"https:\/\/raptorcoatings.com\/wp-content\/uploads\/GUN-Application-Gun-For-Raptor-Gravitex.jpg","width":800,"height":800,"caption":"Standard Application Gun"},{"@type":"BreadcrumbList","@id":"https:\/\/raptorcoatings.com\/pl\/produkt\/standard-application-gun\/#breadcrumb","itemListElement":[{"@type":"ListItem","position":1,"name":"Home","item":"https:\/\/raptorcoatings.com\/pl\/"},{"@type":"ListItem","position":2,"name":"Produkty","item":"https:\/\/raptorcoatings.com\/pl\/produkty\/"},{"@type":"ListItem","position":3,"name":"Pistolet do aplikacji"}]},{"@type":"WebSite","@id":"https:\/\/raptorcoatings.com\/pl\/#website","url":"https:\/\/raptorcoatings.com\/pl\/","name":"Raptor Coatings","description":"","potentialAction":[{"@type":"SearchAction","target":{"@type":"EntryPoint","urlTemplate":"https:\/\/raptorcoatings.com\/pl\/?s={search_term_string}"},"query-input":{"@type":"PropertyValueSpecification","valueRequired":true,"valueName":"search_term_string"}}],"inLanguage":"pl-PL"}]}},"_links":{"self":[{"href":"https:\/\/raptorcoatings.com\/pl\/wp-json\/wp\/v2\/product\/9047","targetHints":{"allow":["GET"]}}],"collection":[{"href":"https:\/\/raptorcoatings.com\/pl\/wp-json\/wp\/v2\/product"}],"about":[{"href":"https:\/\/raptorcoatings.com\/pl\/wp-json\/wp\/v2\/types\/product"}],"wp:featuredmedia":[{"embeddable":true,"href":"https:\/\/raptorcoatings.com\/pl\/wp-json\/wp\/v2\/media\/4441"}],"wp:attachment":[{"href":"https:\/\/raptorcoatings.com\/pl\/wp-json\/wp\/v2\/media?parent=9047"}],"wp:term":[{"taxonomy":"product_brand","embeddable":true,"href":"https:\/\/raptorcoatings.com\/pl\/wp-json\/wp\/v2\/product_brand?post=9047"},{"taxonomy":"product_cat","embeddable":true,"href":"https:\/\/raptorcoatings.com\/pl\/wp-json\/wp\/v2\/product_cat?post=9047"},{"taxonomy":"product_tag","embeddable":true,"href":"https:\/\/raptorcoatings.com\/pl\/wp-json\/wp\/v2\/product_tag?post=9047"}],"curies":[{"name":"wp","href":"https:\/\/api.w.org\/{rel}","templated":true}]}}