{"id":9034,"date":"2023-01-16T12:44:16","date_gmt":"2023-01-16T12:44:16","guid":{"rendered":"https:\/\/raptorcoatings.com\/product\/traction-slip-resistant-additive\/"},"modified":"2025-06-13T11:58:58","modified_gmt":"2025-06-13T11:58:58","slug":"traction-slip-resistant-additive","status":"publish","type":"product","link":"https:\/\/raptorcoatings.com\/pl\/produkt\/traction-slip-resistant-additive\/","title":{"rendered":"Dodatek anty-po\u015blizgowy"},"content":{"rendered":"<div class=\"fusion-fullwidth fullwidth-box fusion-builder-row-1 fusion-flex-container has-pattern-background has-mask-background nonhundred-percent-fullwidth non-hundred-percent-height-scrolling\" style=\"--awb-border-radius-top-left:0px;--awb-border-radius-top-right:0px;--awb-border-radius-bottom-right:0px;--awb-border-radius-bottom-left:0px;--awb-padding-top:50px;--awb-flex-wrap:wrap;\" ><div class=\"fusion-builder-row fusion-row fusion-flex-align-items-flex-start fusion-flex-justify-content-flex-end fusion-flex-content-wrap\" style=\"max-width:calc( 1640px + 12px );margin-left: calc(-12px \/ 2 );margin-right: calc(-12px \/ 2 );\"><div class=\"fusion-layout-column fusion_builder_column fusion-builder-column-0 fusion_builder_column_1_1 1_1 fusion-flex-column\" style=\"--awb-bg-size:cover;--awb-width-large:100%;--awb-margin-top-large:0px;--awb-spacing-right-large:6px;--awb-margin-bottom-large:20px;--awb-spacing-left-large:6px;--awb-width-medium:100%;--awb-order-medium:0;--awb-spacing-right-medium:6px;--awb-spacing-left-medium:6px;--awb-width-small:100%;--awb-order-small:0;--awb-spacing-right-small:6px;--awb-spacing-left-small:6px;\"><div class=\"fusion-column-wrapper fusion-column-has-shadow fusion-flex-justify-content-flex-start fusion-content-layout-column\">\n<div class=\"table-1\">\n<table width=\"100%\">\n<thead>\n<tr>\n<th align=\"left\">Kod<\/th>\n<th align=\"left\">Opis<\/th>\n<th align=\"left\">Kolor<\/th>\n<th align=\"left\">Sztuk w kartonie<\/th>\n<th align=\"left\">Karta techniczna<\/th>\n<th align=\"left\">Karta charakterystyki<\/th>\n<\/tr>\n<\/thead>\n<tbody>\n<tr>\n<td align=\"left\">RLTR\/SM<\/td>\n<td align=\"left\">200g<\/td>\n<td align=\"left\">Bezbarwny<\/td>\n<td align=\"left\">12<\/td>\n<td align=\"left\"><a href=\"https:\/\/raptorcoatings.com\/wp-content\/uploads\/RLT-TDS-POL.pdf\">RLT-TDS-POL<\/a><\/td>\n<td align=\"left\"><\/td>\n<\/tr>\n<\/tbody>\n<\/table>\n<\/div>\n<div class=\"fusion-text fusion-text-1 fusion-no-medium-visibility fusion-no-large-visibility\"><p style=\"text-align: center;\"><span style=\"color: #ffffff; font-size: 16px;\"><strong>Swipe table<\/strong><\/span> <i class=\"fb-icon-element-1 fb-icon-element fontawesome-icon fa-hand-pointer fas circle-no fusion-text-flow\" style=\"--awb-font-size:20px;--awb-margin-right:10px;\"><\/i><\/p>\n<\/div>\n<\/div><\/div><\/div><\/div>\n","protected":false},"excerpt":{"rendered":"<p>Dodatek antypo\u015blizgowy RAPTOR mo\u017cna doda\u0107 bezpo\u015brednio do butelek RAPTOR przed natryskiem tworz\u0105c mocn\u0105 i barwn\u0105 pow\u0142ok\u0119 ochronn\u0105.<\/p>\n<ul>\n<li>Zapakowany w wygodn\u0105 torebk\u0119 z mo\u017cliwo\u015bci\u0105 wielokrotnego zamykania o pojemno\u015bci 200 g. Nape\u0142ni jedn\u0105 butelk\u0119 RAPTOR dla typowego zastosowania anty-po\u015blizgowego.<\/li>\n<li>Zastosowanie dodatku anty-po\u015blizgowego RAPTOR z RAPTOR tworzy powierzchni\u0119 anty-po\u015blizgow\u0105 zgodnie z definicj\u0105 ASTM E303-93 i BS 7976-2.<\/li>\n<\/ul>\n","protected":false},"featured_media":4531,"template":"","meta":[],"product_brand":[],"product_cat":[625,219,597,203],"product_tag":[665,669],"class_list":{"0":"post-9034","1":"product","2":"type-product","3":"status-publish","4":"has-post-thumbnail","6":"product_cat-additives-pl","7":"product_cat-akcesoria","8":"product_cat-product-pl","9":"product_cat-raptor-pl","10":"product_tag-additive-pl","11":"product_tag-pl","13":"first","14":"instock","15":"shipping-taxable","16":"product-type-simple"},"gallery_images":[6524],"yoast_head":"<!-- This site is optimized with the Yoast SEO plugin v27.1.1 - https:\/\/yoast.com\/product\/yoast-seo-wordpress\/ -->\n<title>Dodatek anty-po\u015blizgowy - Raptortough<\/title>\n<meta name=\"description\" content=\"The convenient RAPTOR 2K Bedliner Aerosol offers a fast, easy way to apply RAPTOR without compromising performance, no spray equipment necessary.\" \/>\n<meta name=\"robots\" content=\"index, follow, max-snippet:-1, max-image-preview:large, max-video-preview:-1\" \/>\n<link rel=\"canonical\" href=\"https:\/\/raptorcoatings.com\/pl\/produkt\/traction-slip-resistant-additive\/\" \/>\n<meta property=\"og:locale\" content=\"pl_PL\" \/>\n<meta property=\"og:type\" content=\"article\" \/>\n<meta property=\"og:title\" content=\"Dodatek anty-po\u015blizgowy - Raptortough\" \/>\n<meta property=\"og:description\" content=\"The convenient RAPTOR 2K Bedliner Aerosol offers a fast, easy way to apply RAPTOR without compromising performance, no spray equipment necessary.\" \/>\n<meta property=\"og:url\" content=\"https:\/\/raptorcoatings.com\/pl\/produkt\/traction-slip-resistant-additive\/\" \/>\n<meta property=\"og:site_name\" content=\"Raptortough\" \/>\n<meta property=\"article:modified_time\" content=\"2025-06-13T11:58:58+00:00\" \/>\n<meta property=\"og:image\" content=\"https:\/\/raptorcoatings.com\/wp-content\/uploads\/Raptor-Traction-Slip-Resistant-Additive.jpg\" \/>\n\t<meta property=\"og:image:width\" content=\"800\" \/>\n\t<meta property=\"og:image:height\" content=\"800\" \/>\n\t<meta property=\"og:image:type\" content=\"image\/jpeg\" \/>\n<meta name=\"twitter:card\" content=\"summary_large_image\" \/>\n<meta name=\"twitter:label1\" content=\"Szacowany czas czytania\" \/>\n\t<meta name=\"twitter:data1\" content=\"1 minuta\" \/>\n<script type=\"application\/ld+json\" class=\"yoast-schema-graph\">{\"@context\":\"https:\/\/schema.org\",\"@graph\":[{\"@type\":\"WebPage\",\"@id\":\"https:\/\/raptorcoatings.com\/pl\/produkt\/traction-slip-resistant-additive\/\",\"url\":\"https:\/\/raptorcoatings.com\/pl\/produkt\/traction-slip-resistant-additive\/\",\"name\":\"Dodatek anty-po\u015blizgowy - Raptortough\",\"isPartOf\":{\"@id\":\"https:\/\/raptorcoatings.com\/pl\/#website\"},\"primaryImageOfPage\":{\"@id\":\"https:\/\/raptorcoatings.com\/pl\/produkt\/traction-slip-resistant-additive\/#primaryimage\"},\"image\":{\"@id\":\"https:\/\/raptorcoatings.com\/pl\/produkt\/traction-slip-resistant-additive\/#primaryimage\"},\"thumbnailUrl\":\"https:\/\/raptorcoatings.com\/wp-content\/uploads\/Raptor-Traction-Slip-Resistant-Additive.jpg\",\"datePublished\":\"2023-01-16T12:44:16+00:00\",\"dateModified\":\"2025-06-13T11:58:58+00:00\",\"description\":\"The convenient RAPTOR 2K Bedliner Aerosol offers a fast, easy way to apply RAPTOR without compromising performance, no spray equipment necessary.\",\"breadcrumb\":{\"@id\":\"https:\/\/raptorcoatings.com\/pl\/produkt\/traction-slip-resistant-additive\/#breadcrumb\"},\"inLanguage\":\"pl-PL\",\"potentialAction\":[{\"@type\":\"ReadAction\",\"target\":[\"https:\/\/raptorcoatings.com\/pl\/produkt\/traction-slip-resistant-additive\/\"]}]},{\"@type\":\"ImageObject\",\"inLanguage\":\"pl-PL\",\"@id\":\"https:\/\/raptorcoatings.com\/pl\/produkt\/traction-slip-resistant-additive\/#primaryimage\",\"url\":\"https:\/\/raptorcoatings.com\/wp-content\/uploads\/Raptor-Traction-Slip-Resistant-Additive.jpg\",\"contentUrl\":\"https:\/\/raptorcoatings.com\/wp-content\/uploads\/Raptor-Traction-Slip-Resistant-Additive.jpg\",\"width\":800,\"height\":800,\"caption\":\"Traction Slip Resistant Additive\"},{\"@type\":\"BreadcrumbList\",\"@id\":\"https:\/\/raptorcoatings.com\/pl\/produkt\/traction-slip-resistant-additive\/#breadcrumb\",\"itemListElement\":[{\"@type\":\"ListItem\",\"position\":1,\"name\":\"Home\",\"item\":\"https:\/\/raptorcoatings.com\/pl\/\"},{\"@type\":\"ListItem\",\"position\":2,\"name\":\"Produkty\",\"item\":\"https:\/\/raptorcoatings.com\/pl\/produkty\/\"},{\"@type\":\"ListItem\",\"position\":3,\"name\":\"Dodatek anty-po\u015blizgowy\"}]},{\"@type\":\"WebSite\",\"@id\":\"https:\/\/raptorcoatings.com\/pl\/#website\",\"url\":\"https:\/\/raptorcoatings.com\/pl\/\",\"name\":\"Raptor Coatings\",\"description\":\"\",\"potentialAction\":[{\"@type\":\"SearchAction\",\"target\":{\"@type\":\"EntryPoint\",\"urlTemplate\":\"https:\/\/raptorcoatings.com\/pl\/?s={search_term_string}\"},\"query-input\":{\"@type\":\"PropertyValueSpecification\",\"valueRequired\":true,\"valueName\":\"search_term_string\"}}],\"inLanguage\":\"pl-PL\"}]}<\/script>\n<!-- \/ Yoast SEO plugin. -->","yoast_head_json":{"title":"Dodatek anty-po\u015blizgowy - Raptortough","description":"The convenient RAPTOR 2K Bedliner Aerosol offers a fast, easy way to apply RAPTOR without compromising performance, no spray equipment necessary.","robots":{"index":"index","follow":"follow","max-snippet":"max-snippet:-1","max-image-preview":"max-image-preview:large","max-video-preview":"max-video-preview:-1"},"canonical":"https:\/\/raptorcoatings.com\/pl\/produkt\/traction-slip-resistant-additive\/","og_locale":"pl_PL","og_type":"article","og_title":"Dodatek anty-po\u015blizgowy - Raptortough","og_description":"The convenient RAPTOR 2K Bedliner Aerosol offers a fast, easy way to apply RAPTOR without compromising performance, no spray equipment necessary.","og_url":"https:\/\/raptorcoatings.com\/pl\/produkt\/traction-slip-resistant-additive\/","og_site_name":"Raptortough","article_modified_time":"2025-06-13T11:58:58+00:00","og_image":[{"width":800,"height":800,"url":"https:\/\/raptorcoatings.com\/wp-content\/uploads\/Raptor-Traction-Slip-Resistant-Additive.jpg","type":"image\/jpeg"}],"twitter_card":"summary_large_image","twitter_misc":{"Szacowany czas czytania":"1 minuta"},"schema":{"@context":"https:\/\/schema.org","@graph":[{"@type":"WebPage","@id":"https:\/\/raptorcoatings.com\/pl\/produkt\/traction-slip-resistant-additive\/","url":"https:\/\/raptorcoatings.com\/pl\/produkt\/traction-slip-resistant-additive\/","name":"Dodatek anty-po\u015blizgowy - Raptortough","isPartOf":{"@id":"https:\/\/raptorcoatings.com\/pl\/#website"},"primaryImageOfPage":{"@id":"https:\/\/raptorcoatings.com\/pl\/produkt\/traction-slip-resistant-additive\/#primaryimage"},"image":{"@id":"https:\/\/raptorcoatings.com\/pl\/produkt\/traction-slip-resistant-additive\/#primaryimage"},"thumbnailUrl":"https:\/\/raptorcoatings.com\/wp-content\/uploads\/Raptor-Traction-Slip-Resistant-Additive.jpg","datePublished":"2023-01-16T12:44:16+00:00","dateModified":"2025-06-13T11:58:58+00:00","description":"The convenient RAPTOR 2K Bedliner Aerosol offers a fast, easy way to apply RAPTOR without compromising performance, no spray equipment necessary.","breadcrumb":{"@id":"https:\/\/raptorcoatings.com\/pl\/produkt\/traction-slip-resistant-additive\/#breadcrumb"},"inLanguage":"pl-PL","potentialAction":[{"@type":"ReadAction","target":["https:\/\/raptorcoatings.com\/pl\/produkt\/traction-slip-resistant-additive\/"]}]},{"@type":"ImageObject","inLanguage":"pl-PL","@id":"https:\/\/raptorcoatings.com\/pl\/produkt\/traction-slip-resistant-additive\/#primaryimage","url":"https:\/\/raptorcoatings.com\/wp-content\/uploads\/Raptor-Traction-Slip-Resistant-Additive.jpg","contentUrl":"https:\/\/raptorcoatings.com\/wp-content\/uploads\/Raptor-Traction-Slip-Resistant-Additive.jpg","width":800,"height":800,"caption":"Traction Slip Resistant Additive"},{"@type":"BreadcrumbList","@id":"https:\/\/raptorcoatings.com\/pl\/produkt\/traction-slip-resistant-additive\/#breadcrumb","itemListElement":[{"@type":"ListItem","position":1,"name":"Home","item":"https:\/\/raptorcoatings.com\/pl\/"},{"@type":"ListItem","position":2,"name":"Produkty","item":"https:\/\/raptorcoatings.com\/pl\/produkty\/"},{"@type":"ListItem","position":3,"name":"Dodatek anty-po\u015blizgowy"}]},{"@type":"WebSite","@id":"https:\/\/raptorcoatings.com\/pl\/#website","url":"https:\/\/raptorcoatings.com\/pl\/","name":"Raptor Coatings","description":"","potentialAction":[{"@type":"SearchAction","target":{"@type":"EntryPoint","urlTemplate":"https:\/\/raptorcoatings.com\/pl\/?s={search_term_string}"},"query-input":{"@type":"PropertyValueSpecification","valueRequired":true,"valueName":"search_term_string"}}],"inLanguage":"pl-PL"}]}},"_links":{"self":[{"href":"https:\/\/raptorcoatings.com\/pl\/wp-json\/wp\/v2\/product\/9034","targetHints":{"allow":["GET"]}}],"collection":[{"href":"https:\/\/raptorcoatings.com\/pl\/wp-json\/wp\/v2\/product"}],"about":[{"href":"https:\/\/raptorcoatings.com\/pl\/wp-json\/wp\/v2\/types\/product"}],"wp:featuredmedia":[{"embeddable":true,"href":"https:\/\/raptorcoatings.com\/pl\/wp-json\/wp\/v2\/media\/4531"}],"wp:attachment":[{"href":"https:\/\/raptorcoatings.com\/pl\/wp-json\/wp\/v2\/media?parent=9034"}],"wp:term":[{"taxonomy":"product_brand","embeddable":true,"href":"https:\/\/raptorcoatings.com\/pl\/wp-json\/wp\/v2\/product_brand?post=9034"},{"taxonomy":"product_cat","embeddable":true,"href":"https:\/\/raptorcoatings.com\/pl\/wp-json\/wp\/v2\/product_cat?post=9034"},{"taxonomy":"product_tag","embeddable":true,"href":"https:\/\/raptorcoatings.com\/pl\/wp-json\/wp\/v2\/product_tag?post=9034"}],"curies":[{"name":"wp","href":"https:\/\/api.w.org\/{rel}","templated":true}]}}