{"id":8930,"date":"2023-01-30T16:18:16","date_gmt":"2023-01-30T16:18:16","guid":{"rendered":"https:\/\/raptorcoatings.com\/product\/bugging-out-with-raptor\/"},"modified":"2023-03-24T10:17:52","modified_gmt":"2023-03-24T10:17:52","slug":"bugging-out-with-raptor","status":"publish","type":"product","link":"https:\/\/raptorcoatings.com\/pl\/produkt\/bugging-out-with-raptor\/","title":{"rendered":"Garbus wskrzeszony produktami RAPTOR"},"content":{"rendered":"<div class=\"fusion-fullwidth fullwidth-box fusion-builder-row-1 fusion-flex-container has-pattern-background has-mask-background nonhundred-percent-fullwidth non-hundred-percent-height-scrolling\" style=\"--awb-border-radius-top-left:0px;--awb-border-radius-top-right:0px;--awb-border-radius-bottom-right:0px;--awb-border-radius-bottom-left:0px;--awb-padding-top:50px;--awb-padding-right:0px;--awb-padding-bottom:0px;--awb-padding-left:0px;--awb-flex-wrap:wrap;\" ><div class=\"fusion-builder-row fusion-row fusion-flex-align-items-flex-start fusion-flex-justify-content-flex-end fusion-flex-content-wrap\" style=\"max-width:calc( 1640px + 12px );margin-left: calc(-12px \/ 2 );margin-right: calc(-12px \/ 2 );\"><div class=\"fusion-layout-column fusion_builder_column fusion-builder-column-0 fusion_builder_column_1_1 1_1 fusion-flex-column\" style=\"--awb-bg-size:cover;--awb-width-large:100%;--awb-margin-top-large:0px;--awb-spacing-right-large:6px;--awb-margin-bottom-large:20px;--awb-spacing-left-large:6px;--awb-width-medium:100%;--awb-order-medium:0;--awb-spacing-right-medium:6px;--awb-spacing-left-medium:6px;--awb-width-small:100%;--awb-order-small:0;--awb-spacing-right-small:6px;--awb-spacing-left-small:6px;\"><div class=\"fusion-column-wrapper fusion-column-has-shadow fusion-flex-justify-content-flex-start fusion-content-layout-column\"><div class=\"fusion-title title fusion-title-1 fusion-sep-none fusion-title-center fusion-title-text fusion-title-size-two\" style=\"--awb-text-color:var(--awb-color1);\"><h2 class=\"fusion-title-heading title-heading-center fusion-responsive-typography-calculated\" style=\"margin:0;--fontSize:75.12;line-height:1;\">Mighty Small<\/h2><\/div><div class=\"fusion-title title fusion-title-2 fusion-sep-none fusion-title-center fusion-title-text fusion-title-size-four\" style=\"--awb-text-color:var(--awb-color1);\"><h4 class=\"fusion-title-heading title-heading-center fusion-responsive-typography-calculated\" style=\"margin:0;--fontSize:32.16;line-height:1.5;\">Explore the RAPTOR products that make this VW Beetle a force to be reckoned with.<\/h4><\/div><div class=\"fusion-woo-product-grid fusion-product-archive fusion-woo-product-grid-1\"><ul class=\"products products-4\"><li class=\"product type-product post-9051 status-publish first instock product_cat-akcesoria product_cat-applicators-pl product_cat-product-pl product_cat-raptor-pl product_tag-applicator-pl product_tag-ford-raptor-pl product_tag-pl product_tag-vw-beetle-pl has-post-thumbnail shipping-taxable product-type-simple product-grid-view\">\n\t<div class=\"fusion-product-wrapper\">\n<a href=\"https:\/\/raptorcoatings.com\/pl\/produkt\/professional-application-gun\/\" class=\"product-images\" aria-label=\"Profesjonalny pistolet do aplikacji\">\n\n<div class=\"featured-image\">\n\t\t<img decoding=\"async\" width=\"500\" height=\"500\" src=\"https:\/\/raptorcoatings.com\/wp-content\/uploads\/Raptor-Pro-Application-Gun.jpg\" class=\"attachment-woocommerce_thumbnail size-woocommerce_thumbnail lazyload wp-post-image\" alt=\"Professional Application Gun\" srcset=\"data:image\/svg+xml,%3Csvg%20xmlns%3D%27http%3A%2F%2Fwww.w3.org%2F2000%2Fsvg%27%20width%3D%27800%27%20height%3D%27800%27%20viewBox%3D%270%200%20800%20800%27%3E%3Crect%20width%3D%27800%27%20height%3D%27800%27%20fill-opacity%3D%220%22%2F%3E%3C%2Fsvg%3E\" data-orig-src=\"https:\/\/raptorcoatings.com\/wp-content\/uploads\/Raptor-Pro-Application-Gun.jpg\" data-srcset=\"https:\/\/raptorcoatings.com\/wp-content\/uploads\/GUN-Raptor-Professional-Vari-Nozzle-Application-Gun-108x108.jpg 108w, https:\/\/raptorcoatings.com\/wp-content\/uploads\/Raptor-Pro-Application-Gun.jpg 800w\" data-sizes=\"auto\" \/>\n\t\t\t\t\t\t<div class=\"cart-loading\"><i class=\"awb-icon-spinner\" aria-hidden=\"true\"><\/i><\/div>\n\t\t\t<\/div>\n<\/a>\n<div class=\"fusion-product-content\">\n\t<div class=\"product-details\">\n\t\t<div class=\"product-details-container\">\n<h3 class=\"product-title\">\n\t<a href=\"https:\/\/raptorcoatings.com\/pl\/produkt\/professional-application-gun\/\">\n\t\tProfesjonalny pistolet do aplikacji\t<\/a>\n<\/h3>\n<div class=\"fusion-price-rating\">\n\n\t\t<\/div>\n\t<\/div>\n<\/div>\n\n\n\t<div class=\"product-buttons\">\n\t\t<div class=\"fusion-content-sep sep-none\"><\/div>\n\t\t<div class=\"product-buttons-container clearfix\">\n<span class=\"gtm4wp_productdata\" style=\"display:none; visibility:hidden;\" data-gtm4wp_product_data=\"{&quot;internal_id&quot;:9051,&quot;item_id&quot;:9051,&quot;item_name&quot;:&quot;Profesjonalny pistolet do aplikacji&quot;,&quot;sku&quot;:&quot;UP4880&quot;,&quot;price&quot;:0,&quot;stocklevel&quot;:null,&quot;stockstatus&quot;:&quot;instock&quot;,&quot;google_business_vertical&quot;:&quot;retail&quot;,&quot;item_category&quot;:&quot;RAPTOR&quot;,&quot;id&quot;:9051,&quot;productlink&quot;:&quot;https:\\\/\\\/raptorcoatings.com\\\/pl\\\/produkt\\\/professional-application-gun\\\/&quot;,&quot;item_list_name&quot;:&quot;General Product List&quot;,&quot;index&quot;:1,&quot;product_type&quot;:&quot;simple&quot;,&quot;item_brand&quot;:&quot;&quot;}\"><\/span>\n<a href=\"https:\/\/raptorcoatings.com\/pl\/produkt\/professional-application-gun\/\" class=\"show_details_button\" style=\"float:none;max-width:none;text-align:center;\">\n\tDetails<\/a>\n\n\n\t<\/div>\n\t<\/div>\n\n\t<\/div> <\/div>\n<\/li>\n<li class=\"product type-product post-9127 status-publish instock product_cat-bed-liner-protective-coating-pl product_cat-coatings-pl product_cat-product-pl product_cat-raptor-pl product_tag-coatings-pl product_tag-ford-raptor-pl product_tag-pl product_tag-sprinter-van-pl product_tag-vw-beetle-pl product_tag-willys-pl has-post-thumbnail shipping-taxable product-type-simple product-grid-view\">\n\t<div class=\"fusion-product-wrapper\">\n<a href=\"https:\/\/raptorcoatings.com\/pl\/produkt\/raptor-liner-kit-1-us-gallon\/\" class=\"product-images\" aria-label=\"Zestaw 4 butelek\">\n\n<div class=\"featured-image\">\n\t\t<img decoding=\"async\" width=\"500\" height=\"500\" src=\"https:\/\/raptorcoatings.com\/wp-content\/uploads\/RLT-4-Bottle-Kit-new.jpg\" class=\"attachment-woocommerce_thumbnail size-woocommerce_thumbnail lazyload wp-post-image\" alt=\"Raptor Liner Kit - 1 US Gallon\" srcset=\"data:image\/svg+xml,%3Csvg%20xmlns%3D%27http%3A%2F%2Fwww.w3.org%2F2000%2Fsvg%27%20width%3D%27800%27%20height%3D%27800%27%20viewBox%3D%270%200%20800%20800%27%3E%3Crect%20width%3D%27800%27%20height%3D%27800%27%20fill-opacity%3D%220%22%2F%3E%3C%2Fsvg%3E\" data-orig-src=\"https:\/\/raptorcoatings.com\/wp-content\/uploads\/RLT-4-Bottle-Kit-new.jpg\" data-srcset=\"https:\/\/raptorcoatings.com\/wp-content\/uploads\/RLT-4-Bottle-Kit-new-108x108.jpg 108w, https:\/\/raptorcoatings.com\/wp-content\/uploads\/RLT-4-Bottle-Kit-new.jpg 800w\" data-sizes=\"auto\" \/>\n\t\t\t\t\t\t<div class=\"cart-loading\"><i class=\"awb-icon-spinner\" aria-hidden=\"true\"><\/i><\/div>\n\t\t\t<\/div>\n<\/a>\n<div class=\"fusion-product-content\">\n\t<div class=\"product-details\">\n\t\t<div class=\"product-details-container\">\n<h3 class=\"product-title\">\n\t<a href=\"https:\/\/raptorcoatings.com\/pl\/produkt\/raptor-liner-kit-1-us-gallon\/\">\n\t\tZestaw 4 butelek\t<\/a>\n<\/h3>\n<div class=\"fusion-price-rating\">\n\n\t\t<\/div>\n\t<\/div>\n<\/div>\n\n\n\t<div class=\"product-buttons\">\n\t\t<div class=\"fusion-content-sep sep-none\"><\/div>\n\t\t<div class=\"product-buttons-container clearfix\">\n<span class=\"gtm4wp_productdata\" style=\"display:none; visibility:hidden;\" data-gtm4wp_product_data=\"{&quot;internal_id&quot;:9127,&quot;item_id&quot;:9127,&quot;item_name&quot;:&quot;Zestaw 4 butelek&quot;,&quot;sku&quot;:&quot;UP0820&quot;,&quot;price&quot;:0,&quot;stocklevel&quot;:null,&quot;stockstatus&quot;:&quot;instock&quot;,&quot;google_business_vertical&quot;:&quot;retail&quot;,&quot;item_category&quot;:&quot;RAPTOR&quot;,&quot;id&quot;:9127,&quot;productlink&quot;:&quot;https:\\\/\\\/raptorcoatings.com\\\/pl\\\/produkt\\\/raptor-liner-kit-1-us-gallon\\\/&quot;,&quot;item_list_name&quot;:&quot;General Product List&quot;,&quot;index&quot;:2,&quot;product_type&quot;:&quot;simple&quot;,&quot;item_brand&quot;:&quot;&quot;}\"><\/span>\n<a href=\"https:\/\/raptorcoatings.com\/pl\/produkt\/raptor-liner-kit-1-us-gallon\/\" class=\"show_details_button\" style=\"float:none;max-width:none;text-align:center;\">\n\tDetails<\/a>\n\n\n\t<\/div>\n\t<\/div>\n\n\t<\/div> <\/div>\n<\/li>\n<\/ul><\/div><div class=\"fusion-separator fusion-full-width-sep\" style=\"align-self: center;margin-left: auto;margin-right: auto;margin-bottom:50px;width:100%;\"><\/div><\/div><\/div><\/div><\/div>\n","protected":false},"excerpt":{"rendered":"<h1>Garbus wskrzeszony produktami RAPTOR<\/h1>\n<p>VW Beetle jakiego jeszcze nie widzieli\u015bcie. Ten niewiarygodny efekt uda\u0142o si\u0119 osi\u0105gn\u0105\u0107 dzi\u0119ki zestawowi RAPTOR Tintable Kit i\u00a0saszetce z\u00a0barwnikiem Flame Red.<\/p>\n<p>Tekstur\u0119 utworzono przy u\u017cyciu profesjonalnego pistoletu do nak\u0142adania pow\u0142ok RAPTOR. Regulowana dysza natryskowa pozwala uzyska\u0107 po\u017c\u0105dane wyko\u0144czenie i\u00a0tekstur\u0119. Ponadto unikalna dysza blokuj\u0105ca pozwala na ustawienie tekstury i\u00a0zablokowanie jej w\u00a0celu uzyskania sp\u00f3jno\u015bci i\u00a0powtarzalno\u015bci. Jedno jest pewne, ten projekt zrealizowany z\u00a0u\u017cyciem produkt\u00f3w RAPTOR nie przejedzie niezauwa\u017cony.<\/p>\n","protected":false},"featured_media":7319,"template":"","meta":[],"product_brand":[],"product_cat":[195],"product_tag":[],"class_list":{"0":"post-8930","1":"product","2":"type-product","3":"status-publish","4":"has-post-thumbnail","6":"product_cat-projekt-pl","8":"first","9":"instock","10":"shipping-taxable","11":"product-type-simple"},"gallery_images":[7274,7283,7292,7301],"yoast_head":"<!-- This site is optimized with the Yoast SEO plugin v27.1.1 - https:\/\/yoast.com\/product\/yoast-seo-wordpress\/ -->\n<title>Garbus wskrzeszony produktami RAPTOR - Raptortough<\/title>\n<meta name=\"description\" content=\"The convenient RAPTOR 2K Bedliner Aerosol offers a fast, easy way to apply RAPTOR without compromising performance, no spray equipment necessary.\" \/>\n<meta name=\"robots\" content=\"index, follow, max-snippet:-1, max-image-preview:large, max-video-preview:-1\" \/>\n<link rel=\"canonical\" href=\"https:\/\/raptorcoatings.com\/pl\/produkt\/bugging-out-with-raptor\/\" \/>\n<meta property=\"og:locale\" content=\"pl_PL\" \/>\n<meta property=\"og:type\" content=\"article\" \/>\n<meta property=\"og:title\" content=\"Garbus wskrzeszony produktami RAPTOR - Raptortough\" \/>\n<meta property=\"og:description\" content=\"The convenient RAPTOR 2K Bedliner Aerosol offers a fast, easy way to apply RAPTOR without compromising performance, no spray equipment necessary.\" \/>\n<meta property=\"og:url\" content=\"https:\/\/raptorcoatings.com\/pl\/produkt\/bugging-out-with-raptor\/\" \/>\n<meta property=\"og:site_name\" content=\"Raptortough\" \/>\n<meta property=\"article:modified_time\" content=\"2023-03-24T10:17:52+00:00\" \/>\n<meta property=\"og:image\" content=\"https:\/\/raptorcoatings.com\/wp-content\/uploads\/Raptor-VW-Beetle-Feat.jpg\" \/>\n\t<meta property=\"og:image:width\" content=\"1000\" \/>\n\t<meta property=\"og:image:height\" content=\"1000\" \/>\n\t<meta property=\"og:image:type\" content=\"image\/jpeg\" \/>\n<meta name=\"twitter:card\" content=\"summary_large_image\" \/>\n<meta name=\"twitter:label1\" content=\"Szacowany czas czytania\" \/>\n\t<meta name=\"twitter:data1\" content=\"2 minuty\" \/>\n<script type=\"application\/ld+json\" class=\"yoast-schema-graph\">{\"@context\":\"https:\/\/schema.org\",\"@graph\":[{\"@type\":\"WebPage\",\"@id\":\"https:\/\/raptorcoatings.com\/pl\/produkt\/bugging-out-with-raptor\/\",\"url\":\"https:\/\/raptorcoatings.com\/pl\/produkt\/bugging-out-with-raptor\/\",\"name\":\"Garbus wskrzeszony produktami RAPTOR - Raptortough\",\"isPartOf\":{\"@id\":\"https:\/\/raptorcoatings.com\/pl\/#website\"},\"primaryImageOfPage\":{\"@id\":\"https:\/\/raptorcoatings.com\/pl\/produkt\/bugging-out-with-raptor\/#primaryimage\"},\"image\":{\"@id\":\"https:\/\/raptorcoatings.com\/pl\/produkt\/bugging-out-with-raptor\/#primaryimage\"},\"thumbnailUrl\":\"https:\/\/raptorcoatings.com\/wp-content\/uploads\/Raptor-VW-Beetle-Feat.jpg\",\"datePublished\":\"2023-01-30T16:18:16+00:00\",\"dateModified\":\"2023-03-24T10:17:52+00:00\",\"description\":\"The convenient RAPTOR 2K Bedliner Aerosol offers a fast, easy way to apply RAPTOR without compromising performance, no spray equipment necessary.\",\"breadcrumb\":{\"@id\":\"https:\/\/raptorcoatings.com\/pl\/produkt\/bugging-out-with-raptor\/#breadcrumb\"},\"inLanguage\":\"pl-PL\",\"potentialAction\":[{\"@type\":\"ReadAction\",\"target\":[\"https:\/\/raptorcoatings.com\/pl\/produkt\/bugging-out-with-raptor\/\"]}]},{\"@type\":\"ImageObject\",\"inLanguage\":\"pl-PL\",\"@id\":\"https:\/\/raptorcoatings.com\/pl\/produkt\/bugging-out-with-raptor\/#primaryimage\",\"url\":\"https:\/\/raptorcoatings.com\/wp-content\/uploads\/Raptor-VW-Beetle-Feat.jpg\",\"contentUrl\":\"https:\/\/raptorcoatings.com\/wp-content\/uploads\/Raptor-VW-Beetle-Feat.jpg\",\"width\":1000,\"height\":1000,\"caption\":\"VW Beetle\"},{\"@type\":\"BreadcrumbList\",\"@id\":\"https:\/\/raptorcoatings.com\/pl\/produkt\/bugging-out-with-raptor\/#breadcrumb\",\"itemListElement\":[{\"@type\":\"ListItem\",\"position\":1,\"name\":\"Home\",\"item\":\"https:\/\/raptorcoatings.com\/pl\/\"},{\"@type\":\"ListItem\",\"position\":2,\"name\":\"Produkty\",\"item\":\"https:\/\/raptorcoatings.com\/pl\/produkty\/\"},{\"@type\":\"ListItem\",\"position\":3,\"name\":\"Garbus wskrzeszony produktami RAPTOR\"}]},{\"@type\":\"WebSite\",\"@id\":\"https:\/\/raptorcoatings.com\/pl\/#website\",\"url\":\"https:\/\/raptorcoatings.com\/pl\/\",\"name\":\"Raptor Coatings\",\"description\":\"\",\"potentialAction\":[{\"@type\":\"SearchAction\",\"target\":{\"@type\":\"EntryPoint\",\"urlTemplate\":\"https:\/\/raptorcoatings.com\/pl\/?s={search_term_string}\"},\"query-input\":{\"@type\":\"PropertyValueSpecification\",\"valueRequired\":true,\"valueName\":\"search_term_string\"}}],\"inLanguage\":\"pl-PL\"}]}<\/script>\n<!-- \/ Yoast SEO plugin. -->","yoast_head_json":{"title":"Garbus wskrzeszony produktami RAPTOR - Raptortough","description":"The convenient RAPTOR 2K Bedliner Aerosol offers a fast, easy way to apply RAPTOR without compromising performance, no spray equipment necessary.","robots":{"index":"index","follow":"follow","max-snippet":"max-snippet:-1","max-image-preview":"max-image-preview:large","max-video-preview":"max-video-preview:-1"},"canonical":"https:\/\/raptorcoatings.com\/pl\/produkt\/bugging-out-with-raptor\/","og_locale":"pl_PL","og_type":"article","og_title":"Garbus wskrzeszony produktami RAPTOR - Raptortough","og_description":"The convenient RAPTOR 2K Bedliner Aerosol offers a fast, easy way to apply RAPTOR without compromising performance, no spray equipment necessary.","og_url":"https:\/\/raptorcoatings.com\/pl\/produkt\/bugging-out-with-raptor\/","og_site_name":"Raptortough","article_modified_time":"2023-03-24T10:17:52+00:00","og_image":[{"width":1000,"height":1000,"url":"https:\/\/raptorcoatings.com\/wp-content\/uploads\/Raptor-VW-Beetle-Feat.jpg","type":"image\/jpeg"}],"twitter_card":"summary_large_image","twitter_misc":{"Szacowany czas czytania":"2 minuty"},"schema":{"@context":"https:\/\/schema.org","@graph":[{"@type":"WebPage","@id":"https:\/\/raptorcoatings.com\/pl\/produkt\/bugging-out-with-raptor\/","url":"https:\/\/raptorcoatings.com\/pl\/produkt\/bugging-out-with-raptor\/","name":"Garbus wskrzeszony produktami RAPTOR - Raptortough","isPartOf":{"@id":"https:\/\/raptorcoatings.com\/pl\/#website"},"primaryImageOfPage":{"@id":"https:\/\/raptorcoatings.com\/pl\/produkt\/bugging-out-with-raptor\/#primaryimage"},"image":{"@id":"https:\/\/raptorcoatings.com\/pl\/produkt\/bugging-out-with-raptor\/#primaryimage"},"thumbnailUrl":"https:\/\/raptorcoatings.com\/wp-content\/uploads\/Raptor-VW-Beetle-Feat.jpg","datePublished":"2023-01-30T16:18:16+00:00","dateModified":"2023-03-24T10:17:52+00:00","description":"The convenient RAPTOR 2K Bedliner Aerosol offers a fast, easy way to apply RAPTOR without compromising performance, no spray equipment necessary.","breadcrumb":{"@id":"https:\/\/raptorcoatings.com\/pl\/produkt\/bugging-out-with-raptor\/#breadcrumb"},"inLanguage":"pl-PL","potentialAction":[{"@type":"ReadAction","target":["https:\/\/raptorcoatings.com\/pl\/produkt\/bugging-out-with-raptor\/"]}]},{"@type":"ImageObject","inLanguage":"pl-PL","@id":"https:\/\/raptorcoatings.com\/pl\/produkt\/bugging-out-with-raptor\/#primaryimage","url":"https:\/\/raptorcoatings.com\/wp-content\/uploads\/Raptor-VW-Beetle-Feat.jpg","contentUrl":"https:\/\/raptorcoatings.com\/wp-content\/uploads\/Raptor-VW-Beetle-Feat.jpg","width":1000,"height":1000,"caption":"VW Beetle"},{"@type":"BreadcrumbList","@id":"https:\/\/raptorcoatings.com\/pl\/produkt\/bugging-out-with-raptor\/#breadcrumb","itemListElement":[{"@type":"ListItem","position":1,"name":"Home","item":"https:\/\/raptorcoatings.com\/pl\/"},{"@type":"ListItem","position":2,"name":"Produkty","item":"https:\/\/raptorcoatings.com\/pl\/produkty\/"},{"@type":"ListItem","position":3,"name":"Garbus wskrzeszony produktami RAPTOR"}]},{"@type":"WebSite","@id":"https:\/\/raptorcoatings.com\/pl\/#website","url":"https:\/\/raptorcoatings.com\/pl\/","name":"Raptor Coatings","description":"","potentialAction":[{"@type":"SearchAction","target":{"@type":"EntryPoint","urlTemplate":"https:\/\/raptorcoatings.com\/pl\/?s={search_term_string}"},"query-input":{"@type":"PropertyValueSpecification","valueRequired":true,"valueName":"search_term_string"}}],"inLanguage":"pl-PL"}]}},"_links":{"self":[{"href":"https:\/\/raptorcoatings.com\/pl\/wp-json\/wp\/v2\/product\/8930","targetHints":{"allow":["GET"]}}],"collection":[{"href":"https:\/\/raptorcoatings.com\/pl\/wp-json\/wp\/v2\/product"}],"about":[{"href":"https:\/\/raptorcoatings.com\/pl\/wp-json\/wp\/v2\/types\/product"}],"wp:featuredmedia":[{"embeddable":true,"href":"https:\/\/raptorcoatings.com\/pl\/wp-json\/wp\/v2\/media\/7319"}],"wp:attachment":[{"href":"https:\/\/raptorcoatings.com\/pl\/wp-json\/wp\/v2\/media?parent=8930"}],"wp:term":[{"taxonomy":"product_brand","embeddable":true,"href":"https:\/\/raptorcoatings.com\/pl\/wp-json\/wp\/v2\/product_brand?post=8930"},{"taxonomy":"product_cat","embeddable":true,"href":"https:\/\/raptorcoatings.com\/pl\/wp-json\/wp\/v2\/product_cat?post=8930"},{"taxonomy":"product_tag","embeddable":true,"href":"https:\/\/raptorcoatings.com\/pl\/wp-json\/wp\/v2\/product_tag?post=8930"}],"curies":[{"name":"wp","href":"https:\/\/api.w.org\/{rel}","templated":true}]}}