{"id":55658,"date":"2024-10-30T14:06:18","date_gmt":"2024-10-30T14:06:18","guid":{"rendered":"https:\/\/raptorcoatings.com\/?post_type=product&#038;p=55658"},"modified":"2025-06-19T11:26:55","modified_gmt":"2025-06-19T11:26:55","slug":"raptor-ochrona-felg-2nd","status":"publish","type":"product","link":"https:\/\/raptorcoatings.com\/pl\/produkt\/raptor-ochrona-felg-2nd\/","title":{"rendered":"RAPTOR Ochrona Felg 2nd"},"content":{"rendered":"<div class=\"fusion-fullwidth fullwidth-box fusion-builder-row-1 fusion-flex-container has-pattern-background has-mask-background nonhundred-percent-fullwidth non-hundred-percent-height-scrolling\" style=\"--awb-border-radius-top-left:0px;--awb-border-radius-top-right:0px;--awb-border-radius-bottom-right:0px;--awb-border-radius-bottom-left:0px;--awb-padding-top:50px;--awb-padding-right:0px;--awb-padding-bottom:0px;--awb-padding-left:0px;--awb-flex-wrap:wrap;\" ><div class=\"fusion-builder-row fusion-row fusion-flex-align-items-flex-start fusion-flex-justify-content-flex-end fusion-flex-content-wrap\" style=\"max-width:calc( 1640px + 12px );margin-left: calc(-12px \/ 2 );margin-right: calc(-12px \/ 2 );\"><div class=\"fusion-layout-column fusion_builder_column fusion-builder-column-0 fusion_builder_column_1_1 1_1 fusion-flex-column\" style=\"--awb-bg-size:cover;--awb-width-large:100%;--awb-margin-top-large:0px;--awb-spacing-right-large:6px;--awb-margin-bottom-large:20px;--awb-spacing-left-large:6px;--awb-width-medium:100%;--awb-order-medium:0;--awb-spacing-right-medium:6px;--awb-spacing-left-medium:6px;--awb-width-small:100%;--awb-order-small:0;--awb-spacing-right-small:6px;--awb-spacing-left-small:6px;\"><div class=\"fusion-column-wrapper fusion-column-has-shadow fusion-flex-justify-content-flex-start fusion-content-layout-column\">\n<div class=\"table-1 productTable\">\n<table width=\"100%\">\n<thead>\n<tr>\n<th align=\"left\">Kod<\/th>\n<th align=\"left\">Opis<\/th>\n<th align=\"left\">Kolor<\/th>\n<th align=\"left\">Sztuk w kartonie<\/th>\n<th align=\"left\">Arkusz danych technicznych<\/th>\n<th align=\"left\">Karta charakterystyki<\/th>\n<\/tr>\n<\/thead>\n<tbody>\n<tr>\n<td align=\"left\">RWPGB\/AL<\/td>\n<td align=\"left\">378ml (295g) Aerozol<\/td>\n<td align=\"left\">Czarny po\u0142ysk<\/td>\n<td align=\"left\">12<\/td>\n<td align=\"left\"><a href=\"https:\/\/raptorcoatings.com\/wp-content\/uploads\/RAPTOR-Wheel-Paint-Aerosol-TDS-PL.pdf\">RWPGB\/AL-TDS-PL<\/a><\/td>\n<td align=\"left\"><a href=\"https:\/\/raptorcoatings.com\/wp-content\/uploads\/SDS_RWPGBAL_RPTR_PL_pl-1.pdf\">RWPGB\/AL-SDS-PL<\/a><\/td>\n<\/tr>\n<tr>\n<td align=\"left\">RWPSB\/AL<\/td>\n<td align=\"left\">378ml (295g) Aerozol<\/td>\n<td align=\"left\">Czarna Satyna<\/td>\n<td align=\"left\">12<\/td>\n<td align=\"left\"><a href=\"https:\/\/raptorcoatings.com\/wp-content\/uploads\/RAPTOR-Wheel-Paint-Aerosol-TDS-PL.pdf\">RWPSB\/AL-TDS-PL<\/a><\/td>\n<td align=\"left\"><a href=\"https:\/\/raptorcoatings.com\/wp-content\/uploads\/SDS_RWPSBAL_RPTR_PL_pl-1.pdf\">RWPSB\/AL-SDS-PL<\/a><\/td>\n<\/tr>\n<tr>\n<td align=\"left\">RWPSV\/AL<\/td>\n<td align=\"left\">364ml (295g) Aerozol<\/td>\n<td align=\"left\">Srebrny<\/td>\n<td align=\"left\">12<\/td>\n<td align=\"left\"><a href=\"https:\/\/raptorcoatings.com\/wp-content\/uploads\/RAPTOR-Wheel-Paint-Aerosol-TDS-PL.pdf\">RWPSV\/AL-TDS-PL<\/a><\/td>\n<td align=\"left\"><a href=\"https:\/\/raptorcoatings.com\/wp-content\/uploads\/SDS_RWPSV_AL_RPTR_GB_en.pdf\">RWPSV\/AL-SDS-PL<\/a><\/td>\n<\/tr>\n<tr>\n<td align=\"left\">RWPGC\/AL<\/td>\n<td align=\"left\">365ml (295g) Aerozol<\/td>\n<td align=\"left\">Bezbarwny Po\u0142ysk<\/td>\n<td align=\"left\">12<\/td>\n<td align=\"left\"><a href=\"https:\/\/raptorcoatings.com\/wp-content\/uploads\/RAPTOR-Wheel-Paint-Aerosol-Clear-TDS-PL.pdf\">RWPGC\/AL-TDS-PL<\/a><\/td>\n<td align=\"left\"><a href=\"https:\/\/raptorcoatings.com\/wp-content\/uploads\/SDS_RWPGC_AL_RPTR_GB_en.pdf\">RWPGC\/AL-SDS-PL<\/a><\/td>\n<\/tr>\n<\/tbody>\n<\/table>\n<\/div>\n<div class=\"fusion-text fusion-text-1 fusion-no-medium-visibility fusion-no-large-visibility\"><p style=\"text-align: center;\"><span style=\"color: #ffffff; font-size: 16px;\"><strong>Swipe table<\/strong><\/span> <i class=\"fb-icon-element-1 fb-icon-element fontawesome-icon fa-hand-pointer fas circle-no fusion-text-flow\" style=\"--awb-font-size:20px;--awb-margin-right:10px;\"><\/i><\/p>\n<\/div>\n<div class=\"fusion-text fusion-text-2\"><\/div><\/div><\/div><\/div><\/div>\n","protected":false},"excerpt":{"rendered":"<p>Profesjonalny lakier do felg, idealny do odnawiania i przed\u0142u\u017cania \u017cywotno\u015bci zu\u017cytych lub uszkodzonych felg. Zaawansowana formu\u0142a lakieru do felg to odporno\u015b\u0107 na temperatury do 120\u00b0C i wytrzyma\u0142o\u015b\u0107 5 razy wi\u0119ksza ni\u017c zwyk\u0142e lakiery. Zapewnia doskona\u0142\u0105 ochron\u0119 przed uderzeniami, wysok\u0105 temperatur\u0105, uderzeniami kamieni, py\u0142em hamulcowym i korozj\u0105. Jest \u0142atwy w u\u017cyciu i szybko schnie, zapewniaj\u0105c atrakcyjne, g\u0142adkie wyko\u0144czenie o doskona\u0142ej przyczepno\u015bci, kt\u00f3re nie blaknie pod wp\u0142ywem s\u0142o\u0144ca. Nadaje si\u0119 do stosowania na wszystkich rodzajach zagruntowanych felg metalowych, w tym stalowych, aluminiowych i stopowych.<\/p>\n<h2>Opis<\/h2>\n<p>\u2022 Odporny na temperatur\u0119 do 120\u00b0C<br \/>\n\u2022 Odporny chemicznie na oleje i osad drogowy<br \/>\n\u2022 Chroni przed odpryskami i py\u0142em hamulcowym<br \/>\n\u2022 5x wytrzymalszy od zwyk\u0142ych lakier\u00f3w<br \/>\n\u2022 Szybkoschn\u0105cy \u2013 suchy w dotyku w 30 minut<br \/>\n\u2022 Dysza punktowa zapobiegaj\u0105ca zatykaniu \u2013 idealna do powierzchni 3D<\/p>\n","protected":false},"featured_media":77040,"template":"","meta":[],"product_brand":[],"product_cat":[203],"product_tag":[],"class_list":{"0":"post-55658","1":"product","2":"type-product","3":"status-publish","4":"has-post-thumbnail","6":"product_cat-raptor-pl","8":"first","9":"instock","10":"shipping-taxable","11":"product-type-simple"},"gallery_images":[46360,46332,46318],"yoast_head":"<!-- This site is optimized with the Yoast SEO plugin v27.1.1 - https:\/\/yoast.com\/product\/yoast-seo-wordpress\/ -->\n<title>RAPTOR Ochrona Felg 2nd - Raptortough<\/title>\n<meta name=\"robots\" content=\"index, follow, max-snippet:-1, max-image-preview:large, max-video-preview:-1\" \/>\n<link rel=\"canonical\" href=\"https:\/\/raptorcoatings.com\/pl\/produkt\/raptor-ochrona-felg-2nd\/\" \/>\n<meta property=\"og:locale\" content=\"pl_PL\" \/>\n<meta property=\"og:type\" content=\"article\" \/>\n<meta property=\"og:title\" content=\"RAPTOR Ochrona Felg 2nd - Raptortough\" \/>\n<meta property=\"og:description\" content=\"Profesjonalny lakier do felg, idealny do odnawiania i przed\u0142u\u017cania \u017cywotno\u015bci zu\u017cytych lub uszkodzonych felg. Zaawansowana formu\u0142a lakieru do felg to odporno\u015b\u0107 na temperatury do 120\u00b0C i wytrzyma\u0142o\u015b\u0107 5 razy wi\u0119ksza ni\u017c zwyk\u0142e lakiery. Zapewnia doskona\u0142\u0105 ochron\u0119 przed uderzeniami, wysok\u0105 temperatur\u0105, uderzeniami kamieni, py\u0142em hamulcowym i korozj\u0105. Jest \u0142atwy w u\u017cyciu i szybko schnie, zapewniaj\u0105c atrakcyjne, g\u0142adkie wyko\u0144czenie o doskona\u0142ej przyczepno\u015bci, kt\u00f3re nie blaknie pod wp\u0142ywem s\u0142o\u0144ca. Nadaje si\u0119 do stosowania na wszystkich rodzajach zagruntowanych felg metalowych, w tym stalowych, aluminiowych i stopowych. Opis \u2022 Odporny na temperatur\u0119 do 120\u00b0C \u2022 Odporny chemicznie na oleje i osad drogowy \u2022 Chroni przed odpryskami i py\u0142em hamulcowym \u2022 5x wytrzymalszy od zwyk\u0142ych lakier\u00f3w \u2022 Szybkoschn\u0105cy \u2013 suchy w dotyku w 30 minut \u2022 Dysza punktowa zapobiegaj\u0105ca zatykaniu \u2013 idealna do powierzchni 3D\" \/>\n<meta property=\"og:url\" content=\"https:\/\/raptorcoatings.com\/pl\/produkt\/raptor-ochrona-felg-2nd\/\" \/>\n<meta property=\"og:site_name\" content=\"Raptortough\" \/>\n<meta property=\"article:modified_time\" content=\"2025-06-19T11:26:55+00:00\" \/>\n<meta property=\"og:image\" content=\"https:\/\/raptorcoatings.com\/wp-content\/uploads\/Wheel-paint.png\" \/>\n\t<meta property=\"og:image:width\" content=\"1200\" \/>\n\t<meta property=\"og:image:height\" content=\"1200\" \/>\n\t<meta property=\"og:image:type\" content=\"image\/png\" \/>\n<meta name=\"twitter:card\" content=\"summary_large_image\" \/>\n<meta name=\"twitter:label1\" content=\"Szacowany czas czytania\" \/>\n\t<meta name=\"twitter:data1\" content=\"1 minuta\" \/>\n<script type=\"application\/ld+json\" class=\"yoast-schema-graph\">{\"@context\":\"https:\/\/schema.org\",\"@graph\":[{\"@type\":\"WebPage\",\"@id\":\"https:\/\/raptorcoatings.com\/pl\/produkt\/raptor-ochrona-felg-2nd\/\",\"url\":\"https:\/\/raptorcoatings.com\/pl\/produkt\/raptor-ochrona-felg-2nd\/\",\"name\":\"RAPTOR Ochrona Felg 2nd - Raptortough\",\"isPartOf\":{\"@id\":\"https:\/\/raptorcoatings.com\/pl\/#website\"},\"primaryImageOfPage\":{\"@id\":\"https:\/\/raptorcoatings.com\/pl\/produkt\/raptor-ochrona-felg-2nd\/#primaryimage\"},\"image\":{\"@id\":\"https:\/\/raptorcoatings.com\/pl\/produkt\/raptor-ochrona-felg-2nd\/#primaryimage\"},\"thumbnailUrl\":\"https:\/\/raptorcoatings.com\/wp-content\/uploads\/Wheel-paint.png\",\"datePublished\":\"2024-10-30T14:06:18+00:00\",\"dateModified\":\"2025-06-19T11:26:55+00:00\",\"breadcrumb\":{\"@id\":\"https:\/\/raptorcoatings.com\/pl\/produkt\/raptor-ochrona-felg-2nd\/#breadcrumb\"},\"inLanguage\":\"pl-PL\",\"potentialAction\":[{\"@type\":\"ReadAction\",\"target\":[\"https:\/\/raptorcoatings.com\/pl\/produkt\/raptor-ochrona-felg-2nd\/\"]}]},{\"@type\":\"ImageObject\",\"inLanguage\":\"pl-PL\",\"@id\":\"https:\/\/raptorcoatings.com\/pl\/produkt\/raptor-ochrona-felg-2nd\/#primaryimage\",\"url\":\"https:\/\/raptorcoatings.com\/wp-content\/uploads\/Wheel-paint.png\",\"contentUrl\":\"https:\/\/raptorcoatings.com\/wp-content\/uploads\/Wheel-paint.png\",\"width\":1200,\"height\":1200},{\"@type\":\"BreadcrumbList\",\"@id\":\"https:\/\/raptorcoatings.com\/pl\/produkt\/raptor-ochrona-felg-2nd\/#breadcrumb\",\"itemListElement\":[{\"@type\":\"ListItem\",\"position\":1,\"name\":\"Home\",\"item\":\"https:\/\/raptorcoatings.com\/pl\/\"},{\"@type\":\"ListItem\",\"position\":2,\"name\":\"Produkty\",\"item\":\"https:\/\/raptorcoatings.com\/pl\/produkty\/\"},{\"@type\":\"ListItem\",\"position\":3,\"name\":\"RAPTOR Ochrona Felg 2nd\"}]},{\"@type\":\"WebSite\",\"@id\":\"https:\/\/raptorcoatings.com\/pl\/#website\",\"url\":\"https:\/\/raptorcoatings.com\/pl\/\",\"name\":\"Raptor Coatings\",\"description\":\"\",\"potentialAction\":[{\"@type\":\"SearchAction\",\"target\":{\"@type\":\"EntryPoint\",\"urlTemplate\":\"https:\/\/raptorcoatings.com\/pl\/?s={search_term_string}\"},\"query-input\":{\"@type\":\"PropertyValueSpecification\",\"valueRequired\":true,\"valueName\":\"search_term_string\"}}],\"inLanguage\":\"pl-PL\"}]}<\/script>\n<!-- \/ Yoast SEO plugin. -->","yoast_head_json":{"title":"RAPTOR Ochrona Felg 2nd - Raptortough","robots":{"index":"index","follow":"follow","max-snippet":"max-snippet:-1","max-image-preview":"max-image-preview:large","max-video-preview":"max-video-preview:-1"},"canonical":"https:\/\/raptorcoatings.com\/pl\/produkt\/raptor-ochrona-felg-2nd\/","og_locale":"pl_PL","og_type":"article","og_title":"RAPTOR Ochrona Felg 2nd - Raptortough","og_description":"Profesjonalny lakier do felg, idealny do odnawiania i przed\u0142u\u017cania \u017cywotno\u015bci zu\u017cytych lub uszkodzonych felg. Zaawansowana formu\u0142a lakieru do felg to odporno\u015b\u0107 na temperatury do 120\u00b0C i wytrzyma\u0142o\u015b\u0107 5 razy wi\u0119ksza ni\u017c zwyk\u0142e lakiery. Zapewnia doskona\u0142\u0105 ochron\u0119 przed uderzeniami, wysok\u0105 temperatur\u0105, uderzeniami kamieni, py\u0142em hamulcowym i korozj\u0105. Jest \u0142atwy w u\u017cyciu i szybko schnie, zapewniaj\u0105c atrakcyjne, g\u0142adkie wyko\u0144czenie o doskona\u0142ej przyczepno\u015bci, kt\u00f3re nie blaknie pod wp\u0142ywem s\u0142o\u0144ca. Nadaje si\u0119 do stosowania na wszystkich rodzajach zagruntowanych felg metalowych, w tym stalowych, aluminiowych i stopowych. Opis \u2022 Odporny na temperatur\u0119 do 120\u00b0C \u2022 Odporny chemicznie na oleje i osad drogowy \u2022 Chroni przed odpryskami i py\u0142em hamulcowym \u2022 5x wytrzymalszy od zwyk\u0142ych lakier\u00f3w \u2022 Szybkoschn\u0105cy \u2013 suchy w dotyku w 30 minut \u2022 Dysza punktowa zapobiegaj\u0105ca zatykaniu \u2013 idealna do powierzchni 3D","og_url":"https:\/\/raptorcoatings.com\/pl\/produkt\/raptor-ochrona-felg-2nd\/","og_site_name":"Raptortough","article_modified_time":"2025-06-19T11:26:55+00:00","og_image":[{"width":1200,"height":1200,"url":"https:\/\/raptorcoatings.com\/wp-content\/uploads\/Wheel-paint.png","type":"image\/png"}],"twitter_card":"summary_large_image","twitter_misc":{"Szacowany czas czytania":"1 minuta"},"schema":{"@context":"https:\/\/schema.org","@graph":[{"@type":"WebPage","@id":"https:\/\/raptorcoatings.com\/pl\/produkt\/raptor-ochrona-felg-2nd\/","url":"https:\/\/raptorcoatings.com\/pl\/produkt\/raptor-ochrona-felg-2nd\/","name":"RAPTOR Ochrona Felg 2nd - Raptortough","isPartOf":{"@id":"https:\/\/raptorcoatings.com\/pl\/#website"},"primaryImageOfPage":{"@id":"https:\/\/raptorcoatings.com\/pl\/produkt\/raptor-ochrona-felg-2nd\/#primaryimage"},"image":{"@id":"https:\/\/raptorcoatings.com\/pl\/produkt\/raptor-ochrona-felg-2nd\/#primaryimage"},"thumbnailUrl":"https:\/\/raptorcoatings.com\/wp-content\/uploads\/Wheel-paint.png","datePublished":"2024-10-30T14:06:18+00:00","dateModified":"2025-06-19T11:26:55+00:00","breadcrumb":{"@id":"https:\/\/raptorcoatings.com\/pl\/produkt\/raptor-ochrona-felg-2nd\/#breadcrumb"},"inLanguage":"pl-PL","potentialAction":[{"@type":"ReadAction","target":["https:\/\/raptorcoatings.com\/pl\/produkt\/raptor-ochrona-felg-2nd\/"]}]},{"@type":"ImageObject","inLanguage":"pl-PL","@id":"https:\/\/raptorcoatings.com\/pl\/produkt\/raptor-ochrona-felg-2nd\/#primaryimage","url":"https:\/\/raptorcoatings.com\/wp-content\/uploads\/Wheel-paint.png","contentUrl":"https:\/\/raptorcoatings.com\/wp-content\/uploads\/Wheel-paint.png","width":1200,"height":1200},{"@type":"BreadcrumbList","@id":"https:\/\/raptorcoatings.com\/pl\/produkt\/raptor-ochrona-felg-2nd\/#breadcrumb","itemListElement":[{"@type":"ListItem","position":1,"name":"Home","item":"https:\/\/raptorcoatings.com\/pl\/"},{"@type":"ListItem","position":2,"name":"Produkty","item":"https:\/\/raptorcoatings.com\/pl\/produkty\/"},{"@type":"ListItem","position":3,"name":"RAPTOR Ochrona Felg 2nd"}]},{"@type":"WebSite","@id":"https:\/\/raptorcoatings.com\/pl\/#website","url":"https:\/\/raptorcoatings.com\/pl\/","name":"Raptor Coatings","description":"","potentialAction":[{"@type":"SearchAction","target":{"@type":"EntryPoint","urlTemplate":"https:\/\/raptorcoatings.com\/pl\/?s={search_term_string}"},"query-input":{"@type":"PropertyValueSpecification","valueRequired":true,"valueName":"search_term_string"}}],"inLanguage":"pl-PL"}]}},"_links":{"self":[{"href":"https:\/\/raptorcoatings.com\/pl\/wp-json\/wp\/v2\/product\/55658","targetHints":{"allow":["GET"]}}],"collection":[{"href":"https:\/\/raptorcoatings.com\/pl\/wp-json\/wp\/v2\/product"}],"about":[{"href":"https:\/\/raptorcoatings.com\/pl\/wp-json\/wp\/v2\/types\/product"}],"wp:featuredmedia":[{"embeddable":true,"href":"https:\/\/raptorcoatings.com\/pl\/wp-json\/wp\/v2\/media\/77040"}],"wp:attachment":[{"href":"https:\/\/raptorcoatings.com\/pl\/wp-json\/wp\/v2\/media?parent=55658"}],"wp:term":[{"taxonomy":"product_brand","embeddable":true,"href":"https:\/\/raptorcoatings.com\/pl\/wp-json\/wp\/v2\/product_brand?post=55658"},{"taxonomy":"product_cat","embeddable":true,"href":"https:\/\/raptorcoatings.com\/pl\/wp-json\/wp\/v2\/product_cat?post=55658"},{"taxonomy":"product_tag","embeddable":true,"href":"https:\/\/raptorcoatings.com\/pl\/wp-json\/wp\/v2\/product_tag?post=55658"}],"curies":[{"name":"wp","href":"https:\/\/api.w.org\/{rel}","templated":true}]}}