{"id":54102,"date":"2024-08-27T10:39:29","date_gmt":"2024-08-27T10:39:29","guid":{"rendered":"https:\/\/raptorcoatings.com\/product\/raptor-zabezpieczenie-silnika\/"},"modified":"2025-11-05T10:15:01","modified_gmt":"2025-11-05T10:15:01","slug":"raptor-zabezpieczenie-silnika","status":"publish","type":"product","link":"https:\/\/raptorcoatings.com\/pl\/produkt\/raptor-zabezpieczenie-silnika\/","title":{"rendered":"RAPTOR Zabezpieczenie Silnika"},"content":{"rendered":"<div class=\"fusion-fullwidth fullwidth-box fusion-builder-row-1 fusion-flex-container has-pattern-background has-mask-background nonhundred-percent-fullwidth non-hundred-percent-height-scrolling\" style=\"--awb-border-radius-top-left:0px;--awb-border-radius-top-right:0px;--awb-border-radius-bottom-right:0px;--awb-border-radius-bottom-left:0px;--awb-padding-top:50px;--awb-padding-right:0px;--awb-padding-bottom:0px;--awb-padding-left:0px;--awb-flex-wrap:wrap;\" ><div class=\"fusion-builder-row fusion-row fusion-flex-align-items-flex-start fusion-flex-justify-content-flex-end fusion-flex-content-wrap\" style=\"max-width:calc( 1640px + 12px );margin-left: calc(-12px \/ 2 );margin-right: calc(-12px \/ 2 );\"><div class=\"fusion-layout-column fusion_builder_column fusion-builder-column-0 fusion_builder_column_1_1 1_1 fusion-flex-column\" style=\"--awb-bg-size:cover;--awb-width-large:100%;--awb-margin-top-large:0px;--awb-spacing-right-large:6px;--awb-margin-bottom-large:20px;--awb-spacing-left-large:6px;--awb-width-medium:100%;--awb-order-medium:0;--awb-spacing-right-medium:6px;--awb-spacing-left-medium:6px;--awb-width-small:100%;--awb-order-small:0;--awb-spacing-right-small:6px;--awb-spacing-left-small:6px;\"><div class=\"fusion-column-wrapper fusion-column-has-shadow fusion-flex-justify-content-flex-start fusion-content-layout-column\">\n<div class=\"table-1 productTable\">\n<table width=\"100%\">\n<thead>\n<tr>\n<th align=\"left\">Kod<\/th>\n<th align=\"left\">Opis<\/th>\n<th align=\"left\">Kolor<\/th>\n<th align=\"left\">Sztuk w kartonie<\/th>\n<th align=\"left\">Karta techniczna<\/th>\n<th align=\"left\">Karta charakterystyki<\/th>\n<\/tr>\n<\/thead>\n<tbody>\n<tr>\n<td align=\"left\">REEPG\/AL<\/td>\n<td align=\"left\">355ml (295g) Aerozol<\/td>\n<td align=\"left\">Podk\u0142ad, Szary<\/td>\n<td align=\"left\">12<\/td>\n<td align=\"left\"><a href=\"https:\/\/raptorcoatings.com\/wp-content\/uploads\/RAPTOR-Engine-Enamel-Primer-Aerosol-TDS-PL-1.pdf\">REEPG\/AL-TDS-PL<\/a><\/td>\n<td align=\"left\"><a href=\"https:\/\/raptorcoatings.com\/wp-content\/uploads\/SDS_REEPGAL_RPTR_PL_pl-1.pdf\">REEPG\/AL-SDS-PL<\/a><\/td>\n<\/tr>\n<tr>\n<td align=\"left\">REEBR\/AL<\/td>\n<td align=\"left\">363 ml (295 g) Aerozol<\/td>\n<td align=\"left\">Czerwony Jasny<\/td>\n<td align=\"left\">12<\/td>\n<td align=\"left\"><a href=\"https:\/\/raptorcoatings.com\/wp-content\/uploads\/RAPTOR-Engine-Enamel-Aerosol-TDS-PL-REEFBAL-NEW.pdf\">REEBR\/AL-TDS-PL<\/a><\/td>\n<td align=\"left\"><a href=\"https:\/\/raptorcoatings.com\/wp-content\/uploads\/SDS_REEBRAL_RPTR_PL_pl-1.pdf\">REEBR\/AL-SDS-PL<\/a><\/td>\n<\/tr>\n<tr>\n<td align=\"left\">REEGB\/AL<\/td>\n<td align=\"left\">364ml (295g) Aerozol<\/td>\n<td align=\"left\">Czarny Po\u0142ysk<\/td>\n<td align=\"left\">12<\/td>\n<td align=\"left\"><a href=\"https:\/\/raptorcoatings.com\/wp-content\/uploads\/RAPTOR-Engine-Enamel-Aerosol-TDS-PL-REEFBAL-NEW.pdf\">REEGB\/AL-TDS-PL<\/a><\/td>\n<td align=\"left\"><a href=\"https:\/\/raptorcoatings.com\/wp-content\/uploads\/SDS_REEGBAL_RPTR_PL_pl-1.pdf\">REEGB\/AL-SDS-PL<\/a><\/td>\n<\/tr>\n<tr>\n<td align=\"left\">REESB\/AL<\/td>\n<td align=\"left\">364ml (295g) Aerozol<\/td>\n<td align=\"left\">Czarna Satyna<\/td>\n<td align=\"left\">12<\/td>\n<td align=\"left\"><a href=\"https:\/\/raptorcoatings.com\/wp-content\/uploads\/RAPTOR-Engine-Enamel-Aerosol-TDS-PL-REEFBAL-NEW.pdf\">REESB\/AL-TDS-PL<\/a><\/td>\n<td align=\"left\"><a href=\"https:\/\/raptorcoatings.com\/wp-content\/uploads\/SDS_REESBAL_RPTR_PL_pl-1.pdf\">REESB\/AL-SDS-PL<\/a><\/td>\n<\/tr>\n<tr>\n<td align=\"left\">REEFB\/AL<\/td>\n<td align=\"left\">363 ml (295 g) Aerozol<\/td>\n<td align=\"left\">Czarny Mat<\/td>\n<td align=\"left\">12<\/td>\n<td align=\"left\"><a href=\"https:\/\/raptorcoatings.com\/wp-content\/uploads\/RAPTOR-Engine-Enamel-Aerosol-TDS-PL-REEFBAL-NEW.pdf\">REEFB\/AL-TDS-PL<\/a><\/td>\n<td align=\"left\"><a href=\"https:\/\/raptorcoatings.com\/wp-content\/uploads\/SDS_REEFB_AL_RPTR_GB_en.pdf\">REEFB\/AL-SDS-PL<\/a><\/td>\n<\/tr>\n<tr>\n<td align=\"left\">REEGC\/AL<\/td>\n<td align=\"left\">364ml (295g) Aerozol<\/td>\n<td align=\"left\">Bezbarwny Po\u0142ysk<\/td>\n<td align=\"left\">12<\/td>\n<td align=\"left\"><a href=\"https:\/\/raptorcoatings.com\/wp-content\/uploads\/RAPTOR-Engine-Enamel-Aerosol-Gloss-Clear-TDS-PL-1.pdf\">REEGC\/AL-TDS-PL<\/a><\/td>\n<td align=\"left\"><a href=\"https:\/\/raptorcoatings.com\/wp-content\/uploads\/SDS_REEGC_AL_RPTR_GB_en.pdf\">REEGC\/AL-SDS-PL<\/a><\/td>\n<\/tr>\n<\/tbody>\n<\/table>\n<\/div>\n<div class=\"fusion-text fusion-text-1 fusion-no-medium-visibility fusion-no-large-visibility\"><p style=\"text-align: center;\"><span style=\"color: #ffffff; font-size: 16px;\"><strong>Swipe table<\/strong><\/span> <i class=\"fb-icon-element-1 fb-icon-element fontawesome-icon fa-hand-pointer fas circle-no fusion-text-flow\" style=\"--awb-font-size:20px;--awb-margin-right:10px;\"><\/i><\/p>\n<\/div>\n<div class=\"fusion-text fusion-text-2\"><\/div><\/div><\/div><\/div><\/div>\n","protected":false},"excerpt":{"rendered":"<p>Profesjonalny lakier do silnika, idealny do stosowania na blokach silnika, akcesoriach silnika i innych powierzchniach w komorze silnika. RAPTOR Zabezpieczenie Silnika zawiera \u017cywice ceramiczne, kt\u00f3re s\u0105 odporne na temperatury do 300\u00b0C i s\u0105 do 5 razy wytrzymalsze od zwyk\u0142ych lakier\u00f3w, zapewniaj\u0105c doskona\u0142\u0105 ochron\u0119 przed wysokimi temperaturami, olejem i innymi p\u0142ynami samochodowymi. Jest \u0142atwy w u\u017cyciu i szybko schnie, zapewniaj\u0105c atrakcyjne, g\u0142adkie wyko\u0144czenie o doskona\u0142ej przyczepno\u015bci, kt\u00f3re nie powoduje p\u0119cherzy, \u0142uszczenia si\u0119, p\u0119kni\u0119\u0107 ani odprysk\u00f3w. Nadaje si\u0119 do stosowania na wszystkich rodzajach zagruntowanych metali (stal, aluminium i stopy).<\/p>\n<p>\u2022 Technologia ceramiczna \u2013 odporno\u015b\u0107 na temperatur\u0119 do 300\u00b0C (zachowuje po\u0142ysk)<br \/>\n\u2022 Doskona\u0142a odporno\u015b\u0107 na korozj\u0119<br \/>\n\u2022 Doskona\u0142a przyczepno\u015b\u0107 \u2013 nie tworzy p\u0119cherzy, nie \u0142uszczy si\u0119, nie p\u0119ka ani nie odpryskuje<br \/>\n\u2022 Do 5x wytrzymalszy od zwyk\u0142ych lakier\u00f3w<br \/>\n\u2022 Szybkie schni\u0119cie \u2013 sucho\u015b\u0107 dotykowa w 30 minut<br \/>\n\u2022 Dysza punktowa zapobiegaj\u0105ca zatykaniu \u2013 idealna do powierzchni 3D<\/p>\n","protected":false},"featured_media":76995,"template":"","meta":[],"product_brand":[],"product_cat":[1105,203],"product_tag":[1109,1110],"class_list":{"0":"post-54102","1":"product","2":"type-product","3":"status-publish","4":"has-post-thumbnail","6":"product_cat-wysokotemperaturowe-aerozole-raptor","7":"product_cat-raptor-pl","8":"product_tag-high-heat-pl","9":"product_tag-uk-pl","11":"first","12":"instock","13":"shipping-taxable","14":"product-type-simple"},"gallery_images":[46248,46220,46206,46178,46192],"yoast_head":"<!-- This site is optimized with the Yoast SEO plugin v27.1.1 - https:\/\/yoast.com\/product\/yoast-seo-wordpress\/ -->\n<title>RAPTOR Zabezpieczenie Silnika - Raptortough<\/title>\n<meta name=\"robots\" content=\"index, follow, max-snippet:-1, max-image-preview:large, max-video-preview:-1\" \/>\n<link rel=\"canonical\" href=\"https:\/\/raptorcoatings.com\/pl\/produkt\/raptor-zabezpieczenie-silnika\/\" \/>\n<meta property=\"og:locale\" content=\"pl_PL\" \/>\n<meta property=\"og:type\" content=\"article\" \/>\n<meta property=\"og:title\" content=\"RAPTOR Zabezpieczenie Silnika - Raptortough\" \/>\n<meta property=\"og:description\" content=\"Profesjonalny lakier do silnika, idealny do stosowania na blokach silnika, akcesoriach silnika i innych powierzchniach w komorze silnika. RAPTOR Zabezpieczenie Silnika zawiera \u017cywice ceramiczne, kt\u00f3re s\u0105 odporne na temperatury do 300\u00b0C i s\u0105 do 5 razy wytrzymalsze od zwyk\u0142ych lakier\u00f3w, zapewniaj\u0105c doskona\u0142\u0105 ochron\u0119 przed wysokimi temperaturami, olejem i innymi p\u0142ynami samochodowymi. Jest \u0142atwy w u\u017cyciu i szybko schnie, zapewniaj\u0105c atrakcyjne, g\u0142adkie wyko\u0144czenie o doskona\u0142ej przyczepno\u015bci, kt\u00f3re nie powoduje p\u0119cherzy, \u0142uszczenia si\u0119, p\u0119kni\u0119\u0107 ani odprysk\u00f3w. Nadaje si\u0119 do stosowania na wszystkich rodzajach zagruntowanych metali (stal, aluminium i stopy).  \u2022 Technologia ceramiczna \u2013 odporno\u015b\u0107 na temperatur\u0119 do 300\u00b0C (zachowuje po\u0142ysk) \u2022 Doskona\u0142a odporno\u015b\u0107 na korozj\u0119 \u2022 Doskona\u0142a przyczepno\u015b\u0107 \u2013 nie tworzy p\u0119cherzy, nie \u0142uszczy si\u0119, nie p\u0119ka ani nie odpryskuje \u2022 Do 5x wytrzymalszy od zwyk\u0142ych lakier\u00f3w \u2022 Szybkie schni\u0119cie \u2013 sucho\u015b\u0107 dotykowa w 30 minut \u2022 Dysza punktowa zapobiegaj\u0105ca zatykaniu \u2013 idealna do powierzchni 3D\" \/>\n<meta property=\"og:url\" content=\"https:\/\/raptorcoatings.com\/pl\/produkt\/raptor-zabezpieczenie-silnika\/\" \/>\n<meta property=\"og:site_name\" content=\"Raptortough\" \/>\n<meta property=\"article:modified_time\" content=\"2025-11-05T10:15:01+00:00\" \/>\n<meta property=\"og:image\" content=\"https:\/\/raptorcoatings.com\/wp-content\/uploads\/Engine.png\" \/>\n\t<meta property=\"og:image:width\" content=\"1200\" \/>\n\t<meta property=\"og:image:height\" content=\"1200\" \/>\n\t<meta property=\"og:image:type\" content=\"image\/png\" \/>\n<meta name=\"twitter:card\" content=\"summary_large_image\" \/>\n<meta name=\"twitter:label1\" content=\"Szacowany czas czytania\" \/>\n\t<meta name=\"twitter:data1\" content=\"1 minuta\" \/>\n<script type=\"application\/ld+json\" class=\"yoast-schema-graph\">{\"@context\":\"https:\/\/schema.org\",\"@graph\":[{\"@type\":\"WebPage\",\"@id\":\"https:\/\/raptorcoatings.com\/pl\/produkt\/raptor-zabezpieczenie-silnika\/\",\"url\":\"https:\/\/raptorcoatings.com\/pl\/produkt\/raptor-zabezpieczenie-silnika\/\",\"name\":\"RAPTOR Zabezpieczenie Silnika - Raptortough\",\"isPartOf\":{\"@id\":\"https:\/\/raptorcoatings.com\/pl\/#website\"},\"primaryImageOfPage\":{\"@id\":\"https:\/\/raptorcoatings.com\/pl\/produkt\/raptor-zabezpieczenie-silnika\/#primaryimage\"},\"image\":{\"@id\":\"https:\/\/raptorcoatings.com\/pl\/produkt\/raptor-zabezpieczenie-silnika\/#primaryimage\"},\"thumbnailUrl\":\"https:\/\/raptorcoatings.com\/wp-content\/uploads\/Engine.png\",\"datePublished\":\"2024-08-27T10:39:29+00:00\",\"dateModified\":\"2025-11-05T10:15:01+00:00\",\"breadcrumb\":{\"@id\":\"https:\/\/raptorcoatings.com\/pl\/produkt\/raptor-zabezpieczenie-silnika\/#breadcrumb\"},\"inLanguage\":\"pl-PL\",\"potentialAction\":[{\"@type\":\"ReadAction\",\"target\":[\"https:\/\/raptorcoatings.com\/pl\/produkt\/raptor-zabezpieczenie-silnika\/\"]}]},{\"@type\":\"ImageObject\",\"inLanguage\":\"pl-PL\",\"@id\":\"https:\/\/raptorcoatings.com\/pl\/produkt\/raptor-zabezpieczenie-silnika\/#primaryimage\",\"url\":\"https:\/\/raptorcoatings.com\/wp-content\/uploads\/Engine.png\",\"contentUrl\":\"https:\/\/raptorcoatings.com\/wp-content\/uploads\/Engine.png\",\"width\":1200,\"height\":1200},{\"@type\":\"BreadcrumbList\",\"@id\":\"https:\/\/raptorcoatings.com\/pl\/produkt\/raptor-zabezpieczenie-silnika\/#breadcrumb\",\"itemListElement\":[{\"@type\":\"ListItem\",\"position\":1,\"name\":\"Home\",\"item\":\"https:\/\/raptorcoatings.com\/pl\/\"},{\"@type\":\"ListItem\",\"position\":2,\"name\":\"Produkty\",\"item\":\"https:\/\/raptorcoatings.com\/pl\/produkty\/\"},{\"@type\":\"ListItem\",\"position\":3,\"name\":\"RAPTOR Zabezpieczenie Silnika\"}]},{\"@type\":\"WebSite\",\"@id\":\"https:\/\/raptorcoatings.com\/pl\/#website\",\"url\":\"https:\/\/raptorcoatings.com\/pl\/\",\"name\":\"Raptor Coatings\",\"description\":\"\",\"potentialAction\":[{\"@type\":\"SearchAction\",\"target\":{\"@type\":\"EntryPoint\",\"urlTemplate\":\"https:\/\/raptorcoatings.com\/pl\/?s={search_term_string}\"},\"query-input\":{\"@type\":\"PropertyValueSpecification\",\"valueRequired\":true,\"valueName\":\"search_term_string\"}}],\"inLanguage\":\"pl-PL\"}]}<\/script>\n<!-- \/ Yoast SEO plugin. -->","yoast_head_json":{"title":"RAPTOR Zabezpieczenie Silnika - Raptortough","robots":{"index":"index","follow":"follow","max-snippet":"max-snippet:-1","max-image-preview":"max-image-preview:large","max-video-preview":"max-video-preview:-1"},"canonical":"https:\/\/raptorcoatings.com\/pl\/produkt\/raptor-zabezpieczenie-silnika\/","og_locale":"pl_PL","og_type":"article","og_title":"RAPTOR Zabezpieczenie Silnika - Raptortough","og_description":"Profesjonalny lakier do silnika, idealny do stosowania na blokach silnika, akcesoriach silnika i innych powierzchniach w komorze silnika. RAPTOR Zabezpieczenie Silnika zawiera \u017cywice ceramiczne, kt\u00f3re s\u0105 odporne na temperatury do 300\u00b0C i s\u0105 do 5 razy wytrzymalsze od zwyk\u0142ych lakier\u00f3w, zapewniaj\u0105c doskona\u0142\u0105 ochron\u0119 przed wysokimi temperaturami, olejem i innymi p\u0142ynami samochodowymi. Jest \u0142atwy w u\u017cyciu i szybko schnie, zapewniaj\u0105c atrakcyjne, g\u0142adkie wyko\u0144czenie o doskona\u0142ej przyczepno\u015bci, kt\u00f3re nie powoduje p\u0119cherzy, \u0142uszczenia si\u0119, p\u0119kni\u0119\u0107 ani odprysk\u00f3w. Nadaje si\u0119 do stosowania na wszystkich rodzajach zagruntowanych metali (stal, aluminium i stopy).  \u2022 Technologia ceramiczna \u2013 odporno\u015b\u0107 na temperatur\u0119 do 300\u00b0C (zachowuje po\u0142ysk) \u2022 Doskona\u0142a odporno\u015b\u0107 na korozj\u0119 \u2022 Doskona\u0142a przyczepno\u015b\u0107 \u2013 nie tworzy p\u0119cherzy, nie \u0142uszczy si\u0119, nie p\u0119ka ani nie odpryskuje \u2022 Do 5x wytrzymalszy od zwyk\u0142ych lakier\u00f3w \u2022 Szybkie schni\u0119cie \u2013 sucho\u015b\u0107 dotykowa w 30 minut \u2022 Dysza punktowa zapobiegaj\u0105ca zatykaniu \u2013 idealna do powierzchni 3D","og_url":"https:\/\/raptorcoatings.com\/pl\/produkt\/raptor-zabezpieczenie-silnika\/","og_site_name":"Raptortough","article_modified_time":"2025-11-05T10:15:01+00:00","og_image":[{"width":1200,"height":1200,"url":"https:\/\/raptorcoatings.com\/wp-content\/uploads\/Engine.png","type":"image\/png"}],"twitter_card":"summary_large_image","twitter_misc":{"Szacowany czas czytania":"1 minuta"},"schema":{"@context":"https:\/\/schema.org","@graph":[{"@type":"WebPage","@id":"https:\/\/raptorcoatings.com\/pl\/produkt\/raptor-zabezpieczenie-silnika\/","url":"https:\/\/raptorcoatings.com\/pl\/produkt\/raptor-zabezpieczenie-silnika\/","name":"RAPTOR Zabezpieczenie Silnika - Raptortough","isPartOf":{"@id":"https:\/\/raptorcoatings.com\/pl\/#website"},"primaryImageOfPage":{"@id":"https:\/\/raptorcoatings.com\/pl\/produkt\/raptor-zabezpieczenie-silnika\/#primaryimage"},"image":{"@id":"https:\/\/raptorcoatings.com\/pl\/produkt\/raptor-zabezpieczenie-silnika\/#primaryimage"},"thumbnailUrl":"https:\/\/raptorcoatings.com\/wp-content\/uploads\/Engine.png","datePublished":"2024-08-27T10:39:29+00:00","dateModified":"2025-11-05T10:15:01+00:00","breadcrumb":{"@id":"https:\/\/raptorcoatings.com\/pl\/produkt\/raptor-zabezpieczenie-silnika\/#breadcrumb"},"inLanguage":"pl-PL","potentialAction":[{"@type":"ReadAction","target":["https:\/\/raptorcoatings.com\/pl\/produkt\/raptor-zabezpieczenie-silnika\/"]}]},{"@type":"ImageObject","inLanguage":"pl-PL","@id":"https:\/\/raptorcoatings.com\/pl\/produkt\/raptor-zabezpieczenie-silnika\/#primaryimage","url":"https:\/\/raptorcoatings.com\/wp-content\/uploads\/Engine.png","contentUrl":"https:\/\/raptorcoatings.com\/wp-content\/uploads\/Engine.png","width":1200,"height":1200},{"@type":"BreadcrumbList","@id":"https:\/\/raptorcoatings.com\/pl\/produkt\/raptor-zabezpieczenie-silnika\/#breadcrumb","itemListElement":[{"@type":"ListItem","position":1,"name":"Home","item":"https:\/\/raptorcoatings.com\/pl\/"},{"@type":"ListItem","position":2,"name":"Produkty","item":"https:\/\/raptorcoatings.com\/pl\/produkty\/"},{"@type":"ListItem","position":3,"name":"RAPTOR Zabezpieczenie Silnika"}]},{"@type":"WebSite","@id":"https:\/\/raptorcoatings.com\/pl\/#website","url":"https:\/\/raptorcoatings.com\/pl\/","name":"Raptor Coatings","description":"","potentialAction":[{"@type":"SearchAction","target":{"@type":"EntryPoint","urlTemplate":"https:\/\/raptorcoatings.com\/pl\/?s={search_term_string}"},"query-input":{"@type":"PropertyValueSpecification","valueRequired":true,"valueName":"search_term_string"}}],"inLanguage":"pl-PL"}]}},"_links":{"self":[{"href":"https:\/\/raptorcoatings.com\/pl\/wp-json\/wp\/v2\/product\/54102","targetHints":{"allow":["GET"]}}],"collection":[{"href":"https:\/\/raptorcoatings.com\/pl\/wp-json\/wp\/v2\/product"}],"about":[{"href":"https:\/\/raptorcoatings.com\/pl\/wp-json\/wp\/v2\/types\/product"}],"wp:featuredmedia":[{"embeddable":true,"href":"https:\/\/raptorcoatings.com\/pl\/wp-json\/wp\/v2\/media\/76995"}],"wp:attachment":[{"href":"https:\/\/raptorcoatings.com\/pl\/wp-json\/wp\/v2\/media?parent=54102"}],"wp:term":[{"taxonomy":"product_brand","embeddable":true,"href":"https:\/\/raptorcoatings.com\/pl\/wp-json\/wp\/v2\/product_brand?post=54102"},{"taxonomy":"product_cat","embeddable":true,"href":"https:\/\/raptorcoatings.com\/pl\/wp-json\/wp\/v2\/product_cat?post=54102"},{"taxonomy":"product_tag","embeddable":true,"href":"https:\/\/raptorcoatings.com\/pl\/wp-json\/wp\/v2\/product_tag?post=54102"}],"curies":[{"name":"wp","href":"https:\/\/api.w.org\/{rel}","templated":true}]}}