{"id":54100,"date":"2024-08-27T11:04:54","date_gmt":"2024-08-27T11:04:54","guid":{"rendered":"https:\/\/raptorcoatings.com\/product\/raptor-ognioodporny\/"},"modified":"2025-11-05T10:13:47","modified_gmt":"2025-11-05T10:13:47","slug":"raptor-ognioodporny","status":"publish","type":"product","link":"https:\/\/raptorcoatings.com\/pl\/produkt\/raptor-ognioodporny\/","title":{"rendered":"RAPTOR Ognioodporny"},"content":{"rendered":"<div class=\"fusion-fullwidth fullwidth-box fusion-builder-row-1 fusion-flex-container has-pattern-background has-mask-background nonhundred-percent-fullwidth non-hundred-percent-height-scrolling\" style=\"--awb-border-radius-top-left:0px;--awb-border-radius-top-right:0px;--awb-border-radius-bottom-right:0px;--awb-border-radius-bottom-left:0px;--awb-padding-top:50px;--awb-padding-right:0px;--awb-padding-bottom:0px;--awb-padding-left:0px;--awb-flex-wrap:wrap;\" ><div class=\"fusion-builder-row fusion-row fusion-flex-align-items-flex-start fusion-flex-justify-content-flex-end fusion-flex-content-wrap\" style=\"max-width:calc( 1640px + 12px );margin-left: calc(-12px \/ 2 );margin-right: calc(-12px \/ 2 );\"><div class=\"fusion-layout-column fusion_builder_column fusion-builder-column-0 fusion_builder_column_1_1 1_1 fusion-flex-column\" style=\"--awb-bg-size:cover;--awb-width-large:100%;--awb-margin-top-large:0px;--awb-spacing-right-large:6px;--awb-margin-bottom-large:20px;--awb-spacing-left-large:6px;--awb-width-medium:100%;--awb-order-medium:0;--awb-spacing-right-medium:6px;--awb-spacing-left-medium:6px;--awb-width-small:100%;--awb-order-small:0;--awb-spacing-right-small:6px;--awb-spacing-left-small:6px;\"><div class=\"fusion-column-wrapper fusion-column-has-shadow fusion-flex-justify-content-flex-start fusion-content-layout-column\">\n<div class=\"table-1 productTable\">\n<table width=\"100%\">\n<thead>\n<tr>\n<th align=\"left\">Kod<\/th>\n<th align=\"left\">Opis<\/th>\n<th align=\"left\">Kolor<\/th>\n<th align=\"left\">Sztuk w kartonie<\/th>\n<th align=\"left\">Karta techniczna<\/th>\n<th align=\"left\">Karta charakterystyki<\/th>\n<\/tr>\n<\/thead>\n<tbody>\n<tr>\n<td align=\"left\">RFLPG\/AL<\/td>\n<td align=\"left\">336 ml (295 g) Aerozol<\/td>\n<td align=\"left\">Podk\u0142ad, Szary<\/td>\n<td align=\"left\">12<\/td>\n<td align=\"left\"><a href=\"https:\/\/raptorcoatings.com\/wp-content\/uploads\/RAPTOR-Flame-Proof-Primer-Aerosol-TDS-PL-1.pdf\">RFLPG\/AL-TDS-PL<\/a><\/td>\n<td align=\"left\"><a href=\"https:\/\/use-qa-inf-apiacs.azure-api.net\/publishedsds\/item\/32220\">RFLPG\/AL-SDS-PL<\/a><\/td>\n<\/tr>\n<tr>\n<td align=\"left\">RFLSC\/AL<\/td>\n<td align=\"left\">361ml (295g) Aerozol<\/td>\n<td align=\"left\">Bezbarwny Satyna<\/td>\n<td align=\"left\">12<\/td>\n<td align=\"left\"><a href=\"https:\/\/raptorcoatings.com\/wp-content\/uploads\/RAPTOR-Flame-Proof-Aerosol-Satin-Clear-TDS-PL-1.pdf\">RFLSC\/AL-TDS-PL<\/a><\/td>\n<td align=\"left\"><a href=\"https:\/\/use-qa-inf-apiacs.azure-api.net\/publishedsds\/item\/32222\">RFLSC\/AL-SDS-PL<\/a><\/td>\n<\/tr>\n<tr>\n<td align=\"left\">RFLFB\/AL<\/td>\n<td align=\"left\">338ml (295g) Aerozol<\/td>\n<td align=\"left\">Czarny Mat<\/td>\n<td align=\"left\">12<\/td>\n<td align=\"left\"><a href=\"https:\/\/raptorcoatings.com\/wp-content\/uploads\/RAPTOR-Flame-Proof-Aerosol-TDS-PL-1.pdf\">RFLFB\/AL-TDS-PL<\/a><\/td>\n<td align=\"left\"><a href=\"https:\/\/use-qa-inf-apiacs.azure-api.net\/publishedsds\/item\/32219\">RFLFB\/AL-SDS-PL<\/a><\/td>\n<\/tr>\n<tr>\n<td align=\"left\">RFLFR\/AL<\/td>\n<td align=\"left\">352ml (295g) Aerozol<\/td>\n<td align=\"left\">Czerwony Matowy<\/td>\n<td align=\"left\">12<\/td>\n<td align=\"left\"><a href=\"https:\/\/raptorcoatings.com\/wp-content\/uploads\/RAPTOR-Flame-Proof-Aerosol-TDS-PL-1.pdf\">RFLFR\/AL-TDS-PL<\/a><\/td>\n<td align=\"left\"><a href=\"https:\/\/use-qa-inf-apiacs.azure-api.net\/publishedsds\/item\/32331\">RFLFR\/AL-SDS-PL<\/a><\/td>\n<\/tr>\n<\/tbody>\n<\/table>\n<\/div>\n<div class=\"fusion-text fusion-text-1 fusion-no-medium-visibility fusion-no-large-visibility\"><p style=\"text-align: center;\"><span style=\"color: #ffffff; font-size: 16px;\"><strong>Swipe table<\/strong><\/span> <i class=\"fb-icon-element-1 fb-icon-element fontawesome-icon fa-hand-pointer fas circle-no fusion-text-flow\" style=\"--awb-font-size:20px;--awb-margin-right:10px;\"><\/i><\/p>\n<\/div>\n<div class=\"fusion-text fusion-text-2\"><\/div><div class=\"fusion-text fusion-text-3\"><\/div><\/div><\/div><\/div><\/div>\n","protected":false},"excerpt":{"rendered":"<p>Profesjonalny lakier ognioodporny, idealny do stosowania na kolektorach wydechowych silnika, ko\u0144c\u00f3wkach wydechu, uk\u0142adach wydechowych i innych obszarach wymagaj\u0105cych ochrony przed bardzo wysokimi temperaturami. RAPTOR Ognioodporny opiera si\u0119 na zaawansowanej technologii ceramicznej i pigmentach odpornych na wysokie temperatury, kt\u00f3re wytrzymuj\u0105 temperatury do 1000\u00b0C i jest do 5 razy bardziej wytrzyma\u0142y ni\u017c zwyk\u0142e lakiery. Po ca\u0142kowitym utwardzeniu zapewnia doskona\u0142\u0105 ochron\u0119 przed wysok\u0105 temperatur\u0105, olejem i innymi p\u0142ynami samochodowymi. Jest \u0142atwy w u\u017cyciu i szybko schnie, zapewniaj\u0105c atrakcyjne, g\u0142adkie wyko\u0144czenie o doskona\u0142ej przyczepno\u015bci, kt\u00f3re nie powoduje p\u0119cherzy, \u0142uszczenia si\u0119, p\u0119kania ani odprysk\u00f3w. Nadaje si\u0119 do stosowania na wszystkich rodzajach zagruntowanych metali, w tym stali i stopach.<\/p>\n<p>\u2022 Zaawansowana technologia ceramiczna (zawiera nowatorsk\u0105 technologi\u0119 pigment\u00f3w odpornych na wysokie temperatury) \u2013 odporno\u015b\u0107 na temperatur\u0119 do 1000\u00b0C<br \/>\n\u2022 Doskona\u0142a ochrona przed wysok\u0105 temperatur\u0105, olejem i innymi p\u0142ynami samochodowymi<br \/>\n\u2022 Doskona\u0142a przyczepno\u015b\u0107 \u2013 nie tworzy p\u0119cherzy, nie \u0142uszczy si\u0119, nie p\u0119ka ani nie odpryskuje<br \/>\n\u2022 Dysza punktowa zapobiegaj\u0105ca zatykaniu \u2013 idealna do powierzchni 3D<br \/>\n\u2022 Do 5x wytrzymalszy ni\u017c zwyk\u0142e lakiery<\/p>\n","protected":false},"featured_media":77010,"template":"","meta":[],"product_brand":[],"product_cat":[1105,203],"product_tag":[1109,1110],"class_list":{"0":"post-54100","1":"product","2":"type-product","3":"status-publish","4":"has-post-thumbnail","6":"product_cat-wysokotemperaturowe-aerozole-raptor","7":"product_cat-raptor-pl","8":"product_tag-high-heat-pl","9":"product_tag-uk-pl","11":"first","12":"instock","13":"shipping-taxable","14":"product-type-simple"},"gallery_images":[46290,46276,46262],"yoast_head":"<!-- This site is optimized with the Yoast SEO plugin v27.1.1 - https:\/\/yoast.com\/product\/yoast-seo-wordpress\/ -->\n<title>RAPTOR Ognioodporny - Raptortough<\/title>\n<meta name=\"robots\" content=\"index, follow, max-snippet:-1, max-image-preview:large, max-video-preview:-1\" \/>\n<link rel=\"canonical\" href=\"https:\/\/raptorcoatings.com\/pl\/produkt\/raptor-ognioodporny\/\" \/>\n<meta property=\"og:locale\" content=\"pl_PL\" \/>\n<meta property=\"og:type\" content=\"article\" \/>\n<meta property=\"og:title\" content=\"RAPTOR Ognioodporny - Raptortough\" \/>\n<meta property=\"og:description\" content=\"Profesjonalny lakier ognioodporny, idealny do stosowania na kolektorach wydechowych silnika, ko\u0144c\u00f3wkach wydechu, uk\u0142adach wydechowych i innych obszarach wymagaj\u0105cych ochrony przed bardzo wysokimi temperaturami. RAPTOR Ognioodporny opiera si\u0119 na zaawansowanej technologii ceramicznej i pigmentach odpornych na wysokie temperatury, kt\u00f3re wytrzymuj\u0105 temperatury do 1000\u00b0C i jest do 5 razy bardziej wytrzyma\u0142y ni\u017c zwyk\u0142e lakiery. Po ca\u0142kowitym utwardzeniu zapewnia doskona\u0142\u0105 ochron\u0119 przed wysok\u0105 temperatur\u0105, olejem i innymi p\u0142ynami samochodowymi. Jest \u0142atwy w u\u017cyciu i szybko schnie, zapewniaj\u0105c atrakcyjne, g\u0142adkie wyko\u0144czenie o doskona\u0142ej przyczepno\u015bci, kt\u00f3re nie powoduje p\u0119cherzy, \u0142uszczenia si\u0119, p\u0119kania ani odprysk\u00f3w. Nadaje si\u0119 do stosowania na wszystkich rodzajach zagruntowanych metali, w tym stali i stopach.  \u2022 Zaawansowana technologia ceramiczna (zawiera nowatorsk\u0105 technologi\u0119 pigment\u00f3w odpornych na wysokie temperatury) \u2013 odporno\u015b\u0107 na temperatur\u0119 do 1000\u00b0C \u2022 Doskona\u0142a ochrona przed wysok\u0105 temperatur\u0105, olejem i innymi p\u0142ynami samochodowymi \u2022 Doskona\u0142a przyczepno\u015b\u0107 \u2013 nie tworzy p\u0119cherzy, nie \u0142uszczy si\u0119, nie p\u0119ka ani nie odpryskuje \u2022 Dysza punktowa zapobiegaj\u0105ca zatykaniu \u2013 idealna do powierzchni 3D \u2022 Do 5x wytrzymalszy ni\u017c zwyk\u0142e lakiery\" \/>\n<meta property=\"og:url\" content=\"https:\/\/raptorcoatings.com\/pl\/produkt\/raptor-ognioodporny\/\" \/>\n<meta property=\"og:site_name\" content=\"Raptortough\" \/>\n<meta property=\"article:modified_time\" content=\"2025-11-05T10:13:47+00:00\" \/>\n<meta property=\"og:image\" content=\"https:\/\/raptorcoatings.com\/wp-content\/uploads\/Flame-proof.png\" \/>\n\t<meta property=\"og:image:width\" content=\"1200\" \/>\n\t<meta property=\"og:image:height\" content=\"1200\" \/>\n\t<meta property=\"og:image:type\" content=\"image\/png\" \/>\n<meta name=\"twitter:card\" content=\"summary_large_image\" \/>\n<meta name=\"twitter:label1\" content=\"Szacowany czas czytania\" \/>\n\t<meta name=\"twitter:data1\" content=\"1 minuta\" \/>\n<script type=\"application\/ld+json\" class=\"yoast-schema-graph\">{\"@context\":\"https:\/\/schema.org\",\"@graph\":[{\"@type\":\"WebPage\",\"@id\":\"https:\/\/raptorcoatings.com\/pl\/produkt\/raptor-ognioodporny\/\",\"url\":\"https:\/\/raptorcoatings.com\/pl\/produkt\/raptor-ognioodporny\/\",\"name\":\"RAPTOR Ognioodporny - Raptortough\",\"isPartOf\":{\"@id\":\"https:\/\/raptorcoatings.com\/pl\/#website\"},\"primaryImageOfPage\":{\"@id\":\"https:\/\/raptorcoatings.com\/pl\/produkt\/raptor-ognioodporny\/#primaryimage\"},\"image\":{\"@id\":\"https:\/\/raptorcoatings.com\/pl\/produkt\/raptor-ognioodporny\/#primaryimage\"},\"thumbnailUrl\":\"https:\/\/raptorcoatings.com\/wp-content\/uploads\/Flame-proof.png\",\"datePublished\":\"2024-08-27T11:04:54+00:00\",\"dateModified\":\"2025-11-05T10:13:47+00:00\",\"breadcrumb\":{\"@id\":\"https:\/\/raptorcoatings.com\/pl\/produkt\/raptor-ognioodporny\/#breadcrumb\"},\"inLanguage\":\"pl-PL\",\"potentialAction\":[{\"@type\":\"ReadAction\",\"target\":[\"https:\/\/raptorcoatings.com\/pl\/produkt\/raptor-ognioodporny\/\"]}]},{\"@type\":\"ImageObject\",\"inLanguage\":\"pl-PL\",\"@id\":\"https:\/\/raptorcoatings.com\/pl\/produkt\/raptor-ognioodporny\/#primaryimage\",\"url\":\"https:\/\/raptorcoatings.com\/wp-content\/uploads\/Flame-proof.png\",\"contentUrl\":\"https:\/\/raptorcoatings.com\/wp-content\/uploads\/Flame-proof.png\",\"width\":1200,\"height\":1200},{\"@type\":\"BreadcrumbList\",\"@id\":\"https:\/\/raptorcoatings.com\/pl\/produkt\/raptor-ognioodporny\/#breadcrumb\",\"itemListElement\":[{\"@type\":\"ListItem\",\"position\":1,\"name\":\"Home\",\"item\":\"https:\/\/raptorcoatings.com\/pl\/\"},{\"@type\":\"ListItem\",\"position\":2,\"name\":\"Produkty\",\"item\":\"https:\/\/raptorcoatings.com\/pl\/produkty\/\"},{\"@type\":\"ListItem\",\"position\":3,\"name\":\"RAPTOR Ognioodporny\"}]},{\"@type\":\"WebSite\",\"@id\":\"https:\/\/raptorcoatings.com\/pl\/#website\",\"url\":\"https:\/\/raptorcoatings.com\/pl\/\",\"name\":\"Raptor Coatings\",\"description\":\"\",\"potentialAction\":[{\"@type\":\"SearchAction\",\"target\":{\"@type\":\"EntryPoint\",\"urlTemplate\":\"https:\/\/raptorcoatings.com\/pl\/?s={search_term_string}\"},\"query-input\":{\"@type\":\"PropertyValueSpecification\",\"valueRequired\":true,\"valueName\":\"search_term_string\"}}],\"inLanguage\":\"pl-PL\"}]}<\/script>\n<!-- \/ Yoast SEO plugin. -->","yoast_head_json":{"title":"RAPTOR Ognioodporny - Raptortough","robots":{"index":"index","follow":"follow","max-snippet":"max-snippet:-1","max-image-preview":"max-image-preview:large","max-video-preview":"max-video-preview:-1"},"canonical":"https:\/\/raptorcoatings.com\/pl\/produkt\/raptor-ognioodporny\/","og_locale":"pl_PL","og_type":"article","og_title":"RAPTOR Ognioodporny - Raptortough","og_description":"Profesjonalny lakier ognioodporny, idealny do stosowania na kolektorach wydechowych silnika, ko\u0144c\u00f3wkach wydechu, uk\u0142adach wydechowych i innych obszarach wymagaj\u0105cych ochrony przed bardzo wysokimi temperaturami. RAPTOR Ognioodporny opiera si\u0119 na zaawansowanej technologii ceramicznej i pigmentach odpornych na wysokie temperatury, kt\u00f3re wytrzymuj\u0105 temperatury do 1000\u00b0C i jest do 5 razy bardziej wytrzyma\u0142y ni\u017c zwyk\u0142e lakiery. Po ca\u0142kowitym utwardzeniu zapewnia doskona\u0142\u0105 ochron\u0119 przed wysok\u0105 temperatur\u0105, olejem i innymi p\u0142ynami samochodowymi. Jest \u0142atwy w u\u017cyciu i szybko schnie, zapewniaj\u0105c atrakcyjne, g\u0142adkie wyko\u0144czenie o doskona\u0142ej przyczepno\u015bci, kt\u00f3re nie powoduje p\u0119cherzy, \u0142uszczenia si\u0119, p\u0119kania ani odprysk\u00f3w. Nadaje si\u0119 do stosowania na wszystkich rodzajach zagruntowanych metali, w tym stali i stopach.  \u2022 Zaawansowana technologia ceramiczna (zawiera nowatorsk\u0105 technologi\u0119 pigment\u00f3w odpornych na wysokie temperatury) \u2013 odporno\u015b\u0107 na temperatur\u0119 do 1000\u00b0C \u2022 Doskona\u0142a ochrona przed wysok\u0105 temperatur\u0105, olejem i innymi p\u0142ynami samochodowymi \u2022 Doskona\u0142a przyczepno\u015b\u0107 \u2013 nie tworzy p\u0119cherzy, nie \u0142uszczy si\u0119, nie p\u0119ka ani nie odpryskuje \u2022 Dysza punktowa zapobiegaj\u0105ca zatykaniu \u2013 idealna do powierzchni 3D \u2022 Do 5x wytrzymalszy ni\u017c zwyk\u0142e lakiery","og_url":"https:\/\/raptorcoatings.com\/pl\/produkt\/raptor-ognioodporny\/","og_site_name":"Raptortough","article_modified_time":"2025-11-05T10:13:47+00:00","og_image":[{"width":1200,"height":1200,"url":"https:\/\/raptorcoatings.com\/wp-content\/uploads\/Flame-proof.png","type":"image\/png"}],"twitter_card":"summary_large_image","twitter_misc":{"Szacowany czas czytania":"1 minuta"},"schema":{"@context":"https:\/\/schema.org","@graph":[{"@type":"WebPage","@id":"https:\/\/raptorcoatings.com\/pl\/produkt\/raptor-ognioodporny\/","url":"https:\/\/raptorcoatings.com\/pl\/produkt\/raptor-ognioodporny\/","name":"RAPTOR Ognioodporny - Raptortough","isPartOf":{"@id":"https:\/\/raptorcoatings.com\/pl\/#website"},"primaryImageOfPage":{"@id":"https:\/\/raptorcoatings.com\/pl\/produkt\/raptor-ognioodporny\/#primaryimage"},"image":{"@id":"https:\/\/raptorcoatings.com\/pl\/produkt\/raptor-ognioodporny\/#primaryimage"},"thumbnailUrl":"https:\/\/raptorcoatings.com\/wp-content\/uploads\/Flame-proof.png","datePublished":"2024-08-27T11:04:54+00:00","dateModified":"2025-11-05T10:13:47+00:00","breadcrumb":{"@id":"https:\/\/raptorcoatings.com\/pl\/produkt\/raptor-ognioodporny\/#breadcrumb"},"inLanguage":"pl-PL","potentialAction":[{"@type":"ReadAction","target":["https:\/\/raptorcoatings.com\/pl\/produkt\/raptor-ognioodporny\/"]}]},{"@type":"ImageObject","inLanguage":"pl-PL","@id":"https:\/\/raptorcoatings.com\/pl\/produkt\/raptor-ognioodporny\/#primaryimage","url":"https:\/\/raptorcoatings.com\/wp-content\/uploads\/Flame-proof.png","contentUrl":"https:\/\/raptorcoatings.com\/wp-content\/uploads\/Flame-proof.png","width":1200,"height":1200},{"@type":"BreadcrumbList","@id":"https:\/\/raptorcoatings.com\/pl\/produkt\/raptor-ognioodporny\/#breadcrumb","itemListElement":[{"@type":"ListItem","position":1,"name":"Home","item":"https:\/\/raptorcoatings.com\/pl\/"},{"@type":"ListItem","position":2,"name":"Produkty","item":"https:\/\/raptorcoatings.com\/pl\/produkty\/"},{"@type":"ListItem","position":3,"name":"RAPTOR Ognioodporny"}]},{"@type":"WebSite","@id":"https:\/\/raptorcoatings.com\/pl\/#website","url":"https:\/\/raptorcoatings.com\/pl\/","name":"Raptor Coatings","description":"","potentialAction":[{"@type":"SearchAction","target":{"@type":"EntryPoint","urlTemplate":"https:\/\/raptorcoatings.com\/pl\/?s={search_term_string}"},"query-input":{"@type":"PropertyValueSpecification","valueRequired":true,"valueName":"search_term_string"}}],"inLanguage":"pl-PL"}]}},"_links":{"self":[{"href":"https:\/\/raptorcoatings.com\/pl\/wp-json\/wp\/v2\/product\/54100","targetHints":{"allow":["GET"]}}],"collection":[{"href":"https:\/\/raptorcoatings.com\/pl\/wp-json\/wp\/v2\/product"}],"about":[{"href":"https:\/\/raptorcoatings.com\/pl\/wp-json\/wp\/v2\/types\/product"}],"wp:featuredmedia":[{"embeddable":true,"href":"https:\/\/raptorcoatings.com\/pl\/wp-json\/wp\/v2\/media\/77010"}],"wp:attachment":[{"href":"https:\/\/raptorcoatings.com\/pl\/wp-json\/wp\/v2\/media?parent=54100"}],"wp:term":[{"taxonomy":"product_brand","embeddable":true,"href":"https:\/\/raptorcoatings.com\/pl\/wp-json\/wp\/v2\/product_brand?post=54100"},{"taxonomy":"product_cat","embeddable":true,"href":"https:\/\/raptorcoatings.com\/pl\/wp-json\/wp\/v2\/product_cat?post=54100"},{"taxonomy":"product_tag","embeddable":true,"href":"https:\/\/raptorcoatings.com\/pl\/wp-json\/wp\/v2\/product_tag?post=54100"}],"curies":[{"name":"wp","href":"https:\/\/api.w.org\/{rel}","templated":true}]}}