{"id":47439,"date":"2024-08-27T10:56:50","date_gmt":"2024-08-27T10:56:50","guid":{"rendered":"https:\/\/raptorcoatings.com\/?post_type=product&#038;p=47439"},"modified":"2026-03-20T14:52:14","modified_gmt":"2026-03-20T14:52:14","slug":"vernice-smal-per-to-pinze-raptor","status":"publish","type":"product","link":"https:\/\/raptorcoatings.com\/it\/prodotto\/vernice-smal-per-to-pinze-raptor\/","title":{"rendered":"VERNICE PER PINZE RAPTOR"},"content":{"rendered":"<div class=\"fusion-fullwidth fullwidth-box fusion-builder-row-1 fusion-flex-container has-pattern-background has-mask-background nonhundred-percent-fullwidth non-hundred-percent-height-scrolling\" style=\"--awb-border-radius-top-left:0px;--awb-border-radius-top-right:0px;--awb-border-radius-bottom-right:0px;--awb-border-radius-bottom-left:0px;--awb-padding-top:50px;--awb-padding-right:0px;--awb-padding-bottom:0px;--awb-padding-left:0px;--awb-flex-wrap:wrap;\" ><div class=\"fusion-builder-row fusion-row fusion-flex-align-items-flex-start fusion-flex-justify-content-flex-end fusion-flex-content-wrap\" style=\"max-width:calc( 1640px + 12px );margin-left: calc(-12px \/ 2 );margin-right: calc(-12px \/ 2 );\"><div class=\"fusion-layout-column fusion_builder_column fusion-builder-column-0 fusion_builder_column_1_1 1_1 fusion-flex-column\" style=\"--awb-bg-size:cover;--awb-width-large:100%;--awb-margin-top-large:0px;--awb-spacing-right-large:6px;--awb-margin-bottom-large:20px;--awb-spacing-left-large:6px;--awb-width-medium:100%;--awb-order-medium:0;--awb-spacing-right-medium:6px;--awb-spacing-left-medium:6px;--awb-width-small:100%;--awb-order-small:0;--awb-spacing-right-small:6px;--awb-spacing-left-small:6px;\"><div class=\"fusion-column-wrapper fusion-column-has-shadow fusion-flex-justify-content-flex-start fusion-content-layout-column\">\n<div class=\"table-1 productTable\">\n<table width=\"100%\">\n<thead>\n<tr>\n<th align=\"left\">Codice articolo<\/th>\n<th align=\"left\">Dimensioni\/confezione<\/th>\n<th align=\"left\">Colore<\/th>\n<th align=\"left\">Unit\u00e0 per scatola<\/th>\n<th align=\"left\">Scheda tecnica<\/th>\n<th align=\"left\">Scheda di sicurezza<\/th>\n<\/tr>\n<\/thead>\n<tbody>\n<tr>\n<td align=\"left\">RCESB\/AL<\/td>\n<td align=\"left\">Spray 360ml (295g)<\/td>\n<td align=\"left\">Nero satinato<\/td>\n<td align=\"left\">12<\/td>\n<td align=\"left\"><a href=\"https:\/\/raptorcoatings.com\/wp-content\/uploads\/RAPTOR-Caliper-Enamel-Aerosol-TDS-IT.pdf\">RCESB-TDS-IT<\/a><\/td>\n<td align=\"left\"><a href=\"https:\/\/use-qa-inf-apiacs.azure-api.net\/publishedsds\/item\/32660\">RCESB-SDS-IT<\/a><\/td>\n<\/tr>\n<tr>\n<td align=\"left\">RCERR\/AL<\/td>\n<td align=\"left\">Spray 357ml (295g)<\/td>\n<td align=\"left\">Vero rosso<\/td>\n<td align=\"left\">12<\/td>\n<td align=\"left\"><a href=\"https:\/\/raptorcoatings.com\/wp-content\/uploads\/RAPTOR-Caliper-Enamel-Aerosol-TDS-IT.pdf\">RCERR-TDS-IT<\/a><\/td>\n<td align=\"left\"><a href=\"https:\/\/use-qa-inf-apiacs.azure-api.net\/publishedsds\/item\/32665\">RCERR-SDS-IT<\/a><\/td>\n<\/tr>\n<\/tbody>\n<\/table>\n<\/div>\n<div class=\"fusion-text fusion-text-1 fusion-no-medium-visibility fusion-no-large-visibility\"><p style=\"text-align: center;\"><span style=\"color: #ffffff; font-size: 16px;\"><strong>Swipe table<\/strong><\/span> <i class=\"fb-icon-element-1 fb-icon-element fontawesome-icon fa-hand-pointer fas circle-no fusion-text-flow\" style=\"--awb-font-size:20px;--awb-margin-right:10px;\"><\/i><\/p>\n<\/div>\n<div class=\"fusion-text fusion-text-2\"><\/div><\/div><\/div><\/div><\/div>\n","protected":false},"excerpt":{"rendered":"<p>Una vernice di qualit\u00e0 professionale, ideale per personalizzare e prolungare la durata delle pinze dei freni. La vernice per pinze RAPTOR contiene resine ceramiche che resistono a temperature fino a 500\u00b0C ed \u00e8 5 volte pi\u00f9 resistente delle vernici ordinarie. Fornisce una protezione superiore da impatto, calore, polvere dei freni, fluidi per autoveicoli e corrosione. \u00c8 facile da usare, si asciuga rapidamente e crea una finitura liscia e attraente con un&#8217;eccellente adesione che non forma bolle, non si stacca, non si screpola o non si sfoglia. \u00c8 anche autoprimerizzante, quindi pu\u00f2 essere utilizzata direttamente sulla maggior parte dei metalli preparati senza necessit\u00e0 di primer.<\/p>\n<p>\u2022 Tecnologia ceramica avanzata \u2013 resistente al calore fino a 500\u00b0C<br \/>\n\u2022 Finitura altamente lucida<br \/>\n\u2022 Resistenza alla corrosione superiore<br \/>\n\u2022 5 volte pi\u00f9 resistente delle vernici ordinarie<br \/>\n\u2022 Direttamente sul metallo \u2013 senza necessit\u00e0 di primer<br \/>\n\u2022 Ugello anti-intasamento \u2013 ideale per coprire le pinze dei freni<\/p>\n","protected":false},"featured_media":77063,"template":"","meta":[],"product_brand":[],"product_cat":[936,1094],"product_tag":[1097,986],"class_list":{"0":"post-47439","1":"product","2":"type-product","3":"status-publish","4":"has-post-thumbnail","6":"product_cat-raptor-it","7":"product_cat-high-heat-it","8":"product_tag-high-heat","9":"product_tag-uk-it","11":"first","12":"instock","13":"shipping-taxable","14":"product-type-simple"},"gallery_images":[46150],"yoast_head":"<!-- This site is optimized with the Yoast SEO plugin v27.1.1 - https:\/\/yoast.com\/product\/yoast-seo-wordpress\/ -->\n<title>VERNICE PER PINZE RAPTOR - Raptortough<\/title>\n<meta name=\"robots\" content=\"index, follow, max-snippet:-1, max-image-preview:large, max-video-preview:-1\" \/>\n<link rel=\"canonical\" href=\"https:\/\/raptorcoatings.com\/it\/prodotto\/vernice-smal-per-to-pinze-raptor\/\" \/>\n<meta property=\"og:locale\" content=\"it_IT\" \/>\n<meta property=\"og:type\" content=\"article\" \/>\n<meta property=\"og:title\" content=\"VERNICE PER PINZE RAPTOR - Raptortough\" \/>\n<meta property=\"og:description\" content=\"Una vernice di qualit\u00e0 professionale, ideale per personalizzare e prolungare la durata delle pinze dei freni. La vernice per pinze RAPTOR contiene resine ceramiche che resistono a temperature fino a 500\u00b0C ed \u00e8 5 volte pi\u00f9 resistente delle vernici ordinarie. Fornisce una protezione superiore da impatto, calore, polvere dei freni, fluidi per autoveicoli e corrosione. \u00c8 facile da usare, si asciuga rapidamente e crea una finitura liscia e attraente con un&#039;eccellente adesione che non forma bolle, non si stacca, non si screpola o non si sfoglia. \u00c8 anche autoprimerizzante, quindi pu\u00f2 essere utilizzata direttamente sulla maggior parte dei metalli preparati senza necessit\u00e0 di primer.  \u2022 Tecnologia ceramica avanzata \u2013 resistente al calore fino a 500\u00b0C \u2022 Finitura altamente lucida \u2022 Resistenza alla corrosione superiore \u2022 5 volte pi\u00f9 resistente delle vernici ordinarie \u2022 Direttamente sul metallo \u2013 senza necessit\u00e0 di primer \u2022 Ugello anti-intasamento \u2013 ideale per coprire le pinze dei freni\" \/>\n<meta property=\"og:url\" content=\"https:\/\/raptorcoatings.com\/it\/prodotto\/vernice-smal-per-to-pinze-raptor\/\" \/>\n<meta property=\"og:site_name\" content=\"Raptortough\" \/>\n<meta property=\"article:modified_time\" content=\"2026-03-20T14:52:14+00:00\" \/>\n<meta property=\"og:image\" content=\"https:\/\/raptorcoatings.com\/wp-content\/uploads\/Caliper-Enamel.png\" \/>\n\t<meta property=\"og:image:width\" content=\"1200\" \/>\n\t<meta property=\"og:image:height\" content=\"1200\" \/>\n\t<meta property=\"og:image:type\" content=\"image\/png\" \/>\n<meta name=\"twitter:card\" content=\"summary_large_image\" \/>\n<meta name=\"twitter:label1\" content=\"Tempo di lettura stimato\" \/>\n\t<meta name=\"twitter:data1\" content=\"1 minuto\" \/>\n<script type=\"application\/ld+json\" class=\"yoast-schema-graph\">{\"@context\":\"https:\/\/schema.org\",\"@graph\":[{\"@type\":\"WebPage\",\"@id\":\"https:\/\/raptorcoatings.com\/it\/prodotto\/vernice-smal-per-to-pinze-raptor\/\",\"url\":\"https:\/\/raptorcoatings.com\/it\/prodotto\/vernice-smal-per-to-pinze-raptor\/\",\"name\":\"VERNICE PER PINZE RAPTOR - Raptortough\",\"isPartOf\":{\"@id\":\"https:\/\/raptorcoatings.com\/it\/#website\"},\"primaryImageOfPage\":{\"@id\":\"https:\/\/raptorcoatings.com\/it\/prodotto\/vernice-smal-per-to-pinze-raptor\/#primaryimage\"},\"image\":{\"@id\":\"https:\/\/raptorcoatings.com\/it\/prodotto\/vernice-smal-per-to-pinze-raptor\/#primaryimage\"},\"thumbnailUrl\":\"https:\/\/raptorcoatings.com\/wp-content\/uploads\/Caliper-Enamel.png\",\"datePublished\":\"2024-08-27T10:56:50+00:00\",\"dateModified\":\"2026-03-20T14:52:14+00:00\",\"breadcrumb\":{\"@id\":\"https:\/\/raptorcoatings.com\/it\/prodotto\/vernice-smal-per-to-pinze-raptor\/#breadcrumb\"},\"inLanguage\":\"it-IT\",\"potentialAction\":[{\"@type\":\"ReadAction\",\"target\":[\"https:\/\/raptorcoatings.com\/it\/prodotto\/vernice-smal-per-to-pinze-raptor\/\"]}]},{\"@type\":\"ImageObject\",\"inLanguage\":\"it-IT\",\"@id\":\"https:\/\/raptorcoatings.com\/it\/prodotto\/vernice-smal-per-to-pinze-raptor\/#primaryimage\",\"url\":\"https:\/\/raptorcoatings.com\/wp-content\/uploads\/Caliper-Enamel.png\",\"contentUrl\":\"https:\/\/raptorcoatings.com\/wp-content\/uploads\/Caliper-Enamel.png\",\"width\":1200,\"height\":1200},{\"@type\":\"BreadcrumbList\",\"@id\":\"https:\/\/raptorcoatings.com\/it\/prodotto\/vernice-smal-per-to-pinze-raptor\/#breadcrumb\",\"itemListElement\":[{\"@type\":\"ListItem\",\"position\":1,\"name\":\"Home\",\"item\":\"https:\/\/raptorcoatings.com\/it\/\"},{\"@type\":\"ListItem\",\"position\":2,\"name\":\"Prodotti\",\"item\":\"https:\/\/raptorcoatings.com\/it\/prodotti\/\"},{\"@type\":\"ListItem\",\"position\":3,\"name\":\"VERNICE PER PINZE RAPTOR\"}]},{\"@type\":\"WebSite\",\"@id\":\"https:\/\/raptorcoatings.com\/it\/#website\",\"url\":\"https:\/\/raptorcoatings.com\/it\/\",\"name\":\"Raptor Coatings\",\"description\":\"\",\"potentialAction\":[{\"@type\":\"SearchAction\",\"target\":{\"@type\":\"EntryPoint\",\"urlTemplate\":\"https:\/\/raptorcoatings.com\/it\/?s={search_term_string}\"},\"query-input\":{\"@type\":\"PropertyValueSpecification\",\"valueRequired\":true,\"valueName\":\"search_term_string\"}}],\"inLanguage\":\"it-IT\"}]}<\/script>\n<!-- \/ Yoast SEO plugin. -->","yoast_head_json":{"title":"VERNICE PER PINZE RAPTOR - Raptortough","robots":{"index":"index","follow":"follow","max-snippet":"max-snippet:-1","max-image-preview":"max-image-preview:large","max-video-preview":"max-video-preview:-1"},"canonical":"https:\/\/raptorcoatings.com\/it\/prodotto\/vernice-smal-per-to-pinze-raptor\/","og_locale":"it_IT","og_type":"article","og_title":"VERNICE PER PINZE RAPTOR - Raptortough","og_description":"Una vernice di qualit\u00e0 professionale, ideale per personalizzare e prolungare la durata delle pinze dei freni. La vernice per pinze RAPTOR contiene resine ceramiche che resistono a temperature fino a 500\u00b0C ed \u00e8 5 volte pi\u00f9 resistente delle vernici ordinarie. Fornisce una protezione superiore da impatto, calore, polvere dei freni, fluidi per autoveicoli e corrosione. \u00c8 facile da usare, si asciuga rapidamente e crea una finitura liscia e attraente con un'eccellente adesione che non forma bolle, non si stacca, non si screpola o non si sfoglia. \u00c8 anche autoprimerizzante, quindi pu\u00f2 essere utilizzata direttamente sulla maggior parte dei metalli preparati senza necessit\u00e0 di primer.  \u2022 Tecnologia ceramica avanzata \u2013 resistente al calore fino a 500\u00b0C \u2022 Finitura altamente lucida \u2022 Resistenza alla corrosione superiore \u2022 5 volte pi\u00f9 resistente delle vernici ordinarie \u2022 Direttamente sul metallo \u2013 senza necessit\u00e0 di primer \u2022 Ugello anti-intasamento \u2013 ideale per coprire le pinze dei freni","og_url":"https:\/\/raptorcoatings.com\/it\/prodotto\/vernice-smal-per-to-pinze-raptor\/","og_site_name":"Raptortough","article_modified_time":"2026-03-20T14:52:14+00:00","og_image":[{"width":1200,"height":1200,"url":"https:\/\/raptorcoatings.com\/wp-content\/uploads\/Caliper-Enamel.png","type":"image\/png"}],"twitter_card":"summary_large_image","twitter_misc":{"Tempo di lettura stimato":"1 minuto"},"schema":{"@context":"https:\/\/schema.org","@graph":[{"@type":"WebPage","@id":"https:\/\/raptorcoatings.com\/it\/prodotto\/vernice-smal-per-to-pinze-raptor\/","url":"https:\/\/raptorcoatings.com\/it\/prodotto\/vernice-smal-per-to-pinze-raptor\/","name":"VERNICE PER PINZE RAPTOR - Raptortough","isPartOf":{"@id":"https:\/\/raptorcoatings.com\/it\/#website"},"primaryImageOfPage":{"@id":"https:\/\/raptorcoatings.com\/it\/prodotto\/vernice-smal-per-to-pinze-raptor\/#primaryimage"},"image":{"@id":"https:\/\/raptorcoatings.com\/it\/prodotto\/vernice-smal-per-to-pinze-raptor\/#primaryimage"},"thumbnailUrl":"https:\/\/raptorcoatings.com\/wp-content\/uploads\/Caliper-Enamel.png","datePublished":"2024-08-27T10:56:50+00:00","dateModified":"2026-03-20T14:52:14+00:00","breadcrumb":{"@id":"https:\/\/raptorcoatings.com\/it\/prodotto\/vernice-smal-per-to-pinze-raptor\/#breadcrumb"},"inLanguage":"it-IT","potentialAction":[{"@type":"ReadAction","target":["https:\/\/raptorcoatings.com\/it\/prodotto\/vernice-smal-per-to-pinze-raptor\/"]}]},{"@type":"ImageObject","inLanguage":"it-IT","@id":"https:\/\/raptorcoatings.com\/it\/prodotto\/vernice-smal-per-to-pinze-raptor\/#primaryimage","url":"https:\/\/raptorcoatings.com\/wp-content\/uploads\/Caliper-Enamel.png","contentUrl":"https:\/\/raptorcoatings.com\/wp-content\/uploads\/Caliper-Enamel.png","width":1200,"height":1200},{"@type":"BreadcrumbList","@id":"https:\/\/raptorcoatings.com\/it\/prodotto\/vernice-smal-per-to-pinze-raptor\/#breadcrumb","itemListElement":[{"@type":"ListItem","position":1,"name":"Home","item":"https:\/\/raptorcoatings.com\/it\/"},{"@type":"ListItem","position":2,"name":"Prodotti","item":"https:\/\/raptorcoatings.com\/it\/prodotti\/"},{"@type":"ListItem","position":3,"name":"VERNICE PER PINZE RAPTOR"}]},{"@type":"WebSite","@id":"https:\/\/raptorcoatings.com\/it\/#website","url":"https:\/\/raptorcoatings.com\/it\/","name":"Raptor Coatings","description":"","potentialAction":[{"@type":"SearchAction","target":{"@type":"EntryPoint","urlTemplate":"https:\/\/raptorcoatings.com\/it\/?s={search_term_string}"},"query-input":{"@type":"PropertyValueSpecification","valueRequired":true,"valueName":"search_term_string"}}],"inLanguage":"it-IT"}]}},"_links":{"self":[{"href":"https:\/\/raptorcoatings.com\/it\/wp-json\/wp\/v2\/product\/47439","targetHints":{"allow":["GET"]}}],"collection":[{"href":"https:\/\/raptorcoatings.com\/it\/wp-json\/wp\/v2\/product"}],"about":[{"href":"https:\/\/raptorcoatings.com\/it\/wp-json\/wp\/v2\/types\/product"}],"wp:featuredmedia":[{"embeddable":true,"href":"https:\/\/raptorcoatings.com\/it\/wp-json\/wp\/v2\/media\/77063"}],"wp:attachment":[{"href":"https:\/\/raptorcoatings.com\/it\/wp-json\/wp\/v2\/media?parent=47439"}],"wp:term":[{"taxonomy":"product_brand","embeddable":true,"href":"https:\/\/raptorcoatings.com\/it\/wp-json\/wp\/v2\/product_brand?post=47439"},{"taxonomy":"product_cat","embeddable":true,"href":"https:\/\/raptorcoatings.com\/it\/wp-json\/wp\/v2\/product_cat?post=47439"},{"taxonomy":"product_tag","embeddable":true,"href":"https:\/\/raptorcoatings.com\/it\/wp-json\/wp\/v2\/product_tag?post=47439"}],"curies":[{"name":"wp","href":"https:\/\/api.w.org\/{rel}","templated":true}]}}