{"id":33491,"date":"2023-01-04T14:06:46","date_gmt":"2023-01-04T14:06:46","guid":{"rendered":"https:\/\/raptorcoatings.com\/product\/raptor-kit-da-1-bottiglia\/"},"modified":"2025-07-29T14:54:34","modified_gmt":"2025-07-29T14:54:34","slug":"raptor-kit-da-1-bottiglia","status":"publish","type":"product","link":"https:\/\/raptorcoatings.com\/it\/prodotto\/raptor-kit-da-1-bottiglia\/","title":{"rendered":"Kit RAPTOR da 1 bottiglia"},"content":{"rendered":"<div class=\"fusion-fullwidth fullwidth-box fusion-builder-row-1 fusion-flex-container has-pattern-background has-mask-background nonhundred-percent-fullwidth non-hundred-percent-height-scrolling\" style=\"--awb-border-radius-top-left:0px;--awb-border-radius-top-right:0px;--awb-border-radius-bottom-right:0px;--awb-border-radius-bottom-left:0px;--awb-padding-top:50px;--awb-flex-wrap:wrap;\" ><div class=\"fusion-builder-row fusion-row fusion-flex-align-items-flex-start fusion-flex-justify-content-flex-end fusion-flex-content-wrap\" style=\"max-width:calc( 1640px + 12px );margin-left: calc(-12px \/ 2 );margin-right: calc(-12px \/ 2 );\"><div class=\"fusion-layout-column fusion_builder_column fusion-builder-column-0 fusion_builder_column_1_1 1_1 fusion-flex-column\" style=\"--awb-bg-size:cover;--awb-width-large:100%;--awb-margin-top-large:0px;--awb-spacing-right-large:6px;--awb-margin-bottom-large:20px;--awb-spacing-left-large:6px;--awb-width-medium:100%;--awb-order-medium:0;--awb-spacing-right-medium:6px;--awb-spacing-left-medium:6px;--awb-width-small:100%;--awb-order-small:0;--awb-spacing-right-small:6px;--awb-spacing-left-small:6px;\"><div class=\"fusion-column-wrapper fusion-column-has-shadow fusion-flex-justify-content-flex-start fusion-content-layout-column\">\n<div class=\"table-1\">\n<table width=\"100%\">\n<thead>\n<tr>\n<th align=\"left\">Codice<\/th>\n<th align=\"left\">Dimensioni\/confezione<\/th>\n<th align=\"left\">Colore<\/th>\n<th align=\"left\">Unit\u00e0 per scatola<\/th>\n<th align=\"left\">Scheda tecnica<\/th>\n<th align=\"left\">Scheda di sicurezza<\/th>\n<\/tr>\n<\/thead>\n<tbody>\n<tr>\n<td align=\"left\">RLB\/S1<\/td>\n<td align=\"left\">RAPTOR Kit da 1 bottiglia<\/td>\n<td align=\"left\">Nero<\/td>\n<td align=\"left\">6<\/td>\n<td align=\"left\"><a href=\"https:\/\/raptorcoatings.com\/wp-content\/uploads\/RLB-TDS-IT_A.pdf\">RLB-TDS-IT<\/a><\/td>\n<td align=\"left\"><a href=\"https:\/\/use-qa-inf-apiacs.azure-api.net\/publishedsds\/item\/32351\">RLB-SDS-IT<\/a><\/td>\n<\/tr>\n<tr>\n<td align=\"left\">RLT\/S1<\/td>\n<td align=\"left\">RAPTOR Kit da 1 bottiglia<\/td>\n<td align=\"left\">Tinteggiabile<\/td>\n<td align=\"left\">6<\/td>\n<td align=\"left\"><a href=\"https:\/\/raptorcoatings.com\/wp-content\/uploads\/RLT-TDS-IT_A.pdf\">RLT-TDS-IT<\/a><\/td>\n<td align=\"left\"><a href=\"https:\/\/use-qa-inf-apiacs.azure-api.net\/publishedsds\/item\/32694\">RLT-SDS-IT<\/a><\/td>\n<\/tr>\n<\/tbody>\n<\/table>\n<\/div>\n<div class=\"fusion-text fusion-text-1 fusion-no-medium-visibility fusion-no-large-visibility\"><p style=\"text-align: center;\"><span style=\"color: #ffffff; font-size: 16px;\"><strong>Swipe table<\/strong><\/span> <i class=\"fb-icon-element-1 fb-icon-element fontawesome-icon fa-hand-pointer fas circle-no fusion-text-flow\" style=\"--awb-font-size:20px;--awb-margin-right:10px;\"><\/i><\/p>\n<\/div>\n<div class=\"fusion-text fusion-text-2\"><\/div><\/div><\/div><\/div><\/div>\n","protected":false},"excerpt":{"rendered":"<p>Il kit RAPTOR da 1 bottiglia \u00e8 ideale per applicazioni e ritocchi pi\u00f9 piccoli. Compatibile con le pistole per applicazione RAPTOR standard e professionale. Ogni kit contiene 1 bottiglia di RAPTOR e 1 barattolo di indurente in una confezione accattivante. Il rivestimento protettivo RAPTOR \u00e8 un rivestimento in poliuretano 2K che fornisce alle superfici una barriera protettiva. \u00c8 disponibile anche la versione tinteggiabile. Il kit RAPTOR da 1 bottiglia copre circa 3m\u00b2.<\/p>\n<p>DUREVOLE &#8211; Offre una superficie resistente ai danni meccanici e alle macchie. Protegge da ruggine, corrosione e temperature estreme.<br \/>\nRESISTENTE AI RAGGI UV &#8211; Niente pi\u00f9 sbiadimenti.<br \/>\nIDRORESISTENTE &#8211; Fornisce una protezione resistente all\u2019acqua, all\u2019umidit\u00e0 e riduce il rischio di ruggine.<br \/>\nRESISTENTE &#8211; Resistente a combustibili, oli idraulici, urina, acqua salata e molto di pi\u00f9.<br \/>\nUSO SEMPLICE E RAPIDO &#8211; \u00c8 semplice come RIEMPIRE-AGITARE-SPRUZZARE. RAPTOR ha una perfetta adesione a molti substrati e pu\u00f2 essere applicato con pistole standard o professionale RAPTOR, rulli o pennelli. \u00c8 semplice da pulire.<\/p>\n","protected":false},"featured_media":33616,"template":"","meta":[],"product_brand":[],"product_cat":[984,985,936,933],"product_tag":[947,986,944],"class_list":{"0":"post-33491","1":"product","2":"type-product","3":"status-publish","4":"has-post-thumbnail","6":"product_cat-prodotto","7":"product_cat-rivestimenti","8":"product_cat-raptor-it","9":"product_cat-raptor-bed-liner-it","10":"product_tag-coatings-it","11":"product_tag-uk-it","12":"product_tag-willys-it","14":"first","15":"instock","16":"shipping-taxable","17":"product-type-simple"},"gallery_images":[7765,7774,7783,7792,7756,6664],"yoast_head":"<!-- This site is optimized with the Yoast SEO plugin v27.1.1 - https:\/\/yoast.com\/product\/yoast-seo-wordpress\/ -->\n<title>Kit RAPTOR da 1 bottiglia - Raptortough<\/title>\n<meta name=\"description\" content=\"The convenient RAPTOR 2K Bedliner Aerosol offers a fast, easy way to apply RAPTOR without compromising performance, no spray equipment necessary.\" \/>\n<meta name=\"robots\" content=\"index, follow, max-snippet:-1, max-image-preview:large, max-video-preview:-1\" \/>\n<link rel=\"canonical\" href=\"https:\/\/raptorcoatings.com\/it\/prodotto\/raptor-kit-da-1-bottiglia\/\" \/>\n<meta property=\"og:locale\" content=\"it_IT\" \/>\n<meta property=\"og:type\" content=\"article\" \/>\n<meta property=\"og:title\" content=\"Kit RAPTOR da 1 bottiglia - Raptortough\" \/>\n<meta property=\"og:description\" content=\"The convenient RAPTOR 2K Bedliner Aerosol offers a fast, easy way to apply RAPTOR without compromising performance, no spray equipment necessary.\" \/>\n<meta property=\"og:url\" content=\"https:\/\/raptorcoatings.com\/it\/prodotto\/raptor-kit-da-1-bottiglia\/\" \/>\n<meta property=\"og:site_name\" content=\"Raptortough\" \/>\n<meta property=\"article:modified_time\" content=\"2025-07-29T14:54:34+00:00\" \/>\n<meta property=\"og:image\" content=\"https:\/\/raptorcoatings.com\/wp-content\/uploads\/RLB-S1-2.jpg\" \/>\n\t<meta property=\"og:image:width\" content=\"800\" \/>\n\t<meta property=\"og:image:height\" content=\"800\" \/>\n\t<meta property=\"og:image:type\" content=\"image\/jpeg\" \/>\n<meta name=\"twitter:card\" content=\"summary_large_image\" \/>\n<meta name=\"twitter:label1\" content=\"Tempo di lettura stimato\" \/>\n\t<meta name=\"twitter:data1\" content=\"1 minuto\" \/>\n<script type=\"application\/ld+json\" class=\"yoast-schema-graph\">{\"@context\":\"https:\/\/schema.org\",\"@graph\":[{\"@type\":\"WebPage\",\"@id\":\"https:\/\/raptorcoatings.com\/it\/prodotto\/raptor-kit-da-1-bottiglia\/\",\"url\":\"https:\/\/raptorcoatings.com\/it\/prodotto\/raptor-kit-da-1-bottiglia\/\",\"name\":\"Kit RAPTOR da 1 bottiglia - Raptortough\",\"isPartOf\":{\"@id\":\"https:\/\/raptorcoatings.com\/it\/#website\"},\"primaryImageOfPage\":{\"@id\":\"https:\/\/raptorcoatings.com\/it\/prodotto\/raptor-kit-da-1-bottiglia\/#primaryimage\"},\"image\":{\"@id\":\"https:\/\/raptorcoatings.com\/it\/prodotto\/raptor-kit-da-1-bottiglia\/#primaryimage\"},\"thumbnailUrl\":\"https:\/\/raptorcoatings.com\/wp-content\/uploads\/RLB-S1-2.jpg\",\"datePublished\":\"2023-01-04T14:06:46+00:00\",\"dateModified\":\"2025-07-29T14:54:34+00:00\",\"description\":\"The convenient RAPTOR 2K Bedliner Aerosol offers a fast, easy way to apply RAPTOR without compromising performance, no spray equipment necessary.\",\"breadcrumb\":{\"@id\":\"https:\/\/raptorcoatings.com\/it\/prodotto\/raptor-kit-da-1-bottiglia\/#breadcrumb\"},\"inLanguage\":\"it-IT\",\"potentialAction\":[{\"@type\":\"ReadAction\",\"target\":[\"https:\/\/raptorcoatings.com\/it\/prodotto\/raptor-kit-da-1-bottiglia\/\"]}]},{\"@type\":\"ImageObject\",\"inLanguage\":\"it-IT\",\"@id\":\"https:\/\/raptorcoatings.com\/it\/prodotto\/raptor-kit-da-1-bottiglia\/#primaryimage\",\"url\":\"https:\/\/raptorcoatings.com\/wp-content\/uploads\/RLB-S1-2.jpg\",\"contentUrl\":\"https:\/\/raptorcoatings.com\/wp-content\/uploads\/RLB-S1-2.jpg\",\"width\":800,\"height\":800,\"caption\":\"1 Bottle Raptor Kit\"},{\"@type\":\"BreadcrumbList\",\"@id\":\"https:\/\/raptorcoatings.com\/it\/prodotto\/raptor-kit-da-1-bottiglia\/#breadcrumb\",\"itemListElement\":[{\"@type\":\"ListItem\",\"position\":1,\"name\":\"Home\",\"item\":\"https:\/\/raptorcoatings.com\/it\/\"},{\"@type\":\"ListItem\",\"position\":2,\"name\":\"Prodotti\",\"item\":\"https:\/\/raptorcoatings.com\/it\/prodotti\/\"},{\"@type\":\"ListItem\",\"position\":3,\"name\":\"Kit RAPTOR da 1 bottiglia\"}]},{\"@type\":\"WebSite\",\"@id\":\"https:\/\/raptorcoatings.com\/it\/#website\",\"url\":\"https:\/\/raptorcoatings.com\/it\/\",\"name\":\"Raptor Coatings\",\"description\":\"\",\"potentialAction\":[{\"@type\":\"SearchAction\",\"target\":{\"@type\":\"EntryPoint\",\"urlTemplate\":\"https:\/\/raptorcoatings.com\/it\/?s={search_term_string}\"},\"query-input\":{\"@type\":\"PropertyValueSpecification\",\"valueRequired\":true,\"valueName\":\"search_term_string\"}}],\"inLanguage\":\"it-IT\"}]}<\/script>\n<!-- \/ Yoast SEO plugin. -->","yoast_head_json":{"title":"Kit RAPTOR da 1 bottiglia - Raptortough","description":"The convenient RAPTOR 2K Bedliner Aerosol offers a fast, easy way to apply RAPTOR without compromising performance, no spray equipment necessary.","robots":{"index":"index","follow":"follow","max-snippet":"max-snippet:-1","max-image-preview":"max-image-preview:large","max-video-preview":"max-video-preview:-1"},"canonical":"https:\/\/raptorcoatings.com\/it\/prodotto\/raptor-kit-da-1-bottiglia\/","og_locale":"it_IT","og_type":"article","og_title":"Kit RAPTOR da 1 bottiglia - Raptortough","og_description":"The convenient RAPTOR 2K Bedliner Aerosol offers a fast, easy way to apply RAPTOR without compromising performance, no spray equipment necessary.","og_url":"https:\/\/raptorcoatings.com\/it\/prodotto\/raptor-kit-da-1-bottiglia\/","og_site_name":"Raptortough","article_modified_time":"2025-07-29T14:54:34+00:00","og_image":[{"width":800,"height":800,"url":"https:\/\/raptorcoatings.com\/wp-content\/uploads\/RLB-S1-2.jpg","type":"image\/jpeg"}],"twitter_card":"summary_large_image","twitter_misc":{"Tempo di lettura stimato":"1 minuto"},"schema":{"@context":"https:\/\/schema.org","@graph":[{"@type":"WebPage","@id":"https:\/\/raptorcoatings.com\/it\/prodotto\/raptor-kit-da-1-bottiglia\/","url":"https:\/\/raptorcoatings.com\/it\/prodotto\/raptor-kit-da-1-bottiglia\/","name":"Kit RAPTOR da 1 bottiglia - Raptortough","isPartOf":{"@id":"https:\/\/raptorcoatings.com\/it\/#website"},"primaryImageOfPage":{"@id":"https:\/\/raptorcoatings.com\/it\/prodotto\/raptor-kit-da-1-bottiglia\/#primaryimage"},"image":{"@id":"https:\/\/raptorcoatings.com\/it\/prodotto\/raptor-kit-da-1-bottiglia\/#primaryimage"},"thumbnailUrl":"https:\/\/raptorcoatings.com\/wp-content\/uploads\/RLB-S1-2.jpg","datePublished":"2023-01-04T14:06:46+00:00","dateModified":"2025-07-29T14:54:34+00:00","description":"The convenient RAPTOR 2K Bedliner Aerosol offers a fast, easy way to apply RAPTOR without compromising performance, no spray equipment necessary.","breadcrumb":{"@id":"https:\/\/raptorcoatings.com\/it\/prodotto\/raptor-kit-da-1-bottiglia\/#breadcrumb"},"inLanguage":"it-IT","potentialAction":[{"@type":"ReadAction","target":["https:\/\/raptorcoatings.com\/it\/prodotto\/raptor-kit-da-1-bottiglia\/"]}]},{"@type":"ImageObject","inLanguage":"it-IT","@id":"https:\/\/raptorcoatings.com\/it\/prodotto\/raptor-kit-da-1-bottiglia\/#primaryimage","url":"https:\/\/raptorcoatings.com\/wp-content\/uploads\/RLB-S1-2.jpg","contentUrl":"https:\/\/raptorcoatings.com\/wp-content\/uploads\/RLB-S1-2.jpg","width":800,"height":800,"caption":"1 Bottle Raptor Kit"},{"@type":"BreadcrumbList","@id":"https:\/\/raptorcoatings.com\/it\/prodotto\/raptor-kit-da-1-bottiglia\/#breadcrumb","itemListElement":[{"@type":"ListItem","position":1,"name":"Home","item":"https:\/\/raptorcoatings.com\/it\/"},{"@type":"ListItem","position":2,"name":"Prodotti","item":"https:\/\/raptorcoatings.com\/it\/prodotti\/"},{"@type":"ListItem","position":3,"name":"Kit RAPTOR da 1 bottiglia"}]},{"@type":"WebSite","@id":"https:\/\/raptorcoatings.com\/it\/#website","url":"https:\/\/raptorcoatings.com\/it\/","name":"Raptor Coatings","description":"","potentialAction":[{"@type":"SearchAction","target":{"@type":"EntryPoint","urlTemplate":"https:\/\/raptorcoatings.com\/it\/?s={search_term_string}"},"query-input":{"@type":"PropertyValueSpecification","valueRequired":true,"valueName":"search_term_string"}}],"inLanguage":"it-IT"}]}},"_links":{"self":[{"href":"https:\/\/raptorcoatings.com\/it\/wp-json\/wp\/v2\/product\/33491","targetHints":{"allow":["GET"]}}],"collection":[{"href":"https:\/\/raptorcoatings.com\/it\/wp-json\/wp\/v2\/product"}],"about":[{"href":"https:\/\/raptorcoatings.com\/it\/wp-json\/wp\/v2\/types\/product"}],"wp:featuredmedia":[{"embeddable":true,"href":"https:\/\/raptorcoatings.com\/it\/wp-json\/wp\/v2\/media\/33616"}],"wp:attachment":[{"href":"https:\/\/raptorcoatings.com\/it\/wp-json\/wp\/v2\/media?parent=33491"}],"wp:term":[{"taxonomy":"product_brand","embeddable":true,"href":"https:\/\/raptorcoatings.com\/it\/wp-json\/wp\/v2\/product_brand?post=33491"},{"taxonomy":"product_cat","embeddable":true,"href":"https:\/\/raptorcoatings.com\/it\/wp-json\/wp\/v2\/product_cat?post=33491"},{"taxonomy":"product_tag","embeddable":true,"href":"https:\/\/raptorcoatings.com\/it\/wp-json\/wp\/v2\/product_tag?post=33491"}],"curies":[{"name":"wp","href":"https:\/\/api.w.org\/{rel}","templated":true}]}}