{"id":9121,"date":"2023-01-04T14:09:44","date_gmt":"2023-01-04T14:09:44","guid":{"rendered":"https:\/\/raptorcoatings.com\/product\/raptor-5l-to-20l-kits-31-mix-ratio\/"},"modified":"2025-07-22T12:56:40","modified_gmt":"2025-07-22T12:56:40","slug":"raptor-5l-to-20l-kits-31-mix-ratio","status":"publish","type":"product","link":"https:\/\/raptorcoatings.com\/fr\/produit\/raptor-5l-to-20l-kits-31-mix-ratio\/","title":{"rendered":"Bidons 5L Proportions de M\u00e9lange 3:1"},"content":{"rendered":"<div class=\"fusion-fullwidth fullwidth-box fusion-builder-row-1 fusion-flex-container has-pattern-background has-mask-background nonhundred-percent-fullwidth non-hundred-percent-height-scrolling\" style=\"--awb-border-radius-top-left:0px;--awb-border-radius-top-right:0px;--awb-border-radius-bottom-right:0px;--awb-border-radius-bottom-left:0px;--awb-padding-top:50px;--awb-flex-wrap:wrap;\" ><div class=\"fusion-builder-row fusion-row fusion-flex-align-items-flex-start fusion-flex-justify-content-flex-end fusion-flex-content-wrap\" style=\"max-width:calc( 1640px + 12px );margin-left: calc(-12px \/ 2 );margin-right: calc(-12px \/ 2 );\"><div class=\"fusion-layout-column fusion_builder_column fusion-builder-column-0 fusion_builder_column_1_1 1_1 fusion-flex-column\" style=\"--awb-bg-size:cover;--awb-width-large:100%;--awb-margin-top-large:0px;--awb-spacing-right-large:6px;--awb-margin-bottom-large:20px;--awb-spacing-left-large:6px;--awb-width-medium:100%;--awb-order-medium:0;--awb-spacing-right-medium:6px;--awb-spacing-left-medium:6px;--awb-width-small:100%;--awb-order-small:0;--awb-spacing-right-small:6px;--awb-spacing-left-small:6px;\"><div class=\"fusion-column-wrapper fusion-column-has-shadow fusion-flex-justify-content-flex-start fusion-content-layout-column\">\n<div class=\"table-1\">\n<table width=\"100%\">\n<thead>\n<tr>\n<th align=\"left\">R\u00e9f\u00e9rence<\/th>\n<th align=\"left\">Format<\/th>\n<th align=\"left\">Couleur<\/th>\n<th align=\"left\">Quantit\u00e9<\/th>\n<th align=\"left\">TDS<\/th>\n<th align=\"left\">SDS<\/th>\n<\/tr>\n<\/thead>\n<tbody>\n<tr>\n<td align=\"left\">RLB\/5<\/td>\n<td align=\"left\">Bidon 5L<\/td>\n<td align=\"left\">Noir<\/td>\n<td align=\"left\">2<\/td>\n<td align=\"left\"><a href=\"https:\/\/raptorcoatings.com\/wp-content\/uploads\/rlb5-TDS-FR.pdf\">RLB5-TDS<\/a><\/td>\n<td align=\"left\"><a href=\"https:\/\/use-qa-inf-apiacs.azure-api.net\/publishedsds\/item\/32179\">rlb5-SDS-FR<\/a><\/td>\n<\/tr>\n<tr>\n<td align=\"left\">RLT\/5<\/td>\n<td align=\"left\">Bidon 5L<\/td>\n<td align=\"left\">Teintable<\/td>\n<td align=\"left\">2<\/td>\n<td align=\"left\"><a href=\"https:\/\/raptorcoatings.com\/wp-content\/uploads\/rlt5-TDS-FR.pdf\">rlt5-TDS-FR<\/a><\/td>\n<td align=\"left\"><a href=\"https:\/\/use-qa-inf-apiacs.azure-api.net\/publishedsds\/item\/32526\">rlt5-SDS-FR<\/a><\/td>\n<\/tr>\n<tr>\n<td align=\"left\">RLH\/5<\/td>\n<td align=\"left\">Bidon 5L<\/td>\n<td align=\"left\">Transparent<\/td>\n<td align=\"left\">2<\/td>\n<td align=\"left\"><a href=\"https:\/\/raptorcoatings.com\/wp-content\/uploads\/rlh5-TDS-FR.pdf\">rlh5-TDS-FR<\/a><\/td>\n<td align=\"left\"><a href=\"https:\/\/use-qa-inf-apiacs.azure-api.net\/publishedsds\/item\/32410\">rlh5-SDS-FR<\/a><\/td>\n<\/tr>\n<\/tbody>\n<\/table>\n<\/div>\n<div class=\"fusion-text fusion-text-1 fusion-no-medium-visibility fusion-no-large-visibility\"><p style=\"text-align: center;\"><span style=\"color: #ffffff; font-size: 16px;\"><strong>Swipe table<\/strong><\/span> <i class=\"fb-icon-element-1 fb-icon-element fontawesome-icon fa-hand-pointer fas circle-no fusion-text-flow\" style=\"--awb-font-size:20px;--awb-margin-right:10px;\"><\/i><\/p>\n<\/div>\n<\/div><\/div><\/div><\/div>\n","protected":false},"excerpt":{"rendered":"<p>Les bidons de 5L RAPTOR sont parfaits pour les grandes surfaces, notamment pour les remorques, sols, \u00e9quipements lourds et rev\u00eatements complets. \u00c0 utiliser avec le durcisseur RAPTOR (r\u00e9f\u00e9rence RLH\/5). Pour la version teintable, ajouter de 10% de base solvant\u00e9e ou brillant direct.<\/p>\n<ul>\n<li>Ratio de m\u00e9lange 3:1<\/li>\n<li>20L couvrent environ 60m\u00b2 (15L de RAPTOR pour 5L de durcisseur)<\/li>\n<li>Peut \u00eatre appliqu\u00e9 au pinceau, au rouleau ou avec un pistolet (pneumatique ou conventionnel HVLP)<\/li>\n<li>Dilution possible jusqu&rsquo;\u00e0 20% avec le diluant rapide S2044<\/li>\n<\/ul>\n","protected":false},"featured_media":4502,"template":"","meta":[],"product_brand":[],"product_cat":[596,199,226,621],"product_tag":[641,657,297],"class_list":{"0":"post-9121","1":"product","2":"type-product","3":"status-publish","4":"has-post-thumbnail","6":"product_cat-product-fr","7":"product_cat-raptor-fr","8":"product_cat-revetement-de-protection-raptor","9":"product_cat-coatings-fr","10":"product_tag-fr","11":"product_tag-revetements-fr","12":"product_tag-willys-fr","14":"first","15":"instock","16":"shipping-taxable","17":"product-type-simple"},"gallery_images":[],"yoast_head":"<!-- This site is optimized with the Yoast SEO plugin v27.1.1 - https:\/\/yoast.com\/product\/yoast-seo-wordpress\/ -->\n<title>Bidons 5L Proportions de M\u00e9lange 3:1 - Raptortough<\/title>\n<meta name=\"description\" content=\"The convenient RAPTOR 2K Bedliner Aerosol offers a fast, easy way to apply RAPTOR without compromising performance, no spray equipment necessary.\" \/>\n<meta name=\"robots\" content=\"index, follow, max-snippet:-1, max-image-preview:large, max-video-preview:-1\" \/>\n<link rel=\"canonical\" href=\"https:\/\/raptorcoatings.com\/fr\/produit\/raptor-5l-to-20l-kits-31-mix-ratio\/\" \/>\n<meta property=\"og:locale\" content=\"fr_FR\" \/>\n<meta property=\"og:type\" content=\"article\" \/>\n<meta property=\"og:title\" content=\"Bidons 5L Proportions de M\u00e9lange 3:1 - Raptortough\" \/>\n<meta property=\"og:description\" content=\"The convenient RAPTOR 2K Bedliner Aerosol offers a fast, easy way to apply RAPTOR without compromising performance, no spray equipment necessary.\" \/>\n<meta property=\"og:url\" content=\"https:\/\/raptorcoatings.com\/fr\/produit\/raptor-5l-to-20l-kits-31-mix-ratio\/\" \/>\n<meta property=\"og:site_name\" content=\"Raptortough\" \/>\n<meta property=\"article:modified_time\" content=\"2025-07-22T12:56:40+00:00\" \/>\n<meta property=\"og:image\" content=\"https:\/\/raptorcoatings.com\/wp-content\/uploads\/RLB-5-Litre-Raptor-Tough-Protective-Coating.jpg\" \/>\n\t<meta property=\"og:image:width\" content=\"800\" \/>\n\t<meta property=\"og:image:height\" content=\"800\" \/>\n\t<meta property=\"og:image:type\" content=\"image\/jpeg\" \/>\n<meta name=\"twitter:card\" content=\"summary_large_image\" \/>\n<meta name=\"twitter:label1\" content=\"Dur\u00e9e de lecture estim\u00e9e\" \/>\n\t<meta name=\"twitter:data1\" content=\"1 minute\" \/>\n<script type=\"application\/ld+json\" class=\"yoast-schema-graph\">{\"@context\":\"https:\/\/schema.org\",\"@graph\":[{\"@type\":\"WebPage\",\"@id\":\"https:\/\/raptorcoatings.com\/fr\/produit\/raptor-5l-to-20l-kits-31-mix-ratio\/\",\"url\":\"https:\/\/raptorcoatings.com\/fr\/produit\/raptor-5l-to-20l-kits-31-mix-ratio\/\",\"name\":\"Bidons 5L Proportions de M\u00e9lange 3:1 - Raptortough\",\"isPartOf\":{\"@id\":\"https:\/\/raptorcoatings.com\/fr\/#website\"},\"primaryImageOfPage\":{\"@id\":\"https:\/\/raptorcoatings.com\/fr\/produit\/raptor-5l-to-20l-kits-31-mix-ratio\/#primaryimage\"},\"image\":{\"@id\":\"https:\/\/raptorcoatings.com\/fr\/produit\/raptor-5l-to-20l-kits-31-mix-ratio\/#primaryimage\"},\"thumbnailUrl\":\"https:\/\/raptorcoatings.com\/wp-content\/uploads\/RLB-5-Litre-Raptor-Tough-Protective-Coating.jpg\",\"datePublished\":\"2023-01-04T14:09:44+00:00\",\"dateModified\":\"2025-07-22T12:56:40+00:00\",\"description\":\"The convenient RAPTOR 2K Bedliner Aerosol offers a fast, easy way to apply RAPTOR without compromising performance, no spray equipment necessary.\",\"breadcrumb\":{\"@id\":\"https:\/\/raptorcoatings.com\/fr\/produit\/raptor-5l-to-20l-kits-31-mix-ratio\/#breadcrumb\"},\"inLanguage\":\"fr-FR\",\"potentialAction\":[{\"@type\":\"ReadAction\",\"target\":[\"https:\/\/raptorcoatings.com\/fr\/produit\/raptor-5l-to-20l-kits-31-mix-ratio\/\"]}]},{\"@type\":\"ImageObject\",\"inLanguage\":\"fr-FR\",\"@id\":\"https:\/\/raptorcoatings.com\/fr\/produit\/raptor-5l-to-20l-kits-31-mix-ratio\/#primaryimage\",\"url\":\"https:\/\/raptorcoatings.com\/wp-content\/uploads\/RLB-5-Litre-Raptor-Tough-Protective-Coating.jpg\",\"contentUrl\":\"https:\/\/raptorcoatings.com\/wp-content\/uploads\/RLB-5-Litre-Raptor-Tough-Protective-Coating.jpg\",\"width\":800,\"height\":800,\"caption\":\"RAPTOR 5L to 20L kits - 3:1 Mix Ratio\"},{\"@type\":\"BreadcrumbList\",\"@id\":\"https:\/\/raptorcoatings.com\/fr\/produit\/raptor-5l-to-20l-kits-31-mix-ratio\/#breadcrumb\",\"itemListElement\":[{\"@type\":\"ListItem\",\"position\":1,\"name\":\"Home\",\"item\":\"https:\/\/raptorcoatings.com\/fr\/\"},{\"@type\":\"ListItem\",\"position\":2,\"name\":\"Produits\",\"item\":\"https:\/\/raptorcoatings.com\/fr\/produits\/\"},{\"@type\":\"ListItem\",\"position\":3,\"name\":\"Bidons 5L Proportions de M\u00e9lange 3:1\"}]},{\"@type\":\"WebSite\",\"@id\":\"https:\/\/raptorcoatings.com\/fr\/#website\",\"url\":\"https:\/\/raptorcoatings.com\/fr\/\",\"name\":\"Raptor Coatings\",\"description\":\"\",\"potentialAction\":[{\"@type\":\"SearchAction\",\"target\":{\"@type\":\"EntryPoint\",\"urlTemplate\":\"https:\/\/raptorcoatings.com\/fr\/?s={search_term_string}\"},\"query-input\":{\"@type\":\"PropertyValueSpecification\",\"valueRequired\":true,\"valueName\":\"search_term_string\"}}],\"inLanguage\":\"fr-FR\"}]}<\/script>\n<!-- \/ Yoast SEO plugin. -->","yoast_head_json":{"title":"Bidons 5L Proportions de M\u00e9lange 3:1 - Raptortough","description":"The convenient RAPTOR 2K Bedliner Aerosol offers a fast, easy way to apply RAPTOR without compromising performance, no spray equipment necessary.","robots":{"index":"index","follow":"follow","max-snippet":"max-snippet:-1","max-image-preview":"max-image-preview:large","max-video-preview":"max-video-preview:-1"},"canonical":"https:\/\/raptorcoatings.com\/fr\/produit\/raptor-5l-to-20l-kits-31-mix-ratio\/","og_locale":"fr_FR","og_type":"article","og_title":"Bidons 5L Proportions de M\u00e9lange 3:1 - Raptortough","og_description":"The convenient RAPTOR 2K Bedliner Aerosol offers a fast, easy way to apply RAPTOR without compromising performance, no spray equipment necessary.","og_url":"https:\/\/raptorcoatings.com\/fr\/produit\/raptor-5l-to-20l-kits-31-mix-ratio\/","og_site_name":"Raptortough","article_modified_time":"2025-07-22T12:56:40+00:00","og_image":[{"width":800,"height":800,"url":"https:\/\/raptorcoatings.com\/wp-content\/uploads\/RLB-5-Litre-Raptor-Tough-Protective-Coating.jpg","type":"image\/jpeg"}],"twitter_card":"summary_large_image","twitter_misc":{"Dur\u00e9e de lecture estim\u00e9e":"1 minute"},"schema":{"@context":"https:\/\/schema.org","@graph":[{"@type":"WebPage","@id":"https:\/\/raptorcoatings.com\/fr\/produit\/raptor-5l-to-20l-kits-31-mix-ratio\/","url":"https:\/\/raptorcoatings.com\/fr\/produit\/raptor-5l-to-20l-kits-31-mix-ratio\/","name":"Bidons 5L Proportions de M\u00e9lange 3:1 - Raptortough","isPartOf":{"@id":"https:\/\/raptorcoatings.com\/fr\/#website"},"primaryImageOfPage":{"@id":"https:\/\/raptorcoatings.com\/fr\/produit\/raptor-5l-to-20l-kits-31-mix-ratio\/#primaryimage"},"image":{"@id":"https:\/\/raptorcoatings.com\/fr\/produit\/raptor-5l-to-20l-kits-31-mix-ratio\/#primaryimage"},"thumbnailUrl":"https:\/\/raptorcoatings.com\/wp-content\/uploads\/RLB-5-Litre-Raptor-Tough-Protective-Coating.jpg","datePublished":"2023-01-04T14:09:44+00:00","dateModified":"2025-07-22T12:56:40+00:00","description":"The convenient RAPTOR 2K Bedliner Aerosol offers a fast, easy way to apply RAPTOR without compromising performance, no spray equipment necessary.","breadcrumb":{"@id":"https:\/\/raptorcoatings.com\/fr\/produit\/raptor-5l-to-20l-kits-31-mix-ratio\/#breadcrumb"},"inLanguage":"fr-FR","potentialAction":[{"@type":"ReadAction","target":["https:\/\/raptorcoatings.com\/fr\/produit\/raptor-5l-to-20l-kits-31-mix-ratio\/"]}]},{"@type":"ImageObject","inLanguage":"fr-FR","@id":"https:\/\/raptorcoatings.com\/fr\/produit\/raptor-5l-to-20l-kits-31-mix-ratio\/#primaryimage","url":"https:\/\/raptorcoatings.com\/wp-content\/uploads\/RLB-5-Litre-Raptor-Tough-Protective-Coating.jpg","contentUrl":"https:\/\/raptorcoatings.com\/wp-content\/uploads\/RLB-5-Litre-Raptor-Tough-Protective-Coating.jpg","width":800,"height":800,"caption":"RAPTOR 5L to 20L kits - 3:1 Mix Ratio"},{"@type":"BreadcrumbList","@id":"https:\/\/raptorcoatings.com\/fr\/produit\/raptor-5l-to-20l-kits-31-mix-ratio\/#breadcrumb","itemListElement":[{"@type":"ListItem","position":1,"name":"Home","item":"https:\/\/raptorcoatings.com\/fr\/"},{"@type":"ListItem","position":2,"name":"Produits","item":"https:\/\/raptorcoatings.com\/fr\/produits\/"},{"@type":"ListItem","position":3,"name":"Bidons 5L Proportions de M\u00e9lange 3:1"}]},{"@type":"WebSite","@id":"https:\/\/raptorcoatings.com\/fr\/#website","url":"https:\/\/raptorcoatings.com\/fr\/","name":"Raptor Coatings","description":"","potentialAction":[{"@type":"SearchAction","target":{"@type":"EntryPoint","urlTemplate":"https:\/\/raptorcoatings.com\/fr\/?s={search_term_string}"},"query-input":{"@type":"PropertyValueSpecification","valueRequired":true,"valueName":"search_term_string"}}],"inLanguage":"fr-FR"}]}},"_links":{"self":[{"href":"https:\/\/raptorcoatings.com\/fr\/wp-json\/wp\/v2\/product\/9121","targetHints":{"allow":["GET"]}}],"collection":[{"href":"https:\/\/raptorcoatings.com\/fr\/wp-json\/wp\/v2\/product"}],"about":[{"href":"https:\/\/raptorcoatings.com\/fr\/wp-json\/wp\/v2\/types\/product"}],"wp:featuredmedia":[{"embeddable":true,"href":"https:\/\/raptorcoatings.com\/fr\/wp-json\/wp\/v2\/media\/4502"}],"wp:attachment":[{"href":"https:\/\/raptorcoatings.com\/fr\/wp-json\/wp\/v2\/media?parent=9121"}],"wp:term":[{"taxonomy":"product_brand","embeddable":true,"href":"https:\/\/raptorcoatings.com\/fr\/wp-json\/wp\/v2\/product_brand?post=9121"},{"taxonomy":"product_cat","embeddable":true,"href":"https:\/\/raptorcoatings.com\/fr\/wp-json\/wp\/v2\/product_cat?post=9121"},{"taxonomy":"product_tag","embeddable":true,"href":"https:\/\/raptorcoatings.com\/fr\/wp-json\/wp\/v2\/product_tag?post=9121"}],"curies":[{"name":"wp","href":"https:\/\/api.w.org\/{rel}","templated":true}]}}