{"id":9045,"date":"2023-01-16T12:41:31","date_gmt":"2023-01-16T12:41:31","guid":{"rendered":"https:\/\/raptorcoatings.com\/product\/standard-application-gun\/"},"modified":"2023-06-14T16:49:08","modified_gmt":"2023-06-14T16:49:08","slug":"standard-application-gun","status":"publish","type":"product","link":"https:\/\/raptorcoatings.com\/fr\/produit\/standard-application-gun\/","title":{"rendered":"Pistolet d&rsquo;Application pour RAPTOR"},"content":{"rendered":"<div class=\"fusion-fullwidth fullwidth-box fusion-builder-row-1 fusion-flex-container has-pattern-background has-mask-background nonhundred-percent-fullwidth non-hundred-percent-height-scrolling\" style=\"--awb-border-radius-top-left:0px;--awb-border-radius-top-right:0px;--awb-border-radius-bottom-right:0px;--awb-border-radius-bottom-left:0px;--awb-padding-top:50px;--awb-flex-wrap:wrap;\" ><div class=\"fusion-builder-row fusion-row fusion-flex-align-items-flex-start fusion-flex-justify-content-flex-end fusion-flex-content-wrap\" style=\"max-width:calc( 1640px + 12px );margin-left: calc(-12px \/ 2 );margin-right: calc(-12px \/ 2 );\"><div class=\"fusion-layout-column fusion_builder_column fusion-builder-column-0 fusion_builder_column_1_1 1_1 fusion-flex-column\" style=\"--awb-bg-size:cover;--awb-width-large:100%;--awb-margin-top-large:0px;--awb-spacing-right-large:6px;--awb-margin-bottom-large:20px;--awb-spacing-left-large:6px;--awb-width-medium:100%;--awb-order-medium:0;--awb-spacing-right-medium:6px;--awb-spacing-left-medium:6px;--awb-width-small:100%;--awb-order-small:0;--awb-spacing-right-small:6px;--awb-spacing-left-small:6px;\"><div class=\"fusion-column-wrapper fusion-column-has-shadow fusion-flex-justify-content-flex-start fusion-content-layout-column\">\n<div class=\"table-1\">\n<table width=\"100%\">\n<thead>\n<tr>\n<th align=\"left\">R\u00e9f\u00e9rence<\/th>\n<th align=\"left\">Format<\/th>\n<th align=\"left\">Couleur<\/th>\n<th align=\"left\">Quantit\u00e9<\/th>\n<th align=\"left\">Voir la Fiche<br \/>\nTechnique<\/th>\n<th align=\"left\">Voir la Fiche<br \/>\nde S\u00e9curit\u00e9<\/th>\n<\/tr>\n<\/thead>\n<tbody>\n<tr>\n<td align=\"left\">GUN\/1<\/td>\n<td align=\"left\"><\/td>\n<td align=\"left\"><\/td>\n<td align=\"left\">5<\/td>\n<td align=\"left\"><\/td>\n<td align=\"left\"><\/td>\n<\/tr>\n<\/tbody>\n<\/table>\n<\/div>\n<div class=\"fusion-text fusion-text-1 fusion-no-medium-visibility fusion-no-large-visibility\"><p style=\"text-align: center;\"><span style=\"color: #ffffff; font-size: 16px;\"><strong>Swipe table<\/strong><\/span> <i class=\"fb-icon-element-1 fb-icon-element fontawesome-icon fa-hand-pointer fas circle-no fusion-text-flow\" style=\"--awb-font-size:20px;--awb-margin-right:10px;\"><\/i><\/p>\n<\/div>\n\n<\/div><\/div><\/div><\/div>\n","protected":false},"excerpt":{"rendered":"<p>Pistolet l\u00e9ger, sp\u00e9cialement con\u00e7u pour l&rsquo;application de rev\u00eatements anti-gravillons HS et RAPTOR.<\/p>\n<ul>\n<li>Se visse directement sur les bouteilles des produits<\/li>\n<\/ul>\n","protected":false},"featured_media":4439,"template":"","meta":[],"product_brand":[],"product_cat":[217,620,596,199],"product_tag":[679,641],"class_list":{"0":"post-9045","1":"product","2":"type-product","3":"status-publish","4":"has-post-thumbnail","6":"product_cat-accessoires","7":"product_cat-applicators-fr","8":"product_cat-product-fr","9":"product_cat-raptor-fr","10":"product_tag-applicator-fr","11":"product_tag-fr","13":"first","14":"instock","15":"shipping-taxable","16":"product-type-simple"},"gallery_images":[8114,8123],"yoast_head":"<!-- This site is optimized with the Yoast SEO plugin v27.1.1 - https:\/\/yoast.com\/product\/yoast-seo-wordpress\/ -->\n<title>Pistolet d&#039;Application pour RAPTOR - Raptortough<\/title>\n<meta name=\"description\" content=\"The convenient RAPTOR 2K Bedliner Aerosol offers a fast, easy way to apply RAPTOR without compromising performance, no spray equipment necessary.\" \/>\n<meta name=\"robots\" content=\"index, follow, max-snippet:-1, max-image-preview:large, max-video-preview:-1\" \/>\n<link rel=\"canonical\" href=\"https:\/\/raptorcoatings.com\/fr\/produit\/standard-application-gun\/\" \/>\n<meta property=\"og:locale\" content=\"fr_FR\" \/>\n<meta property=\"og:type\" content=\"article\" \/>\n<meta property=\"og:title\" content=\"Pistolet d&#039;Application pour RAPTOR - Raptortough\" \/>\n<meta property=\"og:description\" content=\"The convenient RAPTOR 2K Bedliner Aerosol offers a fast, easy way to apply RAPTOR without compromising performance, no spray equipment necessary.\" \/>\n<meta property=\"og:url\" content=\"https:\/\/raptorcoatings.com\/fr\/produit\/standard-application-gun\/\" \/>\n<meta property=\"og:site_name\" content=\"Raptortough\" \/>\n<meta property=\"article:modified_time\" content=\"2023-06-14T16:49:08+00:00\" \/>\n<meta property=\"og:image\" content=\"https:\/\/raptorcoatings.com\/wp-content\/uploads\/GUN-Application-Gun-For-Raptor-Gravitex.jpg\" \/>\n\t<meta property=\"og:image:width\" content=\"800\" \/>\n\t<meta property=\"og:image:height\" content=\"800\" \/>\n\t<meta property=\"og:image:type\" content=\"image\/jpeg\" \/>\n<meta name=\"twitter:card\" content=\"summary_large_image\" \/>\n<meta name=\"twitter:label1\" content=\"Dur\u00e9e de lecture estim\u00e9e\" \/>\n\t<meta name=\"twitter:data1\" content=\"1 minute\" \/>\n<script type=\"application\/ld+json\" class=\"yoast-schema-graph\">{\"@context\":\"https:\/\/schema.org\",\"@graph\":[{\"@type\":\"WebPage\",\"@id\":\"https:\/\/raptorcoatings.com\/fr\/produit\/standard-application-gun\/\",\"url\":\"https:\/\/raptorcoatings.com\/fr\/produit\/standard-application-gun\/\",\"name\":\"Pistolet d'Application pour RAPTOR - Raptortough\",\"isPartOf\":{\"@id\":\"https:\/\/raptorcoatings.com\/fr\/#website\"},\"primaryImageOfPage\":{\"@id\":\"https:\/\/raptorcoatings.com\/fr\/produit\/standard-application-gun\/#primaryimage\"},\"image\":{\"@id\":\"https:\/\/raptorcoatings.com\/fr\/produit\/standard-application-gun\/#primaryimage\"},\"thumbnailUrl\":\"https:\/\/raptorcoatings.com\/wp-content\/uploads\/GUN-Application-Gun-For-Raptor-Gravitex.jpg\",\"datePublished\":\"2023-01-16T12:41:31+00:00\",\"dateModified\":\"2023-06-14T16:49:08+00:00\",\"description\":\"The convenient RAPTOR 2K Bedliner Aerosol offers a fast, easy way to apply RAPTOR without compromising performance, no spray equipment necessary.\",\"breadcrumb\":{\"@id\":\"https:\/\/raptorcoatings.com\/fr\/produit\/standard-application-gun\/#breadcrumb\"},\"inLanguage\":\"fr-FR\",\"potentialAction\":[{\"@type\":\"ReadAction\",\"target\":[\"https:\/\/raptorcoatings.com\/fr\/produit\/standard-application-gun\/\"]}]},{\"@type\":\"ImageObject\",\"inLanguage\":\"fr-FR\",\"@id\":\"https:\/\/raptorcoatings.com\/fr\/produit\/standard-application-gun\/#primaryimage\",\"url\":\"https:\/\/raptorcoatings.com\/wp-content\/uploads\/GUN-Application-Gun-For-Raptor-Gravitex.jpg\",\"contentUrl\":\"https:\/\/raptorcoatings.com\/wp-content\/uploads\/GUN-Application-Gun-For-Raptor-Gravitex.jpg\",\"width\":800,\"height\":800,\"caption\":\"Standard Application Gun\"},{\"@type\":\"BreadcrumbList\",\"@id\":\"https:\/\/raptorcoatings.com\/fr\/produit\/standard-application-gun\/#breadcrumb\",\"itemListElement\":[{\"@type\":\"ListItem\",\"position\":1,\"name\":\"Home\",\"item\":\"https:\/\/raptorcoatings.com\/fr\/\"},{\"@type\":\"ListItem\",\"position\":2,\"name\":\"Produits\",\"item\":\"https:\/\/raptorcoatings.com\/fr\/produits\/\"},{\"@type\":\"ListItem\",\"position\":3,\"name\":\"Pistolet d&#8217;Application pour RAPTOR\"}]},{\"@type\":\"WebSite\",\"@id\":\"https:\/\/raptorcoatings.com\/fr\/#website\",\"url\":\"https:\/\/raptorcoatings.com\/fr\/\",\"name\":\"Raptor Coatings\",\"description\":\"\",\"potentialAction\":[{\"@type\":\"SearchAction\",\"target\":{\"@type\":\"EntryPoint\",\"urlTemplate\":\"https:\/\/raptorcoatings.com\/fr\/?s={search_term_string}\"},\"query-input\":{\"@type\":\"PropertyValueSpecification\",\"valueRequired\":true,\"valueName\":\"search_term_string\"}}],\"inLanguage\":\"fr-FR\"}]}<\/script>\n<!-- \/ Yoast SEO plugin. -->","yoast_head_json":{"title":"Pistolet d'Application pour RAPTOR - Raptortough","description":"The convenient RAPTOR 2K Bedliner Aerosol offers a fast, easy way to apply RAPTOR without compromising performance, no spray equipment necessary.","robots":{"index":"index","follow":"follow","max-snippet":"max-snippet:-1","max-image-preview":"max-image-preview:large","max-video-preview":"max-video-preview:-1"},"canonical":"https:\/\/raptorcoatings.com\/fr\/produit\/standard-application-gun\/","og_locale":"fr_FR","og_type":"article","og_title":"Pistolet d'Application pour RAPTOR - Raptortough","og_description":"The convenient RAPTOR 2K Bedliner Aerosol offers a fast, easy way to apply RAPTOR without compromising performance, no spray equipment necessary.","og_url":"https:\/\/raptorcoatings.com\/fr\/produit\/standard-application-gun\/","og_site_name":"Raptortough","article_modified_time":"2023-06-14T16:49:08+00:00","og_image":[{"width":800,"height":800,"url":"https:\/\/raptorcoatings.com\/wp-content\/uploads\/GUN-Application-Gun-For-Raptor-Gravitex.jpg","type":"image\/jpeg"}],"twitter_card":"summary_large_image","twitter_misc":{"Dur\u00e9e de lecture estim\u00e9e":"1 minute"},"schema":{"@context":"https:\/\/schema.org","@graph":[{"@type":"WebPage","@id":"https:\/\/raptorcoatings.com\/fr\/produit\/standard-application-gun\/","url":"https:\/\/raptorcoatings.com\/fr\/produit\/standard-application-gun\/","name":"Pistolet d'Application pour RAPTOR - Raptortough","isPartOf":{"@id":"https:\/\/raptorcoatings.com\/fr\/#website"},"primaryImageOfPage":{"@id":"https:\/\/raptorcoatings.com\/fr\/produit\/standard-application-gun\/#primaryimage"},"image":{"@id":"https:\/\/raptorcoatings.com\/fr\/produit\/standard-application-gun\/#primaryimage"},"thumbnailUrl":"https:\/\/raptorcoatings.com\/wp-content\/uploads\/GUN-Application-Gun-For-Raptor-Gravitex.jpg","datePublished":"2023-01-16T12:41:31+00:00","dateModified":"2023-06-14T16:49:08+00:00","description":"The convenient RAPTOR 2K Bedliner Aerosol offers a fast, easy way to apply RAPTOR without compromising performance, no spray equipment necessary.","breadcrumb":{"@id":"https:\/\/raptorcoatings.com\/fr\/produit\/standard-application-gun\/#breadcrumb"},"inLanguage":"fr-FR","potentialAction":[{"@type":"ReadAction","target":["https:\/\/raptorcoatings.com\/fr\/produit\/standard-application-gun\/"]}]},{"@type":"ImageObject","inLanguage":"fr-FR","@id":"https:\/\/raptorcoatings.com\/fr\/produit\/standard-application-gun\/#primaryimage","url":"https:\/\/raptorcoatings.com\/wp-content\/uploads\/GUN-Application-Gun-For-Raptor-Gravitex.jpg","contentUrl":"https:\/\/raptorcoatings.com\/wp-content\/uploads\/GUN-Application-Gun-For-Raptor-Gravitex.jpg","width":800,"height":800,"caption":"Standard Application Gun"},{"@type":"BreadcrumbList","@id":"https:\/\/raptorcoatings.com\/fr\/produit\/standard-application-gun\/#breadcrumb","itemListElement":[{"@type":"ListItem","position":1,"name":"Home","item":"https:\/\/raptorcoatings.com\/fr\/"},{"@type":"ListItem","position":2,"name":"Produits","item":"https:\/\/raptorcoatings.com\/fr\/produits\/"},{"@type":"ListItem","position":3,"name":"Pistolet d&#8217;Application pour RAPTOR"}]},{"@type":"WebSite","@id":"https:\/\/raptorcoatings.com\/fr\/#website","url":"https:\/\/raptorcoatings.com\/fr\/","name":"Raptor Coatings","description":"","potentialAction":[{"@type":"SearchAction","target":{"@type":"EntryPoint","urlTemplate":"https:\/\/raptorcoatings.com\/fr\/?s={search_term_string}"},"query-input":{"@type":"PropertyValueSpecification","valueRequired":true,"valueName":"search_term_string"}}],"inLanguage":"fr-FR"}]}},"_links":{"self":[{"href":"https:\/\/raptorcoatings.com\/fr\/wp-json\/wp\/v2\/product\/9045","targetHints":{"allow":["GET"]}}],"collection":[{"href":"https:\/\/raptorcoatings.com\/fr\/wp-json\/wp\/v2\/product"}],"about":[{"href":"https:\/\/raptorcoatings.com\/fr\/wp-json\/wp\/v2\/types\/product"}],"wp:featuredmedia":[{"embeddable":true,"href":"https:\/\/raptorcoatings.com\/fr\/wp-json\/wp\/v2\/media\/4439"}],"wp:attachment":[{"href":"https:\/\/raptorcoatings.com\/fr\/wp-json\/wp\/v2\/media?parent=9045"}],"wp:term":[{"taxonomy":"product_brand","embeddable":true,"href":"https:\/\/raptorcoatings.com\/fr\/wp-json\/wp\/v2\/product_brand?post=9045"},{"taxonomy":"product_cat","embeddable":true,"href":"https:\/\/raptorcoatings.com\/fr\/wp-json\/wp\/v2\/product_cat?post=9045"},{"taxonomy":"product_tag","embeddable":true,"href":"https:\/\/raptorcoatings.com\/fr\/wp-json\/wp\/v2\/product_tag?post=9045"}],"curies":[{"name":"wp","href":"https:\/\/api.w.org\/{rel}","templated":true}]}}