{"id":9023,"date":"2023-01-16T12:49:54","date_gmt":"2023-01-16T12:49:54","guid":{"rendered":"https:\/\/raptorcoatings.com\/product\/raptor-1k-truck-bed-coating-aerosols\/"},"modified":"2025-07-22T11:25:10","modified_gmt":"2025-07-22T11:25:10","slug":"raptor-1k-truck-bed-coating-aerosols","status":"publish","type":"product","link":"https:\/\/raptorcoatings.com\/fr\/produit\/raptor-1k-truck-bed-coating-aerosols\/","title":{"rendered":"Rev\u00eatement de protection multi-usage en a\u00e9rosol 1K"},"content":{"rendered":"<p><div class=\"fusion-fullwidth fullwidth-box fusion-builder-row-1 fusion-flex-container has-pattern-background has-mask-background nonhundred-percent-fullwidth non-hundred-percent-height-scrolling\" style=\"--awb-border-radius-top-left:0px;--awb-border-radius-top-right:0px;--awb-border-radius-bottom-right:0px;--awb-border-radius-bottom-left:0px;--awb-padding-top:50px;--awb-padding-right:0px;--awb-padding-bottom:0px;--awb-padding-left:0px;--awb-flex-wrap:wrap;\" ><div class=\"fusion-builder-row fusion-row fusion-flex-align-items-flex-start fusion-flex-justify-content-flex-end fusion-flex-content-wrap\" style=\"max-width:calc( 1640px + 12px );margin-left: calc(-12px \/ 2 );margin-right: calc(-12px \/ 2 );\"><div class=\"fusion-layout-column fusion_builder_column fusion-builder-column-0 fusion_builder_column_1_5 1_5 fusion-flex-column\" style=\"--awb-bg-size:cover;--awb-width-large:20%;--awb-margin-top-large:0px;--awb-spacing-right-large:6px;--awb-margin-bottom-large:20px;--awb-spacing-left-large:6px;--awb-width-medium:20%;--awb-order-medium:0;--awb-spacing-right-medium:6px;--awb-spacing-left-medium:6px;--awb-width-small:100%;--awb-order-small:0;--awb-spacing-right-small:6px;--awb-spacing-left-small:6px;\"><div class=\"fusion-column-wrapper fusion-column-has-shadow fusion-flex-justify-content-flex-start fusion-content-layout-column\"><div style=\"text-align:center;\"><a class=\"fusion-button button-flat fusion-button-default-size button-default fusion-button-default button-1 fusion-button-span-yes fusion-button-default-type\" style=\"--button_text_transform:uppercase;--button_font_size:20px;--button_padding-top:20px;--button_padding-bottom:20px;\" target=\"_blank\" rel=\"noopener noreferrer\" href=\"https:\/\/raptorcoatings.com\/storage\/app\/uploads\/public\/627\/491\/ef4\/627491ef41c60939620055.pdf\"><i class=\"fa-file-pdf fas awb-button__icon awb-button__icon--default button-icon-left\" aria-hidden=\"true\"><\/i><span class=\"fusion-button-text awb-button__text awb-button__text--default\">Flyer<\/span><\/a><\/div><\/div><\/div><div class=\"fusion-layout-column fusion_builder_column fusion-builder-column-1 fusion_builder_column_1_1 1_1 fusion-flex-column\" style=\"--awb-bg-size:cover;--awb-width-large:100%;--awb-margin-top-large:0px;--awb-spacing-right-large:6px;--awb-margin-bottom-large:20px;--awb-spacing-left-large:6px;--awb-width-medium:100%;--awb-order-medium:0;--awb-spacing-right-medium:6px;--awb-spacing-left-medium:6px;--awb-width-small:100%;--awb-order-small:0;--awb-spacing-right-small:6px;--awb-spacing-left-small:6px;\"><div class=\"fusion-column-wrapper fusion-column-has-shadow fusion-flex-justify-content-flex-start fusion-content-layout-column\">\n<div class=\"table-1 productTable\">\n<table width=\"100%\">\n<thead>\n<tr>\n<th align=\"left\">R\u00e9f\u00e9rence<\/th>\n<th align=\"left\">Format<\/th>\n<th align=\"left\">Couleur<\/th>\n<th align=\"left\">Quantit\u00e9<\/th>\n<th align=\"left\">Voir la Fiche<br \/>\nTechnique<\/th>\n<th align=\"left\">Voir la Fiche<br \/>\nde S\u00e9curit\u00e9<\/th>\n<\/tr>\n<\/thead>\n<tbody>\n<tr>\n<td align=\"left\">RMUB\/AL<\/td>\n<td align=\"left\">A\u00e9rosol 450ml<\/td>\n<td align=\"left\">Noir<\/td>\n<td align=\"left\">6<\/td>\n<td align=\"left\"><a href=\"https:\/\/raptorcoatings.com\/wp-content\/uploads\/rmubal-TDS-FR.pdf\">rmubal-TDS-FR<\/a><\/td>\n<td align=\"left\"><a href=\"https:\/\/use-qa-inf-apiacs.azure-api.net\/publishedsds\/item\/32419\">rmubal-SDS-FR<\/a><\/td>\n<\/tr>\n<tr>\n<td align=\"left\">RMUW\/AL<\/td>\n<td align=\"left\">A\u00e9rosol 450ml<\/td>\n<td align=\"left\">Blanc<\/td>\n<td align=\"left\">6<\/td>\n<td align=\"left\"><a href=\"https:\/\/raptorcoatings.com\/wp-content\/uploads\/rmuwal-TDS-FR-1.pdf\">RMUWAL-TDS-FR<\/a><\/td>\n<td align=\"left\"><a href=\"https:\/\/use-qa-inf-apiacs.azure-api.net\/publishedsds\/item\/32768\">RMUWAL-SDS-FR<\/a><\/td>\n<\/tr>\n<\/tbody>\n<\/table>\n<\/div>\n<div class=\"fusion-text fusion-text-1 fusion-no-medium-visibility fusion-no-large-visibility\"><p style=\"text-align: center;\"><span style=\"color: #ffffff; font-size: 16px;\"><strong>Swipe table<\/strong><\/span> <i class=\"fb-icon-element-1 fb-icon-element fontawesome-icon fa-hand-pointer fas circle-no fusion-text-flow\" style=\"--awb-font-size:20px;--awb-margin-right:10px;\"><\/i><\/p>\n<\/div>\n<div class=\"fusion-text fusion-text-2\"><\/div><div class=\"fusion-text fusion-text-3\"><\/div><div class=\"fusion-text fusion-text-4\"><\/div><\/div><\/div><\/div><\/div><div class=\"fusion-fullwidth fullwidth-box fusion-builder-row-2 fusion-flex-container has-pattern-background has-mask-background nonhundred-percent-fullwidth non-hundred-percent-height-scrolling\" style=\"--awb-border-radius-top-left:0px;--awb-border-radius-top-right:0px;--awb-border-radius-bottom-right:0px;--awb-border-radius-bottom-left:0px;--awb-flex-wrap:wrap;\" ><div class=\"fusion-builder-row fusion-row fusion-flex-align-items-flex-start fusion-flex-content-wrap\" style=\"max-width:calc( 1640px + 12px );margin-left: calc(-12px \/ 2 );margin-right: calc(-12px \/ 2 );\"><div class=\"fusion-layout-column fusion_builder_column fusion-builder-column-2 fusion_builder_column_1_5 1_5 fusion-flex-column\" style=\"--awb-bg-size:cover;--awb-width-large:20%;--awb-margin-top-large:0px;--awb-spacing-right-large:6px;--awb-margin-bottom-large:20px;--awb-spacing-left-large:6px;--awb-width-medium:20%;--awb-order-medium:0;--awb-spacing-right-medium:6px;--awb-spacing-left-medium:6px;--awb-width-small:100%;--awb-order-small:0;--awb-spacing-right-small:6px;--awb-spacing-left-small:6px;\"><div class=\"fusion-column-wrapper fusion-column-has-shadow fusion-flex-justify-content-flex-start fusion-content-layout-column\"><\/div><\/div><\/div><\/div><\/p>\n","protected":false},"excerpt":{"rendered":"<p>Un a\u00e9rosol 1K facile \u00e0 utiliser qui donne une finition durable et r\u00e9sistante aux abrasions, avec une excellente adh\u00e9rence \u00e0 une large gamme de surfaces. Id\u00e9al pour les retouches automobiles et les zones de finition, ainsi que pour prot\u00e9ger de nombreuses surfaces et objets dans la maison.<\/p>\n<p>\u2022 Finition textur\u00e9e<br \/>\n\u2022 Durable et r\u00e9sistant \u00e0 l&rsquo;eau, procure une bonne r\u00e9sistance \u00e0 la corrosion<br \/>\n\u2022 R\u00e9sistant aux UV, ne ternie pas au soleil<br \/>\n\u2022 Excellente adh\u00e9rence apr\u00e8s pr\u00e9paration au m\u00e9tal, aluminium, fibre de verre, plastique et bois<br \/>\n\u2022 Facile \u00e0 utiliser<br \/>\n\u2022 Id\u00e9al \u00e0 la fois pour le march\u00e9 automobile et le march\u00e9 du bricolage<\/p>\n","protected":false},"featured_media":21451,"template":"","meta":[],"product_brand":[],"product_cat":[596,199,226,621],"product_tag":[641,657],"class_list":{"0":"post-9023","1":"product","2":"type-product","3":"status-publish","4":"has-post-thumbnail","6":"product_cat-product-fr","7":"product_cat-raptor-fr","8":"product_cat-revetement-de-protection-raptor","9":"product_cat-coatings-fr","10":"product_tag-fr","11":"product_tag-revetements-fr","13":"first","14":"instock","15":"shipping-taxable","16":"product-type-simple"},"gallery_images":[],"yoast_head":"<!-- This site is optimized with the Yoast SEO plugin v27.1.1 - https:\/\/yoast.com\/product\/yoast-seo-wordpress\/ -->\n<title>Rev\u00eatement de protection multi-usage en a\u00e9rosol 1K - Raptortough<\/title>\n<meta name=\"description\" content=\"The convenient RAPTOR 2K Bedliner Aerosol offers a fast, easy way to apply RAPTOR without compromising performance, no spray equipment necessary.\" \/>\n<meta name=\"robots\" content=\"index, follow, max-snippet:-1, max-image-preview:large, max-video-preview:-1\" \/>\n<link rel=\"canonical\" href=\"https:\/\/raptorcoatings.com\/fr\/produit\/raptor-1k-truck-bed-coating-aerosols\/\" \/>\n<meta property=\"og:locale\" content=\"fr_FR\" \/>\n<meta property=\"og:type\" content=\"article\" \/>\n<meta property=\"og:title\" content=\"Rev\u00eatement de protection multi-usage en a\u00e9rosol 1K - Raptortough\" \/>\n<meta property=\"og:description\" content=\"The convenient RAPTOR 2K Bedliner Aerosol offers a fast, easy way to apply RAPTOR without compromising performance, no spray equipment necessary.\" \/>\n<meta property=\"og:url\" content=\"https:\/\/raptorcoatings.com\/fr\/produit\/raptor-1k-truck-bed-coating-aerosols\/\" \/>\n<meta property=\"og:site_name\" content=\"Raptortough\" \/>\n<meta property=\"article:modified_time\" content=\"2025-07-22T11:25:10+00:00\" \/>\n<meta property=\"og:image\" content=\"https:\/\/raptorcoatings.com\/wp-content\/uploads\/Multi-Use-1K.jpg\" \/>\n\t<meta property=\"og:image:width\" content=\"1476\" \/>\n\t<meta property=\"og:image:height\" content=\"1500\" \/>\n\t<meta property=\"og:image:type\" content=\"image\/jpeg\" \/>\n<meta name=\"twitter:card\" content=\"summary_large_image\" \/>\n<meta name=\"twitter:label1\" content=\"Dur\u00e9e de lecture estim\u00e9e\" \/>\n\t<meta name=\"twitter:data1\" content=\"1 minute\" \/>\n<script type=\"application\/ld+json\" class=\"yoast-schema-graph\">{\"@context\":\"https:\/\/schema.org\",\"@graph\":[{\"@type\":\"WebPage\",\"@id\":\"https:\/\/raptorcoatings.com\/fr\/produit\/raptor-1k-truck-bed-coating-aerosols\/\",\"url\":\"https:\/\/raptorcoatings.com\/fr\/produit\/raptor-1k-truck-bed-coating-aerosols\/\",\"name\":\"Rev\u00eatement de protection multi-usage en a\u00e9rosol 1K - Raptortough\",\"isPartOf\":{\"@id\":\"https:\/\/raptorcoatings.com\/fr\/#website\"},\"primaryImageOfPage\":{\"@id\":\"https:\/\/raptorcoatings.com\/fr\/produit\/raptor-1k-truck-bed-coating-aerosols\/#primaryimage\"},\"image\":{\"@id\":\"https:\/\/raptorcoatings.com\/fr\/produit\/raptor-1k-truck-bed-coating-aerosols\/#primaryimage\"},\"thumbnailUrl\":\"https:\/\/raptorcoatings.com\/wp-content\/uploads\/Multi-Use-1K.jpg\",\"datePublished\":\"2023-01-16T12:49:54+00:00\",\"dateModified\":\"2025-07-22T11:25:10+00:00\",\"description\":\"The convenient RAPTOR 2K Bedliner Aerosol offers a fast, easy way to apply RAPTOR without compromising performance, no spray equipment necessary.\",\"breadcrumb\":{\"@id\":\"https:\/\/raptorcoatings.com\/fr\/produit\/raptor-1k-truck-bed-coating-aerosols\/#breadcrumb\"},\"inLanguage\":\"fr-FR\",\"potentialAction\":[{\"@type\":\"ReadAction\",\"target\":[\"https:\/\/raptorcoatings.com\/fr\/produit\/raptor-1k-truck-bed-coating-aerosols\/\"]}]},{\"@type\":\"ImageObject\",\"inLanguage\":\"fr-FR\",\"@id\":\"https:\/\/raptorcoatings.com\/fr\/produit\/raptor-1k-truck-bed-coating-aerosols\/#primaryimage\",\"url\":\"https:\/\/raptorcoatings.com\/wp-content\/uploads\/Multi-Use-1K.jpg\",\"contentUrl\":\"https:\/\/raptorcoatings.com\/wp-content\/uploads\/Multi-Use-1K.jpg\",\"width\":1476,\"height\":1500,\"caption\":\"Multi Use Protective Coating\"},{\"@type\":\"BreadcrumbList\",\"@id\":\"https:\/\/raptorcoatings.com\/fr\/produit\/raptor-1k-truck-bed-coating-aerosols\/#breadcrumb\",\"itemListElement\":[{\"@type\":\"ListItem\",\"position\":1,\"name\":\"Home\",\"item\":\"https:\/\/raptorcoatings.com\/fr\/\"},{\"@type\":\"ListItem\",\"position\":2,\"name\":\"Produits\",\"item\":\"https:\/\/raptorcoatings.com\/fr\/produits\/\"},{\"@type\":\"ListItem\",\"position\":3,\"name\":\"Rev\u00eatement de protection multi-usage en a\u00e9rosol 1K\"}]},{\"@type\":\"WebSite\",\"@id\":\"https:\/\/raptorcoatings.com\/fr\/#website\",\"url\":\"https:\/\/raptorcoatings.com\/fr\/\",\"name\":\"Raptor Coatings\",\"description\":\"\",\"potentialAction\":[{\"@type\":\"SearchAction\",\"target\":{\"@type\":\"EntryPoint\",\"urlTemplate\":\"https:\/\/raptorcoatings.com\/fr\/?s={search_term_string}\"},\"query-input\":{\"@type\":\"PropertyValueSpecification\",\"valueRequired\":true,\"valueName\":\"search_term_string\"}}],\"inLanguage\":\"fr-FR\"}]}<\/script>\n<!-- \/ Yoast SEO plugin. -->","yoast_head_json":{"title":"Rev\u00eatement de protection multi-usage en a\u00e9rosol 1K - Raptortough","description":"The convenient RAPTOR 2K Bedliner Aerosol offers a fast, easy way to apply RAPTOR without compromising performance, no spray equipment necessary.","robots":{"index":"index","follow":"follow","max-snippet":"max-snippet:-1","max-image-preview":"max-image-preview:large","max-video-preview":"max-video-preview:-1"},"canonical":"https:\/\/raptorcoatings.com\/fr\/produit\/raptor-1k-truck-bed-coating-aerosols\/","og_locale":"fr_FR","og_type":"article","og_title":"Rev\u00eatement de protection multi-usage en a\u00e9rosol 1K - Raptortough","og_description":"The convenient RAPTOR 2K Bedliner Aerosol offers a fast, easy way to apply RAPTOR without compromising performance, no spray equipment necessary.","og_url":"https:\/\/raptorcoatings.com\/fr\/produit\/raptor-1k-truck-bed-coating-aerosols\/","og_site_name":"Raptortough","article_modified_time":"2025-07-22T11:25:10+00:00","og_image":[{"width":1476,"height":1500,"url":"https:\/\/raptorcoatings.com\/wp-content\/uploads\/Multi-Use-1K.jpg","type":"image\/jpeg"}],"twitter_card":"summary_large_image","twitter_misc":{"Dur\u00e9e de lecture estim\u00e9e":"1 minute"},"schema":{"@context":"https:\/\/schema.org","@graph":[{"@type":"WebPage","@id":"https:\/\/raptorcoatings.com\/fr\/produit\/raptor-1k-truck-bed-coating-aerosols\/","url":"https:\/\/raptorcoatings.com\/fr\/produit\/raptor-1k-truck-bed-coating-aerosols\/","name":"Rev\u00eatement de protection multi-usage en a\u00e9rosol 1K - Raptortough","isPartOf":{"@id":"https:\/\/raptorcoatings.com\/fr\/#website"},"primaryImageOfPage":{"@id":"https:\/\/raptorcoatings.com\/fr\/produit\/raptor-1k-truck-bed-coating-aerosols\/#primaryimage"},"image":{"@id":"https:\/\/raptorcoatings.com\/fr\/produit\/raptor-1k-truck-bed-coating-aerosols\/#primaryimage"},"thumbnailUrl":"https:\/\/raptorcoatings.com\/wp-content\/uploads\/Multi-Use-1K.jpg","datePublished":"2023-01-16T12:49:54+00:00","dateModified":"2025-07-22T11:25:10+00:00","description":"The convenient RAPTOR 2K Bedliner Aerosol offers a fast, easy way to apply RAPTOR without compromising performance, no spray equipment necessary.","breadcrumb":{"@id":"https:\/\/raptorcoatings.com\/fr\/produit\/raptor-1k-truck-bed-coating-aerosols\/#breadcrumb"},"inLanguage":"fr-FR","potentialAction":[{"@type":"ReadAction","target":["https:\/\/raptorcoatings.com\/fr\/produit\/raptor-1k-truck-bed-coating-aerosols\/"]}]},{"@type":"ImageObject","inLanguage":"fr-FR","@id":"https:\/\/raptorcoatings.com\/fr\/produit\/raptor-1k-truck-bed-coating-aerosols\/#primaryimage","url":"https:\/\/raptorcoatings.com\/wp-content\/uploads\/Multi-Use-1K.jpg","contentUrl":"https:\/\/raptorcoatings.com\/wp-content\/uploads\/Multi-Use-1K.jpg","width":1476,"height":1500,"caption":"Multi Use Protective Coating"},{"@type":"BreadcrumbList","@id":"https:\/\/raptorcoatings.com\/fr\/produit\/raptor-1k-truck-bed-coating-aerosols\/#breadcrumb","itemListElement":[{"@type":"ListItem","position":1,"name":"Home","item":"https:\/\/raptorcoatings.com\/fr\/"},{"@type":"ListItem","position":2,"name":"Produits","item":"https:\/\/raptorcoatings.com\/fr\/produits\/"},{"@type":"ListItem","position":3,"name":"Rev\u00eatement de protection multi-usage en a\u00e9rosol 1K"}]},{"@type":"WebSite","@id":"https:\/\/raptorcoatings.com\/fr\/#website","url":"https:\/\/raptorcoatings.com\/fr\/","name":"Raptor Coatings","description":"","potentialAction":[{"@type":"SearchAction","target":{"@type":"EntryPoint","urlTemplate":"https:\/\/raptorcoatings.com\/fr\/?s={search_term_string}"},"query-input":{"@type":"PropertyValueSpecification","valueRequired":true,"valueName":"search_term_string"}}],"inLanguage":"fr-FR"}]}},"_links":{"self":[{"href":"https:\/\/raptorcoatings.com\/fr\/wp-json\/wp\/v2\/product\/9023","targetHints":{"allow":["GET"]}}],"collection":[{"href":"https:\/\/raptorcoatings.com\/fr\/wp-json\/wp\/v2\/product"}],"about":[{"href":"https:\/\/raptorcoatings.com\/fr\/wp-json\/wp\/v2\/types\/product"}],"wp:featuredmedia":[{"embeddable":true,"href":"https:\/\/raptorcoatings.com\/fr\/wp-json\/wp\/v2\/media\/21451"}],"wp:attachment":[{"href":"https:\/\/raptorcoatings.com\/fr\/wp-json\/wp\/v2\/media?parent=9023"}],"wp:term":[{"taxonomy":"product_brand","embeddable":true,"href":"https:\/\/raptorcoatings.com\/fr\/wp-json\/wp\/v2\/product_brand?post=9023"},{"taxonomy":"product_cat","embeddable":true,"href":"https:\/\/raptorcoatings.com\/fr\/wp-json\/wp\/v2\/product_cat?post=9023"},{"taxonomy":"product_tag","embeddable":true,"href":"https:\/\/raptorcoatings.com\/fr\/wp-json\/wp\/v2\/product_tag?post=9023"}],"curies":[{"name":"wp","href":"https:\/\/api.w.org\/{rel}","templated":true}]}}