{"id":8917,"date":"2023-02-02T16:10:17","date_gmt":"2023-02-02T16:10:17","guid":{"rendered":"https:\/\/raptorcoatings.com\/product\/monster-truck\/"},"modified":"2023-05-16T13:02:16","modified_gmt":"2023-05-16T13:02:16","slug":"monster-truck","status":"publish","type":"product","link":"https:\/\/raptorcoatings.com\/fr\/produit\/monster-truck\/","title":{"rendered":"Monster, Truck"},"content":{"rendered":"<div class=\"fusion-fullwidth fullwidth-box fusion-builder-row-1 fusion-flex-container has-pattern-background has-mask-background nonhundred-percent-fullwidth non-hundred-percent-height-scrolling\" style=\"--awb-border-radius-top-left:0px;--awb-border-radius-top-right:0px;--awb-border-radius-bottom-right:0px;--awb-border-radius-bottom-left:0px;--awb-padding-top:50px;--awb-padding-right:0px;--awb-padding-bottom:0px;--awb-padding-left:0px;--awb-flex-wrap:wrap;\" ><div class=\"fusion-builder-row fusion-row fusion-flex-align-items-flex-start fusion-flex-justify-content-flex-end fusion-flex-content-wrap\" style=\"max-width:calc( 1640px + 12px );margin-left: calc(-12px \/ 2 );margin-right: calc(-12px \/ 2 );\"><div class=\"fusion-layout-column fusion_builder_column fusion-builder-column-0 fusion_builder_column_1_1 1_1 fusion-flex-column\" style=\"--awb-bg-size:cover;--awb-width-large:100%;--awb-margin-top-large:0px;--awb-spacing-right-large:6px;--awb-margin-bottom-large:20px;--awb-spacing-left-large:6px;--awb-width-medium:100%;--awb-order-medium:0;--awb-spacing-right-medium:6px;--awb-spacing-left-medium:6px;--awb-width-small:100%;--awb-order-small:0;--awb-spacing-right-small:6px;--awb-spacing-left-small:6px;\"><div class=\"fusion-column-wrapper fusion-column-has-shadow fusion-flex-justify-content-flex-start fusion-content-layout-column\"><div class=\"fusion-title title fusion-title-1 fusion-sep-none fusion-title-center fusion-title-text fusion-title-size-two\" style=\"--awb-text-color:var(--awb-color1);\"><h2 class=\"fusion-title-heading title-heading-center fusion-responsive-typography-calculated\" style=\"margin:0;--fontSize:75.12;line-height:1;\">Pick-Up<\/h2><\/div><div class=\"fusion-title title fusion-title-2 fusion-sep-none fusion-title-center fusion-title-text fusion-title-size-four\" style=\"--awb-text-color:var(--awb-color1);\"><h4 class=\"fusion-title-heading title-heading-center fusion-responsive-typography-calculated\" style=\"margin:0;--fontSize:32.16;line-height:1.5;\">D\u00e9couvrez les produits RAPTOR qui font de ce camion une force sur laquelle il faut compter.<\/h4><\/div><div class=\"fusion-woo-product-grid fusion-product-archive fusion-woo-product-grid-1\"><ul class=\"products products-4\"><li class=\"product type-product post-9145 status-publish first instock product_cat-aerosol-2k product_cat-product-fr product_cat-raptor-fr product_cat-coatings-fr product_tag-fr product_tag-revetements-fr product_tag-sprinter-van-fr product_tag-willys-fr has-post-thumbnail shipping-taxable product-type-simple product-grid-view\">\n\t<div class=\"fusion-product-wrapper\">\n<a href=\"https:\/\/raptorcoatings.com\/fr\/produit\/2k-bedliner-aerosol\/\" class=\"product-images\" aria-label=\"A\u00e9rosol 2K Rev\u00eatement RAPTOR\">\n\n<div class=\"featured-image\">\n\t\t<img decoding=\"async\" width=\"500\" height=\"500\" src=\"https:\/\/raptorcoatings.com\/wp-content\/uploads\/Raptor-2k-Anti-Corrosive-Epoxy-Primer-Aerosol.jpg\" class=\"attachment-woocommerce_thumbnail size-woocommerce_thumbnail lazyload wp-post-image\" alt=\"RAPTOR 2K Bedliner Aerosol\" srcset=\"data:image\/svg+xml,%3Csvg%20xmlns%3D%27http%3A%2F%2Fwww.w3.org%2F2000%2Fsvg%27%20width%3D%27800%27%20height%3D%27800%27%20viewBox%3D%270%200%20800%20800%27%3E%3Crect%20width%3D%27800%27%20height%3D%27800%27%20fill-opacity%3D%220%22%2F%3E%3C%2Fsvg%3E\" data-orig-src=\"https:\/\/raptorcoatings.com\/wp-content\/uploads\/Raptor-2k-Anti-Corrosive-Epoxy-Primer-Aerosol.jpg\" data-srcset=\"https:\/\/raptorcoatings.com\/wp-content\/uploads\/RLB-RAPTOR-2K-Aerosol-Protective-Coating-108x108.jpg 108w, https:\/\/raptorcoatings.com\/wp-content\/uploads\/Raptor-2k-Anti-Corrosive-Epoxy-Primer-Aerosol.jpg 800w\" data-sizes=\"auto\" \/>\n\t\t\t\t\t\t<div class=\"cart-loading\"><i class=\"awb-icon-spinner\" aria-hidden=\"true\"><\/i><\/div>\n\t\t\t<\/div>\n<\/a>\n<div class=\"fusion-product-content\">\n\t<div class=\"product-details\">\n\t\t<div class=\"product-details-container\">\n<h3 class=\"product-title\">\n\t<a href=\"https:\/\/raptorcoatings.com\/fr\/produit\/2k-bedliner-aerosol\/\">\n\t\tA\u00e9rosol 2K Rev\u00eatement RAPTOR\t<\/a>\n<\/h3>\n<div class=\"fusion-price-rating\">\n\n\t\t<\/div>\n\t<\/div>\n<\/div>\n\n\n\t<div class=\"product-buttons\">\n\t\t<div class=\"fusion-content-sep sep-none\"><\/div>\n\t\t<div class=\"product-buttons-container clearfix\">\n<span class=\"gtm4wp_productdata\" style=\"display:none; visibility:hidden;\" data-gtm4wp_product_data=\"{&quot;internal_id&quot;:9145,&quot;item_id&quot;:9145,&quot;item_name&quot;:&quot;A\\u00e9rosol 2K Rev\\u00eatement RAPTOR&quot;,&quot;sku&quot;:&quot;UP4883&quot;,&quot;price&quot;:0,&quot;stocklevel&quot;:null,&quot;stockstatus&quot;:&quot;instock&quot;,&quot;google_business_vertical&quot;:&quot;retail&quot;,&quot;item_category&quot;:&quot;RAPTOR&quot;,&quot;id&quot;:9145,&quot;productlink&quot;:&quot;https:\\\/\\\/raptorcoatings.com\\\/fr\\\/produit\\\/2k-bedliner-aerosol\\\/&quot;,&quot;item_list_name&quot;:&quot;Liste g\\u00e9n\\u00e9rale des produits&quot;,&quot;index&quot;:1,&quot;product_type&quot;:&quot;simple&quot;,&quot;item_brand&quot;:&quot;&quot;}\"><\/span>\n<a href=\"https:\/\/raptorcoatings.com\/fr\/produit\/2k-bedliner-aerosol\/\" class=\"show_details_button\" style=\"float:none;max-width:none;text-align:center;\">\n\tDetails<\/a>\n\n\n\t<\/div>\n\t<\/div>\n\n\t<\/div> <\/div>\n<\/li>\n<li class=\"product type-product post-9133 status-publish instock product_cat-product-fr product_cat-raptor-fr product_cat-revetement-de-protection-raptor product_cat-coatings-fr product_tag-ford-raptor-fr product_tag-fr product_tag-revetements-fr product_tag-sprinter-van-fr product_tag-vw-beetle-fr product_tag-willys-fr has-post-thumbnail shipping-taxable product-type-simple product-grid-view\">\n\t<div class=\"fusion-product-wrapper\">\n<a href=\"https:\/\/raptorcoatings.com\/fr\/produit\/1-us-quart-raptor-kit\/\" class=\"product-images\" aria-label=\"Kits 1 Bouteille\">\n\n<div class=\"featured-image\">\n\t\t<img decoding=\"async\" width=\"500\" height=\"500\" src=\"https:\/\/raptorcoatings.com\/wp-content\/uploads\/RLB-S1-2.jpg\" class=\"attachment-woocommerce_thumbnail size-woocommerce_thumbnail lazyload wp-post-image\" alt=\"1 Bottle Raptor Kit\" srcset=\"data:image\/svg+xml,%3Csvg%20xmlns%3D%27http%3A%2F%2Fwww.w3.org%2F2000%2Fsvg%27%20width%3D%27800%27%20height%3D%27800%27%20viewBox%3D%270%200%20800%20800%27%3E%3Crect%20width%3D%27800%27%20height%3D%27800%27%20fill-opacity%3D%220%22%2F%3E%3C%2Fsvg%3E\" data-orig-src=\"https:\/\/raptorcoatings.com\/wp-content\/uploads\/RLB-S1-2.jpg\" data-srcset=\"https:\/\/raptorcoatings.com\/wp-content\/uploads\/RLB-S1-2-108x108.jpg 108w, https:\/\/raptorcoatings.com\/wp-content\/uploads\/RLB-S1-2.jpg 800w\" data-sizes=\"auto\" \/>\n\t\t\t\t\t\t<div class=\"cart-loading\"><i class=\"awb-icon-spinner\" aria-hidden=\"true\"><\/i><\/div>\n\t\t\t<\/div>\n<\/a>\n<div class=\"fusion-product-content\">\n\t<div class=\"product-details\">\n\t\t<div class=\"product-details-container\">\n<h3 class=\"product-title\">\n\t<a href=\"https:\/\/raptorcoatings.com\/fr\/produit\/1-us-quart-raptor-kit\/\">\n\t\tKits 1 Bouteille\t<\/a>\n<\/h3>\n<div class=\"fusion-price-rating\">\n\n\t\t<\/div>\n\t<\/div>\n<\/div>\n\n\n\t<div class=\"product-buttons\">\n\t\t<div class=\"fusion-content-sep sep-none\"><\/div>\n\t\t<div class=\"product-buttons-container clearfix\">\n<span class=\"gtm4wp_productdata\" style=\"display:none; visibility:hidden;\" data-gtm4wp_product_data=\"{&quot;internal_id&quot;:9133,&quot;item_id&quot;:9133,&quot;item_name&quot;:&quot;Kits 1 Bouteille&quot;,&quot;sku&quot;:&quot;UP0820&quot;,&quot;price&quot;:0,&quot;stocklevel&quot;:null,&quot;stockstatus&quot;:&quot;instock&quot;,&quot;google_business_vertical&quot;:&quot;retail&quot;,&quot;item_category&quot;:&quot;RAPTOR&quot;,&quot;id&quot;:9133,&quot;productlink&quot;:&quot;https:\\\/\\\/raptorcoatings.com\\\/fr\\\/produit\\\/1-us-quart-raptor-kit\\\/&quot;,&quot;item_list_name&quot;:&quot;Liste g\\u00e9n\\u00e9rale des produits&quot;,&quot;index&quot;:2,&quot;product_type&quot;:&quot;simple&quot;,&quot;item_brand&quot;:&quot;&quot;}\"><\/span>\n<a href=\"https:\/\/raptorcoatings.com\/fr\/produit\/1-us-quart-raptor-kit\/\" class=\"show_details_button\" style=\"float:none;max-width:none;text-align:center;\">\n\tDetails<\/a>\n\n\n\t<\/div>\n\t<\/div>\n\n\t<\/div> <\/div>\n<\/li>\n<li class=\"product type-product post-9125 status-publish instock product_cat-product-fr product_cat-raptor-fr product_cat-revetement-de-protection-raptor product_cat-coatings-fr product_tag-ford-raptor-fr product_tag-fr product_tag-revetements-fr product_tag-sprinter-van-fr product_tag-vw-beetle-fr product_tag-willys-fr has-post-thumbnail shipping-taxable product-type-simple product-grid-view\">\n\t<div class=\"fusion-product-wrapper\">\n<a href=\"https:\/\/raptorcoatings.com\/fr\/produit\/raptor-liner-kit-1-us-gallon\/\" class=\"product-images\" aria-label=\"Kits 4 Bouteilles\">\n\n<div class=\"featured-image\">\n\t\t<img decoding=\"async\" width=\"500\" height=\"500\" src=\"https:\/\/raptorcoatings.com\/wp-content\/uploads\/RLT-4-Bottle-Kit-new.jpg\" class=\"attachment-woocommerce_thumbnail size-woocommerce_thumbnail lazyload wp-post-image\" alt=\"Raptor Liner Kit - 1 US Gallon\" srcset=\"data:image\/svg+xml,%3Csvg%20xmlns%3D%27http%3A%2F%2Fwww.w3.org%2F2000%2Fsvg%27%20width%3D%27800%27%20height%3D%27800%27%20viewBox%3D%270%200%20800%20800%27%3E%3Crect%20width%3D%27800%27%20height%3D%27800%27%20fill-opacity%3D%220%22%2F%3E%3C%2Fsvg%3E\" data-orig-src=\"https:\/\/raptorcoatings.com\/wp-content\/uploads\/RLT-4-Bottle-Kit-new.jpg\" data-srcset=\"https:\/\/raptorcoatings.com\/wp-content\/uploads\/RLT-4-Bottle-Kit-new-108x108.jpg 108w, https:\/\/raptorcoatings.com\/wp-content\/uploads\/RLT-4-Bottle-Kit-new.jpg 800w\" data-sizes=\"auto\" \/>\n\t\t\t\t\t\t<div class=\"cart-loading\"><i class=\"awb-icon-spinner\" aria-hidden=\"true\"><\/i><\/div>\n\t\t\t<\/div>\n<\/a>\n<div class=\"fusion-product-content\">\n\t<div class=\"product-details\">\n\t\t<div class=\"product-details-container\">\n<h3 class=\"product-title\">\n\t<a href=\"https:\/\/raptorcoatings.com\/fr\/produit\/raptor-liner-kit-1-us-gallon\/\">\n\t\tKits 4 Bouteilles\t<\/a>\n<\/h3>\n<div class=\"fusion-price-rating\">\n\n\t\t<\/div>\n\t<\/div>\n<\/div>\n\n\n\t<div class=\"product-buttons\">\n\t\t<div class=\"fusion-content-sep sep-none\"><\/div>\n\t\t<div class=\"product-buttons-container clearfix\">\n<span class=\"gtm4wp_productdata\" style=\"display:none; visibility:hidden;\" data-gtm4wp_product_data=\"{&quot;internal_id&quot;:9125,&quot;item_id&quot;:9125,&quot;item_name&quot;:&quot;Kits 4 Bouteilles&quot;,&quot;sku&quot;:&quot;UP0820FR&quot;,&quot;price&quot;:0,&quot;stocklevel&quot;:null,&quot;stockstatus&quot;:&quot;instock&quot;,&quot;google_business_vertical&quot;:&quot;retail&quot;,&quot;item_category&quot;:&quot;RAPTOR&quot;,&quot;id&quot;:9125,&quot;productlink&quot;:&quot;https:\\\/\\\/raptorcoatings.com\\\/fr\\\/produit\\\/raptor-liner-kit-1-us-gallon\\\/&quot;,&quot;item_list_name&quot;:&quot;Liste g\\u00e9n\\u00e9rale des produits&quot;,&quot;index&quot;:3,&quot;product_type&quot;:&quot;simple&quot;,&quot;item_brand&quot;:&quot;&quot;}\"><\/span>\n<a href=\"https:\/\/raptorcoatings.com\/fr\/produit\/raptor-liner-kit-1-us-gallon\/\" class=\"show_details_button\" style=\"float:none;max-width:none;text-align:center;\">\n\tDetails<\/a>\n\n\n\t<\/div>\n\t<\/div>\n\n\t<\/div> <\/div>\n<\/li>\n<\/ul><\/div><div class=\"fusion-separator fusion-full-width-sep\" style=\"align-self: center;margin-left: auto;margin-right: auto;margin-bottom:50px;width:100%;\"><\/div><\/div><\/div><\/div><\/div>\n","protected":false},"excerpt":{"rendered":"<p>RAPTOR est le choix le plus simple et le plus fiable pour prot\u00e9ger votre benne de pick-up. Et pourtant \u00e9l\u00e9gant. Cette texture a \u00e9t\u00e9 cr\u00e9\u00e9e \u00e0 l&rsquo;aide du kit RAPTOR, qui contient tout le n\u00e9cessaire pour l&rsquo;application du rev\u00eatement. Sa formulation unique vous permet de contr\u00f4ler l&rsquo;\u00e9paisseur et la texture du rev\u00eatement en fonction des pr\u00e9f\u00e9rences individuelles. Nous pensons que les r\u00e9sultats parlent d&rsquo;eux-m\u00eames. Si vous recherchez un rev\u00eatement durable qui ne vous laissera jamais tomber, vous vous \u00eates gar\u00e9 au bon endroit.<\/p>\n[fusion_image_before_after before_image=\"https:\/\/raptorcoatings.com\/wp-content\/uploads\/Raptor-2K-bedliner-before.jpg\" before_image_id=\"7589|full\" after_image=\"https:\/\/raptorcoatings.com\/wp-content\/uploads\/Raptor-2K-bedliner-after.jpg\" after_image_id=\"7580|full\" target=\"_self\" hide_on_mobile=\"small-visibility,medium-visibility,large-visibility\" handle_color=\"var(--awb-color3)\" max_width=\"500px\" animation_direction=\"left\" animation_speed=\"0.3\" animation_delay=\"0\"][\/fusion_image_before_after]\n","protected":false},"featured_media":81694,"template":"","meta":[],"product_brand":[],"product_cat":[192],"product_tag":[],"class_list":{"0":"post-8917","1":"product","2":"type-product","3":"status-publish","4":"has-post-thumbnail","6":"product_cat-projet","8":"first","9":"instock","10":"shipping-taxable","11":"product-type-simple"},"gallery_images":[7593,7611,7521,7539,7548,7557,7566,7575,7584],"yoast_head":"<!-- This site is optimized with the Yoast SEO plugin v27.1.1 - https:\/\/yoast.com\/product\/yoast-seo-wordpress\/ -->\n<title>Monster, Truck - Raptortough<\/title>\n<meta name=\"description\" content=\"The convenient RAPTOR 2K Bedliner Aerosol offers a fast, easy way to apply RAPTOR without compromising performance, no spray equipment necessary.\" \/>\n<meta name=\"robots\" content=\"index, follow, max-snippet:-1, max-image-preview:large, max-video-preview:-1\" \/>\n<link rel=\"canonical\" href=\"https:\/\/raptorcoatings.com\/fr\/produit\/monster-truck\/\" \/>\n<meta property=\"og:locale\" content=\"fr_FR\" \/>\n<meta property=\"og:type\" content=\"article\" \/>\n<meta property=\"og:title\" content=\"Monster, Truck - Raptortough\" \/>\n<meta property=\"og:description\" content=\"The convenient RAPTOR 2K Bedliner Aerosol offers a fast, easy way to apply RAPTOR without compromising performance, no spray equipment necessary.\" \/>\n<meta property=\"og:url\" content=\"https:\/\/raptorcoatings.com\/fr\/produit\/monster-truck\/\" \/>\n<meta property=\"og:site_name\" content=\"Raptortough\" \/>\n<meta property=\"article:modified_time\" content=\"2023-05-16T13:02:16+00:00\" \/>\n<meta property=\"og:image\" content=\"https:\/\/raptorcoatings.com\/wp-content\/uploads\/Raptor-2K-bedliner-Feat.jpg\" \/>\n\t<meta property=\"og:image:width\" content=\"1080\" \/>\n\t<meta property=\"og:image:height\" content=\"1080\" \/>\n\t<meta property=\"og:image:type\" content=\"image\/jpeg\" \/>\n<meta name=\"twitter:card\" content=\"summary_large_image\" \/>\n<meta name=\"twitter:label1\" content=\"Dur\u00e9e de lecture estim\u00e9e\" \/>\n\t<meta name=\"twitter:data1\" content=\"2 minutes\" \/>\n<script type=\"application\/ld+json\" class=\"yoast-schema-graph\">{\"@context\":\"https:\/\/schema.org\",\"@graph\":[{\"@type\":\"WebPage\",\"@id\":\"https:\/\/raptorcoatings.com\/fr\/produit\/monster-truck\/\",\"url\":\"https:\/\/raptorcoatings.com\/fr\/produit\/monster-truck\/\",\"name\":\"Monster, Truck - Raptortough\",\"isPartOf\":{\"@id\":\"https:\/\/raptorcoatings.com\/fr\/#website\"},\"primaryImageOfPage\":{\"@id\":\"https:\/\/raptorcoatings.com\/fr\/produit\/monster-truck\/#primaryimage\"},\"image\":{\"@id\":\"https:\/\/raptorcoatings.com\/fr\/produit\/monster-truck\/#primaryimage\"},\"thumbnailUrl\":\"https:\/\/raptorcoatings.com\/wp-content\/uploads\/Raptor-Caravan-3.png\",\"datePublished\":\"2023-02-02T16:10:17+00:00\",\"dateModified\":\"2023-05-16T13:02:16+00:00\",\"description\":\"The convenient RAPTOR 2K Bedliner Aerosol offers a fast, easy way to apply RAPTOR without compromising performance, no spray equipment necessary.\",\"breadcrumb\":{\"@id\":\"https:\/\/raptorcoatings.com\/fr\/produit\/monster-truck\/#breadcrumb\"},\"inLanguage\":\"fr-FR\",\"potentialAction\":[{\"@type\":\"ReadAction\",\"target\":[\"https:\/\/raptorcoatings.com\/fr\/produit\/monster-truck\/\"]}]},{\"@type\":\"ImageObject\",\"inLanguage\":\"fr-FR\",\"@id\":\"https:\/\/raptorcoatings.com\/fr\/produit\/monster-truck\/#primaryimage\",\"url\":\"https:\/\/raptorcoatings.com\/wp-content\/uploads\/Raptor-Caravan-3.png\",\"contentUrl\":\"https:\/\/raptorcoatings.com\/wp-content\/uploads\/Raptor-Caravan-3.png\",\"width\":1000,\"height\":1000},{\"@type\":\"BreadcrumbList\",\"@id\":\"https:\/\/raptorcoatings.com\/fr\/produit\/monster-truck\/#breadcrumb\",\"itemListElement\":[{\"@type\":\"ListItem\",\"position\":1,\"name\":\"Home\",\"item\":\"https:\/\/raptorcoatings.com\/fr\/\"},{\"@type\":\"ListItem\",\"position\":2,\"name\":\"Produits\",\"item\":\"https:\/\/raptorcoatings.com\/fr\/produits\/\"},{\"@type\":\"ListItem\",\"position\":3,\"name\":\"Monster, Truck\"}]},{\"@type\":\"WebSite\",\"@id\":\"https:\/\/raptorcoatings.com\/fr\/#website\",\"url\":\"https:\/\/raptorcoatings.com\/fr\/\",\"name\":\"Raptor Coatings\",\"description\":\"\",\"potentialAction\":[{\"@type\":\"SearchAction\",\"target\":{\"@type\":\"EntryPoint\",\"urlTemplate\":\"https:\/\/raptorcoatings.com\/fr\/?s={search_term_string}\"},\"query-input\":{\"@type\":\"PropertyValueSpecification\",\"valueRequired\":true,\"valueName\":\"search_term_string\"}}],\"inLanguage\":\"fr-FR\"}]}<\/script>\n<!-- \/ Yoast SEO plugin. -->","yoast_head_json":{"title":"Monster, Truck - Raptortough","description":"The convenient RAPTOR 2K Bedliner Aerosol offers a fast, easy way to apply RAPTOR without compromising performance, no spray equipment necessary.","robots":{"index":"index","follow":"follow","max-snippet":"max-snippet:-1","max-image-preview":"max-image-preview:large","max-video-preview":"max-video-preview:-1"},"canonical":"https:\/\/raptorcoatings.com\/fr\/produit\/monster-truck\/","og_locale":"fr_FR","og_type":"article","og_title":"Monster, Truck - Raptortough","og_description":"The convenient RAPTOR 2K Bedliner Aerosol offers a fast, easy way to apply RAPTOR without compromising performance, no spray equipment necessary.","og_url":"https:\/\/raptorcoatings.com\/fr\/produit\/monster-truck\/","og_site_name":"Raptortough","article_modified_time":"2023-05-16T13:02:16+00:00","og_image":[{"width":1080,"height":1080,"url":"https:\/\/raptorcoatings.com\/wp-content\/uploads\/Raptor-2K-bedliner-Feat.jpg","type":"image\/jpeg"}],"twitter_card":"summary_large_image","twitter_misc":{"Dur\u00e9e de lecture estim\u00e9e":"2 minutes"},"schema":{"@context":"https:\/\/schema.org","@graph":[{"@type":"WebPage","@id":"https:\/\/raptorcoatings.com\/fr\/produit\/monster-truck\/","url":"https:\/\/raptorcoatings.com\/fr\/produit\/monster-truck\/","name":"Monster, Truck - Raptortough","isPartOf":{"@id":"https:\/\/raptorcoatings.com\/fr\/#website"},"primaryImageOfPage":{"@id":"https:\/\/raptorcoatings.com\/fr\/produit\/monster-truck\/#primaryimage"},"image":{"@id":"https:\/\/raptorcoatings.com\/fr\/produit\/monster-truck\/#primaryimage"},"thumbnailUrl":"https:\/\/raptorcoatings.com\/wp-content\/uploads\/Raptor-Caravan-3.png","datePublished":"2023-02-02T16:10:17+00:00","dateModified":"2023-05-16T13:02:16+00:00","description":"The convenient RAPTOR 2K Bedliner Aerosol offers a fast, easy way to apply RAPTOR without compromising performance, no spray equipment necessary.","breadcrumb":{"@id":"https:\/\/raptorcoatings.com\/fr\/produit\/monster-truck\/#breadcrumb"},"inLanguage":"fr-FR","potentialAction":[{"@type":"ReadAction","target":["https:\/\/raptorcoatings.com\/fr\/produit\/monster-truck\/"]}]},{"@type":"ImageObject","inLanguage":"fr-FR","@id":"https:\/\/raptorcoatings.com\/fr\/produit\/monster-truck\/#primaryimage","url":"https:\/\/raptorcoatings.com\/wp-content\/uploads\/Raptor-Caravan-3.png","contentUrl":"https:\/\/raptorcoatings.com\/wp-content\/uploads\/Raptor-Caravan-3.png","width":1000,"height":1000},{"@type":"BreadcrumbList","@id":"https:\/\/raptorcoatings.com\/fr\/produit\/monster-truck\/#breadcrumb","itemListElement":[{"@type":"ListItem","position":1,"name":"Home","item":"https:\/\/raptorcoatings.com\/fr\/"},{"@type":"ListItem","position":2,"name":"Produits","item":"https:\/\/raptorcoatings.com\/fr\/produits\/"},{"@type":"ListItem","position":3,"name":"Monster, Truck"}]},{"@type":"WebSite","@id":"https:\/\/raptorcoatings.com\/fr\/#website","url":"https:\/\/raptorcoatings.com\/fr\/","name":"Raptor Coatings","description":"","potentialAction":[{"@type":"SearchAction","target":{"@type":"EntryPoint","urlTemplate":"https:\/\/raptorcoatings.com\/fr\/?s={search_term_string}"},"query-input":{"@type":"PropertyValueSpecification","valueRequired":true,"valueName":"search_term_string"}}],"inLanguage":"fr-FR"}]}},"_links":{"self":[{"href":"https:\/\/raptorcoatings.com\/fr\/wp-json\/wp\/v2\/product\/8917","targetHints":{"allow":["GET"]}}],"collection":[{"href":"https:\/\/raptorcoatings.com\/fr\/wp-json\/wp\/v2\/product"}],"about":[{"href":"https:\/\/raptorcoatings.com\/fr\/wp-json\/wp\/v2\/types\/product"}],"wp:featuredmedia":[{"embeddable":true,"href":"https:\/\/raptorcoatings.com\/fr\/wp-json\/wp\/v2\/media\/81694"}],"wp:attachment":[{"href":"https:\/\/raptorcoatings.com\/fr\/wp-json\/wp\/v2\/media?parent=8917"}],"wp:term":[{"taxonomy":"product_brand","embeddable":true,"href":"https:\/\/raptorcoatings.com\/fr\/wp-json\/wp\/v2\/product_brand?post=8917"},{"taxonomy":"product_cat","embeddable":true,"href":"https:\/\/raptorcoatings.com\/fr\/wp-json\/wp\/v2\/product_cat?post=8917"},{"taxonomy":"product_tag","embeddable":true,"href":"https:\/\/raptorcoatings.com\/fr\/wp-json\/wp\/v2\/product_tag?post=8917"}],"curies":[{"name":"wp","href":"https:\/\/api.w.org\/{rel}","templated":true}]}}