{"id":47440,"date":"2024-08-27T10:56:50","date_gmt":"2024-08-27T10:56:50","guid":{"rendered":"https:\/\/raptorcoatings.com\/?post_type=product&#038;p=47440"},"modified":"2025-07-22T11:18:00","modified_gmt":"2025-07-22T11:18:00","slug":"peinture-email-pour-etriers-raptor","status":"publish","type":"product","link":"https:\/\/raptorcoatings.com\/fr\/produit\/peinture-email-pour-etriers-raptor\/","title":{"rendered":"PEINTURE C\u00c9RAMIQUE POUR \u00c9TRIERS RAPTOR"},"content":{"rendered":"<div class=\"fusion-fullwidth fullwidth-box fusion-builder-row-1 fusion-flex-container has-pattern-background has-mask-background nonhundred-percent-fullwidth non-hundred-percent-height-scrolling\" style=\"--awb-border-radius-top-left:0px;--awb-border-radius-top-right:0px;--awb-border-radius-bottom-right:0px;--awb-border-radius-bottom-left:0px;--awb-padding-top:50px;--awb-padding-right:0px;--awb-padding-bottom:0px;--awb-padding-left:0px;--awb-flex-wrap:wrap;\" ><div class=\"fusion-builder-row fusion-row fusion-flex-align-items-flex-start fusion-flex-justify-content-flex-end fusion-flex-content-wrap\" style=\"max-width:calc( 1640px + 12px );margin-left: calc(-12px \/ 2 );margin-right: calc(-12px \/ 2 );\"><div class=\"fusion-layout-column fusion_builder_column fusion-builder-column-0 fusion_builder_column_1_1 1_1 fusion-flex-column\" style=\"--awb-bg-size:cover;--awb-width-large:100%;--awb-margin-top-large:0px;--awb-spacing-right-large:6px;--awb-margin-bottom-large:20px;--awb-spacing-left-large:6px;--awb-width-medium:100%;--awb-order-medium:0;--awb-spacing-right-medium:6px;--awb-spacing-left-medium:6px;--awb-width-small:100%;--awb-order-small:0;--awb-spacing-right-small:6px;--awb-spacing-left-small:6px;\"><div class=\"fusion-column-wrapper fusion-column-has-shadow fusion-flex-justify-content-flex-start fusion-content-layout-column\">\n<div class=\"table-1 productTable\">\n<table width=\"100%\">\n<thead>\n<tr>\n<th align=\"left\">R\u00e9f\u00e9rence<\/th>\n<th align=\"left\">Description<\/th>\n<th align=\"left\">Couleur<\/th>\n<th align=\"left\">Par Carton<\/th>\n<th align=\"left\">Voir la Fiche Technique<\/th>\n<th align=\"left\">Voir la Fiche de S\u00e9curit\u00e9<\/th>\n<\/tr>\n<\/thead>\n<tbody>\n<tr>\n<td align=\"left\">RCESB\/AL<\/td>\n<td align=\"left\">A\u00e9rosol 360ml (295g)<\/td>\n<td align=\"left\">Noir Satin\u00e9<\/td>\n<td align=\"left\">12<\/td>\n<td align=\"left\"><a href=\"https:\/\/raptorcoatings.com\/wp-content\/uploads\/RAPTOR-Caliper-Enamel-Aerosol-TDS-FR.pdf\">RCESB\/AL TDS FR<\/a><\/td>\n<td align=\"left\"><a href=\"https:\/\/use-qa-inf-apiacs.azure-api.net\/publishedsds\/item\/32450\">RCESB\/AL SDS FR<\/a><\/td>\n<\/tr>\n<tr>\n<td align=\"left\">RCERR\/AL<\/td>\n<td align=\"left\">A\u00e9rosol 357ml (295g)<\/td>\n<td align=\"left\">Rouge Sang<\/td>\n<td align=\"left\">12<\/td>\n<td align=\"left\"><a href=\"https:\/\/raptorcoatings.com\/wp-content\/uploads\/RAPTOR-Caliper-Enamel-Aerosol-TDS-FR.pdf\">RCERR\/AL TDS FR<\/a><\/td>\n<td align=\"left\"><a href=\"https:\/\/use-qa-inf-apiacs.azure-api.net\/publishedsds\/item\/32460\">RCERR\/AL-SDS-FR<\/a><\/td>\n<\/tr>\n<\/tbody>\n<\/table>\n<\/div>\n<div class=\"fusion-text fusion-text-1 fusion-no-medium-visibility fusion-no-large-visibility\"><p style=\"text-align: center;\"><span style=\"color: #ffffff; font-size: 16px;\"><strong>Swipe table<\/strong><\/span> <i class=\"fb-icon-element-1 fb-icon-element fontawesome-icon fa-hand-pointer fas circle-no fusion-text-flow\" style=\"--awb-font-size:20px;--awb-margin-right:10px;\"><\/i><\/p>\n<\/div>\n<div class=\"fusion-text fusion-text-2\"><\/div><\/div><\/div><\/div><\/div>\n","protected":false},"excerpt":{"rendered":"<p>Une peinture c\u00e9ramique de qualit\u00e9 professionnelle, id\u00e9ale pour personnaliser et prolonger la dur\u00e9e de vie des \u00e9triers de frein. La peinture pour \u00e9triers RAPTOR contient des r\u00e9sines c\u00e9ramiques qui r\u00e9sistent \u00e0 des temp\u00e9ratures jusqu\u2019\u00e0 500\u00b0C et est 5 fois plus r\u00e9sistante que les peintures ordinaires. Elle offre une protection sup\u00e9rieure contre les chocs, la chaleur, la poussi\u00e8re de frein, les liquides automobiles et la corrosion. Elle est facile \u00e0 utiliser, s\u00e8che rapidement et cr\u00e9e une finition lisse et attrayante avec une excellente adh\u00e9rence qui ne cloque pas, ne s\u2019\u00e9caille pas, ne se fissure pas et ne p\u00e8le pas. Elle est \u00e9galement auto-appr\u00eatante, elle peut donc \u00eatre utilis\u00e9e directement sur la plupart des m\u00e9taux pr\u00e9par\u00e9s sans avoir besoin d\u2019un appr\u00eat.<\/p>\n<p>\u2022 Technologie c\u00e9ramique avanc\u00e9e \u2013 r\u00e9sistante \u00e0 la chaleur jusqu\u2019\u00e0 500\u00b0C<br \/>\n\u2022 Finition tr\u00e8s brillante<br \/>\n\u2022 R\u00e9sistance sup\u00e9rieure \u00e0 la corrosion<br \/>\n\u2022 5 fois plus r\u00e9sistante que les peintures ordinaires<br \/>\n\u2022 Direct sur m\u00e9tal \u2013 pas besoin d\u2019appr\u00eat<br \/>\n\u2022 Buse \u00e0 jet plat anti-colmatage \u2013 id\u00e9ale pour recouvrir les \u00e9triers de frein<\/p>\n","protected":false},"featured_media":77061,"template":"","meta":[],"product_brand":[],"product_cat":[1088,199],"product_tag":[1100,1090],"class_list":{"0":"post-47440","1":"product","2":"type-product","3":"status-publish","4":"has-post-thumbnail","6":"product_cat-high-heat-fr","7":"product_cat-raptor-fr","8":"product_tag-high-heat-fr","9":"product_tag-uk-fr","11":"first","12":"instock","13":"shipping-taxable","14":"product-type-simple"},"gallery_images":[46150],"yoast_head":"<!-- This site is optimized with the Yoast SEO plugin v27.1.1 - https:\/\/yoast.com\/product\/yoast-seo-wordpress\/ -->\n<title>PEINTURE C\u00c9RAMIQUE POUR \u00c9TRIERS RAPTOR - Raptortough<\/title>\n<meta name=\"robots\" content=\"index, follow, max-snippet:-1, max-image-preview:large, max-video-preview:-1\" \/>\n<link rel=\"canonical\" href=\"https:\/\/raptorcoatings.com\/fr\/produit\/peinture-email-pour-etriers-raptor\/\" \/>\n<meta property=\"og:locale\" content=\"fr_FR\" \/>\n<meta property=\"og:type\" content=\"article\" \/>\n<meta property=\"og:title\" content=\"PEINTURE C\u00c9RAMIQUE POUR \u00c9TRIERS RAPTOR - Raptortough\" \/>\n<meta property=\"og:description\" content=\"Une peinture c\u00e9ramique de qualit\u00e9 professionnelle, id\u00e9ale pour personnaliser et prolonger la dur\u00e9e de vie des \u00e9triers de frein. La peinture pour \u00e9triers RAPTOR contient des r\u00e9sines c\u00e9ramiques qui r\u00e9sistent \u00e0 des temp\u00e9ratures jusqu\u2019\u00e0 500\u00b0C et est 5 fois plus r\u00e9sistante que les peintures ordinaires. Elle offre une protection sup\u00e9rieure contre les chocs, la chaleur, la poussi\u00e8re de frein, les liquides automobiles et la corrosion. Elle est facile \u00e0 utiliser, s\u00e8che rapidement et cr\u00e9e une finition lisse et attrayante avec une excellente adh\u00e9rence qui ne cloque pas, ne s\u2019\u00e9caille pas, ne se fissure pas et ne p\u00e8le pas. Elle est \u00e9galement auto-appr\u00eatante, elle peut donc \u00eatre utilis\u00e9e directement sur la plupart des m\u00e9taux pr\u00e9par\u00e9s sans avoir besoin d\u2019un appr\u00eat.  \u2022 Technologie c\u00e9ramique avanc\u00e9e \u2013 r\u00e9sistante \u00e0 la chaleur jusqu\u2019\u00e0 500\u00b0C \u2022 Finition tr\u00e8s brillante \u2022 R\u00e9sistance sup\u00e9rieure \u00e0 la corrosion \u2022 5 fois plus r\u00e9sistante que les peintures ordinaires \u2022 Direct sur m\u00e9tal \u2013 pas besoin d\u2019appr\u00eat \u2022 Buse \u00e0 jet plat anti-colmatage \u2013 id\u00e9ale pour recouvrir les \u00e9triers de frein\" \/>\n<meta property=\"og:url\" content=\"https:\/\/raptorcoatings.com\/fr\/produit\/peinture-email-pour-etriers-raptor\/\" \/>\n<meta property=\"og:site_name\" content=\"Raptortough\" \/>\n<meta property=\"article:modified_time\" content=\"2025-07-22T11:18:00+00:00\" \/>\n<meta property=\"og:image\" content=\"https:\/\/raptorcoatings.com\/wp-content\/uploads\/Caliper-Enamel.png\" \/>\n\t<meta property=\"og:image:width\" content=\"1200\" \/>\n\t<meta property=\"og:image:height\" content=\"1200\" \/>\n\t<meta property=\"og:image:type\" content=\"image\/png\" \/>\n<meta name=\"twitter:card\" content=\"summary_large_image\" \/>\n<meta name=\"twitter:label1\" content=\"Dur\u00e9e de lecture estim\u00e9e\" \/>\n\t<meta name=\"twitter:data1\" content=\"1 minute\" \/>\n<script type=\"application\/ld+json\" class=\"yoast-schema-graph\">{\"@context\":\"https:\/\/schema.org\",\"@graph\":[{\"@type\":\"WebPage\",\"@id\":\"https:\/\/raptorcoatings.com\/fr\/produit\/peinture-email-pour-etriers-raptor\/\",\"url\":\"https:\/\/raptorcoatings.com\/fr\/produit\/peinture-email-pour-etriers-raptor\/\",\"name\":\"PEINTURE C\u00c9RAMIQUE POUR \u00c9TRIERS RAPTOR - Raptortough\",\"isPartOf\":{\"@id\":\"https:\/\/raptorcoatings.com\/fr\/#website\"},\"primaryImageOfPage\":{\"@id\":\"https:\/\/raptorcoatings.com\/fr\/produit\/peinture-email-pour-etriers-raptor\/#primaryimage\"},\"image\":{\"@id\":\"https:\/\/raptorcoatings.com\/fr\/produit\/peinture-email-pour-etriers-raptor\/#primaryimage\"},\"thumbnailUrl\":\"https:\/\/raptorcoatings.com\/wp-content\/uploads\/Caliper-Enamel.png\",\"datePublished\":\"2024-08-27T10:56:50+00:00\",\"dateModified\":\"2025-07-22T11:18:00+00:00\",\"breadcrumb\":{\"@id\":\"https:\/\/raptorcoatings.com\/fr\/produit\/peinture-email-pour-etriers-raptor\/#breadcrumb\"},\"inLanguage\":\"fr-FR\",\"potentialAction\":[{\"@type\":\"ReadAction\",\"target\":[\"https:\/\/raptorcoatings.com\/fr\/produit\/peinture-email-pour-etriers-raptor\/\"]}]},{\"@type\":\"ImageObject\",\"inLanguage\":\"fr-FR\",\"@id\":\"https:\/\/raptorcoatings.com\/fr\/produit\/peinture-email-pour-etriers-raptor\/#primaryimage\",\"url\":\"https:\/\/raptorcoatings.com\/wp-content\/uploads\/Caliper-Enamel.png\",\"contentUrl\":\"https:\/\/raptorcoatings.com\/wp-content\/uploads\/Caliper-Enamel.png\",\"width\":1200,\"height\":1200},{\"@type\":\"BreadcrumbList\",\"@id\":\"https:\/\/raptorcoatings.com\/fr\/produit\/peinture-email-pour-etriers-raptor\/#breadcrumb\",\"itemListElement\":[{\"@type\":\"ListItem\",\"position\":1,\"name\":\"Home\",\"item\":\"https:\/\/raptorcoatings.com\/fr\/\"},{\"@type\":\"ListItem\",\"position\":2,\"name\":\"Produits\",\"item\":\"https:\/\/raptorcoatings.com\/fr\/produits\/\"},{\"@type\":\"ListItem\",\"position\":3,\"name\":\"PEINTURE C\u00c9RAMIQUE POUR \u00c9TRIERS RAPTOR\"}]},{\"@type\":\"WebSite\",\"@id\":\"https:\/\/raptorcoatings.com\/fr\/#website\",\"url\":\"https:\/\/raptorcoatings.com\/fr\/\",\"name\":\"Raptor Coatings\",\"description\":\"\",\"potentialAction\":[{\"@type\":\"SearchAction\",\"target\":{\"@type\":\"EntryPoint\",\"urlTemplate\":\"https:\/\/raptorcoatings.com\/fr\/?s={search_term_string}\"},\"query-input\":{\"@type\":\"PropertyValueSpecification\",\"valueRequired\":true,\"valueName\":\"search_term_string\"}}],\"inLanguage\":\"fr-FR\"}]}<\/script>\n<!-- \/ Yoast SEO plugin. -->","yoast_head_json":{"title":"PEINTURE C\u00c9RAMIQUE POUR \u00c9TRIERS RAPTOR - Raptortough","robots":{"index":"index","follow":"follow","max-snippet":"max-snippet:-1","max-image-preview":"max-image-preview:large","max-video-preview":"max-video-preview:-1"},"canonical":"https:\/\/raptorcoatings.com\/fr\/produit\/peinture-email-pour-etriers-raptor\/","og_locale":"fr_FR","og_type":"article","og_title":"PEINTURE C\u00c9RAMIQUE POUR \u00c9TRIERS RAPTOR - Raptortough","og_description":"Une peinture c\u00e9ramique de qualit\u00e9 professionnelle, id\u00e9ale pour personnaliser et prolonger la dur\u00e9e de vie des \u00e9triers de frein. La peinture pour \u00e9triers RAPTOR contient des r\u00e9sines c\u00e9ramiques qui r\u00e9sistent \u00e0 des temp\u00e9ratures jusqu\u2019\u00e0 500\u00b0C et est 5 fois plus r\u00e9sistante que les peintures ordinaires. Elle offre une protection sup\u00e9rieure contre les chocs, la chaleur, la poussi\u00e8re de frein, les liquides automobiles et la corrosion. Elle est facile \u00e0 utiliser, s\u00e8che rapidement et cr\u00e9e une finition lisse et attrayante avec une excellente adh\u00e9rence qui ne cloque pas, ne s\u2019\u00e9caille pas, ne se fissure pas et ne p\u00e8le pas. Elle est \u00e9galement auto-appr\u00eatante, elle peut donc \u00eatre utilis\u00e9e directement sur la plupart des m\u00e9taux pr\u00e9par\u00e9s sans avoir besoin d\u2019un appr\u00eat.  \u2022 Technologie c\u00e9ramique avanc\u00e9e \u2013 r\u00e9sistante \u00e0 la chaleur jusqu\u2019\u00e0 500\u00b0C \u2022 Finition tr\u00e8s brillante \u2022 R\u00e9sistance sup\u00e9rieure \u00e0 la corrosion \u2022 5 fois plus r\u00e9sistante que les peintures ordinaires \u2022 Direct sur m\u00e9tal \u2013 pas besoin d\u2019appr\u00eat \u2022 Buse \u00e0 jet plat anti-colmatage \u2013 id\u00e9ale pour recouvrir les \u00e9triers de frein","og_url":"https:\/\/raptorcoatings.com\/fr\/produit\/peinture-email-pour-etriers-raptor\/","og_site_name":"Raptortough","article_modified_time":"2025-07-22T11:18:00+00:00","og_image":[{"width":1200,"height":1200,"url":"https:\/\/raptorcoatings.com\/wp-content\/uploads\/Caliper-Enamel.png","type":"image\/png"}],"twitter_card":"summary_large_image","twitter_misc":{"Dur\u00e9e de lecture estim\u00e9e":"1 minute"},"schema":{"@context":"https:\/\/schema.org","@graph":[{"@type":"WebPage","@id":"https:\/\/raptorcoatings.com\/fr\/produit\/peinture-email-pour-etriers-raptor\/","url":"https:\/\/raptorcoatings.com\/fr\/produit\/peinture-email-pour-etriers-raptor\/","name":"PEINTURE C\u00c9RAMIQUE POUR \u00c9TRIERS RAPTOR - Raptortough","isPartOf":{"@id":"https:\/\/raptorcoatings.com\/fr\/#website"},"primaryImageOfPage":{"@id":"https:\/\/raptorcoatings.com\/fr\/produit\/peinture-email-pour-etriers-raptor\/#primaryimage"},"image":{"@id":"https:\/\/raptorcoatings.com\/fr\/produit\/peinture-email-pour-etriers-raptor\/#primaryimage"},"thumbnailUrl":"https:\/\/raptorcoatings.com\/wp-content\/uploads\/Caliper-Enamel.png","datePublished":"2024-08-27T10:56:50+00:00","dateModified":"2025-07-22T11:18:00+00:00","breadcrumb":{"@id":"https:\/\/raptorcoatings.com\/fr\/produit\/peinture-email-pour-etriers-raptor\/#breadcrumb"},"inLanguage":"fr-FR","potentialAction":[{"@type":"ReadAction","target":["https:\/\/raptorcoatings.com\/fr\/produit\/peinture-email-pour-etriers-raptor\/"]}]},{"@type":"ImageObject","inLanguage":"fr-FR","@id":"https:\/\/raptorcoatings.com\/fr\/produit\/peinture-email-pour-etriers-raptor\/#primaryimage","url":"https:\/\/raptorcoatings.com\/wp-content\/uploads\/Caliper-Enamel.png","contentUrl":"https:\/\/raptorcoatings.com\/wp-content\/uploads\/Caliper-Enamel.png","width":1200,"height":1200},{"@type":"BreadcrumbList","@id":"https:\/\/raptorcoatings.com\/fr\/produit\/peinture-email-pour-etriers-raptor\/#breadcrumb","itemListElement":[{"@type":"ListItem","position":1,"name":"Home","item":"https:\/\/raptorcoatings.com\/fr\/"},{"@type":"ListItem","position":2,"name":"Produits","item":"https:\/\/raptorcoatings.com\/fr\/produits\/"},{"@type":"ListItem","position":3,"name":"PEINTURE C\u00c9RAMIQUE POUR \u00c9TRIERS RAPTOR"}]},{"@type":"WebSite","@id":"https:\/\/raptorcoatings.com\/fr\/#website","url":"https:\/\/raptorcoatings.com\/fr\/","name":"Raptor Coatings","description":"","potentialAction":[{"@type":"SearchAction","target":{"@type":"EntryPoint","urlTemplate":"https:\/\/raptorcoatings.com\/fr\/?s={search_term_string}"},"query-input":{"@type":"PropertyValueSpecification","valueRequired":true,"valueName":"search_term_string"}}],"inLanguage":"fr-FR"}]}},"_links":{"self":[{"href":"https:\/\/raptorcoatings.com\/fr\/wp-json\/wp\/v2\/product\/47440","targetHints":{"allow":["GET"]}}],"collection":[{"href":"https:\/\/raptorcoatings.com\/fr\/wp-json\/wp\/v2\/product"}],"about":[{"href":"https:\/\/raptorcoatings.com\/fr\/wp-json\/wp\/v2\/types\/product"}],"wp:featuredmedia":[{"embeddable":true,"href":"https:\/\/raptorcoatings.com\/fr\/wp-json\/wp\/v2\/media\/77061"}],"wp:attachment":[{"href":"https:\/\/raptorcoatings.com\/fr\/wp-json\/wp\/v2\/media?parent=47440"}],"wp:term":[{"taxonomy":"product_brand","embeddable":true,"href":"https:\/\/raptorcoatings.com\/fr\/wp-json\/wp\/v2\/product_brand?post=47440"},{"taxonomy":"product_cat","embeddable":true,"href":"https:\/\/raptorcoatings.com\/fr\/wp-json\/wp\/v2\/product_cat?post=47440"},{"taxonomy":"product_tag","embeddable":true,"href":"https:\/\/raptorcoatings.com\/fr\/wp-json\/wp\/v2\/product_tag?post=47440"}],"curies":[{"name":"wp","href":"https:\/\/api.w.org\/{rel}","templated":true}]}}