{"id":47301,"date":"2024-08-27T10:29:26","date_gmt":"2024-08-27T10:29:26","guid":{"rendered":"https:\/\/raptorcoatings.com\/?post_type=product&#038;p=47301"},"modified":"2025-07-22T11:21:19","modified_gmt":"2025-07-22T11:21:19","slug":"peinture-pour-barre-stabilisatrice-et-chassis-raptor","status":"publish","type":"product","link":"https:\/\/raptorcoatings.com\/fr\/produit\/peinture-pour-barre-stabilisatrice-et-chassis-raptor\/","title":{"rendered":"PEINTURE POUR BARRE STABILISATRICE ET CH\u00c2SSIS RAPTOR"},"content":{"rendered":"<div class=\"fusion-fullwidth fullwidth-box fusion-builder-row-1 fusion-flex-container has-pattern-background has-mask-background nonhundred-percent-fullwidth non-hundred-percent-height-scrolling\" style=\"--awb-border-radius-top-left:0px;--awb-border-radius-top-right:0px;--awb-border-radius-bottom-right:0px;--awb-border-radius-bottom-left:0px;--awb-padding-top:50px;--awb-padding-right:0px;--awb-padding-bottom:0px;--awb-padding-left:0px;--awb-flex-wrap:wrap;\" ><div class=\"fusion-builder-row fusion-row fusion-flex-align-items-flex-start fusion-flex-justify-content-flex-end fusion-flex-content-wrap\" style=\"max-width:calc( 1640px + 12px );margin-left: calc(-12px \/ 2 );margin-right: calc(-12px \/ 2 );\"><div class=\"fusion-layout-column fusion_builder_column fusion-builder-column-0 fusion_builder_column_1_1 1_1 fusion-flex-column\" style=\"--awb-bg-size:cover;--awb-width-large:100%;--awb-margin-top-large:0px;--awb-spacing-right-large:6px;--awb-margin-bottom-large:20px;--awb-spacing-left-large:6px;--awb-width-medium:100%;--awb-order-medium:0;--awb-spacing-right-medium:6px;--awb-spacing-left-medium:6px;--awb-width-small:100%;--awb-order-small:0;--awb-spacing-right-small:6px;--awb-spacing-left-small:6px;\"><div class=\"fusion-column-wrapper fusion-column-has-shadow fusion-flex-justify-content-flex-start fusion-content-layout-column\">\n<div class=\"table-1 productTable\">\n<table width=\"100%\">\n<thead>\n<tr>\n<th align=\"left\">R\u00e9f\u00e9rence<\/th>\n<th align=\"left\">Description<\/th>\n<th align=\"left\">Couleur<\/th>\n<th align=\"left\">Par Carton<\/th>\n<th align=\"left\">Voir la Fiche Technique<\/th>\n<th align=\"left\">Voir la Fiche de S\u00e9curit\u00e9<\/th>\n<\/tr>\n<\/thead>\n<tbody>\n<tr>\n<td align=\"left\">RRBGB\/AL<\/td>\n<td align=\"left\">A\u00e9rosol 366ml (295g)<\/td>\n<td align=\"left\">Noir Brillant<\/td>\n<td align=\"left\">12<\/td>\n<td align=\"left\"><a href=\"https:\/\/raptorcoatings.com\/wp-content\/uploads\/RAPTOR-Roll-Bar-Chassis-Aerosol-TDS-FR.pdf\">RRBGB\/AL TDS FR<\/a><\/td>\n<td align=\"left\"><a href=\"https:\/\/use-qa-inf-apiacs.azure-api.net\/publishedsds\/item\/32429\">RRBGB\/AL SDS FR<\/a><\/td>\n<\/tr>\n<tr>\n<td align=\"left\">RRBSB\/AL<\/td>\n<td align=\"left\">A\u00e9rosol 366ml (295g)<\/td>\n<td align=\"left\">Noir Satin\u00e9<\/td>\n<td align=\"left\">12<\/td>\n<td align=\"left\"><a href=\"https:\/\/raptorcoatings.com\/wp-content\/uploads\/RAPTOR-Roll-Bar-Chassis-Aerosol-TDS-FR.pdf\">RRBSB\/AL TDS FR<\/a><\/td>\n<td align=\"left\"><a href=\"https:\/\/use-qa-inf-apiacs.azure-api.net\/publishedsds\/item\/32439\">RRBSB\/AL SDS FR<\/a><\/td>\n<\/tr>\n<\/tbody>\n<\/table>\n<\/div>\n<div class=\"fusion-text fusion-text-1 fusion-no-medium-visibility fusion-no-large-visibility\"><p style=\"text-align: center;\"><span style=\"color: #ffffff; font-size: 16px;\"><strong>Swipe table<\/strong><\/span> <i class=\"fb-icon-element-1 fb-icon-element fontawesome-icon fa-hand-pointer fas circle-no fusion-text-flow\" style=\"--awb-font-size:20px;--awb-margin-right:10px;\"><\/i><\/p>\n<\/div>\n<div class=\"fusion-text fusion-text-2\"><\/div><\/div><\/div><\/div><\/div>\n","protected":false},"excerpt":{"rendered":"<p>Une peinture de qualit\u00e9 professionnelle, id\u00e9ale pour les barres stabilisatrices et les ch\u00e2ssis ou toute surface de v\u00e9hicule qui n\u00e9cessite une protection suppl\u00e9mentaire contre les chocs, l\u2019abrasion, les UV, la corrosion et les d\u00e9g\u00e2ts d\u2019eau. La formule avanc\u00e9e de la peinture pour barre stabilisatrice et ch\u00e2ssis RAPTOR r\u00e9siste \u00e0 des temp\u00e9ratures jusqu\u2019\u00e0 120\u00b0C et est 5 fois plus r\u00e9sistante que les peintures ordinaires. Elle s\u00e8che rapidement et cr\u00e9e une finition lisse et attrayante qui offre une adh\u00e9rence sup\u00e9rieure et r\u00e9siste \u00e0 la d\u00e9coloration due au soleil. Elle est \u00e9galement auto-appr\u00eatante, elle peut donc \u00eatre utilis\u00e9e directement sur la plupart des m\u00e9taux pr\u00e9par\u00e9s sans avoir besoin d\u2019un appr\u00eat.<\/p>\n<p>\u2022 R\u00e9sistante \u00e0 la chaleur jusqu\u2019\u00e0 120\u00b0C<br \/>\n\u2022 R\u00e9sistance sup\u00e9rieure aux UV \u2013 r\u00e9siste \u00e0 la d\u00e9coloration due au soleil<br \/>\n\u2022 5 fois plus r\u00e9sistante que les peintures ordinaires<br \/>\n\u2022 Direct sur m\u00e9tal \u2013 pas besoin d\u2019appr\u00eat<br \/>\n\u2022 Buse \u00e0 jet plat anti-colmatage \u2013 offre une finition lisse sur de plus grandes surfaces<\/p>\n","protected":false},"featured_media":77031,"template":"","meta":[],"product_brand":[],"product_cat":[1088,199],"product_tag":[1100,1090],"class_list":{"0":"post-47301","1":"product","2":"type-product","3":"status-publish","4":"has-post-thumbnail","6":"product_cat-high-heat-fr","7":"product_cat-raptor-fr","8":"product_tag-high-heat-fr","9":"product_tag-uk-fr","11":"first","12":"instock","13":"shipping-taxable","14":"product-type-simple"},"gallery_images":[46374],"yoast_head":"<!-- This site is optimized with the Yoast SEO plugin v27.1.1 - https:\/\/yoast.com\/product\/yoast-seo-wordpress\/ -->\n<title>PEINTURE POUR BARRE STABILISATRICE ET CH\u00c2SSIS RAPTOR - Raptortough<\/title>\n<meta name=\"robots\" content=\"index, follow, max-snippet:-1, max-image-preview:large, max-video-preview:-1\" \/>\n<link rel=\"canonical\" href=\"https:\/\/raptorcoatings.com\/fr\/produit\/peinture-pour-barre-stabilisatrice-et-chassis-raptor\/\" \/>\n<meta property=\"og:locale\" content=\"fr_FR\" \/>\n<meta property=\"og:type\" content=\"article\" \/>\n<meta property=\"og:title\" content=\"PEINTURE POUR BARRE STABILISATRICE ET CH\u00c2SSIS RAPTOR - Raptortough\" \/>\n<meta property=\"og:description\" content=\"Une peinture de qualit\u00e9 professionnelle, id\u00e9ale pour les barres stabilisatrices et les ch\u00e2ssis ou toute surface de v\u00e9hicule qui n\u00e9cessite une protection suppl\u00e9mentaire contre les chocs, l\u2019abrasion, les UV, la corrosion et les d\u00e9g\u00e2ts d\u2019eau. La formule avanc\u00e9e de la peinture pour barre stabilisatrice et ch\u00e2ssis RAPTOR r\u00e9siste \u00e0 des temp\u00e9ratures jusqu\u2019\u00e0 120\u00b0C et est 5 fois plus r\u00e9sistante que les peintures ordinaires. Elle s\u00e8che rapidement et cr\u00e9e une finition lisse et attrayante qui offre une adh\u00e9rence sup\u00e9rieure et r\u00e9siste \u00e0 la d\u00e9coloration due au soleil. Elle est \u00e9galement auto-appr\u00eatante, elle peut donc \u00eatre utilis\u00e9e directement sur la plupart des m\u00e9taux pr\u00e9par\u00e9s sans avoir besoin d\u2019un appr\u00eat.  \u2022 R\u00e9sistante \u00e0 la chaleur jusqu\u2019\u00e0 120\u00b0C \u2022 R\u00e9sistance sup\u00e9rieure aux UV \u2013 r\u00e9siste \u00e0 la d\u00e9coloration due au soleil \u2022 5 fois plus r\u00e9sistante que les peintures ordinaires \u2022 Direct sur m\u00e9tal \u2013 pas besoin d\u2019appr\u00eat \u2022 Buse \u00e0 jet plat anti-colmatage \u2013 offre une finition lisse sur de plus grandes surfaces\" \/>\n<meta property=\"og:url\" content=\"https:\/\/raptorcoatings.com\/fr\/produit\/peinture-pour-barre-stabilisatrice-et-chassis-raptor\/\" \/>\n<meta property=\"og:site_name\" content=\"Raptortough\" \/>\n<meta property=\"article:modified_time\" content=\"2025-07-22T11:21:19+00:00\" \/>\n<meta property=\"og:image\" content=\"https:\/\/raptorcoatings.com\/wp-content\/uploads\/Roll-Bar.png\" \/>\n\t<meta property=\"og:image:width\" content=\"1200\" \/>\n\t<meta property=\"og:image:height\" content=\"1200\" \/>\n\t<meta property=\"og:image:type\" content=\"image\/png\" \/>\n<meta name=\"twitter:card\" content=\"summary_large_image\" \/>\n<meta name=\"twitter:label1\" content=\"Dur\u00e9e de lecture estim\u00e9e\" \/>\n\t<meta name=\"twitter:data1\" content=\"1 minute\" \/>\n<script type=\"application\/ld+json\" class=\"yoast-schema-graph\">{\"@context\":\"https:\/\/schema.org\",\"@graph\":[{\"@type\":\"WebPage\",\"@id\":\"https:\/\/raptorcoatings.com\/fr\/produit\/peinture-pour-barre-stabilisatrice-et-chassis-raptor\/\",\"url\":\"https:\/\/raptorcoatings.com\/fr\/produit\/peinture-pour-barre-stabilisatrice-et-chassis-raptor\/\",\"name\":\"PEINTURE POUR BARRE STABILISATRICE ET CH\u00c2SSIS RAPTOR - Raptortough\",\"isPartOf\":{\"@id\":\"https:\/\/raptorcoatings.com\/fr\/#website\"},\"primaryImageOfPage\":{\"@id\":\"https:\/\/raptorcoatings.com\/fr\/produit\/peinture-pour-barre-stabilisatrice-et-chassis-raptor\/#primaryimage\"},\"image\":{\"@id\":\"https:\/\/raptorcoatings.com\/fr\/produit\/peinture-pour-barre-stabilisatrice-et-chassis-raptor\/#primaryimage\"},\"thumbnailUrl\":\"https:\/\/raptorcoatings.com\/wp-content\/uploads\/Roll-Bar.png\",\"datePublished\":\"2024-08-27T10:29:26+00:00\",\"dateModified\":\"2025-07-22T11:21:19+00:00\",\"breadcrumb\":{\"@id\":\"https:\/\/raptorcoatings.com\/fr\/produit\/peinture-pour-barre-stabilisatrice-et-chassis-raptor\/#breadcrumb\"},\"inLanguage\":\"fr-FR\",\"potentialAction\":[{\"@type\":\"ReadAction\",\"target\":[\"https:\/\/raptorcoatings.com\/fr\/produit\/peinture-pour-barre-stabilisatrice-et-chassis-raptor\/\"]}]},{\"@type\":\"ImageObject\",\"inLanguage\":\"fr-FR\",\"@id\":\"https:\/\/raptorcoatings.com\/fr\/produit\/peinture-pour-barre-stabilisatrice-et-chassis-raptor\/#primaryimage\",\"url\":\"https:\/\/raptorcoatings.com\/wp-content\/uploads\/Roll-Bar.png\",\"contentUrl\":\"https:\/\/raptorcoatings.com\/wp-content\/uploads\/Roll-Bar.png\",\"width\":1200,\"height\":1200},{\"@type\":\"BreadcrumbList\",\"@id\":\"https:\/\/raptorcoatings.com\/fr\/produit\/peinture-pour-barre-stabilisatrice-et-chassis-raptor\/#breadcrumb\",\"itemListElement\":[{\"@type\":\"ListItem\",\"position\":1,\"name\":\"Home\",\"item\":\"https:\/\/raptorcoatings.com\/fr\/\"},{\"@type\":\"ListItem\",\"position\":2,\"name\":\"Produits\",\"item\":\"https:\/\/raptorcoatings.com\/fr\/produits\/\"},{\"@type\":\"ListItem\",\"position\":3,\"name\":\"PEINTURE POUR BARRE STABILISATRICE ET CH\u00c2SSIS RAPTOR\"}]},{\"@type\":\"WebSite\",\"@id\":\"https:\/\/raptorcoatings.com\/fr\/#website\",\"url\":\"https:\/\/raptorcoatings.com\/fr\/\",\"name\":\"Raptor Coatings\",\"description\":\"\",\"potentialAction\":[{\"@type\":\"SearchAction\",\"target\":{\"@type\":\"EntryPoint\",\"urlTemplate\":\"https:\/\/raptorcoatings.com\/fr\/?s={search_term_string}\"},\"query-input\":{\"@type\":\"PropertyValueSpecification\",\"valueRequired\":true,\"valueName\":\"search_term_string\"}}],\"inLanguage\":\"fr-FR\"}]}<\/script>\n<!-- \/ Yoast SEO plugin. -->","yoast_head_json":{"title":"PEINTURE POUR BARRE STABILISATRICE ET CH\u00c2SSIS RAPTOR - Raptortough","robots":{"index":"index","follow":"follow","max-snippet":"max-snippet:-1","max-image-preview":"max-image-preview:large","max-video-preview":"max-video-preview:-1"},"canonical":"https:\/\/raptorcoatings.com\/fr\/produit\/peinture-pour-barre-stabilisatrice-et-chassis-raptor\/","og_locale":"fr_FR","og_type":"article","og_title":"PEINTURE POUR BARRE STABILISATRICE ET CH\u00c2SSIS RAPTOR - Raptortough","og_description":"Une peinture de qualit\u00e9 professionnelle, id\u00e9ale pour les barres stabilisatrices et les ch\u00e2ssis ou toute surface de v\u00e9hicule qui n\u00e9cessite une protection suppl\u00e9mentaire contre les chocs, l\u2019abrasion, les UV, la corrosion et les d\u00e9g\u00e2ts d\u2019eau. La formule avanc\u00e9e de la peinture pour barre stabilisatrice et ch\u00e2ssis RAPTOR r\u00e9siste \u00e0 des temp\u00e9ratures jusqu\u2019\u00e0 120\u00b0C et est 5 fois plus r\u00e9sistante que les peintures ordinaires. Elle s\u00e8che rapidement et cr\u00e9e une finition lisse et attrayante qui offre une adh\u00e9rence sup\u00e9rieure et r\u00e9siste \u00e0 la d\u00e9coloration due au soleil. Elle est \u00e9galement auto-appr\u00eatante, elle peut donc \u00eatre utilis\u00e9e directement sur la plupart des m\u00e9taux pr\u00e9par\u00e9s sans avoir besoin d\u2019un appr\u00eat.  \u2022 R\u00e9sistante \u00e0 la chaleur jusqu\u2019\u00e0 120\u00b0C \u2022 R\u00e9sistance sup\u00e9rieure aux UV \u2013 r\u00e9siste \u00e0 la d\u00e9coloration due au soleil \u2022 5 fois plus r\u00e9sistante que les peintures ordinaires \u2022 Direct sur m\u00e9tal \u2013 pas besoin d\u2019appr\u00eat \u2022 Buse \u00e0 jet plat anti-colmatage \u2013 offre une finition lisse sur de plus grandes surfaces","og_url":"https:\/\/raptorcoatings.com\/fr\/produit\/peinture-pour-barre-stabilisatrice-et-chassis-raptor\/","og_site_name":"Raptortough","article_modified_time":"2025-07-22T11:21:19+00:00","og_image":[{"width":1200,"height":1200,"url":"https:\/\/raptorcoatings.com\/wp-content\/uploads\/Roll-Bar.png","type":"image\/png"}],"twitter_card":"summary_large_image","twitter_misc":{"Dur\u00e9e de lecture estim\u00e9e":"1 minute"},"schema":{"@context":"https:\/\/schema.org","@graph":[{"@type":"WebPage","@id":"https:\/\/raptorcoatings.com\/fr\/produit\/peinture-pour-barre-stabilisatrice-et-chassis-raptor\/","url":"https:\/\/raptorcoatings.com\/fr\/produit\/peinture-pour-barre-stabilisatrice-et-chassis-raptor\/","name":"PEINTURE POUR BARRE STABILISATRICE ET CH\u00c2SSIS RAPTOR - Raptortough","isPartOf":{"@id":"https:\/\/raptorcoatings.com\/fr\/#website"},"primaryImageOfPage":{"@id":"https:\/\/raptorcoatings.com\/fr\/produit\/peinture-pour-barre-stabilisatrice-et-chassis-raptor\/#primaryimage"},"image":{"@id":"https:\/\/raptorcoatings.com\/fr\/produit\/peinture-pour-barre-stabilisatrice-et-chassis-raptor\/#primaryimage"},"thumbnailUrl":"https:\/\/raptorcoatings.com\/wp-content\/uploads\/Roll-Bar.png","datePublished":"2024-08-27T10:29:26+00:00","dateModified":"2025-07-22T11:21:19+00:00","breadcrumb":{"@id":"https:\/\/raptorcoatings.com\/fr\/produit\/peinture-pour-barre-stabilisatrice-et-chassis-raptor\/#breadcrumb"},"inLanguage":"fr-FR","potentialAction":[{"@type":"ReadAction","target":["https:\/\/raptorcoatings.com\/fr\/produit\/peinture-pour-barre-stabilisatrice-et-chassis-raptor\/"]}]},{"@type":"ImageObject","inLanguage":"fr-FR","@id":"https:\/\/raptorcoatings.com\/fr\/produit\/peinture-pour-barre-stabilisatrice-et-chassis-raptor\/#primaryimage","url":"https:\/\/raptorcoatings.com\/wp-content\/uploads\/Roll-Bar.png","contentUrl":"https:\/\/raptorcoatings.com\/wp-content\/uploads\/Roll-Bar.png","width":1200,"height":1200},{"@type":"BreadcrumbList","@id":"https:\/\/raptorcoatings.com\/fr\/produit\/peinture-pour-barre-stabilisatrice-et-chassis-raptor\/#breadcrumb","itemListElement":[{"@type":"ListItem","position":1,"name":"Home","item":"https:\/\/raptorcoatings.com\/fr\/"},{"@type":"ListItem","position":2,"name":"Produits","item":"https:\/\/raptorcoatings.com\/fr\/produits\/"},{"@type":"ListItem","position":3,"name":"PEINTURE POUR BARRE STABILISATRICE ET CH\u00c2SSIS RAPTOR"}]},{"@type":"WebSite","@id":"https:\/\/raptorcoatings.com\/fr\/#website","url":"https:\/\/raptorcoatings.com\/fr\/","name":"Raptor Coatings","description":"","potentialAction":[{"@type":"SearchAction","target":{"@type":"EntryPoint","urlTemplate":"https:\/\/raptorcoatings.com\/fr\/?s={search_term_string}"},"query-input":{"@type":"PropertyValueSpecification","valueRequired":true,"valueName":"search_term_string"}}],"inLanguage":"fr-FR"}]}},"_links":{"self":[{"href":"https:\/\/raptorcoatings.com\/fr\/wp-json\/wp\/v2\/product\/47301","targetHints":{"allow":["GET"]}}],"collection":[{"href":"https:\/\/raptorcoatings.com\/fr\/wp-json\/wp\/v2\/product"}],"about":[{"href":"https:\/\/raptorcoatings.com\/fr\/wp-json\/wp\/v2\/types\/product"}],"wp:featuredmedia":[{"embeddable":true,"href":"https:\/\/raptorcoatings.com\/fr\/wp-json\/wp\/v2\/media\/77031"}],"wp:attachment":[{"href":"https:\/\/raptorcoatings.com\/fr\/wp-json\/wp\/v2\/media?parent=47301"}],"wp:term":[{"taxonomy":"product_brand","embeddable":true,"href":"https:\/\/raptorcoatings.com\/fr\/wp-json\/wp\/v2\/product_brand?post=47301"},{"taxonomy":"product_cat","embeddable":true,"href":"https:\/\/raptorcoatings.com\/fr\/wp-json\/wp\/v2\/product_cat?post=47301"},{"taxonomy":"product_tag","embeddable":true,"href":"https:\/\/raptorcoatings.com\/fr\/wp-json\/wp\/v2\/product_tag?post=47301"}],"curies":[{"name":"wp","href":"https:\/\/api.w.org\/{rel}","templated":true}]}}