{"id":47298,"date":"2024-08-27T09:38:18","date_gmt":"2024-08-27T09:38:18","guid":{"rendered":"https:\/\/raptorcoatings.com\/?post_type=product&#038;p=47298"},"modified":"2025-07-22T11:22:53","modified_gmt":"2025-07-22T11:22:53","slug":"peinture-de-roue-raptor","status":"publish","type":"product","link":"https:\/\/raptorcoatings.com\/fr\/produit\/peinture-de-roue-raptor\/","title":{"rendered":"PEINTURE POUR JANTES RAPTOR"},"content":{"rendered":"<div class=\"fusion-fullwidth fullwidth-box fusion-builder-row-1 fusion-flex-container has-pattern-background has-mask-background nonhundred-percent-fullwidth non-hundred-percent-height-scrolling\" style=\"--awb-border-radius-top-left:0px;--awb-border-radius-top-right:0px;--awb-border-radius-bottom-right:0px;--awb-border-radius-bottom-left:0px;--awb-padding-top:50px;--awb-padding-right:0px;--awb-padding-bottom:0px;--awb-padding-left:0px;--awb-flex-wrap:wrap;\" ><div class=\"fusion-builder-row fusion-row fusion-flex-align-items-flex-start fusion-flex-justify-content-flex-end fusion-flex-content-wrap\" style=\"max-width:calc( 1640px + 12px );margin-left: calc(-12px \/ 2 );margin-right: calc(-12px \/ 2 );\"><div class=\"fusion-layout-column fusion_builder_column fusion-builder-column-0 fusion_builder_column_1_1 1_1 fusion-flex-column\" style=\"--awb-bg-size:cover;--awb-width-large:100%;--awb-margin-top-large:0px;--awb-spacing-right-large:6px;--awb-margin-bottom-large:20px;--awb-spacing-left-large:6px;--awb-width-medium:100%;--awb-order-medium:0;--awb-spacing-right-medium:6px;--awb-spacing-left-medium:6px;--awb-width-small:100%;--awb-order-small:0;--awb-spacing-right-small:6px;--awb-spacing-left-small:6px;\"><div class=\"fusion-column-wrapper fusion-column-has-shadow fusion-flex-justify-content-flex-start fusion-content-layout-column\">\n<div class=\"table-1 productTable\">\n<table width=\"100%\">\n<thead>\n<tr>\n<th align=\"left\">R\u00e9f\u00e9rence<\/th>\n<th align=\"left\">Description<\/th>\n<th align=\"left\">Couleur<\/th>\n<th align=\"left\">\u00a0Par Carton<\/th>\n<th align=\"left\">Voir la Fiche Technique<\/th>\n<th align=\"left\">Voir la Fiche de S\u00e9curit\u00e9<\/th>\n<\/tr>\n<\/thead>\n<tbody>\n<tr>\n<td align=\"left\">RWPGB\/AL<\/td>\n<td align=\"left\"><span data-teams=\"true\"><span class=\"ui-provider a b c d e f g h i j k l m n o p q r s t u v w x y z ab ac ae af ag ah ai aj ak\" dir=\"ltr\">A\u00e9rosol <\/span><\/span>378ml (295g)<\/td>\n<td align=\"left\">Noir Brillant<\/td>\n<td align=\"left\">12<\/td>\n<td align=\"left\"><a href=\"https:\/\/raptorcoatings.com\/wp-content\/uploads\/RAPTOR-Wheel-Paint-Aerosol-TDS-FR.pdf\">RWPGB\/AL TDS FR<\/a><\/td>\n<td align=\"left\"><a href=\"https:\/\/use-qa-inf-apiacs.azure-api.net\/publishedsds\/item\/32434\">RWPGB\/AL SDS FR<\/a><\/td>\n<\/tr>\n<tr>\n<td align=\"left\">RWPSB\/AL<\/td>\n<td align=\"left\"><span data-teams=\"true\"><span class=\"ui-provider a b c d e f g h i j k l m n o p q r s t u v w x y z ab ac ae af ag ah ai aj ak\" dir=\"ltr\">A\u00e9rosol <\/span><\/span>378ml (295g)<\/td>\n<td align=\"left\">Noir Satin\u00e9<\/td>\n<td align=\"left\">12<\/td>\n<td align=\"left\"><a href=\"https:\/\/raptorcoatings.com\/wp-content\/uploads\/RAPTOR-Wheel-Paint-Aerosol-TDS-FR.pdf\">RWPSB\/AL TDS FR<\/a><\/td>\n<td align=\"left\"><a href=\"https:\/\/use-qa-inf-apiacs.azure-api.net\/publishedsds\/item\/32435\">RWPSB\/AL SDS FR<\/a><\/td>\n<\/tr>\n<tr>\n<td align=\"left\">RWPSV\/AL<\/td>\n<td align=\"left\"><span data-teams=\"true\"><span class=\"ui-provider a b c d e f g h i j k l m n o p q r s t u v w x y z ab ac ae af ag ah ai aj ak\" dir=\"ltr\">A\u00e9rosol <\/span><\/span>364ml (295g)<\/td>\n<td align=\"left\">Argent\u00e9<\/td>\n<td align=\"left\">12<\/td>\n<td align=\"left\"><a href=\"https:\/\/raptorcoatings.com\/wp-content\/uploads\/RAPTOR-Wheel-Paint-Aerosol-TDS-FR.pdf\">RWPSV\/AL TDS FR<\/a><\/td>\n<td align=\"left\"><a href=\"https:\/\/use-qa-inf-apiacs.azure-api.net\/publishedsds\/item\/32475\">RWPSVAL-SDS-FR<\/a><\/td>\n<\/tr>\n<tr>\n<td align=\"left\">RWPGC\/AL<\/td>\n<td align=\"left\"><span data-teams=\"true\"><span class=\"ui-provider a b c d e f g h i j k l m n o p q r s t u v w x y z ab ac ae af ag ah ai aj ak\" dir=\"ltr\">A\u00e9rosol <\/span><\/span>365ml (295g)<\/td>\n<td align=\"left\">Vernis Brillant<\/td>\n<td align=\"left\">12<\/td>\n<td align=\"left\"><a href=\"https:\/\/raptorcoatings.com\/wp-content\/uploads\/RAPTOR-Wheel-Paint-Aerosol-Clear-TDS-FR.pdf\">RWPGC\/AL TDS FR<\/a><\/td>\n<td align=\"left\"><a href=\"https:\/\/use-qa-inf-apiacs.azure-api.net\/publishedsds\/item\/32642\">RWPGCAL-SDS-FR<\/a><\/td>\n<\/tr>\n<\/tbody>\n<\/table>\n<\/div>\n<div class=\"fusion-text fusion-text-1 fusion-no-medium-visibility fusion-no-large-visibility\"><p style=\"text-align: center;\"><span style=\"color: #ffffff; font-size: 16px;\"><strong>Swipe table<\/strong><\/span> <i class=\"fb-icon-element-1 fb-icon-element fontawesome-icon fa-hand-pointer fas circle-no fusion-text-flow\" style=\"--awb-font-size:20px;--awb-margin-right:10px;\"><\/i><\/p>\n<\/div>\n<div class=\"fusion-text fusion-text-2\"><\/div><\/div><\/div><\/div><\/div>\n","protected":false},"excerpt":{"rendered":"<p>Une peinture pour jantes de qualit\u00e9 professionnelle, id\u00e9ale pour renouveler et prolonger la dur\u00e9e de vie des jantes us\u00e9es ou endommag\u00e9es. La formule avanc\u00e9e de la peinture pour jantes RAPTOR r\u00e9siste \u00e0 des temp\u00e9ratures jusqu\u2019\u00e0 120\u00b0C et est 5 fois plus r\u00e9sistante que les peintures ordinaires. Elle offre une protection sup\u00e9rieure contre les chocs, la chaleur, les projections de gravillons, la poussi\u00e8re de frein et la corrosion. Elle est facile \u00e0 utiliser, s\u00e8che rapidement et cr\u00e9e une finition lisse et attrayante avec une excellente adh\u00e9rence qui r\u00e9siste \u00e0 la d\u00e9coloration due au soleil. Adapt\u00e9e \u00e0 tout type de jantes m\u00e9talliques appr\u00eat\u00e9es, y compris l\u2019acier, l\u2019aluminium et les alliages.<\/p>\n<p>\u2022 R\u00e9sistante \u00e0 la chaleur jusqu\u2019\u00e0 120\u00b0C<br \/>\n\u2022 R\u00e9sistante chimiquement aux huiles et autres fluides automobiles<br \/>\n\u2022 Prot\u00e8ge contre les projections de gravillons et la poussi\u00e8re de frein<br \/>\n\u2022 5 fois plus r\u00e9sistante que les peintures ordinaires<br \/>\n\u2022 S\u00e9chage rapide \u2013 sec au toucher en 30 minutes<br \/>\n\u2022 Buse \u00e0 jet plat anti-colmatage \u2013 id\u00e9ale pour les surfaces 3D<\/p>\n","protected":false},"featured_media":77046,"template":"","meta":[],"product_brand":[],"product_cat":[1088,199],"product_tag":[1100,1090],"class_list":{"0":"post-47298","1":"product","2":"type-product","3":"status-publish","4":"has-post-thumbnail","6":"product_cat-high-heat-fr","7":"product_cat-raptor-fr","8":"product_tag-high-heat-fr","9":"product_tag-uk-fr","11":"first","12":"instock","13":"shipping-taxable","14":"product-type-simple"},"gallery_images":[46360,46332,46318],"yoast_head":"<!-- This site is optimized with the Yoast SEO plugin v27.1.1 - https:\/\/yoast.com\/product\/yoast-seo-wordpress\/ -->\n<title>PEINTURE POUR JANTES RAPTOR - Raptortough<\/title>\n<meta name=\"robots\" content=\"index, follow, max-snippet:-1, max-image-preview:large, max-video-preview:-1\" \/>\n<link rel=\"canonical\" href=\"https:\/\/raptorcoatings.com\/fr\/produit\/peinture-de-roue-raptor\/\" \/>\n<meta property=\"og:locale\" content=\"fr_FR\" \/>\n<meta property=\"og:type\" content=\"article\" \/>\n<meta property=\"og:title\" content=\"PEINTURE POUR JANTES RAPTOR - Raptortough\" \/>\n<meta property=\"og:description\" content=\"Une peinture pour jantes de qualit\u00e9 professionnelle, id\u00e9ale pour renouveler et prolonger la dur\u00e9e de vie des jantes us\u00e9es ou endommag\u00e9es. La formule avanc\u00e9e de la peinture pour jantes RAPTOR r\u00e9siste \u00e0 des temp\u00e9ratures jusqu\u2019\u00e0 120\u00b0C et est 5 fois plus r\u00e9sistante que les peintures ordinaires. Elle offre une protection sup\u00e9rieure contre les chocs, la chaleur, les projections de gravillons, la poussi\u00e8re de frein et la corrosion. Elle est facile \u00e0 utiliser, s\u00e8che rapidement et cr\u00e9e une finition lisse et attrayante avec une excellente adh\u00e9rence qui r\u00e9siste \u00e0 la d\u00e9coloration due au soleil. Adapt\u00e9e \u00e0 tout type de jantes m\u00e9talliques appr\u00eat\u00e9es, y compris l\u2019acier, l\u2019aluminium et les alliages.  \u2022 R\u00e9sistante \u00e0 la chaleur jusqu\u2019\u00e0 120\u00b0C \u2022 R\u00e9sistante chimiquement aux huiles et autres fluides automobiles \u2022 Prot\u00e8ge contre les projections de gravillons et la poussi\u00e8re de frein \u2022 5 fois plus r\u00e9sistante que les peintures ordinaires \u2022 S\u00e9chage rapide \u2013 sec au toucher en 30 minutes \u2022 Buse \u00e0 jet plat anti-colmatage \u2013 id\u00e9ale pour les surfaces 3D\" \/>\n<meta property=\"og:url\" content=\"https:\/\/raptorcoatings.com\/fr\/produit\/peinture-de-roue-raptor\/\" \/>\n<meta property=\"og:site_name\" content=\"Raptortough\" \/>\n<meta property=\"article:modified_time\" content=\"2025-07-22T11:22:53+00:00\" \/>\n<meta property=\"og:image\" content=\"https:\/\/raptorcoatings.com\/wp-content\/uploads\/Wheel-paint.png\" \/>\n\t<meta property=\"og:image:width\" content=\"1200\" \/>\n\t<meta property=\"og:image:height\" content=\"1200\" \/>\n\t<meta property=\"og:image:type\" content=\"image\/png\" \/>\n<meta name=\"twitter:card\" content=\"summary_large_image\" \/>\n<meta name=\"twitter:label1\" content=\"Dur\u00e9e de lecture estim\u00e9e\" \/>\n\t<meta name=\"twitter:data1\" content=\"1 minute\" \/>\n<script type=\"application\/ld+json\" class=\"yoast-schema-graph\">{\"@context\":\"https:\/\/schema.org\",\"@graph\":[{\"@type\":\"WebPage\",\"@id\":\"https:\/\/raptorcoatings.com\/fr\/produit\/peinture-de-roue-raptor\/\",\"url\":\"https:\/\/raptorcoatings.com\/fr\/produit\/peinture-de-roue-raptor\/\",\"name\":\"PEINTURE POUR JANTES RAPTOR - Raptortough\",\"isPartOf\":{\"@id\":\"https:\/\/raptorcoatings.com\/fr\/#website\"},\"primaryImageOfPage\":{\"@id\":\"https:\/\/raptorcoatings.com\/fr\/produit\/peinture-de-roue-raptor\/#primaryimage\"},\"image\":{\"@id\":\"https:\/\/raptorcoatings.com\/fr\/produit\/peinture-de-roue-raptor\/#primaryimage\"},\"thumbnailUrl\":\"https:\/\/raptorcoatings.com\/wp-content\/uploads\/Wheel-paint.png\",\"datePublished\":\"2024-08-27T09:38:18+00:00\",\"dateModified\":\"2025-07-22T11:22:53+00:00\",\"breadcrumb\":{\"@id\":\"https:\/\/raptorcoatings.com\/fr\/produit\/peinture-de-roue-raptor\/#breadcrumb\"},\"inLanguage\":\"fr-FR\",\"potentialAction\":[{\"@type\":\"ReadAction\",\"target\":[\"https:\/\/raptorcoatings.com\/fr\/produit\/peinture-de-roue-raptor\/\"]}]},{\"@type\":\"ImageObject\",\"inLanguage\":\"fr-FR\",\"@id\":\"https:\/\/raptorcoatings.com\/fr\/produit\/peinture-de-roue-raptor\/#primaryimage\",\"url\":\"https:\/\/raptorcoatings.com\/wp-content\/uploads\/Wheel-paint.png\",\"contentUrl\":\"https:\/\/raptorcoatings.com\/wp-content\/uploads\/Wheel-paint.png\",\"width\":1200,\"height\":1200},{\"@type\":\"BreadcrumbList\",\"@id\":\"https:\/\/raptorcoatings.com\/fr\/produit\/peinture-de-roue-raptor\/#breadcrumb\",\"itemListElement\":[{\"@type\":\"ListItem\",\"position\":1,\"name\":\"Home\",\"item\":\"https:\/\/raptorcoatings.com\/fr\/\"},{\"@type\":\"ListItem\",\"position\":2,\"name\":\"Produits\",\"item\":\"https:\/\/raptorcoatings.com\/fr\/produits\/\"},{\"@type\":\"ListItem\",\"position\":3,\"name\":\"PEINTURE POUR JANTES RAPTOR\"}]},{\"@type\":\"WebSite\",\"@id\":\"https:\/\/raptorcoatings.com\/fr\/#website\",\"url\":\"https:\/\/raptorcoatings.com\/fr\/\",\"name\":\"Raptor Coatings\",\"description\":\"\",\"potentialAction\":[{\"@type\":\"SearchAction\",\"target\":{\"@type\":\"EntryPoint\",\"urlTemplate\":\"https:\/\/raptorcoatings.com\/fr\/?s={search_term_string}\"},\"query-input\":{\"@type\":\"PropertyValueSpecification\",\"valueRequired\":true,\"valueName\":\"search_term_string\"}}],\"inLanguage\":\"fr-FR\"}]}<\/script>\n<!-- \/ Yoast SEO plugin. -->","yoast_head_json":{"title":"PEINTURE POUR JANTES RAPTOR - Raptortough","robots":{"index":"index","follow":"follow","max-snippet":"max-snippet:-1","max-image-preview":"max-image-preview:large","max-video-preview":"max-video-preview:-1"},"canonical":"https:\/\/raptorcoatings.com\/fr\/produit\/peinture-de-roue-raptor\/","og_locale":"fr_FR","og_type":"article","og_title":"PEINTURE POUR JANTES RAPTOR - Raptortough","og_description":"Une peinture pour jantes de qualit\u00e9 professionnelle, id\u00e9ale pour renouveler et prolonger la dur\u00e9e de vie des jantes us\u00e9es ou endommag\u00e9es. La formule avanc\u00e9e de la peinture pour jantes RAPTOR r\u00e9siste \u00e0 des temp\u00e9ratures jusqu\u2019\u00e0 120\u00b0C et est 5 fois plus r\u00e9sistante que les peintures ordinaires. Elle offre une protection sup\u00e9rieure contre les chocs, la chaleur, les projections de gravillons, la poussi\u00e8re de frein et la corrosion. Elle est facile \u00e0 utiliser, s\u00e8che rapidement et cr\u00e9e une finition lisse et attrayante avec une excellente adh\u00e9rence qui r\u00e9siste \u00e0 la d\u00e9coloration due au soleil. Adapt\u00e9e \u00e0 tout type de jantes m\u00e9talliques appr\u00eat\u00e9es, y compris l\u2019acier, l\u2019aluminium et les alliages.  \u2022 R\u00e9sistante \u00e0 la chaleur jusqu\u2019\u00e0 120\u00b0C \u2022 R\u00e9sistante chimiquement aux huiles et autres fluides automobiles \u2022 Prot\u00e8ge contre les projections de gravillons et la poussi\u00e8re de frein \u2022 5 fois plus r\u00e9sistante que les peintures ordinaires \u2022 S\u00e9chage rapide \u2013 sec au toucher en 30 minutes \u2022 Buse \u00e0 jet plat anti-colmatage \u2013 id\u00e9ale pour les surfaces 3D","og_url":"https:\/\/raptorcoatings.com\/fr\/produit\/peinture-de-roue-raptor\/","og_site_name":"Raptortough","article_modified_time":"2025-07-22T11:22:53+00:00","og_image":[{"width":1200,"height":1200,"url":"https:\/\/raptorcoatings.com\/wp-content\/uploads\/Wheel-paint.png","type":"image\/png"}],"twitter_card":"summary_large_image","twitter_misc":{"Dur\u00e9e de lecture estim\u00e9e":"1 minute"},"schema":{"@context":"https:\/\/schema.org","@graph":[{"@type":"WebPage","@id":"https:\/\/raptorcoatings.com\/fr\/produit\/peinture-de-roue-raptor\/","url":"https:\/\/raptorcoatings.com\/fr\/produit\/peinture-de-roue-raptor\/","name":"PEINTURE POUR JANTES RAPTOR - Raptortough","isPartOf":{"@id":"https:\/\/raptorcoatings.com\/fr\/#website"},"primaryImageOfPage":{"@id":"https:\/\/raptorcoatings.com\/fr\/produit\/peinture-de-roue-raptor\/#primaryimage"},"image":{"@id":"https:\/\/raptorcoatings.com\/fr\/produit\/peinture-de-roue-raptor\/#primaryimage"},"thumbnailUrl":"https:\/\/raptorcoatings.com\/wp-content\/uploads\/Wheel-paint.png","datePublished":"2024-08-27T09:38:18+00:00","dateModified":"2025-07-22T11:22:53+00:00","breadcrumb":{"@id":"https:\/\/raptorcoatings.com\/fr\/produit\/peinture-de-roue-raptor\/#breadcrumb"},"inLanguage":"fr-FR","potentialAction":[{"@type":"ReadAction","target":["https:\/\/raptorcoatings.com\/fr\/produit\/peinture-de-roue-raptor\/"]}]},{"@type":"ImageObject","inLanguage":"fr-FR","@id":"https:\/\/raptorcoatings.com\/fr\/produit\/peinture-de-roue-raptor\/#primaryimage","url":"https:\/\/raptorcoatings.com\/wp-content\/uploads\/Wheel-paint.png","contentUrl":"https:\/\/raptorcoatings.com\/wp-content\/uploads\/Wheel-paint.png","width":1200,"height":1200},{"@type":"BreadcrumbList","@id":"https:\/\/raptorcoatings.com\/fr\/produit\/peinture-de-roue-raptor\/#breadcrumb","itemListElement":[{"@type":"ListItem","position":1,"name":"Home","item":"https:\/\/raptorcoatings.com\/fr\/"},{"@type":"ListItem","position":2,"name":"Produits","item":"https:\/\/raptorcoatings.com\/fr\/produits\/"},{"@type":"ListItem","position":3,"name":"PEINTURE POUR JANTES RAPTOR"}]},{"@type":"WebSite","@id":"https:\/\/raptorcoatings.com\/fr\/#website","url":"https:\/\/raptorcoatings.com\/fr\/","name":"Raptor Coatings","description":"","potentialAction":[{"@type":"SearchAction","target":{"@type":"EntryPoint","urlTemplate":"https:\/\/raptorcoatings.com\/fr\/?s={search_term_string}"},"query-input":{"@type":"PropertyValueSpecification","valueRequired":true,"valueName":"search_term_string"}}],"inLanguage":"fr-FR"}]}},"_links":{"self":[{"href":"https:\/\/raptorcoatings.com\/fr\/wp-json\/wp\/v2\/product\/47298","targetHints":{"allow":["GET"]}}],"collection":[{"href":"https:\/\/raptorcoatings.com\/fr\/wp-json\/wp\/v2\/product"}],"about":[{"href":"https:\/\/raptorcoatings.com\/fr\/wp-json\/wp\/v2\/types\/product"}],"wp:featuredmedia":[{"embeddable":true,"href":"https:\/\/raptorcoatings.com\/fr\/wp-json\/wp\/v2\/media\/77046"}],"wp:attachment":[{"href":"https:\/\/raptorcoatings.com\/fr\/wp-json\/wp\/v2\/media?parent=47298"}],"wp:term":[{"taxonomy":"product_brand","embeddable":true,"href":"https:\/\/raptorcoatings.com\/fr\/wp-json\/wp\/v2\/product_brand?post=47298"},{"taxonomy":"product_cat","embeddable":true,"href":"https:\/\/raptorcoatings.com\/fr\/wp-json\/wp\/v2\/product_cat?post=47298"},{"taxonomy":"product_tag","embeddable":true,"href":"https:\/\/raptorcoatings.com\/fr\/wp-json\/wp\/v2\/product_tag?post=47298"}],"curies":[{"name":"wp","href":"https:\/\/api.w.org\/{rel}","templated":true}]}}