{"id":44465,"date":"2024-05-30T08:14:24","date_gmt":"2024-05-30T08:14:24","guid":{"rendered":"https:\/\/raptorcoatings.com\/product\/raptor-tough-and-tintable-protective-coatings-gallons-and-quart-hardener\/"},"modified":"2024-05-30T10:06:32","modified_gmt":"2024-05-30T10:06:32","slug":"raptor-tough-and-tintable-protective-coatings-gallons-and-quart-hardener","status":"publish","type":"product","link":"https:\/\/raptorcoatings.com\/fr-ca\/produit\/raptor-tough-and-tintable-protective-coatings-gallons-and-quart-hardener\/","title":{"rendered":"Rev\u00eatements de Protection R\u00e9sistants et Teintables Raptor : Durcisseur en Gallon et en 0,95 Litre"},"content":{"rendered":"<div class=\"fusion-fullwidth fullwidth-box fusion-builder-row-1 fusion-flex-container has-pattern-background has-mask-background nonhundred-percent-fullwidth non-hundred-percent-height-scrolling\" style=\"--awb-border-radius-top-left:0px;--awb-border-radius-top-right:0px;--awb-border-radius-bottom-right:0px;--awb-border-radius-bottom-left:0px;--awb-padding-top:50px;--awb-flex-wrap:wrap;\" ><div class=\"fusion-builder-row fusion-row fusion-flex-align-items-flex-start fusion-flex-justify-content-flex-end fusion-flex-content-wrap\" style=\"max-width:calc( 1640px + 12px );margin-left: calc(-12px \/ 2 );margin-right: calc(-12px \/ 2 );\"><div class=\"fusion-layout-column fusion_builder_column fusion-builder-column-0 fusion_builder_column_1_1 1_1 fusion-flex-column\" style=\"--awb-bg-size:cover;--awb-width-large:100%;--awb-margin-top-large:0px;--awb-spacing-right-large:6px;--awb-margin-bottom-large:20px;--awb-spacing-left-large:6px;--awb-width-medium:100%;--awb-order-medium:0;--awb-spacing-right-medium:6px;--awb-spacing-left-medium:6px;--awb-width-small:100%;--awb-order-small:0;--awb-spacing-right-small:6px;--awb-spacing-left-small:6px;\"><div class=\"fusion-column-wrapper fusion-column-has-shadow fusion-flex-justify-content-flex-start fusion-content-layout-column\">\n<div class=\"table-1\">\n<table width=\"100%\">\n<thead>\n<tr>\n<th align=\"left\">Code<\/th>\n<th align=\"left\">Size\/Pack<\/th>\n<th align=\"left\">Color<\/th>\n<th align=\"left\">Ctn<\/th>\n<th align=\"left\">TDS<\/th>\n<th align=\"left\">SDS<\/th>\n<\/tr>\n<\/thead>\n<tbody>\n<tr>\n<td align=\"left\">UP4838<\/td>\n<td align=\"left\">5 Liters Black \u2013 Low VOC<\/td>\n<td align=\"left\">Black<\/td>\n<td align=\"left\">2<\/td>\n<td align=\"left\"><\/td>\n<td align=\"left\"><a href=\"https:\/\/raptorcoatings.com\/wp-content\/uploads\/UP4838-CA-SDS-FR.pdf\">UP4838-CA-SDS-FR<\/a><\/td>\n<\/tr>\n<tr>\n<td align=\"left\">UP4839<\/td>\n<td align=\"left\">5 Liters Tintable &#8211; Low VOC<\/td>\n<td align=\"left\">Tintable<\/td>\n<td align=\"left\">2<\/td>\n<td align=\"left\"><\/td>\n<td align=\"left\"><a href=\"https:\/\/raptorcoatings.com\/wp-content\/uploads\/UP4839-CA-SDS-FR.pdf\">UP4839-CA-SDS-FR<\/a><\/td>\n<\/tr>\n<tr>\n<td align=\"left\">UP4836<\/td>\n<td align=\"left\">Quart (946ml)<\/td>\n<td align=\"left\">Hardener<\/td>\n<td align=\"left\">4<\/td>\n<td align=\"left\"><\/td>\n<td align=\"left\"><\/td>\n<\/tr>\n<\/tbody>\n<\/table>\n<\/div>\n<div class=\"fusion-text fusion-text-1 fusion-no-medium-visibility fusion-no-large-visibility\"><p style=\"text-align: center;\"><span style=\"color: #ffffff; font-size: 16px;\"><strong>Swipe table<\/strong><\/span> <i class=\"fb-icon-element-1 fb-icon-element fontawesome-icon fa-hand-pointer fas circle-no fusion-text-flow\" style=\"--awb-font-size:20px;--awb-margin-right:10px;\"><\/i><\/p>\n<\/div>\n<\/div><\/div><\/div><\/div>\n","protected":false},"excerpt":{"rendered":"<h4>RAPTOR est disponible en bo\u00eetes de deux gallons et devrait \u00eatre un produit de base pour tous les carrossiers. Au lieu de confier les bennes de pick-up endommag\u00e9es \u00e0 un tiers, les carrossiers peuvent effectuer les r\u00e9parations en interne avec RAPTOR et r\u00e9aliser ainsi des b\u00e9n\u00e9fices suppl\u00e9mentaires. Gr\u00e2ce \u00e0 un conditionnement compatible avec une banque de m\u00e9lange standard, le RAPTOR non catalys\u00e9 peut \u00eatre stock\u00e9 avec un couvercle de m\u00e9lange Fillon ou Dedoes et agit\u00e9, si n\u00e9cessaire. Avec un ratio de m\u00e9lange de 3:1, vendez 0,95 l de durcisseur pour chaque gallon de RAPTOR. La formulation \u00e0 faible teneur en COV est conforme dans tout le pays.<\/h4>\n","protected":false},"featured_media":44424,"template":"","meta":[],"product_brand":[],"product_cat":[714,716,717,724],"product_tag":[811,718],"class_list":{"0":"post-44465","1":"product","2":"type-product","3":"status-publish","4":"has-post-thumbnail","6":"product_cat-bed-liner-protective-coating-fr-ca","7":"product_cat-product-fr-ca","8":"product_cat-raptor-fr-ca","9":"product_cat-revetements-fr-ca","10":"product_tag-revetements-fr-ca","11":"product_tag-us-fr-ca","13":"first","14":"instock","15":"shipping-taxable","16":"product-type-simple"},"gallery_images":[44452,44438],"yoast_head":"<!-- This site is optimized with the Yoast SEO plugin v27.1.1 - https:\/\/yoast.com\/product\/yoast-seo-wordpress\/ -->\n<title>Rev\u00eatements de Protection R\u00e9sistants et Teintables Raptor : Durcisseur en Gallon et en 0,95 Litre - Raptortough<\/title>\n<meta name=\"description\" content=\"The convenient RAPTOR 2K Bedliner Aerosol offers a fast, easy way to apply RAPTOR without compromising performance, no spray equipment necessary.\" \/>\n<meta name=\"robots\" content=\"index, follow, max-snippet:-1, max-image-preview:large, max-video-preview:-1\" \/>\n<link rel=\"canonical\" href=\"https:\/\/raptorcoatings.com\/fr-ca\/produit\/raptor-tough-and-tintable-protective-coatings-gallons-and-quart-hardener\/\" \/>\n<meta property=\"og:locale\" content=\"fr_CA\" \/>\n<meta property=\"og:type\" content=\"article\" \/>\n<meta property=\"og:title\" content=\"Rev\u00eatements de Protection R\u00e9sistants et Teintables Raptor : Durcisseur en Gallon et en 0,95 Litre - Raptortough\" \/>\n<meta property=\"og:description\" content=\"The convenient RAPTOR 2K Bedliner Aerosol offers a fast, easy way to apply RAPTOR without compromising performance, no spray equipment necessary.\" \/>\n<meta property=\"og:url\" content=\"https:\/\/raptorcoatings.com\/fr-ca\/produit\/raptor-tough-and-tintable-protective-coatings-gallons-and-quart-hardener\/\" \/>\n<meta property=\"og:site_name\" content=\"Raptortough\" \/>\n<meta property=\"article:modified_time\" content=\"2024-05-30T10:06:32+00:00\" \/>\n<meta property=\"og:image\" content=\"https:\/\/raptorcoatings.com\/wp-content\/uploads\/UP4838_RAPTOR-Black-Liner-1GAL-JOBBERS-1.jpg\" \/>\n\t<meta property=\"og:image:width\" content=\"1200\" \/>\n\t<meta property=\"og:image:height\" content=\"1251\" \/>\n\t<meta property=\"og:image:type\" content=\"image\/jpeg\" \/>\n<meta name=\"twitter:card\" content=\"summary_large_image\" \/>\n<meta name=\"twitter:label1\" content=\"Estimation du temps de lecture\" \/>\n\t<meta name=\"twitter:data1\" content=\"1 minute\" \/>\n<script type=\"application\/ld+json\" class=\"yoast-schema-graph\">{\"@context\":\"https:\/\/schema.org\",\"@graph\":[{\"@type\":\"WebPage\",\"@id\":\"https:\/\/raptorcoatings.com\/fr-ca\/produit\/raptor-tough-and-tintable-protective-coatings-gallons-and-quart-hardener\/\",\"url\":\"https:\/\/raptorcoatings.com\/fr-ca\/produit\/raptor-tough-and-tintable-protective-coatings-gallons-and-quart-hardener\/\",\"name\":\"Rev\u00eatements de Protection R\u00e9sistants et Teintables Raptor : Durcisseur en Gallon et en 0,95 Litre - Raptortough\",\"isPartOf\":{\"@id\":\"https:\/\/raptorcoatings.com\/fr-ca\/#website\"},\"primaryImageOfPage\":{\"@id\":\"https:\/\/raptorcoatings.com\/fr-ca\/produit\/raptor-tough-and-tintable-protective-coatings-gallons-and-quart-hardener\/#primaryimage\"},\"image\":{\"@id\":\"https:\/\/raptorcoatings.com\/fr-ca\/produit\/raptor-tough-and-tintable-protective-coatings-gallons-and-quart-hardener\/#primaryimage\"},\"thumbnailUrl\":\"https:\/\/raptorcoatings.com\/wp-content\/uploads\/UP4838_RAPTOR-Black-Liner-1GAL-JOBBERS-1.jpg\",\"datePublished\":\"2024-05-30T08:14:24+00:00\",\"dateModified\":\"2024-05-30T10:06:32+00:00\",\"description\":\"The convenient RAPTOR 2K Bedliner Aerosol offers a fast, easy way to apply RAPTOR without compromising performance, no spray equipment necessary.\",\"breadcrumb\":{\"@id\":\"https:\/\/raptorcoatings.com\/fr-ca\/produit\/raptor-tough-and-tintable-protective-coatings-gallons-and-quart-hardener\/#breadcrumb\"},\"inLanguage\":\"fr-CA\",\"potentialAction\":[{\"@type\":\"ReadAction\",\"target\":[\"https:\/\/raptorcoatings.com\/fr-ca\/produit\/raptor-tough-and-tintable-protective-coatings-gallons-and-quart-hardener\/\"]}]},{\"@type\":\"ImageObject\",\"inLanguage\":\"fr-CA\",\"@id\":\"https:\/\/raptorcoatings.com\/fr-ca\/produit\/raptor-tough-and-tintable-protective-coatings-gallons-and-quart-hardener\/#primaryimage\",\"url\":\"https:\/\/raptorcoatings.com\/wp-content\/uploads\/UP4838_RAPTOR-Black-Liner-1GAL-JOBBERS-1.jpg\",\"contentUrl\":\"https:\/\/raptorcoatings.com\/wp-content\/uploads\/UP4838_RAPTOR-Black-Liner-1GAL-JOBBERS-1.jpg\",\"width\":1200,\"height\":1251,\"caption\":\"UP4838_RAPTOR-Black-Liner-1GAL\"},{\"@type\":\"BreadcrumbList\",\"@id\":\"https:\/\/raptorcoatings.com\/fr-ca\/produit\/raptor-tough-and-tintable-protective-coatings-gallons-and-quart-hardener\/#breadcrumb\",\"itemListElement\":[{\"@type\":\"ListItem\",\"position\":1,\"name\":\"Home\",\"item\":\"https:\/\/raptorcoatings.com\/fr-ca\/\"},{\"@type\":\"ListItem\",\"position\":2,\"name\":\"Produits\",\"item\":\"https:\/\/raptorcoatings.com\/products\/\"},{\"@type\":\"ListItem\",\"position\":3,\"name\":\"Rev\u00eatements de Protection R\u00e9sistants et Teintables Raptor : Durcisseur en Gallon et en 0,95 Litre\"}]},{\"@type\":\"WebSite\",\"@id\":\"https:\/\/raptorcoatings.com\/fr-ca\/#website\",\"url\":\"https:\/\/raptorcoatings.com\/fr-ca\/\",\"name\":\"Raptor Coatings\",\"description\":\"\",\"potentialAction\":[{\"@type\":\"SearchAction\",\"target\":{\"@type\":\"EntryPoint\",\"urlTemplate\":\"https:\/\/raptorcoatings.com\/fr-ca\/?s={search_term_string}\"},\"query-input\":{\"@type\":\"PropertyValueSpecification\",\"valueRequired\":true,\"valueName\":\"search_term_string\"}}],\"inLanguage\":\"fr-CA\"}]}<\/script>\n<!-- \/ Yoast SEO plugin. -->","yoast_head_json":{"title":"Rev\u00eatements de Protection R\u00e9sistants et Teintables Raptor : Durcisseur en Gallon et en 0,95 Litre - Raptortough","description":"The convenient RAPTOR 2K Bedliner Aerosol offers a fast, easy way to apply RAPTOR without compromising performance, no spray equipment necessary.","robots":{"index":"index","follow":"follow","max-snippet":"max-snippet:-1","max-image-preview":"max-image-preview:large","max-video-preview":"max-video-preview:-1"},"canonical":"https:\/\/raptorcoatings.com\/fr-ca\/produit\/raptor-tough-and-tintable-protective-coatings-gallons-and-quart-hardener\/","og_locale":"fr_CA","og_type":"article","og_title":"Rev\u00eatements de Protection R\u00e9sistants et Teintables Raptor : Durcisseur en Gallon et en 0,95 Litre - Raptortough","og_description":"The convenient RAPTOR 2K Bedliner Aerosol offers a fast, easy way to apply RAPTOR without compromising performance, no spray equipment necessary.","og_url":"https:\/\/raptorcoatings.com\/fr-ca\/produit\/raptor-tough-and-tintable-protective-coatings-gallons-and-quart-hardener\/","og_site_name":"Raptortough","article_modified_time":"2024-05-30T10:06:32+00:00","og_image":[{"width":1200,"height":1251,"url":"https:\/\/raptorcoatings.com\/wp-content\/uploads\/UP4838_RAPTOR-Black-Liner-1GAL-JOBBERS-1.jpg","type":"image\/jpeg"}],"twitter_card":"summary_large_image","twitter_misc":{"Estimation du temps de lecture":"1 minute"},"schema":{"@context":"https:\/\/schema.org","@graph":[{"@type":"WebPage","@id":"https:\/\/raptorcoatings.com\/fr-ca\/produit\/raptor-tough-and-tintable-protective-coatings-gallons-and-quart-hardener\/","url":"https:\/\/raptorcoatings.com\/fr-ca\/produit\/raptor-tough-and-tintable-protective-coatings-gallons-and-quart-hardener\/","name":"Rev\u00eatements de Protection R\u00e9sistants et Teintables Raptor : Durcisseur en Gallon et en 0,95 Litre - Raptortough","isPartOf":{"@id":"https:\/\/raptorcoatings.com\/fr-ca\/#website"},"primaryImageOfPage":{"@id":"https:\/\/raptorcoatings.com\/fr-ca\/produit\/raptor-tough-and-tintable-protective-coatings-gallons-and-quart-hardener\/#primaryimage"},"image":{"@id":"https:\/\/raptorcoatings.com\/fr-ca\/produit\/raptor-tough-and-tintable-protective-coatings-gallons-and-quart-hardener\/#primaryimage"},"thumbnailUrl":"https:\/\/raptorcoatings.com\/wp-content\/uploads\/UP4838_RAPTOR-Black-Liner-1GAL-JOBBERS-1.jpg","datePublished":"2024-05-30T08:14:24+00:00","dateModified":"2024-05-30T10:06:32+00:00","description":"The convenient RAPTOR 2K Bedliner Aerosol offers a fast, easy way to apply RAPTOR without compromising performance, no spray equipment necessary.","breadcrumb":{"@id":"https:\/\/raptorcoatings.com\/fr-ca\/produit\/raptor-tough-and-tintable-protective-coatings-gallons-and-quart-hardener\/#breadcrumb"},"inLanguage":"fr-CA","potentialAction":[{"@type":"ReadAction","target":["https:\/\/raptorcoatings.com\/fr-ca\/produit\/raptor-tough-and-tintable-protective-coatings-gallons-and-quart-hardener\/"]}]},{"@type":"ImageObject","inLanguage":"fr-CA","@id":"https:\/\/raptorcoatings.com\/fr-ca\/produit\/raptor-tough-and-tintable-protective-coatings-gallons-and-quart-hardener\/#primaryimage","url":"https:\/\/raptorcoatings.com\/wp-content\/uploads\/UP4838_RAPTOR-Black-Liner-1GAL-JOBBERS-1.jpg","contentUrl":"https:\/\/raptorcoatings.com\/wp-content\/uploads\/UP4838_RAPTOR-Black-Liner-1GAL-JOBBERS-1.jpg","width":1200,"height":1251,"caption":"UP4838_RAPTOR-Black-Liner-1GAL"},{"@type":"BreadcrumbList","@id":"https:\/\/raptorcoatings.com\/fr-ca\/produit\/raptor-tough-and-tintable-protective-coatings-gallons-and-quart-hardener\/#breadcrumb","itemListElement":[{"@type":"ListItem","position":1,"name":"Home","item":"https:\/\/raptorcoatings.com\/fr-ca\/"},{"@type":"ListItem","position":2,"name":"Produits","item":"https:\/\/raptorcoatings.com\/products\/"},{"@type":"ListItem","position":3,"name":"Rev\u00eatements de Protection R\u00e9sistants et Teintables Raptor : Durcisseur en Gallon et en 0,95 Litre"}]},{"@type":"WebSite","@id":"https:\/\/raptorcoatings.com\/fr-ca\/#website","url":"https:\/\/raptorcoatings.com\/fr-ca\/","name":"Raptor Coatings","description":"","potentialAction":[{"@type":"SearchAction","target":{"@type":"EntryPoint","urlTemplate":"https:\/\/raptorcoatings.com\/fr-ca\/?s={search_term_string}"},"query-input":{"@type":"PropertyValueSpecification","valueRequired":true,"valueName":"search_term_string"}}],"inLanguage":"fr-CA"}]}},"_links":{"self":[{"href":"https:\/\/raptorcoatings.com\/fr-ca\/wp-json\/wp\/v2\/product\/44465","targetHints":{"allow":["GET"]}}],"collection":[{"href":"https:\/\/raptorcoatings.com\/fr-ca\/wp-json\/wp\/v2\/product"}],"about":[{"href":"https:\/\/raptorcoatings.com\/fr-ca\/wp-json\/wp\/v2\/types\/product"}],"wp:featuredmedia":[{"embeddable":true,"href":"https:\/\/raptorcoatings.com\/fr-ca\/wp-json\/wp\/v2\/media\/44424"}],"wp:attachment":[{"href":"https:\/\/raptorcoatings.com\/fr-ca\/wp-json\/wp\/v2\/media?parent=44465"}],"wp:term":[{"taxonomy":"product_brand","embeddable":true,"href":"https:\/\/raptorcoatings.com\/fr-ca\/wp-json\/wp\/v2\/product_brand?post=44465"},{"taxonomy":"product_cat","embeddable":true,"href":"https:\/\/raptorcoatings.com\/fr-ca\/wp-json\/wp\/v2\/product_cat?post=44465"},{"taxonomy":"product_tag","embeddable":true,"href":"https:\/\/raptorcoatings.com\/fr-ca\/wp-json\/wp\/v2\/product_tag?post=44465"}],"curies":[{"name":"wp","href":"https:\/\/api.w.org\/{rel}","templated":true}]}}