{"id":26066,"date":"2023-01-16T12:49:54","date_gmt":"2023-01-16T12:49:54","guid":{"rendered":"https:\/\/raptorcoatings.com\/product\/raptor-1k-truck-bed-coating-aerosols\/"},"modified":"2023-08-24T14:16:47","modified_gmt":"2023-08-24T14:16:47","slug":"raptor-1k-truck-bed-coating-aerosols","status":"publish","type":"product","link":"https:\/\/raptorcoatings.com\/fr-ca\/produit\/raptor-1k-truck-bed-coating-aerosols\/","title":{"rendered":"Rev\u00eatement de Benne de Pick-up RAPTOR 1K"},"content":{"rendered":"<p><div class=\"fusion-fullwidth fullwidth-box fusion-builder-row-1 fusion-flex-container has-pattern-background has-mask-background nonhundred-percent-fullwidth non-hundred-percent-height-scrolling\" style=\"--awb-border-radius-top-left:0px;--awb-border-radius-top-right:0px;--awb-border-radius-bottom-right:0px;--awb-border-radius-bottom-left:0px;--awb-padding-top:50px;--awb-padding-right:0px;--awb-padding-bottom:0px;--awb-padding-left:0px;--awb-flex-wrap:wrap;\" ><div class=\"fusion-builder-row fusion-row fusion-flex-align-items-flex-start fusion-flex-justify-content-flex-end fusion-flex-content-wrap\" style=\"max-width:calc( 1640px + 12px );margin-left: calc(-12px \/ 2 );margin-right: calc(-12px \/ 2 );\"><div class=\"fusion-layout-column fusion_builder_column fusion-builder-column-0 fusion_builder_column_1_1 1_1 fusion-flex-column\" style=\"--awb-bg-size:cover;--awb-width-large:100%;--awb-margin-top-large:0px;--awb-spacing-right-large:6px;--awb-margin-bottom-large:20px;--awb-spacing-left-large:6px;--awb-width-medium:100%;--awb-order-medium:0;--awb-spacing-right-medium:6px;--awb-spacing-left-medium:6px;--awb-width-small:100%;--awb-order-small:0;--awb-spacing-right-small:6px;--awb-spacing-left-small:6px;\"><div class=\"fusion-column-wrapper fusion-column-has-shadow fusion-flex-justify-content-flex-start fusion-content-layout-column\">\n<div class=\"table-1 productTable\">\n<p>&nbsp;<\/p>\n<table width=\"100%\">\n<thead>\n<tr>\n<th align=\"left\">Reference<\/th>\n<th align=\"left\">Format<\/th>\n<th align=\"left\">Couleur<\/th>\n<th align=\"left\">Par Carton<\/th>\n<th align=\"left\">Technical Data Sheet<\/th>\n<th align=\"left\">Safety Data Sheet<\/th>\n<\/tr>\n<\/thead>\n<tbody>\n<tr>\n<td align=\"left\">UP8411<\/td>\n<td align=\"left\">14.3 Oz. Aerosol<\/td>\n<td align=\"left\">Blanc<\/td>\n<td align=\"left\">6<\/td>\n<td align=\"left\"><a href=\"https:\/\/raptorcoatings.com\/wp-content\/uploads\/RLW1KAL-US-TDS-EN.pdf\">UP8411-TDS<\/a><\/td>\n<td align=\"left\"><a href=\"https:\/\/raptorcoatings.com\/wp-content\/uploads\/R1KWAL-R-CA-SDS-FR.pdf\">UP8411-CA-SDS-FR<\/a><\/td>\n<\/tr>\n<tr>\n<td align=\"left\">UP8412<\/td>\n<td align=\"left\">14.3 Oz. Aerosol<\/td>\n<td align=\"left\">Gris<\/td>\n<td align=\"left\">6<\/td>\n<td align=\"left\"><a href=\"https:\/\/raptorcoatings.com\/wp-content\/uploads\/RLG1KAL-US-TDS-EN.pdf\">UP8412-TDS<\/a><\/td>\n<td align=\"left\"><a href=\"https:\/\/raptorcoatings.com\/wp-content\/uploads\/R1KGAL-R-CA-SDS-FR.pdf\">UP8412-CA-SDS-FR<\/a><\/td>\n<\/tr>\n<tr>\n<td align=\"left\">UP8413<\/td>\n<td align=\"left\">14.3Oz. Aerosol<\/td>\n<td align=\"left\">Noir<\/td>\n<td align=\"left\">6<\/td>\n<td align=\"left\"><a href=\"https:\/\/raptorcoatings.com\/wp-content\/uploads\/RLB1KAL-US-TDS-EN-1.pdf\">UP8413-TDS<\/a><\/td>\n<td align=\"left\"><a href=\"https:\/\/raptorcoatings.com\/wp-content\/uploads\/RL1KAL-R-CA-SDS-FR.pdf\">UP8413-CA-SDS-FR<\/a><\/td>\n<\/tr>\n<\/tbody>\n<\/table>\n<\/div>\n<div class=\"fusion-text fusion-text-1 fusion-no-medium-visibility fusion-no-large-visibility\"><p style=\"text-align: center;\"><span style=\"color: #ffffff; font-size: 16px;\"><strong>Swipe table<\/strong><\/span> <i class=\"fb-icon-element-1 fb-icon-element fontawesome-icon fa-hand-pointer fas circle-no fusion-text-flow\" style=\"--awb-font-size:20px;--awb-margin-right:10px;\"><\/i><\/p>\n<\/div>\n<\/div><\/div><\/div><\/div><div class=\"fusion-fullwidth fullwidth-box fusion-builder-row-2 fusion-flex-container has-pattern-background has-mask-background nonhundred-percent-fullwidth non-hundred-percent-height-scrolling\" style=\"--awb-border-radius-top-left:0px;--awb-border-radius-top-right:0px;--awb-border-radius-bottom-right:0px;--awb-border-radius-bottom-left:0px;--awb-flex-wrap:wrap;\" ><div class=\"fusion-builder-row fusion-row fusion-flex-align-items-flex-start fusion-flex-content-wrap\" style=\"max-width:calc( 1640px + 12px );margin-left: calc(-12px \/ 2 );margin-right: calc(-12px \/ 2 );\"><div class=\"fusion-layout-column fusion_builder_column fusion-builder-column-1 fusion_builder_column_1_5 1_5 fusion-flex-column\" style=\"--awb-bg-size:cover;--awb-width-large:20%;--awb-margin-top-large:0px;--awb-spacing-right-large:6px;--awb-margin-bottom-large:20px;--awb-spacing-left-large:6px;--awb-width-medium:20%;--awb-order-medium:0;--awb-spacing-right-medium:6px;--awb-spacing-left-medium:6px;--awb-width-small:100%;--awb-order-small:0;--awb-spacing-right-small:6px;--awb-spacing-left-small:6px;\"><div class=\"fusion-column-wrapper fusion-column-has-shadow fusion-flex-justify-content-flex-start fusion-content-layout-column\"><\/div><\/div><\/div><\/div><\/p>\n","protected":false},"excerpt":{"rendered":"<p>Le rev\u00eatement de benne de pick-up RAPTOR est id\u00e9al pour prot\u00e9ger les bennes de pick-up et autres surfaces de v\u00e9hicules contre les chocs, les rayures, la corrosion et les d\u00e9g\u00e2ts des eaux. Sa formulation 1K donne une finition durable et r\u00e9sistante \u00e0 l\u2019abrasion avec une excellente adh\u00e9rence au m\u00e9tal, \u00e0 l\u2019aluminium, \u00e0 la fibre de verre, au plastique et au bois. Avec sa buse anti-colmatage, il est facile \u00e0 utiliser et s\u00e8che pour former une finition attrayante et textur\u00e9e qui r\u00e9siste \u00e0 la d\u00e9coloration du soleil.<\/p>\n","protected":false},"featured_media":30453,"template":"","meta":[],"product_brand":[],"product_cat":[714,716,717,724],"product_tag":[811,718],"class_list":{"0":"post-26066","1":"product","2":"type-product","3":"status-publish","4":"has-post-thumbnail","6":"product_cat-bed-liner-protective-coating-fr-ca","7":"product_cat-product-fr-ca","8":"product_cat-raptor-fr-ca","9":"product_cat-revetements-fr-ca","10":"product_tag-revetements-fr-ca","11":"product_tag-us-fr-ca","13":"first","14":"instock","15":"shipping-taxable","16":"product-type-simple"},"gallery_images":[8076,8085,6570],"yoast_head":"<!-- This site is optimized with the Yoast SEO plugin v27.1.1 - https:\/\/yoast.com\/product\/yoast-seo-wordpress\/ -->\n<title>Rev\u00eatement de Benne de Pick-up RAPTOR 1K - Raptortough<\/title>\n<meta name=\"description\" content=\"The convenient RAPTOR 2K Bedliner Aerosol offers a fast, easy way to apply RAPTOR without compromising performance, no spray equipment necessary.\" \/>\n<meta name=\"robots\" content=\"index, follow, max-snippet:-1, max-image-preview:large, max-video-preview:-1\" \/>\n<link rel=\"canonical\" href=\"https:\/\/raptorcoatings.com\/fr-ca\/produit\/raptor-1k-truck-bed-coating-aerosols\/\" \/>\n<meta property=\"og:locale\" content=\"fr_CA\" \/>\n<meta property=\"og:type\" content=\"article\" \/>\n<meta property=\"og:title\" content=\"Rev\u00eatement de Benne de Pick-up RAPTOR 1K - Raptortough\" \/>\n<meta property=\"og:description\" content=\"The convenient RAPTOR 2K Bedliner Aerosol offers a fast, easy way to apply RAPTOR without compromising performance, no spray equipment necessary.\" \/>\n<meta property=\"og:url\" content=\"https:\/\/raptorcoatings.com\/fr-ca\/produit\/raptor-1k-truck-bed-coating-aerosols\/\" \/>\n<meta property=\"og:site_name\" content=\"Raptortough\" \/>\n<meta property=\"article:modified_time\" content=\"2023-08-24T14:16:47+00:00\" \/>\n<meta property=\"og:image\" content=\"https:\/\/raptorcoatings.com\/wp-content\/uploads\/UP8411-Raptor-1K-Bedliner-Aerosol-500ml_WHITE-2.jpg\" \/>\n\t<meta property=\"og:image:width\" content=\"800\" \/>\n\t<meta property=\"og:image:height\" content=\"800\" \/>\n\t<meta property=\"og:image:type\" content=\"image\/jpeg\" \/>\n<meta name=\"twitter:card\" content=\"summary_large_image\" \/>\n<meta name=\"twitter:label1\" content=\"Estimation du temps de lecture\" \/>\n\t<meta name=\"twitter:data1\" content=\"2 minutes\" \/>\n<script type=\"application\/ld+json\" class=\"yoast-schema-graph\">{\"@context\":\"https:\/\/schema.org\",\"@graph\":[{\"@type\":\"WebPage\",\"@id\":\"https:\/\/raptorcoatings.com\/fr-ca\/produit\/raptor-1k-truck-bed-coating-aerosols\/\",\"url\":\"https:\/\/raptorcoatings.com\/fr-ca\/produit\/raptor-1k-truck-bed-coating-aerosols\/\",\"name\":\"Rev\u00eatement de Benne de Pick-up RAPTOR 1K - Raptortough\",\"isPartOf\":{\"@id\":\"https:\/\/raptorcoatings.com\/fr-ca\/#website\"},\"primaryImageOfPage\":{\"@id\":\"https:\/\/raptorcoatings.com\/fr-ca\/produit\/raptor-1k-truck-bed-coating-aerosols\/#primaryimage\"},\"image\":{\"@id\":\"https:\/\/raptorcoatings.com\/fr-ca\/produit\/raptor-1k-truck-bed-coating-aerosols\/#primaryimage\"},\"thumbnailUrl\":\"https:\/\/raptorcoatings.com\/wp-content\/uploads\/UP8411-Raptor-1K-Bedliner-Aerosol-500ml_WHITE-2.jpg\",\"datePublished\":\"2023-01-16T12:49:54+00:00\",\"dateModified\":\"2023-08-24T14:16:47+00:00\",\"description\":\"The convenient RAPTOR 2K Bedliner Aerosol offers a fast, easy way to apply RAPTOR without compromising performance, no spray equipment necessary.\",\"breadcrumb\":{\"@id\":\"https:\/\/raptorcoatings.com\/fr-ca\/produit\/raptor-1k-truck-bed-coating-aerosols\/#breadcrumb\"},\"inLanguage\":\"fr-CA\",\"potentialAction\":[{\"@type\":\"ReadAction\",\"target\":[\"https:\/\/raptorcoatings.com\/fr-ca\/produit\/raptor-1k-truck-bed-coating-aerosols\/\"]}]},{\"@type\":\"ImageObject\",\"inLanguage\":\"fr-CA\",\"@id\":\"https:\/\/raptorcoatings.com\/fr-ca\/produit\/raptor-1k-truck-bed-coating-aerosols\/#primaryimage\",\"url\":\"https:\/\/raptorcoatings.com\/wp-content\/uploads\/UP8411-Raptor-1K-Bedliner-Aerosol-500ml_WHITE-2.jpg\",\"contentUrl\":\"https:\/\/raptorcoatings.com\/wp-content\/uploads\/UP8411-Raptor-1K-Bedliner-Aerosol-500ml_WHITE-2.jpg\",\"width\":800,\"height\":800},{\"@type\":\"BreadcrumbList\",\"@id\":\"https:\/\/raptorcoatings.com\/fr-ca\/produit\/raptor-1k-truck-bed-coating-aerosols\/#breadcrumb\",\"itemListElement\":[{\"@type\":\"ListItem\",\"position\":1,\"name\":\"Home\",\"item\":\"https:\/\/raptorcoatings.com\/fr-ca\/\"},{\"@type\":\"ListItem\",\"position\":2,\"name\":\"Produits\",\"item\":\"https:\/\/raptorcoatings.com\/products\/\"},{\"@type\":\"ListItem\",\"position\":3,\"name\":\"Rev\u00eatement de Benne de Pick-up RAPTOR 1K\"}]},{\"@type\":\"WebSite\",\"@id\":\"https:\/\/raptorcoatings.com\/fr-ca\/#website\",\"url\":\"https:\/\/raptorcoatings.com\/fr-ca\/\",\"name\":\"Raptor Coatings\",\"description\":\"\",\"potentialAction\":[{\"@type\":\"SearchAction\",\"target\":{\"@type\":\"EntryPoint\",\"urlTemplate\":\"https:\/\/raptorcoatings.com\/fr-ca\/?s={search_term_string}\"},\"query-input\":{\"@type\":\"PropertyValueSpecification\",\"valueRequired\":true,\"valueName\":\"search_term_string\"}}],\"inLanguage\":\"fr-CA\"}]}<\/script>\n<!-- \/ Yoast SEO plugin. -->","yoast_head_json":{"title":"Rev\u00eatement de Benne de Pick-up RAPTOR 1K - Raptortough","description":"The convenient RAPTOR 2K Bedliner Aerosol offers a fast, easy way to apply RAPTOR without compromising performance, no spray equipment necessary.","robots":{"index":"index","follow":"follow","max-snippet":"max-snippet:-1","max-image-preview":"max-image-preview:large","max-video-preview":"max-video-preview:-1"},"canonical":"https:\/\/raptorcoatings.com\/fr-ca\/produit\/raptor-1k-truck-bed-coating-aerosols\/","og_locale":"fr_CA","og_type":"article","og_title":"Rev\u00eatement de Benne de Pick-up RAPTOR 1K - Raptortough","og_description":"The convenient RAPTOR 2K Bedliner Aerosol offers a fast, easy way to apply RAPTOR without compromising performance, no spray equipment necessary.","og_url":"https:\/\/raptorcoatings.com\/fr-ca\/produit\/raptor-1k-truck-bed-coating-aerosols\/","og_site_name":"Raptortough","article_modified_time":"2023-08-24T14:16:47+00:00","og_image":[{"width":800,"height":800,"url":"https:\/\/raptorcoatings.com\/wp-content\/uploads\/UP8411-Raptor-1K-Bedliner-Aerosol-500ml_WHITE-2.jpg","type":"image\/jpeg"}],"twitter_card":"summary_large_image","twitter_misc":{"Estimation du temps de lecture":"2 minutes"},"schema":{"@context":"https:\/\/schema.org","@graph":[{"@type":"WebPage","@id":"https:\/\/raptorcoatings.com\/fr-ca\/produit\/raptor-1k-truck-bed-coating-aerosols\/","url":"https:\/\/raptorcoatings.com\/fr-ca\/produit\/raptor-1k-truck-bed-coating-aerosols\/","name":"Rev\u00eatement de Benne de Pick-up RAPTOR 1K - Raptortough","isPartOf":{"@id":"https:\/\/raptorcoatings.com\/fr-ca\/#website"},"primaryImageOfPage":{"@id":"https:\/\/raptorcoatings.com\/fr-ca\/produit\/raptor-1k-truck-bed-coating-aerosols\/#primaryimage"},"image":{"@id":"https:\/\/raptorcoatings.com\/fr-ca\/produit\/raptor-1k-truck-bed-coating-aerosols\/#primaryimage"},"thumbnailUrl":"https:\/\/raptorcoatings.com\/wp-content\/uploads\/UP8411-Raptor-1K-Bedliner-Aerosol-500ml_WHITE-2.jpg","datePublished":"2023-01-16T12:49:54+00:00","dateModified":"2023-08-24T14:16:47+00:00","description":"The convenient RAPTOR 2K Bedliner Aerosol offers a fast, easy way to apply RAPTOR without compromising performance, no spray equipment necessary.","breadcrumb":{"@id":"https:\/\/raptorcoatings.com\/fr-ca\/produit\/raptor-1k-truck-bed-coating-aerosols\/#breadcrumb"},"inLanguage":"fr-CA","potentialAction":[{"@type":"ReadAction","target":["https:\/\/raptorcoatings.com\/fr-ca\/produit\/raptor-1k-truck-bed-coating-aerosols\/"]}]},{"@type":"ImageObject","inLanguage":"fr-CA","@id":"https:\/\/raptorcoatings.com\/fr-ca\/produit\/raptor-1k-truck-bed-coating-aerosols\/#primaryimage","url":"https:\/\/raptorcoatings.com\/wp-content\/uploads\/UP8411-Raptor-1K-Bedliner-Aerosol-500ml_WHITE-2.jpg","contentUrl":"https:\/\/raptorcoatings.com\/wp-content\/uploads\/UP8411-Raptor-1K-Bedliner-Aerosol-500ml_WHITE-2.jpg","width":800,"height":800},{"@type":"BreadcrumbList","@id":"https:\/\/raptorcoatings.com\/fr-ca\/produit\/raptor-1k-truck-bed-coating-aerosols\/#breadcrumb","itemListElement":[{"@type":"ListItem","position":1,"name":"Home","item":"https:\/\/raptorcoatings.com\/fr-ca\/"},{"@type":"ListItem","position":2,"name":"Produits","item":"https:\/\/raptorcoatings.com\/products\/"},{"@type":"ListItem","position":3,"name":"Rev\u00eatement de Benne de Pick-up RAPTOR 1K"}]},{"@type":"WebSite","@id":"https:\/\/raptorcoatings.com\/fr-ca\/#website","url":"https:\/\/raptorcoatings.com\/fr-ca\/","name":"Raptor Coatings","description":"","potentialAction":[{"@type":"SearchAction","target":{"@type":"EntryPoint","urlTemplate":"https:\/\/raptorcoatings.com\/fr-ca\/?s={search_term_string}"},"query-input":{"@type":"PropertyValueSpecification","valueRequired":true,"valueName":"search_term_string"}}],"inLanguage":"fr-CA"}]}},"_links":{"self":[{"href":"https:\/\/raptorcoatings.com\/fr-ca\/wp-json\/wp\/v2\/product\/26066","targetHints":{"allow":["GET"]}}],"collection":[{"href":"https:\/\/raptorcoatings.com\/fr-ca\/wp-json\/wp\/v2\/product"}],"about":[{"href":"https:\/\/raptorcoatings.com\/fr-ca\/wp-json\/wp\/v2\/types\/product"}],"wp:featuredmedia":[{"embeddable":true,"href":"https:\/\/raptorcoatings.com\/fr-ca\/wp-json\/wp\/v2\/media\/30453"}],"wp:attachment":[{"href":"https:\/\/raptorcoatings.com\/fr-ca\/wp-json\/wp\/v2\/media?parent=26066"}],"wp:term":[{"taxonomy":"product_brand","embeddable":true,"href":"https:\/\/raptorcoatings.com\/fr-ca\/wp-json\/wp\/v2\/product_brand?post=26066"},{"taxonomy":"product_cat","embeddable":true,"href":"https:\/\/raptorcoatings.com\/fr-ca\/wp-json\/wp\/v2\/product_cat?post=26066"},{"taxonomy":"product_tag","embeddable":true,"href":"https:\/\/raptorcoatings.com\/fr-ca\/wp-json\/wp\/v2\/product_tag?post=26066"}],"curies":[{"name":"wp","href":"https:\/\/api.w.org\/{rel}","templated":true}]}}