{"id":26059,"date":"2023-01-16T14:41:13","date_gmt":"2023-01-16T14:41:13","guid":{"rendered":"https:\/\/raptorcoatings.com\/product\/raptor-fiberglass-repair-kit\/"},"modified":"2023-08-24T14:08:01","modified_gmt":"2023-08-24T14:08:01","slug":"raptor-fiberglass-repair-kit","status":"publish","type":"product","link":"https:\/\/raptorcoatings.com\/fr-ca\/produit\/raptor-fiberglass-repair-kit\/","title":{"rendered":"Kit de R\u00e9paration Fibres de Verre RAPTOR"},"content":{"rendered":"<div class=\"fusion-fullwidth fullwidth-box fusion-builder-row-1 fusion-flex-container has-pattern-background has-mask-background nonhundred-percent-fullwidth non-hundred-percent-height-scrolling\" style=\"--awb-border-radius-top-left:0px;--awb-border-radius-top-right:0px;--awb-border-radius-bottom-right:0px;--awb-border-radius-bottom-left:0px;--awb-padding-top:50px;--awb-padding-right:0px;--awb-padding-bottom:0px;--awb-padding-left:0px;--awb-flex-wrap:wrap;\" ><div class=\"fusion-builder-row fusion-row fusion-flex-align-items-flex-start fusion-flex-justify-content-flex-end fusion-flex-content-wrap\" style=\"max-width:calc( 1640px + 12px );margin-left: calc(-12px \/ 2 );margin-right: calc(-12px \/ 2 );\"><div class=\"fusion-layout-column fusion_builder_column fusion-builder-column-0 fusion_builder_column_1_1 1_1 fusion-flex-column\" style=\"--awb-bg-size:cover;--awb-width-large:100%;--awb-margin-top-large:0px;--awb-spacing-right-large:6px;--awb-margin-bottom-large:20px;--awb-spacing-left-large:6px;--awb-width-medium:100%;--awb-order-medium:0;--awb-spacing-right-medium:6px;--awb-spacing-left-medium:6px;--awb-width-small:100%;--awb-order-small:0;--awb-spacing-right-small:6px;--awb-spacing-left-small:6px;\"><div class=\"fusion-column-wrapper fusion-column-has-shadow fusion-flex-justify-content-flex-start fusion-content-layout-column\">\n<div class=\"table-1 productTable\">\n<table width=\"100%\">\n<thead>\n<tr>\n<th align=\"left\">Reference<\/th>\n<th align=\"left\">Format<\/th>\n<th align=\"left\">Couleur<\/th>\n<th align=\"left\">Par Carton<\/th>\n<th align=\"left\">Technical Data Sheet<\/th>\n<th align=\"left\">Safety Data Sheet<\/th>\n<\/tr>\n<\/thead>\n<tbody>\n<tr>\n<td align=\"left\">UP5050<\/td>\n<td align=\"left\">500 ml<\/td>\n<td align=\"left\"><\/td>\n<td align=\"left\">4<\/td>\n<td align=\"left\"><\/td>\n<td align=\"left\"><a href=\"https:\/\/raptorcoatings.com\/wp-content\/uploads\/UP5050-CA-SDS-FR.pdf\">UP5050-CA-SDS-FR<\/a><\/td>\n<\/tr>\n<\/tbody>\n<\/table>\n<\/div>\n<div class=\"fusion-text fusion-text-1 fusion-no-medium-visibility fusion-no-large-visibility\"><p style=\"text-align: center;\"><span style=\"color: #ffffff; font-size: 16px;\"><strong>Swipe table<\/strong><\/span> <i class=\"fb-icon-element-1 fb-icon-element fontawesome-icon fa-hand-pointer fas circle-no fusion-text-flow\" style=\"--awb-font-size:20px;--awb-margin-right:10px;\"><\/i><\/p>\n<\/div>\n<div class=\"fusion-text fusion-text-2\"><\/div><\/div><\/div><\/div><\/div>\n","protected":false},"excerpt":{"rendered":"<p>Ce kit facile \u00e0 utiliser contient tout ce dont vous avez besoin pour r\u00e9parer les trous et les fissures dans la plupart des surfaces, y compris le m\u00e9tal, le bois, la brique et les plastiques durs. Il peut \u00eatre facilement mis en forme et conserve sa forme de fa\u00e7on permanente. En plus de r\u00e9parer les dommages caus\u00e9s \u00e0 la carrosserie, il est id\u00e9al pour r\u00e9parer toutes sortes d\u2019autres articles dans la maison, y compris les goutti\u00e8res, il convient donc parfaitement aux entreprises avec une circulation imm\u00e9diate.<\/p>\n<p>Notre kit de r\u00e9paration fibres de verre RAPTOR forme un plastique r\u00e9sistant renforc\u00e9 de fibre de verre qui adh\u00e8re \u00e0 la plupart des mat\u00e9riaux et offre jusqu\u2019\u00e0 6 pieds carr\u00e9s de couverture pour votre application.! Chaque kit de r\u00e9paration fibres de verre RAPTOR comprend :<\/p>\n<p>\u2013 R\u00e9sine de fibre de verre et durcisseur de r\u00e9sine<br \/>\n\u2013 Brosse applicateur r\u00e9sine<br \/>\n\u2013 B\u00e9cher et r\u00e9glettes<br \/>\n\u2013 Quantit\u00e9 g\u00e9n\u00e9reuse de mat de fibre de verre<br \/>\n\u2013 Guide d\u2019instructions<\/p>\n","protected":false},"featured_media":26060,"template":"","meta":[],"product_brand":[],"product_cat":[714,716,717],"product_tag":[841,718],"class_list":{"0":"post-26059","1":"product","2":"type-product","3":"status-publish","4":"has-post-thumbnail","6":"product_cat-bed-liner-protective-coating-fr-ca","7":"product_cat-product-fr-ca","8":"product_cat-raptor-fr-ca","9":"product_tag-other-fr-ca","10":"product_tag-us-fr-ca","12":"first","13":"instock","14":"shipping-taxable","15":"product-type-simple"},"gallery_images":[26061,26062],"yoast_head":"<!-- This site is optimized with the Yoast SEO plugin v27.1.1 - https:\/\/yoast.com\/product\/yoast-seo-wordpress\/ -->\n<title>Kit de R\u00e9paration Fibres de Verre RAPTOR - Raptortough<\/title>\n<meta name=\"description\" content=\"The convenient RAPTOR 2K Bedliner Aerosol offers a fast, easy way to apply RAPTOR without compromising performance, no spray equipment necessary.\" \/>\n<meta name=\"robots\" content=\"index, follow, max-snippet:-1, max-image-preview:large, max-video-preview:-1\" \/>\n<link rel=\"canonical\" href=\"https:\/\/raptorcoatings.com\/fr-ca\/produit\/raptor-fiberglass-repair-kit\/\" \/>\n<meta property=\"og:locale\" content=\"fr_CA\" \/>\n<meta property=\"og:type\" content=\"article\" \/>\n<meta property=\"og:title\" content=\"Kit de R\u00e9paration Fibres de Verre RAPTOR - Raptortough\" \/>\n<meta property=\"og:description\" content=\"The convenient RAPTOR 2K Bedliner Aerosol offers a fast, easy way to apply RAPTOR without compromising performance, no spray equipment necessary.\" \/>\n<meta property=\"og:url\" content=\"https:\/\/raptorcoatings.com\/fr-ca\/produit\/raptor-fiberglass-repair-kit\/\" \/>\n<meta property=\"og:site_name\" content=\"Raptortough\" \/>\n<meta property=\"article:modified_time\" content=\"2023-08-24T14:08:01+00:00\" \/>\n<meta property=\"og:image\" content=\"https:\/\/raptorcoatings.com\/wp-content\/uploads\/Raptor-Fiberglass-Repair-Kit-1.jpg\" \/>\n\t<meta property=\"og:image:width\" content=\"800\" \/>\n\t<meta property=\"og:image:height\" content=\"800\" \/>\n\t<meta property=\"og:image:type\" content=\"image\/jpeg\" \/>\n<meta name=\"twitter:card\" content=\"summary_large_image\" \/>\n<meta name=\"twitter:label1\" content=\"Estimation du temps de lecture\" \/>\n\t<meta name=\"twitter:data1\" content=\"1 minute\" \/>\n<script type=\"application\/ld+json\" class=\"yoast-schema-graph\">{\"@context\":\"https:\/\/schema.org\",\"@graph\":[{\"@type\":\"WebPage\",\"@id\":\"https:\/\/raptorcoatings.com\/fr-ca\/produit\/raptor-fiberglass-repair-kit\/\",\"url\":\"https:\/\/raptorcoatings.com\/fr-ca\/produit\/raptor-fiberglass-repair-kit\/\",\"name\":\"Kit de R\u00e9paration Fibres de Verre RAPTOR - Raptortough\",\"isPartOf\":{\"@id\":\"https:\/\/raptorcoatings.com\/fr-ca\/#website\"},\"primaryImageOfPage\":{\"@id\":\"https:\/\/raptorcoatings.com\/fr-ca\/produit\/raptor-fiberglass-repair-kit\/#primaryimage\"},\"image\":{\"@id\":\"https:\/\/raptorcoatings.com\/fr-ca\/produit\/raptor-fiberglass-repair-kit\/#primaryimage\"},\"thumbnailUrl\":\"https:\/\/raptorcoatings.com\/wp-content\/uploads\/Raptor-Fiberglass-Repair-Kit-1.jpg\",\"datePublished\":\"2023-01-16T14:41:13+00:00\",\"dateModified\":\"2023-08-24T14:08:01+00:00\",\"description\":\"The convenient RAPTOR 2K Bedliner Aerosol offers a fast, easy way to apply RAPTOR without compromising performance, no spray equipment necessary.\",\"breadcrumb\":{\"@id\":\"https:\/\/raptorcoatings.com\/fr-ca\/produit\/raptor-fiberglass-repair-kit\/#breadcrumb\"},\"inLanguage\":\"fr-CA\",\"potentialAction\":[{\"@type\":\"ReadAction\",\"target\":[\"https:\/\/raptorcoatings.com\/fr-ca\/produit\/raptor-fiberglass-repair-kit\/\"]}]},{\"@type\":\"ImageObject\",\"inLanguage\":\"fr-CA\",\"@id\":\"https:\/\/raptorcoatings.com\/fr-ca\/produit\/raptor-fiberglass-repair-kit\/#primaryimage\",\"url\":\"https:\/\/raptorcoatings.com\/wp-content\/uploads\/Raptor-Fiberglass-Repair-Kit-1.jpg\",\"contentUrl\":\"https:\/\/raptorcoatings.com\/wp-content\/uploads\/Raptor-Fiberglass-Repair-Kit-1.jpg\",\"width\":800,\"height\":800,\"caption\":\"RAPTOR Fiberglass Repair Kit\"},{\"@type\":\"BreadcrumbList\",\"@id\":\"https:\/\/raptorcoatings.com\/fr-ca\/produit\/raptor-fiberglass-repair-kit\/#breadcrumb\",\"itemListElement\":[{\"@type\":\"ListItem\",\"position\":1,\"name\":\"Home\",\"item\":\"https:\/\/raptorcoatings.com\/fr-ca\/\"},{\"@type\":\"ListItem\",\"position\":2,\"name\":\"Produits\",\"item\":\"https:\/\/raptorcoatings.com\/products\/\"},{\"@type\":\"ListItem\",\"position\":3,\"name\":\"Kit de R\u00e9paration Fibres de Verre RAPTOR\"}]},{\"@type\":\"WebSite\",\"@id\":\"https:\/\/raptorcoatings.com\/fr-ca\/#website\",\"url\":\"https:\/\/raptorcoatings.com\/fr-ca\/\",\"name\":\"Raptor Coatings\",\"description\":\"\",\"potentialAction\":[{\"@type\":\"SearchAction\",\"target\":{\"@type\":\"EntryPoint\",\"urlTemplate\":\"https:\/\/raptorcoatings.com\/fr-ca\/?s={search_term_string}\"},\"query-input\":{\"@type\":\"PropertyValueSpecification\",\"valueRequired\":true,\"valueName\":\"search_term_string\"}}],\"inLanguage\":\"fr-CA\"}]}<\/script>\n<!-- \/ Yoast SEO plugin. -->","yoast_head_json":{"title":"Kit de R\u00e9paration Fibres de Verre RAPTOR - Raptortough","description":"The convenient RAPTOR 2K Bedliner Aerosol offers a fast, easy way to apply RAPTOR without compromising performance, no spray equipment necessary.","robots":{"index":"index","follow":"follow","max-snippet":"max-snippet:-1","max-image-preview":"max-image-preview:large","max-video-preview":"max-video-preview:-1"},"canonical":"https:\/\/raptorcoatings.com\/fr-ca\/produit\/raptor-fiberglass-repair-kit\/","og_locale":"fr_CA","og_type":"article","og_title":"Kit de R\u00e9paration Fibres de Verre RAPTOR - Raptortough","og_description":"The convenient RAPTOR 2K Bedliner Aerosol offers a fast, easy way to apply RAPTOR without compromising performance, no spray equipment necessary.","og_url":"https:\/\/raptorcoatings.com\/fr-ca\/produit\/raptor-fiberglass-repair-kit\/","og_site_name":"Raptortough","article_modified_time":"2023-08-24T14:08:01+00:00","og_image":[{"width":800,"height":800,"url":"https:\/\/raptorcoatings.com\/wp-content\/uploads\/Raptor-Fiberglass-Repair-Kit-1.jpg","type":"image\/jpeg"}],"twitter_card":"summary_large_image","twitter_misc":{"Estimation du temps de lecture":"1 minute"},"schema":{"@context":"https:\/\/schema.org","@graph":[{"@type":"WebPage","@id":"https:\/\/raptorcoatings.com\/fr-ca\/produit\/raptor-fiberglass-repair-kit\/","url":"https:\/\/raptorcoatings.com\/fr-ca\/produit\/raptor-fiberglass-repair-kit\/","name":"Kit de R\u00e9paration Fibres de Verre RAPTOR - Raptortough","isPartOf":{"@id":"https:\/\/raptorcoatings.com\/fr-ca\/#website"},"primaryImageOfPage":{"@id":"https:\/\/raptorcoatings.com\/fr-ca\/produit\/raptor-fiberglass-repair-kit\/#primaryimage"},"image":{"@id":"https:\/\/raptorcoatings.com\/fr-ca\/produit\/raptor-fiberglass-repair-kit\/#primaryimage"},"thumbnailUrl":"https:\/\/raptorcoatings.com\/wp-content\/uploads\/Raptor-Fiberglass-Repair-Kit-1.jpg","datePublished":"2023-01-16T14:41:13+00:00","dateModified":"2023-08-24T14:08:01+00:00","description":"The convenient RAPTOR 2K Bedliner Aerosol offers a fast, easy way to apply RAPTOR without compromising performance, no spray equipment necessary.","breadcrumb":{"@id":"https:\/\/raptorcoatings.com\/fr-ca\/produit\/raptor-fiberglass-repair-kit\/#breadcrumb"},"inLanguage":"fr-CA","potentialAction":[{"@type":"ReadAction","target":["https:\/\/raptorcoatings.com\/fr-ca\/produit\/raptor-fiberglass-repair-kit\/"]}]},{"@type":"ImageObject","inLanguage":"fr-CA","@id":"https:\/\/raptorcoatings.com\/fr-ca\/produit\/raptor-fiberglass-repair-kit\/#primaryimage","url":"https:\/\/raptorcoatings.com\/wp-content\/uploads\/Raptor-Fiberglass-Repair-Kit-1.jpg","contentUrl":"https:\/\/raptorcoatings.com\/wp-content\/uploads\/Raptor-Fiberglass-Repair-Kit-1.jpg","width":800,"height":800,"caption":"RAPTOR Fiberglass Repair Kit"},{"@type":"BreadcrumbList","@id":"https:\/\/raptorcoatings.com\/fr-ca\/produit\/raptor-fiberglass-repair-kit\/#breadcrumb","itemListElement":[{"@type":"ListItem","position":1,"name":"Home","item":"https:\/\/raptorcoatings.com\/fr-ca\/"},{"@type":"ListItem","position":2,"name":"Produits","item":"https:\/\/raptorcoatings.com\/products\/"},{"@type":"ListItem","position":3,"name":"Kit de R\u00e9paration Fibres de Verre RAPTOR"}]},{"@type":"WebSite","@id":"https:\/\/raptorcoatings.com\/fr-ca\/#website","url":"https:\/\/raptorcoatings.com\/fr-ca\/","name":"Raptor Coatings","description":"","potentialAction":[{"@type":"SearchAction","target":{"@type":"EntryPoint","urlTemplate":"https:\/\/raptorcoatings.com\/fr-ca\/?s={search_term_string}"},"query-input":{"@type":"PropertyValueSpecification","valueRequired":true,"valueName":"search_term_string"}}],"inLanguage":"fr-CA"}]}},"_links":{"self":[{"href":"https:\/\/raptorcoatings.com\/fr-ca\/wp-json\/wp\/v2\/product\/26059","targetHints":{"allow":["GET"]}}],"collection":[{"href":"https:\/\/raptorcoatings.com\/fr-ca\/wp-json\/wp\/v2\/product"}],"about":[{"href":"https:\/\/raptorcoatings.com\/fr-ca\/wp-json\/wp\/v2\/types\/product"}],"wp:featuredmedia":[{"embeddable":true,"href":"https:\/\/raptorcoatings.com\/fr-ca\/wp-json\/wp\/v2\/media\/26060"}],"wp:attachment":[{"href":"https:\/\/raptorcoatings.com\/fr-ca\/wp-json\/wp\/v2\/media?parent=26059"}],"wp:term":[{"taxonomy":"product_brand","embeddable":true,"href":"https:\/\/raptorcoatings.com\/fr-ca\/wp-json\/wp\/v2\/product_brand?post=26059"},{"taxonomy":"product_cat","embeddable":true,"href":"https:\/\/raptorcoatings.com\/fr-ca\/wp-json\/wp\/v2\/product_cat?post=26059"},{"taxonomy":"product_tag","embeddable":true,"href":"https:\/\/raptorcoatings.com\/fr-ca\/wp-json\/wp\/v2\/product_tag?post=26059"}],"curies":[{"name":"wp","href":"https:\/\/api.w.org\/{rel}","templated":true}]}}