{"id":26035,"date":"2023-01-17T09:44:57","date_gmt":"2023-01-17T09:44:57","guid":{"rendered":"https:\/\/raptorcoatings.com\/product\/raptor-1k-tough-undercoating-aerosol\/"},"modified":"2023-08-24T14:02:05","modified_gmt":"2023-08-24T14:02:05","slug":"raptor-1k-tough-undercoating-aerosol","status":"publish","type":"product","link":"https:\/\/raptorcoatings.com\/fr-ca\/produit\/raptor-1k-tough-undercoating-aerosol\/","title":{"rendered":"Protecteur Anti-Gravillons RAPTOR 1K"},"content":{"rendered":"<div class=\"fusion-fullwidth fullwidth-box fusion-builder-row-1 fusion-flex-container has-pattern-background has-mask-background nonhundred-percent-fullwidth non-hundred-percent-height-scrolling\" style=\"--awb-border-radius-top-left:0px;--awb-border-radius-top-right:0px;--awb-border-radius-bottom-right:0px;--awb-border-radius-bottom-left:0px;--awb-padding-top:50px;--awb-padding-right:0px;--awb-padding-bottom:0px;--awb-padding-left:0px;--awb-flex-wrap:wrap;\" ><div class=\"fusion-builder-row fusion-row fusion-flex-align-items-flex-start fusion-flex-justify-content-flex-end fusion-flex-content-wrap\" style=\"max-width:calc( 1640px + 12px );margin-left: calc(-12px \/ 2 );margin-right: calc(-12px \/ 2 );\"><div class=\"fusion-layout-column fusion_builder_column fusion-builder-column-0 fusion_builder_column_1_1 1_1 fusion-flex-column\" style=\"--awb-bg-size:cover;--awb-width-large:100%;--awb-margin-top-large:0px;--awb-spacing-right-large:6px;--awb-margin-bottom-large:20px;--awb-spacing-left-large:6px;--awb-width-medium:100%;--awb-order-medium:0;--awb-spacing-right-medium:6px;--awb-spacing-left-medium:6px;--awb-width-small:100%;--awb-order-small:0;--awb-spacing-right-small:6px;--awb-spacing-left-small:6px;\"><div class=\"fusion-column-wrapper fusion-column-has-shadow fusion-flex-justify-content-flex-start fusion-content-layout-column\">\n<div class=\"table-1 productTable\">\n<table width=\"100%\">\n<thead>\n<tr>\n<th align=\"left\">Reference<\/th>\n<th align=\"left\">Format<\/th>\n<th align=\"left\">Couleur<\/th>\n<th align=\"left\">Par Carton<\/th>\n<th align=\"left\">Technical Data Sheet<\/th>\n<th align=\"left\">Safety Data Sheet<\/th>\n<\/tr>\n<\/thead>\n<tbody>\n<tr>\n<td align=\"left\">UP8410<\/td>\n<td align=\"left\">14.1 Oz. A\u00e9rosol<\/td>\n<td align=\"left\">Noir<\/td>\n<td align=\"left\">6<\/td>\n<td align=\"left\"><a href=\"https:\/\/raptorcoatings.com\/wp-content\/uploads\/RTUAL-US-TDS-EN-1.pdf\">UP8410-TDS<\/a><\/td>\n<td align=\"left\"><a href=\"https:\/\/raptorcoatings.com\/wp-content\/uploads\/RTUAL-R-CA-SDS-FR.pdf\">UP8410-CA-SDS-FR<\/a><\/td>\n<\/tr>\n<\/tbody>\n<\/table>\n<\/div>\n<div class=\"fusion-text fusion-text-1 fusion-no-medium-visibility fusion-no-large-visibility\"><p style=\"text-align: center;\"><span style=\"color: #ffffff; font-size: 16px;\"><strong>Swipe table<\/strong><\/span> <i class=\"fb-icon-element-1 fb-icon-element fontawesome-icon fa-hand-pointer fas circle-no fusion-text-flow\" style=\"--awb-font-size:20px;--awb-margin-right:10px;\"><\/i><\/p>\n<\/div>\n<\/div><\/div><\/div><\/div>\n","protected":false},"excerpt":{"rendered":"<p>Le protecteur anti-gravillons RAPTOR est id\u00e9al pour prot\u00e9ger les dessous de v\u00e9hicules, panneaux de carrosserie et passages de roues contre les projections de gravillons, les dommages dus au sel, l\u2019humidit\u00e9 et la rouille. Sa formulation 1K tr\u00e8s r\u00e9sistante donne une finition durable et r\u00e9sistante \u00e0 l\u2019abrasion qui agit comme une barri\u00e8re contre les dommages caus\u00e9s par les projections de gravillons et la corrosion. Il est parfait pour couvrir les marques de soudure et joints et lorsqu\u2019il est utilis\u00e9 dans le compartiment moteur, il peut aussi aider \u00e0 att\u00e9nuer le bruit. Le protecteur anti-gravillons RAPTOR a une excellente adh\u00e9rence et peut \u00eatre appliqu\u00e9 directement sur le m\u00e9tal, l\u2019aluminium, la fibre de verre et les plastiques pr\u00e9par\u00e9s et s\u00e8che pour former une texture attrayante.<\/p>\n","protected":false},"featured_media":30431,"template":"","meta":[],"product_brand":[],"product_cat":[714,716,717,724],"product_tag":[811,718],"class_list":{"0":"post-26035","1":"product","2":"type-product","3":"status-publish","4":"has-post-thumbnail","6":"product_cat-bed-liner-protective-coating-fr-ca","7":"product_cat-product-fr-ca","8":"product_cat-raptor-fr-ca","9":"product_cat-revetements-fr-ca","10":"product_tag-revetements-fr-ca","11":"product_tag-us-fr-ca","13":"first","14":"instock","15":"shipping-taxable","16":"product-type-simple"},"gallery_images":[7837,7828,7846,7855,7864],"yoast_head":"<!-- This site is optimized with the Yoast SEO plugin v27.1.1 - https:\/\/yoast.com\/product\/yoast-seo-wordpress\/ -->\n<title>Protecteur Anti-Gravillons RAPTOR 1K - Raptortough<\/title>\n<meta name=\"description\" content=\"The convenient RAPTOR 2K Bedliner Aerosol offers a fast, easy way to apply RAPTOR without compromising performance, no spray equipment necessary.\" \/>\n<meta name=\"robots\" content=\"index, follow, max-snippet:-1, max-image-preview:large, max-video-preview:-1\" \/>\n<link rel=\"canonical\" href=\"https:\/\/raptorcoatings.com\/fr-ca\/produit\/raptor-1k-tough-undercoating-aerosol\/\" \/>\n<meta property=\"og:locale\" content=\"fr_CA\" \/>\n<meta property=\"og:type\" content=\"article\" \/>\n<meta property=\"og:title\" content=\"Protecteur Anti-Gravillons RAPTOR 1K - Raptortough\" \/>\n<meta property=\"og:description\" content=\"The convenient RAPTOR 2K Bedliner Aerosol offers a fast, easy way to apply RAPTOR without compromising performance, no spray equipment necessary.\" \/>\n<meta property=\"og:url\" content=\"https:\/\/raptorcoatings.com\/fr-ca\/produit\/raptor-1k-tough-undercoating-aerosol\/\" \/>\n<meta property=\"og:site_name\" content=\"Raptortough\" \/>\n<meta property=\"article:modified_time\" content=\"2023-08-24T14:02:05+00:00\" \/>\n<meta property=\"og:image\" content=\"https:\/\/raptorcoatings.com\/wp-content\/uploads\/UP8410-Raptor-Tough-Undercoating-Aerosol-500ml_Black-1.jpg\" \/>\n\t<meta property=\"og:image:width\" content=\"800\" \/>\n\t<meta property=\"og:image:height\" content=\"800\" \/>\n\t<meta property=\"og:image:type\" content=\"image\/jpeg\" \/>\n<meta name=\"twitter:card\" content=\"summary_large_image\" \/>\n<meta name=\"twitter:label1\" content=\"Estimation du temps de lecture\" \/>\n\t<meta name=\"twitter:data1\" content=\"1 minute\" \/>\n<script type=\"application\/ld+json\" class=\"yoast-schema-graph\">{\"@context\":\"https:\/\/schema.org\",\"@graph\":[{\"@type\":\"WebPage\",\"@id\":\"https:\/\/raptorcoatings.com\/fr-ca\/produit\/raptor-1k-tough-undercoating-aerosol\/\",\"url\":\"https:\/\/raptorcoatings.com\/fr-ca\/produit\/raptor-1k-tough-undercoating-aerosol\/\",\"name\":\"Protecteur Anti-Gravillons RAPTOR 1K - Raptortough\",\"isPartOf\":{\"@id\":\"https:\/\/raptorcoatings.com\/fr-ca\/#website\"},\"primaryImageOfPage\":{\"@id\":\"https:\/\/raptorcoatings.com\/fr-ca\/produit\/raptor-1k-tough-undercoating-aerosol\/#primaryimage\"},\"image\":{\"@id\":\"https:\/\/raptorcoatings.com\/fr-ca\/produit\/raptor-1k-tough-undercoating-aerosol\/#primaryimage\"},\"thumbnailUrl\":\"https:\/\/raptorcoatings.com\/wp-content\/uploads\/UP8410-Raptor-Tough-Undercoating-Aerosol-500ml_Black-1.jpg\",\"datePublished\":\"2023-01-17T09:44:57+00:00\",\"dateModified\":\"2023-08-24T14:02:05+00:00\",\"description\":\"The convenient RAPTOR 2K Bedliner Aerosol offers a fast, easy way to apply RAPTOR without compromising performance, no spray equipment necessary.\",\"breadcrumb\":{\"@id\":\"https:\/\/raptorcoatings.com\/fr-ca\/produit\/raptor-1k-tough-undercoating-aerosol\/#breadcrumb\"},\"inLanguage\":\"fr-CA\",\"potentialAction\":[{\"@type\":\"ReadAction\",\"target\":[\"https:\/\/raptorcoatings.com\/fr-ca\/produit\/raptor-1k-tough-undercoating-aerosol\/\"]}]},{\"@type\":\"ImageObject\",\"inLanguage\":\"fr-CA\",\"@id\":\"https:\/\/raptorcoatings.com\/fr-ca\/produit\/raptor-1k-tough-undercoating-aerosol\/#primaryimage\",\"url\":\"https:\/\/raptorcoatings.com\/wp-content\/uploads\/UP8410-Raptor-Tough-Undercoating-Aerosol-500ml_Black-1.jpg\",\"contentUrl\":\"https:\/\/raptorcoatings.com\/wp-content\/uploads\/UP8410-Raptor-Tough-Undercoating-Aerosol-500ml_Black-1.jpg\",\"width\":800,\"height\":800,\"caption\":\"Tough Undercoating\"},{\"@type\":\"BreadcrumbList\",\"@id\":\"https:\/\/raptorcoatings.com\/fr-ca\/produit\/raptor-1k-tough-undercoating-aerosol\/#breadcrumb\",\"itemListElement\":[{\"@type\":\"ListItem\",\"position\":1,\"name\":\"Home\",\"item\":\"https:\/\/raptorcoatings.com\/fr-ca\/\"},{\"@type\":\"ListItem\",\"position\":2,\"name\":\"Produits\",\"item\":\"https:\/\/raptorcoatings.com\/products\/\"},{\"@type\":\"ListItem\",\"position\":3,\"name\":\"Protecteur Anti-Gravillons RAPTOR 1K\"}]},{\"@type\":\"WebSite\",\"@id\":\"https:\/\/raptorcoatings.com\/fr-ca\/#website\",\"url\":\"https:\/\/raptorcoatings.com\/fr-ca\/\",\"name\":\"Raptor Coatings\",\"description\":\"\",\"potentialAction\":[{\"@type\":\"SearchAction\",\"target\":{\"@type\":\"EntryPoint\",\"urlTemplate\":\"https:\/\/raptorcoatings.com\/fr-ca\/?s={search_term_string}\"},\"query-input\":{\"@type\":\"PropertyValueSpecification\",\"valueRequired\":true,\"valueName\":\"search_term_string\"}}],\"inLanguage\":\"fr-CA\"}]}<\/script>\n<!-- \/ Yoast SEO plugin. -->","yoast_head_json":{"title":"Protecteur Anti-Gravillons RAPTOR 1K - Raptortough","description":"The convenient RAPTOR 2K Bedliner Aerosol offers a fast, easy way to apply RAPTOR without compromising performance, no spray equipment necessary.","robots":{"index":"index","follow":"follow","max-snippet":"max-snippet:-1","max-image-preview":"max-image-preview:large","max-video-preview":"max-video-preview:-1"},"canonical":"https:\/\/raptorcoatings.com\/fr-ca\/produit\/raptor-1k-tough-undercoating-aerosol\/","og_locale":"fr_CA","og_type":"article","og_title":"Protecteur Anti-Gravillons RAPTOR 1K - Raptortough","og_description":"The convenient RAPTOR 2K Bedliner Aerosol offers a fast, easy way to apply RAPTOR without compromising performance, no spray equipment necessary.","og_url":"https:\/\/raptorcoatings.com\/fr-ca\/produit\/raptor-1k-tough-undercoating-aerosol\/","og_site_name":"Raptortough","article_modified_time":"2023-08-24T14:02:05+00:00","og_image":[{"width":800,"height":800,"url":"https:\/\/raptorcoatings.com\/wp-content\/uploads\/UP8410-Raptor-Tough-Undercoating-Aerosol-500ml_Black-1.jpg","type":"image\/jpeg"}],"twitter_card":"summary_large_image","twitter_misc":{"Estimation du temps de lecture":"1 minute"},"schema":{"@context":"https:\/\/schema.org","@graph":[{"@type":"WebPage","@id":"https:\/\/raptorcoatings.com\/fr-ca\/produit\/raptor-1k-tough-undercoating-aerosol\/","url":"https:\/\/raptorcoatings.com\/fr-ca\/produit\/raptor-1k-tough-undercoating-aerosol\/","name":"Protecteur Anti-Gravillons RAPTOR 1K - Raptortough","isPartOf":{"@id":"https:\/\/raptorcoatings.com\/fr-ca\/#website"},"primaryImageOfPage":{"@id":"https:\/\/raptorcoatings.com\/fr-ca\/produit\/raptor-1k-tough-undercoating-aerosol\/#primaryimage"},"image":{"@id":"https:\/\/raptorcoatings.com\/fr-ca\/produit\/raptor-1k-tough-undercoating-aerosol\/#primaryimage"},"thumbnailUrl":"https:\/\/raptorcoatings.com\/wp-content\/uploads\/UP8410-Raptor-Tough-Undercoating-Aerosol-500ml_Black-1.jpg","datePublished":"2023-01-17T09:44:57+00:00","dateModified":"2023-08-24T14:02:05+00:00","description":"The convenient RAPTOR 2K Bedliner Aerosol offers a fast, easy way to apply RAPTOR without compromising performance, no spray equipment necessary.","breadcrumb":{"@id":"https:\/\/raptorcoatings.com\/fr-ca\/produit\/raptor-1k-tough-undercoating-aerosol\/#breadcrumb"},"inLanguage":"fr-CA","potentialAction":[{"@type":"ReadAction","target":["https:\/\/raptorcoatings.com\/fr-ca\/produit\/raptor-1k-tough-undercoating-aerosol\/"]}]},{"@type":"ImageObject","inLanguage":"fr-CA","@id":"https:\/\/raptorcoatings.com\/fr-ca\/produit\/raptor-1k-tough-undercoating-aerosol\/#primaryimage","url":"https:\/\/raptorcoatings.com\/wp-content\/uploads\/UP8410-Raptor-Tough-Undercoating-Aerosol-500ml_Black-1.jpg","contentUrl":"https:\/\/raptorcoatings.com\/wp-content\/uploads\/UP8410-Raptor-Tough-Undercoating-Aerosol-500ml_Black-1.jpg","width":800,"height":800,"caption":"Tough Undercoating"},{"@type":"BreadcrumbList","@id":"https:\/\/raptorcoatings.com\/fr-ca\/produit\/raptor-1k-tough-undercoating-aerosol\/#breadcrumb","itemListElement":[{"@type":"ListItem","position":1,"name":"Home","item":"https:\/\/raptorcoatings.com\/fr-ca\/"},{"@type":"ListItem","position":2,"name":"Produits","item":"https:\/\/raptorcoatings.com\/products\/"},{"@type":"ListItem","position":3,"name":"Protecteur Anti-Gravillons RAPTOR 1K"}]},{"@type":"WebSite","@id":"https:\/\/raptorcoatings.com\/fr-ca\/#website","url":"https:\/\/raptorcoatings.com\/fr-ca\/","name":"Raptor Coatings","description":"","potentialAction":[{"@type":"SearchAction","target":{"@type":"EntryPoint","urlTemplate":"https:\/\/raptorcoatings.com\/fr-ca\/?s={search_term_string}"},"query-input":{"@type":"PropertyValueSpecification","valueRequired":true,"valueName":"search_term_string"}}],"inLanguage":"fr-CA"}]}},"_links":{"self":[{"href":"https:\/\/raptorcoatings.com\/fr-ca\/wp-json\/wp\/v2\/product\/26035","targetHints":{"allow":["GET"]}}],"collection":[{"href":"https:\/\/raptorcoatings.com\/fr-ca\/wp-json\/wp\/v2\/product"}],"about":[{"href":"https:\/\/raptorcoatings.com\/fr-ca\/wp-json\/wp\/v2\/types\/product"}],"wp:featuredmedia":[{"embeddable":true,"href":"https:\/\/raptorcoatings.com\/fr-ca\/wp-json\/wp\/v2\/media\/30431"}],"wp:attachment":[{"href":"https:\/\/raptorcoatings.com\/fr-ca\/wp-json\/wp\/v2\/media?parent=26035"}],"wp:term":[{"taxonomy":"product_brand","embeddable":true,"href":"https:\/\/raptorcoatings.com\/fr-ca\/wp-json\/wp\/v2\/product_brand?post=26035"},{"taxonomy":"product_cat","embeddable":true,"href":"https:\/\/raptorcoatings.com\/fr-ca\/wp-json\/wp\/v2\/product_cat?post=26035"},{"taxonomy":"product_tag","embeddable":true,"href":"https:\/\/raptorcoatings.com\/fr-ca\/wp-json\/wp\/v2\/product_tag?post=26035"}],"curies":[{"name":"wp","href":"https:\/\/api.w.org\/{rel}","templated":true}]}}