{"id":74427,"date":"2023-02-02T16:10:17","date_gmt":"2023-02-02T16:10:17","guid":{"rendered":"https:\/\/raptorcoatings.com\/?post_type=product&#038;p=74427"},"modified":"2025-04-22T09:22:41","modified_gmt":"2025-04-22T09:22:41","slug":"monster-truck","status":"publish","type":"product","link":"https:\/\/raptorcoatings.com\/es\/producto\/monster-truck\/","title":{"rendered":"Monstruo, Cami\u00f3n"},"content":{"rendered":"<div class=\"fusion-fullwidth fullwidth-box fusion-builder-row-1 fusion-flex-container has-pattern-background has-mask-background nonhundred-percent-fullwidth non-hundred-percent-height-scrolling\" style=\"--awb-border-radius-top-left:0px;--awb-border-radius-top-right:0px;--awb-border-radius-bottom-right:0px;--awb-border-radius-bottom-left:0px;--awb-padding-top:50px;--awb-padding-right:0px;--awb-padding-bottom:0px;--awb-padding-left:0px;--awb-flex-wrap:wrap;\" ><div class=\"fusion-builder-row fusion-row fusion-flex-align-items-flex-start fusion-flex-justify-content-flex-end fusion-flex-content-wrap\" style=\"max-width:calc( 1640px + 12px );margin-left: calc(-12px \/ 2 );margin-right: calc(-12px \/ 2 );\"><div class=\"fusion-layout-column fusion_builder_column fusion-builder-column-0 fusion_builder_column_1_1 1_1 fusion-flex-column\" style=\"--awb-bg-size:cover;--awb-width-large:100%;--awb-margin-top-large:0px;--awb-spacing-right-large:6px;--awb-margin-bottom-large:20px;--awb-spacing-left-large:6px;--awb-width-medium:100%;--awb-order-medium:0;--awb-spacing-right-medium:6px;--awb-spacing-left-medium:6px;--awb-width-small:100%;--awb-order-small:0;--awb-spacing-right-small:6px;--awb-spacing-left-small:6px;\"><div class=\"fusion-column-wrapper fusion-column-has-shadow fusion-flex-justify-content-flex-start fusion-content-layout-column\"><div class=\"fusion-title title fusion-title-1 fusion-sep-none fusion-title-center fusion-title-text fusion-title-size-two\" style=\"--awb-text-color:var(--awb-color1);\"><h2 class=\"fusion-title-heading title-heading-center fusion-responsive-typography-calculated\" style=\"margin:0;--fontSize:75.12;line-height:1;\">Recogidas<\/h2><\/div><div class=\"fusion-title title fusion-title-2 fusion-sep-none fusion-title-center fusion-title-text fusion-title-size-four\" style=\"--awb-text-color:var(--awb-color1);\"><h4 class=\"fusion-title-heading title-heading-center fusion-responsive-typography-calculated\" style=\"margin:0;--fontSize:32.16;line-height:1.5;\">Explore los productos RAPTOR que hacen de este cami\u00f3n una fuerza a tener en cuenta.<\/h4><\/div><div class=\"fusion-woo-product-grid fusion-product-archive fusion-woo-product-grid-1\"><ul class=\"products products-4\"><li class=\"product type-product post-57076 status-publish first instock product_cat-2k-aerosol-es product_cat-coatings-es product_cat-product-es product_cat-raptor-es product_tag-sprinter-van-es product_tag-willys-es has-post-thumbnail shipping-taxable product-type-simple product-grid-view\">\n\t<div class=\"fusion-product-wrapper\">\n<a href=\"https:\/\/raptorcoatings.com\/es\/producto\/aerosol-2k-raptor\/\" class=\"product-images\" aria-label=\"AEROSOL 2K RAPTOR\">\n\n<div class=\"featured-image\">\n\t\t<img decoding=\"async\" width=\"500\" height=\"500\" src=\"https:\/\/raptorcoatings.com\/wp-content\/uploads\/Raptor-2k-Anti-Corrosive-Epoxy-Primer-Aerosol.jpg\" class=\"attachment-woocommerce_thumbnail size-woocommerce_thumbnail lazyload wp-post-image\" alt=\"\" srcset=\"data:image\/svg+xml,%3Csvg%20xmlns%3D%27http%3A%2F%2Fwww.w3.org%2F2000%2Fsvg%27%20width%3D%27800%27%20height%3D%27800%27%20viewBox%3D%270%200%20800%20800%27%3E%3Crect%20width%3D%27800%27%20height%3D%27800%27%20fill-opacity%3D%220%22%2F%3E%3C%2Fsvg%3E\" data-orig-src=\"https:\/\/raptorcoatings.com\/wp-content\/uploads\/Raptor-2k-Anti-Corrosive-Epoxy-Primer-Aerosol.jpg\" data-srcset=\"https:\/\/raptorcoatings.com\/wp-content\/uploads\/RLB-RAPTOR-2K-Aerosol-Protective-Coating-108x108.jpg 108w, https:\/\/raptorcoatings.com\/wp-content\/uploads\/Raptor-2k-Anti-Corrosive-Epoxy-Primer-Aerosol.jpg 800w\" data-sizes=\"auto\" \/>\n\t\t\t\t\t\t<div class=\"cart-loading\"><i class=\"awb-icon-spinner\" aria-hidden=\"true\"><\/i><\/div>\n\t\t\t<\/div>\n<\/a>\n<div class=\"fusion-product-content\">\n\t<div class=\"product-details\">\n\t\t<div class=\"product-details-container\">\n<h3 class=\"product-title\">\n\t<a href=\"https:\/\/raptorcoatings.com\/es\/producto\/aerosol-2k-raptor\/\">\n\t\tAEROSOL 2K RAPTOR\t<\/a>\n<\/h3>\n<div class=\"fusion-price-rating\">\n\n\t\t<\/div>\n\t<\/div>\n<\/div>\n\n\n\t<div class=\"product-buttons\">\n\t\t<div class=\"fusion-content-sep sep-none\"><\/div>\n\t\t<div class=\"product-buttons-container clearfix\">\n<span class=\"gtm4wp_productdata\" style=\"display:none; visibility:hidden;\" data-gtm4wp_product_data=\"{&quot;internal_id&quot;:57076,&quot;item_id&quot;:57076,&quot;item_name&quot;:&quot;AEROSOL 2K RAPTOR&quot;,&quot;sku&quot;:&quot;UP4883&quot;,&quot;price&quot;:0,&quot;stocklevel&quot;:null,&quot;stockstatus&quot;:&quot;instock&quot;,&quot;google_business_vertical&quot;:&quot;retail&quot;,&quot;item_category&quot;:&quot;RAPTOR&quot;,&quot;id&quot;:57076,&quot;productlink&quot;:&quot;https:\\\/\\\/raptorcoatings.com\\\/es\\\/producto\\\/aerosol-2k-raptor\\\/&quot;,&quot;item_list_name&quot;:&quot;Lista general de productos&quot;,&quot;index&quot;:1,&quot;product_type&quot;:&quot;simple&quot;,&quot;item_brand&quot;:&quot;&quot;}\"><\/span>\n<a href=\"https:\/\/raptorcoatings.com\/es\/producto\/aerosol-2k-raptor\/\" class=\"show_details_button\" style=\"float:none;max-width:none;text-align:center;\">\n\tDetails<\/a>\n\n\n\t<\/div>\n\t<\/div>\n\n\t<\/div> <\/div>\n<\/li>\n<li class=\"product type-product post-57025 status-publish instock product_cat-bed-liner-protective-coating-es product_cat-coatings-es product_cat-product-es product_cat-raptor-es product_tag-ford-raptor-es product_tag-sprinter-van-es product_tag-vw-beetle-es product_tag-willys-es has-post-thumbnail shipping-taxable product-type-simple product-grid-view\">\n\t<div class=\"fusion-product-wrapper\">\n<a href=\"https:\/\/raptorcoatings.com\/es\/producto\/kit4botellas\/\" class=\"product-images\" aria-label=\"Kit 4 Botellas\">\n\n<div class=\"featured-image\">\n\t\t<img decoding=\"async\" width=\"500\" height=\"500\" src=\"https:\/\/raptorcoatings.com\/wp-content\/uploads\/RLT-S4.jpg\" class=\"attachment-woocommerce_thumbnail size-woocommerce_thumbnail lazyload wp-post-image\" alt=\"\" srcset=\"data:image\/svg+xml,%3Csvg%20xmlns%3D%27http%3A%2F%2Fwww.w3.org%2F2000%2Fsvg%27%20width%3D%27800%27%20height%3D%27800%27%20viewBox%3D%270%200%20800%20800%27%3E%3Crect%20width%3D%27800%27%20height%3D%27800%27%20fill-opacity%3D%220%22%2F%3E%3C%2Fsvg%3E\" data-orig-src=\"https:\/\/raptorcoatings.com\/wp-content\/uploads\/RLT-S4.jpg\" data-srcset=\"https:\/\/raptorcoatings.com\/wp-content\/uploads\/RLT-S4-108x108.jpg 108w, https:\/\/raptorcoatings.com\/wp-content\/uploads\/RLT-S4.jpg 800w\" data-sizes=\"auto\" \/>\n\t\t\t\t\t\t<div class=\"cart-loading\"><i class=\"awb-icon-spinner\" aria-hidden=\"true\"><\/i><\/div>\n\t\t\t<\/div>\n<\/a>\n<div class=\"fusion-product-content\">\n\t<div class=\"product-details\">\n\t\t<div class=\"product-details-container\">\n<h3 class=\"product-title\">\n\t<a href=\"https:\/\/raptorcoatings.com\/es\/producto\/kit4botellas\/\">\n\t\tKit 4 Botellas\t<\/a>\n<\/h3>\n<div class=\"fusion-price-rating\">\n\n\t\t<\/div>\n\t<\/div>\n<\/div>\n\n\n\t<div class=\"product-buttons\">\n\t\t<div class=\"fusion-content-sep sep-none\"><\/div>\n\t\t<div class=\"product-buttons-container clearfix\">\n<span class=\"gtm4wp_productdata\" style=\"display:none; visibility:hidden;\" data-gtm4wp_product_data=\"{&quot;internal_id&quot;:57025,&quot;item_id&quot;:57025,&quot;item_name&quot;:&quot;Kit 4 Botellas&quot;,&quot;sku&quot;:&quot;UP0820&quot;,&quot;price&quot;:0,&quot;stocklevel&quot;:null,&quot;stockstatus&quot;:&quot;instock&quot;,&quot;google_business_vertical&quot;:&quot;retail&quot;,&quot;item_category&quot;:&quot;RAPTOR&quot;,&quot;id&quot;:57025,&quot;productlink&quot;:&quot;https:\\\/\\\/raptorcoatings.com\\\/es\\\/producto\\\/kit4botellas\\\/&quot;,&quot;item_list_name&quot;:&quot;Lista general de productos&quot;,&quot;index&quot;:2,&quot;product_type&quot;:&quot;simple&quot;,&quot;item_brand&quot;:&quot;&quot;}\"><\/span>\n<a href=\"https:\/\/raptorcoatings.com\/es\/producto\/kit4botellas\/\" class=\"show_details_button\" style=\"float:none;max-width:none;text-align:center;\">\n\tDetails<\/a>\n\n\n\t<\/div>\n\t<\/div>\n\n\t<\/div> <\/div>\n<\/li>\n<\/ul><\/div><div class=\"fusion-separator fusion-full-width-sep\" style=\"align-self: center;margin-left: auto;margin-right: auto;margin-bottom:50px;width:100%;\"><\/div><\/div><\/div><\/div><\/div>\n","protected":false},"excerpt":{"rendered":"<h1>Monstruo, Cami\u00f3n<\/h1>\n<p>Para proteger la caja de su camioneta, RAPTOR es la opci\u00f3n m\u00e1s sencilla y resistente. Y adem\u00e1s, elegante. La textura se cre\u00f3 con el kit de revestimiento RAPTOR para caja de camioneta, nuestro kit todo en uno para armar uno mismo. Su f\u00f3rmula de aplicaci\u00f3n en roll-on le permite controlar el grosor y la cobertura adecuados para su uso individual. Creemos que los resultados hablan por s\u00ed solos. Si busca resistencia 24\/7 para el camino, est\u00e1 en el lugar correcto. [fusion_image_before_after before_image=\"https:\/\/raptorcoatings.com\/wp-content\/uploads\/Raptor-2K-bedliner-before.jpg\" before_image_id=\"7589|full\" after_image=\"https:\/\/raptorcoatings.com\/wp-content\/uploads\/Raptor-2K-bedliner-after.jpg\" after_image_id=\"7580|full\" target=\"_self\" hide_on_mobile=\"small-visibility,medium-visibility,large-visibility\" handle_color=\"var(--awb-color3)\" max_width=\"500px\" animation_direction=\"left\" animation_speed=\"0.3\" animation_delay=\"0\"][\/fusion_image_before_after]<\/p>\n","protected":false},"featured_media":81700,"template":"","meta":[],"product_brand":[],"product_cat":[1234],"product_tag":[],"class_list":{"0":"post-74427","1":"product","2":"type-product","3":"status-publish","4":"has-post-thumbnail","6":"product_cat-project-es","8":"first","9":"instock","10":"shipping-taxable","11":"product-type-simple"},"gallery_images":[7589,7607,7517,7535,7544,7553,7562,7571,7580],"yoast_head":"<!-- This site is optimized with the Yoast SEO plugin v27.1.1 - https:\/\/yoast.com\/product\/yoast-seo-wordpress\/ -->\n<title>Monstruo, Cami\u00f3n - Raptortough<\/title>\n<meta name=\"robots\" content=\"index, follow, max-snippet:-1, max-image-preview:large, max-video-preview:-1\" \/>\n<link rel=\"canonical\" href=\"https:\/\/raptorcoatings.com\/es\/producto\/monster-truck\/\" \/>\n<meta property=\"og:locale\" content=\"es_ES\" \/>\n<meta property=\"og:type\" content=\"article\" \/>\n<meta property=\"og:title\" content=\"Monstruo, Cami\u00f3n - Raptortough\" \/>\n<meta property=\"og:description\" content=\"Monstruo, Cami\u00f3n Para proteger la caja de su camioneta, RAPTOR es la opci\u00f3n m\u00e1s sencilla y resistente. Y adem\u00e1s, elegante. La textura se cre\u00f3 con el kit de revestimiento RAPTOR para caja de camioneta, nuestro kit todo en uno para armar uno mismo. Su f\u00f3rmula de aplicaci\u00f3n en roll-on le permite controlar el grosor y la cobertura adecuados para su uso individual. Creemos que los resultados hablan por s\u00ed solos. Si busca resistencia 24\/7 para el camino, est\u00e1 en el lugar correcto.\" \/>\n<meta property=\"og:url\" content=\"https:\/\/raptorcoatings.com\/es\/producto\/monster-truck\/\" \/>\n<meta property=\"og:site_name\" content=\"Raptortough\" \/>\n<meta property=\"article:modified_time\" content=\"2025-04-22T09:22:41+00:00\" \/>\n<meta property=\"og:image\" content=\"https:\/\/raptorcoatings.com\/wp-content\/uploads\/Raptor-Caravan-3.png\" \/>\n\t<meta property=\"og:image:width\" content=\"1000\" \/>\n\t<meta property=\"og:image:height\" content=\"1000\" \/>\n\t<meta property=\"og:image:type\" content=\"image\/png\" \/>\n<meta name=\"twitter:card\" content=\"summary_large_image\" \/>\n<meta name=\"twitter:label1\" content=\"Tiempo de lectura\" \/>\n\t<meta name=\"twitter:data1\" content=\"2 minutos\" \/>\n<script type=\"application\/ld+json\" class=\"yoast-schema-graph\">{\"@context\":\"https:\/\/schema.org\",\"@graph\":[{\"@type\":\"WebPage\",\"@id\":\"https:\/\/raptorcoatings.com\/es\/producto\/monster-truck\/\",\"url\":\"https:\/\/raptorcoatings.com\/es\/producto\/monster-truck\/\",\"name\":\"Monstruo, Cami\u00f3n - Raptortough\",\"isPartOf\":{\"@id\":\"https:\/\/raptorcoatings.com\/es\/#website\"},\"primaryImageOfPage\":{\"@id\":\"https:\/\/raptorcoatings.com\/es\/producto\/monster-truck\/#primaryimage\"},\"image\":{\"@id\":\"https:\/\/raptorcoatings.com\/es\/producto\/monster-truck\/#primaryimage\"},\"thumbnailUrl\":\"https:\/\/raptorcoatings.com\/wp-content\/uploads\/Raptor-Caravan-3.png\",\"datePublished\":\"2023-02-02T16:10:17+00:00\",\"dateModified\":\"2025-04-22T09:22:41+00:00\",\"breadcrumb\":{\"@id\":\"https:\/\/raptorcoatings.com\/es\/producto\/monster-truck\/#breadcrumb\"},\"inLanguage\":\"es\",\"potentialAction\":[{\"@type\":\"ReadAction\",\"target\":[\"https:\/\/raptorcoatings.com\/es\/producto\/monster-truck\/\"]}]},{\"@type\":\"ImageObject\",\"inLanguage\":\"es\",\"@id\":\"https:\/\/raptorcoatings.com\/es\/producto\/monster-truck\/#primaryimage\",\"url\":\"https:\/\/raptorcoatings.com\/wp-content\/uploads\/Raptor-Caravan-3.png\",\"contentUrl\":\"https:\/\/raptorcoatings.com\/wp-content\/uploads\/Raptor-Caravan-3.png\",\"width\":1000,\"height\":1000},{\"@type\":\"BreadcrumbList\",\"@id\":\"https:\/\/raptorcoatings.com\/es\/producto\/monster-truck\/#breadcrumb\",\"itemListElement\":[{\"@type\":\"ListItem\",\"position\":1,\"name\":\"Home\",\"item\":\"https:\/\/raptorcoatings.com\/es\/\"},{\"@type\":\"ListItem\",\"position\":2,\"name\":\"Productos\",\"item\":\"https:\/\/raptorcoatings.com\/es\/products\/\"},{\"@type\":\"ListItem\",\"position\":3,\"name\":\"Monstruo, Cami\u00f3n\"}]},{\"@type\":\"WebSite\",\"@id\":\"https:\/\/raptorcoatings.com\/es\/#website\",\"url\":\"https:\/\/raptorcoatings.com\/es\/\",\"name\":\"Raptor Coatings\",\"description\":\"\",\"potentialAction\":[{\"@type\":\"SearchAction\",\"target\":{\"@type\":\"EntryPoint\",\"urlTemplate\":\"https:\/\/raptorcoatings.com\/es\/?s={search_term_string}\"},\"query-input\":{\"@type\":\"PropertyValueSpecification\",\"valueRequired\":true,\"valueName\":\"search_term_string\"}}],\"inLanguage\":\"es\"}]}<\/script>\n<!-- \/ Yoast SEO plugin. -->","yoast_head_json":{"title":"Monstruo, Cami\u00f3n - Raptortough","robots":{"index":"index","follow":"follow","max-snippet":"max-snippet:-1","max-image-preview":"max-image-preview:large","max-video-preview":"max-video-preview:-1"},"canonical":"https:\/\/raptorcoatings.com\/es\/producto\/monster-truck\/","og_locale":"es_ES","og_type":"article","og_title":"Monstruo, Cami\u00f3n - Raptortough","og_description":"Monstruo, Cami\u00f3n Para proteger la caja de su camioneta, RAPTOR es la opci\u00f3n m\u00e1s sencilla y resistente. Y adem\u00e1s, elegante. La textura se cre\u00f3 con el kit de revestimiento RAPTOR para caja de camioneta, nuestro kit todo en uno para armar uno mismo. Su f\u00f3rmula de aplicaci\u00f3n en roll-on le permite controlar el grosor y la cobertura adecuados para su uso individual. Creemos que los resultados hablan por s\u00ed solos. Si busca resistencia 24\/7 para el camino, est\u00e1 en el lugar correcto.","og_url":"https:\/\/raptorcoatings.com\/es\/producto\/monster-truck\/","og_site_name":"Raptortough","article_modified_time":"2025-04-22T09:22:41+00:00","og_image":[{"width":1000,"height":1000,"url":"https:\/\/raptorcoatings.com\/wp-content\/uploads\/Raptor-Caravan-3.png","type":"image\/png"}],"twitter_card":"summary_large_image","twitter_misc":{"Tiempo de lectura":"2 minutos"},"schema":{"@context":"https:\/\/schema.org","@graph":[{"@type":"WebPage","@id":"https:\/\/raptorcoatings.com\/es\/producto\/monster-truck\/","url":"https:\/\/raptorcoatings.com\/es\/producto\/monster-truck\/","name":"Monstruo, Cami\u00f3n - Raptortough","isPartOf":{"@id":"https:\/\/raptorcoatings.com\/es\/#website"},"primaryImageOfPage":{"@id":"https:\/\/raptorcoatings.com\/es\/producto\/monster-truck\/#primaryimage"},"image":{"@id":"https:\/\/raptorcoatings.com\/es\/producto\/monster-truck\/#primaryimage"},"thumbnailUrl":"https:\/\/raptorcoatings.com\/wp-content\/uploads\/Raptor-Caravan-3.png","datePublished":"2023-02-02T16:10:17+00:00","dateModified":"2025-04-22T09:22:41+00:00","breadcrumb":{"@id":"https:\/\/raptorcoatings.com\/es\/producto\/monster-truck\/#breadcrumb"},"inLanguage":"es","potentialAction":[{"@type":"ReadAction","target":["https:\/\/raptorcoatings.com\/es\/producto\/monster-truck\/"]}]},{"@type":"ImageObject","inLanguage":"es","@id":"https:\/\/raptorcoatings.com\/es\/producto\/monster-truck\/#primaryimage","url":"https:\/\/raptorcoatings.com\/wp-content\/uploads\/Raptor-Caravan-3.png","contentUrl":"https:\/\/raptorcoatings.com\/wp-content\/uploads\/Raptor-Caravan-3.png","width":1000,"height":1000},{"@type":"BreadcrumbList","@id":"https:\/\/raptorcoatings.com\/es\/producto\/monster-truck\/#breadcrumb","itemListElement":[{"@type":"ListItem","position":1,"name":"Home","item":"https:\/\/raptorcoatings.com\/es\/"},{"@type":"ListItem","position":2,"name":"Productos","item":"https:\/\/raptorcoatings.com\/es\/products\/"},{"@type":"ListItem","position":3,"name":"Monstruo, Cami\u00f3n"}]},{"@type":"WebSite","@id":"https:\/\/raptorcoatings.com\/es\/#website","url":"https:\/\/raptorcoatings.com\/es\/","name":"Raptor Coatings","description":"","potentialAction":[{"@type":"SearchAction","target":{"@type":"EntryPoint","urlTemplate":"https:\/\/raptorcoatings.com\/es\/?s={search_term_string}"},"query-input":{"@type":"PropertyValueSpecification","valueRequired":true,"valueName":"search_term_string"}}],"inLanguage":"es"}]}},"_links":{"self":[{"href":"https:\/\/raptorcoatings.com\/es\/wp-json\/wp\/v2\/product\/74427","targetHints":{"allow":["GET"]}}],"collection":[{"href":"https:\/\/raptorcoatings.com\/es\/wp-json\/wp\/v2\/product"}],"about":[{"href":"https:\/\/raptorcoatings.com\/es\/wp-json\/wp\/v2\/types\/product"}],"wp:featuredmedia":[{"embeddable":true,"href":"https:\/\/raptorcoatings.com\/es\/wp-json\/wp\/v2\/media\/81700"}],"wp:attachment":[{"href":"https:\/\/raptorcoatings.com\/es\/wp-json\/wp\/v2\/media?parent=74427"}],"wp:term":[{"taxonomy":"product_brand","embeddable":true,"href":"https:\/\/raptorcoatings.com\/es\/wp-json\/wp\/v2\/product_brand?post=74427"},{"taxonomy":"product_cat","embeddable":true,"href":"https:\/\/raptorcoatings.com\/es\/wp-json\/wp\/v2\/product_cat?post=74427"},{"taxonomy":"product_tag","embeddable":true,"href":"https:\/\/raptorcoatings.com\/es\/wp-json\/wp\/v2\/product_tag?post=74427"}],"curies":[{"name":"wp","href":"https:\/\/api.w.org\/{rel}","templated":true}]}}