{"id":73916,"date":"2023-01-16T12:25:29","date_gmt":"2023-01-16T12:25:29","guid":{"rendered":"https:\/\/raptorcoatings.com\/?post_type=product&#038;p=73916"},"modified":"2025-04-08T17:40:06","modified_gmt":"2025-04-08T17:40:06","slug":"raptor-2k-anti-corrosive-epoxy-primer-aerosol","status":"publish","type":"product","link":"https:\/\/raptorcoatings.com\/es\/producto\/raptor-2k-anti-corrosive-epoxy-primer-aerosol\/","title":{"rendered":"APAREJO EPOXI ANTIOXIDANTE RAPTOR"},"content":{"rendered":"<div class=\"fusion-fullwidth fullwidth-box fusion-builder-row-1 fusion-flex-container has-pattern-background has-mask-background nonhundred-percent-fullwidth non-hundred-percent-height-scrolling\" style=\"--awb-border-radius-top-left:0px;--awb-border-radius-top-right:0px;--awb-border-radius-bottom-right:0px;--awb-border-radius-bottom-left:0px;--awb-padding-top:50px;--awb-flex-wrap:wrap;\" ><div class=\"fusion-builder-row fusion-row fusion-flex-align-items-flex-start fusion-flex-justify-content-flex-end fusion-flex-content-wrap\" style=\"max-width:calc( 1640px + 12px );margin-left: calc(-12px \/ 2 );margin-right: calc(-12px \/ 2 );\"><div class=\"fusion-layout-column fusion_builder_column fusion-builder-column-0 fusion_builder_column_1_1 1_1 fusion-flex-column\" style=\"--awb-bg-size:cover;--awb-width-large:100%;--awb-margin-top-large:0px;--awb-spacing-right-large:6px;--awb-margin-bottom-large:20px;--awb-spacing-left-large:6px;--awb-width-medium:100%;--awb-order-medium:0;--awb-spacing-right-medium:6px;--awb-spacing-left-medium:6px;--awb-width-small:100%;--awb-order-small:0;--awb-spacing-right-small:6px;--awb-spacing-left-small:6px;\"><div class=\"fusion-column-wrapper fusion-column-has-shadow fusion-flex-justify-content-flex-start fusion-content-layout-column\">\n<div class=\"table-1\">\n<table width=\"100%\">\n<thead>\n<tr>\n<th align=\"left\">Codigo<\/th>\n<th align=\"left\">Descripci\u00f3n<\/th>\n<th align=\"left\">Color<\/th>\n<th align=\"left\">Por Caja<\/th>\n<th align=\"left\">Ficha t\u00e9cnica<\/th>\n<th align=\"left\">Ficha de datos de seguridad<\/th>\n<\/tr>\n<\/thead>\n<tbody>\n<tr>\n<td align=\"left\">REP\/AL<\/td>\n<td align=\"left\">Aerosol 400ml<\/td>\n<td align=\"left\">Beige<\/td>\n<td align=\"left\">6<\/td>\n<td align=\"left\"><a href=\"https:\/\/raptorcoatings.com\/wp-content\/uploads\/ES-REP_AL-TDS.pdf\" target=\"_blank\" rel=\"noopener\">REPAL-TDS<\/a><\/td>\n<td align=\"left\"><a href=\"https:\/\/raptorcoatings.com\/wp-content\/uploads\/REP_AL_RPTR_ES_es_390.pdf\">REPAL-SDS<\/a><\/td>\n<\/tr>\n<\/tbody>\n<\/table>\n<\/div>\n<div class=\"fusion-text fusion-text-1 fusion-no-medium-visibility fusion-no-large-visibility\"><p style=\"text-align: center;\"><span style=\"color: #ffffff; font-size: 16px;\"><strong>Swipe table<\/strong><\/span> <i class=\"fb-icon-element-1 fb-icon-element fontawesome-icon fa-hand-pointer fas circle-no fusion-text-flow\" style=\"--awb-font-size:20px;--awb-margin-right:10px;\"><\/i><\/p>\n<\/div>\n<\/div><\/div><\/div><\/div>\n","protected":false},"excerpt":{"rendered":"<p>El aparejo epoxi antioxidante RAPTOR es un aerosol 2K de alto rendimiento que ha sido formulado para usar con el recubrimiento de protecci\u00f3n RAPTOR para extender a\u00fan m\u00e1s las propiedades protectoras y anticorrosivas de RAPTOR. La tecnolog\u00eda de punta de su resina mejora la adherencia al metal desnudo y a la mayor\u00eda de las otras superficies preparadas. Contiene una mezcla de aditivos anticorrosivos para inhibir el \u00f3xido y la corrosi\u00f3n.<\/p>\n<p>\u2022 F\u00e1cil de usar: active con la v\u00e1lvula en la base<br \/>\n\u2022 Pr\u00e1ctico y conveniente<br \/>\n\u2022 Sin necesidad de equipo de pulverizaci\u00f3n<\/p>\n","protected":false},"featured_media":73949,"template":"","meta":[],"product_brand":[],"product_cat":[1236,1232,1233,1235],"product_tag":[],"class_list":{"0":"post-73916","1":"product","2":"type-product","3":"status-publish","4":"has-post-thumbnail","6":"product_cat-2k-aerosol-es","7":"product_cat-primers-es","8":"product_cat-product-es","9":"product_cat-raptor-es","11":"first","12":"instock","13":"shipping-taxable","14":"product-type-simple"},"gallery_images":[6543],"yoast_head":"<!-- This site is optimized with the Yoast SEO plugin v27.1.1 - https:\/\/yoast.com\/product\/yoast-seo-wordpress\/ -->\n<title>APAREJO EPOXI ANTIOXIDANTE RAPTOR - Raptortough<\/title>\n<meta name=\"robots\" content=\"index, follow, max-snippet:-1, max-image-preview:large, max-video-preview:-1\" \/>\n<link rel=\"canonical\" href=\"https:\/\/raptorcoatings.com\/es\/producto\/raptor-2k-anti-corrosive-epoxy-primer-aerosol\/\" \/>\n<meta property=\"og:locale\" content=\"es_ES\" \/>\n<meta property=\"og:type\" content=\"article\" \/>\n<meta property=\"og:title\" content=\"APAREJO EPOXI ANTIOXIDANTE RAPTOR - Raptortough\" \/>\n<meta property=\"og:description\" content=\"El aparejo epoxi antioxidante RAPTOR es un aerosol 2K de alto rendimiento que ha sido formulado para usar con el recubrimiento de protecci\u00f3n RAPTOR para extender a\u00fan m\u00e1s las propiedades protectoras y anticorrosivas de RAPTOR. La tecnolog\u00eda de punta de su resina mejora la adherencia al metal desnudo y a la mayor\u00eda de las otras superficies preparadas. Contiene una mezcla de aditivos anticorrosivos para inhibir el \u00f3xido y la corrosi\u00f3n.  \u2022 F\u00e1cil de usar: active con la v\u00e1lvula en la base \u2022 Pr\u00e1ctico y conveniente \u2022 Sin necesidad de equipo de pulverizaci\u00f3n\" \/>\n<meta property=\"og:url\" content=\"https:\/\/raptorcoatings.com\/es\/producto\/raptor-2k-anti-corrosive-epoxy-primer-aerosol\/\" \/>\n<meta property=\"og:site_name\" content=\"Raptortough\" \/>\n<meta property=\"article:modified_time\" content=\"2025-04-08T17:40:06+00:00\" \/>\n<meta property=\"og:image\" content=\"https:\/\/raptorcoatings.com\/wp-content\/uploads\/Untitled-design-24-1.png\" \/>\n\t<meta property=\"og:image:width\" content=\"1200\" \/>\n\t<meta property=\"og:image:height\" content=\"1200\" \/>\n\t<meta property=\"og:image:type\" content=\"image\/png\" \/>\n<meta name=\"twitter:card\" content=\"summary_large_image\" \/>\n<meta name=\"twitter:label1\" content=\"Tiempo de lectura\" \/>\n\t<meta name=\"twitter:data1\" content=\"1 minuto\" \/>\n<script type=\"application\/ld+json\" class=\"yoast-schema-graph\">{\"@context\":\"https:\/\/schema.org\",\"@graph\":[{\"@type\":\"WebPage\",\"@id\":\"https:\/\/raptorcoatings.com\/es\/producto\/raptor-2k-anti-corrosive-epoxy-primer-aerosol\/\",\"url\":\"https:\/\/raptorcoatings.com\/es\/producto\/raptor-2k-anti-corrosive-epoxy-primer-aerosol\/\",\"name\":\"APAREJO EPOXI ANTIOXIDANTE RAPTOR - Raptortough\",\"isPartOf\":{\"@id\":\"https:\/\/raptorcoatings.com\/es\/#website\"},\"primaryImageOfPage\":{\"@id\":\"https:\/\/raptorcoatings.com\/es\/producto\/raptor-2k-anti-corrosive-epoxy-primer-aerosol\/#primaryimage\"},\"image\":{\"@id\":\"https:\/\/raptorcoatings.com\/es\/producto\/raptor-2k-anti-corrosive-epoxy-primer-aerosol\/#primaryimage\"},\"thumbnailUrl\":\"https:\/\/raptorcoatings.com\/wp-content\/uploads\/Untitled-design-24-1.png\",\"datePublished\":\"2023-01-16T12:25:29+00:00\",\"dateModified\":\"2025-04-08T17:40:06+00:00\",\"breadcrumb\":{\"@id\":\"https:\/\/raptorcoatings.com\/es\/producto\/raptor-2k-anti-corrosive-epoxy-primer-aerosol\/#breadcrumb\"},\"inLanguage\":\"es\",\"potentialAction\":[{\"@type\":\"ReadAction\",\"target\":[\"https:\/\/raptorcoatings.com\/es\/producto\/raptor-2k-anti-corrosive-epoxy-primer-aerosol\/\"]}]},{\"@type\":\"ImageObject\",\"inLanguage\":\"es\",\"@id\":\"https:\/\/raptorcoatings.com\/es\/producto\/raptor-2k-anti-corrosive-epoxy-primer-aerosol\/#primaryimage\",\"url\":\"https:\/\/raptorcoatings.com\/wp-content\/uploads\/Untitled-design-24-1.png\",\"contentUrl\":\"https:\/\/raptorcoatings.com\/wp-content\/uploads\/Untitled-design-24-1.png\",\"width\":1200,\"height\":1200},{\"@type\":\"BreadcrumbList\",\"@id\":\"https:\/\/raptorcoatings.com\/es\/producto\/raptor-2k-anti-corrosive-epoxy-primer-aerosol\/#breadcrumb\",\"itemListElement\":[{\"@type\":\"ListItem\",\"position\":1,\"name\":\"Home\",\"item\":\"https:\/\/raptorcoatings.com\/es\/\"},{\"@type\":\"ListItem\",\"position\":2,\"name\":\"Productos\",\"item\":\"https:\/\/raptorcoatings.com\/es\/products\/\"},{\"@type\":\"ListItem\",\"position\":3,\"name\":\"APAREJO EPOXI ANTIOXIDANTE RAPTOR\"}]},{\"@type\":\"WebSite\",\"@id\":\"https:\/\/raptorcoatings.com\/es\/#website\",\"url\":\"https:\/\/raptorcoatings.com\/es\/\",\"name\":\"Raptor Coatings\",\"description\":\"\",\"potentialAction\":[{\"@type\":\"SearchAction\",\"target\":{\"@type\":\"EntryPoint\",\"urlTemplate\":\"https:\/\/raptorcoatings.com\/es\/?s={search_term_string}\"},\"query-input\":{\"@type\":\"PropertyValueSpecification\",\"valueRequired\":true,\"valueName\":\"search_term_string\"}}],\"inLanguage\":\"es\"}]}<\/script>\n<!-- \/ Yoast SEO plugin. -->","yoast_head_json":{"title":"APAREJO EPOXI ANTIOXIDANTE RAPTOR - Raptortough","robots":{"index":"index","follow":"follow","max-snippet":"max-snippet:-1","max-image-preview":"max-image-preview:large","max-video-preview":"max-video-preview:-1"},"canonical":"https:\/\/raptorcoatings.com\/es\/producto\/raptor-2k-anti-corrosive-epoxy-primer-aerosol\/","og_locale":"es_ES","og_type":"article","og_title":"APAREJO EPOXI ANTIOXIDANTE RAPTOR - Raptortough","og_description":"El aparejo epoxi antioxidante RAPTOR es un aerosol 2K de alto rendimiento que ha sido formulado para usar con el recubrimiento de protecci\u00f3n RAPTOR para extender a\u00fan m\u00e1s las propiedades protectoras y anticorrosivas de RAPTOR. La tecnolog\u00eda de punta de su resina mejora la adherencia al metal desnudo y a la mayor\u00eda de las otras superficies preparadas. Contiene una mezcla de aditivos anticorrosivos para inhibir el \u00f3xido y la corrosi\u00f3n.  \u2022 F\u00e1cil de usar: active con la v\u00e1lvula en la base \u2022 Pr\u00e1ctico y conveniente \u2022 Sin necesidad de equipo de pulverizaci\u00f3n","og_url":"https:\/\/raptorcoatings.com\/es\/producto\/raptor-2k-anti-corrosive-epoxy-primer-aerosol\/","og_site_name":"Raptortough","article_modified_time":"2025-04-08T17:40:06+00:00","og_image":[{"width":1200,"height":1200,"url":"https:\/\/raptorcoatings.com\/wp-content\/uploads\/Untitled-design-24-1.png","type":"image\/png"}],"twitter_card":"summary_large_image","twitter_misc":{"Tiempo de lectura":"1 minuto"},"schema":{"@context":"https:\/\/schema.org","@graph":[{"@type":"WebPage","@id":"https:\/\/raptorcoatings.com\/es\/producto\/raptor-2k-anti-corrosive-epoxy-primer-aerosol\/","url":"https:\/\/raptorcoatings.com\/es\/producto\/raptor-2k-anti-corrosive-epoxy-primer-aerosol\/","name":"APAREJO EPOXI ANTIOXIDANTE RAPTOR - Raptortough","isPartOf":{"@id":"https:\/\/raptorcoatings.com\/es\/#website"},"primaryImageOfPage":{"@id":"https:\/\/raptorcoatings.com\/es\/producto\/raptor-2k-anti-corrosive-epoxy-primer-aerosol\/#primaryimage"},"image":{"@id":"https:\/\/raptorcoatings.com\/es\/producto\/raptor-2k-anti-corrosive-epoxy-primer-aerosol\/#primaryimage"},"thumbnailUrl":"https:\/\/raptorcoatings.com\/wp-content\/uploads\/Untitled-design-24-1.png","datePublished":"2023-01-16T12:25:29+00:00","dateModified":"2025-04-08T17:40:06+00:00","breadcrumb":{"@id":"https:\/\/raptorcoatings.com\/es\/producto\/raptor-2k-anti-corrosive-epoxy-primer-aerosol\/#breadcrumb"},"inLanguage":"es","potentialAction":[{"@type":"ReadAction","target":["https:\/\/raptorcoatings.com\/es\/producto\/raptor-2k-anti-corrosive-epoxy-primer-aerosol\/"]}]},{"@type":"ImageObject","inLanguage":"es","@id":"https:\/\/raptorcoatings.com\/es\/producto\/raptor-2k-anti-corrosive-epoxy-primer-aerosol\/#primaryimage","url":"https:\/\/raptorcoatings.com\/wp-content\/uploads\/Untitled-design-24-1.png","contentUrl":"https:\/\/raptorcoatings.com\/wp-content\/uploads\/Untitled-design-24-1.png","width":1200,"height":1200},{"@type":"BreadcrumbList","@id":"https:\/\/raptorcoatings.com\/es\/producto\/raptor-2k-anti-corrosive-epoxy-primer-aerosol\/#breadcrumb","itemListElement":[{"@type":"ListItem","position":1,"name":"Home","item":"https:\/\/raptorcoatings.com\/es\/"},{"@type":"ListItem","position":2,"name":"Productos","item":"https:\/\/raptorcoatings.com\/es\/products\/"},{"@type":"ListItem","position":3,"name":"APAREJO EPOXI ANTIOXIDANTE RAPTOR"}]},{"@type":"WebSite","@id":"https:\/\/raptorcoatings.com\/es\/#website","url":"https:\/\/raptorcoatings.com\/es\/","name":"Raptor Coatings","description":"","potentialAction":[{"@type":"SearchAction","target":{"@type":"EntryPoint","urlTemplate":"https:\/\/raptorcoatings.com\/es\/?s={search_term_string}"},"query-input":{"@type":"PropertyValueSpecification","valueRequired":true,"valueName":"search_term_string"}}],"inLanguage":"es"}]}},"_links":{"self":[{"href":"https:\/\/raptorcoatings.com\/es\/wp-json\/wp\/v2\/product\/73916","targetHints":{"allow":["GET"]}}],"collection":[{"href":"https:\/\/raptorcoatings.com\/es\/wp-json\/wp\/v2\/product"}],"about":[{"href":"https:\/\/raptorcoatings.com\/es\/wp-json\/wp\/v2\/types\/product"}],"wp:featuredmedia":[{"embeddable":true,"href":"https:\/\/raptorcoatings.com\/es\/wp-json\/wp\/v2\/media\/73949"}],"wp:attachment":[{"href":"https:\/\/raptorcoatings.com\/es\/wp-json\/wp\/v2\/media?parent=73916"}],"wp:term":[{"taxonomy":"product_brand","embeddable":true,"href":"https:\/\/raptorcoatings.com\/es\/wp-json\/wp\/v2\/product_brand?post=73916"},{"taxonomy":"product_cat","embeddable":true,"href":"https:\/\/raptorcoatings.com\/es\/wp-json\/wp\/v2\/product_cat?post=73916"},{"taxonomy":"product_tag","embeddable":true,"href":"https:\/\/raptorcoatings.com\/es\/wp-json\/wp\/v2\/product_tag?post=73916"}],"curies":[{"name":"wp","href":"https:\/\/api.w.org\/{rel}","templated":true}]}}