{"id":57298,"date":"2024-08-27T10:56:50","date_gmt":"2024-08-27T10:56:50","guid":{"rendered":"https:\/\/raptorcoatings.com\/product\/esmalte-para-pinzas-de-freno-raptor\/"},"modified":"2025-06-19T15:27:50","modified_gmt":"2025-06-19T15:27:50","slug":"esmalte-para-pinzas-de-freno-raptor","status":"publish","type":"product","link":"https:\/\/raptorcoatings.com\/es\/producto\/esmalte-para-pinzas-de-freno-raptor\/","title":{"rendered":"ESMALTE PARA PINZAS DE FRENO RAPTOR"},"content":{"rendered":"<div class=\"fusion-fullwidth fullwidth-box fusion-builder-row-1 fusion-flex-container has-pattern-background has-mask-background nonhundred-percent-fullwidth non-hundred-percent-height-scrolling\" style=\"--awb-border-radius-top-left:0px;--awb-border-radius-top-right:0px;--awb-border-radius-bottom-right:0px;--awb-border-radius-bottom-left:0px;--awb-padding-top:50px;--awb-padding-right:0px;--awb-padding-bottom:0px;--awb-padding-left:0px;--awb-flex-wrap:wrap;\" ><div class=\"fusion-builder-row fusion-row fusion-flex-align-items-flex-start fusion-flex-justify-content-flex-end fusion-flex-content-wrap\" style=\"max-width:calc( 1640px + 12px );margin-left: calc(-12px \/ 2 );margin-right: calc(-12px \/ 2 );\"><div class=\"fusion-layout-column fusion_builder_column fusion-builder-column-0 fusion_builder_column_1_1 1_1 fusion-flex-column\" style=\"--awb-bg-size:cover;--awb-width-large:100%;--awb-margin-top-large:0px;--awb-spacing-right-large:6px;--awb-margin-bottom-large:20px;--awb-spacing-left-large:6px;--awb-width-medium:100%;--awb-order-medium:0;--awb-spacing-right-medium:6px;--awb-spacing-left-medium:6px;--awb-width-small:100%;--awb-order-small:0;--awb-spacing-right-small:6px;--awb-spacing-left-small:6px;\"><div class=\"fusion-column-wrapper fusion-column-has-shadow fusion-flex-justify-content-flex-start fusion-content-layout-column\">\n<div class=\"table-1 productTable\">\n<table width=\"100%\">\n<thead>\n<tr>\n<th align=\"left\">C\u00f3digo<\/th>\n<th align=\"left\">Descripci\u00f3n<\/th>\n<th align=\"left\">Color<\/th>\n<th align=\"left\">Por Caja<\/th>\n<th align=\"left\">Ficha t\u00e9cnica<\/th>\n<th align=\"left\">Ficha de datos de seguridad<\/th>\n<\/tr>\n<\/thead>\n<tbody>\n<tr>\n<td align=\"left\">RCESB\/AL<\/td>\n<td align=\"left\">Aerosol de 360 ml (295 g)<\/td>\n<td align=\"left\">Negro satinado<\/td>\n<td align=\"left\">12<\/td>\n<td align=\"left\"><a href=\"https:\/\/raptorcoatings.com\/wp-content\/uploads\/ES-RCE.pdf\">RCESB\/AL-TDS-ES<\/a><\/td>\n<td align=\"left\"><a href=\"https:\/\/raptorcoatings.com\/wp-content\/uploads\/RCESBAL_RPTR_ES_es_390-1.pdf\">RCESB\/AL-SDS-ES<\/a><\/td>\n<\/tr>\n<tr>\n<td align=\"left\">RCERR\/AL<\/td>\n<td align=\"left\">Aerosol de 357 ml (295 g)<\/td>\n<td align=\"left\">Rojo real<\/td>\n<td align=\"left\">12<\/td>\n<td align=\"left\"><a href=\"https:\/\/raptorcoatings.com\/wp-content\/uploads\/ES-RCE.pdf\">RCERR\/AL-TDS-ES<\/a><\/td>\n<td align=\"left\"><a href=\"https:\/\/raptorcoatings.com\/wp-content\/uploads\/RCERRAL_RPTR_ES_es_390-1.pdf\">RCERR\/AL-SDS-ES<\/a><\/td>\n<\/tr>\n<\/tbody>\n<\/table>\n<\/div>\n<div class=\"fusion-text fusion-text-1 fusion-no-medium-visibility fusion-no-large-visibility\"><p style=\"text-align: center;\"><span style=\"color: #ffffff; font-size: 16px;\"><strong>Swipe table<\/strong><\/span> <i class=\"fb-icon-element-1 fb-icon-element fontawesome-icon fa-hand-pointer fas circle-no fusion-text-flow\" style=\"--awb-font-size:20px;--awb-margin-right:10px;\"><\/i><\/p>\n<\/div>\n<div class=\"fusion-text fusion-text-2\"><\/div><\/div><\/div><\/div><\/div>\n","protected":false},"excerpt":{"rendered":"<p>Un esmalte de calidad profesional, ideal para personalizar y prolongar la vida \u00fatil de las pinzas de freno. El esmalte para pinzas de freno RAPTOR contiene resinas cer\u00e1micas que resisten temperaturas de hasta 500\u00b0C y es 5 veces m\u00e1s resistente que las pinturas ordinarias, para proporcionar una protecci\u00f3n superior contra impactos, calor, polvo de frenos, fluidos automotrices y corrosi\u00f3n. Es f\u00e1cil de usar y se seca r\u00e1pidamente, proporcionando un acabado atractivo y suave con una excelente adherencia que no se ampolla, descascara, agrieta ni pela. Tambi\u00e9n es autoimprimante, por lo que se puede usar directamente sobre la mayor\u00eda de los metales preparados sin necesidad de una imprimaci\u00f3n.<br \/>\n\u2022 Tecnolog\u00eda cer\u00e1mica avanzada \u2013 resistente al calor hasta 500\u00b0C<br \/>\n\u2022 Acabado de alto brillo<br \/>\n\u2022 Resistencia superior a la corrosi\u00f3n<br \/>\n\u2022 5 veces m\u00e1s resistente que las pinturas ordinarias<br \/>\n\u2022 Directamente sobre el metal \u2013 no necesita imprimaci\u00f3n<br \/>\n\u2022 Boquilla sin obstrucciones \u2013 ideal para recubrir pinzas de freno<\/p>\n","protected":false},"featured_media":77066,"template":"","meta":[],"product_brand":[],"product_cat":[1229,1235],"product_tag":[],"class_list":{"0":"post-57298","1":"product","2":"type-product","3":"status-publish","4":"has-post-thumbnail","6":"product_cat-high-heat-es","7":"product_cat-raptor-es","9":"first","10":"instock","11":"shipping-taxable","12":"product-type-simple"},"gallery_images":[46150],"yoast_head":"<!-- This site is optimized with the Yoast SEO plugin v27.1.1 - https:\/\/yoast.com\/product\/yoast-seo-wordpress\/ -->\n<title>ESMALTE PARA PINZAS DE FRENO RAPTOR - Raptortough<\/title>\n<meta name=\"robots\" content=\"index, follow, max-snippet:-1, max-image-preview:large, max-video-preview:-1\" \/>\n<link rel=\"canonical\" href=\"https:\/\/raptorcoatings.com\/es\/producto\/esmalte-para-pinzas-de-freno-raptor\/\" \/>\n<meta property=\"og:locale\" content=\"es_ES\" \/>\n<meta property=\"og:type\" content=\"article\" \/>\n<meta property=\"og:title\" content=\"ESMALTE PARA PINZAS DE FRENO RAPTOR - Raptortough\" \/>\n<meta property=\"og:description\" content=\"Un esmalte de calidad profesional, ideal para personalizar y prolongar la vida \u00fatil de las pinzas de freno. El esmalte para pinzas de freno RAPTOR contiene resinas cer\u00e1micas que resisten temperaturas de hasta 500\u00b0C y es 5 veces m\u00e1s resistente que las pinturas ordinarias, para proporcionar una protecci\u00f3n superior contra impactos, calor, polvo de frenos, fluidos automotrices y corrosi\u00f3n. Es f\u00e1cil de usar y se seca r\u00e1pidamente, proporcionando un acabado atractivo y suave con una excelente adherencia que no se ampolla, descascara, agrieta ni pela. Tambi\u00e9n es autoimprimante, por lo que se puede usar directamente sobre la mayor\u00eda de los metales preparados sin necesidad de una imprimaci\u00f3n. \u2022 Tecnolog\u00eda cer\u00e1mica avanzada \u2013 resistente al calor hasta 500\u00b0C \u2022 Acabado de alto brillo \u2022 Resistencia superior a la corrosi\u00f3n \u2022 5 veces m\u00e1s resistente que las pinturas ordinarias \u2022 Directamente sobre el metal \u2013 no necesita imprimaci\u00f3n \u2022 Boquilla sin obstrucciones \u2013 ideal para recubrir pinzas de freno\" \/>\n<meta property=\"og:url\" content=\"https:\/\/raptorcoatings.com\/es\/producto\/esmalte-para-pinzas-de-freno-raptor\/\" \/>\n<meta property=\"og:site_name\" content=\"Raptortough\" \/>\n<meta property=\"article:modified_time\" content=\"2025-06-19T15:27:50+00:00\" \/>\n<meta property=\"og:image\" content=\"https:\/\/raptorcoatings.com\/wp-content\/uploads\/Caliper-Enamel.png\" \/>\n\t<meta property=\"og:image:width\" content=\"1200\" \/>\n\t<meta property=\"og:image:height\" content=\"1200\" \/>\n\t<meta property=\"og:image:type\" content=\"image\/png\" \/>\n<meta name=\"twitter:card\" content=\"summary_large_image\" \/>\n<meta name=\"twitter:label1\" content=\"Tiempo de lectura\" \/>\n\t<meta name=\"twitter:data1\" content=\"1 minuto\" \/>\n<script type=\"application\/ld+json\" class=\"yoast-schema-graph\">{\"@context\":\"https:\/\/schema.org\",\"@graph\":[{\"@type\":\"WebPage\",\"@id\":\"https:\/\/raptorcoatings.com\/es\/producto\/esmalte-para-pinzas-de-freno-raptor\/\",\"url\":\"https:\/\/raptorcoatings.com\/es\/producto\/esmalte-para-pinzas-de-freno-raptor\/\",\"name\":\"ESMALTE PARA PINZAS DE FRENO RAPTOR - Raptortough\",\"isPartOf\":{\"@id\":\"https:\/\/raptorcoatings.com\/es\/#website\"},\"primaryImageOfPage\":{\"@id\":\"https:\/\/raptorcoatings.com\/es\/producto\/esmalte-para-pinzas-de-freno-raptor\/#primaryimage\"},\"image\":{\"@id\":\"https:\/\/raptorcoatings.com\/es\/producto\/esmalte-para-pinzas-de-freno-raptor\/#primaryimage\"},\"thumbnailUrl\":\"https:\/\/raptorcoatings.com\/wp-content\/uploads\/Caliper-Enamel.png\",\"datePublished\":\"2024-08-27T10:56:50+00:00\",\"dateModified\":\"2025-06-19T15:27:50+00:00\",\"breadcrumb\":{\"@id\":\"https:\/\/raptorcoatings.com\/es\/producto\/esmalte-para-pinzas-de-freno-raptor\/#breadcrumb\"},\"inLanguage\":\"es\",\"potentialAction\":[{\"@type\":\"ReadAction\",\"target\":[\"https:\/\/raptorcoatings.com\/es\/producto\/esmalte-para-pinzas-de-freno-raptor\/\"]}]},{\"@type\":\"ImageObject\",\"inLanguage\":\"es\",\"@id\":\"https:\/\/raptorcoatings.com\/es\/producto\/esmalte-para-pinzas-de-freno-raptor\/#primaryimage\",\"url\":\"https:\/\/raptorcoatings.com\/wp-content\/uploads\/Caliper-Enamel.png\",\"contentUrl\":\"https:\/\/raptorcoatings.com\/wp-content\/uploads\/Caliper-Enamel.png\",\"width\":1200,\"height\":1200},{\"@type\":\"BreadcrumbList\",\"@id\":\"https:\/\/raptorcoatings.com\/es\/producto\/esmalte-para-pinzas-de-freno-raptor\/#breadcrumb\",\"itemListElement\":[{\"@type\":\"ListItem\",\"position\":1,\"name\":\"Home\",\"item\":\"https:\/\/raptorcoatings.com\/es\/\"},{\"@type\":\"ListItem\",\"position\":2,\"name\":\"Productos\",\"item\":\"https:\/\/raptorcoatings.com\/es\/products\/\"},{\"@type\":\"ListItem\",\"position\":3,\"name\":\"ESMALTE PARA PINZAS DE FRENO RAPTOR\"}]},{\"@type\":\"WebSite\",\"@id\":\"https:\/\/raptorcoatings.com\/es\/#website\",\"url\":\"https:\/\/raptorcoatings.com\/es\/\",\"name\":\"Raptor Coatings\",\"description\":\"\",\"potentialAction\":[{\"@type\":\"SearchAction\",\"target\":{\"@type\":\"EntryPoint\",\"urlTemplate\":\"https:\/\/raptorcoatings.com\/es\/?s={search_term_string}\"},\"query-input\":{\"@type\":\"PropertyValueSpecification\",\"valueRequired\":true,\"valueName\":\"search_term_string\"}}],\"inLanguage\":\"es\"}]}<\/script>\n<!-- \/ Yoast SEO plugin. -->","yoast_head_json":{"title":"ESMALTE PARA PINZAS DE FRENO RAPTOR - Raptortough","robots":{"index":"index","follow":"follow","max-snippet":"max-snippet:-1","max-image-preview":"max-image-preview:large","max-video-preview":"max-video-preview:-1"},"canonical":"https:\/\/raptorcoatings.com\/es\/producto\/esmalte-para-pinzas-de-freno-raptor\/","og_locale":"es_ES","og_type":"article","og_title":"ESMALTE PARA PINZAS DE FRENO RAPTOR - Raptortough","og_description":"Un esmalte de calidad profesional, ideal para personalizar y prolongar la vida \u00fatil de las pinzas de freno. El esmalte para pinzas de freno RAPTOR contiene resinas cer\u00e1micas que resisten temperaturas de hasta 500\u00b0C y es 5 veces m\u00e1s resistente que las pinturas ordinarias, para proporcionar una protecci\u00f3n superior contra impactos, calor, polvo de frenos, fluidos automotrices y corrosi\u00f3n. Es f\u00e1cil de usar y se seca r\u00e1pidamente, proporcionando un acabado atractivo y suave con una excelente adherencia que no se ampolla, descascara, agrieta ni pela. Tambi\u00e9n es autoimprimante, por lo que se puede usar directamente sobre la mayor\u00eda de los metales preparados sin necesidad de una imprimaci\u00f3n. \u2022 Tecnolog\u00eda cer\u00e1mica avanzada \u2013 resistente al calor hasta 500\u00b0C \u2022 Acabado de alto brillo \u2022 Resistencia superior a la corrosi\u00f3n \u2022 5 veces m\u00e1s resistente que las pinturas ordinarias \u2022 Directamente sobre el metal \u2013 no necesita imprimaci\u00f3n \u2022 Boquilla sin obstrucciones \u2013 ideal para recubrir pinzas de freno","og_url":"https:\/\/raptorcoatings.com\/es\/producto\/esmalte-para-pinzas-de-freno-raptor\/","og_site_name":"Raptortough","article_modified_time":"2025-06-19T15:27:50+00:00","og_image":[{"width":1200,"height":1200,"url":"https:\/\/raptorcoatings.com\/wp-content\/uploads\/Caliper-Enamel.png","type":"image\/png"}],"twitter_card":"summary_large_image","twitter_misc":{"Tiempo de lectura":"1 minuto"},"schema":{"@context":"https:\/\/schema.org","@graph":[{"@type":"WebPage","@id":"https:\/\/raptorcoatings.com\/es\/producto\/esmalte-para-pinzas-de-freno-raptor\/","url":"https:\/\/raptorcoatings.com\/es\/producto\/esmalte-para-pinzas-de-freno-raptor\/","name":"ESMALTE PARA PINZAS DE FRENO RAPTOR - Raptortough","isPartOf":{"@id":"https:\/\/raptorcoatings.com\/es\/#website"},"primaryImageOfPage":{"@id":"https:\/\/raptorcoatings.com\/es\/producto\/esmalte-para-pinzas-de-freno-raptor\/#primaryimage"},"image":{"@id":"https:\/\/raptorcoatings.com\/es\/producto\/esmalte-para-pinzas-de-freno-raptor\/#primaryimage"},"thumbnailUrl":"https:\/\/raptorcoatings.com\/wp-content\/uploads\/Caliper-Enamel.png","datePublished":"2024-08-27T10:56:50+00:00","dateModified":"2025-06-19T15:27:50+00:00","breadcrumb":{"@id":"https:\/\/raptorcoatings.com\/es\/producto\/esmalte-para-pinzas-de-freno-raptor\/#breadcrumb"},"inLanguage":"es","potentialAction":[{"@type":"ReadAction","target":["https:\/\/raptorcoatings.com\/es\/producto\/esmalte-para-pinzas-de-freno-raptor\/"]}]},{"@type":"ImageObject","inLanguage":"es","@id":"https:\/\/raptorcoatings.com\/es\/producto\/esmalte-para-pinzas-de-freno-raptor\/#primaryimage","url":"https:\/\/raptorcoatings.com\/wp-content\/uploads\/Caliper-Enamel.png","contentUrl":"https:\/\/raptorcoatings.com\/wp-content\/uploads\/Caliper-Enamel.png","width":1200,"height":1200},{"@type":"BreadcrumbList","@id":"https:\/\/raptorcoatings.com\/es\/producto\/esmalte-para-pinzas-de-freno-raptor\/#breadcrumb","itemListElement":[{"@type":"ListItem","position":1,"name":"Home","item":"https:\/\/raptorcoatings.com\/es\/"},{"@type":"ListItem","position":2,"name":"Productos","item":"https:\/\/raptorcoatings.com\/es\/products\/"},{"@type":"ListItem","position":3,"name":"ESMALTE PARA PINZAS DE FRENO RAPTOR"}]},{"@type":"WebSite","@id":"https:\/\/raptorcoatings.com\/es\/#website","url":"https:\/\/raptorcoatings.com\/es\/","name":"Raptor Coatings","description":"","potentialAction":[{"@type":"SearchAction","target":{"@type":"EntryPoint","urlTemplate":"https:\/\/raptorcoatings.com\/es\/?s={search_term_string}"},"query-input":{"@type":"PropertyValueSpecification","valueRequired":true,"valueName":"search_term_string"}}],"inLanguage":"es"}]}},"_links":{"self":[{"href":"https:\/\/raptorcoatings.com\/es\/wp-json\/wp\/v2\/product\/57298","targetHints":{"allow":["GET"]}}],"collection":[{"href":"https:\/\/raptorcoatings.com\/es\/wp-json\/wp\/v2\/product"}],"about":[{"href":"https:\/\/raptorcoatings.com\/es\/wp-json\/wp\/v2\/types\/product"}],"wp:featuredmedia":[{"embeddable":true,"href":"https:\/\/raptorcoatings.com\/es\/wp-json\/wp\/v2\/media\/77066"}],"wp:attachment":[{"href":"https:\/\/raptorcoatings.com\/es\/wp-json\/wp\/v2\/media?parent=57298"}],"wp:term":[{"taxonomy":"product_brand","embeddable":true,"href":"https:\/\/raptorcoatings.com\/es\/wp-json\/wp\/v2\/product_brand?post=57298"},{"taxonomy":"product_cat","embeddable":true,"href":"https:\/\/raptorcoatings.com\/es\/wp-json\/wp\/v2\/product_cat?post=57298"},{"taxonomy":"product_tag","embeddable":true,"href":"https:\/\/raptorcoatings.com\/es\/wp-json\/wp\/v2\/product_tag?post=57298"}],"curies":[{"name":"wp","href":"https:\/\/api.w.org\/{rel}","templated":true}]}}