{"id":57295,"date":"2024-08-27T09:38:18","date_gmt":"2024-08-27T09:38:18","guid":{"rendered":"https:\/\/raptorcoatings.com\/product\/pintura-para-ruedas-raptor\/"},"modified":"2025-06-19T15:30:19","modified_gmt":"2025-06-19T15:30:19","slug":"pintura-para-ruedas-raptor","status":"publish","type":"product","link":"https:\/\/raptorcoatings.com\/es\/producto\/pintura-para-ruedas-raptor\/","title":{"rendered":"Pintura para llantas RAPTOR"},"content":{"rendered":"<div class=\"fusion-fullwidth fullwidth-box fusion-builder-row-1 fusion-flex-container has-pattern-background has-mask-background nonhundred-percent-fullwidth non-hundred-percent-height-scrolling\" style=\"--awb-border-radius-top-left:0px;--awb-border-radius-top-right:0px;--awb-border-radius-bottom-right:0px;--awb-border-radius-bottom-left:0px;--awb-padding-top:50px;--awb-padding-right:0px;--awb-padding-bottom:0px;--awb-padding-left:0px;--awb-flex-wrap:wrap;\" ><div class=\"fusion-builder-row fusion-row fusion-flex-align-items-flex-start fusion-flex-justify-content-flex-end fusion-flex-content-wrap\" style=\"max-width:calc( 1640px + 12px );margin-left: calc(-12px \/ 2 );margin-right: calc(-12px \/ 2 );\"><div class=\"fusion-layout-column fusion_builder_column fusion-builder-column-0 fusion_builder_column_1_1 1_1 fusion-flex-column\" style=\"--awb-bg-size:cover;--awb-width-large:100%;--awb-margin-top-large:0px;--awb-spacing-right-large:6px;--awb-margin-bottom-large:20px;--awb-spacing-left-large:6px;--awb-width-medium:100%;--awb-order-medium:0;--awb-spacing-right-medium:6px;--awb-spacing-left-medium:6px;--awb-width-small:100%;--awb-order-small:0;--awb-spacing-right-small:6px;--awb-spacing-left-small:6px;\"><div class=\"fusion-column-wrapper fusion-column-has-shadow fusion-flex-justify-content-flex-start fusion-content-layout-column\">\n<div class=\"table-1 productTable\">\n<table width=\"100%\">\n<thead>\n<tr>\n<th align=\"left\">C\u00f3digo<\/th>\n<th align=\"left\">Descripci\u00f3n<\/th>\n<th align=\"left\">Color<\/th>\n<th align=\"left\">Por Caja<\/th>\n<th align=\"left\">Ficha t\u00e9cnica<\/th>\n<th align=\"left\">Ficha de datos de seguridad<\/th>\n<\/tr>\n<\/thead>\n<tbody>\n<tr>\n<td align=\"left\">RWPGB\/AL<\/td>\n<td align=\"left\">Aerosol de 378 ml (295 g)<\/td>\n<td align=\"left\">Negro brillante<\/td>\n<td align=\"left\">12<\/td>\n<td align=\"left\"><a href=\"https:\/\/raptorcoatings.com\/wp-content\/uploads\/ES-RWP.pdf\">RWPGB\/AL-TDS-ES<\/a><\/td>\n<td align=\"left\"><a href=\"https:\/\/raptorcoatings.com\/wp-content\/uploads\/RWPGBAL_RPTR_ES_es_390-1.pdf\">RWPGB\/AL-SDS-ES<\/a><\/td>\n<\/tr>\n<tr>\n<td align=\"left\">RWPSB\/AL<\/td>\n<td align=\"left\">Aerosol de 378 ml (295 g)<\/td>\n<td align=\"left\">Negro satinado<\/td>\n<td align=\"left\">12<\/td>\n<td align=\"left\"><a href=\"https:\/\/raptorcoatings.com\/wp-content\/uploads\/ES-RWP.pdf\">RWPSB\/AL-TDS-ES<\/a><\/td>\n<td align=\"left\"><a href=\"https:\/\/raptorcoatings.com\/wp-content\/uploads\/RWPSBAL_RPTR_ES_es_390-1.pdf\">RWPSB\/AL-SDS-ES<\/a><\/td>\n<\/tr>\n<tr>\n<td align=\"left\">RWPSV\/AL<\/td>\n<td align=\"left\">Aerosol de 364 ml (295 g)<\/td>\n<td align=\"left\">Plata<\/td>\n<td align=\"left\">12<\/td>\n<td align=\"left\"><a href=\"https:\/\/raptorcoatings.com\/wp-content\/uploads\/ES-RWP.pdf\">RWPSV\/AL-TDS-ES<\/a><\/td>\n<td align=\"left\"><a href=\"https:\/\/raptorcoatings.com\/wp-content\/uploads\/RWPSV_AL_RPTR_ES_es_390-1.pdf\">RWPSV\/AL-SDS-ES<\/a><\/td>\n<\/tr>\n<tr>\n<td align=\"left\">RWPGC\/AL<\/td>\n<td align=\"left\">Aerosol de 365 ml (295 g)<\/td>\n<td align=\"left\">Barniz brillante<\/td>\n<td align=\"left\">12<\/td>\n<td align=\"left\"><a href=\"https:\/\/raptorcoatings.com\/wp-content\/uploads\/ES-RWPGC.pdf\">RWPGC\/AL-TDS-ES<\/a><\/td>\n<td align=\"left\"><a href=\"https:\/\/raptorcoatings.com\/wp-content\/uploads\/RWPGCAL_RPTR_ES_es_390-1.pdf\">RWPGC\/AL-SDS-ES<\/a><\/td>\n<\/tr>\n<\/tbody>\n<\/table>\n<\/div>\n<div class=\"fusion-text fusion-text-1 fusion-no-medium-visibility fusion-no-large-visibility\"><p style=\"text-align: center;\"><span style=\"color: #ffffff; font-size: 16px;\"><strong>Swipe table<\/strong><\/span> <i class=\"fb-icon-element-1 fb-icon-element fontawesome-icon fa-hand-pointer fas circle-no fusion-text-flow\" style=\"--awb-font-size:20px;--awb-margin-right:10px;\"><\/i><\/p>\n<\/div>\n<div class=\"fusion-text fusion-text-2\"><\/div><\/div><\/div><\/div><\/div>\n","protected":false},"excerpt":{"rendered":"<p>Pintura para llantas de calidad profesional, ideal para renovar y prolongar la vida \u00fatil de llantas desgastadas o da\u00f1adas. La f\u00f3rmula avanzada de la pintura para llantas RAPTOR resiste temperaturas de hasta 120\u00b0C y es 5 veces m\u00e1s resistente que las pinturas ordinarias, para proporcionar una protecci\u00f3n superior contra impactos, calor, gravillas, polvo de frenos y corrosi\u00f3n. Es f\u00e1cil de usar y se seca r\u00e1pidamente, proporcionando un acabado atractivo y suave con una excelente adherencia que resiste la decoloraci\u00f3n por el sol. Adecuada para usar en todo tipo de llantas de metal imprimadas, incluyendo acero, aluminio y aleaciones.<br \/>\n\u2022 Resistente al calor hasta 120\u00b0C<br \/>\n\u2022 Resistente qu\u00edmicamente a los aceites y otros fluidos automotrices<br \/>\n\u2022 Protege contra las gravillas y el polvo de frenos<br \/>\n\u2022 5 veces m\u00e1s resistente que las pinturas ordinarias<br \/>\n\u2022 Secado r\u00e1pido \u2013 seco al tacto en 30 minutos<br \/>\n\u2022 Boquilla sin obstrucciones \u2013 ideal para superficies 3D<\/p>\n","protected":false},"featured_media":77051,"template":"","meta":[],"product_brand":[],"product_cat":[1229,1235],"product_tag":[],"class_list":{"0":"post-57295","1":"product","2":"type-product","3":"status-publish","4":"has-post-thumbnail","6":"product_cat-high-heat-es","7":"product_cat-raptor-es","9":"first","10":"instock","11":"shipping-taxable","12":"product-type-simple"},"gallery_images":[46360,46332,46318],"yoast_head":"<!-- This site is optimized with the Yoast SEO plugin v27.1.1 - https:\/\/yoast.com\/product\/yoast-seo-wordpress\/ -->\n<title>Pintura para llantas RAPTOR - Raptortough<\/title>\n<meta name=\"robots\" content=\"index, follow, max-snippet:-1, max-image-preview:large, max-video-preview:-1\" \/>\n<link rel=\"canonical\" href=\"https:\/\/raptorcoatings.com\/es\/producto\/pintura-para-ruedas-raptor\/\" \/>\n<meta property=\"og:locale\" content=\"es_ES\" \/>\n<meta property=\"og:type\" content=\"article\" \/>\n<meta property=\"og:title\" content=\"Pintura para llantas RAPTOR - Raptortough\" \/>\n<meta property=\"og:description\" content=\"Pintura para llantas de calidad profesional, ideal para renovar y prolongar la vida \u00fatil de llantas desgastadas o da\u00f1adas. La f\u00f3rmula avanzada de la pintura para llantas RAPTOR resiste temperaturas de hasta 120\u00b0C y es 5 veces m\u00e1s resistente que las pinturas ordinarias, para proporcionar una protecci\u00f3n superior contra impactos, calor, gravillas, polvo de frenos y corrosi\u00f3n. Es f\u00e1cil de usar y se seca r\u00e1pidamente, proporcionando un acabado atractivo y suave con una excelente adherencia que resiste la decoloraci\u00f3n por el sol. Adecuada para usar en todo tipo de llantas de metal imprimadas, incluyendo acero, aluminio y aleaciones. \u2022 Resistente al calor hasta 120\u00b0C \u2022 Resistente qu\u00edmicamente a los aceites y otros fluidos automotrices \u2022 Protege contra las gravillas y el polvo de frenos \u2022 5 veces m\u00e1s resistente que las pinturas ordinarias \u2022 Secado r\u00e1pido \u2013 seco al tacto en 30 minutos \u2022 Boquilla sin obstrucciones \u2013 ideal para superficies 3D\" \/>\n<meta property=\"og:url\" content=\"https:\/\/raptorcoatings.com\/es\/producto\/pintura-para-ruedas-raptor\/\" \/>\n<meta property=\"og:site_name\" content=\"Raptortough\" \/>\n<meta property=\"article:modified_time\" content=\"2025-06-19T15:30:19+00:00\" \/>\n<meta property=\"og:image\" content=\"https:\/\/raptorcoatings.com\/wp-content\/uploads\/Wheel-paint.png\" \/>\n\t<meta property=\"og:image:width\" content=\"1200\" \/>\n\t<meta property=\"og:image:height\" content=\"1200\" \/>\n\t<meta property=\"og:image:type\" content=\"image\/png\" \/>\n<meta name=\"twitter:card\" content=\"summary_large_image\" \/>\n<meta name=\"twitter:label1\" content=\"Tiempo de lectura\" \/>\n\t<meta name=\"twitter:data1\" content=\"1 minuto\" \/>\n<script type=\"application\/ld+json\" class=\"yoast-schema-graph\">{\"@context\":\"https:\/\/schema.org\",\"@graph\":[{\"@type\":\"WebPage\",\"@id\":\"https:\/\/raptorcoatings.com\/es\/producto\/pintura-para-ruedas-raptor\/\",\"url\":\"https:\/\/raptorcoatings.com\/es\/producto\/pintura-para-ruedas-raptor\/\",\"name\":\"Pintura para llantas RAPTOR - Raptortough\",\"isPartOf\":{\"@id\":\"https:\/\/raptorcoatings.com\/es\/#website\"},\"primaryImageOfPage\":{\"@id\":\"https:\/\/raptorcoatings.com\/es\/producto\/pintura-para-ruedas-raptor\/#primaryimage\"},\"image\":{\"@id\":\"https:\/\/raptorcoatings.com\/es\/producto\/pintura-para-ruedas-raptor\/#primaryimage\"},\"thumbnailUrl\":\"https:\/\/raptorcoatings.com\/wp-content\/uploads\/Wheel-paint.png\",\"datePublished\":\"2024-08-27T09:38:18+00:00\",\"dateModified\":\"2025-06-19T15:30:19+00:00\",\"breadcrumb\":{\"@id\":\"https:\/\/raptorcoatings.com\/es\/producto\/pintura-para-ruedas-raptor\/#breadcrumb\"},\"inLanguage\":\"es\",\"potentialAction\":[{\"@type\":\"ReadAction\",\"target\":[\"https:\/\/raptorcoatings.com\/es\/producto\/pintura-para-ruedas-raptor\/\"]}]},{\"@type\":\"ImageObject\",\"inLanguage\":\"es\",\"@id\":\"https:\/\/raptorcoatings.com\/es\/producto\/pintura-para-ruedas-raptor\/#primaryimage\",\"url\":\"https:\/\/raptorcoatings.com\/wp-content\/uploads\/Wheel-paint.png\",\"contentUrl\":\"https:\/\/raptorcoatings.com\/wp-content\/uploads\/Wheel-paint.png\",\"width\":1200,\"height\":1200},{\"@type\":\"BreadcrumbList\",\"@id\":\"https:\/\/raptorcoatings.com\/es\/producto\/pintura-para-ruedas-raptor\/#breadcrumb\",\"itemListElement\":[{\"@type\":\"ListItem\",\"position\":1,\"name\":\"Home\",\"item\":\"https:\/\/raptorcoatings.com\/es\/\"},{\"@type\":\"ListItem\",\"position\":2,\"name\":\"Productos\",\"item\":\"https:\/\/raptorcoatings.com\/es\/products\/\"},{\"@type\":\"ListItem\",\"position\":3,\"name\":\"Pintura para llantas RAPTOR\"}]},{\"@type\":\"WebSite\",\"@id\":\"https:\/\/raptorcoatings.com\/es\/#website\",\"url\":\"https:\/\/raptorcoatings.com\/es\/\",\"name\":\"Raptor Coatings\",\"description\":\"\",\"potentialAction\":[{\"@type\":\"SearchAction\",\"target\":{\"@type\":\"EntryPoint\",\"urlTemplate\":\"https:\/\/raptorcoatings.com\/es\/?s={search_term_string}\"},\"query-input\":{\"@type\":\"PropertyValueSpecification\",\"valueRequired\":true,\"valueName\":\"search_term_string\"}}],\"inLanguage\":\"es\"}]}<\/script>\n<!-- \/ Yoast SEO plugin. -->","yoast_head_json":{"title":"Pintura para llantas RAPTOR - Raptortough","robots":{"index":"index","follow":"follow","max-snippet":"max-snippet:-1","max-image-preview":"max-image-preview:large","max-video-preview":"max-video-preview:-1"},"canonical":"https:\/\/raptorcoatings.com\/es\/producto\/pintura-para-ruedas-raptor\/","og_locale":"es_ES","og_type":"article","og_title":"Pintura para llantas RAPTOR - Raptortough","og_description":"Pintura para llantas de calidad profesional, ideal para renovar y prolongar la vida \u00fatil de llantas desgastadas o da\u00f1adas. La f\u00f3rmula avanzada de la pintura para llantas RAPTOR resiste temperaturas de hasta 120\u00b0C y es 5 veces m\u00e1s resistente que las pinturas ordinarias, para proporcionar una protecci\u00f3n superior contra impactos, calor, gravillas, polvo de frenos y corrosi\u00f3n. Es f\u00e1cil de usar y se seca r\u00e1pidamente, proporcionando un acabado atractivo y suave con una excelente adherencia que resiste la decoloraci\u00f3n por el sol. Adecuada para usar en todo tipo de llantas de metal imprimadas, incluyendo acero, aluminio y aleaciones. \u2022 Resistente al calor hasta 120\u00b0C \u2022 Resistente qu\u00edmicamente a los aceites y otros fluidos automotrices \u2022 Protege contra las gravillas y el polvo de frenos \u2022 5 veces m\u00e1s resistente que las pinturas ordinarias \u2022 Secado r\u00e1pido \u2013 seco al tacto en 30 minutos \u2022 Boquilla sin obstrucciones \u2013 ideal para superficies 3D","og_url":"https:\/\/raptorcoatings.com\/es\/producto\/pintura-para-ruedas-raptor\/","og_site_name":"Raptortough","article_modified_time":"2025-06-19T15:30:19+00:00","og_image":[{"width":1200,"height":1200,"url":"https:\/\/raptorcoatings.com\/wp-content\/uploads\/Wheel-paint.png","type":"image\/png"}],"twitter_card":"summary_large_image","twitter_misc":{"Tiempo de lectura":"1 minuto"},"schema":{"@context":"https:\/\/schema.org","@graph":[{"@type":"WebPage","@id":"https:\/\/raptorcoatings.com\/es\/producto\/pintura-para-ruedas-raptor\/","url":"https:\/\/raptorcoatings.com\/es\/producto\/pintura-para-ruedas-raptor\/","name":"Pintura para llantas RAPTOR - Raptortough","isPartOf":{"@id":"https:\/\/raptorcoatings.com\/es\/#website"},"primaryImageOfPage":{"@id":"https:\/\/raptorcoatings.com\/es\/producto\/pintura-para-ruedas-raptor\/#primaryimage"},"image":{"@id":"https:\/\/raptorcoatings.com\/es\/producto\/pintura-para-ruedas-raptor\/#primaryimage"},"thumbnailUrl":"https:\/\/raptorcoatings.com\/wp-content\/uploads\/Wheel-paint.png","datePublished":"2024-08-27T09:38:18+00:00","dateModified":"2025-06-19T15:30:19+00:00","breadcrumb":{"@id":"https:\/\/raptorcoatings.com\/es\/producto\/pintura-para-ruedas-raptor\/#breadcrumb"},"inLanguage":"es","potentialAction":[{"@type":"ReadAction","target":["https:\/\/raptorcoatings.com\/es\/producto\/pintura-para-ruedas-raptor\/"]}]},{"@type":"ImageObject","inLanguage":"es","@id":"https:\/\/raptorcoatings.com\/es\/producto\/pintura-para-ruedas-raptor\/#primaryimage","url":"https:\/\/raptorcoatings.com\/wp-content\/uploads\/Wheel-paint.png","contentUrl":"https:\/\/raptorcoatings.com\/wp-content\/uploads\/Wheel-paint.png","width":1200,"height":1200},{"@type":"BreadcrumbList","@id":"https:\/\/raptorcoatings.com\/es\/producto\/pintura-para-ruedas-raptor\/#breadcrumb","itemListElement":[{"@type":"ListItem","position":1,"name":"Home","item":"https:\/\/raptorcoatings.com\/es\/"},{"@type":"ListItem","position":2,"name":"Productos","item":"https:\/\/raptorcoatings.com\/es\/products\/"},{"@type":"ListItem","position":3,"name":"Pintura para llantas RAPTOR"}]},{"@type":"WebSite","@id":"https:\/\/raptorcoatings.com\/es\/#website","url":"https:\/\/raptorcoatings.com\/es\/","name":"Raptor Coatings","description":"","potentialAction":[{"@type":"SearchAction","target":{"@type":"EntryPoint","urlTemplate":"https:\/\/raptorcoatings.com\/es\/?s={search_term_string}"},"query-input":{"@type":"PropertyValueSpecification","valueRequired":true,"valueName":"search_term_string"}}],"inLanguage":"es"}]}},"_links":{"self":[{"href":"https:\/\/raptorcoatings.com\/es\/wp-json\/wp\/v2\/product\/57295","targetHints":{"allow":["GET"]}}],"collection":[{"href":"https:\/\/raptorcoatings.com\/es\/wp-json\/wp\/v2\/product"}],"about":[{"href":"https:\/\/raptorcoatings.com\/es\/wp-json\/wp\/v2\/types\/product"}],"wp:featuredmedia":[{"embeddable":true,"href":"https:\/\/raptorcoatings.com\/es\/wp-json\/wp\/v2\/media\/77051"}],"wp:attachment":[{"href":"https:\/\/raptorcoatings.com\/es\/wp-json\/wp\/v2\/media?parent=57295"}],"wp:term":[{"taxonomy":"product_brand","embeddable":true,"href":"https:\/\/raptorcoatings.com\/es\/wp-json\/wp\/v2\/product_brand?post=57295"},{"taxonomy":"product_cat","embeddable":true,"href":"https:\/\/raptorcoatings.com\/es\/wp-json\/wp\/v2\/product_cat?post=57295"},{"taxonomy":"product_tag","embeddable":true,"href":"https:\/\/raptorcoatings.com\/es\/wp-json\/wp\/v2\/product_tag?post=57295"}],"curies":[{"name":"wp","href":"https:\/\/api.w.org\/{rel}","templated":true}]}}