{"id":57269,"date":"2023-01-16T12:02:59","date_gmt":"2023-01-16T12:02:59","guid":{"rendered":"https:\/\/raptorcoatings.com\/?post_type=product&#038;p=57269"},"modified":"2025-04-23T09:34:23","modified_gmt":"2025-04-23T09:34:23","slug":"imprimacion-fosfatante-raptor","status":"publish","type":"product","link":"https:\/\/raptorcoatings.com\/es\/producto\/imprimacion-fosfatante-raptor\/","title":{"rendered":"IMPRIMACI\u00d3N FOSFATANTE RAPTOR"},"content":{"rendered":"<div class=\"fusion-fullwidth fullwidth-box fusion-builder-row-1 fusion-flex-container has-pattern-background has-mask-background nonhundred-percent-fullwidth non-hundred-percent-height-scrolling\" style=\"--awb-border-radius-top-left:0px;--awb-border-radius-top-right:0px;--awb-border-radius-bottom-right:0px;--awb-border-radius-bottom-left:0px;--awb-flex-wrap:wrap;\" ><div class=\"fusion-builder-row fusion-row fusion-flex-align-items-flex-start fusion-flex-content-wrap\" style=\"max-width:calc( 1640px + 12px );margin-left: calc(-12px \/ 2 );margin-right: calc(-12px \/ 2 );\"><div class=\"fusion-layout-column fusion_builder_column fusion-builder-column-0 fusion_builder_column_1_1 1_1 fusion-flex-column\" style=\"--awb-bg-size:cover;--awb-width-large:100%;--awb-margin-top-large:0px;--awb-spacing-right-large:6px;--awb-margin-bottom-large:20px;--awb-spacing-left-large:6px;--awb-width-medium:100%;--awb-order-medium:0;--awb-spacing-right-medium:6px;--awb-spacing-left-medium:6px;--awb-width-small:100%;--awb-order-small:0;--awb-spacing-right-small:6px;--awb-spacing-left-small:6px;\"><div class=\"fusion-column-wrapper fusion-column-has-shadow fusion-flex-justify-content-flex-start fusion-content-layout-column\">\n<div class=\"table-1\">\n<table width=\"100%\">\n<thead>\n<tr>\n<th align=\"left\">C\u00f3digo<\/th>\n<th align=\"left\">Descripci\u00f3n<\/th>\n<th align=\"left\">Color<\/th>\n<th align=\"left\">Por Caja<\/th>\n<th align=\"left\">Ficha t\u00e9cnica<\/th>\n<th align=\"left\">Ficha de datos de seguridad<\/th>\n<\/tr>\n<\/thead>\n<tbody>\n<tr>\n<td align=\"left\">RPTEP\/AL<\/td>\n<td align=\"left\">Aerosol 450ml<\/td>\n<td align=\"left\">Gris<\/td>\n<td align=\"left\">6<\/td>\n<td align=\"left\"><a href=\"https:\/\/raptorcoatings.com\/wp-content\/uploads\/ES-RPTEP_AL-new-version.pdf\">RPTEP\/AL &#8211; TDS<\/a><\/td>\n<td align=\"left\"><a href=\"https:\/\/raptorcoatings.com\/wp-content\/uploads\/RPTEP_RPTR_ES_es_390.pdf\">RPTEP\/AL &#8211; SDS<\/a><\/td>\n<\/tr>\n<\/tbody>\n<\/table>\n<\/div>\n<\/div><\/div><\/div><\/div>\n","protected":false},"excerpt":{"rendered":"<p>La f\u00f3rmula de \u00e1cido fosf\u00f3rico promueve la adherencia de la pintura en superficies dif\u00edciles, como el acero galvanizado y el aluminio. Impresi\u00f3n fosfatante antes de aplicar el color y en nuevos paneles de acero.<\/p>\n<p>\u2022 Preparaci\u00f3n del metal expuesto en un solo paso<br \/>\n\u2022 Boquilla plana de alta atomizaci\u00f3n para aplicaciones regulares<br \/>\n\u2022 Barrera anticorrosiva que evita que el acero se oxide<br \/>\n\u2022 Se puede cubrir directamente, no es necesario lijar<\/p>\n","protected":false},"featured_media":57280,"template":"","meta":[],"product_brand":[],"product_cat":[1237,1232,1233,1235],"product_tag":[],"class_list":{"0":"post-57269","1":"product","2":"type-product","3":"status-publish","4":"has-post-thumbnail","6":"product_cat-accessories-es","7":"product_cat-primers-es","8":"product_cat-product-es","9":"product_cat-raptor-es","11":"first","12":"instock","13":"shipping-taxable","14":"product-type-simple"},"gallery_images":[7882,7873,6534],"yoast_head":"<!-- This site is optimized with the Yoast SEO plugin v27.1.1 - https:\/\/yoast.com\/product\/yoast-seo-wordpress\/ -->\n<title>IMPRIMACI\u00d3N FOSFATANTE RAPTOR - Raptortough<\/title>\n<meta name=\"robots\" content=\"index, follow, max-snippet:-1, max-image-preview:large, max-video-preview:-1\" \/>\n<link rel=\"canonical\" href=\"https:\/\/raptorcoatings.com\/es\/producto\/imprimacion-fosfatante-raptor\/\" \/>\n<meta property=\"og:locale\" content=\"es_ES\" \/>\n<meta property=\"og:type\" content=\"article\" \/>\n<meta property=\"og:title\" content=\"IMPRIMACI\u00d3N FOSFATANTE RAPTOR - Raptortough\" \/>\n<meta property=\"og:description\" content=\"La f\u00f3rmula de \u00e1cido fosf\u00f3rico promueve la adherencia de la pintura en superficies dif\u00edciles, como el acero galvanizado y el aluminio. Impresi\u00f3n fosfatante antes de aplicar el color y en nuevos paneles de acero.  \u2022 Preparaci\u00f3n del metal expuesto en un solo paso \u2022 Boquilla plana de alta atomizaci\u00f3n para aplicaciones regulares \u2022 Barrera anticorrosiva que evita que el acero se oxide \u2022 Se puede cubrir directamente, no es necesario lijar\" \/>\n<meta property=\"og:url\" content=\"https:\/\/raptorcoatings.com\/es\/producto\/imprimacion-fosfatante-raptor\/\" \/>\n<meta property=\"og:site_name\" content=\"Raptortough\" \/>\n<meta property=\"article:modified_time\" content=\"2025-04-23T09:34:23+00:00\" \/>\n<meta property=\"og:image\" content=\"https:\/\/raptorcoatings.com\/wp-content\/uploads\/Raptor-Acid-Etch-Primer-1.jpg\" \/>\n\t<meta property=\"og:image:width\" content=\"800\" \/>\n\t<meta property=\"og:image:height\" content=\"800\" \/>\n\t<meta property=\"og:image:type\" content=\"image\/jpeg\" \/>\n<meta name=\"twitter:card\" content=\"summary_large_image\" \/>\n<meta name=\"twitter:label1\" content=\"Tiempo de lectura\" \/>\n\t<meta name=\"twitter:data1\" content=\"3 minutos\" \/>\n<script type=\"application\/ld+json\" class=\"yoast-schema-graph\">{\"@context\":\"https:\/\/schema.org\",\"@graph\":[{\"@type\":\"WebPage\",\"@id\":\"https:\/\/raptorcoatings.com\/es\/producto\/imprimacion-fosfatante-raptor\/\",\"url\":\"https:\/\/raptorcoatings.com\/es\/producto\/imprimacion-fosfatante-raptor\/\",\"name\":\"IMPRIMACI\u00d3N FOSFATANTE RAPTOR - Raptortough\",\"isPartOf\":{\"@id\":\"https:\/\/raptorcoatings.com\/es\/#website\"},\"primaryImageOfPage\":{\"@id\":\"https:\/\/raptorcoatings.com\/es\/producto\/imprimacion-fosfatante-raptor\/#primaryimage\"},\"image\":{\"@id\":\"https:\/\/raptorcoatings.com\/es\/producto\/imprimacion-fosfatante-raptor\/#primaryimage\"},\"thumbnailUrl\":\"https:\/\/raptorcoatings.com\/wp-content\/uploads\/Raptor-Acid-Etch-Primer-1.jpg\",\"datePublished\":\"2023-01-16T12:02:59+00:00\",\"dateModified\":\"2025-04-23T09:34:23+00:00\",\"breadcrumb\":{\"@id\":\"https:\/\/raptorcoatings.com\/es\/producto\/imprimacion-fosfatante-raptor\/#breadcrumb\"},\"inLanguage\":\"es\",\"potentialAction\":[{\"@type\":\"ReadAction\",\"target\":[\"https:\/\/raptorcoatings.com\/es\/producto\/imprimacion-fosfatante-raptor\/\"]}]},{\"@type\":\"ImageObject\",\"inLanguage\":\"es\",\"@id\":\"https:\/\/raptorcoatings.com\/es\/producto\/imprimacion-fosfatante-raptor\/#primaryimage\",\"url\":\"https:\/\/raptorcoatings.com\/wp-content\/uploads\/Raptor-Acid-Etch-Primer-1.jpg\",\"contentUrl\":\"https:\/\/raptorcoatings.com\/wp-content\/uploads\/Raptor-Acid-Etch-Primer-1.jpg\",\"width\":800,\"height\":800,\"caption\":\"RAPTOR Acid Etch Primer\"},{\"@type\":\"BreadcrumbList\",\"@id\":\"https:\/\/raptorcoatings.com\/es\/producto\/imprimacion-fosfatante-raptor\/#breadcrumb\",\"itemListElement\":[{\"@type\":\"ListItem\",\"position\":1,\"name\":\"Home\",\"item\":\"https:\/\/raptorcoatings.com\/es\/\"},{\"@type\":\"ListItem\",\"position\":2,\"name\":\"Productos\",\"item\":\"https:\/\/raptorcoatings.com\/es\/products\/\"},{\"@type\":\"ListItem\",\"position\":3,\"name\":\"IMPRIMACI\u00d3N FOSFATANTE RAPTOR\"}]},{\"@type\":\"WebSite\",\"@id\":\"https:\/\/raptorcoatings.com\/es\/#website\",\"url\":\"https:\/\/raptorcoatings.com\/es\/\",\"name\":\"Raptor Coatings\",\"description\":\"\",\"potentialAction\":[{\"@type\":\"SearchAction\",\"target\":{\"@type\":\"EntryPoint\",\"urlTemplate\":\"https:\/\/raptorcoatings.com\/es\/?s={search_term_string}\"},\"query-input\":{\"@type\":\"PropertyValueSpecification\",\"valueRequired\":true,\"valueName\":\"search_term_string\"}}],\"inLanguage\":\"es\"}]}<\/script>\n<!-- \/ Yoast SEO plugin. -->","yoast_head_json":{"title":"IMPRIMACI\u00d3N FOSFATANTE RAPTOR - Raptortough","robots":{"index":"index","follow":"follow","max-snippet":"max-snippet:-1","max-image-preview":"max-image-preview:large","max-video-preview":"max-video-preview:-1"},"canonical":"https:\/\/raptorcoatings.com\/es\/producto\/imprimacion-fosfatante-raptor\/","og_locale":"es_ES","og_type":"article","og_title":"IMPRIMACI\u00d3N FOSFATANTE RAPTOR - Raptortough","og_description":"La f\u00f3rmula de \u00e1cido fosf\u00f3rico promueve la adherencia de la pintura en superficies dif\u00edciles, como el acero galvanizado y el aluminio. Impresi\u00f3n fosfatante antes de aplicar el color y en nuevos paneles de acero.  \u2022 Preparaci\u00f3n del metal expuesto en un solo paso \u2022 Boquilla plana de alta atomizaci\u00f3n para aplicaciones regulares \u2022 Barrera anticorrosiva que evita que el acero se oxide \u2022 Se puede cubrir directamente, no es necesario lijar","og_url":"https:\/\/raptorcoatings.com\/es\/producto\/imprimacion-fosfatante-raptor\/","og_site_name":"Raptortough","article_modified_time":"2025-04-23T09:34:23+00:00","og_image":[{"width":800,"height":800,"url":"https:\/\/raptorcoatings.com\/wp-content\/uploads\/Raptor-Acid-Etch-Primer-1.jpg","type":"image\/jpeg"}],"twitter_card":"summary_large_image","twitter_misc":{"Tiempo de lectura":"3 minutos"},"schema":{"@context":"https:\/\/schema.org","@graph":[{"@type":"WebPage","@id":"https:\/\/raptorcoatings.com\/es\/producto\/imprimacion-fosfatante-raptor\/","url":"https:\/\/raptorcoatings.com\/es\/producto\/imprimacion-fosfatante-raptor\/","name":"IMPRIMACI\u00d3N FOSFATANTE RAPTOR - Raptortough","isPartOf":{"@id":"https:\/\/raptorcoatings.com\/es\/#website"},"primaryImageOfPage":{"@id":"https:\/\/raptorcoatings.com\/es\/producto\/imprimacion-fosfatante-raptor\/#primaryimage"},"image":{"@id":"https:\/\/raptorcoatings.com\/es\/producto\/imprimacion-fosfatante-raptor\/#primaryimage"},"thumbnailUrl":"https:\/\/raptorcoatings.com\/wp-content\/uploads\/Raptor-Acid-Etch-Primer-1.jpg","datePublished":"2023-01-16T12:02:59+00:00","dateModified":"2025-04-23T09:34:23+00:00","breadcrumb":{"@id":"https:\/\/raptorcoatings.com\/es\/producto\/imprimacion-fosfatante-raptor\/#breadcrumb"},"inLanguage":"es","potentialAction":[{"@type":"ReadAction","target":["https:\/\/raptorcoatings.com\/es\/producto\/imprimacion-fosfatante-raptor\/"]}]},{"@type":"ImageObject","inLanguage":"es","@id":"https:\/\/raptorcoatings.com\/es\/producto\/imprimacion-fosfatante-raptor\/#primaryimage","url":"https:\/\/raptorcoatings.com\/wp-content\/uploads\/Raptor-Acid-Etch-Primer-1.jpg","contentUrl":"https:\/\/raptorcoatings.com\/wp-content\/uploads\/Raptor-Acid-Etch-Primer-1.jpg","width":800,"height":800,"caption":"RAPTOR Acid Etch Primer"},{"@type":"BreadcrumbList","@id":"https:\/\/raptorcoatings.com\/es\/producto\/imprimacion-fosfatante-raptor\/#breadcrumb","itemListElement":[{"@type":"ListItem","position":1,"name":"Home","item":"https:\/\/raptorcoatings.com\/es\/"},{"@type":"ListItem","position":2,"name":"Productos","item":"https:\/\/raptorcoatings.com\/es\/products\/"},{"@type":"ListItem","position":3,"name":"IMPRIMACI\u00d3N FOSFATANTE RAPTOR"}]},{"@type":"WebSite","@id":"https:\/\/raptorcoatings.com\/es\/#website","url":"https:\/\/raptorcoatings.com\/es\/","name":"Raptor Coatings","description":"","potentialAction":[{"@type":"SearchAction","target":{"@type":"EntryPoint","urlTemplate":"https:\/\/raptorcoatings.com\/es\/?s={search_term_string}"},"query-input":{"@type":"PropertyValueSpecification","valueRequired":true,"valueName":"search_term_string"}}],"inLanguage":"es"}]}},"_links":{"self":[{"href":"https:\/\/raptorcoatings.com\/es\/wp-json\/wp\/v2\/product\/57269","targetHints":{"allow":["GET"]}}],"collection":[{"href":"https:\/\/raptorcoatings.com\/es\/wp-json\/wp\/v2\/product"}],"about":[{"href":"https:\/\/raptorcoatings.com\/es\/wp-json\/wp\/v2\/types\/product"}],"wp:featuredmedia":[{"embeddable":true,"href":"https:\/\/raptorcoatings.com\/es\/wp-json\/wp\/v2\/media\/57280"}],"wp:attachment":[{"href":"https:\/\/raptorcoatings.com\/es\/wp-json\/wp\/v2\/media?parent=57269"}],"wp:term":[{"taxonomy":"product_brand","embeddable":true,"href":"https:\/\/raptorcoatings.com\/es\/wp-json\/wp\/v2\/product_brand?post=57269"},{"taxonomy":"product_cat","embeddable":true,"href":"https:\/\/raptorcoatings.com\/es\/wp-json\/wp\/v2\/product_cat?post=57269"},{"taxonomy":"product_tag","embeddable":true,"href":"https:\/\/raptorcoatings.com\/es\/wp-json\/wp\/v2\/product_tag?post=57269"}],"curies":[{"name":"wp","href":"https:\/\/api.w.org\/{rel}","templated":true}]}}