{"id":57129,"date":"2023-01-16T12:31:21","date_gmt":"2023-01-16T12:31:21","guid":{"rendered":"https:\/\/raptorcoatings.com\/?post_type=product&#038;p=57129"},"modified":"2025-04-09T08:26:15","modified_gmt":"2025-04-09T08:26:15","slug":"aparejo-epoxi-antioxidante-raptor","status":"publish","type":"product","link":"https:\/\/raptorcoatings.com\/es\/producto\/aparejo-epoxi-antioxidante-raptor\/","title":{"rendered":"APAREJO EPOXI ANTIOXIDANTE RAPTOR"},"content":{"rendered":"<div class=\"fusion-fullwidth fullwidth-box fusion-builder-row-1 fusion-flex-container has-pattern-background has-mask-background nonhundred-percent-fullwidth non-hundred-percent-height-scrolling\" style=\"--awb-border-radius-top-left:0px;--awb-border-radius-top-right:0px;--awb-border-radius-bottom-right:0px;--awb-border-radius-bottom-left:0px;--awb-flex-wrap:wrap;\" ><div class=\"fusion-builder-row fusion-row fusion-flex-align-items-flex-start fusion-flex-content-wrap\" style=\"max-width:calc( 1640px + 12px );margin-left: calc(-12px \/ 2 );margin-right: calc(-12px \/ 2 );\"><div class=\"fusion-layout-column fusion_builder_column fusion-builder-column-0 fusion_builder_column_1_1 1_1 fusion-flex-column\" style=\"--awb-bg-size:cover;--awb-width-large:100%;--awb-margin-top-large:0px;--awb-spacing-right-large:6px;--awb-margin-bottom-large:20px;--awb-spacing-left-large:6px;--awb-width-medium:100%;--awb-order-medium:0;--awb-spacing-right-medium:6px;--awb-spacing-left-medium:6px;--awb-width-small:100%;--awb-order-small:0;--awb-spacing-right-small:6px;--awb-spacing-left-small:6px;\"><div class=\"fusion-column-wrapper fusion-column-has-shadow fusion-flex-justify-content-flex-start fusion-content-layout-column\">\n<div class=\"table-1\">\n<table width=\"100%\">\n<thead>\n<tr>\n<th align=\"left\">Codigo<\/th>\n<th align=\"left\">Descripcion<\/th>\n<th align=\"left\">Color<\/th>\n<th align=\"left\">Por Caja<\/th>\n<th align=\"left\">Ficha t\u00e9cnica<\/th>\n<th align=\"left\">Ficha de datos de seguridad<\/th>\n<\/tr>\n<\/thead>\n<tbody>\n<tr>\n<td align=\"left\">REP\/1<\/td>\n<td align=\"left\">Lata 1L<\/td>\n<td align=\"left\">Gris<\/td>\n<td align=\"left\">6<\/td>\n<td align=\"left\"><a href=\"https:\/\/raptorcoatings.com\/wp-content\/uploads\/ES-REP-TDS.pdf\">REP\/1 &#8211; TDS<\/a><\/td>\n<td align=\"left\"><a href=\"https:\/\/raptorcoatings.com\/wp-content\/uploads\/REP_1_RPTR_ES_es_390.pdf\">REP\/1 &#8211; SDS<\/a><\/td>\n<\/tr>\n<tr>\n<td align=\"left\">REP\/3<\/td>\n<td align=\"left\">Lata 3L<\/td>\n<td align=\"left\">Gris<\/td>\n<td align=\"left\">3<\/td>\n<td align=\"left\"><a href=\"https:\/\/raptorcoatings.com\/wp-content\/uploads\/ES-REP-TDS.pdf\">REP\/3 &#8211; TDS<\/a><\/td>\n<td align=\"left\"><a href=\"https:\/\/raptorcoatings.com\/wp-content\/uploads\/REP_1_RPTR_ES_es_390.pdf\">REP\/3 &#8211; SDS<\/a><\/td>\n<\/tr>\n<tr>\n<td align=\"left\">REPH\/500<\/td>\n<td align=\"left\">Lata 500ml<\/td>\n<td align=\"left\">Endurecedor<\/td>\n<td align=\"left\">6<\/td>\n<td align=\"left\"><a href=\"https:\/\/raptorcoatings.com\/wp-content\/uploads\/ES-REP-TDS.pdf\">REPH\/500 &#8211; TDS<\/a><\/td>\n<td align=\"left\"><a href=\"https:\/\/raptorcoatings.com\/wp-content\/uploads\/REPH_1.5_RPTR_ES_es_390.pdf\">REPH\/500 &#8211; SDS<\/a><\/td>\n<\/tr>\n<tr>\n<td align=\"left\">REPH\/1.5<\/td>\n<td align=\"left\">Lata 1.5L<\/td>\n<td align=\"left\">Endurecedor<\/td>\n<td align=\"left\">6<\/td>\n<td align=\"left\"><a href=\"https:\/\/raptorcoatings.com\/wp-content\/uploads\/ES-REP-TDS.pdf\">REPH\/1.5 &#8211; TDS<\/a><\/td>\n<td align=\"left\"><a href=\"https:\/\/raptorcoatings.com\/wp-content\/uploads\/REPH_1.5_RPTR_ES_es_390.pdf\">REPH\/1.5 &#8211; SDS<\/a><\/td>\n<\/tr>\n<\/tbody>\n<\/table>\n<\/div>\n<\/div><\/div><\/div><\/div>\n","protected":false},"excerpt":{"rendered":"<p>El aparejo epoxi antioxidante RAPTOR de dos componentes y de alto rendimiento ha sido formulado para usar con el recubrimiento de protecci\u00f3n RAPTOR. Contiene una mezcla de aditivos anticorrosivos para ayudar a reducir el \u00f3xido y tiene una excelente resistencia a la niebla salina*. La tecnolog\u00eda de punta de su resina mejora la adherencia a las supercifies dificiles y prolonga la vida \u00fatil del Revestimiento de Protecci\u00f3n RAPTOR.<\/p>\n<p>\u2022 Excelente resistencia a la corrosi\u00f3n<br \/>\n\u2022 Tambi\u00e9n puede aplicarse en mojado sobre mojado<br \/>\n\u2022 Excelente opacidad y cobertura<\/p>\n","protected":false},"featured_media":57171,"template":"","meta":[],"product_brand":[],"product_cat":[1238,1232,1233,1235],"product_tag":[],"class_list":{"0":"post-57129","1":"product","2":"type-product","3":"status-publish","4":"has-post-thumbnail","6":"product_cat-bed-liner-protective-coating-es","7":"product_cat-primers-es","8":"product_cat-product-es","9":"product_cat-raptor-es","11":"first","12":"instock","13":"shipping-taxable","14":"product-type-simple"},"gallery_images":[57248,57250,57251],"yoast_head":"<!-- This site is optimized with the Yoast SEO plugin v27.1.1 - https:\/\/yoast.com\/product\/yoast-seo-wordpress\/ -->\n<title>APAREJO EPOXI ANTIOXIDANTE RAPTOR - Raptortough<\/title>\n<meta name=\"robots\" content=\"index, follow, max-snippet:-1, max-image-preview:large, max-video-preview:-1\" \/>\n<link rel=\"canonical\" href=\"https:\/\/raptorcoatings.com\/es\/producto\/aparejo-epoxi-antioxidante-raptor\/\" \/>\n<meta property=\"og:locale\" content=\"es_ES\" \/>\n<meta property=\"og:type\" content=\"article\" \/>\n<meta property=\"og:title\" content=\"APAREJO EPOXI ANTIOXIDANTE RAPTOR - Raptortough\" \/>\n<meta property=\"og:description\" content=\"El aparejo epoxi antioxidante RAPTOR de dos componentes y de alto rendimiento ha sido formulado para usar con el recubrimiento de protecci\u00f3n RAPTOR. Contiene una mezcla de aditivos anticorrosivos para ayudar a reducir el \u00f3xido y tiene una excelente resistencia a la niebla salina*. La tecnolog\u00eda de punta de su resina mejora la adherencia a las supercifies dificiles y prolonga la vida \u00fatil del Revestimiento de Protecci\u00f3n RAPTOR.  \u2022 Excelente resistencia a la corrosi\u00f3n \u2022 Tambi\u00e9n puede aplicarse en mojado sobre mojado \u2022 Excelente opacidad y cobertura\" \/>\n<meta property=\"og:url\" content=\"https:\/\/raptorcoatings.com\/es\/producto\/aparejo-epoxi-antioxidante-raptor\/\" \/>\n<meta property=\"og:site_name\" content=\"Raptortough\" \/>\n<meta property=\"article:modified_time\" content=\"2025-04-09T08:26:15+00:00\" \/>\n<meta property=\"og:image\" content=\"https:\/\/raptorcoatings.com\/wp-content\/uploads\/Untitled-design-41.png\" \/>\n\t<meta property=\"og:image:width\" content=\"800\" \/>\n\t<meta property=\"og:image:height\" content=\"800\" \/>\n\t<meta property=\"og:image:type\" content=\"image\/png\" \/>\n<meta name=\"twitter:card\" content=\"summary_large_image\" \/>\n<meta name=\"twitter:label1\" content=\"Tiempo de lectura\" \/>\n\t<meta name=\"twitter:data1\" content=\"1 minuto\" \/>\n<script type=\"application\/ld+json\" class=\"yoast-schema-graph\">{\"@context\":\"https:\/\/schema.org\",\"@graph\":[{\"@type\":\"WebPage\",\"@id\":\"https:\/\/raptorcoatings.com\/es\/producto\/aparejo-epoxi-antioxidante-raptor\/\",\"url\":\"https:\/\/raptorcoatings.com\/es\/producto\/aparejo-epoxi-antioxidante-raptor\/\",\"name\":\"APAREJO EPOXI ANTIOXIDANTE RAPTOR - Raptortough\",\"isPartOf\":{\"@id\":\"https:\/\/raptorcoatings.com\/es\/#website\"},\"primaryImageOfPage\":{\"@id\":\"https:\/\/raptorcoatings.com\/es\/producto\/aparejo-epoxi-antioxidante-raptor\/#primaryimage\"},\"image\":{\"@id\":\"https:\/\/raptorcoatings.com\/es\/producto\/aparejo-epoxi-antioxidante-raptor\/#primaryimage\"},\"thumbnailUrl\":\"https:\/\/raptorcoatings.com\/wp-content\/uploads\/Untitled-design-41.png\",\"datePublished\":\"2023-01-16T12:31:21+00:00\",\"dateModified\":\"2025-04-09T08:26:15+00:00\",\"breadcrumb\":{\"@id\":\"https:\/\/raptorcoatings.com\/es\/producto\/aparejo-epoxi-antioxidante-raptor\/#breadcrumb\"},\"inLanguage\":\"es\",\"potentialAction\":[{\"@type\":\"ReadAction\",\"target\":[\"https:\/\/raptorcoatings.com\/es\/producto\/aparejo-epoxi-antioxidante-raptor\/\"]}]},{\"@type\":\"ImageObject\",\"inLanguage\":\"es\",\"@id\":\"https:\/\/raptorcoatings.com\/es\/producto\/aparejo-epoxi-antioxidante-raptor\/#primaryimage\",\"url\":\"https:\/\/raptorcoatings.com\/wp-content\/uploads\/Untitled-design-41.png\",\"contentUrl\":\"https:\/\/raptorcoatings.com\/wp-content\/uploads\/Untitled-design-41.png\",\"width\":800,\"height\":800},{\"@type\":\"BreadcrumbList\",\"@id\":\"https:\/\/raptorcoatings.com\/es\/producto\/aparejo-epoxi-antioxidante-raptor\/#breadcrumb\",\"itemListElement\":[{\"@type\":\"ListItem\",\"position\":1,\"name\":\"Home\",\"item\":\"https:\/\/raptorcoatings.com\/es\/\"},{\"@type\":\"ListItem\",\"position\":2,\"name\":\"Productos\",\"item\":\"https:\/\/raptorcoatings.com\/es\/products\/\"},{\"@type\":\"ListItem\",\"position\":3,\"name\":\"APAREJO EPOXI ANTIOXIDANTE RAPTOR\"}]},{\"@type\":\"WebSite\",\"@id\":\"https:\/\/raptorcoatings.com\/es\/#website\",\"url\":\"https:\/\/raptorcoatings.com\/es\/\",\"name\":\"Raptor Coatings\",\"description\":\"\",\"potentialAction\":[{\"@type\":\"SearchAction\",\"target\":{\"@type\":\"EntryPoint\",\"urlTemplate\":\"https:\/\/raptorcoatings.com\/es\/?s={search_term_string}\"},\"query-input\":{\"@type\":\"PropertyValueSpecification\",\"valueRequired\":true,\"valueName\":\"search_term_string\"}}],\"inLanguage\":\"es\"}]}<\/script>\n<!-- \/ Yoast SEO plugin. -->","yoast_head_json":{"title":"APAREJO EPOXI ANTIOXIDANTE RAPTOR - Raptortough","robots":{"index":"index","follow":"follow","max-snippet":"max-snippet:-1","max-image-preview":"max-image-preview:large","max-video-preview":"max-video-preview:-1"},"canonical":"https:\/\/raptorcoatings.com\/es\/producto\/aparejo-epoxi-antioxidante-raptor\/","og_locale":"es_ES","og_type":"article","og_title":"APAREJO EPOXI ANTIOXIDANTE RAPTOR - Raptortough","og_description":"El aparejo epoxi antioxidante RAPTOR de dos componentes y de alto rendimiento ha sido formulado para usar con el recubrimiento de protecci\u00f3n RAPTOR. Contiene una mezcla de aditivos anticorrosivos para ayudar a reducir el \u00f3xido y tiene una excelente resistencia a la niebla salina*. La tecnolog\u00eda de punta de su resina mejora la adherencia a las supercifies dificiles y prolonga la vida \u00fatil del Revestimiento de Protecci\u00f3n RAPTOR.  \u2022 Excelente resistencia a la corrosi\u00f3n \u2022 Tambi\u00e9n puede aplicarse en mojado sobre mojado \u2022 Excelente opacidad y cobertura","og_url":"https:\/\/raptorcoatings.com\/es\/producto\/aparejo-epoxi-antioxidante-raptor\/","og_site_name":"Raptortough","article_modified_time":"2025-04-09T08:26:15+00:00","og_image":[{"width":800,"height":800,"url":"https:\/\/raptorcoatings.com\/wp-content\/uploads\/Untitled-design-41.png","type":"image\/png"}],"twitter_card":"summary_large_image","twitter_misc":{"Tiempo de lectura":"1 minuto"},"schema":{"@context":"https:\/\/schema.org","@graph":[{"@type":"WebPage","@id":"https:\/\/raptorcoatings.com\/es\/producto\/aparejo-epoxi-antioxidante-raptor\/","url":"https:\/\/raptorcoatings.com\/es\/producto\/aparejo-epoxi-antioxidante-raptor\/","name":"APAREJO EPOXI ANTIOXIDANTE RAPTOR - Raptortough","isPartOf":{"@id":"https:\/\/raptorcoatings.com\/es\/#website"},"primaryImageOfPage":{"@id":"https:\/\/raptorcoatings.com\/es\/producto\/aparejo-epoxi-antioxidante-raptor\/#primaryimage"},"image":{"@id":"https:\/\/raptorcoatings.com\/es\/producto\/aparejo-epoxi-antioxidante-raptor\/#primaryimage"},"thumbnailUrl":"https:\/\/raptorcoatings.com\/wp-content\/uploads\/Untitled-design-41.png","datePublished":"2023-01-16T12:31:21+00:00","dateModified":"2025-04-09T08:26:15+00:00","breadcrumb":{"@id":"https:\/\/raptorcoatings.com\/es\/producto\/aparejo-epoxi-antioxidante-raptor\/#breadcrumb"},"inLanguage":"es","potentialAction":[{"@type":"ReadAction","target":["https:\/\/raptorcoatings.com\/es\/producto\/aparejo-epoxi-antioxidante-raptor\/"]}]},{"@type":"ImageObject","inLanguage":"es","@id":"https:\/\/raptorcoatings.com\/es\/producto\/aparejo-epoxi-antioxidante-raptor\/#primaryimage","url":"https:\/\/raptorcoatings.com\/wp-content\/uploads\/Untitled-design-41.png","contentUrl":"https:\/\/raptorcoatings.com\/wp-content\/uploads\/Untitled-design-41.png","width":800,"height":800},{"@type":"BreadcrumbList","@id":"https:\/\/raptorcoatings.com\/es\/producto\/aparejo-epoxi-antioxidante-raptor\/#breadcrumb","itemListElement":[{"@type":"ListItem","position":1,"name":"Home","item":"https:\/\/raptorcoatings.com\/es\/"},{"@type":"ListItem","position":2,"name":"Productos","item":"https:\/\/raptorcoatings.com\/es\/products\/"},{"@type":"ListItem","position":3,"name":"APAREJO EPOXI ANTIOXIDANTE RAPTOR"}]},{"@type":"WebSite","@id":"https:\/\/raptorcoatings.com\/es\/#website","url":"https:\/\/raptorcoatings.com\/es\/","name":"Raptor Coatings","description":"","potentialAction":[{"@type":"SearchAction","target":{"@type":"EntryPoint","urlTemplate":"https:\/\/raptorcoatings.com\/es\/?s={search_term_string}"},"query-input":{"@type":"PropertyValueSpecification","valueRequired":true,"valueName":"search_term_string"}}],"inLanguage":"es"}]}},"_links":{"self":[{"href":"https:\/\/raptorcoatings.com\/es\/wp-json\/wp\/v2\/product\/57129","targetHints":{"allow":["GET"]}}],"collection":[{"href":"https:\/\/raptorcoatings.com\/es\/wp-json\/wp\/v2\/product"}],"about":[{"href":"https:\/\/raptorcoatings.com\/es\/wp-json\/wp\/v2\/types\/product"}],"wp:featuredmedia":[{"embeddable":true,"href":"https:\/\/raptorcoatings.com\/es\/wp-json\/wp\/v2\/media\/57171"}],"wp:attachment":[{"href":"https:\/\/raptorcoatings.com\/es\/wp-json\/wp\/v2\/media?parent=57129"}],"wp:term":[{"taxonomy":"product_brand","embeddable":true,"href":"https:\/\/raptorcoatings.com\/es\/wp-json\/wp\/v2\/product_brand?post=57129"},{"taxonomy":"product_cat","embeddable":true,"href":"https:\/\/raptorcoatings.com\/es\/wp-json\/wp\/v2\/product_cat?post=57129"},{"taxonomy":"product_tag","embeddable":true,"href":"https:\/\/raptorcoatings.com\/es\/wp-json\/wp\/v2\/product_tag?post=57129"}],"curies":[{"name":"wp","href":"https:\/\/api.w.org\/{rel}","templated":true}]}}