{"id":57076,"date":"2022-12-08T14:06:35","date_gmt":"2022-12-08T14:06:35","guid":{"rendered":"https:\/\/raptorcoatings.com\/?post_type=product&#038;p=57076"},"modified":"2025-04-09T08:23:51","modified_gmt":"2025-04-09T08:23:51","slug":"aerosol-2k-raptor","status":"publish","type":"product","link":"https:\/\/raptorcoatings.com\/es\/producto\/aerosol-2k-raptor\/","title":{"rendered":"AEROSOL 2K RAPTOR"},"content":{"rendered":"<div class=\"fusion-fullwidth fullwidth-box fusion-builder-row-1 fusion-flex-container has-pattern-background has-mask-background nonhundred-percent-fullwidth non-hundred-percent-height-scrolling\" style=\"--awb-border-radius-top-left:0px;--awb-border-radius-top-right:0px;--awb-border-radius-bottom-right:0px;--awb-border-radius-bottom-left:0px;--awb-flex-wrap:wrap;\" ><div class=\"fusion-builder-row fusion-row fusion-flex-align-items-flex-start fusion-flex-content-wrap\" style=\"max-width:calc( 1640px + 12px );margin-left: calc(-12px \/ 2 );margin-right: calc(-12px \/ 2 );\"><div class=\"fusion-layout-column fusion_builder_column fusion-builder-column-0 fusion_builder_column_1_1 1_1 fusion-flex-column\" style=\"--awb-bg-size:cover;--awb-width-large:100%;--awb-margin-top-large:0px;--awb-spacing-right-large:6px;--awb-margin-bottom-large:20px;--awb-spacing-left-large:6px;--awb-width-medium:100%;--awb-order-medium:0;--awb-spacing-right-medium:6px;--awb-spacing-left-medium:6px;--awb-width-small:100%;--awb-order-small:0;--awb-spacing-right-small:6px;--awb-spacing-left-small:6px;\"><div class=\"fusion-column-wrapper fusion-column-has-shadow fusion-flex-justify-content-flex-start fusion-content-layout-column\">\n<div class=\"table-1\">\n<table width=\"100%\">\n<thead>\n<tr>\n<th align=\"left\">C\u00f3digo<\/th>\n<th align=\"left\">Descripci\u00f3n<\/th>\n<th align=\"left\">Color<\/th>\n<th align=\"left\">Por Caja<\/th>\n<th align=\"left\">Ficha t\u00e9cnica<\/th>\n<th align=\"left\">Ficha de datos de seguridad<\/th>\n<\/tr>\n<\/thead>\n<tbody>\n<tr>\n<td align=\"left\">RLB\/AL<\/td>\n<td align=\"left\">Aerosol 400ml<\/td>\n<td align=\"left\">Negro<\/td>\n<td align=\"left\">6<\/td>\n<td align=\"left\"><a href=\"https:\/\/raptorcoatings.com\/wp-content\/uploads\/ES-RLBWAL-TDS.pdf\">RLB\/AL &#8211; TDS<\/a><\/td>\n<td align=\"left\"><a href=\"https:\/\/raptorcoatings.com\/wp-content\/uploads\/RLB_AL_RPTR_ES_es_390.pdf\">RLB\/AL &#8211; SDS<\/a><\/td>\n<\/tr>\n<tr>\n<td align=\"left\">RLW\/AL<\/td>\n<td align=\"left\">Aerosol 400ml<\/td>\n<td align=\"left\">Blanco<\/td>\n<td align=\"left\">6<\/td>\n<td align=\"left\"><a href=\"https:\/\/raptorcoatings.com\/wp-content\/uploads\/ES-RLBWAL-TDS.pdf\">RLW\/AL &#8211; TDS<\/a><\/td>\n<td align=\"left\"><a href=\"https:\/\/raptorcoatings.com\/wp-content\/uploads\/RLW_AL_RPTR_ES_es_390.pdf\">RLW\/AL &#8211; SDS<\/a><\/td>\n<\/tr>\n<\/tbody>\n<\/table>\n<\/div>\n<\/div><\/div><\/div><\/div>\n","protected":false},"excerpt":{"rendered":"<p>El sistema de Aerosol 2K RAPTOR es una forma conveniente, f\u00e1cil y r\u00e1pida de aplicar, sin comprometer el rendimiento y sin los equipos de pulverizaci\u00f3n necesarios. La durabilidad de RAPTOR con la comodidad de un aerosol. Ideal para reparaciones peque\u00f1as y trabajos peque\u00f1os.<br \/>\n\u2022 F\u00e1cil y pr\u00e1ctico: active con la v\u00e1lvula en la base<br \/>\n\u2022 Acabado texturizado tipo pistola<br \/>\n\u2022 No se necesita equipo de pulverizaci\u00f3n<br \/>\n\u2022 Un aerosol cubre proximadamente 1.3m\u00b2<br \/>\n\u2022 Vida \u00fatil de la mezcla a 20\u00b0C: 60 minutos cuando se activa<br \/>\n\u2022 Aplicaci\u00f3n a una distancia de 60-90 cm del objeto<\/p>\n","protected":false},"featured_media":57128,"template":"","meta":[],"product_brand":[],"product_cat":[1236,1227,1233,1235],"product_tag":[1219,1224],"class_list":{"0":"post-57076","1":"product","2":"type-product","3":"status-publish","4":"has-post-thumbnail","6":"product_cat-2k-aerosol-es","7":"product_cat-coatings-es","8":"product_cat-product-es","9":"product_cat-raptor-es","10":"product_tag-sprinter-van-es","11":"product_tag-willys-es","13":"first","14":"instock","15":"shipping-taxable","16":"product-type-simple"},"gallery_images":[7927,7918,7909,8151],"yoast_head":"<!-- This site is optimized with the Yoast SEO plugin v27.1.1 - https:\/\/yoast.com\/product\/yoast-seo-wordpress\/ -->\n<title>AEROSOL 2K RAPTOR - Raptortough<\/title>\n<meta name=\"robots\" content=\"index, follow, max-snippet:-1, max-image-preview:large, max-video-preview:-1\" \/>\n<link rel=\"canonical\" href=\"https:\/\/raptorcoatings.com\/es\/producto\/aerosol-2k-raptor\/\" \/>\n<meta property=\"og:locale\" content=\"es_ES\" \/>\n<meta property=\"og:type\" content=\"article\" \/>\n<meta property=\"og:title\" content=\"AEROSOL 2K RAPTOR - Raptortough\" \/>\n<meta property=\"og:description\" content=\"El sistema de Aerosol 2K RAPTOR es una forma conveniente, f\u00e1cil y r\u00e1pida de aplicar, sin comprometer el rendimiento y sin los equipos de pulverizaci\u00f3n necesarios. La durabilidad de RAPTOR con la comodidad de un aerosol. Ideal para reparaciones peque\u00f1as y trabajos peque\u00f1os. \u2022 F\u00e1cil y pr\u00e1ctico: active con la v\u00e1lvula en la base \u2022 Acabado texturizado tipo pistola \u2022 No se necesita equipo de pulverizaci\u00f3n \u2022 Un aerosol cubre proximadamente 1.3m\u00b2 \u2022 Vida \u00fatil de la mezcla a 20\u00b0C: 60 minutos cuando se activa \u2022 Aplicaci\u00f3n a una distancia de 60-90 cm del objeto\" \/>\n<meta property=\"og:url\" content=\"https:\/\/raptorcoatings.com\/es\/producto\/aerosol-2k-raptor\/\" \/>\n<meta property=\"og:site_name\" content=\"Raptortough\" \/>\n<meta property=\"article:modified_time\" content=\"2025-04-09T08:23:51+00:00\" \/>\n<meta property=\"og:image\" content=\"https:\/\/raptorcoatings.com\/wp-content\/uploads\/Raptor-2k-Anti-Corrosive-Epoxy-Primer-Aerosol.jpg\" \/>\n\t<meta property=\"og:image:width\" content=\"800\" \/>\n\t<meta property=\"og:image:height\" content=\"800\" \/>\n\t<meta property=\"og:image:type\" content=\"image\/jpeg\" \/>\n<meta name=\"twitter:card\" content=\"summary_large_image\" \/>\n<meta name=\"twitter:label1\" content=\"Tiempo de lectura\" \/>\n\t<meta name=\"twitter:data1\" content=\"3 minutos\" \/>\n<script type=\"application\/ld+json\" class=\"yoast-schema-graph\">{\"@context\":\"https:\/\/schema.org\",\"@graph\":[{\"@type\":\"WebPage\",\"@id\":\"https:\/\/raptorcoatings.com\/es\/producto\/aerosol-2k-raptor\/\",\"url\":\"https:\/\/raptorcoatings.com\/es\/producto\/aerosol-2k-raptor\/\",\"name\":\"AEROSOL 2K RAPTOR - Raptortough\",\"isPartOf\":{\"@id\":\"https:\/\/raptorcoatings.com\/es\/#website\"},\"primaryImageOfPage\":{\"@id\":\"https:\/\/raptorcoatings.com\/es\/producto\/aerosol-2k-raptor\/#primaryimage\"},\"image\":{\"@id\":\"https:\/\/raptorcoatings.com\/es\/producto\/aerosol-2k-raptor\/#primaryimage\"},\"thumbnailUrl\":\"https:\/\/raptorcoatings.com\/wp-content\/uploads\/Raptor-2k-Anti-Corrosive-Epoxy-Primer-Aerosol.jpg\",\"datePublished\":\"2022-12-08T14:06:35+00:00\",\"dateModified\":\"2025-04-09T08:23:51+00:00\",\"breadcrumb\":{\"@id\":\"https:\/\/raptorcoatings.com\/es\/producto\/aerosol-2k-raptor\/#breadcrumb\"},\"inLanguage\":\"es\",\"potentialAction\":[{\"@type\":\"ReadAction\",\"target\":[\"https:\/\/raptorcoatings.com\/es\/producto\/aerosol-2k-raptor\/\"]}]},{\"@type\":\"ImageObject\",\"inLanguage\":\"es\",\"@id\":\"https:\/\/raptorcoatings.com\/es\/producto\/aerosol-2k-raptor\/#primaryimage\",\"url\":\"https:\/\/raptorcoatings.com\/wp-content\/uploads\/Raptor-2k-Anti-Corrosive-Epoxy-Primer-Aerosol.jpg\",\"contentUrl\":\"https:\/\/raptorcoatings.com\/wp-content\/uploads\/Raptor-2k-Anti-Corrosive-Epoxy-Primer-Aerosol.jpg\",\"width\":800,\"height\":800,\"caption\":\"RAPTOR 2K Bedliner Aerosol\"},{\"@type\":\"BreadcrumbList\",\"@id\":\"https:\/\/raptorcoatings.com\/es\/producto\/aerosol-2k-raptor\/#breadcrumb\",\"itemListElement\":[{\"@type\":\"ListItem\",\"position\":1,\"name\":\"Home\",\"item\":\"https:\/\/raptorcoatings.com\/es\/\"},{\"@type\":\"ListItem\",\"position\":2,\"name\":\"Productos\",\"item\":\"https:\/\/raptorcoatings.com\/es\/products\/\"},{\"@type\":\"ListItem\",\"position\":3,\"name\":\"AEROSOL 2K RAPTOR\"}]},{\"@type\":\"WebSite\",\"@id\":\"https:\/\/raptorcoatings.com\/es\/#website\",\"url\":\"https:\/\/raptorcoatings.com\/es\/\",\"name\":\"Raptor Coatings\",\"description\":\"\",\"potentialAction\":[{\"@type\":\"SearchAction\",\"target\":{\"@type\":\"EntryPoint\",\"urlTemplate\":\"https:\/\/raptorcoatings.com\/es\/?s={search_term_string}\"},\"query-input\":{\"@type\":\"PropertyValueSpecification\",\"valueRequired\":true,\"valueName\":\"search_term_string\"}}],\"inLanguage\":\"es\"}]}<\/script>\n<!-- \/ Yoast SEO plugin. -->","yoast_head_json":{"title":"AEROSOL 2K RAPTOR - Raptortough","robots":{"index":"index","follow":"follow","max-snippet":"max-snippet:-1","max-image-preview":"max-image-preview:large","max-video-preview":"max-video-preview:-1"},"canonical":"https:\/\/raptorcoatings.com\/es\/producto\/aerosol-2k-raptor\/","og_locale":"es_ES","og_type":"article","og_title":"AEROSOL 2K RAPTOR - Raptortough","og_description":"El sistema de Aerosol 2K RAPTOR es una forma conveniente, f\u00e1cil y r\u00e1pida de aplicar, sin comprometer el rendimiento y sin los equipos de pulverizaci\u00f3n necesarios. La durabilidad de RAPTOR con la comodidad de un aerosol. Ideal para reparaciones peque\u00f1as y trabajos peque\u00f1os. \u2022 F\u00e1cil y pr\u00e1ctico: active con la v\u00e1lvula en la base \u2022 Acabado texturizado tipo pistola \u2022 No se necesita equipo de pulverizaci\u00f3n \u2022 Un aerosol cubre proximadamente 1.3m\u00b2 \u2022 Vida \u00fatil de la mezcla a 20\u00b0C: 60 minutos cuando se activa \u2022 Aplicaci\u00f3n a una distancia de 60-90 cm del objeto","og_url":"https:\/\/raptorcoatings.com\/es\/producto\/aerosol-2k-raptor\/","og_site_name":"Raptortough","article_modified_time":"2025-04-09T08:23:51+00:00","og_image":[{"width":800,"height":800,"url":"https:\/\/raptorcoatings.com\/wp-content\/uploads\/Raptor-2k-Anti-Corrosive-Epoxy-Primer-Aerosol.jpg","type":"image\/jpeg"}],"twitter_card":"summary_large_image","twitter_misc":{"Tiempo de lectura":"3 minutos"},"schema":{"@context":"https:\/\/schema.org","@graph":[{"@type":"WebPage","@id":"https:\/\/raptorcoatings.com\/es\/producto\/aerosol-2k-raptor\/","url":"https:\/\/raptorcoatings.com\/es\/producto\/aerosol-2k-raptor\/","name":"AEROSOL 2K RAPTOR - Raptortough","isPartOf":{"@id":"https:\/\/raptorcoatings.com\/es\/#website"},"primaryImageOfPage":{"@id":"https:\/\/raptorcoatings.com\/es\/producto\/aerosol-2k-raptor\/#primaryimage"},"image":{"@id":"https:\/\/raptorcoatings.com\/es\/producto\/aerosol-2k-raptor\/#primaryimage"},"thumbnailUrl":"https:\/\/raptorcoatings.com\/wp-content\/uploads\/Raptor-2k-Anti-Corrosive-Epoxy-Primer-Aerosol.jpg","datePublished":"2022-12-08T14:06:35+00:00","dateModified":"2025-04-09T08:23:51+00:00","breadcrumb":{"@id":"https:\/\/raptorcoatings.com\/es\/producto\/aerosol-2k-raptor\/#breadcrumb"},"inLanguage":"es","potentialAction":[{"@type":"ReadAction","target":["https:\/\/raptorcoatings.com\/es\/producto\/aerosol-2k-raptor\/"]}]},{"@type":"ImageObject","inLanguage":"es","@id":"https:\/\/raptorcoatings.com\/es\/producto\/aerosol-2k-raptor\/#primaryimage","url":"https:\/\/raptorcoatings.com\/wp-content\/uploads\/Raptor-2k-Anti-Corrosive-Epoxy-Primer-Aerosol.jpg","contentUrl":"https:\/\/raptorcoatings.com\/wp-content\/uploads\/Raptor-2k-Anti-Corrosive-Epoxy-Primer-Aerosol.jpg","width":800,"height":800,"caption":"RAPTOR 2K Bedliner Aerosol"},{"@type":"BreadcrumbList","@id":"https:\/\/raptorcoatings.com\/es\/producto\/aerosol-2k-raptor\/#breadcrumb","itemListElement":[{"@type":"ListItem","position":1,"name":"Home","item":"https:\/\/raptorcoatings.com\/es\/"},{"@type":"ListItem","position":2,"name":"Productos","item":"https:\/\/raptorcoatings.com\/es\/products\/"},{"@type":"ListItem","position":3,"name":"AEROSOL 2K RAPTOR"}]},{"@type":"WebSite","@id":"https:\/\/raptorcoatings.com\/es\/#website","url":"https:\/\/raptorcoatings.com\/es\/","name":"Raptor Coatings","description":"","potentialAction":[{"@type":"SearchAction","target":{"@type":"EntryPoint","urlTemplate":"https:\/\/raptorcoatings.com\/es\/?s={search_term_string}"},"query-input":{"@type":"PropertyValueSpecification","valueRequired":true,"valueName":"search_term_string"}}],"inLanguage":"es"}]}},"_links":{"self":[{"href":"https:\/\/raptorcoatings.com\/es\/wp-json\/wp\/v2\/product\/57076","targetHints":{"allow":["GET"]}}],"collection":[{"href":"https:\/\/raptorcoatings.com\/es\/wp-json\/wp\/v2\/product"}],"about":[{"href":"https:\/\/raptorcoatings.com\/es\/wp-json\/wp\/v2\/types\/product"}],"wp:featuredmedia":[{"embeddable":true,"href":"https:\/\/raptorcoatings.com\/es\/wp-json\/wp\/v2\/media\/57128"}],"wp:attachment":[{"href":"https:\/\/raptorcoatings.com\/es\/wp-json\/wp\/v2\/media?parent=57076"}],"wp:term":[{"taxonomy":"product_brand","embeddable":true,"href":"https:\/\/raptorcoatings.com\/es\/wp-json\/wp\/v2\/product_brand?post=57076"},{"taxonomy":"product_cat","embeddable":true,"href":"https:\/\/raptorcoatings.com\/es\/wp-json\/wp\/v2\/product_cat?post=57076"},{"taxonomy":"product_tag","embeddable":true,"href":"https:\/\/raptorcoatings.com\/es\/wp-json\/wp\/v2\/product_tag?post=57076"}],"curies":[{"name":"wp","href":"https:\/\/api.w.org\/{rel}","templated":true}]}}