{"id":57071,"date":"2023-01-16T12:49:54","date_gmt":"2023-01-16T12:49:54","guid":{"rendered":"https:\/\/raptorcoatings.com\/?post_type=product&#038;p=57071"},"modified":"2025-03-26T12:02:22","modified_gmt":"2025-03-26T12:02:22","slug":"raptor-1k-multi-use-protective-coating","status":"publish","type":"product","link":"https:\/\/raptorcoatings.com\/es\/producto\/raptor-1k-multi-use-protective-coating\/","title":{"rendered":"RECUBRIMIENTO DE PROTECCI\u00d3N MULTIUSO RAPTOR"},"content":{"rendered":"<p><div class=\"fusion-fullwidth fullwidth-box fusion-builder-row-1 fusion-flex-container has-pattern-background has-mask-background nonhundred-percent-fullwidth non-hundred-percent-height-scrolling\" style=\"--awb-border-radius-top-left:0px;--awb-border-radius-top-right:0px;--awb-border-radius-bottom-right:0px;--awb-border-radius-bottom-left:0px;--awb-padding-top:50px;--awb-padding-right:0px;--awb-padding-bottom:0px;--awb-padding-left:0px;--awb-flex-wrap:wrap;\" ><div class=\"fusion-builder-row fusion-row fusion-flex-align-items-flex-start fusion-flex-justify-content-flex-end fusion-flex-content-wrap\" style=\"max-width:calc( 1640px + 12px );margin-left: calc(-12px \/ 2 );margin-right: calc(-12px \/ 2 );\"><div class=\"fusion-layout-column fusion_builder_column fusion-builder-column-0 fusion_builder_column_1_1 1_1 fusion-flex-column\" style=\"--awb-bg-size:cover;--awb-width-large:100%;--awb-margin-top-large:0px;--awb-spacing-right-large:6px;--awb-margin-bottom-large:20px;--awb-spacing-left-large:6px;--awb-width-medium:100%;--awb-order-medium:0;--awb-spacing-right-medium:6px;--awb-spacing-left-medium:6px;--awb-width-small:100%;--awb-order-small:0;--awb-spacing-right-small:6px;--awb-spacing-left-small:6px;\"><div class=\"fusion-column-wrapper fusion-column-has-shadow fusion-flex-justify-content-flex-start fusion-content-layout-column\">\n<div class=\"table-1 productTable\">\n<table width=\"100%\">\n<thead>\n<tr>\n<th align=\"left\">C\u00f3digo<\/th>\n<th align=\"left\">Descripci\u00f3n<\/th>\n<th align=\"left\">Color<\/th>\n<th align=\"left\">Por Caja<\/th>\n<th align=\"left\">Ficha t\u00e9cnica<\/th>\n<th align=\"left\">Ficha de datos de seguridad<\/th>\n<\/tr>\n<\/thead>\n<tbody>\n<tr>\n<td align=\"left\">RMUB\/AL<\/td>\n<td align=\"left\">Aerosol 450ml<\/td>\n<td align=\"left\">Negro<\/td>\n<td align=\"left\">6<\/td>\n<td align=\"left\"><\/td>\n<td align=\"left\"><a href=\"https:\/\/raptorcoatings.com\/wp-content\/uploads\/RMUB_RPTR_ES_es_390.pdf\">RMUBAL-SDS<\/a><\/td>\n<\/tr>\n<tr>\n<td align=\"left\">RMUW\/AL<\/td>\n<td align=\"left\">Aerosol 450ml<\/td>\n<td align=\"left\">Blanco<\/td>\n<td align=\"left\">6<\/td>\n<td align=\"left\"><\/td>\n<td align=\"left\"><a href=\"https:\/\/raptorcoatings.com\/wp-content\/uploads\/RMUWAL_RPTR_ES_es_390.pdf\">RMUWAL-SDS<\/a><\/td>\n<\/tr>\n<\/tbody>\n<\/table>\n<\/div>\n<div class=\"fusion-text fusion-text-1 fusion-no-medium-visibility fusion-no-large-visibility\"><p style=\"text-align: center;\"><span style=\"color: #ffffff; font-size: 16px;\"><strong>Swipe table<\/strong><\/span> <i class=\"fb-icon-element-1 fb-icon-element fontawesome-icon fa-hand-pointer fas circle-no fusion-text-flow\" style=\"--awb-font-size:20px;--awb-margin-right:10px;\"><\/i><\/p>\n<\/div>\n<\/div><\/div><\/div><\/div><div class=\"fusion-fullwidth fullwidth-box fusion-builder-row-2 fusion-flex-container has-pattern-background has-mask-background nonhundred-percent-fullwidth non-hundred-percent-height-scrolling\" style=\"--awb-border-radius-top-left:0px;--awb-border-radius-top-right:0px;--awb-border-radius-bottom-right:0px;--awb-border-radius-bottom-left:0px;--awb-flex-wrap:wrap;\" ><div class=\"fusion-builder-row fusion-row fusion-flex-align-items-flex-start fusion-flex-content-wrap\" style=\"max-width:calc( 1640px + 12px );margin-left: calc(-12px \/ 2 );margin-right: calc(-12px \/ 2 );\"><div class=\"fusion-layout-column fusion_builder_column fusion-builder-column-1 fusion_builder_column_1_5 1_5 fusion-flex-column\" style=\"--awb-bg-size:cover;--awb-width-large:20%;--awb-margin-top-large:0px;--awb-spacing-right-large:6px;--awb-margin-bottom-large:20px;--awb-spacing-left-large:6px;--awb-width-medium:20%;--awb-order-medium:0;--awb-spacing-right-medium:6px;--awb-spacing-left-medium:6px;--awb-width-small:100%;--awb-order-small:0;--awb-spacing-right-small:6px;--awb-spacing-left-small:6px;\"><div class=\"fusion-column-wrapper fusion-column-has-shadow fusion-flex-justify-content-flex-start fusion-content-layout-column\"><\/div><\/div><\/div><\/div><\/p>\n","protected":false},"excerpt":{"rendered":"<p>Un aerosol 1K f\u00e1cil de usar que da un acabado duradero y resistente a la abrasi\u00f3n, con excelente adherencia a una amplia gama de superficies. Ideal para aplicaciones peque\u00f1as y retoques automotrices, as\u00ed como para proteger muchas superficies en casa.<\/p>\n<p>\u2022 Acabado texturizado<br \/>\n\u2022 Duradero y resistente al agua, impide la corrosi\u00f3n<br \/>\n\u2022 Resistente a los rayos UV, impide la decoloraci\u00f3n<br \/>\n\u2022 Excelente adherencia a las siguientes superficies preparadas: metal, aluminio,<br \/>\nfibra de vidrio, pl\u00e1stico y madera<br \/>\n\u2022 F\u00e1cil de usar<\/p>\n","protected":false},"featured_media":62481,"template":"","meta":[],"product_brand":[],"product_cat":[1238,1233,1235],"product_tag":[],"class_list":{"0":"post-57071","1":"product","2":"type-product","3":"status-publish","4":"has-post-thumbnail","6":"product_cat-bed-liner-protective-coating-es","7":"product_cat-product-es","8":"product_cat-raptor-es","10":"first","11":"instock","12":"shipping-taxable","13":"product-type-simple"},"gallery_images":[21466],"yoast_head":"<!-- This site is optimized with the Yoast SEO plugin v27.1.1 - https:\/\/yoast.com\/product\/yoast-seo-wordpress\/ -->\n<title>RECUBRIMIENTO DE PROTECCI\u00d3N MULTIUSO RAPTOR - Raptortough<\/title>\n<meta name=\"robots\" content=\"index, follow, max-snippet:-1, max-image-preview:large, max-video-preview:-1\" \/>\n<link rel=\"canonical\" href=\"https:\/\/raptorcoatings.com\/es\/producto\/raptor-1k-multi-use-protective-coating\/\" \/>\n<meta property=\"og:locale\" content=\"es_ES\" \/>\n<meta property=\"og:type\" content=\"article\" \/>\n<meta property=\"og:title\" content=\"RECUBRIMIENTO DE PROTECCI\u00d3N MULTIUSO RAPTOR - Raptortough\" \/>\n<meta property=\"og:description\" content=\"Un aerosol 1K f\u00e1cil de usar que da un acabado duradero y resistente a la abrasi\u00f3n, con excelente adherencia a una amplia gama de superficies. Ideal para aplicaciones peque\u00f1as y retoques automotrices, as\u00ed como para proteger muchas superficies en casa.  \u2022 Acabado texturizado \u2022 Duradero y resistente al agua, impide la corrosi\u00f3n \u2022 Resistente a los rayos UV, impide la decoloraci\u00f3n \u2022 Excelente adherencia a las siguientes superficies preparadas: metal, aluminio, fibra de vidrio, pl\u00e1stico y madera \u2022 F\u00e1cil de usar\" \/>\n<meta property=\"og:url\" content=\"https:\/\/raptorcoatings.com\/es\/producto\/raptor-1k-multi-use-protective-coating\/\" \/>\n<meta property=\"og:site_name\" content=\"Raptortough\" \/>\n<meta property=\"article:modified_time\" content=\"2025-03-26T12:02:22+00:00\" \/>\n<meta property=\"og:image\" content=\"https:\/\/raptorcoatings.com\/wp-content\/uploads\/Multi-Use-1K.jpg\" \/>\n\t<meta property=\"og:image:width\" content=\"1476\" \/>\n\t<meta property=\"og:image:height\" content=\"1500\" \/>\n\t<meta property=\"og:image:type\" content=\"image\/jpeg\" \/>\n<meta name=\"twitter:card\" content=\"summary_large_image\" \/>\n<meta name=\"twitter:label1\" content=\"Tiempo de lectura\" \/>\n\t<meta name=\"twitter:data1\" content=\"1 minuto\" \/>\n<script type=\"application\/ld+json\" class=\"yoast-schema-graph\">{\"@context\":\"https:\/\/schema.org\",\"@graph\":[{\"@type\":\"WebPage\",\"@id\":\"https:\/\/raptorcoatings.com\/es\/producto\/raptor-1k-multi-use-protective-coating\/\",\"url\":\"https:\/\/raptorcoatings.com\/es\/producto\/raptor-1k-multi-use-protective-coating\/\",\"name\":\"RECUBRIMIENTO DE PROTECCI\u00d3N MULTIUSO RAPTOR - Raptortough\",\"isPartOf\":{\"@id\":\"https:\/\/raptorcoatings.com\/es\/#website\"},\"primaryImageOfPage\":{\"@id\":\"https:\/\/raptorcoatings.com\/es\/producto\/raptor-1k-multi-use-protective-coating\/#primaryimage\"},\"image\":{\"@id\":\"https:\/\/raptorcoatings.com\/es\/producto\/raptor-1k-multi-use-protective-coating\/#primaryimage\"},\"thumbnailUrl\":\"https:\/\/raptorcoatings.com\/wp-content\/uploads\/Multi-Use-1K.jpg\",\"datePublished\":\"2023-01-16T12:49:54+00:00\",\"dateModified\":\"2025-03-26T12:02:22+00:00\",\"breadcrumb\":{\"@id\":\"https:\/\/raptorcoatings.com\/es\/producto\/raptor-1k-multi-use-protective-coating\/#breadcrumb\"},\"inLanguage\":\"es\",\"potentialAction\":[{\"@type\":\"ReadAction\",\"target\":[\"https:\/\/raptorcoatings.com\/es\/producto\/raptor-1k-multi-use-protective-coating\/\"]}]},{\"@type\":\"ImageObject\",\"inLanguage\":\"es\",\"@id\":\"https:\/\/raptorcoatings.com\/es\/producto\/raptor-1k-multi-use-protective-coating\/#primaryimage\",\"url\":\"https:\/\/raptorcoatings.com\/wp-content\/uploads\/Multi-Use-1K.jpg\",\"contentUrl\":\"https:\/\/raptorcoatings.com\/wp-content\/uploads\/Multi-Use-1K.jpg\",\"width\":1476,\"height\":1500,\"caption\":\"Multi Use Protective Coating\"},{\"@type\":\"BreadcrumbList\",\"@id\":\"https:\/\/raptorcoatings.com\/es\/producto\/raptor-1k-multi-use-protective-coating\/#breadcrumb\",\"itemListElement\":[{\"@type\":\"ListItem\",\"position\":1,\"name\":\"Home\",\"item\":\"https:\/\/raptorcoatings.com\/es\/\"},{\"@type\":\"ListItem\",\"position\":2,\"name\":\"Productos\",\"item\":\"https:\/\/raptorcoatings.com\/es\/products\/\"},{\"@type\":\"ListItem\",\"position\":3,\"name\":\"RECUBRIMIENTO DE PROTECCI\u00d3N MULTIUSO RAPTOR\"}]},{\"@type\":\"WebSite\",\"@id\":\"https:\/\/raptorcoatings.com\/es\/#website\",\"url\":\"https:\/\/raptorcoatings.com\/es\/\",\"name\":\"Raptor Coatings\",\"description\":\"\",\"potentialAction\":[{\"@type\":\"SearchAction\",\"target\":{\"@type\":\"EntryPoint\",\"urlTemplate\":\"https:\/\/raptorcoatings.com\/es\/?s={search_term_string}\"},\"query-input\":{\"@type\":\"PropertyValueSpecification\",\"valueRequired\":true,\"valueName\":\"search_term_string\"}}],\"inLanguage\":\"es\"}]}<\/script>\n<!-- \/ Yoast SEO plugin. -->","yoast_head_json":{"title":"RECUBRIMIENTO DE PROTECCI\u00d3N MULTIUSO RAPTOR - Raptortough","robots":{"index":"index","follow":"follow","max-snippet":"max-snippet:-1","max-image-preview":"max-image-preview:large","max-video-preview":"max-video-preview:-1"},"canonical":"https:\/\/raptorcoatings.com\/es\/producto\/raptor-1k-multi-use-protective-coating\/","og_locale":"es_ES","og_type":"article","og_title":"RECUBRIMIENTO DE PROTECCI\u00d3N MULTIUSO RAPTOR - Raptortough","og_description":"Un aerosol 1K f\u00e1cil de usar que da un acabado duradero y resistente a la abrasi\u00f3n, con excelente adherencia a una amplia gama de superficies. Ideal para aplicaciones peque\u00f1as y retoques automotrices, as\u00ed como para proteger muchas superficies en casa.  \u2022 Acabado texturizado \u2022 Duradero y resistente al agua, impide la corrosi\u00f3n \u2022 Resistente a los rayos UV, impide la decoloraci\u00f3n \u2022 Excelente adherencia a las siguientes superficies preparadas: metal, aluminio, fibra de vidrio, pl\u00e1stico y madera \u2022 F\u00e1cil de usar","og_url":"https:\/\/raptorcoatings.com\/es\/producto\/raptor-1k-multi-use-protective-coating\/","og_site_name":"Raptortough","article_modified_time":"2025-03-26T12:02:22+00:00","og_image":[{"width":1476,"height":1500,"url":"https:\/\/raptorcoatings.com\/wp-content\/uploads\/Multi-Use-1K.jpg","type":"image\/jpeg"}],"twitter_card":"summary_large_image","twitter_misc":{"Tiempo de lectura":"1 minuto"},"schema":{"@context":"https:\/\/schema.org","@graph":[{"@type":"WebPage","@id":"https:\/\/raptorcoatings.com\/es\/producto\/raptor-1k-multi-use-protective-coating\/","url":"https:\/\/raptorcoatings.com\/es\/producto\/raptor-1k-multi-use-protective-coating\/","name":"RECUBRIMIENTO DE PROTECCI\u00d3N MULTIUSO RAPTOR - Raptortough","isPartOf":{"@id":"https:\/\/raptorcoatings.com\/es\/#website"},"primaryImageOfPage":{"@id":"https:\/\/raptorcoatings.com\/es\/producto\/raptor-1k-multi-use-protective-coating\/#primaryimage"},"image":{"@id":"https:\/\/raptorcoatings.com\/es\/producto\/raptor-1k-multi-use-protective-coating\/#primaryimage"},"thumbnailUrl":"https:\/\/raptorcoatings.com\/wp-content\/uploads\/Multi-Use-1K.jpg","datePublished":"2023-01-16T12:49:54+00:00","dateModified":"2025-03-26T12:02:22+00:00","breadcrumb":{"@id":"https:\/\/raptorcoatings.com\/es\/producto\/raptor-1k-multi-use-protective-coating\/#breadcrumb"},"inLanguage":"es","potentialAction":[{"@type":"ReadAction","target":["https:\/\/raptorcoatings.com\/es\/producto\/raptor-1k-multi-use-protective-coating\/"]}]},{"@type":"ImageObject","inLanguage":"es","@id":"https:\/\/raptorcoatings.com\/es\/producto\/raptor-1k-multi-use-protective-coating\/#primaryimage","url":"https:\/\/raptorcoatings.com\/wp-content\/uploads\/Multi-Use-1K.jpg","contentUrl":"https:\/\/raptorcoatings.com\/wp-content\/uploads\/Multi-Use-1K.jpg","width":1476,"height":1500,"caption":"Multi Use Protective Coating"},{"@type":"BreadcrumbList","@id":"https:\/\/raptorcoatings.com\/es\/producto\/raptor-1k-multi-use-protective-coating\/#breadcrumb","itemListElement":[{"@type":"ListItem","position":1,"name":"Home","item":"https:\/\/raptorcoatings.com\/es\/"},{"@type":"ListItem","position":2,"name":"Productos","item":"https:\/\/raptorcoatings.com\/es\/products\/"},{"@type":"ListItem","position":3,"name":"RECUBRIMIENTO DE PROTECCI\u00d3N MULTIUSO RAPTOR"}]},{"@type":"WebSite","@id":"https:\/\/raptorcoatings.com\/es\/#website","url":"https:\/\/raptorcoatings.com\/es\/","name":"Raptor Coatings","description":"","potentialAction":[{"@type":"SearchAction","target":{"@type":"EntryPoint","urlTemplate":"https:\/\/raptorcoatings.com\/es\/?s={search_term_string}"},"query-input":{"@type":"PropertyValueSpecification","valueRequired":true,"valueName":"search_term_string"}}],"inLanguage":"es"}]}},"_links":{"self":[{"href":"https:\/\/raptorcoatings.com\/es\/wp-json\/wp\/v2\/product\/57071","targetHints":{"allow":["GET"]}}],"collection":[{"href":"https:\/\/raptorcoatings.com\/es\/wp-json\/wp\/v2\/product"}],"about":[{"href":"https:\/\/raptorcoatings.com\/es\/wp-json\/wp\/v2\/types\/product"}],"wp:featuredmedia":[{"embeddable":true,"href":"https:\/\/raptorcoatings.com\/es\/wp-json\/wp\/v2\/media\/62481"}],"wp:attachment":[{"href":"https:\/\/raptorcoatings.com\/es\/wp-json\/wp\/v2\/media?parent=57071"}],"wp:term":[{"taxonomy":"product_brand","embeddable":true,"href":"https:\/\/raptorcoatings.com\/es\/wp-json\/wp\/v2\/product_brand?post=57071"},{"taxonomy":"product_cat","embeddable":true,"href":"https:\/\/raptorcoatings.com\/es\/wp-json\/wp\/v2\/product_cat?post=57071"},{"taxonomy":"product_tag","embeddable":true,"href":"https:\/\/raptorcoatings.com\/es\/wp-json\/wp\/v2\/product_tag?post=57071"}],"curies":[{"name":"wp","href":"https:\/\/api.w.org\/{rel}","templated":true}]}}