{"id":57025,"date":"2023-01-04T14:08:27","date_gmt":"2023-01-04T14:08:27","guid":{"rendered":"https:\/\/raptorcoatings.com\/?post_type=product&#038;p=57025"},"modified":"2025-04-09T08:20:52","modified_gmt":"2025-04-09T08:20:52","slug":"kit4botellas","status":"publish","type":"product","link":"https:\/\/raptorcoatings.com\/es\/producto\/kit4botellas\/","title":{"rendered":"Kit 4 Botellas"},"content":{"rendered":"<div class=\"fusion-fullwidth fullwidth-box fusion-builder-row-1 fusion-flex-container has-pattern-background has-mask-background nonhundred-percent-fullwidth non-hundred-percent-height-scrolling\" style=\"--awb-border-radius-top-left:0px;--awb-border-radius-top-right:0px;--awb-border-radius-bottom-right:0px;--awb-border-radius-bottom-left:0px;--awb-flex-wrap:wrap;\" ><div class=\"fusion-builder-row fusion-row fusion-flex-align-items-flex-start fusion-flex-content-wrap\" style=\"max-width:calc( 1640px + 12px );margin-left: calc(-12px \/ 2 );margin-right: calc(-12px \/ 2 );\"><div class=\"fusion-layout-column fusion_builder_column fusion-builder-column-0 fusion_builder_column_1_1 1_1 fusion-flex-column\" style=\"--awb-bg-size:cover;--awb-width-large:100%;--awb-margin-top-large:0px;--awb-spacing-right-large:6px;--awb-margin-bottom-large:20px;--awb-spacing-left-large:6px;--awb-width-medium:100%;--awb-order-medium:0;--awb-spacing-right-medium:6px;--awb-spacing-left-medium:6px;--awb-width-small:100%;--awb-order-small:0;--awb-spacing-right-small:6px;--awb-spacing-left-small:6px;\"><div class=\"fusion-column-wrapper fusion-column-has-shadow fusion-flex-justify-content-flex-start fusion-content-layout-column\">\n<div class=\"table-1\">\n<table width=\"100%\">\n<thead>\n<tr>\n<th align=\"left\">C\u00f3digo<\/th>\n<th align=\"left\">Descripci\u00f3n<\/th>\n<th align=\"left\">Color<\/th>\n<th align=\"left\">Por Caja<\/th>\n<th align=\"left\">Ficha t\u00e9cnica<\/th>\n<th align=\"left\">Ficha de datos de seguridad<\/th>\n<\/tr>\n<\/thead>\n<tbody>\n<tr>\n<td align=\"left\">RLB\/S4<\/td>\n<td align=\"left\">Kit 4 Botellas<\/td>\n<td align=\"left\">Negro<\/td>\n<td align=\"left\">1<\/td>\n<td align=\"left\"><a href=\"https:\/\/raptorcoatings.com\/wp-content\/uploads\/RLB-TDS-SPA.pdf\">RLB\/S4 TDS<\/a><\/td>\n<td align=\"left\"><a href=\"https:\/\/raptorcoatings.com\/wp-content\/uploads\/RLB_RPTR_ES_es_390.pdf\">RLB\/S4 SDS<\/a><\/td>\n<\/tr>\n<tr>\n<td align=\"left\">RLW\/S4<\/td>\n<td align=\"left\">Kit 4 Botellas<\/td>\n<td align=\"left\">Blanco<\/td>\n<td align=\"left\">1<\/td>\n<td align=\"left\"><a href=\"https:\/\/raptorcoatings.com\/wp-content\/uploads\/RLW-TDS-SPA.pdf\">RLW\/S4 TDS<\/a><\/td>\n<td align=\"left\"><a href=\"https:\/\/raptorcoatings.com\/wp-content\/uploads\/RLW_RPTR_ES_es_390.pdf\">RLW\/S4 SDS<\/a><\/td>\n<\/tr>\n<tr>\n<td align=\"left\">RLT\/S4<\/td>\n<td align=\"left\">Kit 4 Botellas<\/td>\n<td align=\"left\">Tintable<\/td>\n<td align=\"left\">1<\/td>\n<td align=\"left\"><a href=\"https:\/\/raptorcoatings.com\/wp-content\/uploads\/RLT-TDS-SPA.pdf\">RLT\/S4 TDS<\/a><\/td>\n<td align=\"left\"><a href=\"https:\/\/raptorcoatings.com\/wp-content\/uploads\/RLT_RPTR_ES_es_390.pdf\">RLT\/S4 SDS<\/a><\/td>\n<\/tr>\n<\/tbody>\n<\/table>\n<\/div>\n<\/div><\/div><\/div><\/div>\n","protected":false},"excerpt":{"rendered":"<p>El kit RAPTOR de 4 botellas es el est\u00e1ndar de la industria en recubrimientos para aplicaciones de cubiertas de pick-up. Compatible con pistolas de aplicaci\u00f3n est\u00e1ndar y profesional RAPTOR. Cada kit contiene 4 botellas de RAPTOR, 1 lata de endurecedor y una taza mezcladora. El recubrimiento de protecci\u00f3n resistente y tintable RAPTOR es un recubrimiento de poliuretano 2K que proporciona a las superficies una barrera protectora.<\/p>\n<ul>\n<li>El kit RAPTOR de 4 botellas cubre aproximadamente 12 m\u00b2, suficiente para cubrir la caja de la pick-up de tama\u00f1o completo.<\/li>\n<li>Compatible con pistolas de aplicaci\u00f3n est\u00e1ndar y profesional RAPTOR<\/li>\n<li>DURADERO: Proporciona una superficie resistente a las manchas y a los da\u00f1os mec\u00e1nicos. Protege contra la corrosi\u00f3n y las temperaturas extremas.<\/li>\n<li>RESISTENTE A LOS RAYOS UV: Excelente protecci\u00f3n contra los rayos U.V., sin decoloraci\u00f3n.<\/li>\n<li>RESISTENTE AL AGUA: Crea una membrana impermeable con agua, impide la entrada de humedad y reduce el riesgo de corrosi\u00f3n.<\/li>\n<li>RESISTENTE: Resistente a una amplia gama de productos qu\u00edmicos, incluidos combustibles, fluidos hidr\u00e1ulicos, orina de animales, agua salada y m\u00e1s.<\/li>\n<li>R\u00c1PIDO Y F\u00c1CIL DE USAR: F\u00e1cil como llenar-mezclar-aplicar.<\/li>\n<li>Excelente adherencia a muchas superficies y f\u00e1cil de limpiar.<\/li>\n<\/ul>\n","protected":false},"featured_media":60193,"template":"","meta":[],"product_brand":[],"product_cat":[1238,1227,1233,1235],"product_tag":[1217,1219,1221,1224],"class_list":{"0":"post-57025","1":"product","2":"type-product","3":"status-publish","4":"has-post-thumbnail","6":"product_cat-bed-liner-protective-coating-es","7":"product_cat-coatings-es","8":"product_cat-product-es","9":"product_cat-raptor-es","10":"product_tag-ford-raptor-es","11":"product_tag-sprinter-van-es","12":"product_tag-vw-beetle-es","13":"product_tag-willys-es","15":"first","16":"instock","17":"shipping-taxable","18":"product-type-simple"},"gallery_images":[8053,8044,6664],"yoast_head":"<!-- This site is optimized with the Yoast SEO plugin v27.1.1 - https:\/\/yoast.com\/product\/yoast-seo-wordpress\/ -->\n<title>Kit 4 Botellas - Raptortough<\/title>\n<meta name=\"robots\" content=\"index, follow, max-snippet:-1, max-image-preview:large, max-video-preview:-1\" \/>\n<link rel=\"canonical\" href=\"https:\/\/raptorcoatings.com\/es\/producto\/kit4botellas\/\" \/>\n<meta property=\"og:locale\" content=\"es_ES\" \/>\n<meta property=\"og:type\" content=\"article\" \/>\n<meta property=\"og:title\" content=\"Kit 4 Botellas - Raptortough\" \/>\n<meta property=\"og:description\" content=\"El kit RAPTOR de 4 botellas es el est\u00e1ndar de la industria en recubrimientos para aplicaciones de cubiertas de pick-up. Compatible con pistolas de aplicaci\u00f3n est\u00e1ndar y profesional RAPTOR. Cada kit contiene 4 botellas de RAPTOR, 1 lata de endurecedor y una taza mezcladora. El recubrimiento de protecci\u00f3n resistente y tintable RAPTOR es un recubrimiento de poliuretano 2K que proporciona a las superficies una barrera protectora.   El kit RAPTOR de 4 botellas cubre aproximadamente 12 m\u00b2, suficiente para cubrir la caja de la pick-up de tama\u00f1o completo.  Compatible con pistolas de aplicaci\u00f3n est\u00e1ndar y profesional RAPTOR  DURADERO: Proporciona una superficie resistente a las manchas y a los da\u00f1os mec\u00e1nicos. Protege contra la corrosi\u00f3n y las temperaturas extremas.  RESISTENTE A LOS RAYOS UV: Excelente protecci\u00f3n contra los rayos U.V., sin decoloraci\u00f3n.  RESISTENTE AL AGUA: Crea una membrana impermeable con agua, impide la entrada de humedad y reduce el riesgo de corrosi\u00f3n.  RESISTENTE: Resistente a una amplia gama de productos qu\u00edmicos, incluidos combustibles, fluidos hidr\u00e1ulicos, orina de animales, agua salada y m\u00e1s.  R\u00c1PIDO Y F\u00c1CIL DE USAR: F\u00e1cil como llenar-mezclar-aplicar.  Excelente adherencia a muchas superficies y f\u00e1cil de limpiar.\" \/>\n<meta property=\"og:url\" content=\"https:\/\/raptorcoatings.com\/es\/producto\/kit4botellas\/\" \/>\n<meta property=\"og:site_name\" content=\"Raptortough\" \/>\n<meta property=\"article:modified_time\" content=\"2025-04-09T08:20:52+00:00\" \/>\n<meta property=\"og:image\" content=\"https:\/\/raptorcoatings.com\/wp-content\/uploads\/RLT-S4.jpg\" \/>\n\t<meta property=\"og:image:width\" content=\"800\" \/>\n\t<meta property=\"og:image:height\" content=\"800\" \/>\n\t<meta property=\"og:image:type\" content=\"image\/jpeg\" \/>\n<meta name=\"twitter:card\" content=\"summary_large_image\" \/>\n<meta name=\"twitter:label1\" content=\"Tiempo de lectura\" \/>\n\t<meta name=\"twitter:data1\" content=\"1 minuto\" \/>\n<script type=\"application\/ld+json\" class=\"yoast-schema-graph\">{\"@context\":\"https:\/\/schema.org\",\"@graph\":[{\"@type\":\"WebPage\",\"@id\":\"https:\/\/raptorcoatings.com\/es\/producto\/kit4botellas\/\",\"url\":\"https:\/\/raptorcoatings.com\/es\/producto\/kit4botellas\/\",\"name\":\"Kit 4 Botellas - Raptortough\",\"isPartOf\":{\"@id\":\"https:\/\/raptorcoatings.com\/es\/#website\"},\"primaryImageOfPage\":{\"@id\":\"https:\/\/raptorcoatings.com\/es\/producto\/kit4botellas\/#primaryimage\"},\"image\":{\"@id\":\"https:\/\/raptorcoatings.com\/es\/producto\/kit4botellas\/#primaryimage\"},\"thumbnailUrl\":\"https:\/\/raptorcoatings.com\/wp-content\/uploads\/RLT-S4.jpg\",\"datePublished\":\"2023-01-04T14:08:27+00:00\",\"dateModified\":\"2025-04-09T08:20:52+00:00\",\"breadcrumb\":{\"@id\":\"https:\/\/raptorcoatings.com\/es\/producto\/kit4botellas\/#breadcrumb\"},\"inLanguage\":\"es\",\"potentialAction\":[{\"@type\":\"ReadAction\",\"target\":[\"https:\/\/raptorcoatings.com\/es\/producto\/kit4botellas\/\"]}]},{\"@type\":\"ImageObject\",\"inLanguage\":\"es\",\"@id\":\"https:\/\/raptorcoatings.com\/es\/producto\/kit4botellas\/#primaryimage\",\"url\":\"https:\/\/raptorcoatings.com\/wp-content\/uploads\/RLT-S4.jpg\",\"contentUrl\":\"https:\/\/raptorcoatings.com\/wp-content\/uploads\/RLT-S4.jpg\",\"width\":800,\"height\":800,\"caption\":\"Raptor 4 Bottle Kit\"},{\"@type\":\"BreadcrumbList\",\"@id\":\"https:\/\/raptorcoatings.com\/es\/producto\/kit4botellas\/#breadcrumb\",\"itemListElement\":[{\"@type\":\"ListItem\",\"position\":1,\"name\":\"Home\",\"item\":\"https:\/\/raptorcoatings.com\/es\/\"},{\"@type\":\"ListItem\",\"position\":2,\"name\":\"Productos\",\"item\":\"https:\/\/raptorcoatings.com\/es\/products\/\"},{\"@type\":\"ListItem\",\"position\":3,\"name\":\"Kit 4 Botellas\"}]},{\"@type\":\"WebSite\",\"@id\":\"https:\/\/raptorcoatings.com\/es\/#website\",\"url\":\"https:\/\/raptorcoatings.com\/es\/\",\"name\":\"Raptor Coatings\",\"description\":\"\",\"potentialAction\":[{\"@type\":\"SearchAction\",\"target\":{\"@type\":\"EntryPoint\",\"urlTemplate\":\"https:\/\/raptorcoatings.com\/es\/?s={search_term_string}\"},\"query-input\":{\"@type\":\"PropertyValueSpecification\",\"valueRequired\":true,\"valueName\":\"search_term_string\"}}],\"inLanguage\":\"es\"}]}<\/script>\n<!-- \/ Yoast SEO plugin. -->","yoast_head_json":{"title":"Kit 4 Botellas - Raptortough","robots":{"index":"index","follow":"follow","max-snippet":"max-snippet:-1","max-image-preview":"max-image-preview:large","max-video-preview":"max-video-preview:-1"},"canonical":"https:\/\/raptorcoatings.com\/es\/producto\/kit4botellas\/","og_locale":"es_ES","og_type":"article","og_title":"Kit 4 Botellas - Raptortough","og_description":"El kit RAPTOR de 4 botellas es el est\u00e1ndar de la industria en recubrimientos para aplicaciones de cubiertas de pick-up. Compatible con pistolas de aplicaci\u00f3n est\u00e1ndar y profesional RAPTOR. Cada kit contiene 4 botellas de RAPTOR, 1 lata de endurecedor y una taza mezcladora. El recubrimiento de protecci\u00f3n resistente y tintable RAPTOR es un recubrimiento de poliuretano 2K que proporciona a las superficies una barrera protectora.   El kit RAPTOR de 4 botellas cubre aproximadamente 12 m\u00b2, suficiente para cubrir la caja de la pick-up de tama\u00f1o completo.  Compatible con pistolas de aplicaci\u00f3n est\u00e1ndar y profesional RAPTOR  DURADERO: Proporciona una superficie resistente a las manchas y a los da\u00f1os mec\u00e1nicos. Protege contra la corrosi\u00f3n y las temperaturas extremas.  RESISTENTE A LOS RAYOS UV: Excelente protecci\u00f3n contra los rayos U.V., sin decoloraci\u00f3n.  RESISTENTE AL AGUA: Crea una membrana impermeable con agua, impide la entrada de humedad y reduce el riesgo de corrosi\u00f3n.  RESISTENTE: Resistente a una amplia gama de productos qu\u00edmicos, incluidos combustibles, fluidos hidr\u00e1ulicos, orina de animales, agua salada y m\u00e1s.  R\u00c1PIDO Y F\u00c1CIL DE USAR: F\u00e1cil como llenar-mezclar-aplicar.  Excelente adherencia a muchas superficies y f\u00e1cil de limpiar.","og_url":"https:\/\/raptorcoatings.com\/es\/producto\/kit4botellas\/","og_site_name":"Raptortough","article_modified_time":"2025-04-09T08:20:52+00:00","og_image":[{"width":800,"height":800,"url":"https:\/\/raptorcoatings.com\/wp-content\/uploads\/RLT-S4.jpg","type":"image\/jpeg"}],"twitter_card":"summary_large_image","twitter_misc":{"Tiempo de lectura":"1 minuto"},"schema":{"@context":"https:\/\/schema.org","@graph":[{"@type":"WebPage","@id":"https:\/\/raptorcoatings.com\/es\/producto\/kit4botellas\/","url":"https:\/\/raptorcoatings.com\/es\/producto\/kit4botellas\/","name":"Kit 4 Botellas - Raptortough","isPartOf":{"@id":"https:\/\/raptorcoatings.com\/es\/#website"},"primaryImageOfPage":{"@id":"https:\/\/raptorcoatings.com\/es\/producto\/kit4botellas\/#primaryimage"},"image":{"@id":"https:\/\/raptorcoatings.com\/es\/producto\/kit4botellas\/#primaryimage"},"thumbnailUrl":"https:\/\/raptorcoatings.com\/wp-content\/uploads\/RLT-S4.jpg","datePublished":"2023-01-04T14:08:27+00:00","dateModified":"2025-04-09T08:20:52+00:00","breadcrumb":{"@id":"https:\/\/raptorcoatings.com\/es\/producto\/kit4botellas\/#breadcrumb"},"inLanguage":"es","potentialAction":[{"@type":"ReadAction","target":["https:\/\/raptorcoatings.com\/es\/producto\/kit4botellas\/"]}]},{"@type":"ImageObject","inLanguage":"es","@id":"https:\/\/raptorcoatings.com\/es\/producto\/kit4botellas\/#primaryimage","url":"https:\/\/raptorcoatings.com\/wp-content\/uploads\/RLT-S4.jpg","contentUrl":"https:\/\/raptorcoatings.com\/wp-content\/uploads\/RLT-S4.jpg","width":800,"height":800,"caption":"Raptor 4 Bottle Kit"},{"@type":"BreadcrumbList","@id":"https:\/\/raptorcoatings.com\/es\/producto\/kit4botellas\/#breadcrumb","itemListElement":[{"@type":"ListItem","position":1,"name":"Home","item":"https:\/\/raptorcoatings.com\/es\/"},{"@type":"ListItem","position":2,"name":"Productos","item":"https:\/\/raptorcoatings.com\/es\/products\/"},{"@type":"ListItem","position":3,"name":"Kit 4 Botellas"}]},{"@type":"WebSite","@id":"https:\/\/raptorcoatings.com\/es\/#website","url":"https:\/\/raptorcoatings.com\/es\/","name":"Raptor Coatings","description":"","potentialAction":[{"@type":"SearchAction","target":{"@type":"EntryPoint","urlTemplate":"https:\/\/raptorcoatings.com\/es\/?s={search_term_string}"},"query-input":{"@type":"PropertyValueSpecification","valueRequired":true,"valueName":"search_term_string"}}],"inLanguage":"es"}]}},"_links":{"self":[{"href":"https:\/\/raptorcoatings.com\/es\/wp-json\/wp\/v2\/product\/57025","targetHints":{"allow":["GET"]}}],"collection":[{"href":"https:\/\/raptorcoatings.com\/es\/wp-json\/wp\/v2\/product"}],"about":[{"href":"https:\/\/raptorcoatings.com\/es\/wp-json\/wp\/v2\/types\/product"}],"wp:featuredmedia":[{"embeddable":true,"href":"https:\/\/raptorcoatings.com\/es\/wp-json\/wp\/v2\/media\/60193"}],"wp:attachment":[{"href":"https:\/\/raptorcoatings.com\/es\/wp-json\/wp\/v2\/media?parent=57025"}],"wp:term":[{"taxonomy":"product_brand","embeddable":true,"href":"https:\/\/raptorcoatings.com\/es\/wp-json\/wp\/v2\/product_brand?post=57025"},{"taxonomy":"product_cat","embeddable":true,"href":"https:\/\/raptorcoatings.com\/es\/wp-json\/wp\/v2\/product_cat?post=57025"},{"taxonomy":"product_tag","embeddable":true,"href":"https:\/\/raptorcoatings.com\/es\/wp-json\/wp\/v2\/product_tag?post=57025"}],"curies":[{"name":"wp","href":"https:\/\/api.w.org\/{rel}","templated":true}]}}