{"id":71899,"date":"2023-01-19T10:05:29","date_gmt":"2023-01-19T10:05:29","guid":{"rendered":"https:\/\/raptorcoatings.com\/?page_id=71899"},"modified":"2025-04-08T13:29:39","modified_gmt":"2025-04-08T13:29:39","slug":"literatura","status":"publish","type":"page","link":"https:\/\/raptorcoatings.com\/es\/proyectos\/literatura\/","title":{"rendered":"Literatura"},"content":{"rendered":"<p><div class=\"fusion-fullwidth fullwidth-box fusion-builder-row-1 fusion-flex-container has-pattern-background has-mask-background containImage nonhundred-percent-fullwidth non-hundred-percent-height-scrolling\" style=\"--awb-background-position:center top;--awb-border-radius-top-left:0px;--awb-border-radius-top-right:0px;--awb-border-radius-bottom-right:0px;--awb-border-radius-bottom-left:0px;--awb-margin-top:-25px;--awb-margin-top-medium:-25px;--awb-min-height:60vh;--awb-min-height-medium:50vh;--awb-min-height-small:30vh;--awb-flex-wrap:wrap;\" ><div class=\"fusion-builder-row fusion-row fusion-flex-align-items-center fusion-flex-align-content-center fusion-flex-content-wrap\" style=\"max-width:calc( 1640px + 12px );margin-left: calc(-12px \/ 2 );margin-right: calc(-12px \/ 2 );\"><div class=\"fusion-layout-column fusion_builder_column fusion-builder-column-0 fusion_builder_column_1_2 1_2 fusion-flex-column fusion-flex-align-self-center\" style=\"--awb-bg-size:cover;--awb-width-large:50%;--awb-margin-top-large:25px;--awb-spacing-right-large:6px;--awb-margin-bottom-large:20px;--awb-spacing-left-large:6px;--awb-width-medium:66.666666666667%;--awb-order-medium:0;--awb-margin-top-medium:25px;--awb-spacing-right-medium:6px;--awb-spacing-left-medium:6px;--awb-width-small:100%;--awb-order-small:0;--awb-spacing-right-small:6px;--awb-margin-bottom-small:120px;--awb-spacing-left-small:6px;\"><div class=\"fusion-column-wrapper fusion-column-has-shadow fusion-flex-justify-content-center fusion-content-layout-column\"><div class=\"fusion-title title fusion-title-1 fusion-sep-none fusion-title-text fusion-title-size-one\" style=\"--awb-text-color:var(--awb-color1);--awb-margin-top-medium:25px;\"><h1 class=\"fusion-title-heading title-heading-left fusion-responsive-typography-calculated\" style=\"margin:0;--fontSize:75.12;line-height:1;\">Qu\u00e9 es la descarga?<\/h1><\/div><div class=\"fusion-title title fusion-title-2 fusion-sep-none fusion-title-text fusion-title-size-four\" style=\"--awb-text-color:var(--awb-color1);\"><h4 class=\"fusion-title-heading title-heading-left fusion-responsive-typography-calculated\" style=\"margin:0;text-transform:none;--fontSize:32.16;line-height:1.5;\">Aqu\u00ed tienes los folletos y prospectos\u00a0que buscabas. Explora por categor\u00eda y desc\u00e1rgalos para una lectura m\u00e1s f\u00e1cil.<\/h4><\/div><\/div><\/div><\/div><\/div><div class=\"fusion-fullwidth fullwidth-box fusion-builder-row-2 fusion-flex-container has-pattern-background has-mask-background nonhundred-percent-fullwidth non-hundred-percent-height-scrolling\" style=\"--awb-border-radius-top-left:0px;--awb-border-radius-top-right:0px;--awb-border-radius-bottom-right:0px;--awb-border-radius-bottom-left:0px;--awb-margin-top:50px;--awb-margin-bottom:50px;--awb-flex-wrap:wrap;\" ><div class=\"fusion-builder-row fusion-row fusion-flex-align-items-flex-start fusion-flex-justify-content-center fusion-flex-content-wrap\" style=\"max-width:calc( 1640px + 12px );margin-left: calc(-12px \/ 2 );margin-right: calc(-12px \/ 2 );\"><div class=\"fusion-layout-column fusion_builder_column fusion-builder-column-1 fusion_builder_column_1_1 1_1 fusion-flex-column\" style=\"--awb-bg-size:cover;--awb-width-large:100%;--awb-margin-top-large:0px;--awb-spacing-right-large:6px;--awb-margin-bottom-large:20px;--awb-spacing-left-large:6px;--awb-width-medium:100%;--awb-order-medium:0;--awb-spacing-right-medium:6px;--awb-spacing-left-medium:6px;--awb-width-small:100%;--awb-order-small:0;--awb-spacing-right-small:6px;--awb-spacing-left-small:6px;\"><div class=\"fusion-column-wrapper fusion-column-has-shadow fusion-flex-justify-content-flex-start fusion-content-layout-column\"><div class=\"fusion-title title fusion-title-3 fusion-sep-none fusion-title-text fusion-title-size-two\" style=\"--awb-text-color:var(--awb-color1);\"><h2 class=\"fusion-title-heading title-heading-left fusion-responsive-typography-calculated\" style=\"margin:0;--fontSize:75.12;line-height:1;\">Folletos<\/h2><\/div><div class=\"fusion-text fusion-text-1 fusion-no-small-visibility fusion-no-medium-visibility\"><div id=\"dlp_grid_8ff3e324c4f34e79_1\" class=\"dlp-grid-container\"><header class=\"dlp-grid-header dlp-grid-above dlp-grid-controls\"><\/header><div class=\"dlp-grid-documents grid-columns columns-4\"><div class=\"dlp-grid-card dlp-document-raptor-brochure\"><div class=\"dlp-grid-card-inner\">\n<div class=\"dlp-grid-card-featured-img\">\n\n\t<img decoding=\"async\" width=\"581\" height=\"375\" src=\"https:\/\/raptorcoatings.com\/wp-content\/uploads\/AAAA-Brochure-Logo.png\" class=\"lazyload\" alt=\"RAPTOR Brochure Logo\" title=\"RAPTOR Brochure Logo\" srcset=\"data:image\/svg+xml,%3Csvg%20xmlns%3D%27http%3A%2F%2Fwww.w3.org%2F2000%2Fsvg%27%20width%3D%27581%27%20height%3D%27375%27%20viewBox%3D%270%200%20581%20375%27%3E%3Crect%20width%3D%27581%27%20height%3D%27375%27%20fill-opacity%3D%220%22%2F%3E%3C%2Fsvg%3E\" data-caption=\"RAPTOR Brochure Logo\" data-src=\"https:\/\/raptorcoatings.com\/wp-content\/uploads\/AAAA-Brochure-Logo.png\" data-large_image=\"https:\/\/raptorcoatings.com\/wp-content\/uploads\/AAAA-Brochure-Logo.png\" data-large_image_width=\"581\" data-large_image_height=\"375\" data-orig-src=\"https:\/\/raptorcoatings.com\/wp-content\/uploads\/AAAA-Brochure-Logo.png\" data-srcset=\"https:\/\/raptorcoatings.com\/wp-content\/uploads\/AAAA-Brochure-Logo.png 581w, https:\/\/raptorcoatings.com\/wp-content\/uploads\/AAAA-Brochure-Logo.png 581w\" data-sizes=\"auto\" \/>\n<\/div>\n<div class=\"dlp-grid-card-content\">\n<div class=\"dlp-grid-card-title\">\n\n\tFolleto RAPTOR\n<\/div>\n\n<div class=\"dlp-grid-card-excerpt\">\n\t<div class=\"fusion-align-block\"><a class=\"fusion-button button-flat fusion-button-default-size button-default fusion-button-default button-1 fusion-button-span-yes fusion-button-default-type\" style=\"--button_text_transform:uppercase;--button_font_size:20px;--button_padding-top:18px;--button_padding-bottom:18px;\" target=\"_self\" href=\"https:\/\/raptorcoatings.com\/wp-content\/uploads\/SPANISH_RAPTOR_Brochure_01.2025_LR.pdf\"><span class=\"fusion-button-text awb-button__text awb-button__text--default\">DESCUBRIR<\/span><\/a><\/div>\n<\/div>\n<\/div><\/div><\/div><div class=\"dlp-grid-card dlp-document-raptor-de-alto-calor\"><div class=\"dlp-grid-card-inner\">\n<div class=\"dlp-grid-card-featured-img\">\n\n\t<img decoding=\"async\" width=\"1113\" height=\"827\" src=\"https:\/\/raptorcoatings.com\/wp-content\/uploads\/RAPTOR-High-Heat-Aerosols.jpg\" class=\"lazyload\" alt=\"RAPTOR High Heat Aerosols\" title=\"RAPTOR High Heat Aerosols\" srcset=\"data:image\/svg+xml,%3Csvg%20xmlns%3D%27http%3A%2F%2Fwww.w3.org%2F2000%2Fsvg%27%20width%3D%271113%27%20height%3D%27827%27%20viewBox%3D%270%200%201113%20827%27%3E%3Crect%20width%3D%271113%27%20height%3D%27827%27%20fill-opacity%3D%220%22%2F%3E%3C%2Fsvg%3E\" data-caption=\"RAPTOR High Heat Aerosols\" data-src=\"https:\/\/raptorcoatings.com\/wp-content\/uploads\/RAPTOR-High-Heat-Aerosols.jpg\" data-large_image=\"https:\/\/raptorcoatings.com\/wp-content\/uploads\/RAPTOR-High-Heat-Aerosols.jpg\" data-large_image_width=\"1113\" data-large_image_height=\"827\" data-orig-src=\"https:\/\/raptorcoatings.com\/wp-content\/uploads\/RAPTOR-High-Heat-Aerosols.jpg\" data-srcset=\"https:\/\/raptorcoatings.com\/wp-content\/uploads\/RAPTOR-High-Heat-Aerosols.jpg 1113w, https:\/\/raptorcoatings.com\/wp-content\/uploads\/RAPTOR-High-Heat-Aerosols.jpg 1113w\" data-sizes=\"auto\" \/>\n<\/div>\n<div class=\"dlp-grid-card-content\">\n<div class=\"dlp-grid-card-title\">\n\n\tFolleto Aerosoles Alta Temperatura RAPTOR\n<\/div>\n\n<div class=\"dlp-grid-card-excerpt\">\n\t<div class=\"fusion-align-block\"><a class=\"fusion-button button-flat fusion-button-default-size button-default fusion-button-default button-2 fusion-button-span-yes fusion-button-default-type\" style=\"--button_text_transform:uppercase;--button_font_size:20px;--button_padding-top:18px;--button_padding-bottom:18px;\" target=\"_self\" href=\"https:\/\/raptorcoatings.com\/wp-content\/uploads\/Raptor-High-Heat-Aerosol-Brochure_8p_v3_ES_LR.pdf\"><span class=\"fusion-button-text awb-button__text awb-button__text--default\">DESCUBRIR<\/span><\/a><\/div>\n<\/div>\n<\/div><\/div><\/div><\/div><footer class=\"dlp-grid-footer dlp-grid-below dlp-grid-controls\"><div class=\"dlp-grid-length\"><label>Mostrar<select><option value=\"10\">10<\/option><option value=\"25\">25<\/option><option value=\"50\">50<\/option><option value=\"100\">100<\/option><option value=\"-1\" selected>All<\/option><\/select>por p\u00e1gina<\/label><\/div><div class=\"dlp-grid-pagination\"><\/div><\/footer><\/div>\n<\/div><div class=\"fusion-text fusion-text-2 fusion-no-small-visibility fusion-no-large-visibility\"><div id=\"dlp_grid_61c634ab17267217_2\" class=\"dlp-grid-container\"><header class=\"dlp-grid-header dlp-grid-above dlp-grid-controls\"><\/header><div class=\"dlp-grid-documents grid-columns columns-2\"><div class=\"dlp-grid-card dlp-document-raptor-brochure\"><div class=\"dlp-grid-card-inner\">\n<div class=\"dlp-grid-card-featured-img\">\n\n\t<img decoding=\"async\" width=\"581\" height=\"375\" src=\"https:\/\/raptorcoatings.com\/wp-content\/uploads\/AAAA-Brochure-Logo.png\" class=\"lazyload\" alt=\"RAPTOR Brochure Logo\" title=\"RAPTOR Brochure Logo\" srcset=\"data:image\/svg+xml,%3Csvg%20xmlns%3D%27http%3A%2F%2Fwww.w3.org%2F2000%2Fsvg%27%20width%3D%27581%27%20height%3D%27375%27%20viewBox%3D%270%200%20581%20375%27%3E%3Crect%20width%3D%27581%27%20height%3D%27375%27%20fill-opacity%3D%220%22%2F%3E%3C%2Fsvg%3E\" data-caption=\"RAPTOR Brochure Logo\" data-src=\"https:\/\/raptorcoatings.com\/wp-content\/uploads\/AAAA-Brochure-Logo.png\" data-large_image=\"https:\/\/raptorcoatings.com\/wp-content\/uploads\/AAAA-Brochure-Logo.png\" data-large_image_width=\"581\" data-large_image_height=\"375\" data-orig-src=\"https:\/\/raptorcoatings.com\/wp-content\/uploads\/AAAA-Brochure-Logo.png\" data-srcset=\"https:\/\/raptorcoatings.com\/wp-content\/uploads\/AAAA-Brochure-Logo-167x108.png 167w, https:\/\/raptorcoatings.com\/wp-content\/uploads\/AAAA-Brochure-Logo.png 581w\" data-sizes=\"auto\" \/>\n<\/div>\n<div class=\"dlp-grid-card-content\">\n<div class=\"dlp-grid-card-title\">\n\n\tFolleto RAPTOR\n<\/div>\n\n<div class=\"dlp-grid-card-excerpt\">\n\t<div class=\"fusion-align-block\"><a class=\"fusion-button button-flat fusion-button-default-size button-default fusion-button-default button-3 fusion-button-span-yes fusion-button-default-type\" style=\"--button_text_transform:uppercase;--button_font_size:20px;--button_padding-top:18px;--button_padding-bottom:18px;\" target=\"_self\" href=\"https:\/\/raptorcoatings.com\/wp-content\/uploads\/SPANISH_RAPTOR_Brochure_01.2025_LR.pdf\"><span class=\"fusion-button-text awb-button__text awb-button__text--default\">DESCUBRIR<\/span><\/a><\/div>\n<\/div>\n<\/div><\/div><\/div><div class=\"dlp-grid-card dlp-document-raptor-de-alto-calor\"><div class=\"dlp-grid-card-inner\">\n<div class=\"dlp-grid-card-featured-img\">\n\n\t<img decoding=\"async\" width=\"1113\" height=\"827\" src=\"https:\/\/raptorcoatings.com\/wp-content\/uploads\/RAPTOR-High-Heat-Aerosols.jpg\" class=\"lazyload\" alt=\"RAPTOR High Heat Aerosols\" title=\"RAPTOR High Heat Aerosols\" srcset=\"data:image\/svg+xml,%3Csvg%20xmlns%3D%27http%3A%2F%2Fwww.w3.org%2F2000%2Fsvg%27%20width%3D%271113%27%20height%3D%27827%27%20viewBox%3D%270%200%201113%20827%27%3E%3Crect%20width%3D%271113%27%20height%3D%27827%27%20fill-opacity%3D%220%22%2F%3E%3C%2Fsvg%3E\" data-caption=\"RAPTOR High Heat Aerosols\" data-src=\"https:\/\/raptorcoatings.com\/wp-content\/uploads\/RAPTOR-High-Heat-Aerosols.jpg\" data-large_image=\"https:\/\/raptorcoatings.com\/wp-content\/uploads\/RAPTOR-High-Heat-Aerosols.jpg\" data-large_image_width=\"1113\" data-large_image_height=\"827\" data-orig-src=\"https:\/\/raptorcoatings.com\/wp-content\/uploads\/RAPTOR-High-Heat-Aerosols.jpg\" data-srcset=\"https:\/\/raptorcoatings.com\/wp-content\/uploads\/RAPTOR-High-Heat-Aerosols-145x108.jpg 145w, https:\/\/raptorcoatings.com\/wp-content\/uploads\/RAPTOR-High-Heat-Aerosols-200x149.jpg 200w, https:\/\/raptorcoatings.com\/wp-content\/uploads\/RAPTOR-High-Heat-Aerosols-400x297.jpg 400w, https:\/\/raptorcoatings.com\/wp-content\/uploads\/RAPTOR-High-Heat-Aerosols-500x372.jpg 500w, https:\/\/raptorcoatings.com\/wp-content\/uploads\/RAPTOR-High-Heat-Aerosols-600x446.jpg 600w, https:\/\/raptorcoatings.com\/wp-content\/uploads\/RAPTOR-High-Heat-Aerosols-768x571.jpg 768w, https:\/\/raptorcoatings.com\/wp-content\/uploads\/RAPTOR-High-Heat-Aerosols-800x594.jpg 800w, https:\/\/raptorcoatings.com\/wp-content\/uploads\/RAPTOR-High-Heat-Aerosols.jpg 1113w\" data-sizes=\"auto\" \/>\n<\/div>\n<div class=\"dlp-grid-card-content\">\n<div class=\"dlp-grid-card-title\">\n\n\tFolleto Aerosoles Alta Temperatura RAPTOR\n<\/div>\n\n<div class=\"dlp-grid-card-excerpt\">\n\t<div class=\"fusion-align-block\"><a class=\"fusion-button button-flat fusion-button-default-size button-default fusion-button-default button-4 fusion-button-span-yes fusion-button-default-type\" style=\"--button_text_transform:uppercase;--button_font_size:20px;--button_padding-top:18px;--button_padding-bottom:18px;\" target=\"_self\" href=\"https:\/\/raptorcoatings.com\/wp-content\/uploads\/Raptor-High-Heat-Aerosol-Brochure_8p_v3_ES_LR.pdf\"><span class=\"fusion-button-text awb-button__text awb-button__text--default\">DESCUBRIR<\/span><\/a><\/div>\n<\/div>\n<\/div><\/div><\/div><\/div><footer class=\"dlp-grid-footer dlp-grid-below dlp-grid-controls\"><div class=\"dlp-grid-length\"><label>Mostrar<select><option value=\"10\">10<\/option><option value=\"25\">25<\/option><option value=\"50\">50<\/option><option value=\"100\">100<\/option><option value=\"-1\" selected>All<\/option><\/select>por p\u00e1gina<\/label><\/div><div class=\"dlp-grid-pagination\"><\/div><\/footer><\/div>\n<\/div><div class=\"fusion-text fusion-text-3 fusion-no-medium-visibility fusion-no-large-visibility\"><div id=\"dlp_grid_7a4056548f45a5c4_3\" class=\"dlp-grid-container\"><header class=\"dlp-grid-header dlp-grid-above dlp-grid-controls\"><\/header><div class=\"dlp-grid-documents grid-columns columns-1\"><div class=\"dlp-grid-card dlp-document-raptor-brochure\"><div class=\"dlp-grid-card-inner\">\n<div class=\"dlp-grid-card-featured-img\">\n\n\t<img decoding=\"async\" width=\"581\" height=\"375\" src=\"https:\/\/raptorcoatings.com\/wp-content\/uploads\/AAAA-Brochure-Logo.png\" class=\"lazyload\" alt=\"RAPTOR Brochure Logo\" title=\"RAPTOR Brochure Logo\" srcset=\"data:image\/svg+xml,%3Csvg%20xmlns%3D%27http%3A%2F%2Fwww.w3.org%2F2000%2Fsvg%27%20width%3D%27581%27%20height%3D%27375%27%20viewBox%3D%270%200%20581%20375%27%3E%3Crect%20width%3D%27581%27%20height%3D%27375%27%20fill-opacity%3D%220%22%2F%3E%3C%2Fsvg%3E\" data-caption=\"RAPTOR Brochure Logo\" data-src=\"https:\/\/raptorcoatings.com\/wp-content\/uploads\/AAAA-Brochure-Logo.png\" data-large_image=\"https:\/\/raptorcoatings.com\/wp-content\/uploads\/AAAA-Brochure-Logo.png\" data-large_image_width=\"581\" data-large_image_height=\"375\" data-orig-src=\"https:\/\/raptorcoatings.com\/wp-content\/uploads\/AAAA-Brochure-Logo.png\" data-srcset=\"https:\/\/raptorcoatings.com\/wp-content\/uploads\/AAAA-Brochure-Logo-167x108.png 167w, https:\/\/raptorcoatings.com\/wp-content\/uploads\/AAAA-Brochure-Logo.png 581w\" data-sizes=\"auto\" \/>\n<\/div>\n<div class=\"dlp-grid-card-content\">\n<div class=\"dlp-grid-card-title\">\n\n\tFolleto RAPTOR\n<\/div>\n\n<div class=\"dlp-grid-card-excerpt\">\n\t<div class=\"fusion-align-block\"><a class=\"fusion-button button-flat fusion-button-default-size button-default fusion-button-default button-5 fusion-button-span-yes fusion-button-default-type\" style=\"--button_text_transform:uppercase;--button_font_size:20px;--button_padding-top:18px;--button_padding-bottom:18px;\" target=\"_self\" href=\"https:\/\/raptorcoatings.com\/wp-content\/uploads\/SPANISH_RAPTOR_Brochure_01.2025_LR.pdf\"><span class=\"fusion-button-text awb-button__text awb-button__text--default\">DESCUBRIR<\/span><\/a><\/div>\n<\/div>\n<\/div><\/div><\/div><div class=\"dlp-grid-card dlp-document-raptor-de-alto-calor\"><div class=\"dlp-grid-card-inner\">\n<div class=\"dlp-grid-card-featured-img\">\n\n\t<img decoding=\"async\" width=\"1113\" height=\"827\" src=\"https:\/\/raptorcoatings.com\/wp-content\/uploads\/RAPTOR-High-Heat-Aerosols.jpg\" class=\"lazyload\" alt=\"RAPTOR High Heat Aerosols\" title=\"RAPTOR High Heat Aerosols\" srcset=\"data:image\/svg+xml,%3Csvg%20xmlns%3D%27http%3A%2F%2Fwww.w3.org%2F2000%2Fsvg%27%20width%3D%271113%27%20height%3D%27827%27%20viewBox%3D%270%200%201113%20827%27%3E%3Crect%20width%3D%271113%27%20height%3D%27827%27%20fill-opacity%3D%220%22%2F%3E%3C%2Fsvg%3E\" data-caption=\"RAPTOR High Heat Aerosols\" data-src=\"https:\/\/raptorcoatings.com\/wp-content\/uploads\/RAPTOR-High-Heat-Aerosols.jpg\" data-large_image=\"https:\/\/raptorcoatings.com\/wp-content\/uploads\/RAPTOR-High-Heat-Aerosols.jpg\" data-large_image_width=\"1113\" data-large_image_height=\"827\" data-orig-src=\"https:\/\/raptorcoatings.com\/wp-content\/uploads\/RAPTOR-High-Heat-Aerosols.jpg\" data-srcset=\"https:\/\/raptorcoatings.com\/wp-content\/uploads\/RAPTOR-High-Heat-Aerosols-145x108.jpg 145w, https:\/\/raptorcoatings.com\/wp-content\/uploads\/RAPTOR-High-Heat-Aerosols-200x149.jpg 200w, https:\/\/raptorcoatings.com\/wp-content\/uploads\/RAPTOR-High-Heat-Aerosols-400x297.jpg 400w, https:\/\/raptorcoatings.com\/wp-content\/uploads\/RAPTOR-High-Heat-Aerosols-500x372.jpg 500w, https:\/\/raptorcoatings.com\/wp-content\/uploads\/RAPTOR-High-Heat-Aerosols-600x446.jpg 600w, https:\/\/raptorcoatings.com\/wp-content\/uploads\/RAPTOR-High-Heat-Aerosols-768x571.jpg 768w, https:\/\/raptorcoatings.com\/wp-content\/uploads\/RAPTOR-High-Heat-Aerosols-800x594.jpg 800w, https:\/\/raptorcoatings.com\/wp-content\/uploads\/RAPTOR-High-Heat-Aerosols.jpg 1113w\" data-sizes=\"auto\" \/>\n<\/div>\n<div class=\"dlp-grid-card-content\">\n<div class=\"dlp-grid-card-title\">\n\n\tFolleto Aerosoles Alta Temperatura RAPTOR\n<\/div>\n\n<div class=\"dlp-grid-card-excerpt\">\n\t<div class=\"fusion-align-block\"><a class=\"fusion-button button-flat fusion-button-default-size button-default fusion-button-default button-6 fusion-button-span-yes fusion-button-default-type\" style=\"--button_text_transform:uppercase;--button_font_size:20px;--button_padding-top:18px;--button_padding-bottom:18px;\" target=\"_self\" href=\"https:\/\/raptorcoatings.com\/wp-content\/uploads\/Raptor-High-Heat-Aerosol-Brochure_8p_v3_ES_LR.pdf\"><span class=\"fusion-button-text awb-button__text awb-button__text--default\">DESCUBRIR<\/span><\/a><\/div>\n<\/div>\n<\/div><\/div><\/div><\/div><footer class=\"dlp-grid-footer dlp-grid-below dlp-grid-controls\"><div class=\"dlp-grid-length\"><label>Mostrar<select><option value=\"10\">10<\/option><option value=\"25\">25<\/option><option value=\"50\">50<\/option><option value=\"100\">100<\/option><option value=\"-1\" selected>All<\/option><\/select>por p\u00e1gina<\/label><\/div><div class=\"dlp-grid-pagination\"><\/div><\/footer><\/div>\n<\/div><\/div><\/div><\/div><\/div><\/p>\n","protected":false},"excerpt":{"rendered":"","protected":false},"author":20,"featured_media":0,"parent":57458,"menu_order":23,"comment_status":"closed","ping_status":"closed","template":"100-width.php","meta":{"footnotes":""},"class_list":["post-71899","page","type-page","status-publish","hentry"],"yoast_head":"<!-- This site is optimized with the Yoast SEO plugin v27.1.1 - https:\/\/yoast.com\/product\/yoast-seo-wordpress\/ -->\n<title>Literatura - Raptortough<\/title>\n<meta name=\"robots\" content=\"index, follow, max-snippet:-1, max-image-preview:large, max-video-preview:-1\" \/>\n<link rel=\"canonical\" href=\"https:\/\/raptorcoatings.com\/es\/proyectos\/literatura\/\" \/>\n<meta property=\"og:locale\" content=\"es_ES\" \/>\n<meta property=\"og:type\" content=\"article\" \/>\n<meta property=\"og:title\" content=\"Literatura - Raptortough\" \/>\n<meta property=\"og:url\" content=\"https:\/\/raptorcoatings.com\/es\/proyectos\/literatura\/\" \/>\n<meta property=\"og:site_name\" content=\"Raptortough\" \/>\n<meta property=\"article:modified_time\" content=\"2025-04-08T13:29:39+00:00\" \/>\n<meta name=\"twitter:card\" content=\"summary_large_image\" \/>\n<meta name=\"twitter:label1\" content=\"Tiempo de lectura\" \/>\n\t<meta name=\"twitter:data1\" content=\"1 minuto\" \/>\n<script type=\"application\/ld+json\" class=\"yoast-schema-graph\">{\"@context\":\"https:\/\/schema.org\",\"@graph\":[{\"@type\":\"WebPage\",\"@id\":\"https:\/\/raptorcoatings.com\/es\/proyectos\/literatura\/\",\"url\":\"https:\/\/raptorcoatings.com\/es\/proyectos\/literatura\/\",\"name\":\"Literatura - Raptortough\",\"isPartOf\":{\"@id\":\"https:\/\/raptorcoatings.com\/es\/#website\"},\"datePublished\":\"2023-01-19T10:05:29+00:00\",\"dateModified\":\"2025-04-08T13:29:39+00:00\",\"breadcrumb\":{\"@id\":\"https:\/\/raptorcoatings.com\/es\/proyectos\/literatura\/#breadcrumb\"},\"inLanguage\":\"es\",\"potentialAction\":[{\"@type\":\"ReadAction\",\"target\":[\"https:\/\/raptorcoatings.com\/es\/proyectos\/literatura\/\"]}]},{\"@type\":\"BreadcrumbList\",\"@id\":\"https:\/\/raptorcoatings.com\/es\/proyectos\/literatura\/#breadcrumb\",\"itemListElement\":[{\"@type\":\"ListItem\",\"position\":1,\"name\":\"Home\",\"item\":\"https:\/\/raptorcoatings.com\/es\/\"},{\"@type\":\"ListItem\",\"position\":2,\"name\":\"Proyectos\",\"item\":\"https:\/\/raptorcoatings.com\/es\/proyectos\/\"},{\"@type\":\"ListItem\",\"position\":3,\"name\":\"Literatura\"}]},{\"@type\":\"WebSite\",\"@id\":\"https:\/\/raptorcoatings.com\/es\/#website\",\"url\":\"https:\/\/raptorcoatings.com\/es\/\",\"name\":\"Raptor Coatings\",\"description\":\"\",\"potentialAction\":[{\"@type\":\"SearchAction\",\"target\":{\"@type\":\"EntryPoint\",\"urlTemplate\":\"https:\/\/raptorcoatings.com\/es\/?s={search_term_string}\"},\"query-input\":{\"@type\":\"PropertyValueSpecification\",\"valueRequired\":true,\"valueName\":\"search_term_string\"}}],\"inLanguage\":\"es\"}]}<\/script>\n<!-- \/ Yoast SEO plugin. -->","yoast_head_json":{"title":"Literatura - Raptortough","robots":{"index":"index","follow":"follow","max-snippet":"max-snippet:-1","max-image-preview":"max-image-preview:large","max-video-preview":"max-video-preview:-1"},"canonical":"https:\/\/raptorcoatings.com\/es\/proyectos\/literatura\/","og_locale":"es_ES","og_type":"article","og_title":"Literatura - Raptortough","og_url":"https:\/\/raptorcoatings.com\/es\/proyectos\/literatura\/","og_site_name":"Raptortough","article_modified_time":"2025-04-08T13:29:39+00:00","twitter_card":"summary_large_image","twitter_misc":{"Tiempo de lectura":"1 minuto"},"schema":{"@context":"https:\/\/schema.org","@graph":[{"@type":"WebPage","@id":"https:\/\/raptorcoatings.com\/es\/proyectos\/literatura\/","url":"https:\/\/raptorcoatings.com\/es\/proyectos\/literatura\/","name":"Literatura - Raptortough","isPartOf":{"@id":"https:\/\/raptorcoatings.com\/es\/#website"},"datePublished":"2023-01-19T10:05:29+00:00","dateModified":"2025-04-08T13:29:39+00:00","breadcrumb":{"@id":"https:\/\/raptorcoatings.com\/es\/proyectos\/literatura\/#breadcrumb"},"inLanguage":"es","potentialAction":[{"@type":"ReadAction","target":["https:\/\/raptorcoatings.com\/es\/proyectos\/literatura\/"]}]},{"@type":"BreadcrumbList","@id":"https:\/\/raptorcoatings.com\/es\/proyectos\/literatura\/#breadcrumb","itemListElement":[{"@type":"ListItem","position":1,"name":"Home","item":"https:\/\/raptorcoatings.com\/es\/"},{"@type":"ListItem","position":2,"name":"Proyectos","item":"https:\/\/raptorcoatings.com\/es\/proyectos\/"},{"@type":"ListItem","position":3,"name":"Literatura"}]},{"@type":"WebSite","@id":"https:\/\/raptorcoatings.com\/es\/#website","url":"https:\/\/raptorcoatings.com\/es\/","name":"Raptor Coatings","description":"","potentialAction":[{"@type":"SearchAction","target":{"@type":"EntryPoint","urlTemplate":"https:\/\/raptorcoatings.com\/es\/?s={search_term_string}"},"query-input":{"@type":"PropertyValueSpecification","valueRequired":true,"valueName":"search_term_string"}}],"inLanguage":"es"}]}},"_links":{"self":[{"href":"https:\/\/raptorcoatings.com\/es\/wp-json\/wp\/v2\/pages\/71899","targetHints":{"allow":["GET"]}}],"collection":[{"href":"https:\/\/raptorcoatings.com\/es\/wp-json\/wp\/v2\/pages"}],"about":[{"href":"https:\/\/raptorcoatings.com\/es\/wp-json\/wp\/v2\/types\/page"}],"author":[{"embeddable":true,"href":"https:\/\/raptorcoatings.com\/es\/wp-json\/wp\/v2\/users\/20"}],"replies":[{"embeddable":true,"href":"https:\/\/raptorcoatings.com\/es\/wp-json\/wp\/v2\/comments?post=71899"}],"version-history":[{"count":10,"href":"https:\/\/raptorcoatings.com\/es\/wp-json\/wp\/v2\/pages\/71899\/revisions"}],"predecessor-version":[{"id":73979,"href":"https:\/\/raptorcoatings.com\/es\/wp-json\/wp\/v2\/pages\/71899\/revisions\/73979"}],"up":[{"embeddable":true,"href":"https:\/\/raptorcoatings.com\/es\/wp-json\/wp\/v2\/pages\/57458"}],"wp:attachment":[{"href":"https:\/\/raptorcoatings.com\/es\/wp-json\/wp\/v2\/media?parent=71899"}],"curies":[{"name":"wp","href":"https:\/\/api.w.org\/{rel}","templated":true}]}}