{"id":9081,"date":"2023-01-16T12:09:24","date_gmt":"2023-01-16T12:09:24","guid":{"rendered":"https:\/\/raptorcoatings.com\/product\/raptor-adhesion-promoter\/"},"modified":"2023-06-14T16:42:35","modified_gmt":"2023-06-14T16:42:35","slug":"promotor-de-adherencia-universal","status":"publish","type":"product","link":"https:\/\/raptorcoatings.com\/es-us\/producto\/promotor-de-adherencia-universal\/","title":{"rendered":"Promotor de Adherencia Universal"},"content":{"rendered":"<div class=\"fusion-fullwidth fullwidth-box fusion-builder-row-1 fusion-flex-container has-pattern-background has-mask-background nonhundred-percent-fullwidth non-hundred-percent-height-scrolling\" style=\"--awb-border-radius-top-left:0px;--awb-border-radius-top-right:0px;--awb-border-radius-bottom-right:0px;--awb-border-radius-bottom-left:0px;--awb-padding-top:50px;--awb-flex-wrap:wrap;\" ><div class=\"fusion-builder-row fusion-row fusion-flex-align-items-flex-start fusion-flex-justify-content-flex-end fusion-flex-content-wrap\" style=\"max-width:calc( 1640px + 12px );margin-left: calc(-12px \/ 2 );margin-right: calc(-12px \/ 2 );\"><div class=\"fusion-layout-column fusion_builder_column fusion-builder-column-0 fusion_builder_column_1_1 1_1 fusion-flex-column\" style=\"--awb-bg-size:cover;--awb-width-large:100%;--awb-margin-top-large:0px;--awb-spacing-right-large:6px;--awb-margin-bottom-large:20px;--awb-spacing-left-large:6px;--awb-width-medium:100%;--awb-order-medium:0;--awb-spacing-right-medium:6px;--awb-spacing-left-medium:6px;--awb-width-small:100%;--awb-order-small:0;--awb-spacing-right-small:6px;--awb-spacing-left-small:6px;\"><div class=\"fusion-column-wrapper fusion-column-has-shadow fusion-flex-justify-content-flex-start fusion-content-layout-column\">\n<div class=\"table-1\">\n<table width=\"100%\">\n<thead>\n<tr>\n<th align=\"left\">Code<\/th>\n<th align=\"left\">Size\/Pack<\/th>\n<th align=\"left\">Color<\/th>\n<th align=\"left\">Ctn<\/th>\n<th align=\"left\">Technical Data Sheet<\/th>\n<th align=\"left\">Safety Data Sheet<\/th>\n<\/tr>\n<\/thead>\n<tbody>\n<tr>\n<td align=\"left\">UP5024<\/td>\n<td align=\"left\">450ml Aerosol<\/td>\n<td align=\"left\">Clear<\/td>\n<td align=\"left\">6<\/td>\n<td align=\"left\"><a href=\"https:\/\/raptorcoatings.com\/wp-content\/uploads\/UP5024-TDS-US-SPA-1.pdf\">UP5024-TDS-US-SPA<\/a><\/td>\n<td align=\"left\"><a href=\"https:\/\/raptorcoatings.com\/wp-content\/uploads\/RAAP-R-US-SDS-ES-1.pdf\">UP5024-SDS-ES<\/a><\/td>\n<\/tr>\n<\/tbody>\n<\/table>\n<\/div>\n<div class=\"fusion-text fusion-text-1 fusion-no-medium-visibility fusion-no-large-visibility\"><p style=\"text-align: center;\"><span style=\"color: #ffffff; font-size: 16px;\"><strong>Swipe table<\/strong><\/span> <i class=\"fb-icon-element-1 fb-icon-element fontawesome-icon fa-hand-pointer fas circle-no fusion-text-flow\" style=\"--awb-font-size:20px;--awb-margin-right:10px;\"><\/i><\/p>\n<\/div>\n\n<\/div><\/div><\/div><\/div>\n","protected":false},"excerpt":{"rendered":"<p>U-POL ofrece una l\u00ednea completa de accesorios para preparar, aplicar y mejorar su aplicaci\u00f3n de RAPTOR.<\/p>\n<ul>\n<li>Promueve la adherencia de la pintura sobre todos los sustratos del autom\u00f3vil: pl\u00e1sticos, aluminio, metal galvanizado, zinc, superficies pintadas, fibra de vidrio y tambi\u00e9n masillas<\/li>\n<li>Reemplaza la necesidad de adherencia mec\u00e1nica y de lijado, lo que lo hace perfecto para las zonas de dif\u00edcil acceso tales como debajo del cap\u00f3 y alrededor del ba\u00fal<\/li>\n<\/ul>\n","protected":false},"featured_media":4542,"template":"","meta":[],"product_brand":[],"product_cat":[221,619,600,205],"product_tag":[643,678],"class_list":{"0":"post-9081","1":"product","2":"type-product","3":"status-publish","4":"has-post-thumbnail","6":"product_cat-accessories-es-us","7":"product_cat-primers-es-us","8":"product_cat-product-es-us","9":"product_cat-raptor-es-us","10":"product_tag-es","11":"product_tag-primers-es","13":"first","14":"instock","15":"shipping-taxable","16":"product-type-simple"},"gallery_images":[7900,7891,7819,7810,7801,6673],"yoast_head":"<!-- This site is optimized with the Yoast SEO plugin v27.1.1 - https:\/\/yoast.com\/product\/yoast-seo-wordpress\/ -->\n<title>Promotor de Adherencia Universal - Raptortough<\/title>\n<meta name=\"description\" content=\"The convenient RAPTOR 2K Bedliner Aerosol offers a fast, easy way to apply RAPTOR without compromising performance, no spray equipment necessary.\" \/>\n<meta name=\"robots\" content=\"index, follow, max-snippet:-1, max-image-preview:large, max-video-preview:-1\" \/>\n<link rel=\"canonical\" href=\"https:\/\/raptorcoatings.com\/es-us\/producto\/promotor-de-adherencia-universal\/\" \/>\n<meta property=\"og:locale\" content=\"es_ES\" \/>\n<meta property=\"og:type\" content=\"article\" \/>\n<meta property=\"og:title\" content=\"Promotor de Adherencia Universal - Raptortough\" \/>\n<meta property=\"og:description\" content=\"The convenient RAPTOR 2K Bedliner Aerosol offers a fast, easy way to apply RAPTOR without compromising performance, no spray equipment necessary.\" \/>\n<meta property=\"og:url\" content=\"https:\/\/raptorcoatings.com\/es-us\/producto\/promotor-de-adherencia-universal\/\" \/>\n<meta property=\"og:site_name\" content=\"Raptortough\" \/>\n<meta property=\"article:modified_time\" content=\"2023-06-14T16:42:35+00:00\" \/>\n<meta property=\"og:image\" content=\"https:\/\/raptorcoatings.com\/wp-content\/uploads\/Raptor-Adhesion-Promoter-2.jpg\" \/>\n\t<meta property=\"og:image:width\" content=\"800\" \/>\n\t<meta property=\"og:image:height\" content=\"800\" \/>\n\t<meta property=\"og:image:type\" content=\"image\/jpeg\" \/>\n<meta name=\"twitter:card\" content=\"summary_large_image\" \/>\n<meta name=\"twitter:label1\" content=\"Est. reading time\" \/>\n\t<meta name=\"twitter:data1\" content=\"1 minute\" \/>\n<script type=\"application\/ld+json\" class=\"yoast-schema-graph\">{\"@context\":\"https:\/\/schema.org\",\"@graph\":[{\"@type\":\"WebPage\",\"@id\":\"https:\/\/raptorcoatings.com\/es-us\/producto\/promotor-de-adherencia-universal\/\",\"url\":\"https:\/\/raptorcoatings.com\/es-us\/producto\/promotor-de-adherencia-universal\/\",\"name\":\"Promotor de Adherencia Universal - Raptortough\",\"isPartOf\":{\"@id\":\"https:\/\/raptorcoatings.com\/es-us\/#website\"},\"primaryImageOfPage\":{\"@id\":\"https:\/\/raptorcoatings.com\/es-us\/producto\/promotor-de-adherencia-universal\/#primaryimage\"},\"image\":{\"@id\":\"https:\/\/raptorcoatings.com\/es-us\/producto\/promotor-de-adherencia-universal\/#primaryimage\"},\"thumbnailUrl\":\"https:\/\/raptorcoatings.com\/wp-content\/uploads\/Raptor-Adhesion-Promoter-2.jpg\",\"datePublished\":\"2023-01-16T12:09:24+00:00\",\"dateModified\":\"2023-06-14T16:42:35+00:00\",\"description\":\"The convenient RAPTOR 2K Bedliner Aerosol offers a fast, easy way to apply RAPTOR without compromising performance, no spray equipment necessary.\",\"breadcrumb\":{\"@id\":\"https:\/\/raptorcoatings.com\/es-us\/producto\/promotor-de-adherencia-universal\/#breadcrumb\"},\"inLanguage\":\"es-US\",\"potentialAction\":[{\"@type\":\"ReadAction\",\"target\":[\"https:\/\/raptorcoatings.com\/es-us\/producto\/promotor-de-adherencia-universal\/\"]}]},{\"@type\":\"ImageObject\",\"inLanguage\":\"es-US\",\"@id\":\"https:\/\/raptorcoatings.com\/es-us\/producto\/promotor-de-adherencia-universal\/#primaryimage\",\"url\":\"https:\/\/raptorcoatings.com\/wp-content\/uploads\/Raptor-Adhesion-Promoter-2.jpg\",\"contentUrl\":\"https:\/\/raptorcoatings.com\/wp-content\/uploads\/Raptor-Adhesion-Promoter-2.jpg\",\"width\":800,\"height\":800,\"caption\":\"RAPTOR Adhesion Promoter\"},{\"@type\":\"BreadcrumbList\",\"@id\":\"https:\/\/raptorcoatings.com\/es-us\/producto\/promotor-de-adherencia-universal\/#breadcrumb\",\"itemListElement\":[{\"@type\":\"ListItem\",\"position\":1,\"name\":\"Home\",\"item\":\"https:\/\/raptorcoatings.com\/es-us\/\"},{\"@type\":\"ListItem\",\"position\":2,\"name\":\"Productos\",\"item\":\"https:\/\/raptorcoatings.com\/es-us\/productos\/\"},{\"@type\":\"ListItem\",\"position\":3,\"name\":\"Promotor de Adherencia Universal\"}]},{\"@type\":\"WebSite\",\"@id\":\"https:\/\/raptorcoatings.com\/es-us\/#website\",\"url\":\"https:\/\/raptorcoatings.com\/es-us\/\",\"name\":\"Raptor Coatings\",\"description\":\"\",\"potentialAction\":[{\"@type\":\"SearchAction\",\"target\":{\"@type\":\"EntryPoint\",\"urlTemplate\":\"https:\/\/raptorcoatings.com\/es-us\/?s={search_term_string}\"},\"query-input\":{\"@type\":\"PropertyValueSpecification\",\"valueRequired\":true,\"valueName\":\"search_term_string\"}}],\"inLanguage\":\"es-US\"}]}<\/script>\n<!-- \/ Yoast SEO plugin. -->","yoast_head_json":{"title":"Promotor de Adherencia Universal - Raptortough","description":"The convenient RAPTOR 2K Bedliner Aerosol offers a fast, easy way to apply RAPTOR without compromising performance, no spray equipment necessary.","robots":{"index":"index","follow":"follow","max-snippet":"max-snippet:-1","max-image-preview":"max-image-preview:large","max-video-preview":"max-video-preview:-1"},"canonical":"https:\/\/raptorcoatings.com\/es-us\/producto\/promotor-de-adherencia-universal\/","og_locale":"es_ES","og_type":"article","og_title":"Promotor de Adherencia Universal - Raptortough","og_description":"The convenient RAPTOR 2K Bedliner Aerosol offers a fast, easy way to apply RAPTOR without compromising performance, no spray equipment necessary.","og_url":"https:\/\/raptorcoatings.com\/es-us\/producto\/promotor-de-adherencia-universal\/","og_site_name":"Raptortough","article_modified_time":"2023-06-14T16:42:35+00:00","og_image":[{"width":800,"height":800,"url":"https:\/\/raptorcoatings.com\/wp-content\/uploads\/Raptor-Adhesion-Promoter-2.jpg","type":"image\/jpeg"}],"twitter_card":"summary_large_image","twitter_misc":{"Est. reading time":"1 minute"},"schema":{"@context":"https:\/\/schema.org","@graph":[{"@type":"WebPage","@id":"https:\/\/raptorcoatings.com\/es-us\/producto\/promotor-de-adherencia-universal\/","url":"https:\/\/raptorcoatings.com\/es-us\/producto\/promotor-de-adherencia-universal\/","name":"Promotor de Adherencia Universal - Raptortough","isPartOf":{"@id":"https:\/\/raptorcoatings.com\/es-us\/#website"},"primaryImageOfPage":{"@id":"https:\/\/raptorcoatings.com\/es-us\/producto\/promotor-de-adherencia-universal\/#primaryimage"},"image":{"@id":"https:\/\/raptorcoatings.com\/es-us\/producto\/promotor-de-adherencia-universal\/#primaryimage"},"thumbnailUrl":"https:\/\/raptorcoatings.com\/wp-content\/uploads\/Raptor-Adhesion-Promoter-2.jpg","datePublished":"2023-01-16T12:09:24+00:00","dateModified":"2023-06-14T16:42:35+00:00","description":"The convenient RAPTOR 2K Bedliner Aerosol offers a fast, easy way to apply RAPTOR without compromising performance, no spray equipment necessary.","breadcrumb":{"@id":"https:\/\/raptorcoatings.com\/es-us\/producto\/promotor-de-adherencia-universal\/#breadcrumb"},"inLanguage":"es-US","potentialAction":[{"@type":"ReadAction","target":["https:\/\/raptorcoatings.com\/es-us\/producto\/promotor-de-adherencia-universal\/"]}]},{"@type":"ImageObject","inLanguage":"es-US","@id":"https:\/\/raptorcoatings.com\/es-us\/producto\/promotor-de-adherencia-universal\/#primaryimage","url":"https:\/\/raptorcoatings.com\/wp-content\/uploads\/Raptor-Adhesion-Promoter-2.jpg","contentUrl":"https:\/\/raptorcoatings.com\/wp-content\/uploads\/Raptor-Adhesion-Promoter-2.jpg","width":800,"height":800,"caption":"RAPTOR Adhesion Promoter"},{"@type":"BreadcrumbList","@id":"https:\/\/raptorcoatings.com\/es-us\/producto\/promotor-de-adherencia-universal\/#breadcrumb","itemListElement":[{"@type":"ListItem","position":1,"name":"Home","item":"https:\/\/raptorcoatings.com\/es-us\/"},{"@type":"ListItem","position":2,"name":"Productos","item":"https:\/\/raptorcoatings.com\/es-us\/productos\/"},{"@type":"ListItem","position":3,"name":"Promotor de Adherencia Universal"}]},{"@type":"WebSite","@id":"https:\/\/raptorcoatings.com\/es-us\/#website","url":"https:\/\/raptorcoatings.com\/es-us\/","name":"Raptor Coatings","description":"","potentialAction":[{"@type":"SearchAction","target":{"@type":"EntryPoint","urlTemplate":"https:\/\/raptorcoatings.com\/es-us\/?s={search_term_string}"},"query-input":{"@type":"PropertyValueSpecification","valueRequired":true,"valueName":"search_term_string"}}],"inLanguage":"es-US"}]}},"_links":{"self":[{"href":"https:\/\/raptorcoatings.com\/es-us\/wp-json\/wp\/v2\/product\/9081","targetHints":{"allow":["GET"]}}],"collection":[{"href":"https:\/\/raptorcoatings.com\/es-us\/wp-json\/wp\/v2\/product"}],"about":[{"href":"https:\/\/raptorcoatings.com\/es-us\/wp-json\/wp\/v2\/types\/product"}],"wp:featuredmedia":[{"embeddable":true,"href":"https:\/\/raptorcoatings.com\/es-us\/wp-json\/wp\/v2\/media\/4542"}],"wp:attachment":[{"href":"https:\/\/raptorcoatings.com\/es-us\/wp-json\/wp\/v2\/media?parent=9081"}],"wp:term":[{"taxonomy":"product_brand","embeddable":true,"href":"https:\/\/raptorcoatings.com\/es-us\/wp-json\/wp\/v2\/product_brand?post=9081"},{"taxonomy":"product_cat","embeddable":true,"href":"https:\/\/raptorcoatings.com\/es-us\/wp-json\/wp\/v2\/product_cat?post=9081"},{"taxonomy":"product_tag","embeddable":true,"href":"https:\/\/raptorcoatings.com\/es-us\/wp-json\/wp\/v2\/product_tag?post=9081"}],"curies":[{"name":"wp","href":"https:\/\/api.w.org\/{rel}","templated":true}]}}