{"id":77256,"date":"2023-06-27T09:46:59","date_gmt":"2023-06-27T09:46:59","guid":{"rendered":"https:\/\/raptorcoatings.com\/?post_type=product&#038;p=77256"},"modified":"2025-07-16T08:42:26","modified_gmt":"2025-07-16T08:42:26","slug":"esmalte-profesional-raptor-1k","status":"publish","type":"product","link":"https:\/\/raptorcoatings.com\/es-us\/producto\/esmalte-profesional-raptor-1k\/","title":{"rendered":"Esmalte Profesional RAPTOR 1K"},"content":{"rendered":"<p><div class=\"fusion-fullwidth fullwidth-box fusion-builder-row-1 fusion-flex-container has-pattern-background has-mask-background nonhundred-percent-fullwidth non-hundred-percent-height-scrolling\" style=\"--awb-border-radius-top-left:0px;--awb-border-radius-top-right:0px;--awb-border-radius-bottom-right:0px;--awb-border-radius-bottom-left:0px;--awb-padding-top:50px;--awb-padding-right:0px;--awb-padding-bottom:0px;--awb-padding-left:0px;--awb-flex-wrap:wrap;\" ><div class=\"fusion-builder-row fusion-row fusion-flex-align-items-flex-start fusion-flex-justify-content-flex-end fusion-flex-content-wrap\" style=\"max-width:calc( 1640px + 12px );margin-left: calc(-12px \/ 2 );margin-right: calc(-12px \/ 2 );\"><div class=\"fusion-layout-column fusion_builder_column fusion-builder-column-0 fusion_builder_column_1_1 1_1 fusion-flex-column\" style=\"--awb-bg-size:cover;--awb-width-large:100%;--awb-margin-top-large:0px;--awb-spacing-right-large:6px;--awb-margin-bottom-large:20px;--awb-spacing-left-large:6px;--awb-width-medium:100%;--awb-order-medium:0;--awb-spacing-right-medium:6px;--awb-spacing-left-medium:6px;--awb-width-small:100%;--awb-order-small:0;--awb-spacing-right-small:6px;--awb-spacing-left-small:6px;\"><div class=\"fusion-column-wrapper fusion-column-has-shadow fusion-flex-justify-content-flex-start fusion-content-layout-column\">\n<div class=\"table-1 productTable\">\n<table width=\"100%\">\n<thead>\n<tr>\n<th align=\"left\">Code<\/th>\n<th align=\"left\">Size\/Pack<\/th>\n<th align=\"left\">Color<\/th>\n<th align=\"left\">Ctn<\/th>\n<th align=\"left\">Safety\u00a0 Data Sheet<\/th>\n<th align=\"left\">Technical Data Sheet<\/th>\n<\/tr>\n<\/thead>\n<tbody>\n<tr>\n<td align=\"left\">UP4846<\/td>\n<td align=\"left\">10.00 Oz. Aerosol<\/td>\n<td align=\"left\">Gloss Black<\/td>\n<td align=\"left\"><\/td>\n<td align=\"left\"><a href=\"https:\/\/use-qa-inf-apiacs.azure-api.net\/publishedsds\/item\/31905\">UP4846 SDS<\/a><\/td>\n<td align=\"left\"><a href=\"https:\/\/raptorcoatings.com\/wp-content\/uploads\/UP4846-TDS-1.pdf\">UP4846 TDS<\/a><\/td>\n<\/tr>\n<tr>\n<td align=\"left\">UP4849<\/td>\n<td align=\"left\">10.00 Oz. Aerosoll<\/td>\n<td align=\"left\">Flat Black<\/td>\n<td align=\"left\"><\/td>\n<td align=\"left\"><a href=\"https:\/\/use-qa-inf-apiacs.azure-api.net\/publishedsds\/item\/31874\">UP4849 SDS<\/a><\/td>\n<td align=\"left\"><a href=\"https:\/\/raptorcoatings.com\/wp-content\/uploads\/UP4849-TDS-1.pdf\">UP4849 TDS<\/a><\/td>\n<\/tr>\n<tr>\n<td align=\"left\">UP4847<\/td>\n<td align=\"left\">10.00 Oz. Aerosol<\/td>\n<td align=\"left\">White<\/td>\n<td align=\"left\"><\/td>\n<td align=\"left\"><a href=\"https:\/\/use-qa-inf-apiacs.azure-api.net\/publishedsds\/item\/31906\">UP4847 SDS<\/a><\/td>\n<td align=\"left\"><a href=\"https:\/\/raptorcoatings.com\/wp-content\/uploads\/UP4847-TDS-1.pdf\">UP4847 TDS<\/a><\/td>\n<\/tr>\n<tr>\n<td align=\"left\">UP4845<\/td>\n<td align=\"left\">10.00 Oz. Aerosol<\/td>\n<td align=\"left\">Clear<\/td>\n<td align=\"left\"><\/td>\n<td align=\"left\"><a href=\"https:\/\/use-qa-inf-apiacs.azure-api.net\/publishedsds\/item\/31891\">UP4845 SDS<\/a><\/td>\n<td align=\"left\"><a href=\"https:\/\/raptorcoatings.com\/wp-content\/uploads\/UP4845-TDS-1.pdf\">UP4845 TDS<\/a><\/td>\n<\/tr>\n<\/tbody>\n<\/table>\n<\/div>\n<div class=\"fusion-text fusion-text-1 fusion-no-medium-visibility fusion-no-large-visibility\"><p style=\"text-align: center;\"><span style=\"color: #ffffff; font-size: 16px;\"><strong>Swipe table<\/strong><\/span> <i class=\"fb-icon-element-1 fb-icon-element fontawesome-icon fa-hand-pointer fas circle-no fusion-text-flow\" style=\"--awb-font-size:20px;--awb-margin-right:10px;\"><\/i><\/p>\n<\/div>\n<\/div><\/div><\/div><\/div><div class=\"fusion-fullwidth fullwidth-box fusion-builder-row-2 fusion-flex-container has-pattern-background has-mask-background nonhundred-percent-fullwidth non-hundred-percent-height-scrolling\" style=\"--awb-border-radius-top-left:0px;--awb-border-radius-top-right:0px;--awb-border-radius-bottom-right:0px;--awb-border-radius-bottom-left:0px;--awb-flex-wrap:wrap;\" ><div class=\"fusion-builder-row fusion-row fusion-flex-align-items-flex-start fusion-flex-content-wrap\" style=\"max-width:calc( 1640px + 12px );margin-left: calc(-12px \/ 2 );margin-right: calc(-12px \/ 2 );\"><div class=\"fusion-layout-column fusion_builder_column fusion-builder-column-1 fusion_builder_column_1_5 1_5 fusion-flex-column\" style=\"--awb-bg-size:cover;--awb-width-large:20%;--awb-margin-top-large:0px;--awb-spacing-right-large:6px;--awb-margin-bottom-large:20px;--awb-spacing-left-large:6px;--awb-width-medium:20%;--awb-order-medium:0;--awb-spacing-right-medium:6px;--awb-spacing-left-medium:6px;--awb-width-small:100%;--awb-order-small:0;--awb-spacing-right-small:6px;--awb-spacing-left-small:6px;\"><div class=\"fusion-column-wrapper fusion-column-has-shadow fusion-flex-justify-content-flex-start fusion-content-layout-column\"><\/div><\/div><\/div><\/div><\/p>\n","protected":false},"excerpt":{"rendered":"<p>RAPTOR 1K Pro Enamel es un esmalte de alta calidad que combina pintura e imprimador en un solo producto. Puede aplicarse directamente sobre la mayor\u00eda de los metales y pl\u00e1sticos previamente preparados. Ofrece un acabado excepcionalmente resistente y duradero, m\u00e1s de 5 veces m\u00e1s fuerte que los lacas tradicionales, para proteger las superficies contra impactos y abrasiones. Ideal para uso en salpicaderas, compartimento del motor, chasis, ruedas, defensas, cubiertas de espejos, paneles de carrocer\u00eda y molduras.<\/p>\n<p>Available now at: <a href=\"https:\/\/www.autozone.com\/brands\/raptor?filters=3999888883\"><img decoding=\"async\" class=\"size-full wp-image-828\" src=\"https:\/\/raptorcoatings.com\/wp-content\/uploads\/Autozone.png\" alt=\"Autozone\" width=\"398\" height=\"54\" srcset=\"https:\/\/raptorcoatings.com\/wp-content\/uploads\/Autozone-192x26.png 192w, https:\/\/raptorcoatings.com\/wp-content\/uploads\/Autozone.png 398w\" sizes=\"(max-width: 398px) 100vw, 398px\" \/><\/a><\/p>\n<h2><a href=\"https:\/\/www.autozone.com\/brands\/raptor?filters=3999888883\">Buy Now<\/a><\/h2>\n","protected":false},"featured_media":78150,"template":"","meta":[],"product_brand":[],"product_cat":[600,205,229],"product_tag":[645],"class_list":{"0":"post-77256","1":"product","2":"type-product","3":"status-publish","4":"has-post-thumbnail","6":"product_cat-product-es-us","7":"product_cat-raptor-es-us","8":"product_cat-revestimiento-protector-de-cubierta","9":"product_tag-us-es-us","11":"first","12":"instock","13":"shipping-taxable","14":"product-type-simple"},"gallery_images":[23987,23978,23969],"yoast_head":"<!-- This site is optimized with the Yoast SEO plugin v27.1.1 - https:\/\/yoast.com\/product\/yoast-seo-wordpress\/ -->\n<title>Esmalte Profesional RAPTOR 1K - Raptortough<\/title>\n<meta name=\"robots\" content=\"index, follow, max-snippet:-1, max-image-preview:large, max-video-preview:-1\" \/>\n<link rel=\"canonical\" href=\"https:\/\/raptorcoatings.com\/es-us\/producto\/esmalte-profesional-raptor-1k\/\" \/>\n<meta property=\"og:locale\" content=\"es_ES\" \/>\n<meta property=\"og:type\" content=\"article\" \/>\n<meta property=\"og:title\" content=\"Esmalte Profesional RAPTOR 1K - Raptortough\" \/>\n<meta property=\"og:description\" content=\"RAPTOR 1K Pro Enamel es un esmalte de alta calidad que combina pintura e imprimador en un solo producto. Puede aplicarse directamente sobre la mayor\u00eda de los metales y pl\u00e1sticos previamente preparados. Ofrece un acabado excepcionalmente resistente y duradero, m\u00e1s de 5 veces m\u00e1s fuerte que los lacas tradicionales, para proteger las superficies contra impactos y abrasiones. Ideal para uso en salpicaderas, compartimento del motor, chasis, ruedas, defensas, cubiertas de espejos, paneles de carrocer\u00eda y molduras.  Available now at:  Buy Now\" \/>\n<meta property=\"og:url\" content=\"https:\/\/raptorcoatings.com\/es-us\/producto\/esmalte-profesional-raptor-1k\/\" \/>\n<meta property=\"og:site_name\" content=\"Raptortough\" \/>\n<meta property=\"article:modified_time\" content=\"2025-07-16T08:42:26+00:00\" \/>\n<meta property=\"og:image\" content=\"https:\/\/raptorcoatings.com\/wp-content\/uploads\/3-7.png\" \/>\n\t<meta property=\"og:image:width\" content=\"1200\" \/>\n\t<meta property=\"og:image:height\" content=\"1200\" \/>\n\t<meta property=\"og:image:type\" content=\"image\/png\" \/>\n<meta name=\"twitter:card\" content=\"summary_large_image\" \/>\n<meta name=\"twitter:label1\" content=\"Est. reading time\" \/>\n\t<meta name=\"twitter:data1\" content=\"1 minute\" \/>\n<script type=\"application\/ld+json\" class=\"yoast-schema-graph\">{\"@context\":\"https:\/\/schema.org\",\"@graph\":[{\"@type\":\"WebPage\",\"@id\":\"https:\/\/raptorcoatings.com\/es-us\/producto\/esmalte-profesional-raptor-1k\/\",\"url\":\"https:\/\/raptorcoatings.com\/es-us\/producto\/esmalte-profesional-raptor-1k\/\",\"name\":\"Esmalte Profesional RAPTOR 1K - Raptortough\",\"isPartOf\":{\"@id\":\"https:\/\/raptorcoatings.com\/es-us\/#website\"},\"primaryImageOfPage\":{\"@id\":\"https:\/\/raptorcoatings.com\/es-us\/producto\/esmalte-profesional-raptor-1k\/#primaryimage\"},\"image\":{\"@id\":\"https:\/\/raptorcoatings.com\/es-us\/producto\/esmalte-profesional-raptor-1k\/#primaryimage\"},\"thumbnailUrl\":\"https:\/\/raptorcoatings.com\/wp-content\/uploads\/3-7.png\",\"datePublished\":\"2023-06-27T09:46:59+00:00\",\"dateModified\":\"2025-07-16T08:42:26+00:00\",\"breadcrumb\":{\"@id\":\"https:\/\/raptorcoatings.com\/es-us\/producto\/esmalte-profesional-raptor-1k\/#breadcrumb\"},\"inLanguage\":\"es-US\",\"potentialAction\":[{\"@type\":\"ReadAction\",\"target\":[\"https:\/\/raptorcoatings.com\/es-us\/producto\/esmalte-profesional-raptor-1k\/\"]}]},{\"@type\":\"ImageObject\",\"inLanguage\":\"es-US\",\"@id\":\"https:\/\/raptorcoatings.com\/es-us\/producto\/esmalte-profesional-raptor-1k\/#primaryimage\",\"url\":\"https:\/\/raptorcoatings.com\/wp-content\/uploads\/3-7.png\",\"contentUrl\":\"https:\/\/raptorcoatings.com\/wp-content\/uploads\/3-7.png\",\"width\":1200,\"height\":1200},{\"@type\":\"BreadcrumbList\",\"@id\":\"https:\/\/raptorcoatings.com\/es-us\/producto\/esmalte-profesional-raptor-1k\/#breadcrumb\",\"itemListElement\":[{\"@type\":\"ListItem\",\"position\":1,\"name\":\"Home\",\"item\":\"https:\/\/raptorcoatings.com\/es-us\/\"},{\"@type\":\"ListItem\",\"position\":2,\"name\":\"Productos\",\"item\":\"https:\/\/raptorcoatings.com\/es-us\/productos\/\"},{\"@type\":\"ListItem\",\"position\":3,\"name\":\"Esmalte Profesional RAPTOR 1K\"}]},{\"@type\":\"WebSite\",\"@id\":\"https:\/\/raptorcoatings.com\/es-us\/#website\",\"url\":\"https:\/\/raptorcoatings.com\/es-us\/\",\"name\":\"Raptor Coatings\",\"description\":\"\",\"potentialAction\":[{\"@type\":\"SearchAction\",\"target\":{\"@type\":\"EntryPoint\",\"urlTemplate\":\"https:\/\/raptorcoatings.com\/es-us\/?s={search_term_string}\"},\"query-input\":{\"@type\":\"PropertyValueSpecification\",\"valueRequired\":true,\"valueName\":\"search_term_string\"}}],\"inLanguage\":\"es-US\"}]}<\/script>\n<!-- \/ Yoast SEO plugin. -->","yoast_head_json":{"title":"Esmalte Profesional RAPTOR 1K - Raptortough","robots":{"index":"index","follow":"follow","max-snippet":"max-snippet:-1","max-image-preview":"max-image-preview:large","max-video-preview":"max-video-preview:-1"},"canonical":"https:\/\/raptorcoatings.com\/es-us\/producto\/esmalte-profesional-raptor-1k\/","og_locale":"es_ES","og_type":"article","og_title":"Esmalte Profesional RAPTOR 1K - Raptortough","og_description":"RAPTOR 1K Pro Enamel es un esmalte de alta calidad que combina pintura e imprimador en un solo producto. Puede aplicarse directamente sobre la mayor\u00eda de los metales y pl\u00e1sticos previamente preparados. Ofrece un acabado excepcionalmente resistente y duradero, m\u00e1s de 5 veces m\u00e1s fuerte que los lacas tradicionales, para proteger las superficies contra impactos y abrasiones. Ideal para uso en salpicaderas, compartimento del motor, chasis, ruedas, defensas, cubiertas de espejos, paneles de carrocer\u00eda y molduras.  Available now at:  Buy Now","og_url":"https:\/\/raptorcoatings.com\/es-us\/producto\/esmalte-profesional-raptor-1k\/","og_site_name":"Raptortough","article_modified_time":"2025-07-16T08:42:26+00:00","og_image":[{"width":1200,"height":1200,"url":"https:\/\/raptorcoatings.com\/wp-content\/uploads\/3-7.png","type":"image\/png"}],"twitter_card":"summary_large_image","twitter_misc":{"Est. reading time":"1 minute"},"schema":{"@context":"https:\/\/schema.org","@graph":[{"@type":"WebPage","@id":"https:\/\/raptorcoatings.com\/es-us\/producto\/esmalte-profesional-raptor-1k\/","url":"https:\/\/raptorcoatings.com\/es-us\/producto\/esmalte-profesional-raptor-1k\/","name":"Esmalte Profesional RAPTOR 1K - Raptortough","isPartOf":{"@id":"https:\/\/raptorcoatings.com\/es-us\/#website"},"primaryImageOfPage":{"@id":"https:\/\/raptorcoatings.com\/es-us\/producto\/esmalte-profesional-raptor-1k\/#primaryimage"},"image":{"@id":"https:\/\/raptorcoatings.com\/es-us\/producto\/esmalte-profesional-raptor-1k\/#primaryimage"},"thumbnailUrl":"https:\/\/raptorcoatings.com\/wp-content\/uploads\/3-7.png","datePublished":"2023-06-27T09:46:59+00:00","dateModified":"2025-07-16T08:42:26+00:00","breadcrumb":{"@id":"https:\/\/raptorcoatings.com\/es-us\/producto\/esmalte-profesional-raptor-1k\/#breadcrumb"},"inLanguage":"es-US","potentialAction":[{"@type":"ReadAction","target":["https:\/\/raptorcoatings.com\/es-us\/producto\/esmalte-profesional-raptor-1k\/"]}]},{"@type":"ImageObject","inLanguage":"es-US","@id":"https:\/\/raptorcoatings.com\/es-us\/producto\/esmalte-profesional-raptor-1k\/#primaryimage","url":"https:\/\/raptorcoatings.com\/wp-content\/uploads\/3-7.png","contentUrl":"https:\/\/raptorcoatings.com\/wp-content\/uploads\/3-7.png","width":1200,"height":1200},{"@type":"BreadcrumbList","@id":"https:\/\/raptorcoatings.com\/es-us\/producto\/esmalte-profesional-raptor-1k\/#breadcrumb","itemListElement":[{"@type":"ListItem","position":1,"name":"Home","item":"https:\/\/raptorcoatings.com\/es-us\/"},{"@type":"ListItem","position":2,"name":"Productos","item":"https:\/\/raptorcoatings.com\/es-us\/productos\/"},{"@type":"ListItem","position":3,"name":"Esmalte Profesional RAPTOR 1K"}]},{"@type":"WebSite","@id":"https:\/\/raptorcoatings.com\/es-us\/#website","url":"https:\/\/raptorcoatings.com\/es-us\/","name":"Raptor Coatings","description":"","potentialAction":[{"@type":"SearchAction","target":{"@type":"EntryPoint","urlTemplate":"https:\/\/raptorcoatings.com\/es-us\/?s={search_term_string}"},"query-input":{"@type":"PropertyValueSpecification","valueRequired":true,"valueName":"search_term_string"}}],"inLanguage":"es-US"}]}},"_links":{"self":[{"href":"https:\/\/raptorcoatings.com\/es-us\/wp-json\/wp\/v2\/product\/77256","targetHints":{"allow":["GET"]}}],"collection":[{"href":"https:\/\/raptorcoatings.com\/es-us\/wp-json\/wp\/v2\/product"}],"about":[{"href":"https:\/\/raptorcoatings.com\/es-us\/wp-json\/wp\/v2\/types\/product"}],"wp:featuredmedia":[{"embeddable":true,"href":"https:\/\/raptorcoatings.com\/es-us\/wp-json\/wp\/v2\/media\/78150"}],"wp:attachment":[{"href":"https:\/\/raptorcoatings.com\/es-us\/wp-json\/wp\/v2\/media?parent=77256"}],"wp:term":[{"taxonomy":"product_brand","embeddable":true,"href":"https:\/\/raptorcoatings.com\/es-us\/wp-json\/wp\/v2\/product_brand?post=77256"},{"taxonomy":"product_cat","embeddable":true,"href":"https:\/\/raptorcoatings.com\/es-us\/wp-json\/wp\/v2\/product_cat?post=77256"},{"taxonomy":"product_tag","embeddable":true,"href":"https:\/\/raptorcoatings.com\/es-us\/wp-json\/wp\/v2\/product_tag?post=77256"}],"curies":[{"name":"wp","href":"https:\/\/api.w.org\/{rel}","templated":true}]}}