{"id":77254,"date":"2023-01-17T09:44:57","date_gmt":"2023-01-17T09:44:57","guid":{"rendered":"https:\/\/raptorcoatings.com\/?post_type=product&#038;p=77254"},"modified":"2025-07-16T10:01:55","modified_gmt":"2025-07-16T10:01:55","slug":"aerosol-raptor-1k-revestimiento-inferior-resistente","status":"publish","type":"product","link":"https:\/\/raptorcoatings.com\/es-us\/producto\/aerosol-raptor-1k-revestimiento-inferior-resistente\/","title":{"rendered":"Aerosol RAPTOR 1K Revestimiento Inferior Resistente"},"content":{"rendered":"<div class=\"fusion-fullwidth fullwidth-box fusion-builder-row-1 fusion-flex-container has-pattern-background has-mask-background nonhundred-percent-fullwidth non-hundred-percent-height-scrolling\" style=\"--awb-border-radius-top-left:0px;--awb-border-radius-top-right:0px;--awb-border-radius-bottom-right:0px;--awb-border-radius-bottom-left:0px;--awb-padding-top:50px;--awb-padding-right:0px;--awb-padding-bottom:0px;--awb-padding-left:0px;--awb-flex-wrap:wrap;\" ><div class=\"fusion-builder-row fusion-row fusion-flex-align-items-flex-start fusion-flex-justify-content-flex-end fusion-flex-content-wrap\" style=\"max-width:calc( 1640px + 12px );margin-left: calc(-12px \/ 2 );margin-right: calc(-12px \/ 2 );\"><div class=\"fusion-layout-column fusion_builder_column fusion-builder-column-0 fusion_builder_column_1_1 1_1 fusion-flex-column\" style=\"--awb-bg-size:cover;--awb-width-large:100%;--awb-margin-top-large:0px;--awb-spacing-right-large:6px;--awb-margin-bottom-large:20px;--awb-spacing-left-large:6px;--awb-width-medium:100%;--awb-order-medium:0;--awb-spacing-right-medium:6px;--awb-spacing-left-medium:6px;--awb-width-small:100%;--awb-order-small:0;--awb-spacing-right-small:6px;--awb-spacing-left-small:6px;\"><div class=\"fusion-column-wrapper fusion-column-has-shadow fusion-flex-justify-content-flex-start fusion-content-layout-column\">\n<div class=\"table-1 productTable\">\n<table width=\"100%\">\n<thead>\n<tr>\n<th align=\"left\">Code<\/th>\n<th align=\"left\">Size\/Pack<\/th>\n<th align=\"left\">Color<\/th>\n<th align=\"left\">Ctn<\/th>\n<th align=\"left\">Technical Data Sheet<\/th>\n<th align=\"left\">Safety Data Sheet<\/th>\n<\/tr>\n<\/thead>\n<tbody>\n<tr>\n<td align=\"left\">UP4876<\/td>\n<td align=\"left\">16 Oz. Aerosol<\/td>\n<td align=\"left\">Black<\/td>\n<td align=\"left\"><\/td>\n<td align=\"left\"><a href=\"https:\/\/raptorcoatings.com\/wp-content\/uploads\/RTUAL-US-TDS-EN-1.pdf\" target=\"_blank\" rel=\"noopener\">UP4876-TDS<\/a><\/td>\n<td align=\"left\"><a href=\"https:\/\/use-qa-inf-apiacs.azure-api.net\/publishedsds\/item\/31897\" target=\"_blank\" rel=\"noopener\">UP4876-SDS<\/a><\/td>\n<\/tr>\n<\/tbody>\n<\/table>\n<\/div>\n<div class=\"fusion-text fusion-text-1 fusion-no-medium-visibility fusion-no-large-visibility\"><p style=\"text-align: center;\"><span style=\"color: #ffffff; font-size: 16px;\"><strong>Swipe table<\/strong><\/span> <i class=\"fb-icon-element-1 fb-icon-element fontawesome-icon fa-hand-pointer fas circle-no fusion-text-flow\" style=\"--awb-font-size:20px;--awb-margin-right:10px;\"><\/i><\/p>\n<\/div>\n<\/div><\/div><\/div><\/div>\n","protected":false},"excerpt":{"rendered":"<p>El Revestimiento Inferior Resistente RAPTOR es ideal para proteger los bajos del veh\u00edculo, paneles laterales y salpicaderas contra piedras, da\u00f1os por sal, humedad y \u00f3xido. Su f\u00f3rmula 1K de alta resistencia ofrece un acabado duradero y resistente a la abrasi\u00f3n, que act\u00faa como una barrera contra da\u00f1os por piedras y corrosi\u00f3n. Es perfecto para cubrir marcas de soldadura y uniones, y cuando se usa en el compartimento del motor, tambi\u00e9n ayuda a reducir el ruido. El Revestimiento Inferior Resistente RAPTOR tiene una excelente adherencia y puede aplicarse directamente sobre metal, aluminio, fibra de vidrio y pl\u00e1stico debidamente preparados, secando con un acabado texturizado y atractivo.<\/p>\n<h2>Especificaciones del Producto<\/h2>\n<ul>\n<li>Acabado texturizado de alta resistencia.<\/li>\n<li>Barrera duradera contra el \u00f3xido y la corrosi\u00f3n.<\/li>\n<li>Protecci\u00f3n resistente para los bajos del veh\u00edculo y salpicaderas.<\/li>\n<\/ul>\n<p><a href=\"https:\/\/www.autozone.com\/brands\/raptor?filters=3999888883\">Disponible ahora en: <img decoding=\"async\" class=\"size-full wp-image-828\" src=\"https:\/\/raptorcoatings.com\/wp-content\/uploads\/Autozone.png\" alt=\"Autozone\" width=\"398\" height=\"54\" srcset=\"https:\/\/raptorcoatings.com\/wp-content\/uploads\/Autozone-192x26.png 192w, https:\/\/raptorcoatings.com\/wp-content\/uploads\/Autozone.png 398w\" sizes=\"(max-width: 398px) 100vw, 398px\" \/><\/a><\/p>\n<h2><a href=\"https:\/\/www.autozone.com\/brands\/raptor?filters=3999888883\">Buy Now<\/a><\/h2>\n","protected":false},"featured_media":43511,"template":"","meta":[],"product_brand":[],"product_cat":[618,600,205,229],"product_tag":[645],"class_list":{"0":"post-77254","1":"product","2":"type-product","3":"status-publish","4":"has-post-thumbnail","6":"product_cat-coatings-es-us","7":"product_cat-product-es-us","8":"product_cat-raptor-es-us","9":"product_cat-revestimiento-protector-de-cubierta","10":"product_tag-us-es-us","12":"first","13":"instock","14":"shipping-taxable","15":"product-type-simple"},"gallery_images":[7837,7828,7846,7855,7864],"yoast_head":"<!-- This site is optimized with the Yoast SEO plugin v27.1.1 - https:\/\/yoast.com\/product\/yoast-seo-wordpress\/ -->\n<title>Aerosol RAPTOR 1K Revestimiento Inferior Resistente - Raptortough<\/title>\n<meta name=\"robots\" content=\"index, follow, max-snippet:-1, max-image-preview:large, max-video-preview:-1\" \/>\n<link rel=\"canonical\" href=\"https:\/\/raptorcoatings.com\/es-us\/producto\/aerosol-raptor-1k-revestimiento-inferior-resistente\/\" \/>\n<meta property=\"og:locale\" content=\"es_ES\" \/>\n<meta property=\"og:type\" content=\"article\" \/>\n<meta property=\"og:title\" content=\"Aerosol RAPTOR 1K Revestimiento Inferior Resistente - Raptortough\" \/>\n<meta property=\"og:description\" content=\"El Revestimiento Inferior Resistente RAPTOR es ideal para proteger los bajos del veh\u00edculo, paneles laterales y salpicaderas contra piedras, da\u00f1os por sal, humedad y \u00f3xido. Su f\u00f3rmula 1K de alta resistencia ofrece un acabado duradero y resistente a la abrasi\u00f3n, que act\u00faa como una barrera contra da\u00f1os por piedras y corrosi\u00f3n. Es perfecto para cubrir marcas de soldadura y uniones, y cuando se usa en el compartimento del motor, tambi\u00e9n ayuda a reducir el ruido. El Revestimiento Inferior Resistente RAPTOR tiene una excelente adherencia y puede aplicarse directamente sobre metal, aluminio, fibra de vidrio y pl\u00e1stico debidamente preparados, secando con un acabado texturizado y atractivo. Especificaciones del Producto   Acabado texturizado de alta resistencia.  Barrera duradera contra el \u00f3xido y la corrosi\u00f3n.  Protecci\u00f3n resistente para los bajos del veh\u00edculo y salpicaderas.  Disponible ahora en:  Buy Now\" \/>\n<meta property=\"og:url\" content=\"https:\/\/raptorcoatings.com\/es-us\/producto\/aerosol-raptor-1k-revestimiento-inferior-resistente\/\" \/>\n<meta property=\"og:site_name\" content=\"Raptortough\" \/>\n<meta property=\"article:modified_time\" content=\"2025-07-16T10:01:55+00:00\" \/>\n<meta property=\"og:image\" content=\"https:\/\/raptorcoatings.com\/wp-content\/uploads\/UP4876-Raptor-Tough-Undercoating-Aerosol-500mL_BLACK.jpg\" \/>\n\t<meta property=\"og:image:width\" content=\"1200\" \/>\n\t<meta property=\"og:image:height\" content=\"1200\" \/>\n\t<meta property=\"og:image:type\" content=\"image\/jpeg\" \/>\n<meta name=\"twitter:card\" content=\"summary_large_image\" \/>\n<meta name=\"twitter:label1\" content=\"Est. reading time\" \/>\n\t<meta name=\"twitter:data1\" content=\"1 minute\" \/>\n<script type=\"application\/ld+json\" class=\"yoast-schema-graph\">{\"@context\":\"https:\/\/schema.org\",\"@graph\":[{\"@type\":\"WebPage\",\"@id\":\"https:\/\/raptorcoatings.com\/es-us\/producto\/aerosol-raptor-1k-revestimiento-inferior-resistente\/\",\"url\":\"https:\/\/raptorcoatings.com\/es-us\/producto\/aerosol-raptor-1k-revestimiento-inferior-resistente\/\",\"name\":\"Aerosol RAPTOR 1K Revestimiento Inferior Resistente - Raptortough\",\"isPartOf\":{\"@id\":\"https:\/\/raptorcoatings.com\/es-us\/#website\"},\"primaryImageOfPage\":{\"@id\":\"https:\/\/raptorcoatings.com\/es-us\/producto\/aerosol-raptor-1k-revestimiento-inferior-resistente\/#primaryimage\"},\"image\":{\"@id\":\"https:\/\/raptorcoatings.com\/es-us\/producto\/aerosol-raptor-1k-revestimiento-inferior-resistente\/#primaryimage\"},\"thumbnailUrl\":\"https:\/\/raptorcoatings.com\/wp-content\/uploads\/UP4876-Raptor-Tough-Undercoating-Aerosol-500mL_BLACK.jpg\",\"datePublished\":\"2023-01-17T09:44:57+00:00\",\"dateModified\":\"2025-07-16T10:01:55+00:00\",\"breadcrumb\":{\"@id\":\"https:\/\/raptorcoatings.com\/es-us\/producto\/aerosol-raptor-1k-revestimiento-inferior-resistente\/#breadcrumb\"},\"inLanguage\":\"es-US\",\"potentialAction\":[{\"@type\":\"ReadAction\",\"target\":[\"https:\/\/raptorcoatings.com\/es-us\/producto\/aerosol-raptor-1k-revestimiento-inferior-resistente\/\"]}]},{\"@type\":\"ImageObject\",\"inLanguage\":\"es-US\",\"@id\":\"https:\/\/raptorcoatings.com\/es-us\/producto\/aerosol-raptor-1k-revestimiento-inferior-resistente\/#primaryimage\",\"url\":\"https:\/\/raptorcoatings.com\/wp-content\/uploads\/UP4876-Raptor-Tough-Undercoating-Aerosol-500mL_BLACK.jpg\",\"contentUrl\":\"https:\/\/raptorcoatings.com\/wp-content\/uploads\/UP4876-Raptor-Tough-Undercoating-Aerosol-500mL_BLACK.jpg\",\"width\":1200,\"height\":1200},{\"@type\":\"BreadcrumbList\",\"@id\":\"https:\/\/raptorcoatings.com\/es-us\/producto\/aerosol-raptor-1k-revestimiento-inferior-resistente\/#breadcrumb\",\"itemListElement\":[{\"@type\":\"ListItem\",\"position\":1,\"name\":\"Home\",\"item\":\"https:\/\/raptorcoatings.com\/es-us\/\"},{\"@type\":\"ListItem\",\"position\":2,\"name\":\"Productos\",\"item\":\"https:\/\/raptorcoatings.com\/es-us\/productos\/\"},{\"@type\":\"ListItem\",\"position\":3,\"name\":\"Aerosol RAPTOR 1K Revestimiento Inferior Resistente\"}]},{\"@type\":\"WebSite\",\"@id\":\"https:\/\/raptorcoatings.com\/es-us\/#website\",\"url\":\"https:\/\/raptorcoatings.com\/es-us\/\",\"name\":\"Raptor Coatings\",\"description\":\"\",\"potentialAction\":[{\"@type\":\"SearchAction\",\"target\":{\"@type\":\"EntryPoint\",\"urlTemplate\":\"https:\/\/raptorcoatings.com\/es-us\/?s={search_term_string}\"},\"query-input\":{\"@type\":\"PropertyValueSpecification\",\"valueRequired\":true,\"valueName\":\"search_term_string\"}}],\"inLanguage\":\"es-US\"}]}<\/script>\n<!-- \/ Yoast SEO plugin. -->","yoast_head_json":{"title":"Aerosol RAPTOR 1K Revestimiento Inferior Resistente - Raptortough","robots":{"index":"index","follow":"follow","max-snippet":"max-snippet:-1","max-image-preview":"max-image-preview:large","max-video-preview":"max-video-preview:-1"},"canonical":"https:\/\/raptorcoatings.com\/es-us\/producto\/aerosol-raptor-1k-revestimiento-inferior-resistente\/","og_locale":"es_ES","og_type":"article","og_title":"Aerosol RAPTOR 1K Revestimiento Inferior Resistente - Raptortough","og_description":"El Revestimiento Inferior Resistente RAPTOR es ideal para proteger los bajos del veh\u00edculo, paneles laterales y salpicaderas contra piedras, da\u00f1os por sal, humedad y \u00f3xido. Su f\u00f3rmula 1K de alta resistencia ofrece un acabado duradero y resistente a la abrasi\u00f3n, que act\u00faa como una barrera contra da\u00f1os por piedras y corrosi\u00f3n. Es perfecto para cubrir marcas de soldadura y uniones, y cuando se usa en el compartimento del motor, tambi\u00e9n ayuda a reducir el ruido. El Revestimiento Inferior Resistente RAPTOR tiene una excelente adherencia y puede aplicarse directamente sobre metal, aluminio, fibra de vidrio y pl\u00e1stico debidamente preparados, secando con un acabado texturizado y atractivo. Especificaciones del Producto   Acabado texturizado de alta resistencia.  Barrera duradera contra el \u00f3xido y la corrosi\u00f3n.  Protecci\u00f3n resistente para los bajos del veh\u00edculo y salpicaderas.  Disponible ahora en:  Buy Now","og_url":"https:\/\/raptorcoatings.com\/es-us\/producto\/aerosol-raptor-1k-revestimiento-inferior-resistente\/","og_site_name":"Raptortough","article_modified_time":"2025-07-16T10:01:55+00:00","og_image":[{"width":1200,"height":1200,"url":"https:\/\/raptorcoatings.com\/wp-content\/uploads\/UP4876-Raptor-Tough-Undercoating-Aerosol-500mL_BLACK.jpg","type":"image\/jpeg"}],"twitter_card":"summary_large_image","twitter_misc":{"Est. reading time":"1 minute"},"schema":{"@context":"https:\/\/schema.org","@graph":[{"@type":"WebPage","@id":"https:\/\/raptorcoatings.com\/es-us\/producto\/aerosol-raptor-1k-revestimiento-inferior-resistente\/","url":"https:\/\/raptorcoatings.com\/es-us\/producto\/aerosol-raptor-1k-revestimiento-inferior-resistente\/","name":"Aerosol RAPTOR 1K Revestimiento Inferior Resistente - Raptortough","isPartOf":{"@id":"https:\/\/raptorcoatings.com\/es-us\/#website"},"primaryImageOfPage":{"@id":"https:\/\/raptorcoatings.com\/es-us\/producto\/aerosol-raptor-1k-revestimiento-inferior-resistente\/#primaryimage"},"image":{"@id":"https:\/\/raptorcoatings.com\/es-us\/producto\/aerosol-raptor-1k-revestimiento-inferior-resistente\/#primaryimage"},"thumbnailUrl":"https:\/\/raptorcoatings.com\/wp-content\/uploads\/UP4876-Raptor-Tough-Undercoating-Aerosol-500mL_BLACK.jpg","datePublished":"2023-01-17T09:44:57+00:00","dateModified":"2025-07-16T10:01:55+00:00","breadcrumb":{"@id":"https:\/\/raptorcoatings.com\/es-us\/producto\/aerosol-raptor-1k-revestimiento-inferior-resistente\/#breadcrumb"},"inLanguage":"es-US","potentialAction":[{"@type":"ReadAction","target":["https:\/\/raptorcoatings.com\/es-us\/producto\/aerosol-raptor-1k-revestimiento-inferior-resistente\/"]}]},{"@type":"ImageObject","inLanguage":"es-US","@id":"https:\/\/raptorcoatings.com\/es-us\/producto\/aerosol-raptor-1k-revestimiento-inferior-resistente\/#primaryimage","url":"https:\/\/raptorcoatings.com\/wp-content\/uploads\/UP4876-Raptor-Tough-Undercoating-Aerosol-500mL_BLACK.jpg","contentUrl":"https:\/\/raptorcoatings.com\/wp-content\/uploads\/UP4876-Raptor-Tough-Undercoating-Aerosol-500mL_BLACK.jpg","width":1200,"height":1200},{"@type":"BreadcrumbList","@id":"https:\/\/raptorcoatings.com\/es-us\/producto\/aerosol-raptor-1k-revestimiento-inferior-resistente\/#breadcrumb","itemListElement":[{"@type":"ListItem","position":1,"name":"Home","item":"https:\/\/raptorcoatings.com\/es-us\/"},{"@type":"ListItem","position":2,"name":"Productos","item":"https:\/\/raptorcoatings.com\/es-us\/productos\/"},{"@type":"ListItem","position":3,"name":"Aerosol RAPTOR 1K Revestimiento Inferior Resistente"}]},{"@type":"WebSite","@id":"https:\/\/raptorcoatings.com\/es-us\/#website","url":"https:\/\/raptorcoatings.com\/es-us\/","name":"Raptor Coatings","description":"","potentialAction":[{"@type":"SearchAction","target":{"@type":"EntryPoint","urlTemplate":"https:\/\/raptorcoatings.com\/es-us\/?s={search_term_string}"},"query-input":{"@type":"PropertyValueSpecification","valueRequired":true,"valueName":"search_term_string"}}],"inLanguage":"es-US"}]}},"_links":{"self":[{"href":"https:\/\/raptorcoatings.com\/es-us\/wp-json\/wp\/v2\/product\/77254","targetHints":{"allow":["GET"]}}],"collection":[{"href":"https:\/\/raptorcoatings.com\/es-us\/wp-json\/wp\/v2\/product"}],"about":[{"href":"https:\/\/raptorcoatings.com\/es-us\/wp-json\/wp\/v2\/types\/product"}],"wp:featuredmedia":[{"embeddable":true,"href":"https:\/\/raptorcoatings.com\/es-us\/wp-json\/wp\/v2\/media\/43511"}],"wp:attachment":[{"href":"https:\/\/raptorcoatings.com\/es-us\/wp-json\/wp\/v2\/media?parent=77254"}],"wp:term":[{"taxonomy":"product_brand","embeddable":true,"href":"https:\/\/raptorcoatings.com\/es-us\/wp-json\/wp\/v2\/product_brand?post=77254"},{"taxonomy":"product_cat","embeddable":true,"href":"https:\/\/raptorcoatings.com\/es-us\/wp-json\/wp\/v2\/product_cat?post=77254"},{"taxonomy":"product_tag","embeddable":true,"href":"https:\/\/raptorcoatings.com\/es-us\/wp-json\/wp\/v2\/product_tag?post=77254"}],"curies":[{"name":"wp","href":"https:\/\/api.w.org\/{rel}","templated":true}]}}