{"id":77240,"date":"2024-08-27T10:29:26","date_gmt":"2024-08-27T10:29:26","guid":{"rendered":"https:\/\/raptorcoatings.com\/product\/pintura-para-barra-antivuelco-y-chasis-raptor\/"},"modified":"2025-07-15T13:45:32","modified_gmt":"2025-07-15T13:45:32","slug":"pintura-para-barra-antivuelco-y-chasis-raptor","status":"publish","type":"product","link":"https:\/\/raptorcoatings.com\/es-us\/producto\/pintura-para-barra-antivuelco-y-chasis-raptor\/","title":{"rendered":"PINTURA PARA BARRA ANTIVUELCO Y CHASIS RAPTOR"},"content":{"rendered":"<div class=\"fusion-fullwidth fullwidth-box fusion-builder-row-1 fusion-flex-container has-pattern-background has-mask-background nonhundred-percent-fullwidth non-hundred-percent-height-scrolling\" style=\"--awb-border-radius-top-left:0px;--awb-border-radius-top-right:0px;--awb-border-radius-bottom-right:0px;--awb-border-radius-bottom-left:0px;--awb-padding-top:50px;--awb-padding-right:0px;--awb-padding-bottom:0px;--awb-padding-left:0px;--awb-flex-wrap:wrap;\" ><div class=\"fusion-builder-row fusion-row fusion-flex-align-items-flex-start fusion-flex-justify-content-flex-end fusion-flex-content-wrap\" style=\"max-width:calc( 1640px + 12px );margin-left: calc(-12px \/ 2 );margin-right: calc(-12px \/ 2 );\"><div class=\"fusion-layout-column fusion_builder_column fusion-builder-column-0 fusion_builder_column_1_1 1_1 fusion-flex-column\" style=\"--awb-bg-size:cover;--awb-width-large:100%;--awb-margin-top-large:0px;--awb-spacing-right-large:6px;--awb-margin-bottom-large:20px;--awb-spacing-left-large:6px;--awb-width-medium:100%;--awb-order-medium:0;--awb-spacing-right-medium:6px;--awb-spacing-left-medium:6px;--awb-width-small:100%;--awb-order-small:0;--awb-spacing-right-small:6px;--awb-spacing-left-small:6px;\"><div class=\"fusion-column-wrapper fusion-column-has-shadow fusion-flex-justify-content-flex-start fusion-content-layout-column\">\n<div class=\"table-1 productTable\">\n<table width=\"100%\">\n<thead>\n<tr>\n<th align=\"left\">C\u00f3digo<\/th>\n<th align=\"left\">Descripci\u00f3n<\/th>\n<th align=\"left\">Color<\/th>\n<th align=\"left\">Por Caja<\/th>\n<th align=\"left\">Ficha t\u00e9cnica<\/th>\n<th align=\"left\">Ficha de datos de seguridad<\/th>\n<\/tr>\n<\/thead>\n<tbody>\n<tr>\n<td align=\"left\">RRBGB\/AL<\/td>\n<td align=\"left\">Aerosol de 366 ml (295 g)<\/td>\n<td align=\"left\">Negro brillante<\/td>\n<td align=\"left\">12<\/td>\n<td align=\"left\"><a href=\"https:\/\/raptorcoatings.com\/wp-content\/uploads\/ES-RRB.pdf\">RRBGB\/AL-TDS-ES<\/a><\/td>\n<td align=\"left\"><a href=\"https:\/\/raptorcoatings.com\/wp-content\/uploads\/RRBGBAL_RPTR_ES_es_390-1.pdf\">RRBGB\/AL-SDS-ES<\/a><\/td>\n<\/tr>\n<tr>\n<td align=\"left\">RRBSB\/AL<\/td>\n<td align=\"left\">Aerosol de 366 ml (295 g)<\/td>\n<td align=\"left\">Negro satinado<\/td>\n<td align=\"left\">12<\/td>\n<td align=\"left\"><a href=\"https:\/\/raptorcoatings.com\/wp-content\/uploads\/ES-RRB.pdf\">RRBSB\/AL-TDS-ES<\/a><\/td>\n<td align=\"left\"><a href=\"https:\/\/raptorcoatings.com\/wp-content\/uploads\/RRBSBAL_RPTR_ES_es_390-1.pdf\">RRBSB\/AL-SDS-ES<\/a><\/td>\n<\/tr>\n<\/tbody>\n<\/table>\n<\/div>\n<div class=\"fusion-text fusion-text-1 fusion-no-medium-visibility fusion-no-large-visibility\"><p style=\"text-align: center;\"><span style=\"color: #ffffff; font-size: 16px;\"><strong>Swipe table<\/strong><\/span> <i class=\"fb-icon-element-1 fb-icon-element fontawesome-icon fa-hand-pointer fas circle-no fusion-text-flow\" style=\"--awb-font-size:20px;--awb-margin-right:10px;\"><\/i><\/p>\n<\/div>\n<div class=\"fusion-text fusion-text-2\"><\/div><\/div><\/div><\/div><\/div>\n","protected":false},"excerpt":{"rendered":"<p>Una pintura de calidad profesional, ideal para barras antivuelco y chasis o cualquier superficie del veh\u00edculo que necesite protecci\u00f3n adicional contra impactos, abrasi\u00f3n, rayos UV, corrosi\u00f3n y da\u00f1os por agua. La f\u00f3rmula avanzada de la pintura para barra antivuelco y chasis RAPTOR resiste temperaturas de hasta 120\u00b0C y es 5 veces m\u00e1s resistente que las pinturas ordinarias. Se seca r\u00e1pidamente, proporcionando un acabado atractivo y suave con una excelente adherencia que resiste la decoloraci\u00f3n por el sol. Tambi\u00e9n es autoimprimante, por lo que se puede usar directamente sobre la mayor\u00eda de los metales preparados sin necesidad de una imprimaci\u00f3n.<br \/>\n\u2022 Resistente al calor hasta 120\u00b0C<br \/>\n\u2022 Resistencia superior a los rayos UV \u2013 resiste la decoloraci\u00f3n por el sol<br \/>\n\u2022 5 veces m\u00e1s resistente que las pinturas ordinarias<br \/>\n\u2022 Directamente sobre el metal \u2013 no necesita imprimaci\u00f3n<br \/>\n\u2022 Boquilla sin obstrucciones \u2013 proporciona un acabado suave en \u00e1reas m\u00e1s grandes<\/p>\n","protected":false},"featured_media":39861,"template":"","meta":[],"product_brand":[],"product_cat":[1082,205],"product_tag":[],"class_list":{"0":"post-77240","1":"product","2":"type-product","3":"status-publish","4":"has-post-thumbnail","6":"product_cat-high-heat-es-us","7":"product_cat-raptor-es-us","9":"first","10":"instock","11":"shipping-taxable","12":"product-type-simple"},"gallery_images":[46374],"yoast_head":"<!-- This site is optimized with the Yoast SEO plugin v27.1.1 - https:\/\/yoast.com\/product\/yoast-seo-wordpress\/ -->\n<title>PINTURA PARA BARRA ANTIVUELCO Y CHASIS RAPTOR - Raptortough<\/title>\n<meta name=\"robots\" content=\"index, follow, max-snippet:-1, max-image-preview:large, max-video-preview:-1\" \/>\n<link rel=\"canonical\" href=\"https:\/\/raptorcoatings.com\/es-us\/producto\/pintura-para-barra-antivuelco-y-chasis-raptor\/\" \/>\n<meta property=\"og:locale\" content=\"es_ES\" \/>\n<meta property=\"og:type\" content=\"article\" \/>\n<meta property=\"og:title\" content=\"PINTURA PARA BARRA ANTIVUELCO Y CHASIS RAPTOR - Raptortough\" \/>\n<meta property=\"og:description\" content=\"Una pintura de calidad profesional, ideal para barras antivuelco y chasis o cualquier superficie del veh\u00edculo que necesite protecci\u00f3n adicional contra impactos, abrasi\u00f3n, rayos UV, corrosi\u00f3n y da\u00f1os por agua. La f\u00f3rmula avanzada de la pintura para barra antivuelco y chasis RAPTOR resiste temperaturas de hasta 120\u00b0C y es 5 veces m\u00e1s resistente que las pinturas ordinarias. Se seca r\u00e1pidamente, proporcionando un acabado atractivo y suave con una excelente adherencia que resiste la decoloraci\u00f3n por el sol. Tambi\u00e9n es autoimprimante, por lo que se puede usar directamente sobre la mayor\u00eda de los metales preparados sin necesidad de una imprimaci\u00f3n. \u2022 Resistente al calor hasta 120\u00b0C \u2022 Resistencia superior a los rayos UV \u2013 resiste la decoloraci\u00f3n por el sol \u2022 5 veces m\u00e1s resistente que las pinturas ordinarias \u2022 Directamente sobre el metal \u2013 no necesita imprimaci\u00f3n \u2022 Boquilla sin obstrucciones \u2013 proporciona un acabado suave en \u00e1reas m\u00e1s grandes\" \/>\n<meta property=\"og:url\" content=\"https:\/\/raptorcoatings.com\/es-us\/producto\/pintura-para-barra-antivuelco-y-chasis-raptor\/\" \/>\n<meta property=\"og:site_name\" content=\"Raptortough\" \/>\n<meta property=\"article:modified_time\" content=\"2025-07-15T13:45:32+00:00\" \/>\n<meta property=\"og:image\" content=\"https:\/\/raptorcoatings.com\/wp-content\/uploads\/UP4900-RAPTOR-Roll-Bar-Chassis-400mL-Aerosol-GLOSS-BLK.jpg\" \/>\n\t<meta property=\"og:image:width\" content=\"1200\" \/>\n\t<meta property=\"og:image:height\" content=\"1200\" \/>\n\t<meta property=\"og:image:type\" content=\"image\/jpeg\" \/>\n<meta name=\"twitter:card\" content=\"summary_large_image\" \/>\n<meta name=\"twitter:label1\" content=\"Est. reading time\" \/>\n\t<meta name=\"twitter:data1\" content=\"1 minute\" \/>\n<script type=\"application\/ld+json\" class=\"yoast-schema-graph\">{\"@context\":\"https:\/\/schema.org\",\"@graph\":[{\"@type\":\"WebPage\",\"@id\":\"https:\/\/raptorcoatings.com\/es-us\/producto\/pintura-para-barra-antivuelco-y-chasis-raptor\/\",\"url\":\"https:\/\/raptorcoatings.com\/es-us\/producto\/pintura-para-barra-antivuelco-y-chasis-raptor\/\",\"name\":\"PINTURA PARA BARRA ANTIVUELCO Y CHASIS RAPTOR - Raptortough\",\"isPartOf\":{\"@id\":\"https:\/\/raptorcoatings.com\/es-us\/#website\"},\"primaryImageOfPage\":{\"@id\":\"https:\/\/raptorcoatings.com\/es-us\/producto\/pintura-para-barra-antivuelco-y-chasis-raptor\/#primaryimage\"},\"image\":{\"@id\":\"https:\/\/raptorcoatings.com\/es-us\/producto\/pintura-para-barra-antivuelco-y-chasis-raptor\/#primaryimage\"},\"thumbnailUrl\":\"https:\/\/raptorcoatings.com\/wp-content\/uploads\/UP4900-RAPTOR-Roll-Bar-Chassis-400mL-Aerosol-GLOSS-BLK.jpg\",\"datePublished\":\"2024-08-27T10:29:26+00:00\",\"dateModified\":\"2025-07-15T13:45:32+00:00\",\"breadcrumb\":{\"@id\":\"https:\/\/raptorcoatings.com\/es-us\/producto\/pintura-para-barra-antivuelco-y-chasis-raptor\/#breadcrumb\"},\"inLanguage\":\"es-US\",\"potentialAction\":[{\"@type\":\"ReadAction\",\"target\":[\"https:\/\/raptorcoatings.com\/es-us\/producto\/pintura-para-barra-antivuelco-y-chasis-raptor\/\"]}]},{\"@type\":\"ImageObject\",\"inLanguage\":\"es-US\",\"@id\":\"https:\/\/raptorcoatings.com\/es-us\/producto\/pintura-para-barra-antivuelco-y-chasis-raptor\/#primaryimage\",\"url\":\"https:\/\/raptorcoatings.com\/wp-content\/uploads\/UP4900-RAPTOR-Roll-Bar-Chassis-400mL-Aerosol-GLOSS-BLK.jpg\",\"contentUrl\":\"https:\/\/raptorcoatings.com\/wp-content\/uploads\/UP4900-RAPTOR-Roll-Bar-Chassis-400mL-Aerosol-GLOSS-BLK.jpg\",\"width\":1200,\"height\":1200,\"caption\":\"Roll Bar & Chassis Paint\"},{\"@type\":\"BreadcrumbList\",\"@id\":\"https:\/\/raptorcoatings.com\/es-us\/producto\/pintura-para-barra-antivuelco-y-chasis-raptor\/#breadcrumb\",\"itemListElement\":[{\"@type\":\"ListItem\",\"position\":1,\"name\":\"Home\",\"item\":\"https:\/\/raptorcoatings.com\/es-us\/\"},{\"@type\":\"ListItem\",\"position\":2,\"name\":\"Productos\",\"item\":\"https:\/\/raptorcoatings.com\/es-us\/productos\/\"},{\"@type\":\"ListItem\",\"position\":3,\"name\":\"PINTURA PARA BARRA ANTIVUELCO Y CHASIS RAPTOR\"}]},{\"@type\":\"WebSite\",\"@id\":\"https:\/\/raptorcoatings.com\/es-us\/#website\",\"url\":\"https:\/\/raptorcoatings.com\/es-us\/\",\"name\":\"Raptor Coatings\",\"description\":\"\",\"potentialAction\":[{\"@type\":\"SearchAction\",\"target\":{\"@type\":\"EntryPoint\",\"urlTemplate\":\"https:\/\/raptorcoatings.com\/es-us\/?s={search_term_string}\"},\"query-input\":{\"@type\":\"PropertyValueSpecification\",\"valueRequired\":true,\"valueName\":\"search_term_string\"}}],\"inLanguage\":\"es-US\"}]}<\/script>\n<!-- \/ Yoast SEO plugin. -->","yoast_head_json":{"title":"PINTURA PARA BARRA ANTIVUELCO Y CHASIS RAPTOR - Raptortough","robots":{"index":"index","follow":"follow","max-snippet":"max-snippet:-1","max-image-preview":"max-image-preview:large","max-video-preview":"max-video-preview:-1"},"canonical":"https:\/\/raptorcoatings.com\/es-us\/producto\/pintura-para-barra-antivuelco-y-chasis-raptor\/","og_locale":"es_ES","og_type":"article","og_title":"PINTURA PARA BARRA ANTIVUELCO Y CHASIS RAPTOR - Raptortough","og_description":"Una pintura de calidad profesional, ideal para barras antivuelco y chasis o cualquier superficie del veh\u00edculo que necesite protecci\u00f3n adicional contra impactos, abrasi\u00f3n, rayos UV, corrosi\u00f3n y da\u00f1os por agua. La f\u00f3rmula avanzada de la pintura para barra antivuelco y chasis RAPTOR resiste temperaturas de hasta 120\u00b0C y es 5 veces m\u00e1s resistente que las pinturas ordinarias. Se seca r\u00e1pidamente, proporcionando un acabado atractivo y suave con una excelente adherencia que resiste la decoloraci\u00f3n por el sol. Tambi\u00e9n es autoimprimante, por lo que se puede usar directamente sobre la mayor\u00eda de los metales preparados sin necesidad de una imprimaci\u00f3n. \u2022 Resistente al calor hasta 120\u00b0C \u2022 Resistencia superior a los rayos UV \u2013 resiste la decoloraci\u00f3n por el sol \u2022 5 veces m\u00e1s resistente que las pinturas ordinarias \u2022 Directamente sobre el metal \u2013 no necesita imprimaci\u00f3n \u2022 Boquilla sin obstrucciones \u2013 proporciona un acabado suave en \u00e1reas m\u00e1s grandes","og_url":"https:\/\/raptorcoatings.com\/es-us\/producto\/pintura-para-barra-antivuelco-y-chasis-raptor\/","og_site_name":"Raptortough","article_modified_time":"2025-07-15T13:45:32+00:00","og_image":[{"width":1200,"height":1200,"url":"https:\/\/raptorcoatings.com\/wp-content\/uploads\/UP4900-RAPTOR-Roll-Bar-Chassis-400mL-Aerosol-GLOSS-BLK.jpg","type":"image\/jpeg"}],"twitter_card":"summary_large_image","twitter_misc":{"Est. reading time":"1 minute"},"schema":{"@context":"https:\/\/schema.org","@graph":[{"@type":"WebPage","@id":"https:\/\/raptorcoatings.com\/es-us\/producto\/pintura-para-barra-antivuelco-y-chasis-raptor\/","url":"https:\/\/raptorcoatings.com\/es-us\/producto\/pintura-para-barra-antivuelco-y-chasis-raptor\/","name":"PINTURA PARA BARRA ANTIVUELCO Y CHASIS RAPTOR - Raptortough","isPartOf":{"@id":"https:\/\/raptorcoatings.com\/es-us\/#website"},"primaryImageOfPage":{"@id":"https:\/\/raptorcoatings.com\/es-us\/producto\/pintura-para-barra-antivuelco-y-chasis-raptor\/#primaryimage"},"image":{"@id":"https:\/\/raptorcoatings.com\/es-us\/producto\/pintura-para-barra-antivuelco-y-chasis-raptor\/#primaryimage"},"thumbnailUrl":"https:\/\/raptorcoatings.com\/wp-content\/uploads\/UP4900-RAPTOR-Roll-Bar-Chassis-400mL-Aerosol-GLOSS-BLK.jpg","datePublished":"2024-08-27T10:29:26+00:00","dateModified":"2025-07-15T13:45:32+00:00","breadcrumb":{"@id":"https:\/\/raptorcoatings.com\/es-us\/producto\/pintura-para-barra-antivuelco-y-chasis-raptor\/#breadcrumb"},"inLanguage":"es-US","potentialAction":[{"@type":"ReadAction","target":["https:\/\/raptorcoatings.com\/es-us\/producto\/pintura-para-barra-antivuelco-y-chasis-raptor\/"]}]},{"@type":"ImageObject","inLanguage":"es-US","@id":"https:\/\/raptorcoatings.com\/es-us\/producto\/pintura-para-barra-antivuelco-y-chasis-raptor\/#primaryimage","url":"https:\/\/raptorcoatings.com\/wp-content\/uploads\/UP4900-RAPTOR-Roll-Bar-Chassis-400mL-Aerosol-GLOSS-BLK.jpg","contentUrl":"https:\/\/raptorcoatings.com\/wp-content\/uploads\/UP4900-RAPTOR-Roll-Bar-Chassis-400mL-Aerosol-GLOSS-BLK.jpg","width":1200,"height":1200,"caption":"Roll Bar & Chassis Paint"},{"@type":"BreadcrumbList","@id":"https:\/\/raptorcoatings.com\/es-us\/producto\/pintura-para-barra-antivuelco-y-chasis-raptor\/#breadcrumb","itemListElement":[{"@type":"ListItem","position":1,"name":"Home","item":"https:\/\/raptorcoatings.com\/es-us\/"},{"@type":"ListItem","position":2,"name":"Productos","item":"https:\/\/raptorcoatings.com\/es-us\/productos\/"},{"@type":"ListItem","position":3,"name":"PINTURA PARA BARRA ANTIVUELCO Y CHASIS RAPTOR"}]},{"@type":"WebSite","@id":"https:\/\/raptorcoatings.com\/es-us\/#website","url":"https:\/\/raptorcoatings.com\/es-us\/","name":"Raptor Coatings","description":"","potentialAction":[{"@type":"SearchAction","target":{"@type":"EntryPoint","urlTemplate":"https:\/\/raptorcoatings.com\/es-us\/?s={search_term_string}"},"query-input":{"@type":"PropertyValueSpecification","valueRequired":true,"valueName":"search_term_string"}}],"inLanguage":"es-US"}]}},"_links":{"self":[{"href":"https:\/\/raptorcoatings.com\/es-us\/wp-json\/wp\/v2\/product\/77240","targetHints":{"allow":["GET"]}}],"collection":[{"href":"https:\/\/raptorcoatings.com\/es-us\/wp-json\/wp\/v2\/product"}],"about":[{"href":"https:\/\/raptorcoatings.com\/es-us\/wp-json\/wp\/v2\/types\/product"}],"wp:featuredmedia":[{"embeddable":true,"href":"https:\/\/raptorcoatings.com\/es-us\/wp-json\/wp\/v2\/media\/39861"}],"wp:attachment":[{"href":"https:\/\/raptorcoatings.com\/es-us\/wp-json\/wp\/v2\/media?parent=77240"}],"wp:term":[{"taxonomy":"product_brand","embeddable":true,"href":"https:\/\/raptorcoatings.com\/es-us\/wp-json\/wp\/v2\/product_brand?post=77240"},{"taxonomy":"product_cat","embeddable":true,"href":"https:\/\/raptorcoatings.com\/es-us\/wp-json\/wp\/v2\/product_cat?post=77240"},{"taxonomy":"product_tag","embeddable":true,"href":"https:\/\/raptorcoatings.com\/es-us\/wp-json\/wp\/v2\/product_tag?post=77240"}],"curies":[{"name":"wp","href":"https:\/\/api.w.org\/{rel}","templated":true}]}}