{"id":74646,"date":"2025-04-24T13:34:45","date_gmt":"2025-04-24T13:34:45","guid":{"rendered":"https:\/\/raptorcoatings.com\/?post_type=product&#038;p=74646"},"modified":"2025-04-24T15:20:40","modified_gmt":"2025-04-24T15:20:40","slug":"kit-de-revestimiento-de-caja-enrollable-raptor","status":"publish","type":"product","link":"https:\/\/raptorcoatings.com\/es-us\/producto\/kit-de-revestimiento-de-caja-enrollable-raptor\/","title":{"rendered":"Kit de revestimiento de caja enrollable RAPTOR"},"content":{"rendered":"<div class=\"fusion-fullwidth fullwidth-box fusion-builder-row-1 fusion-flex-container has-pattern-background has-mask-background nonhundred-percent-fullwidth non-hundred-percent-height-scrolling\" style=\"--awb-border-radius-top-left:0px;--awb-border-radius-top-right:0px;--awb-border-radius-bottom-right:0px;--awb-border-radius-bottom-left:0px;--awb-padding-top:50px;--awb-flex-wrap:wrap;\" ><div class=\"fusion-builder-row fusion-row fusion-flex-align-items-flex-start fusion-flex-justify-content-flex-end fusion-flex-content-wrap\" style=\"max-width:calc( 1640px + 12px );margin-left: calc(-12px \/ 2 );margin-right: calc(-12px \/ 2 );\"><div class=\"fusion-layout-column fusion_builder_column fusion-builder-column-0 fusion_builder_column_1_1 1_1 fusion-flex-column\" style=\"--awb-bg-size:cover;--awb-width-large:100%;--awb-margin-top-large:0px;--awb-spacing-right-large:6px;--awb-margin-bottom-large:20px;--awb-spacing-left-large:6px;--awb-width-medium:100%;--awb-order-medium:0;--awb-spacing-right-medium:6px;--awb-spacing-left-medium:6px;--awb-width-small:100%;--awb-order-small:0;--awb-spacing-right-small:6px;--awb-spacing-left-small:6px;\"><div class=\"fusion-column-wrapper fusion-column-has-shadow fusion-flex-justify-content-flex-start fusion-content-layout-column\">\n<div class=\"table-1\">\n<table width=\"100%\">\n<thead>\n<tr>\n<th align=\"left\">C\u00f3digo<\/th>\n<th align=\"left\">Descripci\u00f3n<\/th>\n<th align=\"left\">Color<\/th>\n<th align=\"left\">Por Caja<\/th>\n<th align=\"left\">Ficha t\u00e9cnica<\/th>\n<th align=\"left\">Ficha de datos de seguridad<\/th>\n<\/tr>\n<\/thead>\n<tbody>\n<tr>\n<td align=\"left\">UP5115<\/td>\n<td align=\"left\">1 US GAL<\/td>\n<td align=\"left\">Black<\/td>\n<td align=\"left\"><\/td>\n<td align=\"left\"><\/td>\n<td align=\"left\"><\/td>\n<\/tr>\n<\/tbody>\n<\/table>\n<\/div>\n<div class=\"fusion-text fusion-text-1 fusion-no-medium-visibility fusion-no-large-visibility\"><p style=\"text-align: center;\"><span style=\"color: #ffffff; font-size: 16px;\"><strong>Swipe table<\/strong><\/span> <i class=\"fb-icon-element-1 fb-icon-element fontawesome-icon fa-hand-pointer fas circle-no fusion-text-flow\" style=\"--awb-font-size:20px;--awb-margin-right:10px;\"><\/i><\/p>\n<\/div>\n<\/div><\/div><\/div><\/div>\n","protected":false},"excerpt":{"rendered":"<div class=\"summary entry-summary\">\n<div class=\"summary-container\">\n<div class=\"post-content woocommerce-product-details__short-description\"><\/div>\n<\/div>\n<\/div>\n<p><span data-teams=\"true\">El revestimiento de caja enrollable de 1 parte RAPTOR es un revestimiento resistente y texturizado que protege las cajas de las camionetas y otras superficies contra impactos, abrasi\u00f3n, rayones, \u00f3xido, da\u00f1os por agua y derrames de combustible y productos qu\u00edmicos.<\/span><\/p>\n<h2>Especificaciones del producto<\/h2>\n<ul>\n<li>Resistente a ara\u00f1azos y abrasi\u00f3n<\/li>\n<li>Protege contra la corrosi\u00f3n, el \u00f3xido, el agua, los productos qu\u00edmicos y mucho m\u00e1s!<\/li>\n<li>No se decolora: el color no se desvanece<\/li>\n<li>Acabado texturizado<\/li>\n<\/ul>\n<p>Disponible en:<\/p>\n<p><a href=\"https:\/\/www.amazon.com\/dp\/B0DQVJHY97\"><img decoding=\"async\" class=\"aligncenter wp-image-74596 size-full\" src=\"https:\/\/raptorcoatings.com\/wp-content\/uploads\/amazon-black-background.png\" alt=\"\" width=\"372\" height=\"135\" srcset=\"https:\/\/raptorcoatings.com\/wp-content\/uploads\/amazon-black-background-192x70.png 192w, https:\/\/raptorcoatings.com\/wp-content\/uploads\/amazon-black-background-200x73.png 200w, https:\/\/raptorcoatings.com\/wp-content\/uploads\/amazon-black-background.png 372w\" sizes=\"(max-width: 372px) 100vw, 372px\" \/><\/a><a href=\"https:\/\/www.autozone.com\/paint-and-body\/bed-coating-kit\/p\/raptor-bed-coating-kit-up5115\/1451764_0_0\"><img decoding=\"async\" class=\"aligncenter wp-image-828\" src=\"https:\/\/raptorcoatings.com\/wp-content\/uploads\/Autozone.png\" alt=\"Autozone\" width=\"361\" height=\"49\" srcset=\"https:\/\/raptorcoatings.com\/wp-content\/uploads\/Autozone-192x26.png 192w, https:\/\/raptorcoatings.com\/wp-content\/uploads\/Autozone.png 398w\" sizes=\"(max-width: 361px) 100vw, 361px\" \/><\/a><\/p>\n","protected":false},"featured_media":70857,"template":"","meta":[],"product_brand":[],"product_cat":[618,600,205,229],"product_tag":[677,643,645],"class_list":{"0":"post-74646","1":"product","2":"type-product","3":"status-publish","4":"has-post-thumbnail","6":"product_cat-coatings-es-us","7":"product_cat-product-es-us","8":"product_cat-raptor-es-us","9":"product_cat-revestimiento-protector-de-cubierta","10":"product_tag-coatings-es","11":"product_tag-es","12":"product_tag-us-es-us","14":"first","15":"instock","16":"shipping-taxable","17":"product-type-simple"},"gallery_images":[57891,57876],"yoast_head":"<!-- This site is optimized with the Yoast SEO plugin v27.1.1 - https:\/\/yoast.com\/product\/yoast-seo-wordpress\/ -->\n<title>Kit de revestimiento de caja enrollable RAPTOR - Raptortough<\/title>\n<meta name=\"description\" content=\"The convenient RAPTOR 2K Bedliner Aerosol offers a fast, easy way to apply RAPTOR without compromising performance, no spray equipment necessary.\" \/>\n<meta name=\"robots\" content=\"index, follow, max-snippet:-1, max-image-preview:large, max-video-preview:-1\" \/>\n<link rel=\"canonical\" href=\"https:\/\/raptorcoatings.com\/es-us\/producto\/kit-de-revestimiento-de-caja-enrollable-raptor\/\" \/>\n<meta property=\"og:locale\" content=\"es_ES\" \/>\n<meta property=\"og:type\" content=\"article\" \/>\n<meta property=\"og:title\" content=\"Kit de revestimiento de caja enrollable RAPTOR - Raptortough\" \/>\n<meta property=\"og:description\" content=\"The convenient RAPTOR 2K Bedliner Aerosol offers a fast, easy way to apply RAPTOR without compromising performance, no spray equipment necessary.\" \/>\n<meta property=\"og:url\" content=\"https:\/\/raptorcoatings.com\/es-us\/producto\/kit-de-revestimiento-de-caja-enrollable-raptor\/\" \/>\n<meta property=\"og:site_name\" content=\"Raptortough\" \/>\n<meta property=\"article:modified_time\" content=\"2025-04-24T15:20:40+00:00\" \/>\n<meta property=\"og:image\" content=\"https:\/\/raptorcoatings.com\/wp-content\/uploads\/Untitled-design-3.png\" \/>\n\t<meta property=\"og:image:width\" content=\"2000\" \/>\n\t<meta property=\"og:image:height\" content=\"2000\" \/>\n\t<meta property=\"og:image:type\" content=\"image\/png\" \/>\n<meta name=\"twitter:card\" content=\"summary_large_image\" \/>\n<meta name=\"twitter:label1\" content=\"Est. reading time\" \/>\n\t<meta name=\"twitter:data1\" content=\"1 minute\" \/>\n<script type=\"application\/ld+json\" class=\"yoast-schema-graph\">{\"@context\":\"https:\/\/schema.org\",\"@graph\":[{\"@type\":\"WebPage\",\"@id\":\"https:\/\/raptorcoatings.com\/es-us\/producto\/kit-de-revestimiento-de-caja-enrollable-raptor\/\",\"url\":\"https:\/\/raptorcoatings.com\/es-us\/producto\/kit-de-revestimiento-de-caja-enrollable-raptor\/\",\"name\":\"Kit de revestimiento de caja enrollable RAPTOR - Raptortough\",\"isPartOf\":{\"@id\":\"https:\/\/raptorcoatings.com\/es-us\/#website\"},\"primaryImageOfPage\":{\"@id\":\"https:\/\/raptorcoatings.com\/es-us\/producto\/kit-de-revestimiento-de-caja-enrollable-raptor\/#primaryimage\"},\"image\":{\"@id\":\"https:\/\/raptorcoatings.com\/es-us\/producto\/kit-de-revestimiento-de-caja-enrollable-raptor\/#primaryimage\"},\"thumbnailUrl\":\"https:\/\/raptorcoatings.com\/wp-content\/uploads\/Untitled-design-3.png\",\"datePublished\":\"2025-04-24T13:34:45+00:00\",\"dateModified\":\"2025-04-24T15:20:40+00:00\",\"description\":\"The convenient RAPTOR 2K Bedliner Aerosol offers a fast, easy way to apply RAPTOR without compromising performance, no spray equipment necessary.\",\"breadcrumb\":{\"@id\":\"https:\/\/raptorcoatings.com\/es-us\/producto\/kit-de-revestimiento-de-caja-enrollable-raptor\/#breadcrumb\"},\"inLanguage\":\"es-US\",\"potentialAction\":[{\"@type\":\"ReadAction\",\"target\":[\"https:\/\/raptorcoatings.com\/es-us\/producto\/kit-de-revestimiento-de-caja-enrollable-raptor\/\"]}]},{\"@type\":\"ImageObject\",\"inLanguage\":\"es-US\",\"@id\":\"https:\/\/raptorcoatings.com\/es-us\/producto\/kit-de-revestimiento-de-caja-enrollable-raptor\/#primaryimage\",\"url\":\"https:\/\/raptorcoatings.com\/wp-content\/uploads\/Untitled-design-3.png\",\"contentUrl\":\"https:\/\/raptorcoatings.com\/wp-content\/uploads\/Untitled-design-3.png\",\"width\":2000,\"height\":2000},{\"@type\":\"BreadcrumbList\",\"@id\":\"https:\/\/raptorcoatings.com\/es-us\/producto\/kit-de-revestimiento-de-caja-enrollable-raptor\/#breadcrumb\",\"itemListElement\":[{\"@type\":\"ListItem\",\"position\":1,\"name\":\"Home\",\"item\":\"https:\/\/raptorcoatings.com\/es-us\/\"},{\"@type\":\"ListItem\",\"position\":2,\"name\":\"Productos\",\"item\":\"https:\/\/raptorcoatings.com\/es-us\/productos\/\"},{\"@type\":\"ListItem\",\"position\":3,\"name\":\"Kit de revestimiento de caja enrollable RAPTOR\"}]},{\"@type\":\"WebSite\",\"@id\":\"https:\/\/raptorcoatings.com\/es-us\/#website\",\"url\":\"https:\/\/raptorcoatings.com\/es-us\/\",\"name\":\"Raptor Coatings\",\"description\":\"\",\"potentialAction\":[{\"@type\":\"SearchAction\",\"target\":{\"@type\":\"EntryPoint\",\"urlTemplate\":\"https:\/\/raptorcoatings.com\/es-us\/?s={search_term_string}\"},\"query-input\":{\"@type\":\"PropertyValueSpecification\",\"valueRequired\":true,\"valueName\":\"search_term_string\"}}],\"inLanguage\":\"es-US\"}]}<\/script>\n<!-- \/ Yoast SEO plugin. -->","yoast_head_json":{"title":"Kit de revestimiento de caja enrollable RAPTOR - Raptortough","description":"The convenient RAPTOR 2K Bedliner Aerosol offers a fast, easy way to apply RAPTOR without compromising performance, no spray equipment necessary.","robots":{"index":"index","follow":"follow","max-snippet":"max-snippet:-1","max-image-preview":"max-image-preview:large","max-video-preview":"max-video-preview:-1"},"canonical":"https:\/\/raptorcoatings.com\/es-us\/producto\/kit-de-revestimiento-de-caja-enrollable-raptor\/","og_locale":"es_ES","og_type":"article","og_title":"Kit de revestimiento de caja enrollable RAPTOR - Raptortough","og_description":"The convenient RAPTOR 2K Bedliner Aerosol offers a fast, easy way to apply RAPTOR without compromising performance, no spray equipment necessary.","og_url":"https:\/\/raptorcoatings.com\/es-us\/producto\/kit-de-revestimiento-de-caja-enrollable-raptor\/","og_site_name":"Raptortough","article_modified_time":"2025-04-24T15:20:40+00:00","og_image":[{"width":2000,"height":2000,"url":"https:\/\/raptorcoatings.com\/wp-content\/uploads\/Untitled-design-3.png","type":"image\/png"}],"twitter_card":"summary_large_image","twitter_misc":{"Est. reading time":"1 minute"},"schema":{"@context":"https:\/\/schema.org","@graph":[{"@type":"WebPage","@id":"https:\/\/raptorcoatings.com\/es-us\/producto\/kit-de-revestimiento-de-caja-enrollable-raptor\/","url":"https:\/\/raptorcoatings.com\/es-us\/producto\/kit-de-revestimiento-de-caja-enrollable-raptor\/","name":"Kit de revestimiento de caja enrollable RAPTOR - Raptortough","isPartOf":{"@id":"https:\/\/raptorcoatings.com\/es-us\/#website"},"primaryImageOfPage":{"@id":"https:\/\/raptorcoatings.com\/es-us\/producto\/kit-de-revestimiento-de-caja-enrollable-raptor\/#primaryimage"},"image":{"@id":"https:\/\/raptorcoatings.com\/es-us\/producto\/kit-de-revestimiento-de-caja-enrollable-raptor\/#primaryimage"},"thumbnailUrl":"https:\/\/raptorcoatings.com\/wp-content\/uploads\/Untitled-design-3.png","datePublished":"2025-04-24T13:34:45+00:00","dateModified":"2025-04-24T15:20:40+00:00","description":"The convenient RAPTOR 2K Bedliner Aerosol offers a fast, easy way to apply RAPTOR without compromising performance, no spray equipment necessary.","breadcrumb":{"@id":"https:\/\/raptorcoatings.com\/es-us\/producto\/kit-de-revestimiento-de-caja-enrollable-raptor\/#breadcrumb"},"inLanguage":"es-US","potentialAction":[{"@type":"ReadAction","target":["https:\/\/raptorcoatings.com\/es-us\/producto\/kit-de-revestimiento-de-caja-enrollable-raptor\/"]}]},{"@type":"ImageObject","inLanguage":"es-US","@id":"https:\/\/raptorcoatings.com\/es-us\/producto\/kit-de-revestimiento-de-caja-enrollable-raptor\/#primaryimage","url":"https:\/\/raptorcoatings.com\/wp-content\/uploads\/Untitled-design-3.png","contentUrl":"https:\/\/raptorcoatings.com\/wp-content\/uploads\/Untitled-design-3.png","width":2000,"height":2000},{"@type":"BreadcrumbList","@id":"https:\/\/raptorcoatings.com\/es-us\/producto\/kit-de-revestimiento-de-caja-enrollable-raptor\/#breadcrumb","itemListElement":[{"@type":"ListItem","position":1,"name":"Home","item":"https:\/\/raptorcoatings.com\/es-us\/"},{"@type":"ListItem","position":2,"name":"Productos","item":"https:\/\/raptorcoatings.com\/es-us\/productos\/"},{"@type":"ListItem","position":3,"name":"Kit de revestimiento de caja enrollable RAPTOR"}]},{"@type":"WebSite","@id":"https:\/\/raptorcoatings.com\/es-us\/#website","url":"https:\/\/raptorcoatings.com\/es-us\/","name":"Raptor Coatings","description":"","potentialAction":[{"@type":"SearchAction","target":{"@type":"EntryPoint","urlTemplate":"https:\/\/raptorcoatings.com\/es-us\/?s={search_term_string}"},"query-input":{"@type":"PropertyValueSpecification","valueRequired":true,"valueName":"search_term_string"}}],"inLanguage":"es-US"}]}},"_links":{"self":[{"href":"https:\/\/raptorcoatings.com\/es-us\/wp-json\/wp\/v2\/product\/74646","targetHints":{"allow":["GET"]}}],"collection":[{"href":"https:\/\/raptorcoatings.com\/es-us\/wp-json\/wp\/v2\/product"}],"about":[{"href":"https:\/\/raptorcoatings.com\/es-us\/wp-json\/wp\/v2\/types\/product"}],"wp:featuredmedia":[{"embeddable":true,"href":"https:\/\/raptorcoatings.com\/es-us\/wp-json\/wp\/v2\/media\/70857"}],"wp:attachment":[{"href":"https:\/\/raptorcoatings.com\/es-us\/wp-json\/wp\/v2\/media?parent=74646"}],"wp:term":[{"taxonomy":"product_brand","embeddable":true,"href":"https:\/\/raptorcoatings.com\/es-us\/wp-json\/wp\/v2\/product_brand?post=74646"},{"taxonomy":"product_cat","embeddable":true,"href":"https:\/\/raptorcoatings.com\/es-us\/wp-json\/wp\/v2\/product_cat?post=74646"},{"taxonomy":"product_tag","embeddable":true,"href":"https:\/\/raptorcoatings.com\/es-us\/wp-json\/wp\/v2\/product_tag?post=74646"}],"curies":[{"name":"wp","href":"https:\/\/api.w.org\/{rel}","templated":true}]}}