{"id":44419,"date":"2024-05-30T08:14:24","date_gmt":"2024-05-30T08:14:24","guid":{"rendered":"https:\/\/raptorcoatings.com\/product\/raptor-tough-and-tintable-protective-coatings-gallons-and-quart-hardener\/"},"modified":"2024-05-30T10:02:48","modified_gmt":"2024-05-30T10:02:48","slug":"raptor-tough-and-tintable-protective-coatings-gallons-and-quart-hardener","status":"publish","type":"product","link":"https:\/\/raptorcoatings.com\/es-us\/producto\/raptor-tough-and-tintable-protective-coatings-gallons-and-quart-hardener\/","title":{"rendered":"REVESTIMIENTOS PROTECTORES RAPTOR RESISTENTES Y TINTADOS: GALONES Y CUARTO ENDURECEDOR"},"content":{"rendered":"<div class=\"fusion-fullwidth fullwidth-box fusion-builder-row-1 fusion-flex-container has-pattern-background has-mask-background nonhundred-percent-fullwidth non-hundred-percent-height-scrolling\" style=\"--awb-border-radius-top-left:0px;--awb-border-radius-top-right:0px;--awb-border-radius-bottom-right:0px;--awb-border-radius-bottom-left:0px;--awb-padding-top:50px;--awb-flex-wrap:wrap;\" ><div class=\"fusion-builder-row fusion-row fusion-flex-align-items-flex-start fusion-flex-justify-content-flex-end fusion-flex-content-wrap\" style=\"max-width:calc( 1640px + 12px );margin-left: calc(-12px \/ 2 );margin-right: calc(-12px \/ 2 );\"><div class=\"fusion-layout-column fusion_builder_column fusion-builder-column-0 fusion_builder_column_1_1 1_1 fusion-flex-column\" style=\"--awb-bg-size:cover;--awb-width-large:100%;--awb-margin-top-large:0px;--awb-spacing-right-large:6px;--awb-margin-bottom-large:20px;--awb-spacing-left-large:6px;--awb-width-medium:100%;--awb-order-medium:0;--awb-spacing-right-medium:6px;--awb-spacing-left-medium:6px;--awb-width-small:100%;--awb-order-small:0;--awb-spacing-right-small:6px;--awb-spacing-left-small:6px;\"><div class=\"fusion-column-wrapper fusion-column-has-shadow fusion-flex-justify-content-flex-start fusion-content-layout-column\">\n<div class=\"table-1\">\n<table width=\"100%\">\n<thead>\n<tr>\n<th align=\"left\">Code<\/th>\n<th align=\"left\">Size\/Pack<\/th>\n<th align=\"left\">Color<\/th>\n<th align=\"left\">Ctn<\/th>\n<th align=\"left\">TDS<\/th>\n<th align=\"left\">SDS<\/th>\n<\/tr>\n<\/thead>\n<tbody>\n<tr>\n<td align=\"left\">UP4838<\/td>\n<td align=\"left\">5 Liters Black \u2013 Low VOC<\/td>\n<td align=\"left\">Black<\/td>\n<td align=\"left\">2<\/td>\n<td align=\"left\"><\/td>\n<td align=\"left\"><a href=\"https:\/\/raptorcoatings.com\/wp-content\/uploads\/UP4838-US-SDS-ES-1.pdf\">UP4838-US-SDS-ES<\/a><\/td>\n<\/tr>\n<tr>\n<td align=\"left\">UP4839<\/td>\n<td align=\"left\">5 Liters Tintable &#8211; Low VOC<\/td>\n<td align=\"left\">Tintable<\/td>\n<td align=\"left\">2<\/td>\n<td align=\"left\"><\/td>\n<td align=\"left\"><a href=\"https:\/\/raptorcoatings.com\/wp-content\/uploads\/UP4839-US-SDS-ES.pdf\">UP4839-US-SDS-ES<\/a><\/td>\n<\/tr>\n<tr>\n<td align=\"left\">UP5126<\/td>\n<td align=\"left\">5 Liters Hardener \u2013 1.7 VOC<\/td>\n<td align=\"left\">Hardener<\/td>\n<td align=\"left\">4<\/td>\n<td align=\"left\"><\/td>\n<td align=\"left\"><a href=\"https:\/\/raptorcoatings.com\/wp-content\/uploads\/UP5126-US-SDS-ES.pdf\">UP5126-US-SDS-ES<\/a><\/td>\n<\/tr>\n<\/tbody>\n<\/table>\n<\/div>\n<div class=\"fusion-text fusion-text-1 fusion-no-medium-visibility fusion-no-large-visibility\"><p style=\"text-align: center;\"><span style=\"color: #ffffff; font-size: 16px;\"><strong>Swipe table<\/strong><\/span> <i class=\"fb-icon-element-1 fb-icon-element fontawesome-icon fa-hand-pointer fas circle-no fusion-text-flow\" style=\"--awb-font-size:20px;--awb-margin-right:10px;\"><\/i><\/p>\n<\/div>\n<\/div><\/div><\/div><\/div>\n","protected":false},"excerpt":{"rendered":"<div class=\"summary entry-summary\">\n<div class=\"summary-container\">\n<div class=\"post-content woocommerce-product-details__short-description\">\n<p>RAPTOR est\u00e1 disponible en dos galones por caja y deber\u00eda ser un producto b\u00e1sico para todo taller de reparaci\u00f3n de colisiones. En lugar de enviar las plataformas da\u00f1adas a un tercero, los talleres de reparaci\u00f3n de colisiones pueden realizar las reparaciones en la propia empresa con RAPTOR para obtener un beneficio extra, o utilizar RAPTOR para duplicar los protectores de virutas y las texturas OEM. Con un envase que cabe en un banco de mezcla est\u00e1ndar, RAPTOR sin catalizar puede almacenarse con una tapa de mezcla Fillon o Dedoes y agitarse, cuando sea necesario. Con una proporci\u00f3n de mezcla de 3:1, utiliza un litro de endurecedor por cada litro de RAPTOR. La formulaci\u00f3n baja en COV es conforme en todo el pa\u00eds.<\/p>\n<\/div>\n<\/div>\n<\/div>\n<div class=\"woocommerce-tabs wc-tabs-wrapper\">\n<div id=\"tab-description\" class=\"woocommerce-Tabs-panel woocommerce-Tabs-panel--description panel entry-content wc-tab\" role=\"tabpanel\" aria-labelledby=\"tab-title-description\">\n<div class=\"post-content\">\n<div class=\"fusion-fullwidth fullwidth-box fusion-builder-row-2 fusion-flex-container nonhundred-percent-fullwidth non-hundred-percent-height-scrolling\">\n<div class=\"fusion-builder-row fusion-row fusion-flex-align-items-flex-start fusion-flex-content-wrap\">\n<div class=\"fusion-layout-column fusion_builder_column fusion-builder-column-1 fusion_builder_column_1_1 1_1 fusion-flex-column\">\n<div class=\"fusion-column-wrapper fusion-column-has-shadow fusion-flex-justify-content-flex-start fusion-content-layout-column\">\n<div class=\"table-1\"><\/div>\n<\/div>\n<\/div>\n<\/div>\n<\/div>\n<\/div>\n<\/div>\n<\/div>\n","protected":false},"featured_media":44434,"template":"","meta":[],"product_brand":[],"product_cat":[618,600,205,229],"product_tag":[677,643,645],"class_list":{"0":"post-44419","1":"product","2":"type-product","3":"status-publish","4":"has-post-thumbnail","6":"product_cat-coatings-es-us","7":"product_cat-product-es-us","8":"product_cat-raptor-es-us","9":"product_cat-revestimiento-protector-de-cubierta","10":"product_tag-coatings-es","11":"product_tag-es","12":"product_tag-us-es-us","14":"first","15":"instock","16":"shipping-taxable","17":"product-type-simple"},"gallery_images":[44462,44448],"yoast_head":"<!-- This site is optimized with the Yoast SEO plugin v27.1.1 - https:\/\/yoast.com\/product\/yoast-seo-wordpress\/ -->\n<title>REVESTIMIENTOS PROTECTORES RAPTOR RESISTENTES Y TINTADOS: GALONES Y CUARTO ENDURECEDOR - Raptortough<\/title>\n<meta name=\"description\" content=\"The convenient RAPTOR 2K Bedliner Aerosol offers a fast, easy way to apply RAPTOR without compromising performance, no spray equipment necessary.\" \/>\n<meta name=\"robots\" content=\"index, follow, max-snippet:-1, max-image-preview:large, max-video-preview:-1\" \/>\n<link rel=\"canonical\" href=\"https:\/\/raptorcoatings.com\/es-us\/producto\/raptor-tough-and-tintable-protective-coatings-gallons-and-quart-hardener\/\" \/>\n<meta property=\"og:locale\" content=\"es_ES\" \/>\n<meta property=\"og:type\" content=\"article\" \/>\n<meta property=\"og:title\" content=\"REVESTIMIENTOS PROTECTORES RAPTOR RESISTENTES Y TINTADOS: GALONES Y CUARTO ENDURECEDOR - Raptortough\" \/>\n<meta property=\"og:description\" content=\"The convenient RAPTOR 2K Bedliner Aerosol offers a fast, easy way to apply RAPTOR without compromising performance, no spray equipment necessary.\" \/>\n<meta property=\"og:url\" content=\"https:\/\/raptorcoatings.com\/es-us\/producto\/raptor-tough-and-tintable-protective-coatings-gallons-and-quart-hardener\/\" \/>\n<meta property=\"og:site_name\" content=\"Raptortough\" \/>\n<meta property=\"article:modified_time\" content=\"2024-05-30T10:02:48+00:00\" \/>\n<meta property=\"og:image\" content=\"https:\/\/raptorcoatings.com\/wp-content\/uploads\/UP4838_RAPTOR-Black-Liner-1GAL-JOBBERS-1.jpg\" \/>\n\t<meta property=\"og:image:width\" content=\"1200\" \/>\n\t<meta property=\"og:image:height\" content=\"1251\" \/>\n\t<meta property=\"og:image:type\" content=\"image\/jpeg\" \/>\n<meta name=\"twitter:card\" content=\"summary_large_image\" \/>\n<meta name=\"twitter:label1\" content=\"Est. reading time\" \/>\n\t<meta name=\"twitter:data1\" content=\"1 minute\" \/>\n<script type=\"application\/ld+json\" class=\"yoast-schema-graph\">{\"@context\":\"https:\/\/schema.org\",\"@graph\":[{\"@type\":\"WebPage\",\"@id\":\"https:\/\/raptorcoatings.com\/es-us\/producto\/raptor-tough-and-tintable-protective-coatings-gallons-and-quart-hardener\/\",\"url\":\"https:\/\/raptorcoatings.com\/es-us\/producto\/raptor-tough-and-tintable-protective-coatings-gallons-and-quart-hardener\/\",\"name\":\"REVESTIMIENTOS PROTECTORES RAPTOR RESISTENTES Y TINTADOS: GALONES Y CUARTO ENDURECEDOR - Raptortough\",\"isPartOf\":{\"@id\":\"https:\/\/raptorcoatings.com\/es-us\/#website\"},\"primaryImageOfPage\":{\"@id\":\"https:\/\/raptorcoatings.com\/es-us\/producto\/raptor-tough-and-tintable-protective-coatings-gallons-and-quart-hardener\/#primaryimage\"},\"image\":{\"@id\":\"https:\/\/raptorcoatings.com\/es-us\/producto\/raptor-tough-and-tintable-protective-coatings-gallons-and-quart-hardener\/#primaryimage\"},\"thumbnailUrl\":\"https:\/\/raptorcoatings.com\/wp-content\/uploads\/UP4838_RAPTOR-Black-Liner-1GAL-JOBBERS-1.jpg\",\"datePublished\":\"2024-05-30T08:14:24+00:00\",\"dateModified\":\"2024-05-30T10:02:48+00:00\",\"description\":\"The convenient RAPTOR 2K Bedliner Aerosol offers a fast, easy way to apply RAPTOR without compromising performance, no spray equipment necessary.\",\"breadcrumb\":{\"@id\":\"https:\/\/raptorcoatings.com\/es-us\/producto\/raptor-tough-and-tintable-protective-coatings-gallons-and-quart-hardener\/#breadcrumb\"},\"inLanguage\":\"es-US\",\"potentialAction\":[{\"@type\":\"ReadAction\",\"target\":[\"https:\/\/raptorcoatings.com\/es-us\/producto\/raptor-tough-and-tintable-protective-coatings-gallons-and-quart-hardener\/\"]}]},{\"@type\":\"ImageObject\",\"inLanguage\":\"es-US\",\"@id\":\"https:\/\/raptorcoatings.com\/es-us\/producto\/raptor-tough-and-tintable-protective-coatings-gallons-and-quart-hardener\/#primaryimage\",\"url\":\"https:\/\/raptorcoatings.com\/wp-content\/uploads\/UP4838_RAPTOR-Black-Liner-1GAL-JOBBERS-1.jpg\",\"contentUrl\":\"https:\/\/raptorcoatings.com\/wp-content\/uploads\/UP4838_RAPTOR-Black-Liner-1GAL-JOBBERS-1.jpg\",\"width\":1200,\"height\":1251,\"caption\":\"UP4838_RAPTOR-Black-Liner-1GAL\"},{\"@type\":\"BreadcrumbList\",\"@id\":\"https:\/\/raptorcoatings.com\/es-us\/producto\/raptor-tough-and-tintable-protective-coatings-gallons-and-quart-hardener\/#breadcrumb\",\"itemListElement\":[{\"@type\":\"ListItem\",\"position\":1,\"name\":\"Home\",\"item\":\"https:\/\/raptorcoatings.com\/es-us\/\"},{\"@type\":\"ListItem\",\"position\":2,\"name\":\"Productos\",\"item\":\"https:\/\/raptorcoatings.com\/es-us\/productos\/\"},{\"@type\":\"ListItem\",\"position\":3,\"name\":\"REVESTIMIENTOS PROTECTORES RAPTOR RESISTENTES Y TINTADOS: GALONES Y CUARTO ENDURECEDOR\"}]},{\"@type\":\"WebSite\",\"@id\":\"https:\/\/raptorcoatings.com\/es-us\/#website\",\"url\":\"https:\/\/raptorcoatings.com\/es-us\/\",\"name\":\"Raptor Coatings\",\"description\":\"\",\"potentialAction\":[{\"@type\":\"SearchAction\",\"target\":{\"@type\":\"EntryPoint\",\"urlTemplate\":\"https:\/\/raptorcoatings.com\/es-us\/?s={search_term_string}\"},\"query-input\":{\"@type\":\"PropertyValueSpecification\",\"valueRequired\":true,\"valueName\":\"search_term_string\"}}],\"inLanguage\":\"es-US\"}]}<\/script>\n<!-- \/ Yoast SEO plugin. -->","yoast_head_json":{"title":"REVESTIMIENTOS PROTECTORES RAPTOR RESISTENTES Y TINTADOS: GALONES Y CUARTO ENDURECEDOR - Raptortough","description":"The convenient RAPTOR 2K Bedliner Aerosol offers a fast, easy way to apply RAPTOR without compromising performance, no spray equipment necessary.","robots":{"index":"index","follow":"follow","max-snippet":"max-snippet:-1","max-image-preview":"max-image-preview:large","max-video-preview":"max-video-preview:-1"},"canonical":"https:\/\/raptorcoatings.com\/es-us\/producto\/raptor-tough-and-tintable-protective-coatings-gallons-and-quart-hardener\/","og_locale":"es_ES","og_type":"article","og_title":"REVESTIMIENTOS PROTECTORES RAPTOR RESISTENTES Y TINTADOS: GALONES Y CUARTO ENDURECEDOR - Raptortough","og_description":"The convenient RAPTOR 2K Bedliner Aerosol offers a fast, easy way to apply RAPTOR without compromising performance, no spray equipment necessary.","og_url":"https:\/\/raptorcoatings.com\/es-us\/producto\/raptor-tough-and-tintable-protective-coatings-gallons-and-quart-hardener\/","og_site_name":"Raptortough","article_modified_time":"2024-05-30T10:02:48+00:00","og_image":[{"width":1200,"height":1251,"url":"https:\/\/raptorcoatings.com\/wp-content\/uploads\/UP4838_RAPTOR-Black-Liner-1GAL-JOBBERS-1.jpg","type":"image\/jpeg"}],"twitter_card":"summary_large_image","twitter_misc":{"Est. reading time":"1 minute"},"schema":{"@context":"https:\/\/schema.org","@graph":[{"@type":"WebPage","@id":"https:\/\/raptorcoatings.com\/es-us\/producto\/raptor-tough-and-tintable-protective-coatings-gallons-and-quart-hardener\/","url":"https:\/\/raptorcoatings.com\/es-us\/producto\/raptor-tough-and-tintable-protective-coatings-gallons-and-quart-hardener\/","name":"REVESTIMIENTOS PROTECTORES RAPTOR RESISTENTES Y TINTADOS: GALONES Y CUARTO ENDURECEDOR - Raptortough","isPartOf":{"@id":"https:\/\/raptorcoatings.com\/es-us\/#website"},"primaryImageOfPage":{"@id":"https:\/\/raptorcoatings.com\/es-us\/producto\/raptor-tough-and-tintable-protective-coatings-gallons-and-quart-hardener\/#primaryimage"},"image":{"@id":"https:\/\/raptorcoatings.com\/es-us\/producto\/raptor-tough-and-tintable-protective-coatings-gallons-and-quart-hardener\/#primaryimage"},"thumbnailUrl":"https:\/\/raptorcoatings.com\/wp-content\/uploads\/UP4838_RAPTOR-Black-Liner-1GAL-JOBBERS-1.jpg","datePublished":"2024-05-30T08:14:24+00:00","dateModified":"2024-05-30T10:02:48+00:00","description":"The convenient RAPTOR 2K Bedliner Aerosol offers a fast, easy way to apply RAPTOR without compromising performance, no spray equipment necessary.","breadcrumb":{"@id":"https:\/\/raptorcoatings.com\/es-us\/producto\/raptor-tough-and-tintable-protective-coatings-gallons-and-quart-hardener\/#breadcrumb"},"inLanguage":"es-US","potentialAction":[{"@type":"ReadAction","target":["https:\/\/raptorcoatings.com\/es-us\/producto\/raptor-tough-and-tintable-protective-coatings-gallons-and-quart-hardener\/"]}]},{"@type":"ImageObject","inLanguage":"es-US","@id":"https:\/\/raptorcoatings.com\/es-us\/producto\/raptor-tough-and-tintable-protective-coatings-gallons-and-quart-hardener\/#primaryimage","url":"https:\/\/raptorcoatings.com\/wp-content\/uploads\/UP4838_RAPTOR-Black-Liner-1GAL-JOBBERS-1.jpg","contentUrl":"https:\/\/raptorcoatings.com\/wp-content\/uploads\/UP4838_RAPTOR-Black-Liner-1GAL-JOBBERS-1.jpg","width":1200,"height":1251,"caption":"UP4838_RAPTOR-Black-Liner-1GAL"},{"@type":"BreadcrumbList","@id":"https:\/\/raptorcoatings.com\/es-us\/producto\/raptor-tough-and-tintable-protective-coatings-gallons-and-quart-hardener\/#breadcrumb","itemListElement":[{"@type":"ListItem","position":1,"name":"Home","item":"https:\/\/raptorcoatings.com\/es-us\/"},{"@type":"ListItem","position":2,"name":"Productos","item":"https:\/\/raptorcoatings.com\/es-us\/productos\/"},{"@type":"ListItem","position":3,"name":"REVESTIMIENTOS PROTECTORES RAPTOR RESISTENTES Y TINTADOS: GALONES Y CUARTO ENDURECEDOR"}]},{"@type":"WebSite","@id":"https:\/\/raptorcoatings.com\/es-us\/#website","url":"https:\/\/raptorcoatings.com\/es-us\/","name":"Raptor Coatings","description":"","potentialAction":[{"@type":"SearchAction","target":{"@type":"EntryPoint","urlTemplate":"https:\/\/raptorcoatings.com\/es-us\/?s={search_term_string}"},"query-input":{"@type":"PropertyValueSpecification","valueRequired":true,"valueName":"search_term_string"}}],"inLanguage":"es-US"}]}},"_links":{"self":[{"href":"https:\/\/raptorcoatings.com\/es-us\/wp-json\/wp\/v2\/product\/44419","targetHints":{"allow":["GET"]}}],"collection":[{"href":"https:\/\/raptorcoatings.com\/es-us\/wp-json\/wp\/v2\/product"}],"about":[{"href":"https:\/\/raptorcoatings.com\/es-us\/wp-json\/wp\/v2\/types\/product"}],"wp:featuredmedia":[{"embeddable":true,"href":"https:\/\/raptorcoatings.com\/es-us\/wp-json\/wp\/v2\/media\/44434"}],"wp:attachment":[{"href":"https:\/\/raptorcoatings.com\/es-us\/wp-json\/wp\/v2\/media?parent=44419"}],"wp:term":[{"taxonomy":"product_brand","embeddable":true,"href":"https:\/\/raptorcoatings.com\/es-us\/wp-json\/wp\/v2\/product_brand?post=44419"},{"taxonomy":"product_cat","embeddable":true,"href":"https:\/\/raptorcoatings.com\/es-us\/wp-json\/wp\/v2\/product_cat?post=44419"},{"taxonomy":"product_tag","embeddable":true,"href":"https:\/\/raptorcoatings.com\/es-us\/wp-json\/wp\/v2\/product_tag?post=44419"}],"curies":[{"name":"wp","href":"https:\/\/api.w.org\/{rel}","templated":true}]}}