{"id":9138,"date":"2022-12-08T14:06:35","date_gmt":"2022-12-08T14:06:35","guid":{"rendered":"https:\/\/raptorcoatings.com\/product\/2k-bedliner-aerosol\/"},"modified":"2025-07-22T10:35:39","modified_gmt":"2025-07-22T10:35:39","slug":"2k-bedliner-aerosol","status":"publish","type":"product","link":"https:\/\/raptorcoatings.com\/de\/produkt\/2k-bedliner-aerosol\/","title":{"rendered":"2K-Spraydose"},"content":{"rendered":"<div class=\"fusion-fullwidth fullwidth-box fusion-builder-row-1 fusion-flex-container has-pattern-background has-mask-background nonhundred-percent-fullwidth non-hundred-percent-height-scrolling\" style=\"--awb-border-radius-top-left:0px;--awb-border-radius-top-right:0px;--awb-border-radius-bottom-right:0px;--awb-border-radius-bottom-left:0px;--awb-padding-top:50px;--awb-padding-right:0px;--awb-padding-bottom:0px;--awb-padding-left:0px;--awb-flex-wrap:wrap;\" ><div class=\"fusion-builder-row fusion-row fusion-flex-align-items-flex-start fusion-flex-justify-content-flex-end fusion-flex-content-wrap\" style=\"max-width:calc( 1640px + 12px );margin-left: calc(-12px \/ 2 );margin-right: calc(-12px \/ 2 );\"><div class=\"fusion-layout-column fusion_builder_column fusion-builder-column-0 fusion_builder_column_1_1 1_1 fusion-flex-column\" style=\"--awb-bg-size:cover;--awb-width-large:100%;--awb-margin-top-large:0px;--awb-spacing-right-large:6px;--awb-margin-bottom-large:20px;--awb-spacing-left-large:6px;--awb-width-medium:100%;--awb-order-medium:0;--awb-spacing-right-medium:6px;--awb-spacing-left-medium:6px;--awb-width-small:100%;--awb-order-small:0;--awb-spacing-right-small:6px;--awb-spacing-left-small:6px;\"><div class=\"fusion-column-wrapper fusion-column-has-shadow fusion-flex-justify-content-flex-start fusion-content-layout-column\">\n<div class=\"table-1 productTable\">\n<table width=\"100%\">\n<thead>\n<tr>\n<th align=\"left\">Artikelnummer<\/th>\n<th align=\"left\">Gebindegr\u00f6\u00dfe<\/th>\n<th align=\"left\">Farbe<\/th>\n<th align=\"left\">VE<\/th>\n<th align=\"left\">Technisches Datenblatt<\/th>\n<th align=\"left\">Sicherheitsdatenblatt<\/th>\n<\/tr>\n<\/thead>\n<tbody>\n<tr>\n<td align=\"left\">RLB\/AL<\/td>\n<td align=\"left\">Spraydose 400mL<\/td>\n<td align=\"left\">Schwarz<\/td>\n<td align=\"left\">6<\/td>\n<td align=\"left\"><a href=\"https:\/\/raptorcoatings.com\/wp-content\/uploads\/RLBAL-TDS-DE.pdf\">RLBAL-TDS-DE<\/a><\/td>\n<td align=\"left\"><a href=\"https:\/\/use-qa-inf-apiacs.azure-api.net\/publishedsds\/item\/32365\">RLBAL-SDS-DE<\/a><\/td>\n<\/tr>\n<tr>\n<td align=\"left\">RLW\/AL<\/td>\n<td align=\"left\">Spraydose 400mL<\/td>\n<td align=\"left\">Wei\u00df<\/td>\n<td align=\"left\">6<\/td>\n<td align=\"left\"><a href=\"https:\/\/raptorcoatings.com\/wp-content\/uploads\/RLWAL-TDS-DE.pdf\">RLWAL-TDS-DE<\/a><\/td>\n<td align=\"left\"><a href=\"https:\/\/use-qa-inf-apiacs.azure-api.net\/publishedsds\/item\/32235\" target=\"_blank\" rel=\"noopener\">RLWAL-SDS<\/a><\/td>\n<\/tr>\n<\/tbody>\n<\/table>\n<\/div>\n<div class=\"fusion-text fusion-text-1 fusion-no-medium-visibility fusion-no-large-visibility\"><p style=\"text-align: center;\"><span style=\"color: #ffffff; font-size: 16px;\"><strong>Swipe table<\/strong><\/span> <i class=\"fb-icon-element-1 fb-icon-element fontawesome-icon fa-hand-pointer fas circle-no fusion-text-flow\" style=\"--awb-font-size:20px;--awb-margin-right:10px;\"><\/i><\/p>\n<\/div>\n<div class=\"fusion-text fusion-text-2\"><\/div><\/div><\/div><\/div><\/div>\n","protected":false},"excerpt":{"rendered":"<p>Die praktische RAPTOR 2K-Spraydose bietet eine schnelle und einfache Methode zum Auftragen von RAPTOR \u2013 f\u00fcr optimale Ergebnisse. RAPTOR ist mehr als nur Ladefl\u00e4chenschutz und dient als extrem haltbare und stabile Schutzlackierung. Verwenden Sie RAPTOR auf verschiedenen Oberfl\u00e4chen, die eine Schutzschicht ben\u00f6tigen, welche auch anspruchsvollsten Bedingungen standh\u00e4lt. Die Verwendung von RAPTOR ist ganz einfach \u2013 nun k\u00f6nnen Sie RAPTOR 2K-Spray ganz einfach aufspr\u00fchen, ohne Dreck und Saubermachen.<\/p>\n<ul>\n<li>Keine Spr\u00fchausr\u00fcstung erforderlich<\/li>\n<li>Ideal f\u00fcr punktuelle Reparaturen und kleine Aufgaben<\/li>\n<li>Kein Dreck, kein Saubermachen<\/li>\n<li>Ganz einfach!<\/li>\n<\/ul>\n","protected":false},"featured_media":4512,"template":"","meta":[],"product_brand":[],"product_cat":[210,624,598,202],"product_tag":[662,642,258,298],"class_list":{"0":"post-9138","1":"product","2":"type-product","3":"status-publish","4":"has-post-thumbnail","6":"product_cat-2k-spray","7":"product_cat-coatings-de","8":"product_cat-product-de","9":"product_cat-raptor-de","10":"product_tag-coatings-de","11":"product_tag-de","12":"product_tag-sprinter-van-de","13":"product_tag-willys-de","15":"first","16":"instock","17":"shipping-taxable","18":"product-type-simple"},"gallery_images":[7927,7918,7909,8151],"yoast_head":"<!-- This site is optimized with the Yoast SEO plugin v27.1.1 - https:\/\/yoast.com\/product\/yoast-seo-wordpress\/ -->\n<title>2K-Spraydose - Raptortough<\/title>\n<meta name=\"description\" content=\"The convenient RAPTOR 2K Bedliner Aerosol offers a fast, easy way to apply RAPTOR without compromising performance, no spray equipment necessary.\" \/>\n<meta name=\"robots\" content=\"index, follow, max-snippet:-1, max-image-preview:large, max-video-preview:-1\" \/>\n<link rel=\"canonical\" href=\"https:\/\/raptorcoatings.com\/de\/produkt\/2k-bedliner-aerosol\/\" \/>\n<meta property=\"og:locale\" content=\"de_DE\" \/>\n<meta property=\"og:type\" content=\"article\" \/>\n<meta property=\"og:title\" content=\"2K-Spraydose - Raptortough\" \/>\n<meta property=\"og:description\" content=\"The convenient RAPTOR 2K Bedliner Aerosol offers a fast, easy way to apply RAPTOR without compromising performance, no spray equipment necessary.\" \/>\n<meta property=\"og:url\" content=\"https:\/\/raptorcoatings.com\/de\/produkt\/2k-bedliner-aerosol\/\" \/>\n<meta property=\"og:site_name\" content=\"Raptortough\" \/>\n<meta property=\"article:modified_time\" content=\"2025-07-22T10:35:39+00:00\" \/>\n<meta property=\"og:image\" content=\"https:\/\/raptorcoatings.com\/wp-content\/uploads\/Raptor-2k-Anti-Corrosive-Epoxy-Primer-Aerosol.jpg\" \/>\n\t<meta property=\"og:image:width\" content=\"800\" \/>\n\t<meta property=\"og:image:height\" content=\"800\" \/>\n\t<meta property=\"og:image:type\" content=\"image\/jpeg\" \/>\n<meta name=\"twitter:card\" content=\"summary_large_image\" \/>\n<meta name=\"twitter:label1\" content=\"Gesch\u00e4tzte Lesezeit\" \/>\n\t<meta name=\"twitter:data1\" content=\"1\u00a0Minute\" \/>\n<script type=\"application\/ld+json\" class=\"yoast-schema-graph\">{\"@context\":\"https:\/\/schema.org\",\"@graph\":[{\"@type\":\"WebPage\",\"@id\":\"https:\/\/raptorcoatings.com\/de\/produkt\/2k-bedliner-aerosol\/\",\"url\":\"https:\/\/raptorcoatings.com\/de\/produkt\/2k-bedliner-aerosol\/\",\"name\":\"2K-Spraydose - Raptortough\",\"isPartOf\":{\"@id\":\"https:\/\/raptorcoatings.com\/de\/#website\"},\"primaryImageOfPage\":{\"@id\":\"https:\/\/raptorcoatings.com\/de\/produkt\/2k-bedliner-aerosol\/#primaryimage\"},\"image\":{\"@id\":\"https:\/\/raptorcoatings.com\/de\/produkt\/2k-bedliner-aerosol\/#primaryimage\"},\"thumbnailUrl\":\"https:\/\/raptorcoatings.com\/wp-content\/uploads\/Raptor-2k-Anti-Corrosive-Epoxy-Primer-Aerosol.jpg\",\"datePublished\":\"2022-12-08T14:06:35+00:00\",\"dateModified\":\"2025-07-22T10:35:39+00:00\",\"description\":\"The convenient RAPTOR 2K Bedliner Aerosol offers a fast, easy way to apply RAPTOR without compromising performance, no spray equipment necessary.\",\"breadcrumb\":{\"@id\":\"https:\/\/raptorcoatings.com\/de\/produkt\/2k-bedliner-aerosol\/#breadcrumb\"},\"inLanguage\":\"de\",\"potentialAction\":[{\"@type\":\"ReadAction\",\"target\":[\"https:\/\/raptorcoatings.com\/de\/produkt\/2k-bedliner-aerosol\/\"]}]},{\"@type\":\"ImageObject\",\"inLanguage\":\"de\",\"@id\":\"https:\/\/raptorcoatings.com\/de\/produkt\/2k-bedliner-aerosol\/#primaryimage\",\"url\":\"https:\/\/raptorcoatings.com\/wp-content\/uploads\/Raptor-2k-Anti-Corrosive-Epoxy-Primer-Aerosol.jpg\",\"contentUrl\":\"https:\/\/raptorcoatings.com\/wp-content\/uploads\/Raptor-2k-Anti-Corrosive-Epoxy-Primer-Aerosol.jpg\",\"width\":800,\"height\":800,\"caption\":\"RAPTOR 2K Bedliner Aerosol\"},{\"@type\":\"BreadcrumbList\",\"@id\":\"https:\/\/raptorcoatings.com\/de\/produkt\/2k-bedliner-aerosol\/#breadcrumb\",\"itemListElement\":[{\"@type\":\"ListItem\",\"position\":1,\"name\":\"Home\",\"item\":\"https:\/\/raptorcoatings.com\/de\/\"},{\"@type\":\"ListItem\",\"position\":2,\"name\":\"Produkte\",\"item\":\"https:\/\/raptorcoatings.com\/de\/produkte\/\"},{\"@type\":\"ListItem\",\"position\":3,\"name\":\"2K-Spraydose\"}]},{\"@type\":\"WebSite\",\"@id\":\"https:\/\/raptorcoatings.com\/de\/#website\",\"url\":\"https:\/\/raptorcoatings.com\/de\/\",\"name\":\"Raptor Coatings\",\"description\":\"\",\"potentialAction\":[{\"@type\":\"SearchAction\",\"target\":{\"@type\":\"EntryPoint\",\"urlTemplate\":\"https:\/\/raptorcoatings.com\/de\/?s={search_term_string}\"},\"query-input\":{\"@type\":\"PropertyValueSpecification\",\"valueRequired\":true,\"valueName\":\"search_term_string\"}}],\"inLanguage\":\"de\"}]}<\/script>\n<!-- \/ Yoast SEO plugin. -->","yoast_head_json":{"title":"2K-Spraydose - Raptortough","description":"The convenient RAPTOR 2K Bedliner Aerosol offers a fast, easy way to apply RAPTOR without compromising performance, no spray equipment necessary.","robots":{"index":"index","follow":"follow","max-snippet":"max-snippet:-1","max-image-preview":"max-image-preview:large","max-video-preview":"max-video-preview:-1"},"canonical":"https:\/\/raptorcoatings.com\/de\/produkt\/2k-bedliner-aerosol\/","og_locale":"de_DE","og_type":"article","og_title":"2K-Spraydose - Raptortough","og_description":"The convenient RAPTOR 2K Bedliner Aerosol offers a fast, easy way to apply RAPTOR without compromising performance, no spray equipment necessary.","og_url":"https:\/\/raptorcoatings.com\/de\/produkt\/2k-bedliner-aerosol\/","og_site_name":"Raptortough","article_modified_time":"2025-07-22T10:35:39+00:00","og_image":[{"width":800,"height":800,"url":"https:\/\/raptorcoatings.com\/wp-content\/uploads\/Raptor-2k-Anti-Corrosive-Epoxy-Primer-Aerosol.jpg","type":"image\/jpeg"}],"twitter_card":"summary_large_image","twitter_misc":{"Gesch\u00e4tzte Lesezeit":"1\u00a0Minute"},"schema":{"@context":"https:\/\/schema.org","@graph":[{"@type":"WebPage","@id":"https:\/\/raptorcoatings.com\/de\/produkt\/2k-bedliner-aerosol\/","url":"https:\/\/raptorcoatings.com\/de\/produkt\/2k-bedliner-aerosol\/","name":"2K-Spraydose - Raptortough","isPartOf":{"@id":"https:\/\/raptorcoatings.com\/de\/#website"},"primaryImageOfPage":{"@id":"https:\/\/raptorcoatings.com\/de\/produkt\/2k-bedliner-aerosol\/#primaryimage"},"image":{"@id":"https:\/\/raptorcoatings.com\/de\/produkt\/2k-bedliner-aerosol\/#primaryimage"},"thumbnailUrl":"https:\/\/raptorcoatings.com\/wp-content\/uploads\/Raptor-2k-Anti-Corrosive-Epoxy-Primer-Aerosol.jpg","datePublished":"2022-12-08T14:06:35+00:00","dateModified":"2025-07-22T10:35:39+00:00","description":"The convenient RAPTOR 2K Bedliner Aerosol offers a fast, easy way to apply RAPTOR without compromising performance, no spray equipment necessary.","breadcrumb":{"@id":"https:\/\/raptorcoatings.com\/de\/produkt\/2k-bedliner-aerosol\/#breadcrumb"},"inLanguage":"de","potentialAction":[{"@type":"ReadAction","target":["https:\/\/raptorcoatings.com\/de\/produkt\/2k-bedliner-aerosol\/"]}]},{"@type":"ImageObject","inLanguage":"de","@id":"https:\/\/raptorcoatings.com\/de\/produkt\/2k-bedliner-aerosol\/#primaryimage","url":"https:\/\/raptorcoatings.com\/wp-content\/uploads\/Raptor-2k-Anti-Corrosive-Epoxy-Primer-Aerosol.jpg","contentUrl":"https:\/\/raptorcoatings.com\/wp-content\/uploads\/Raptor-2k-Anti-Corrosive-Epoxy-Primer-Aerosol.jpg","width":800,"height":800,"caption":"RAPTOR 2K Bedliner Aerosol"},{"@type":"BreadcrumbList","@id":"https:\/\/raptorcoatings.com\/de\/produkt\/2k-bedliner-aerosol\/#breadcrumb","itemListElement":[{"@type":"ListItem","position":1,"name":"Home","item":"https:\/\/raptorcoatings.com\/de\/"},{"@type":"ListItem","position":2,"name":"Produkte","item":"https:\/\/raptorcoatings.com\/de\/produkte\/"},{"@type":"ListItem","position":3,"name":"2K-Spraydose"}]},{"@type":"WebSite","@id":"https:\/\/raptorcoatings.com\/de\/#website","url":"https:\/\/raptorcoatings.com\/de\/","name":"Raptor Coatings","description":"","potentialAction":[{"@type":"SearchAction","target":{"@type":"EntryPoint","urlTemplate":"https:\/\/raptorcoatings.com\/de\/?s={search_term_string}"},"query-input":{"@type":"PropertyValueSpecification","valueRequired":true,"valueName":"search_term_string"}}],"inLanguage":"de"}]}},"_links":{"self":[{"href":"https:\/\/raptorcoatings.com\/de\/wp-json\/wp\/v2\/product\/9138","targetHints":{"allow":["GET"]}}],"collection":[{"href":"https:\/\/raptorcoatings.com\/de\/wp-json\/wp\/v2\/product"}],"about":[{"href":"https:\/\/raptorcoatings.com\/de\/wp-json\/wp\/v2\/types\/product"}],"wp:featuredmedia":[{"embeddable":true,"href":"https:\/\/raptorcoatings.com\/de\/wp-json\/wp\/v2\/media\/4512"}],"wp:attachment":[{"href":"https:\/\/raptorcoatings.com\/de\/wp-json\/wp\/v2\/media?parent=9138"}],"wp:term":[{"taxonomy":"product_brand","embeddable":true,"href":"https:\/\/raptorcoatings.com\/de\/wp-json\/wp\/v2\/product_brand?post=9138"},{"taxonomy":"product_cat","embeddable":true,"href":"https:\/\/raptorcoatings.com\/de\/wp-json\/wp\/v2\/product_cat?post=9138"},{"taxonomy":"product_tag","embeddable":true,"href":"https:\/\/raptorcoatings.com\/de\/wp-json\/wp\/v2\/product_tag?post=9138"}],"curies":[{"name":"wp","href":"https:\/\/api.w.org\/{rel}","templated":true}]}}