{"id":9062,"date":"2023-01-16T12:31:21","date_gmt":"2023-01-16T12:31:21","guid":{"rendered":"https:\/\/raptorcoatings.com\/product\/raptor-41-anti-corrosive-epoxy-primer-kit\/"},"modified":"2025-11-11T13:11:35","modified_gmt":"2025-11-11T13:11:35","slug":"raptor-41-anti-corrosive-epoxy-primer-kit","status":"publish","type":"product","link":"https:\/\/raptorcoatings.com\/de\/produkt\/raptor-41-anti-corrosive-epoxy-primer-kit\/","title":{"rendered":"Epoxidgrundierung"},"content":{"rendered":"<div class=\"fusion-fullwidth fullwidth-box fusion-builder-row-1 fusion-flex-container has-pattern-background has-mask-background nonhundred-percent-fullwidth non-hundred-percent-height-scrolling\" style=\"--awb-border-radius-top-left:0px;--awb-border-radius-top-right:0px;--awb-border-radius-bottom-right:0px;--awb-border-radius-bottom-left:0px;--awb-padding-top:50px;--awb-flex-wrap:wrap;\" ><div class=\"fusion-builder-row fusion-row fusion-flex-align-items-flex-start fusion-flex-justify-content-flex-end fusion-flex-content-wrap\" style=\"max-width:calc( 1640px + 12px );margin-left: calc(-12px \/ 2 );margin-right: calc(-12px \/ 2 );\"><div class=\"fusion-layout-column fusion_builder_column fusion-builder-column-0 fusion_builder_column_1_1 1_1 fusion-flex-column\" style=\"--awb-bg-size:cover;--awb-width-large:100%;--awb-margin-top-large:0px;--awb-spacing-right-large:6px;--awb-margin-bottom-large:20px;--awb-spacing-left-large:6px;--awb-width-medium:100%;--awb-order-medium:0;--awb-spacing-right-medium:6px;--awb-spacing-left-medium:6px;--awb-width-small:100%;--awb-order-small:0;--awb-spacing-right-small:6px;--awb-spacing-left-small:6px;\"><div class=\"fusion-column-wrapper fusion-column-has-shadow fusion-flex-justify-content-flex-start fusion-content-layout-column\">\n<div class=\"table-1\">\n<table width=\"100%\">\n<thead>\n<tr>\n<th align=\"left\">Artikelnummer<\/th>\n<th align=\"left\">Gebindegr\u00f6\u00dfe<\/th>\n<th align=\"left\">Farbe<\/th>\n<th align=\"left\">VE<\/th>\n<th align=\"left\">Technisches Datenblatt<\/th>\n<th align=\"left\">Sicherheitsdatenblatt<\/th>\n<\/tr>\n<\/thead>\n<tbody>\n<tr>\n<td align=\"left\">REP\/1<\/td>\n<td align=\"left\">1L<\/td>\n<td align=\"left\">Grau<\/td>\n<td align=\"left\">6<\/td>\n<td align=\"left\"><a href=\"https:\/\/raptorcoatings.com\/wp-content\/uploads\/DE-REP.pdf\" target=\"_blank\" rel=\"noopener\">REP1-TDS<\/a><\/td>\n<td align=\"left\"><a href=\"https:\/\/use-qa-inf-apiacs.azure-api.net\/publishedsds\/item\/33054\" target=\"_blank\" rel=\"noopener\">REP1-SDS<\/a><\/td>\n<\/tr>\n<tr>\n<td align=\"left\">REP\/3<\/td>\n<td align=\"left\">3L<\/td>\n<td align=\"left\">Grau<\/td>\n<td align=\"left\">3<\/td>\n<td align=\"left\"><a href=\"https:\/\/raptorcoatings.com\/wp-content\/uploads\/DE-REP.pdf\" target=\"_blank\" rel=\"noopener\">REP3-TDS<\/a><\/td>\n<td align=\"left\"><a href=\"https:\/\/use-qa-inf-apiacs.azure-api.net\/publishedsds\/item\/33054\" target=\"_blank\" rel=\"noopener\">REP3-SDS<\/a><\/td>\n<\/tr>\n<tr>\n<td align=\"left\">REPH\/1.5<\/td>\n<td align=\"left\">1.5L<\/td>\n<td align=\"left\"><\/td>\n<td align=\"left\">6<\/td>\n<td align=\"left\"><\/td>\n<td align=\"left\"><a href=\"https:\/\/use-qa-inf-apiacs.azure-api.net\/publishedsds\/item\/32619\" target=\"_blank\" rel=\"noopener\">REPH\/1.5-SDS<\/a><\/td>\n<\/tr>\n<tr>\n<td align=\"left\">REPH\/0.5<\/td>\n<td align=\"left\">0.5L<\/td>\n<td align=\"left\"><\/td>\n<td align=\"left\">6<\/td>\n<td align=\"left\"><\/td>\n<td align=\"left\"><a href=\"https:\/\/use-qa-inf-apiacs.azure-api.net\/publishedsds\/item\/32619\" target=\"_blank\" rel=\"noopener\">REPH\/0.5-SDS<\/a><\/td>\n<\/tr>\n<\/tbody>\n<\/table>\n<\/div>\n<div class=\"fusion-text fusion-text-1 fusion-no-medium-visibility fusion-no-large-visibility\"><p style=\"text-align: center;\"><span style=\"color: #ffffff; font-size: 16px;\"><strong>Swipe table<\/strong><\/span> <i class=\"fb-icon-element-1 fb-icon-element fontawesome-icon fa-hand-pointer fas circle-no fusion-text-flow\" style=\"--awb-font-size:20px;--awb-margin-right:10px;\"><\/i><\/p>\n<\/div>\n<div class=\"fusion-text fusion-text-2\"><\/div><\/div><\/div><\/div><\/div>\n","protected":false},"excerpt":{"rendered":"<p>U-POL RAPTOR-Epoxidgrundierung ist eine VOC-konforme 2K-Grundierung mit Rostschutz und hervorragender Salznebelbest\u00e4ndigkeit, die sich f\u00fcr die meisten Untergr\u00fcnde eignet. Das Produkt dient als Grundierung oder Grundierf\u00fcller f\u00fcr industrielle Reparaturanwendungen und zeichnet sich durch ausgezeichneten Rostschutz aus.<\/p>\n<ul>\n<li>Leicht zu anzuwenden<br \/>\nHervorragende Korrosionsbest\u00e4ndigkeit<\/li>\n<li>L\u00e4sst sich einfach abschleifen<\/li>\n<li>Ausgezeichneter Glanzschutz als Decklack<br \/>\nNass-auf-nass-Verfahren mit langer offener Zeit f\u00fcr<br \/>\ndie Decklackanwendung<\/li>\n<li>Chromat- und bleifrei<\/li>\n<li>Exzellente Deckkraft und Ergiebigkeit<\/li>\n<\/ul>\n","protected":false},"featured_media":55713,"template":"","meta":[],"product_brand":[],"product_cat":[628,598,202,225],"product_tag":[642,661],"class_list":{"0":"post-9062","1":"product","2":"type-product","3":"status-publish","4":"has-post-thumbnail","6":"product_cat-primers-de","7":"product_cat-product-de","8":"product_cat-raptor-de","9":"product_cat-raptor-schutzlackierung-robuste-und-toenbare","10":"product_tag-de","11":"product_tag-primers-de","13":"first","14":"instock","15":"shipping-taxable","16":"product-type-simple"},"gallery_images":[53748,53720,53678],"yoast_head":"<!-- This site is optimized with the Yoast SEO plugin v27.1.1 - https:\/\/yoast.com\/product\/yoast-seo-wordpress\/ -->\n<title>Epoxidgrundierung - Raptortough<\/title>\n<meta name=\"description\" content=\"The convenient RAPTOR 2K Bedliner Aerosol offers a fast, easy way to apply RAPTOR without compromising performance, no spray equipment necessary.\" \/>\n<meta name=\"robots\" content=\"index, follow, max-snippet:-1, max-image-preview:large, max-video-preview:-1\" \/>\n<link rel=\"canonical\" href=\"https:\/\/raptorcoatings.com\/de\/produkt\/raptor-41-anti-corrosive-epoxy-primer-kit\/\" \/>\n<meta property=\"og:locale\" content=\"de_DE\" \/>\n<meta property=\"og:type\" content=\"article\" \/>\n<meta property=\"og:title\" content=\"Epoxidgrundierung - Raptortough\" \/>\n<meta property=\"og:description\" content=\"The convenient RAPTOR 2K Bedliner Aerosol offers a fast, easy way to apply RAPTOR without compromising performance, no spray equipment necessary.\" \/>\n<meta property=\"og:url\" content=\"https:\/\/raptorcoatings.com\/de\/produkt\/raptor-41-anti-corrosive-epoxy-primer-kit\/\" \/>\n<meta property=\"og:site_name\" content=\"Raptortough\" \/>\n<meta property=\"article:modified_time\" content=\"2025-11-11T13:11:35+00:00\" \/>\n<meta property=\"og:image\" content=\"https:\/\/raptorcoatings.com\/wp-content\/uploads\/Untitled-design-41.png\" \/>\n\t<meta property=\"og:image:width\" content=\"800\" \/>\n\t<meta property=\"og:image:height\" content=\"800\" \/>\n\t<meta property=\"og:image:type\" content=\"image\/png\" \/>\n<meta name=\"twitter:card\" content=\"summary_large_image\" \/>\n<meta name=\"twitter:label1\" content=\"Gesch\u00e4tzte Lesezeit\" \/>\n\t<meta name=\"twitter:data1\" content=\"1\u00a0Minute\" \/>\n<script type=\"application\/ld+json\" class=\"yoast-schema-graph\">{\"@context\":\"https:\/\/schema.org\",\"@graph\":[{\"@type\":\"WebPage\",\"@id\":\"https:\/\/raptorcoatings.com\/de\/produkt\/raptor-41-anti-corrosive-epoxy-primer-kit\/\",\"url\":\"https:\/\/raptorcoatings.com\/de\/produkt\/raptor-41-anti-corrosive-epoxy-primer-kit\/\",\"name\":\"Epoxidgrundierung - Raptortough\",\"isPartOf\":{\"@id\":\"https:\/\/raptorcoatings.com\/de\/#website\"},\"primaryImageOfPage\":{\"@id\":\"https:\/\/raptorcoatings.com\/de\/produkt\/raptor-41-anti-corrosive-epoxy-primer-kit\/#primaryimage\"},\"image\":{\"@id\":\"https:\/\/raptorcoatings.com\/de\/produkt\/raptor-41-anti-corrosive-epoxy-primer-kit\/#primaryimage\"},\"thumbnailUrl\":\"https:\/\/raptorcoatings.com\/wp-content\/uploads\/Untitled-design-41.png\",\"datePublished\":\"2023-01-16T12:31:21+00:00\",\"dateModified\":\"2025-11-11T13:11:35+00:00\",\"description\":\"The convenient RAPTOR 2K Bedliner Aerosol offers a fast, easy way to apply RAPTOR without compromising performance, no spray equipment necessary.\",\"breadcrumb\":{\"@id\":\"https:\/\/raptorcoatings.com\/de\/produkt\/raptor-41-anti-corrosive-epoxy-primer-kit\/#breadcrumb\"},\"inLanguage\":\"de\",\"potentialAction\":[{\"@type\":\"ReadAction\",\"target\":[\"https:\/\/raptorcoatings.com\/de\/produkt\/raptor-41-anti-corrosive-epoxy-primer-kit\/\"]}]},{\"@type\":\"ImageObject\",\"inLanguage\":\"de\",\"@id\":\"https:\/\/raptorcoatings.com\/de\/produkt\/raptor-41-anti-corrosive-epoxy-primer-kit\/#primaryimage\",\"url\":\"https:\/\/raptorcoatings.com\/wp-content\/uploads\/Untitled-design-41.png\",\"contentUrl\":\"https:\/\/raptorcoatings.com\/wp-content\/uploads\/Untitled-design-41.png\",\"width\":800,\"height\":800},{\"@type\":\"BreadcrumbList\",\"@id\":\"https:\/\/raptorcoatings.com\/de\/produkt\/raptor-41-anti-corrosive-epoxy-primer-kit\/#breadcrumb\",\"itemListElement\":[{\"@type\":\"ListItem\",\"position\":1,\"name\":\"Home\",\"item\":\"https:\/\/raptorcoatings.com\/de\/\"},{\"@type\":\"ListItem\",\"position\":2,\"name\":\"Produkte\",\"item\":\"https:\/\/raptorcoatings.com\/de\/produkte\/\"},{\"@type\":\"ListItem\",\"position\":3,\"name\":\"Epoxidgrundierung\"}]},{\"@type\":\"WebSite\",\"@id\":\"https:\/\/raptorcoatings.com\/de\/#website\",\"url\":\"https:\/\/raptorcoatings.com\/de\/\",\"name\":\"Raptor Coatings\",\"description\":\"\",\"potentialAction\":[{\"@type\":\"SearchAction\",\"target\":{\"@type\":\"EntryPoint\",\"urlTemplate\":\"https:\/\/raptorcoatings.com\/de\/?s={search_term_string}\"},\"query-input\":{\"@type\":\"PropertyValueSpecification\",\"valueRequired\":true,\"valueName\":\"search_term_string\"}}],\"inLanguage\":\"de\"}]}<\/script>\n<!-- \/ Yoast SEO plugin. -->","yoast_head_json":{"title":"Epoxidgrundierung - Raptortough","description":"The convenient RAPTOR 2K Bedliner Aerosol offers a fast, easy way to apply RAPTOR without compromising performance, no spray equipment necessary.","robots":{"index":"index","follow":"follow","max-snippet":"max-snippet:-1","max-image-preview":"max-image-preview:large","max-video-preview":"max-video-preview:-1"},"canonical":"https:\/\/raptorcoatings.com\/de\/produkt\/raptor-41-anti-corrosive-epoxy-primer-kit\/","og_locale":"de_DE","og_type":"article","og_title":"Epoxidgrundierung - Raptortough","og_description":"The convenient RAPTOR 2K Bedliner Aerosol offers a fast, easy way to apply RAPTOR without compromising performance, no spray equipment necessary.","og_url":"https:\/\/raptorcoatings.com\/de\/produkt\/raptor-41-anti-corrosive-epoxy-primer-kit\/","og_site_name":"Raptortough","article_modified_time":"2025-11-11T13:11:35+00:00","og_image":[{"width":800,"height":800,"url":"https:\/\/raptorcoatings.com\/wp-content\/uploads\/Untitled-design-41.png","type":"image\/png"}],"twitter_card":"summary_large_image","twitter_misc":{"Gesch\u00e4tzte Lesezeit":"1\u00a0Minute"},"schema":{"@context":"https:\/\/schema.org","@graph":[{"@type":"WebPage","@id":"https:\/\/raptorcoatings.com\/de\/produkt\/raptor-41-anti-corrosive-epoxy-primer-kit\/","url":"https:\/\/raptorcoatings.com\/de\/produkt\/raptor-41-anti-corrosive-epoxy-primer-kit\/","name":"Epoxidgrundierung - Raptortough","isPartOf":{"@id":"https:\/\/raptorcoatings.com\/de\/#website"},"primaryImageOfPage":{"@id":"https:\/\/raptorcoatings.com\/de\/produkt\/raptor-41-anti-corrosive-epoxy-primer-kit\/#primaryimage"},"image":{"@id":"https:\/\/raptorcoatings.com\/de\/produkt\/raptor-41-anti-corrosive-epoxy-primer-kit\/#primaryimage"},"thumbnailUrl":"https:\/\/raptorcoatings.com\/wp-content\/uploads\/Untitled-design-41.png","datePublished":"2023-01-16T12:31:21+00:00","dateModified":"2025-11-11T13:11:35+00:00","description":"The convenient RAPTOR 2K Bedliner Aerosol offers a fast, easy way to apply RAPTOR without compromising performance, no spray equipment necessary.","breadcrumb":{"@id":"https:\/\/raptorcoatings.com\/de\/produkt\/raptor-41-anti-corrosive-epoxy-primer-kit\/#breadcrumb"},"inLanguage":"de","potentialAction":[{"@type":"ReadAction","target":["https:\/\/raptorcoatings.com\/de\/produkt\/raptor-41-anti-corrosive-epoxy-primer-kit\/"]}]},{"@type":"ImageObject","inLanguage":"de","@id":"https:\/\/raptorcoatings.com\/de\/produkt\/raptor-41-anti-corrosive-epoxy-primer-kit\/#primaryimage","url":"https:\/\/raptorcoatings.com\/wp-content\/uploads\/Untitled-design-41.png","contentUrl":"https:\/\/raptorcoatings.com\/wp-content\/uploads\/Untitled-design-41.png","width":800,"height":800},{"@type":"BreadcrumbList","@id":"https:\/\/raptorcoatings.com\/de\/produkt\/raptor-41-anti-corrosive-epoxy-primer-kit\/#breadcrumb","itemListElement":[{"@type":"ListItem","position":1,"name":"Home","item":"https:\/\/raptorcoatings.com\/de\/"},{"@type":"ListItem","position":2,"name":"Produkte","item":"https:\/\/raptorcoatings.com\/de\/produkte\/"},{"@type":"ListItem","position":3,"name":"Epoxidgrundierung"}]},{"@type":"WebSite","@id":"https:\/\/raptorcoatings.com\/de\/#website","url":"https:\/\/raptorcoatings.com\/de\/","name":"Raptor Coatings","description":"","potentialAction":[{"@type":"SearchAction","target":{"@type":"EntryPoint","urlTemplate":"https:\/\/raptorcoatings.com\/de\/?s={search_term_string}"},"query-input":{"@type":"PropertyValueSpecification","valueRequired":true,"valueName":"search_term_string"}}],"inLanguage":"de"}]}},"_links":{"self":[{"href":"https:\/\/raptorcoatings.com\/de\/wp-json\/wp\/v2\/product\/9062","targetHints":{"allow":["GET"]}}],"collection":[{"href":"https:\/\/raptorcoatings.com\/de\/wp-json\/wp\/v2\/product"}],"about":[{"href":"https:\/\/raptorcoatings.com\/de\/wp-json\/wp\/v2\/types\/product"}],"wp:featuredmedia":[{"embeddable":true,"href":"https:\/\/raptorcoatings.com\/de\/wp-json\/wp\/v2\/media\/55713"}],"wp:attachment":[{"href":"https:\/\/raptorcoatings.com\/de\/wp-json\/wp\/v2\/media?parent=9062"}],"wp:term":[{"taxonomy":"product_brand","embeddable":true,"href":"https:\/\/raptorcoatings.com\/de\/wp-json\/wp\/v2\/product_brand?post=9062"},{"taxonomy":"product_cat","embeddable":true,"href":"https:\/\/raptorcoatings.com\/de\/wp-json\/wp\/v2\/product_cat?post=9062"},{"taxonomy":"product_tag","embeddable":true,"href":"https:\/\/raptorcoatings.com\/de\/wp-json\/wp\/v2\/product_tag?post=9062"}],"curies":[{"name":"wp","href":"https:\/\/api.w.org\/{rel}","templated":true}]}}