{"id":9024,"date":"2023-01-16T12:49:54","date_gmt":"2023-01-16T12:49:54","guid":{"rendered":"https:\/\/raptorcoatings.com\/product\/raptor-1k-truck-bed-coating-aerosols\/"},"modified":"2025-07-22T10:18:43","modified_gmt":"2025-07-22T10:18:43","slug":"raptor-1k-truck-bed-coating-aerosols","status":"publish","type":"product","link":"https:\/\/raptorcoatings.com\/de\/produkt\/raptor-1k-truck-bed-coating-aerosols\/","title":{"rendered":"Mehrzweck Schutz-Beschichtung 1K-Spraydose"},"content":{"rendered":"<p><div class=\"fusion-fullwidth fullwidth-box fusion-builder-row-1 fusion-flex-container has-pattern-background has-mask-background nonhundred-percent-fullwidth non-hundred-percent-height-scrolling\" style=\"--awb-border-radius-top-left:0px;--awb-border-radius-top-right:0px;--awb-border-radius-bottom-right:0px;--awb-border-radius-bottom-left:0px;--awb-padding-top:50px;--awb-padding-right:0px;--awb-padding-bottom:0px;--awb-padding-left:0px;--awb-flex-wrap:wrap;\" ><div class=\"fusion-builder-row fusion-row fusion-flex-align-items-flex-start fusion-flex-justify-content-flex-end fusion-flex-content-wrap\" style=\"max-width:calc( 1640px + 12px );margin-left: calc(-12px \/ 2 );margin-right: calc(-12px \/ 2 );\"><div class=\"fusion-layout-column fusion_builder_column fusion-builder-column-0 fusion_builder_column_1_1 1_1 fusion-flex-column\" style=\"--awb-bg-size:cover;--awb-width-large:100%;--awb-margin-top-large:0px;--awb-spacing-right-large:6px;--awb-margin-bottom-large:20px;--awb-spacing-left-large:6px;--awb-width-medium:100%;--awb-order-medium:0;--awb-spacing-right-medium:6px;--awb-spacing-left-medium:6px;--awb-width-small:100%;--awb-order-small:0;--awb-spacing-right-small:6px;--awb-spacing-left-small:6px;\"><div class=\"fusion-column-wrapper fusion-column-has-shadow fusion-flex-justify-content-flex-start fusion-content-layout-column\">\n<div class=\"table-1 productTable\">\n<table width=\"100%\">\n<thead>\n<tr>\n<th align=\"left\">Artikelnummer<\/th>\n<th align=\"left\">Gebindegr\u00f6\u00dfe<\/th>\n<th align=\"left\">Farbe<\/th>\n<th align=\"left\">VE<\/th>\n<th align=\"left\">Technisches Datenblatt<\/th>\n<th align=\"left\">Sicherheitsdatenblatt<\/th>\n<\/tr>\n<\/thead>\n<tbody>\n<tr>\n<td align=\"left\">RMUB<\/td>\n<td align=\"left\">Spraydose 450mL<\/td>\n<td align=\"left\">Schwarz<\/td>\n<td align=\"left\">6<\/td>\n<td align=\"left\"><a href=\"https:\/\/raptorcoatings.com\/wp-content\/uploads\/RMUBAL-R-TDS-DE.pdf\" target=\"_blank\" rel=\"noopener\">RMUB-TDS<\/a><\/td>\n<td align=\"left\"><a href=\"https:\/\/use-qa-inf-apiacs.azure-api.net\/publishedsds\/item\/32467\" target=\"_blank\" rel=\"noopener\">RMUB-SDS<\/a><\/td>\n<\/tr>\n<tr>\n<td align=\"left\">RMUW<\/td>\n<td align=\"left\">Spraydose 450mL<\/td>\n<td align=\"left\">Wei\u00df<\/td>\n<td align=\"left\">6<\/td>\n<td align=\"left\"><a href=\"https:\/\/raptorcoatings.com\/wp-content\/uploads\/RMUWAL-R-TDS-DE.pdf\">RMUW-TDS<\/a><\/td>\n<td align=\"left\"><a href=\"https:\/\/use-qa-inf-apiacs.azure-api.net\/publishedsds\/item\/32809\">RMUW-SDS<\/a><\/td>\n<\/tr>\n<\/tbody>\n<\/table>\n<\/div>\n<div class=\"fusion-text fusion-text-1 fusion-no-medium-visibility fusion-no-large-visibility\"><p style=\"text-align: center;\"><span style=\"color: #ffffff; font-size: 16px;\"><strong>Swipe table<\/strong><\/span> <i class=\"fb-icon-element-1 fb-icon-element fontawesome-icon fa-hand-pointer fas circle-no fusion-text-flow\" style=\"--awb-font-size:20px;--awb-margin-right:10px;\"><\/i><\/p>\n<\/div>\n<div class=\"fusion-text fusion-text-2\"><\/div><div class=\"fusion-text fusion-text-3\"><\/div><\/div><\/div><\/div><\/div><div class=\"fusion-fullwidth fullwidth-box fusion-builder-row-2 fusion-flex-container has-pattern-background has-mask-background nonhundred-percent-fullwidth non-hundred-percent-height-scrolling\" style=\"--awb-border-radius-top-left:0px;--awb-border-radius-top-right:0px;--awb-border-radius-bottom-right:0px;--awb-border-radius-bottom-left:0px;--awb-flex-wrap:wrap;\" ><div class=\"fusion-builder-row fusion-row fusion-flex-align-items-flex-start fusion-flex-content-wrap\" style=\"max-width:calc( 1640px + 12px );margin-left: calc(-12px \/ 2 );margin-right: calc(-12px \/ 2 );\"><div class=\"fusion-layout-column fusion_builder_column fusion-builder-column-1 fusion_builder_column_1_5 1_5 fusion-flex-column\" style=\"--awb-bg-size:cover;--awb-width-large:20%;--awb-margin-top-large:0px;--awb-spacing-right-large:6px;--awb-margin-bottom-large:20px;--awb-spacing-left-large:6px;--awb-width-medium:20%;--awb-order-medium:0;--awb-spacing-right-medium:6px;--awb-spacing-left-medium:6px;--awb-width-small:100%;--awb-order-small:0;--awb-spacing-right-small:6px;--awb-spacing-left-small:6px;\"><div class=\"fusion-column-wrapper fusion-column-has-shadow fusion-flex-justify-content-flex-start fusion-content-layout-column\"><\/div><\/div><\/div><\/div><\/p>\n","protected":false},"excerpt":{"rendered":"<p>RAPTOR Mehrzweck Schutz-Beschichtung ist ein einfach zu verwendender 1K Schutzlack in der Spraydose, der eine dauerhafte, abriebfeste Oberfl\u00e4che mit hervorragender Haftung auf einer Vielzahl von Materialien bietet. Ideal f\u00fcr den Schutz vieler Oberfl\u00e4chen und Gegenst\u00e4nde rund um Haus und Garten.<\/p>\n<p>\u2022 Oberfl\u00e4che mit Struktur<br \/>\n\u2022 Langlebig und wasserbest\u00e4ndig, verhindert Korrosion<br \/>\n\u2022 UV-best\u00e4ndig, verhindert das Ausbleichen durch die Sonne<br \/>\n\u2022 Hervorragende Haftung auf vorbereitetem Metall, Aluminium, Glasfaser, Kunststoff und Holz<br \/>\n\u2022 Einfach zu verwenden<br \/>\n\u2022 Ideal f\u00fcr den Heimwerkerbedarf<\/p>\n<p>&nbsp;<\/p>\n","protected":false},"featured_media":21452,"template":"","meta":[],"product_brand":[],"product_cat":[624,598,202,225],"product_tag":[662,642],"class_list":{"0":"post-9024","1":"product","2":"type-product","3":"status-publish","4":"has-post-thumbnail","6":"product_cat-coatings-de","7":"product_cat-product-de","8":"product_cat-raptor-de","9":"product_cat-raptor-schutzlackierung-robuste-und-toenbare","10":"product_tag-coatings-de","11":"product_tag-de","13":"first","14":"instock","15":"shipping-taxable","16":"product-type-simple"},"gallery_images":[21452],"yoast_head":"<!-- This site is optimized with the Yoast SEO plugin v27.1.1 - https:\/\/yoast.com\/product\/yoast-seo-wordpress\/ -->\n<title>Mehrzweck Schutz-Beschichtung 1K-Spraydose - Raptortough<\/title>\n<meta name=\"description\" content=\"The convenient RAPTOR 2K Bedliner Aerosol offers a fast, easy way to apply RAPTOR without compromising performance, no spray equipment necessary.\" \/>\n<meta name=\"robots\" content=\"index, follow, max-snippet:-1, max-image-preview:large, max-video-preview:-1\" \/>\n<link rel=\"canonical\" href=\"https:\/\/raptorcoatings.com\/de\/produkt\/raptor-1k-truck-bed-coating-aerosols\/\" \/>\n<meta property=\"og:locale\" content=\"de_DE\" \/>\n<meta property=\"og:type\" content=\"article\" \/>\n<meta property=\"og:title\" content=\"Mehrzweck Schutz-Beschichtung 1K-Spraydose - Raptortough\" \/>\n<meta property=\"og:description\" content=\"The convenient RAPTOR 2K Bedliner Aerosol offers a fast, easy way to apply RAPTOR without compromising performance, no spray equipment necessary.\" \/>\n<meta property=\"og:url\" content=\"https:\/\/raptorcoatings.com\/de\/produkt\/raptor-1k-truck-bed-coating-aerosols\/\" \/>\n<meta property=\"og:site_name\" content=\"Raptortough\" \/>\n<meta property=\"article:modified_time\" content=\"2025-07-22T10:18:43+00:00\" \/>\n<meta property=\"og:image\" content=\"https:\/\/raptorcoatings.com\/wp-content\/uploads\/Multi-Use-1K.jpg\" \/>\n\t<meta property=\"og:image:width\" content=\"1476\" \/>\n\t<meta property=\"og:image:height\" content=\"1500\" \/>\n\t<meta property=\"og:image:type\" content=\"image\/jpeg\" \/>\n<meta name=\"twitter:card\" content=\"summary_large_image\" \/>\n<meta name=\"twitter:label1\" content=\"Gesch\u00e4tzte Lesezeit\" \/>\n\t<meta name=\"twitter:data1\" content=\"1\u00a0Minute\" \/>\n<script type=\"application\/ld+json\" class=\"yoast-schema-graph\">{\"@context\":\"https:\/\/schema.org\",\"@graph\":[{\"@type\":\"WebPage\",\"@id\":\"https:\/\/raptorcoatings.com\/de\/produkt\/raptor-1k-truck-bed-coating-aerosols\/\",\"url\":\"https:\/\/raptorcoatings.com\/de\/produkt\/raptor-1k-truck-bed-coating-aerosols\/\",\"name\":\"Mehrzweck Schutz-Beschichtung 1K-Spraydose - Raptortough\",\"isPartOf\":{\"@id\":\"https:\/\/raptorcoatings.com\/de\/#website\"},\"primaryImageOfPage\":{\"@id\":\"https:\/\/raptorcoatings.com\/de\/produkt\/raptor-1k-truck-bed-coating-aerosols\/#primaryimage\"},\"image\":{\"@id\":\"https:\/\/raptorcoatings.com\/de\/produkt\/raptor-1k-truck-bed-coating-aerosols\/#primaryimage\"},\"thumbnailUrl\":\"https:\/\/raptorcoatings.com\/wp-content\/uploads\/Multi-Use-1K.jpg\",\"datePublished\":\"2023-01-16T12:49:54+00:00\",\"dateModified\":\"2025-07-22T10:18:43+00:00\",\"description\":\"The convenient RAPTOR 2K Bedliner Aerosol offers a fast, easy way to apply RAPTOR without compromising performance, no spray equipment necessary.\",\"breadcrumb\":{\"@id\":\"https:\/\/raptorcoatings.com\/de\/produkt\/raptor-1k-truck-bed-coating-aerosols\/#breadcrumb\"},\"inLanguage\":\"de\",\"potentialAction\":[{\"@type\":\"ReadAction\",\"target\":[\"https:\/\/raptorcoatings.com\/de\/produkt\/raptor-1k-truck-bed-coating-aerosols\/\"]}]},{\"@type\":\"ImageObject\",\"inLanguage\":\"de\",\"@id\":\"https:\/\/raptorcoatings.com\/de\/produkt\/raptor-1k-truck-bed-coating-aerosols\/#primaryimage\",\"url\":\"https:\/\/raptorcoatings.com\/wp-content\/uploads\/Multi-Use-1K.jpg\",\"contentUrl\":\"https:\/\/raptorcoatings.com\/wp-content\/uploads\/Multi-Use-1K.jpg\",\"width\":1476,\"height\":1500,\"caption\":\"Multi Use Protective Coating\"},{\"@type\":\"BreadcrumbList\",\"@id\":\"https:\/\/raptorcoatings.com\/de\/produkt\/raptor-1k-truck-bed-coating-aerosols\/#breadcrumb\",\"itemListElement\":[{\"@type\":\"ListItem\",\"position\":1,\"name\":\"Home\",\"item\":\"https:\/\/raptorcoatings.com\/de\/\"},{\"@type\":\"ListItem\",\"position\":2,\"name\":\"Produkte\",\"item\":\"https:\/\/raptorcoatings.com\/de\/produkte\/\"},{\"@type\":\"ListItem\",\"position\":3,\"name\":\"Mehrzweck Schutz-Beschichtung 1K-Spraydose\"}]},{\"@type\":\"WebSite\",\"@id\":\"https:\/\/raptorcoatings.com\/de\/#website\",\"url\":\"https:\/\/raptorcoatings.com\/de\/\",\"name\":\"Raptor Coatings\",\"description\":\"\",\"potentialAction\":[{\"@type\":\"SearchAction\",\"target\":{\"@type\":\"EntryPoint\",\"urlTemplate\":\"https:\/\/raptorcoatings.com\/de\/?s={search_term_string}\"},\"query-input\":{\"@type\":\"PropertyValueSpecification\",\"valueRequired\":true,\"valueName\":\"search_term_string\"}}],\"inLanguage\":\"de\"}]}<\/script>\n<!-- \/ Yoast SEO plugin. -->","yoast_head_json":{"title":"Mehrzweck Schutz-Beschichtung 1K-Spraydose - Raptortough","description":"The convenient RAPTOR 2K Bedliner Aerosol offers a fast, easy way to apply RAPTOR without compromising performance, no spray equipment necessary.","robots":{"index":"index","follow":"follow","max-snippet":"max-snippet:-1","max-image-preview":"max-image-preview:large","max-video-preview":"max-video-preview:-1"},"canonical":"https:\/\/raptorcoatings.com\/de\/produkt\/raptor-1k-truck-bed-coating-aerosols\/","og_locale":"de_DE","og_type":"article","og_title":"Mehrzweck Schutz-Beschichtung 1K-Spraydose - Raptortough","og_description":"The convenient RAPTOR 2K Bedliner Aerosol offers a fast, easy way to apply RAPTOR without compromising performance, no spray equipment necessary.","og_url":"https:\/\/raptorcoatings.com\/de\/produkt\/raptor-1k-truck-bed-coating-aerosols\/","og_site_name":"Raptortough","article_modified_time":"2025-07-22T10:18:43+00:00","og_image":[{"width":1476,"height":1500,"url":"https:\/\/raptorcoatings.com\/wp-content\/uploads\/Multi-Use-1K.jpg","type":"image\/jpeg"}],"twitter_card":"summary_large_image","twitter_misc":{"Gesch\u00e4tzte Lesezeit":"1\u00a0Minute"},"schema":{"@context":"https:\/\/schema.org","@graph":[{"@type":"WebPage","@id":"https:\/\/raptorcoatings.com\/de\/produkt\/raptor-1k-truck-bed-coating-aerosols\/","url":"https:\/\/raptorcoatings.com\/de\/produkt\/raptor-1k-truck-bed-coating-aerosols\/","name":"Mehrzweck Schutz-Beschichtung 1K-Spraydose - Raptortough","isPartOf":{"@id":"https:\/\/raptorcoatings.com\/de\/#website"},"primaryImageOfPage":{"@id":"https:\/\/raptorcoatings.com\/de\/produkt\/raptor-1k-truck-bed-coating-aerosols\/#primaryimage"},"image":{"@id":"https:\/\/raptorcoatings.com\/de\/produkt\/raptor-1k-truck-bed-coating-aerosols\/#primaryimage"},"thumbnailUrl":"https:\/\/raptorcoatings.com\/wp-content\/uploads\/Multi-Use-1K.jpg","datePublished":"2023-01-16T12:49:54+00:00","dateModified":"2025-07-22T10:18:43+00:00","description":"The convenient RAPTOR 2K Bedliner Aerosol offers a fast, easy way to apply RAPTOR without compromising performance, no spray equipment necessary.","breadcrumb":{"@id":"https:\/\/raptorcoatings.com\/de\/produkt\/raptor-1k-truck-bed-coating-aerosols\/#breadcrumb"},"inLanguage":"de","potentialAction":[{"@type":"ReadAction","target":["https:\/\/raptorcoatings.com\/de\/produkt\/raptor-1k-truck-bed-coating-aerosols\/"]}]},{"@type":"ImageObject","inLanguage":"de","@id":"https:\/\/raptorcoatings.com\/de\/produkt\/raptor-1k-truck-bed-coating-aerosols\/#primaryimage","url":"https:\/\/raptorcoatings.com\/wp-content\/uploads\/Multi-Use-1K.jpg","contentUrl":"https:\/\/raptorcoatings.com\/wp-content\/uploads\/Multi-Use-1K.jpg","width":1476,"height":1500,"caption":"Multi Use Protective Coating"},{"@type":"BreadcrumbList","@id":"https:\/\/raptorcoatings.com\/de\/produkt\/raptor-1k-truck-bed-coating-aerosols\/#breadcrumb","itemListElement":[{"@type":"ListItem","position":1,"name":"Home","item":"https:\/\/raptorcoatings.com\/de\/"},{"@type":"ListItem","position":2,"name":"Produkte","item":"https:\/\/raptorcoatings.com\/de\/produkte\/"},{"@type":"ListItem","position":3,"name":"Mehrzweck Schutz-Beschichtung 1K-Spraydose"}]},{"@type":"WebSite","@id":"https:\/\/raptorcoatings.com\/de\/#website","url":"https:\/\/raptorcoatings.com\/de\/","name":"Raptor Coatings","description":"","potentialAction":[{"@type":"SearchAction","target":{"@type":"EntryPoint","urlTemplate":"https:\/\/raptorcoatings.com\/de\/?s={search_term_string}"},"query-input":{"@type":"PropertyValueSpecification","valueRequired":true,"valueName":"search_term_string"}}],"inLanguage":"de"}]}},"_links":{"self":[{"href":"https:\/\/raptorcoatings.com\/de\/wp-json\/wp\/v2\/product\/9024","targetHints":{"allow":["GET"]}}],"collection":[{"href":"https:\/\/raptorcoatings.com\/de\/wp-json\/wp\/v2\/product"}],"about":[{"href":"https:\/\/raptorcoatings.com\/de\/wp-json\/wp\/v2\/types\/product"}],"wp:featuredmedia":[{"embeddable":true,"href":"https:\/\/raptorcoatings.com\/de\/wp-json\/wp\/v2\/media\/21452"}],"wp:attachment":[{"href":"https:\/\/raptorcoatings.com\/de\/wp-json\/wp\/v2\/media?parent=9024"}],"wp:term":[{"taxonomy":"product_brand","embeddable":true,"href":"https:\/\/raptorcoatings.com\/de\/wp-json\/wp\/v2\/product_brand?post=9024"},{"taxonomy":"product_cat","embeddable":true,"href":"https:\/\/raptorcoatings.com\/de\/wp-json\/wp\/v2\/product_cat?post=9024"},{"taxonomy":"product_tag","embeddable":true,"href":"https:\/\/raptorcoatings.com\/de\/wp-json\/wp\/v2\/product_tag?post=9024"}],"curies":[{"name":"wp","href":"https:\/\/api.w.org\/{rel}","templated":true}]}}