{"id":47438,"date":"2024-08-27T10:56:50","date_gmt":"2024-08-27T10:56:50","guid":{"rendered":"https:\/\/raptorcoatings.com\/?post_type=product&#038;p=47438"},"modified":"2025-10-21T11:47:52","modified_gmt":"2025-10-21T11:47:52","slug":"raptor-bremssattellack","status":"publish","type":"product","link":"https:\/\/raptorcoatings.com\/de\/produkt\/raptor-bremssattellack\/","title":{"rendered":"RAPTOR BREMSSATTELLACK"},"content":{"rendered":"<div class=\"fusion-fullwidth fullwidth-box fusion-builder-row-1 fusion-flex-container has-pattern-background has-mask-background nonhundred-percent-fullwidth non-hundred-percent-height-scrolling\" style=\"--awb-border-radius-top-left:0px;--awb-border-radius-top-right:0px;--awb-border-radius-bottom-right:0px;--awb-border-radius-bottom-left:0px;--awb-padding-top:50px;--awb-padding-right:0px;--awb-padding-bottom:0px;--awb-padding-left:0px;--awb-flex-wrap:wrap;\" ><div class=\"fusion-builder-row fusion-row fusion-flex-align-items-flex-start fusion-flex-justify-content-flex-end fusion-flex-content-wrap\" style=\"max-width:calc( 1640px + 12px );margin-left: calc(-12px \/ 2 );margin-right: calc(-12px \/ 2 );\"><div class=\"fusion-layout-column fusion_builder_column fusion-builder-column-0 fusion_builder_column_1_1 1_1 fusion-flex-column\" style=\"--awb-bg-size:cover;--awb-width-large:100%;--awb-margin-top-large:0px;--awb-spacing-right-large:6px;--awb-margin-bottom-large:20px;--awb-spacing-left-large:6px;--awb-width-medium:100%;--awb-order-medium:0;--awb-spacing-right-medium:6px;--awb-spacing-left-medium:6px;--awb-width-small:100%;--awb-order-small:0;--awb-spacing-right-small:6px;--awb-spacing-left-small:6px;\"><div class=\"fusion-column-wrapper fusion-column-has-shadow fusion-flex-justify-content-flex-start fusion-content-layout-column\"><div class=\"fusion-builder-row fusion-builder-row-inner fusion-row fusion-flex-align-items-flex-start fusion-flex-justify-content-flex-end fusion-flex-content-wrap\" style=\"width:calc( 100% + 12px ) !important;max-width:calc( 100% + 12px ) !important;margin-left: calc(-12px \/ 2 );margin-right: calc(-12px \/ 2 );\"><div class=\"fusion-layout-column fusion_builder_column_inner fusion-builder-nested-column-0 fusion_builder_column_inner_1_2 1_2 fusion-flex-column\" style=\"--awb-bg-size:cover;--awb-width-large:50%;--awb-margin-top-large:0px;--awb-spacing-right-large:6px;--awb-margin-bottom-large:20px;--awb-spacing-left-large:6px;--awb-width-medium:50%;--awb-order-medium:0;--awb-spacing-right-medium:6px;--awb-spacing-left-medium:6px;--awb-width-small:100%;--awb-order-small:0;--awb-spacing-right-small:6px;--awb-spacing-left-small:6px;\"><div class=\"fusion-column-wrapper fusion-column-has-shadow fusion-flex-justify-content-flex-start fusion-content-layout-column\"><div style=\"text-align:right;\"><a class=\"fusion-button button-flat fusion-button-default-size button-default fusion-button-default button-1 fusion-button-default-span fusion-button-default-type\" target=\"_self\" href=\"https:\/\/www.lackmix.de\/Raptor-feuerfeste-hitzebestaendige-Thermo-Lack-Spraydosen-Farbe-U-Pol\"><span class=\"fusion-button-text awb-button__text awb-button__text--default\">JETZT BEI LACKMIX SHOPPEN<\/span><\/a><\/div><\/div><\/div><div class=\"fusion-layout-column fusion_builder_column_inner fusion-builder-nested-column-1 fusion_builder_column_inner_1_2 1_2 fusion-flex-column\" style=\"--awb-bg-size:cover;--awb-width-large:50%;--awb-margin-top-large:0px;--awb-spacing-right-large:6px;--awb-margin-bottom-large:20px;--awb-spacing-left-large:6px;--awb-width-medium:50%;--awb-order-medium:0;--awb-spacing-right-medium:6px;--awb-spacing-left-medium:6px;--awb-width-small:100%;--awb-order-small:0;--awb-spacing-right-small:6px;--awb-spacing-left-small:6px;\"><div class=\"fusion-column-wrapper fusion-column-has-shadow fusion-flex-justify-content-flex-start fusion-content-layout-column\"><div style=\"text-align:left;\"><a class=\"fusion-button button-flat fusion-button-default-size button-default fusion-button-default button-2 fusion-button-default-span fusion-button-default-type\" target=\"_self\" href=\"https:\/\/www.toplac.de\/raptor-high-heat\"><span class=\"fusion-button-text awb-button__text awb-button__text--default\">JETZT BEI TOPLAC EINKAUFEN<\/span><\/a><\/div><\/div><\/div><\/div>\n<div class=\"table-1 productTable\">\n<table width=\"100%\">\n<thead>\n<tr>\n<th align=\"left\">Artikelnummer<\/th>\n<th align=\"left\">Gebindegr\u00f6\u00dfe<\/th>\n<th align=\"left\">Farbe<\/th>\n<th align=\"left\">VE<\/th>\n<th align=\"left\">Technisches Datenblatt<\/th>\n<th align=\"left\">Sicherheitsdatenblatt<\/th>\n<\/tr>\n<\/thead>\n<tbody>\n<tr>\n<td align=\"left\">RCESB\/AL<\/td>\n<td align=\"left\">Spraydose 360ml (295g)<\/td>\n<td align=\"left\">Satin-schwarz<\/td>\n<td align=\"left\">12<\/td>\n<td align=\"left\"><a href=\"https:\/\/raptorcoatings.com\/wp-content\/uploads\/RAPTOR-Caliper-Enamel-Aerosol-TDS-DE.pdf\">RCESB-TDS-DE<\/a><\/td>\n<td align=\"left\"><a href=\"https:\/\/raptorcoatings.com\/wp-content\/uploads\/SDS_RCESBAL_RPTR_DE_de-2.pdf\">RCESB-SDS-DE<\/a><\/td>\n<\/tr>\n<tr>\n<td align=\"left\">RCERR\/AL<\/td>\n<td align=\"left\">Spraydose 357ml (295g)<\/td>\n<td align=\"left\">Echt-rot<\/td>\n<td align=\"left\">12<\/td>\n<td align=\"left\"><a href=\"https:\/\/raptorcoatings.com\/wp-content\/uploads\/RAPTOR-Caliper-Enamel-Aerosol-TDS-DE.pdf\">RCERR-TDS-DE<\/a><\/td>\n<td align=\"left\"><a href=\"https:\/\/use-qa-inf-apiacs.azure-api.net\/publishedsds\/item\/32496\">RCERR-SDS-DE<\/a><\/td>\n<\/tr>\n<\/tbody>\n<\/table>\n<\/div>\n<div class=\"fusion-text fusion-text-1 fusion-no-medium-visibility fusion-no-large-visibility\"><p style=\"text-align: center;\"><span style=\"color: #ffffff; font-size: 16px;\"><strong>Swipe table<\/strong><\/span> <i class=\"fb-icon-element-1 fb-icon-element fontawesome-icon fa-hand-pointer fas circle-no fusion-text-flow\" style=\"--awb-font-size:20px;--awb-margin-right:10px;\"><\/i><\/p>\n<\/div>\n<div class=\"fusion-text fusion-text-2\"><\/div><\/div><\/div><\/div><\/div>\n","protected":false},"excerpt":{"rendered":"<p>Ein Lack in professioneller Qualit\u00e4t, ideal zum Anpassen und Verl\u00e4ngern der Lebensdauer von Bremss\u00e4tteln. RAPTOR Bremssattellack enth\u00e4lt Keramikharze, die Temperaturen bis zu 500\u00b0C widerstehen und 5x widerstandsf\u00e4higer als gew\u00f6hnliche Lacke sind, um hervorragenden Schutz vor St\u00f6\u00dfen, Hitze, Bremsstaub, Autofl\u00fcssigkeiten und Korrosion zu bieten. Es ist einfach zu verwenden und trocknet schnell. Es ergibt ein attraktives, glattes Finish mit hervorragender Haftung, das keine Blasen, Abplatzungen, Risse oder Abbl\u00e4tterungen bildet. Es ist au\u00dferdem selbstgrundierend und kann daher direkt auf den meisten vorbereiteten Metallen verwendet werden, ohne dass eine Grundierung erforderlich ist.<\/p>\n<p>\u2022 Fortschrittliche Keramiktechnologie \u2013 hitzebest\u00e4ndig bis 500\u00b0C<br \/>\n\u2022 Erzielt Hochglanzoberfl\u00e4che<br \/>\n\u2022 Hervorragende Korrosionsbest\u00e4ndigkeit<br \/>\n\u2022 5x widerstandsf\u00e4higer als gew\u00f6hnliche Lacke<br \/>\n\u2022 Direkt auf Metall \u2013 keine Grundierung erforderlich<br \/>\n\u2022 Verstopfungsfreie Punktd\u00fcse \u2013 ideal zum Beschichten von Bremss\u00e4tteln<\/p>\n<p><img decoding=\"async\" class=\"alignnone wp-image-78563 size-fusion-200\" src=\"https:\/\/raptorcoatings.com\/wp-content\/uploads\/1200x675_Axalta_Axcess_logo-200x113.png\" alt=\"\" width=\"200\" height=\"113\" srcset=\"https:\/\/raptorcoatings.com\/wp-content\/uploads\/1200x675_Axalta_Axcess_logo-192x108.png 192w, https:\/\/raptorcoatings.com\/wp-content\/uploads\/1200x675_Axalta_Axcess_logo-200x113.png 200w, https:\/\/raptorcoatings.com\/wp-content\/uploads\/1200x675_Axalta_Axcess_logo-400x225.png 400w, https:\/\/raptorcoatings.com\/wp-content\/uploads\/1200x675_Axalta_Axcess_logo-500x281.png 500w, https:\/\/raptorcoatings.com\/wp-content\/uploads\/1200x675_Axalta_Axcess_logo-600x338.png 600w, https:\/\/raptorcoatings.com\/wp-content\/uploads\/1200x675_Axalta_Axcess_logo-768x432.png 768w, https:\/\/raptorcoatings.com\/wp-content\/uploads\/1200x675_Axalta_Axcess_logo-800x450.png 800w, https:\/\/raptorcoatings.com\/wp-content\/uploads\/1200x675_Axalta_Axcess_logo.png 1200w\" sizes=\"(max-width: 200px) 100vw, 200px\" \/><\/p>\n<p>*Axalta partners can purchase U-Pol products directly from Axalta Axcess<\/p>\n","protected":false},"featured_media":77062,"template":"","meta":[],"product_brand":[],"product_cat":[1091,202],"product_tag":[1101,1093],"class_list":{"0":"post-47438","1":"product","2":"type-product","3":"status-publish","4":"has-post-thumbnail","6":"product_cat-high-heat-de","7":"product_cat-raptor-de","8":"product_tag-high-heat-de","9":"product_tag-uk-de","11":"first","12":"instock","13":"shipping-taxable","14":"product-type-simple"},"gallery_images":[46150],"yoast_head":"<!-- This site is optimized with the Yoast SEO plugin v27.1.1 - https:\/\/yoast.com\/product\/yoast-seo-wordpress\/ -->\n<title>RAPTOR BREMSSATTELLACK - Raptortough<\/title>\n<meta name=\"robots\" content=\"index, follow, max-snippet:-1, max-image-preview:large, max-video-preview:-1\" \/>\n<link rel=\"canonical\" href=\"https:\/\/raptorcoatings.com\/de\/produkt\/raptor-bremssattellack\/\" \/>\n<meta property=\"og:locale\" content=\"de_DE\" \/>\n<meta property=\"og:type\" content=\"article\" \/>\n<meta property=\"og:title\" content=\"RAPTOR BREMSSATTELLACK - Raptortough\" \/>\n<meta property=\"og:description\" content=\"Ein Lack in professioneller Qualit\u00e4t, ideal zum Anpassen und Verl\u00e4ngern der Lebensdauer von Bremss\u00e4tteln. RAPTOR Bremssattellack enth\u00e4lt Keramikharze, die Temperaturen bis zu 500\u00b0C widerstehen und 5x widerstandsf\u00e4higer als gew\u00f6hnliche Lacke sind, um hervorragenden Schutz vor St\u00f6\u00dfen, Hitze, Bremsstaub, Autofl\u00fcssigkeiten und Korrosion zu bieten. Es ist einfach zu verwenden und trocknet schnell. Es ergibt ein attraktives, glattes Finish mit hervorragender Haftung, das keine Blasen, Abplatzungen, Risse oder Abbl\u00e4tterungen bildet. Es ist au\u00dferdem selbstgrundierend und kann daher direkt auf den meisten vorbereiteten Metallen verwendet werden, ohne dass eine Grundierung erforderlich ist.  \u2022 Fortschrittliche Keramiktechnologie \u2013 hitzebest\u00e4ndig bis 500\u00b0C \u2022 Erzielt Hochglanzoberfl\u00e4che \u2022 Hervorragende Korrosionsbest\u00e4ndigkeit \u2022 5x widerstandsf\u00e4higer als gew\u00f6hnliche Lacke \u2022 Direkt auf Metall \u2013 keine Grundierung erforderlich \u2022 Verstopfungsfreie Punktd\u00fcse \u2013 ideal zum Beschichten von Bremss\u00e4tteln    *Axalta partners can purchase U-Pol products directly from Axalta Axcess\" \/>\n<meta property=\"og:url\" content=\"https:\/\/raptorcoatings.com\/de\/produkt\/raptor-bremssattellack\/\" \/>\n<meta property=\"og:site_name\" content=\"Raptortough\" \/>\n<meta property=\"article:modified_time\" content=\"2025-10-21T11:47:52+00:00\" \/>\n<meta property=\"og:image\" content=\"https:\/\/raptorcoatings.com\/wp-content\/uploads\/Caliper-Enamel.png\" \/>\n\t<meta property=\"og:image:width\" content=\"1200\" \/>\n\t<meta property=\"og:image:height\" content=\"1200\" \/>\n\t<meta property=\"og:image:type\" content=\"image\/png\" \/>\n<meta name=\"twitter:card\" content=\"summary_large_image\" \/>\n<meta name=\"twitter:label1\" content=\"Gesch\u00e4tzte Lesezeit\" \/>\n\t<meta name=\"twitter:data1\" content=\"1\u00a0Minute\" \/>\n<script type=\"application\/ld+json\" class=\"yoast-schema-graph\">{\"@context\":\"https:\/\/schema.org\",\"@graph\":[{\"@type\":\"WebPage\",\"@id\":\"https:\/\/raptorcoatings.com\/de\/produkt\/raptor-bremssattellack\/\",\"url\":\"https:\/\/raptorcoatings.com\/de\/produkt\/raptor-bremssattellack\/\",\"name\":\"RAPTOR BREMSSATTELLACK - Raptortough\",\"isPartOf\":{\"@id\":\"https:\/\/raptorcoatings.com\/de\/#website\"},\"primaryImageOfPage\":{\"@id\":\"https:\/\/raptorcoatings.com\/de\/produkt\/raptor-bremssattellack\/#primaryimage\"},\"image\":{\"@id\":\"https:\/\/raptorcoatings.com\/de\/produkt\/raptor-bremssattellack\/#primaryimage\"},\"thumbnailUrl\":\"https:\/\/raptorcoatings.com\/wp-content\/uploads\/Caliper-Enamel.png\",\"datePublished\":\"2024-08-27T10:56:50+00:00\",\"dateModified\":\"2025-10-21T11:47:52+00:00\",\"breadcrumb\":{\"@id\":\"https:\/\/raptorcoatings.com\/de\/produkt\/raptor-bremssattellack\/#breadcrumb\"},\"inLanguage\":\"de\",\"potentialAction\":[{\"@type\":\"ReadAction\",\"target\":[\"https:\/\/raptorcoatings.com\/de\/produkt\/raptor-bremssattellack\/\"]}]},{\"@type\":\"ImageObject\",\"inLanguage\":\"de\",\"@id\":\"https:\/\/raptorcoatings.com\/de\/produkt\/raptor-bremssattellack\/#primaryimage\",\"url\":\"https:\/\/raptorcoatings.com\/wp-content\/uploads\/Caliper-Enamel.png\",\"contentUrl\":\"https:\/\/raptorcoatings.com\/wp-content\/uploads\/Caliper-Enamel.png\",\"width\":1200,\"height\":1200},{\"@type\":\"BreadcrumbList\",\"@id\":\"https:\/\/raptorcoatings.com\/de\/produkt\/raptor-bremssattellack\/#breadcrumb\",\"itemListElement\":[{\"@type\":\"ListItem\",\"position\":1,\"name\":\"Home\",\"item\":\"https:\/\/raptorcoatings.com\/de\/\"},{\"@type\":\"ListItem\",\"position\":2,\"name\":\"Produkte\",\"item\":\"https:\/\/raptorcoatings.com\/de\/produkte\/\"},{\"@type\":\"ListItem\",\"position\":3,\"name\":\"RAPTOR BREMSSATTELLACK\"}]},{\"@type\":\"WebSite\",\"@id\":\"https:\/\/raptorcoatings.com\/de\/#website\",\"url\":\"https:\/\/raptorcoatings.com\/de\/\",\"name\":\"Raptor Coatings\",\"description\":\"\",\"potentialAction\":[{\"@type\":\"SearchAction\",\"target\":{\"@type\":\"EntryPoint\",\"urlTemplate\":\"https:\/\/raptorcoatings.com\/de\/?s={search_term_string}\"},\"query-input\":{\"@type\":\"PropertyValueSpecification\",\"valueRequired\":true,\"valueName\":\"search_term_string\"}}],\"inLanguage\":\"de\"}]}<\/script>\n<!-- \/ Yoast SEO plugin. -->","yoast_head_json":{"title":"RAPTOR BREMSSATTELLACK - Raptortough","robots":{"index":"index","follow":"follow","max-snippet":"max-snippet:-1","max-image-preview":"max-image-preview:large","max-video-preview":"max-video-preview:-1"},"canonical":"https:\/\/raptorcoatings.com\/de\/produkt\/raptor-bremssattellack\/","og_locale":"de_DE","og_type":"article","og_title":"RAPTOR BREMSSATTELLACK - Raptortough","og_description":"Ein Lack in professioneller Qualit\u00e4t, ideal zum Anpassen und Verl\u00e4ngern der Lebensdauer von Bremss\u00e4tteln. RAPTOR Bremssattellack enth\u00e4lt Keramikharze, die Temperaturen bis zu 500\u00b0C widerstehen und 5x widerstandsf\u00e4higer als gew\u00f6hnliche Lacke sind, um hervorragenden Schutz vor St\u00f6\u00dfen, Hitze, Bremsstaub, Autofl\u00fcssigkeiten und Korrosion zu bieten. Es ist einfach zu verwenden und trocknet schnell. Es ergibt ein attraktives, glattes Finish mit hervorragender Haftung, das keine Blasen, Abplatzungen, Risse oder Abbl\u00e4tterungen bildet. Es ist au\u00dferdem selbstgrundierend und kann daher direkt auf den meisten vorbereiteten Metallen verwendet werden, ohne dass eine Grundierung erforderlich ist.  \u2022 Fortschrittliche Keramiktechnologie \u2013 hitzebest\u00e4ndig bis 500\u00b0C \u2022 Erzielt Hochglanzoberfl\u00e4che \u2022 Hervorragende Korrosionsbest\u00e4ndigkeit \u2022 5x widerstandsf\u00e4higer als gew\u00f6hnliche Lacke \u2022 Direkt auf Metall \u2013 keine Grundierung erforderlich \u2022 Verstopfungsfreie Punktd\u00fcse \u2013 ideal zum Beschichten von Bremss\u00e4tteln    *Axalta partners can purchase U-Pol products directly from Axalta Axcess","og_url":"https:\/\/raptorcoatings.com\/de\/produkt\/raptor-bremssattellack\/","og_site_name":"Raptortough","article_modified_time":"2025-10-21T11:47:52+00:00","og_image":[{"width":1200,"height":1200,"url":"https:\/\/raptorcoatings.com\/wp-content\/uploads\/Caliper-Enamel.png","type":"image\/png"}],"twitter_card":"summary_large_image","twitter_misc":{"Gesch\u00e4tzte Lesezeit":"1\u00a0Minute"},"schema":{"@context":"https:\/\/schema.org","@graph":[{"@type":"WebPage","@id":"https:\/\/raptorcoatings.com\/de\/produkt\/raptor-bremssattellack\/","url":"https:\/\/raptorcoatings.com\/de\/produkt\/raptor-bremssattellack\/","name":"RAPTOR BREMSSATTELLACK - Raptortough","isPartOf":{"@id":"https:\/\/raptorcoatings.com\/de\/#website"},"primaryImageOfPage":{"@id":"https:\/\/raptorcoatings.com\/de\/produkt\/raptor-bremssattellack\/#primaryimage"},"image":{"@id":"https:\/\/raptorcoatings.com\/de\/produkt\/raptor-bremssattellack\/#primaryimage"},"thumbnailUrl":"https:\/\/raptorcoatings.com\/wp-content\/uploads\/Caliper-Enamel.png","datePublished":"2024-08-27T10:56:50+00:00","dateModified":"2025-10-21T11:47:52+00:00","breadcrumb":{"@id":"https:\/\/raptorcoatings.com\/de\/produkt\/raptor-bremssattellack\/#breadcrumb"},"inLanguage":"de","potentialAction":[{"@type":"ReadAction","target":["https:\/\/raptorcoatings.com\/de\/produkt\/raptor-bremssattellack\/"]}]},{"@type":"ImageObject","inLanguage":"de","@id":"https:\/\/raptorcoatings.com\/de\/produkt\/raptor-bremssattellack\/#primaryimage","url":"https:\/\/raptorcoatings.com\/wp-content\/uploads\/Caliper-Enamel.png","contentUrl":"https:\/\/raptorcoatings.com\/wp-content\/uploads\/Caliper-Enamel.png","width":1200,"height":1200},{"@type":"BreadcrumbList","@id":"https:\/\/raptorcoatings.com\/de\/produkt\/raptor-bremssattellack\/#breadcrumb","itemListElement":[{"@type":"ListItem","position":1,"name":"Home","item":"https:\/\/raptorcoatings.com\/de\/"},{"@type":"ListItem","position":2,"name":"Produkte","item":"https:\/\/raptorcoatings.com\/de\/produkte\/"},{"@type":"ListItem","position":3,"name":"RAPTOR BREMSSATTELLACK"}]},{"@type":"WebSite","@id":"https:\/\/raptorcoatings.com\/de\/#website","url":"https:\/\/raptorcoatings.com\/de\/","name":"Raptor Coatings","description":"","potentialAction":[{"@type":"SearchAction","target":{"@type":"EntryPoint","urlTemplate":"https:\/\/raptorcoatings.com\/de\/?s={search_term_string}"},"query-input":{"@type":"PropertyValueSpecification","valueRequired":true,"valueName":"search_term_string"}}],"inLanguage":"de"}]}},"_links":{"self":[{"href":"https:\/\/raptorcoatings.com\/de\/wp-json\/wp\/v2\/product\/47438","targetHints":{"allow":["GET"]}}],"collection":[{"href":"https:\/\/raptorcoatings.com\/de\/wp-json\/wp\/v2\/product"}],"about":[{"href":"https:\/\/raptorcoatings.com\/de\/wp-json\/wp\/v2\/types\/product"}],"wp:featuredmedia":[{"embeddable":true,"href":"https:\/\/raptorcoatings.com\/de\/wp-json\/wp\/v2\/media\/77062"}],"wp:attachment":[{"href":"https:\/\/raptorcoatings.com\/de\/wp-json\/wp\/v2\/media?parent=47438"}],"wp:term":[{"taxonomy":"product_brand","embeddable":true,"href":"https:\/\/raptorcoatings.com\/de\/wp-json\/wp\/v2\/product_brand?post=47438"},{"taxonomy":"product_cat","embeddable":true,"href":"https:\/\/raptorcoatings.com\/de\/wp-json\/wp\/v2\/product_cat?post=47438"},{"taxonomy":"product_tag","embeddable":true,"href":"https:\/\/raptorcoatings.com\/de\/wp-json\/wp\/v2\/product_tag?post=47438"}],"curies":[{"name":"wp","href":"https:\/\/api.w.org\/{rel}","templated":true}]}}