{"id":47300,"date":"2024-08-27T10:29:26","date_gmt":"2024-08-27T10:29:26","guid":{"rendered":"https:\/\/raptorcoatings.com\/?post_type=product&#038;p=47300"},"modified":"2025-10-21T11:49:14","modified_gmt":"2025-10-21T11:49:14","slug":"raptor-ueberrollbuegel-chassis","status":"publish","type":"product","link":"https:\/\/raptorcoatings.com\/de\/produkt\/raptor-ueberrollbuegel-chassis\/","title":{"rendered":"RAPTOR \u00dcBERROLLB\u00dcGEL &#038; CHASSIS"},"content":{"rendered":"<div class=\"fusion-fullwidth fullwidth-box fusion-builder-row-1 fusion-flex-container has-pattern-background has-mask-background nonhundred-percent-fullwidth non-hundred-percent-height-scrolling\" style=\"--awb-border-radius-top-left:0px;--awb-border-radius-top-right:0px;--awb-border-radius-bottom-right:0px;--awb-border-radius-bottom-left:0px;--awb-padding-top:50px;--awb-padding-right:0px;--awb-padding-bottom:0px;--awb-padding-left:0px;--awb-flex-wrap:wrap;\" ><div class=\"fusion-builder-row fusion-row fusion-flex-align-items-flex-start fusion-flex-justify-content-flex-end fusion-flex-content-wrap\" style=\"max-width:calc( 1640px + 12px );margin-left: calc(-12px \/ 2 );margin-right: calc(-12px \/ 2 );\"><div class=\"fusion-layout-column fusion_builder_column fusion-builder-column-0 fusion_builder_column_1_1 1_1 fusion-flex-column\" style=\"--awb-bg-size:cover;--awb-width-large:100%;--awb-margin-top-large:0px;--awb-spacing-right-large:6px;--awb-margin-bottom-large:20px;--awb-spacing-left-large:6px;--awb-width-medium:100%;--awb-order-medium:0;--awb-spacing-right-medium:6px;--awb-spacing-left-medium:6px;--awb-width-small:100%;--awb-order-small:0;--awb-spacing-right-small:6px;--awb-spacing-left-small:6px;\"><div class=\"fusion-column-wrapper fusion-column-has-shadow fusion-flex-justify-content-flex-start fusion-content-layout-column\"><div class=\"fusion-builder-row fusion-builder-row-inner fusion-row fusion-flex-align-items-flex-start fusion-flex-justify-content-flex-end fusion-flex-content-wrap\" style=\"width:calc( 100% + 12px ) !important;max-width:calc( 100% + 12px ) !important;margin-left: calc(-12px \/ 2 );margin-right: calc(-12px \/ 2 );\"><div class=\"fusion-layout-column fusion_builder_column_inner fusion-builder-nested-column-0 fusion_builder_column_inner_1_2 1_2 fusion-flex-column\" style=\"--awb-bg-size:cover;--awb-width-large:50%;--awb-margin-top-large:0px;--awb-spacing-right-large:6px;--awb-margin-bottom-large:20px;--awb-spacing-left-large:6px;--awb-width-medium:50%;--awb-order-medium:0;--awb-spacing-right-medium:6px;--awb-spacing-left-medium:6px;--awb-width-small:100%;--awb-order-small:0;--awb-spacing-right-small:6px;--awb-spacing-left-small:6px;\"><div class=\"fusion-column-wrapper fusion-column-has-shadow fusion-flex-justify-content-flex-start fusion-content-layout-column\"><div style=\"text-align:right;\"><a class=\"fusion-button button-flat fusion-button-default-size button-default fusion-button-default button-1 fusion-button-default-span fusion-button-default-type\" target=\"_self\" href=\"https:\/\/www.lackmix.de\/Raptor-feuerfeste-hitzebestaendige-Thermo-Lack-Spraydosen-Farbe-U-Pol\"><span class=\"fusion-button-text awb-button__text awb-button__text--default\">JETZT BEI LACKMIX SHOPPEN<\/span><\/a><\/div><\/div><\/div><div class=\"fusion-layout-column fusion_builder_column_inner fusion-builder-nested-column-1 fusion_builder_column_inner_1_2 1_2 fusion-flex-column\" style=\"--awb-bg-size:cover;--awb-width-large:50%;--awb-margin-top-large:0px;--awb-spacing-right-large:6px;--awb-margin-bottom-large:20px;--awb-spacing-left-large:6px;--awb-width-medium:50%;--awb-order-medium:0;--awb-spacing-right-medium:6px;--awb-spacing-left-medium:6px;--awb-width-small:100%;--awb-order-small:0;--awb-spacing-right-small:6px;--awb-spacing-left-small:6px;\"><div class=\"fusion-column-wrapper fusion-column-has-shadow fusion-flex-justify-content-flex-start fusion-content-layout-column\"><div style=\"text-align:left;\"><a class=\"fusion-button button-flat fusion-button-default-size button-default fusion-button-default button-2 fusion-button-default-span fusion-button-default-type\" target=\"_self\" href=\"https:\/\/www.toplac.de\/raptor-high-heat\"><span class=\"fusion-button-text awb-button__text awb-button__text--default\">JETZT BEI TOPLAC EINKAUFEN<\/span><\/a><\/div><\/div><\/div><\/div>\n<div class=\"table-1 productTable\">\n<table width=\"100%\">\n<thead>\n<tr>\n<th align=\"left\">Artikelnummer<\/th>\n<th align=\"left\">Gebindegr\u00f6\u00dfe<\/th>\n<th align=\"left\">Farbe<\/th>\n<th align=\"left\">VE<\/th>\n<th align=\"left\">Technisches Datenblatt<\/th>\n<th align=\"left\">Sicherheitsdatenblatt<\/th>\n<\/tr>\n<\/thead>\n<tbody>\n<tr>\n<td align=\"left\">RRBGB\/AL<\/td>\n<td align=\"left\">Spraydose 366ml (295g)<\/td>\n<td align=\"left\">Schwarz gl\u00e4nzend<\/td>\n<td align=\"left\">12<\/td>\n<td align=\"left\"><a href=\"https:\/\/raptorcoatings.com\/wp-content\/uploads\/RAPTOR-Roll-Bar-Chassis-Aerosol-TDS-DE.pdf\">RRBGB\/AL-TDS-DE<\/a><\/td>\n<td align=\"left\"><a href=\"https:\/\/use-qa-inf-apiacs.azure-api.net\/publishedsds\/item\/32482\">RRBGB\/AL-SDS-DE<\/a><\/td>\n<\/tr>\n<tr>\n<td align=\"left\">RRBSB\/AL<\/td>\n<td align=\"left\">Spraydose 366ml (295g)<\/td>\n<td align=\"left\">Satin-schwarz<\/td>\n<td align=\"left\">12<\/td>\n<td align=\"left\"><a href=\"https:\/\/raptorcoatings.com\/wp-content\/uploads\/RAPTOR-Roll-Bar-Chassis-Aerosol-TDS-DE.pdf\">RRBSB\/AL-TDS-DE<\/a><\/td>\n<td align=\"left\"><a href=\"https:\/\/use-qa-inf-apiacs.azure-api.net\/publishedsds\/item\/32489\">RRBSB\/AL-SDS-DE<\/a><\/td>\n<\/tr>\n<\/tbody>\n<\/table>\n<\/div>\n<div class=\"fusion-text fusion-text-1 fusion-no-medium-visibility fusion-no-large-visibility\"><p style=\"text-align: center;\"><span style=\"color: #ffffff; font-size: 16px;\"><strong>Swipe table<\/strong><\/span> <i class=\"fb-icon-element-1 fb-icon-element fontawesome-icon fa-hand-pointer fas circle-no fusion-text-flow\" style=\"--awb-font-size:20px;--awb-margin-right:10px;\"><\/i><\/p>\n<\/div>\n<div class=\"fusion-text fusion-text-2\"><\/div><\/div><\/div><\/div><\/div>\n","protected":false},"excerpt":{"rendered":"<p>Eine professioneller Qualit\u00e4tslack, ideal f\u00fcr den Einsatz auf \u00dcberrollb\u00fcgeln und Fahrgestellen oder jeder Fahrzeugoberfl\u00e4che, die zus\u00e4tzlichen Schutz vor St\u00f6\u00dfen, Abrieb, UV-Strahlung, Korrosion und Wassersch\u00e4den ben\u00f6tigt. Die fortschrittliche Formel von RAPTOR \u00dcberrollb\u00fcgel Chassis widersteht Temperaturen bis 120\u00b0C und ist 5x widerstandsf\u00e4higer als gew\u00f6hnliche Lacke. Sie trocknet schnell und ergibt ein attraktives, glattes Finish mit hervorragender Haftung, welches dem Ausbleichen durch die Sonne widersteht. Sie ist au\u00dferdem selbstgrundierend und kann daher direkt auf den meisten vorbereiteten Metallen ohne Grundierung verwendet werden.<\/p>\n<p>\u2022 Hitzebest\u00e4ndig bis 120\u00b0C<br \/>\n\u2022 Hervorragende UV-Best\u00e4ndigkeit \u2013 verblasst nicht durch die Sonne<br \/>\n\u2022 5x widerstandsf\u00e4higer als gew\u00f6hnliche Lacke<br \/>\n\u2022 Direkt auf Metall \u2013 keine Grundierung erforderlich<br \/>\n\u2022 Verstopfungsfreie F\u00e4cherd\u00fcse \u2013 sorgt f\u00fcr eine glatte Oberfl\u00e4che auf gr\u00f6\u00dferen Fl\u00e4chen<\/p>\n<p><img decoding=\"async\" class=\"alignnone wp-image-78563 size-fusion-200\" src=\"https:\/\/raptorcoatings.com\/wp-content\/uploads\/1200x675_Axalta_Axcess_logo-200x113.png\" alt=\"\" width=\"200\" height=\"113\" srcset=\"https:\/\/raptorcoatings.com\/wp-content\/uploads\/1200x675_Axalta_Axcess_logo-192x108.png 192w, https:\/\/raptorcoatings.com\/wp-content\/uploads\/1200x675_Axalta_Axcess_logo-200x113.png 200w, https:\/\/raptorcoatings.com\/wp-content\/uploads\/1200x675_Axalta_Axcess_logo-400x225.png 400w, https:\/\/raptorcoatings.com\/wp-content\/uploads\/1200x675_Axalta_Axcess_logo-500x281.png 500w, https:\/\/raptorcoatings.com\/wp-content\/uploads\/1200x675_Axalta_Axcess_logo-600x338.png 600w, https:\/\/raptorcoatings.com\/wp-content\/uploads\/1200x675_Axalta_Axcess_logo-768x432.png 768w, https:\/\/raptorcoatings.com\/wp-content\/uploads\/1200x675_Axalta_Axcess_logo-800x450.png 800w, https:\/\/raptorcoatings.com\/wp-content\/uploads\/1200x675_Axalta_Axcess_logo.png 1200w\" sizes=\"(max-width: 200px) 100vw, 200px\" \/><\/p>\n<p>*Axalta partners can purchase U-Pol products directly from Axalta Axcess<\/p>\n","protected":false},"featured_media":77032,"template":"","meta":[],"product_brand":[],"product_cat":[1091,202],"product_tag":[1101,1093],"class_list":{"0":"post-47300","1":"product","2":"type-product","3":"status-publish","4":"has-post-thumbnail","6":"product_cat-high-heat-de","7":"product_cat-raptor-de","8":"product_tag-high-heat-de","9":"product_tag-uk-de","11":"first","12":"instock","13":"shipping-taxable","14":"product-type-simple"},"gallery_images":[46374],"yoast_head":"<!-- This site is optimized with the Yoast SEO plugin v27.1.1 - https:\/\/yoast.com\/product\/yoast-seo-wordpress\/ -->\n<title>RAPTOR \u00dcBERROLLB\u00dcGEL &amp; CHASSIS - Raptortough<\/title>\n<meta name=\"robots\" content=\"index, follow, max-snippet:-1, max-image-preview:large, max-video-preview:-1\" \/>\n<link rel=\"canonical\" href=\"https:\/\/raptorcoatings.com\/de\/produkt\/raptor-ueberrollbuegel-chassis\/\" \/>\n<meta property=\"og:locale\" content=\"de_DE\" \/>\n<meta property=\"og:type\" content=\"article\" \/>\n<meta property=\"og:title\" content=\"RAPTOR \u00dcBERROLLB\u00dcGEL &amp; CHASSIS - Raptortough\" \/>\n<meta property=\"og:description\" content=\"Eine professioneller Qualit\u00e4tslack, ideal f\u00fcr den Einsatz auf \u00dcberrollb\u00fcgeln und Fahrgestellen oder jeder Fahrzeugoberfl\u00e4che, die zus\u00e4tzlichen Schutz vor St\u00f6\u00dfen, Abrieb, UV-Strahlung, Korrosion und Wassersch\u00e4den ben\u00f6tigt. Die fortschrittliche Formel von RAPTOR \u00dcberrollb\u00fcgel Chassis widersteht Temperaturen bis 120\u00b0C und ist 5x widerstandsf\u00e4higer als gew\u00f6hnliche Lacke. Sie trocknet schnell und ergibt ein attraktives, glattes Finish mit hervorragender Haftung, welches dem Ausbleichen durch die Sonne widersteht. Sie ist au\u00dferdem selbstgrundierend und kann daher direkt auf den meisten vorbereiteten Metallen ohne Grundierung verwendet werden.  \u2022 Hitzebest\u00e4ndig bis 120\u00b0C \u2022 Hervorragende UV-Best\u00e4ndigkeit \u2013 verblasst nicht durch die Sonne \u2022 5x widerstandsf\u00e4higer als gew\u00f6hnliche Lacke \u2022 Direkt auf Metall \u2013 keine Grundierung erforderlich \u2022 Verstopfungsfreie F\u00e4cherd\u00fcse \u2013 sorgt f\u00fcr eine glatte Oberfl\u00e4che auf gr\u00f6\u00dferen Fl\u00e4chen    *Axalta partners can purchase U-Pol products directly from Axalta Axcess\" \/>\n<meta property=\"og:url\" content=\"https:\/\/raptorcoatings.com\/de\/produkt\/raptor-ueberrollbuegel-chassis\/\" \/>\n<meta property=\"og:site_name\" content=\"Raptortough\" \/>\n<meta property=\"article:modified_time\" content=\"2025-10-21T11:49:14+00:00\" \/>\n<meta property=\"og:image\" content=\"https:\/\/raptorcoatings.com\/wp-content\/uploads\/Roll-Bar.png\" \/>\n\t<meta property=\"og:image:width\" content=\"1200\" \/>\n\t<meta property=\"og:image:height\" content=\"1200\" \/>\n\t<meta property=\"og:image:type\" content=\"image\/png\" \/>\n<meta name=\"twitter:card\" content=\"summary_large_image\" \/>\n<meta name=\"twitter:label1\" content=\"Gesch\u00e4tzte Lesezeit\" \/>\n\t<meta name=\"twitter:data1\" content=\"1\u00a0Minute\" \/>\n<script type=\"application\/ld+json\" class=\"yoast-schema-graph\">{\"@context\":\"https:\/\/schema.org\",\"@graph\":[{\"@type\":\"WebPage\",\"@id\":\"https:\/\/raptorcoatings.com\/de\/produkt\/raptor-ueberrollbuegel-chassis\/\",\"url\":\"https:\/\/raptorcoatings.com\/de\/produkt\/raptor-ueberrollbuegel-chassis\/\",\"name\":\"RAPTOR \u00dcBERROLLB\u00dcGEL & CHASSIS - Raptortough\",\"isPartOf\":{\"@id\":\"https:\/\/raptorcoatings.com\/de\/#website\"},\"primaryImageOfPage\":{\"@id\":\"https:\/\/raptorcoatings.com\/de\/produkt\/raptor-ueberrollbuegel-chassis\/#primaryimage\"},\"image\":{\"@id\":\"https:\/\/raptorcoatings.com\/de\/produkt\/raptor-ueberrollbuegel-chassis\/#primaryimage\"},\"thumbnailUrl\":\"https:\/\/raptorcoatings.com\/wp-content\/uploads\/Roll-Bar.png\",\"datePublished\":\"2024-08-27T10:29:26+00:00\",\"dateModified\":\"2025-10-21T11:49:14+00:00\",\"breadcrumb\":{\"@id\":\"https:\/\/raptorcoatings.com\/de\/produkt\/raptor-ueberrollbuegel-chassis\/#breadcrumb\"},\"inLanguage\":\"de\",\"potentialAction\":[{\"@type\":\"ReadAction\",\"target\":[\"https:\/\/raptorcoatings.com\/de\/produkt\/raptor-ueberrollbuegel-chassis\/\"]}]},{\"@type\":\"ImageObject\",\"inLanguage\":\"de\",\"@id\":\"https:\/\/raptorcoatings.com\/de\/produkt\/raptor-ueberrollbuegel-chassis\/#primaryimage\",\"url\":\"https:\/\/raptorcoatings.com\/wp-content\/uploads\/Roll-Bar.png\",\"contentUrl\":\"https:\/\/raptorcoatings.com\/wp-content\/uploads\/Roll-Bar.png\",\"width\":1200,\"height\":1200},{\"@type\":\"BreadcrumbList\",\"@id\":\"https:\/\/raptorcoatings.com\/de\/produkt\/raptor-ueberrollbuegel-chassis\/#breadcrumb\",\"itemListElement\":[{\"@type\":\"ListItem\",\"position\":1,\"name\":\"Home\",\"item\":\"https:\/\/raptorcoatings.com\/de\/\"},{\"@type\":\"ListItem\",\"position\":2,\"name\":\"Produkte\",\"item\":\"https:\/\/raptorcoatings.com\/de\/produkte\/\"},{\"@type\":\"ListItem\",\"position\":3,\"name\":\"RAPTOR \u00dcBERROLLB\u00dcGEL &#038; CHASSIS\"}]},{\"@type\":\"WebSite\",\"@id\":\"https:\/\/raptorcoatings.com\/de\/#website\",\"url\":\"https:\/\/raptorcoatings.com\/de\/\",\"name\":\"Raptor Coatings\",\"description\":\"\",\"potentialAction\":[{\"@type\":\"SearchAction\",\"target\":{\"@type\":\"EntryPoint\",\"urlTemplate\":\"https:\/\/raptorcoatings.com\/de\/?s={search_term_string}\"},\"query-input\":{\"@type\":\"PropertyValueSpecification\",\"valueRequired\":true,\"valueName\":\"search_term_string\"}}],\"inLanguage\":\"de\"}]}<\/script>\n<!-- \/ Yoast SEO plugin. -->","yoast_head_json":{"title":"RAPTOR \u00dcBERROLLB\u00dcGEL & CHASSIS - Raptortough","robots":{"index":"index","follow":"follow","max-snippet":"max-snippet:-1","max-image-preview":"max-image-preview:large","max-video-preview":"max-video-preview:-1"},"canonical":"https:\/\/raptorcoatings.com\/de\/produkt\/raptor-ueberrollbuegel-chassis\/","og_locale":"de_DE","og_type":"article","og_title":"RAPTOR \u00dcBERROLLB\u00dcGEL & CHASSIS - Raptortough","og_description":"Eine professioneller Qualit\u00e4tslack, ideal f\u00fcr den Einsatz auf \u00dcberrollb\u00fcgeln und Fahrgestellen oder jeder Fahrzeugoberfl\u00e4che, die zus\u00e4tzlichen Schutz vor St\u00f6\u00dfen, Abrieb, UV-Strahlung, Korrosion und Wassersch\u00e4den ben\u00f6tigt. Die fortschrittliche Formel von RAPTOR \u00dcberrollb\u00fcgel Chassis widersteht Temperaturen bis 120\u00b0C und ist 5x widerstandsf\u00e4higer als gew\u00f6hnliche Lacke. Sie trocknet schnell und ergibt ein attraktives, glattes Finish mit hervorragender Haftung, welches dem Ausbleichen durch die Sonne widersteht. Sie ist au\u00dferdem selbstgrundierend und kann daher direkt auf den meisten vorbereiteten Metallen ohne Grundierung verwendet werden.  \u2022 Hitzebest\u00e4ndig bis 120\u00b0C \u2022 Hervorragende UV-Best\u00e4ndigkeit \u2013 verblasst nicht durch die Sonne \u2022 5x widerstandsf\u00e4higer als gew\u00f6hnliche Lacke \u2022 Direkt auf Metall \u2013 keine Grundierung erforderlich \u2022 Verstopfungsfreie F\u00e4cherd\u00fcse \u2013 sorgt f\u00fcr eine glatte Oberfl\u00e4che auf gr\u00f6\u00dferen Fl\u00e4chen    *Axalta partners can purchase U-Pol products directly from Axalta Axcess","og_url":"https:\/\/raptorcoatings.com\/de\/produkt\/raptor-ueberrollbuegel-chassis\/","og_site_name":"Raptortough","article_modified_time":"2025-10-21T11:49:14+00:00","og_image":[{"width":1200,"height":1200,"url":"https:\/\/raptorcoatings.com\/wp-content\/uploads\/Roll-Bar.png","type":"image\/png"}],"twitter_card":"summary_large_image","twitter_misc":{"Gesch\u00e4tzte Lesezeit":"1\u00a0Minute"},"schema":{"@context":"https:\/\/schema.org","@graph":[{"@type":"WebPage","@id":"https:\/\/raptorcoatings.com\/de\/produkt\/raptor-ueberrollbuegel-chassis\/","url":"https:\/\/raptorcoatings.com\/de\/produkt\/raptor-ueberrollbuegel-chassis\/","name":"RAPTOR \u00dcBERROLLB\u00dcGEL & CHASSIS - Raptortough","isPartOf":{"@id":"https:\/\/raptorcoatings.com\/de\/#website"},"primaryImageOfPage":{"@id":"https:\/\/raptorcoatings.com\/de\/produkt\/raptor-ueberrollbuegel-chassis\/#primaryimage"},"image":{"@id":"https:\/\/raptorcoatings.com\/de\/produkt\/raptor-ueberrollbuegel-chassis\/#primaryimage"},"thumbnailUrl":"https:\/\/raptorcoatings.com\/wp-content\/uploads\/Roll-Bar.png","datePublished":"2024-08-27T10:29:26+00:00","dateModified":"2025-10-21T11:49:14+00:00","breadcrumb":{"@id":"https:\/\/raptorcoatings.com\/de\/produkt\/raptor-ueberrollbuegel-chassis\/#breadcrumb"},"inLanguage":"de","potentialAction":[{"@type":"ReadAction","target":["https:\/\/raptorcoatings.com\/de\/produkt\/raptor-ueberrollbuegel-chassis\/"]}]},{"@type":"ImageObject","inLanguage":"de","@id":"https:\/\/raptorcoatings.com\/de\/produkt\/raptor-ueberrollbuegel-chassis\/#primaryimage","url":"https:\/\/raptorcoatings.com\/wp-content\/uploads\/Roll-Bar.png","contentUrl":"https:\/\/raptorcoatings.com\/wp-content\/uploads\/Roll-Bar.png","width":1200,"height":1200},{"@type":"BreadcrumbList","@id":"https:\/\/raptorcoatings.com\/de\/produkt\/raptor-ueberrollbuegel-chassis\/#breadcrumb","itemListElement":[{"@type":"ListItem","position":1,"name":"Home","item":"https:\/\/raptorcoatings.com\/de\/"},{"@type":"ListItem","position":2,"name":"Produkte","item":"https:\/\/raptorcoatings.com\/de\/produkte\/"},{"@type":"ListItem","position":3,"name":"RAPTOR \u00dcBERROLLB\u00dcGEL &#038; CHASSIS"}]},{"@type":"WebSite","@id":"https:\/\/raptorcoatings.com\/de\/#website","url":"https:\/\/raptorcoatings.com\/de\/","name":"Raptor Coatings","description":"","potentialAction":[{"@type":"SearchAction","target":{"@type":"EntryPoint","urlTemplate":"https:\/\/raptorcoatings.com\/de\/?s={search_term_string}"},"query-input":{"@type":"PropertyValueSpecification","valueRequired":true,"valueName":"search_term_string"}}],"inLanguage":"de"}]}},"_links":{"self":[{"href":"https:\/\/raptorcoatings.com\/de\/wp-json\/wp\/v2\/product\/47300","targetHints":{"allow":["GET"]}}],"collection":[{"href":"https:\/\/raptorcoatings.com\/de\/wp-json\/wp\/v2\/product"}],"about":[{"href":"https:\/\/raptorcoatings.com\/de\/wp-json\/wp\/v2\/types\/product"}],"wp:featuredmedia":[{"embeddable":true,"href":"https:\/\/raptorcoatings.com\/de\/wp-json\/wp\/v2\/media\/77032"}],"wp:attachment":[{"href":"https:\/\/raptorcoatings.com\/de\/wp-json\/wp\/v2\/media?parent=47300"}],"wp:term":[{"taxonomy":"product_brand","embeddable":true,"href":"https:\/\/raptorcoatings.com\/de\/wp-json\/wp\/v2\/product_brand?post=47300"},{"taxonomy":"product_cat","embeddable":true,"href":"https:\/\/raptorcoatings.com\/de\/wp-json\/wp\/v2\/product_cat?post=47300"},{"taxonomy":"product_tag","embeddable":true,"href":"https:\/\/raptorcoatings.com\/de\/wp-json\/wp\/v2\/product_tag?post=47300"}],"curies":[{"name":"wp","href":"https:\/\/api.w.org\/{rel}","templated":true}]}}