{"id":47296,"date":"2024-08-27T09:38:18","date_gmt":"2024-08-27T09:38:18","guid":{"rendered":"https:\/\/raptorcoatings.com\/?post_type=product&#038;p=47296"},"modified":"2025-10-21T11:51:28","modified_gmt":"2025-10-21T11:51:28","slug":"raptor-felgenlack","status":"publish","type":"product","link":"https:\/\/raptorcoatings.com\/de\/produkt\/raptor-felgenlack\/","title":{"rendered":"RAPTOR FELGENLACK"},"content":{"rendered":"<div class=\"fusion-fullwidth fullwidth-box fusion-builder-row-1 fusion-flex-container has-pattern-background has-mask-background nonhundred-percent-fullwidth non-hundred-percent-height-scrolling\" style=\"--awb-border-radius-top-left:0px;--awb-border-radius-top-right:0px;--awb-border-radius-bottom-right:0px;--awb-border-radius-bottom-left:0px;--awb-padding-top:50px;--awb-padding-right:0px;--awb-padding-bottom:0px;--awb-padding-left:0px;--awb-flex-wrap:wrap;\" ><div class=\"fusion-builder-row fusion-row fusion-flex-align-items-flex-start fusion-flex-justify-content-flex-end fusion-flex-content-wrap\" style=\"max-width:calc( 1640px + 12px );margin-left: calc(-12px \/ 2 );margin-right: calc(-12px \/ 2 );\"><div class=\"fusion-layout-column fusion_builder_column fusion-builder-column-0 fusion_builder_column_1_1 1_1 fusion-flex-column\" style=\"--awb-bg-size:cover;--awb-width-large:100%;--awb-margin-top-large:0px;--awb-spacing-right-large:6px;--awb-margin-bottom-large:20px;--awb-spacing-left-large:6px;--awb-width-medium:100%;--awb-order-medium:0;--awb-spacing-right-medium:6px;--awb-spacing-left-medium:6px;--awb-width-small:100%;--awb-order-small:0;--awb-spacing-right-small:6px;--awb-spacing-left-small:6px;\"><div class=\"fusion-column-wrapper fusion-column-has-shadow fusion-flex-justify-content-flex-start fusion-content-layout-column\"><div class=\"fusion-builder-row fusion-builder-row-inner fusion-row fusion-flex-align-items-flex-start fusion-flex-justify-content-flex-end fusion-flex-content-wrap\" style=\"width:calc( 100% + 12px ) !important;max-width:calc( 100% + 12px ) !important;margin-left: calc(-12px \/ 2 );margin-right: calc(-12px \/ 2 );\"><div class=\"fusion-layout-column fusion_builder_column_inner fusion-builder-nested-column-0 fusion_builder_column_inner_1_2 1_2 fusion-flex-column\" style=\"--awb-bg-size:cover;--awb-width-large:50%;--awb-margin-top-large:0px;--awb-spacing-right-large:6px;--awb-margin-bottom-large:20px;--awb-spacing-left-large:6px;--awb-width-medium:50%;--awb-order-medium:0;--awb-spacing-right-medium:6px;--awb-spacing-left-medium:6px;--awb-width-small:100%;--awb-order-small:0;--awb-spacing-right-small:6px;--awb-spacing-left-small:6px;\"><div class=\"fusion-column-wrapper fusion-column-has-shadow fusion-flex-justify-content-flex-start fusion-content-layout-column\"><div style=\"text-align:right;\"><a class=\"fusion-button button-flat fusion-button-default-size button-default fusion-button-default button-1 fusion-button-default-span fusion-button-default-type\" target=\"_self\" href=\"https:\/\/www.lackmix.de\/Raptor-feuerfeste-hitzebestaendige-Thermo-Lack-Spraydosen-Farbe-U-Pol\"><span class=\"fusion-button-text awb-button__text awb-button__text--default\">JETZT BEI LACKMIX SHOPPEN<\/span><\/a><\/div><\/div><\/div><div class=\"fusion-layout-column fusion_builder_column_inner fusion-builder-nested-column-1 fusion_builder_column_inner_1_2 1_2 fusion-flex-column\" style=\"--awb-bg-size:cover;--awb-width-large:50%;--awb-margin-top-large:0px;--awb-spacing-right-large:6px;--awb-margin-bottom-large:20px;--awb-spacing-left-large:6px;--awb-width-medium:50%;--awb-order-medium:0;--awb-spacing-right-medium:6px;--awb-spacing-left-medium:6px;--awb-width-small:100%;--awb-order-small:0;--awb-spacing-right-small:6px;--awb-spacing-left-small:6px;\"><div class=\"fusion-column-wrapper fusion-column-has-shadow fusion-flex-justify-content-flex-start fusion-content-layout-column\"><div style=\"text-align:left;\"><a class=\"fusion-button button-flat fusion-button-default-size button-default fusion-button-default button-2 fusion-button-default-span fusion-button-default-type\" target=\"_self\" href=\"https:\/\/www.toplac.de\/raptor-high-heat\"><span class=\"fusion-button-text awb-button__text awb-button__text--default\">JETZT BEI TOPLAC EINKAUFEN<\/span><\/a><\/div><\/div><\/div><\/div>\n<div class=\"table-1 productTable\" style=\"--awb-margin-top:20px;\">\n<table width=\"100%\">\n<thead>\n<tr>\n<th align=\"left\">Artikelnummer<\/th>\n<th align=\"left\">Gebindegr\u00f6\u00dfe<\/th>\n<th align=\"left\">Farbe<\/th>\n<th align=\"left\">VE<\/th>\n<th align=\"left\">Technisches Datenblatt<\/th>\n<th align=\"left\">Sicherheitsdatenblatt<\/th>\n<\/tr>\n<\/thead>\n<tbody>\n<tr>\n<td align=\"left\">RWPGB\/AL<\/td>\n<td align=\"left\">Spraydose 378ml (295g)<\/td>\n<td align=\"left\">Schwarz gl\u00e4nzend<\/td>\n<td align=\"left\">12<\/td>\n<td align=\"left\"><a href=\"https:\/\/raptorcoatings.com\/wp-content\/uploads\/RAPTOR-Wheel-Paint-Aerosol-TDS-DE.pdf\">RWPGB-TDS-DE<\/a><\/td>\n<td align=\"left\"><a href=\"https:\/\/use-qa-inf-apiacs.azure-api.net\/publishedsds\/item\/32474\">RWPGB-SDS-DE<\/a><\/td>\n<\/tr>\n<tr>\n<td align=\"left\">RWPSB\/AL<\/td>\n<td align=\"left\">Spraydose 378ml (295g)<\/td>\n<td align=\"left\">Satin-schwarz<\/td>\n<td align=\"left\">12<\/td>\n<td align=\"left\"><a href=\"https:\/\/raptorcoatings.com\/wp-content\/uploads\/RAPTOR-Wheel-Paint-Aerosol-TDS-DE.pdf\">RWPSB-TDS-DE<\/a><\/td>\n<td align=\"left\"><a href=\"https:\/\/use-qa-inf-apiacs.azure-api.net\/publishedsds\/item\/32484\">RWPSB-SDS-DE<\/a><\/td>\n<\/tr>\n<tr>\n<td align=\"left\">RWPSV\/AL<\/td>\n<td align=\"left\">Spraydose 364ml (295g)<\/td>\n<td align=\"left\">Silber<\/td>\n<td align=\"left\">12<\/td>\n<td align=\"left\"><a href=\"https:\/\/raptorcoatings.com\/wp-content\/uploads\/RAPTOR-Wheel-Paint-Aerosol-TDS-DE.pdf\">RWPSV-TDS-DE<\/a><\/td>\n<td align=\"left\"><a href=\"https:\/\/use-qa-inf-apiacs.azure-api.net\/publishedsds\/item\/32521\">RWPSV-SDS-DE<\/a><\/td>\n<\/tr>\n<tr>\n<td align=\"left\">RWPGC\/AL<\/td>\n<td align=\"left\">Spraydose 365ml (295g)<\/td>\n<td align=\"left\">Glanz-Klarlack<\/td>\n<td align=\"left\">12<\/td>\n<td align=\"left\"><a href=\"https:\/\/raptorcoatings.com\/wp-content\/uploads\/RAPTOR-Wheel-Paint-Aerosol-Clear-TDS-DE.pdf\">RWPGC-TDS-DE<\/a><\/td>\n<td align=\"left\"><a href=\"https:\/\/use-qa-inf-apiacs.azure-api.net\/publishedsds\/item\/32680\">RWPGC-SDS-DE<\/a><\/td>\n<\/tr>\n<\/tbody>\n<\/table>\n<\/div>\n<div class=\"fusion-text fusion-text-1 fusion-no-medium-visibility fusion-no-large-visibility\"><p style=\"text-align: center;\"><span style=\"color: #ffffff; font-size: 16px;\"><strong>Swipe table<\/strong><\/span> <i class=\"fb-icon-element-1 fb-icon-element fontawesome-icon fa-hand-pointer fas circle-no fusion-text-flow\" style=\"--awb-font-size:20px;--awb-margin-right:10px;\"><\/i><\/p>\n<\/div>\n<div class=\"fusion-text fusion-text-2\"><\/div><\/div><\/div><\/div><\/div>\n","protected":false},"excerpt":{"rendered":"<p>Ein Felgenlack in Profiqualit\u00e4t, ideal zum Erneuern und Verl\u00e4ngern der Lebensdauer abgenutzter oder besch\u00e4digter Felgen. Die fortschrittliche Formel von RAPTOR Felgenlack widersteht Temperaturen bis zu 120\u00b0C und ist 5-mal widerstandsf\u00e4higer als gew\u00f6hnliche Lacke, um \u00fcberlegenen Schutz vor St\u00f6\u00dfen, Hitze, Steinschl\u00e4gen, Bremsstaub und Korrosion zu bieten. Er ist einfach zu verwenden, trocknet schnell und ergibt ein attraktives, glattes Finish mit hervorragender Haftung, welches dem Ausbleichen durch die Sonne widersteht. Geeignet f\u00fcr die Verwendung auf allen Arten von grundierten Metallr\u00e4dern, einschlie\u00dflich Stahl, Aluminium und Legierungen.<\/p>\n<p>\u2022 Hitzebest\u00e4ndig bis 120\u00b0C<br \/>\n\u2022 Chemisch best\u00e4ndig gegen \u00d6le und Schmutzbel\u00e4gen<br \/>\n\u2022 Sch\u00fctzt vor Steinschlag und Bremsstaub<br \/>\n\u2022 5x widerstandsf\u00e4higer als gew\u00f6hnliche Lacke<br \/>\n\u2022 Schnelltrocknend \u2013 grifffest in 30 Minuten<br \/>\n\u2022 Verstopfungsfreie Punktd\u00fcse \u2013 ideal f\u00fcr 3D-Oberfl\u00e4chen<\/p>\n<p><img decoding=\"async\" class=\"alignnone wp-image-78563 size-fusion-200\" src=\"https:\/\/raptorcoatings.com\/wp-content\/uploads\/1200x675_Axalta_Axcess_logo-200x113.png\" alt=\"\" width=\"200\" height=\"113\" srcset=\"https:\/\/raptorcoatings.com\/wp-content\/uploads\/1200x675_Axalta_Axcess_logo-192x108.png 192w, https:\/\/raptorcoatings.com\/wp-content\/uploads\/1200x675_Axalta_Axcess_logo-200x113.png 200w, https:\/\/raptorcoatings.com\/wp-content\/uploads\/1200x675_Axalta_Axcess_logo-400x225.png 400w, https:\/\/raptorcoatings.com\/wp-content\/uploads\/1200x675_Axalta_Axcess_logo-500x281.png 500w, https:\/\/raptorcoatings.com\/wp-content\/uploads\/1200x675_Axalta_Axcess_logo-600x338.png 600w, https:\/\/raptorcoatings.com\/wp-content\/uploads\/1200x675_Axalta_Axcess_logo-768x432.png 768w, https:\/\/raptorcoatings.com\/wp-content\/uploads\/1200x675_Axalta_Axcess_logo-800x450.png 800w, https:\/\/raptorcoatings.com\/wp-content\/uploads\/1200x675_Axalta_Axcess_logo.png 1200w\" sizes=\"(max-width: 200px) 100vw, 200px\" \/><\/p>\n<p>*Axalta partners can purchase U-Pol products directly from Axalta Axcess<\/p>\n","protected":false},"featured_media":77047,"template":"","meta":[],"product_brand":[],"product_cat":[1091,202],"product_tag":[1101,1093],"class_list":{"0":"post-47296","1":"product","2":"type-product","3":"status-publish","4":"has-post-thumbnail","6":"product_cat-high-heat-de","7":"product_cat-raptor-de","8":"product_tag-high-heat-de","9":"product_tag-uk-de","11":"first","12":"instock","13":"shipping-taxable","14":"product-type-simple"},"gallery_images":[46360,46332,46318],"yoast_head":"<!-- This site is optimized with the Yoast SEO plugin v27.1.1 - https:\/\/yoast.com\/product\/yoast-seo-wordpress\/ -->\n<title>RAPTOR FELGENLACK - Raptortough<\/title>\n<meta name=\"robots\" content=\"index, follow, max-snippet:-1, max-image-preview:large, max-video-preview:-1\" \/>\n<link rel=\"canonical\" href=\"https:\/\/raptorcoatings.com\/de\/produkt\/raptor-felgenlack\/\" \/>\n<meta property=\"og:locale\" content=\"de_DE\" \/>\n<meta property=\"og:type\" content=\"article\" \/>\n<meta property=\"og:title\" content=\"RAPTOR FELGENLACK - Raptortough\" \/>\n<meta property=\"og:description\" content=\"Ein Felgenlack in Profiqualit\u00e4t, ideal zum Erneuern und Verl\u00e4ngern der Lebensdauer abgenutzter oder besch\u00e4digter Felgen. Die fortschrittliche Formel von RAPTOR Felgenlack widersteht Temperaturen bis zu 120\u00b0C und ist 5-mal widerstandsf\u00e4higer als gew\u00f6hnliche Lacke, um \u00fcberlegenen Schutz vor St\u00f6\u00dfen, Hitze, Steinschl\u00e4gen, Bremsstaub und Korrosion zu bieten. Er ist einfach zu verwenden, trocknet schnell und ergibt ein attraktives, glattes Finish mit hervorragender Haftung, welches dem Ausbleichen durch die Sonne widersteht. Geeignet f\u00fcr die Verwendung auf allen Arten von grundierten Metallr\u00e4dern, einschlie\u00dflich Stahl, Aluminium und Legierungen.  \u2022 Hitzebest\u00e4ndig bis 120\u00b0C \u2022 Chemisch best\u00e4ndig gegen \u00d6le und Schmutzbel\u00e4gen \u2022 Sch\u00fctzt vor Steinschlag und Bremsstaub \u2022 5x widerstandsf\u00e4higer als gew\u00f6hnliche Lacke \u2022 Schnelltrocknend \u2013 grifffest in 30 Minuten \u2022 Verstopfungsfreie Punktd\u00fcse \u2013 ideal f\u00fcr 3D-Oberfl\u00e4chen    *Axalta partners can purchase U-Pol products directly from Axalta Axcess\" \/>\n<meta property=\"og:url\" content=\"https:\/\/raptorcoatings.com\/de\/produkt\/raptor-felgenlack\/\" \/>\n<meta property=\"og:site_name\" content=\"Raptortough\" \/>\n<meta property=\"article:modified_time\" content=\"2025-10-21T11:51:28+00:00\" \/>\n<meta property=\"og:image\" content=\"https:\/\/raptorcoatings.com\/wp-content\/uploads\/Wheel-paint.png\" \/>\n\t<meta property=\"og:image:width\" content=\"1200\" \/>\n\t<meta property=\"og:image:height\" content=\"1200\" \/>\n\t<meta property=\"og:image:type\" content=\"image\/png\" \/>\n<meta name=\"twitter:card\" content=\"summary_large_image\" \/>\n<meta name=\"twitter:label1\" content=\"Gesch\u00e4tzte Lesezeit\" \/>\n\t<meta name=\"twitter:data1\" content=\"1\u00a0Minute\" \/>\n<script type=\"application\/ld+json\" class=\"yoast-schema-graph\">{\"@context\":\"https:\/\/schema.org\",\"@graph\":[{\"@type\":\"WebPage\",\"@id\":\"https:\/\/raptorcoatings.com\/de\/produkt\/raptor-felgenlack\/\",\"url\":\"https:\/\/raptorcoatings.com\/de\/produkt\/raptor-felgenlack\/\",\"name\":\"RAPTOR FELGENLACK - Raptortough\",\"isPartOf\":{\"@id\":\"https:\/\/raptorcoatings.com\/de\/#website\"},\"primaryImageOfPage\":{\"@id\":\"https:\/\/raptorcoatings.com\/de\/produkt\/raptor-felgenlack\/#primaryimage\"},\"image\":{\"@id\":\"https:\/\/raptorcoatings.com\/de\/produkt\/raptor-felgenlack\/#primaryimage\"},\"thumbnailUrl\":\"https:\/\/raptorcoatings.com\/wp-content\/uploads\/Wheel-paint.png\",\"datePublished\":\"2024-08-27T09:38:18+00:00\",\"dateModified\":\"2025-10-21T11:51:28+00:00\",\"breadcrumb\":{\"@id\":\"https:\/\/raptorcoatings.com\/de\/produkt\/raptor-felgenlack\/#breadcrumb\"},\"inLanguage\":\"de\",\"potentialAction\":[{\"@type\":\"ReadAction\",\"target\":[\"https:\/\/raptorcoatings.com\/de\/produkt\/raptor-felgenlack\/\"]}]},{\"@type\":\"ImageObject\",\"inLanguage\":\"de\",\"@id\":\"https:\/\/raptorcoatings.com\/de\/produkt\/raptor-felgenlack\/#primaryimage\",\"url\":\"https:\/\/raptorcoatings.com\/wp-content\/uploads\/Wheel-paint.png\",\"contentUrl\":\"https:\/\/raptorcoatings.com\/wp-content\/uploads\/Wheel-paint.png\",\"width\":1200,\"height\":1200},{\"@type\":\"BreadcrumbList\",\"@id\":\"https:\/\/raptorcoatings.com\/de\/produkt\/raptor-felgenlack\/#breadcrumb\",\"itemListElement\":[{\"@type\":\"ListItem\",\"position\":1,\"name\":\"Home\",\"item\":\"https:\/\/raptorcoatings.com\/de\/\"},{\"@type\":\"ListItem\",\"position\":2,\"name\":\"Produkte\",\"item\":\"https:\/\/raptorcoatings.com\/de\/produkte\/\"},{\"@type\":\"ListItem\",\"position\":3,\"name\":\"RAPTOR FELGENLACK\"}]},{\"@type\":\"WebSite\",\"@id\":\"https:\/\/raptorcoatings.com\/de\/#website\",\"url\":\"https:\/\/raptorcoatings.com\/de\/\",\"name\":\"Raptor Coatings\",\"description\":\"\",\"potentialAction\":[{\"@type\":\"SearchAction\",\"target\":{\"@type\":\"EntryPoint\",\"urlTemplate\":\"https:\/\/raptorcoatings.com\/de\/?s={search_term_string}\"},\"query-input\":{\"@type\":\"PropertyValueSpecification\",\"valueRequired\":true,\"valueName\":\"search_term_string\"}}],\"inLanguage\":\"de\"}]}<\/script>\n<!-- \/ Yoast SEO plugin. -->","yoast_head_json":{"title":"RAPTOR FELGENLACK - Raptortough","robots":{"index":"index","follow":"follow","max-snippet":"max-snippet:-1","max-image-preview":"max-image-preview:large","max-video-preview":"max-video-preview:-1"},"canonical":"https:\/\/raptorcoatings.com\/de\/produkt\/raptor-felgenlack\/","og_locale":"de_DE","og_type":"article","og_title":"RAPTOR FELGENLACK - Raptortough","og_description":"Ein Felgenlack in Profiqualit\u00e4t, ideal zum Erneuern und Verl\u00e4ngern der Lebensdauer abgenutzter oder besch\u00e4digter Felgen. Die fortschrittliche Formel von RAPTOR Felgenlack widersteht Temperaturen bis zu 120\u00b0C und ist 5-mal widerstandsf\u00e4higer als gew\u00f6hnliche Lacke, um \u00fcberlegenen Schutz vor St\u00f6\u00dfen, Hitze, Steinschl\u00e4gen, Bremsstaub und Korrosion zu bieten. Er ist einfach zu verwenden, trocknet schnell und ergibt ein attraktives, glattes Finish mit hervorragender Haftung, welches dem Ausbleichen durch die Sonne widersteht. Geeignet f\u00fcr die Verwendung auf allen Arten von grundierten Metallr\u00e4dern, einschlie\u00dflich Stahl, Aluminium und Legierungen.  \u2022 Hitzebest\u00e4ndig bis 120\u00b0C \u2022 Chemisch best\u00e4ndig gegen \u00d6le und Schmutzbel\u00e4gen \u2022 Sch\u00fctzt vor Steinschlag und Bremsstaub \u2022 5x widerstandsf\u00e4higer als gew\u00f6hnliche Lacke \u2022 Schnelltrocknend \u2013 grifffest in 30 Minuten \u2022 Verstopfungsfreie Punktd\u00fcse \u2013 ideal f\u00fcr 3D-Oberfl\u00e4chen    *Axalta partners can purchase U-Pol products directly from Axalta Axcess","og_url":"https:\/\/raptorcoatings.com\/de\/produkt\/raptor-felgenlack\/","og_site_name":"Raptortough","article_modified_time":"2025-10-21T11:51:28+00:00","og_image":[{"width":1200,"height":1200,"url":"https:\/\/raptorcoatings.com\/wp-content\/uploads\/Wheel-paint.png","type":"image\/png"}],"twitter_card":"summary_large_image","twitter_misc":{"Gesch\u00e4tzte Lesezeit":"1\u00a0Minute"},"schema":{"@context":"https:\/\/schema.org","@graph":[{"@type":"WebPage","@id":"https:\/\/raptorcoatings.com\/de\/produkt\/raptor-felgenlack\/","url":"https:\/\/raptorcoatings.com\/de\/produkt\/raptor-felgenlack\/","name":"RAPTOR FELGENLACK - Raptortough","isPartOf":{"@id":"https:\/\/raptorcoatings.com\/de\/#website"},"primaryImageOfPage":{"@id":"https:\/\/raptorcoatings.com\/de\/produkt\/raptor-felgenlack\/#primaryimage"},"image":{"@id":"https:\/\/raptorcoatings.com\/de\/produkt\/raptor-felgenlack\/#primaryimage"},"thumbnailUrl":"https:\/\/raptorcoatings.com\/wp-content\/uploads\/Wheel-paint.png","datePublished":"2024-08-27T09:38:18+00:00","dateModified":"2025-10-21T11:51:28+00:00","breadcrumb":{"@id":"https:\/\/raptorcoatings.com\/de\/produkt\/raptor-felgenlack\/#breadcrumb"},"inLanguage":"de","potentialAction":[{"@type":"ReadAction","target":["https:\/\/raptorcoatings.com\/de\/produkt\/raptor-felgenlack\/"]}]},{"@type":"ImageObject","inLanguage":"de","@id":"https:\/\/raptorcoatings.com\/de\/produkt\/raptor-felgenlack\/#primaryimage","url":"https:\/\/raptorcoatings.com\/wp-content\/uploads\/Wheel-paint.png","contentUrl":"https:\/\/raptorcoatings.com\/wp-content\/uploads\/Wheel-paint.png","width":1200,"height":1200},{"@type":"BreadcrumbList","@id":"https:\/\/raptorcoatings.com\/de\/produkt\/raptor-felgenlack\/#breadcrumb","itemListElement":[{"@type":"ListItem","position":1,"name":"Home","item":"https:\/\/raptorcoatings.com\/de\/"},{"@type":"ListItem","position":2,"name":"Produkte","item":"https:\/\/raptorcoatings.com\/de\/produkte\/"},{"@type":"ListItem","position":3,"name":"RAPTOR FELGENLACK"}]},{"@type":"WebSite","@id":"https:\/\/raptorcoatings.com\/de\/#website","url":"https:\/\/raptorcoatings.com\/de\/","name":"Raptor Coatings","description":"","potentialAction":[{"@type":"SearchAction","target":{"@type":"EntryPoint","urlTemplate":"https:\/\/raptorcoatings.com\/de\/?s={search_term_string}"},"query-input":{"@type":"PropertyValueSpecification","valueRequired":true,"valueName":"search_term_string"}}],"inLanguage":"de"}]}},"_links":{"self":[{"href":"https:\/\/raptorcoatings.com\/de\/wp-json\/wp\/v2\/product\/47296","targetHints":{"allow":["GET"]}}],"collection":[{"href":"https:\/\/raptorcoatings.com\/de\/wp-json\/wp\/v2\/product"}],"about":[{"href":"https:\/\/raptorcoatings.com\/de\/wp-json\/wp\/v2\/types\/product"}],"wp:featuredmedia":[{"embeddable":true,"href":"https:\/\/raptorcoatings.com\/de\/wp-json\/wp\/v2\/media\/77047"}],"wp:attachment":[{"href":"https:\/\/raptorcoatings.com\/de\/wp-json\/wp\/v2\/media?parent=47296"}],"wp:term":[{"taxonomy":"product_brand","embeddable":true,"href":"https:\/\/raptorcoatings.com\/de\/wp-json\/wp\/v2\/product_brand?post=47296"},{"taxonomy":"product_cat","embeddable":true,"href":"https:\/\/raptorcoatings.com\/de\/wp-json\/wp\/v2\/product_cat?post=47296"},{"taxonomy":"product_tag","embeddable":true,"href":"https:\/\/raptorcoatings.com\/de\/wp-json\/wp\/v2\/product_tag?post=47296"}],"curies":[{"name":"wp","href":"https:\/\/api.w.org\/{rel}","templated":true}]}}