{"id":46514,"date":"2024-08-27T11:04:54","date_gmt":"2024-08-27T11:04:54","guid":{"rendered":"https:\/\/raptorcoatings.com\/?post_type=product&#038;p=46514"},"modified":"2025-10-21T11:47:01","modified_gmt":"2025-10-21T11:47:01","slug":"raptor-feuerfest","status":"publish","type":"product","link":"https:\/\/raptorcoatings.com\/de\/produkt\/raptor-feuerfest\/","title":{"rendered":"RAPTOR FEUERFEST"},"content":{"rendered":"<div class=\"fusion-fullwidth fullwidth-box fusion-builder-row-1 fusion-flex-container has-pattern-background has-mask-background nonhundred-percent-fullwidth non-hundred-percent-height-scrolling\" style=\"--awb-border-radius-top-left:0px;--awb-border-radius-top-right:0px;--awb-border-radius-bottom-right:0px;--awb-border-radius-bottom-left:0px;--awb-padding-top:50px;--awb-padding-right:0px;--awb-padding-bottom:0px;--awb-padding-left:0px;--awb-flex-wrap:wrap;\" ><div class=\"fusion-builder-row fusion-row fusion-flex-align-items-flex-start fusion-flex-justify-content-flex-end fusion-flex-content-wrap\" style=\"max-width:calc( 1640px + 12px );margin-left: calc(-12px \/ 2 );margin-right: calc(-12px \/ 2 );\"><div class=\"fusion-layout-column fusion_builder_column fusion-builder-column-0 fusion_builder_column_1_1 1_1 fusion-flex-column\" style=\"--awb-bg-size:cover;--awb-width-large:100%;--awb-margin-top-large:0px;--awb-spacing-right-large:6px;--awb-margin-bottom-large:20px;--awb-spacing-left-large:6px;--awb-width-medium:100%;--awb-order-medium:0;--awb-spacing-right-medium:6px;--awb-spacing-left-medium:6px;--awb-width-small:100%;--awb-order-small:0;--awb-spacing-right-small:6px;--awb-spacing-left-small:6px;\"><div class=\"fusion-column-wrapper fusion-column-has-shadow fusion-flex-justify-content-flex-start fusion-content-layout-column\">\n<div class=\"table-1 productTable\">\n<table width=\"100%\">\n<thead>\n<tr>\n<th align=\"left\">Code<\/th>\n<th align=\"left\">Gr\u00f6\u00dfe\/Packung<\/th>\n<th align=\"left\">Farbe<\/th>\n<th align=\"left\">Ctn<\/th>\n<th align=\"left\">Technisches Datenblatt<\/th>\n<th align=\"left\">Sicherheitsdatenblatt<\/th>\n<\/tr>\n<\/thead>\n<tbody>\n<tr>\n<td align=\"left\">RFLPG\/AL<\/td>\n<td align=\"left\">Spraydose 400mL<\/td>\n<td align=\"left\">Grundierung Grau<\/td>\n<td align=\"left\">12<\/td>\n<td align=\"left\"><a href=\"https:\/\/raptorcoatings.com\/wp-content\/uploads\/RAPTOR-Flame-Proof-Primer-Aerosol-TDS-DE.pdf\">RFLPG\/AL TDS &#8211; DE<\/a><\/td>\n<td align=\"left\"><a href=\"https:\/\/use-qa-inf-apiacs.azure-api.net\/publishedsds\/item\/32221\">RFLPG\/AL SDS &#8211; DE<\/a><\/td>\n<\/tr>\n<tr>\n<td align=\"left\">RFLSC\/AL<\/td>\n<td align=\"left\">Spraydose 400mL<\/td>\n<td align=\"left\">Satin Klar<\/td>\n<td align=\"left\">12<\/td>\n<td align=\"left\"><a href=\"https:\/\/raptorcoatings.com\/wp-content\/uploads\/RAPTOR-Flame-Proof-Aerosol-Satin-Clear-TDS-DE.pdf\">RFLSC\/AL TDS &#8211; DE<\/a><\/td>\n<td align=\"left\"><a href=\"https:\/\/use-qa-inf-apiacs.azure-api.net\/publishedsds\/item\/32228\">RFLSC\/AL SDS &#8211; DE<\/a><\/td>\n<\/tr>\n<tr>\n<td align=\"left\">RFLFB\/AL<\/td>\n<td align=\"left\">Spraydose 400mL<\/td>\n<td align=\"left\">Flaches Schwarz<\/td>\n<td align=\"left\">12<\/td>\n<td align=\"left\"><a href=\"https:\/\/raptorcoatings.com\/wp-content\/uploads\/RAPTOR-Flame-Proof-Aerosol-TDS-DE.pdf\">RFLFB\/AL TDS &#8211; DE<\/a><\/td>\n<td align=\"left\"><a href=\"https:\/\/use-qa-inf-apiacs.azure-api.net\/publishedsds\/item\/32247\">RFLFB\/AL SDS &#8211; DE<\/a><\/td>\n<\/tr>\n<tr>\n<td align=\"left\">RFLFR\/AL<\/td>\n<td align=\"left\">Spraydose 400mL<\/td>\n<td align=\"left\">Flaches Rot<\/td>\n<td align=\"left\">12<\/td>\n<td align=\"left\"><a href=\"https:\/\/raptorcoatings.com\/wp-content\/uploads\/RAPTOR-Flame-Proof-Aerosol-TDS-DE.pdf\">RFLFR\/AL TDS &#8211; DE<\/a><\/td>\n<td align=\"left\"><a href=\"https:\/\/use-qa-inf-apiacs.azure-api.net\/publishedsds\/item\/32277\">RFLFR\/AL SDS &#8211; DE<\/a><\/td>\n<\/tr>\n<\/tbody>\n<\/table>\n<\/div>\n<div class=\"fusion-text fusion-text-1 fusion-no-medium-visibility fusion-no-large-visibility\"><p style=\"text-align: center;\"><span style=\"color: #ffffff; font-size: 16px;\"><strong>Swipe table<\/strong><\/span> <i class=\"fb-icon-element-1 fb-icon-element fontawesome-icon fa-hand-pointer fas circle-no fusion-text-flow\" style=\"--awb-font-size:20px;--awb-margin-right:10px;\"><\/i><\/p>\n<\/div>\n<div class=\"fusion-text fusion-text-2\"><\/div><div class=\"fusion-text fusion-text-3\"><\/div><\/div><\/div><\/div><\/div>\n","protected":false},"excerpt":{"rendered":"<p>Eine professioneller, feuerfester Lack, ideal f\u00fcr den Einsatz auf Auspuffkr\u00fcmmern, Verteilerk\u00f6pfen, Auspuffsystemen und anderen Bereichen, die Schutz vor sehr hoher Hitze ben\u00f6tigen. RAPTOR Feuerfest basiert auf fortschrittlicher Keramiktechnologie und hochhitzebest\u00e4ndigen Pigmenten, die Temperaturen bis zu 1000\u00b0C standhalten und 5x widerstandsf\u00e4higer als gew\u00f6hnliche Lacke sind. Nach vollst\u00e4ndiger Aush\u00e4rtung bietet es hervorragenden Schutz vor Hitze, \u00d6l und anderen Fahrzeugfl\u00fcssigkeiten. Es ist einfach zu verwenden und trocknet schnell. Der Lack ergibt eine attraktive, glatte und hervorragend haftende Oberfl\u00e4che, die keine Blasen bildet, abbl\u00e4ttert, rei\u00dft oder sich absch\u00e4lt. Geeignet f\u00fcr den Einsatz auf allen Arten von grundierten Metallen, einschlie\u00dflich Stahl und Legierungen.<\/p>\n<p>\u2022 Fortschrittliche Keramiktechnologie (beinhaltet fortschrittliche hitzebest\u00e4ndige Pigmenttechnologie) \u2013 hitzebest\u00e4ndig bis 1000\u00b0C<br \/>\n\u2022 Hervorragender Schutz vor Hitze, \u00d6l und anderen Autofl\u00fcssigkeiten<br \/>\n\u2022 Hervorragende Haftung \u2013 keine Blasen, Abplatzungen, Risse oder Abbl\u00e4tterungen<br \/>\n\u2022 Verstopfungsfreie Punktd\u00fcse \u2013 ideal f\u00fcr 3D-Oberfl\u00e4chen<br \/>\n\u2022 5x widerstandsf\u00e4higer als gew\u00f6hnliche Lacke<\/p>\n<p><img decoding=\"async\" class=\"alignnone wp-image-78563 size-fusion-200\" src=\"https:\/\/raptorcoatings.com\/wp-content\/uploads\/1200x675_Axalta_Axcess_logo-200x113.png\" alt=\"\" width=\"200\" height=\"113\" srcset=\"https:\/\/raptorcoatings.com\/wp-content\/uploads\/1200x675_Axalta_Axcess_logo-192x108.png 192w, https:\/\/raptorcoatings.com\/wp-content\/uploads\/1200x675_Axalta_Axcess_logo-200x113.png 200w, https:\/\/raptorcoatings.com\/wp-content\/uploads\/1200x675_Axalta_Axcess_logo-400x225.png 400w, https:\/\/raptorcoatings.com\/wp-content\/uploads\/1200x675_Axalta_Axcess_logo-500x281.png 500w, https:\/\/raptorcoatings.com\/wp-content\/uploads\/1200x675_Axalta_Axcess_logo-600x338.png 600w, https:\/\/raptorcoatings.com\/wp-content\/uploads\/1200x675_Axalta_Axcess_logo-768x432.png 768w, https:\/\/raptorcoatings.com\/wp-content\/uploads\/1200x675_Axalta_Axcess_logo-800x450.png 800w, https:\/\/raptorcoatings.com\/wp-content\/uploads\/1200x675_Axalta_Axcess_logo.png 1200w\" sizes=\"(max-width: 200px) 100vw, 200px\" \/><\/p>\n<p>*Axalta partners can purchase U-Pol products directly from Axalta Axcess<\/p>\n","protected":false},"featured_media":77017,"template":"","meta":[],"product_brand":[],"product_cat":[1091,202],"product_tag":[1101,1093],"class_list":{"0":"post-46514","1":"product","2":"type-product","3":"status-publish","4":"has-post-thumbnail","6":"product_cat-high-heat-de","7":"product_cat-raptor-de","8":"product_tag-high-heat-de","9":"product_tag-uk-de","11":"first","12":"instock","13":"shipping-taxable","14":"product-type-simple"},"gallery_images":[46290,46276,46262],"yoast_head":"<!-- This site is optimized with the Yoast SEO plugin v27.1.1 - https:\/\/yoast.com\/product\/yoast-seo-wordpress\/ -->\n<title>RAPTOR FEUERFEST - Raptortough<\/title>\n<meta name=\"robots\" content=\"index, follow, max-snippet:-1, max-image-preview:large, max-video-preview:-1\" \/>\n<link rel=\"canonical\" href=\"https:\/\/raptorcoatings.com\/de\/produkt\/raptor-feuerfest\/\" \/>\n<meta property=\"og:locale\" content=\"de_DE\" \/>\n<meta property=\"og:type\" content=\"article\" \/>\n<meta property=\"og:title\" content=\"RAPTOR FEUERFEST - Raptortough\" \/>\n<meta property=\"og:description\" content=\"Eine professioneller, feuerfester Lack, ideal f\u00fcr den Einsatz auf Auspuffkr\u00fcmmern, Verteilerk\u00f6pfen, Auspuffsystemen und anderen Bereichen, die Schutz vor sehr hoher Hitze ben\u00f6tigen. RAPTOR Feuerfest basiert auf fortschrittlicher Keramiktechnologie und hochhitzebest\u00e4ndigen Pigmenten, die Temperaturen bis zu 1000\u00b0C standhalten und 5x widerstandsf\u00e4higer als gew\u00f6hnliche Lacke sind. Nach vollst\u00e4ndiger Aush\u00e4rtung bietet es hervorragenden Schutz vor Hitze, \u00d6l und anderen Fahrzeugfl\u00fcssigkeiten. Es ist einfach zu verwenden und trocknet schnell. Der Lack ergibt eine attraktive, glatte und hervorragend haftende Oberfl\u00e4che, die keine Blasen bildet, abbl\u00e4ttert, rei\u00dft oder sich absch\u00e4lt. Geeignet f\u00fcr den Einsatz auf allen Arten von grundierten Metallen, einschlie\u00dflich Stahl und Legierungen.  \u2022 Fortschrittliche Keramiktechnologie (beinhaltet fortschrittliche hitzebest\u00e4ndige Pigmenttechnologie) \u2013 hitzebest\u00e4ndig bis 1000\u00b0C \u2022 Hervorragender Schutz vor Hitze, \u00d6l und anderen Autofl\u00fcssigkeiten \u2022 Hervorragende Haftung \u2013 keine Blasen, Abplatzungen, Risse oder Abbl\u00e4tterungen \u2022 Verstopfungsfreie Punktd\u00fcse \u2013 ideal f\u00fcr 3D-Oberfl\u00e4chen \u2022 5x widerstandsf\u00e4higer als gew\u00f6hnliche Lacke    *Axalta partners can purchase U-Pol products directly from Axalta Axcess\" \/>\n<meta property=\"og:url\" content=\"https:\/\/raptorcoatings.com\/de\/produkt\/raptor-feuerfest\/\" \/>\n<meta property=\"og:site_name\" content=\"Raptortough\" \/>\n<meta property=\"article:modified_time\" content=\"2025-10-21T11:47:01+00:00\" \/>\n<meta property=\"og:image\" content=\"https:\/\/raptorcoatings.com\/wp-content\/uploads\/Flame-proof.png\" \/>\n\t<meta property=\"og:image:width\" content=\"1200\" \/>\n\t<meta property=\"og:image:height\" content=\"1200\" \/>\n\t<meta property=\"og:image:type\" content=\"image\/png\" \/>\n<meta name=\"twitter:card\" content=\"summary_large_image\" \/>\n<meta name=\"twitter:label1\" content=\"Gesch\u00e4tzte Lesezeit\" \/>\n\t<meta name=\"twitter:data1\" content=\"1\u00a0Minute\" \/>\n<script type=\"application\/ld+json\" class=\"yoast-schema-graph\">{\"@context\":\"https:\/\/schema.org\",\"@graph\":[{\"@type\":\"WebPage\",\"@id\":\"https:\/\/raptorcoatings.com\/de\/produkt\/raptor-feuerfest\/\",\"url\":\"https:\/\/raptorcoatings.com\/de\/produkt\/raptor-feuerfest\/\",\"name\":\"RAPTOR FEUERFEST - Raptortough\",\"isPartOf\":{\"@id\":\"https:\/\/raptorcoatings.com\/de\/#website\"},\"primaryImageOfPage\":{\"@id\":\"https:\/\/raptorcoatings.com\/de\/produkt\/raptor-feuerfest\/#primaryimage\"},\"image\":{\"@id\":\"https:\/\/raptorcoatings.com\/de\/produkt\/raptor-feuerfest\/#primaryimage\"},\"thumbnailUrl\":\"https:\/\/raptorcoatings.com\/wp-content\/uploads\/Flame-proof.png\",\"datePublished\":\"2024-08-27T11:04:54+00:00\",\"dateModified\":\"2025-10-21T11:47:01+00:00\",\"breadcrumb\":{\"@id\":\"https:\/\/raptorcoatings.com\/de\/produkt\/raptor-feuerfest\/#breadcrumb\"},\"inLanguage\":\"de\",\"potentialAction\":[{\"@type\":\"ReadAction\",\"target\":[\"https:\/\/raptorcoatings.com\/de\/produkt\/raptor-feuerfest\/\"]}]},{\"@type\":\"ImageObject\",\"inLanguage\":\"de\",\"@id\":\"https:\/\/raptorcoatings.com\/de\/produkt\/raptor-feuerfest\/#primaryimage\",\"url\":\"https:\/\/raptorcoatings.com\/wp-content\/uploads\/Flame-proof.png\",\"contentUrl\":\"https:\/\/raptorcoatings.com\/wp-content\/uploads\/Flame-proof.png\",\"width\":1200,\"height\":1200},{\"@type\":\"BreadcrumbList\",\"@id\":\"https:\/\/raptorcoatings.com\/de\/produkt\/raptor-feuerfest\/#breadcrumb\",\"itemListElement\":[{\"@type\":\"ListItem\",\"position\":1,\"name\":\"Home\",\"item\":\"https:\/\/raptorcoatings.com\/de\/\"},{\"@type\":\"ListItem\",\"position\":2,\"name\":\"Produkte\",\"item\":\"https:\/\/raptorcoatings.com\/de\/produkte\/\"},{\"@type\":\"ListItem\",\"position\":3,\"name\":\"RAPTOR FEUERFEST\"}]},{\"@type\":\"WebSite\",\"@id\":\"https:\/\/raptorcoatings.com\/de\/#website\",\"url\":\"https:\/\/raptorcoatings.com\/de\/\",\"name\":\"Raptor Coatings\",\"description\":\"\",\"potentialAction\":[{\"@type\":\"SearchAction\",\"target\":{\"@type\":\"EntryPoint\",\"urlTemplate\":\"https:\/\/raptorcoatings.com\/de\/?s={search_term_string}\"},\"query-input\":{\"@type\":\"PropertyValueSpecification\",\"valueRequired\":true,\"valueName\":\"search_term_string\"}}],\"inLanguage\":\"de\"}]}<\/script>\n<!-- \/ Yoast SEO plugin. -->","yoast_head_json":{"title":"RAPTOR FEUERFEST - Raptortough","robots":{"index":"index","follow":"follow","max-snippet":"max-snippet:-1","max-image-preview":"max-image-preview:large","max-video-preview":"max-video-preview:-1"},"canonical":"https:\/\/raptorcoatings.com\/de\/produkt\/raptor-feuerfest\/","og_locale":"de_DE","og_type":"article","og_title":"RAPTOR FEUERFEST - Raptortough","og_description":"Eine professioneller, feuerfester Lack, ideal f\u00fcr den Einsatz auf Auspuffkr\u00fcmmern, Verteilerk\u00f6pfen, Auspuffsystemen und anderen Bereichen, die Schutz vor sehr hoher Hitze ben\u00f6tigen. RAPTOR Feuerfest basiert auf fortschrittlicher Keramiktechnologie und hochhitzebest\u00e4ndigen Pigmenten, die Temperaturen bis zu 1000\u00b0C standhalten und 5x widerstandsf\u00e4higer als gew\u00f6hnliche Lacke sind. Nach vollst\u00e4ndiger Aush\u00e4rtung bietet es hervorragenden Schutz vor Hitze, \u00d6l und anderen Fahrzeugfl\u00fcssigkeiten. Es ist einfach zu verwenden und trocknet schnell. Der Lack ergibt eine attraktive, glatte und hervorragend haftende Oberfl\u00e4che, die keine Blasen bildet, abbl\u00e4ttert, rei\u00dft oder sich absch\u00e4lt. Geeignet f\u00fcr den Einsatz auf allen Arten von grundierten Metallen, einschlie\u00dflich Stahl und Legierungen.  \u2022 Fortschrittliche Keramiktechnologie (beinhaltet fortschrittliche hitzebest\u00e4ndige Pigmenttechnologie) \u2013 hitzebest\u00e4ndig bis 1000\u00b0C \u2022 Hervorragender Schutz vor Hitze, \u00d6l und anderen Autofl\u00fcssigkeiten \u2022 Hervorragende Haftung \u2013 keine Blasen, Abplatzungen, Risse oder Abbl\u00e4tterungen \u2022 Verstopfungsfreie Punktd\u00fcse \u2013 ideal f\u00fcr 3D-Oberfl\u00e4chen \u2022 5x widerstandsf\u00e4higer als gew\u00f6hnliche Lacke    *Axalta partners can purchase U-Pol products directly from Axalta Axcess","og_url":"https:\/\/raptorcoatings.com\/de\/produkt\/raptor-feuerfest\/","og_site_name":"Raptortough","article_modified_time":"2025-10-21T11:47:01+00:00","og_image":[{"width":1200,"height":1200,"url":"https:\/\/raptorcoatings.com\/wp-content\/uploads\/Flame-proof.png","type":"image\/png"}],"twitter_card":"summary_large_image","twitter_misc":{"Gesch\u00e4tzte Lesezeit":"1\u00a0Minute"},"schema":{"@context":"https:\/\/schema.org","@graph":[{"@type":"WebPage","@id":"https:\/\/raptorcoatings.com\/de\/produkt\/raptor-feuerfest\/","url":"https:\/\/raptorcoatings.com\/de\/produkt\/raptor-feuerfest\/","name":"RAPTOR FEUERFEST - Raptortough","isPartOf":{"@id":"https:\/\/raptorcoatings.com\/de\/#website"},"primaryImageOfPage":{"@id":"https:\/\/raptorcoatings.com\/de\/produkt\/raptor-feuerfest\/#primaryimage"},"image":{"@id":"https:\/\/raptorcoatings.com\/de\/produkt\/raptor-feuerfest\/#primaryimage"},"thumbnailUrl":"https:\/\/raptorcoatings.com\/wp-content\/uploads\/Flame-proof.png","datePublished":"2024-08-27T11:04:54+00:00","dateModified":"2025-10-21T11:47:01+00:00","breadcrumb":{"@id":"https:\/\/raptorcoatings.com\/de\/produkt\/raptor-feuerfest\/#breadcrumb"},"inLanguage":"de","potentialAction":[{"@type":"ReadAction","target":["https:\/\/raptorcoatings.com\/de\/produkt\/raptor-feuerfest\/"]}]},{"@type":"ImageObject","inLanguage":"de","@id":"https:\/\/raptorcoatings.com\/de\/produkt\/raptor-feuerfest\/#primaryimage","url":"https:\/\/raptorcoatings.com\/wp-content\/uploads\/Flame-proof.png","contentUrl":"https:\/\/raptorcoatings.com\/wp-content\/uploads\/Flame-proof.png","width":1200,"height":1200},{"@type":"BreadcrumbList","@id":"https:\/\/raptorcoatings.com\/de\/produkt\/raptor-feuerfest\/#breadcrumb","itemListElement":[{"@type":"ListItem","position":1,"name":"Home","item":"https:\/\/raptorcoatings.com\/de\/"},{"@type":"ListItem","position":2,"name":"Produkte","item":"https:\/\/raptorcoatings.com\/de\/produkte\/"},{"@type":"ListItem","position":3,"name":"RAPTOR FEUERFEST"}]},{"@type":"WebSite","@id":"https:\/\/raptorcoatings.com\/de\/#website","url":"https:\/\/raptorcoatings.com\/de\/","name":"Raptor Coatings","description":"","potentialAction":[{"@type":"SearchAction","target":{"@type":"EntryPoint","urlTemplate":"https:\/\/raptorcoatings.com\/de\/?s={search_term_string}"},"query-input":{"@type":"PropertyValueSpecification","valueRequired":true,"valueName":"search_term_string"}}],"inLanguage":"de"}]}},"_links":{"self":[{"href":"https:\/\/raptorcoatings.com\/de\/wp-json\/wp\/v2\/product\/46514","targetHints":{"allow":["GET"]}}],"collection":[{"href":"https:\/\/raptorcoatings.com\/de\/wp-json\/wp\/v2\/product"}],"about":[{"href":"https:\/\/raptorcoatings.com\/de\/wp-json\/wp\/v2\/types\/product"}],"wp:featuredmedia":[{"embeddable":true,"href":"https:\/\/raptorcoatings.com\/de\/wp-json\/wp\/v2\/media\/77017"}],"wp:attachment":[{"href":"https:\/\/raptorcoatings.com\/de\/wp-json\/wp\/v2\/media?parent=46514"}],"wp:term":[{"taxonomy":"product_brand","embeddable":true,"href":"https:\/\/raptorcoatings.com\/de\/wp-json\/wp\/v2\/product_brand?post=46514"},{"taxonomy":"product_cat","embeddable":true,"href":"https:\/\/raptorcoatings.com\/de\/wp-json\/wp\/v2\/product_cat?post=46514"},{"taxonomy":"product_tag","embeddable":true,"href":"https:\/\/raptorcoatings.com\/de\/wp-json\/wp\/v2\/product_tag?post=46514"}],"curies":[{"name":"wp","href":"https:\/\/api.w.org\/{rel}","templated":true}]}}